{"id":40235,"date":"2021-07-09T12:13:35","date_gmt":"2021-07-09T09:13:35","guid":{"rendered":"https:\/\/www.talidesign.eu\/shop\/product\/24bottles-bottle-tie-total-orange\/"},"modified":"2024-07-30T12:20:24","modified_gmt":"2024-07-30T09:20:24","slug":"24bottles-pudeli-rihm-total-orange","status":"publish","type":"product","link":"https:\/\/www.talidesign.eu\/et\/pood\/toode\/24bottles-pudeli-rihm-total-orange\/","title":{"rendered":"24Bottles pudeli rihm Total Orange"},"content":{"rendered":"<p><strong>Pudeli rihm Total Orange<\/strong><\/p>\n<p>Pudeli rihm on lisavarustus sinu 24Bottles joogipudelile. See on k\u00f5ige mugavam ja stiilsem lahendus pudeli igap\u00e4evaseks kaasas kandmiseks.<\/p>\n<p>\u2022 <a href=\"\/et\/tootekategooria\/brandid\/24bottles-et\/\">Br\u00e4nd 24Bottles<\/a><br \/>\n\u2022 100% silikoon<br \/>\n\u2022 Painduv<br \/>\n\u2022 Mitte deformeeruv<br \/>\n\u2022 Sobib k\u00f5ikidele Urban ja Clima pudelitele<br \/>\n\u2022 V\u00f5ru diameeter: \u00f8 3.3<br \/>\n\u2022 Kaal: 6 g<\/p>\n<p><strong>Br\u00e4ndist 24Bottles\u00ae<\/strong><\/p>\n<p>Itaalia br\u00e4ndi asutajate Giovanni Randazzo ja Matteo Melotti eesm\u00e4rk on v\u00e4hendada \u00fchekordse taara mahtu ning selle m\u00f5ju keskkonnale. Pakkudes kvaliteetset toodet ning esteetilist disaini, p\u00fc\u00fcavad disainerid suunata inimesi tervislikuma elustiili ning puhtama keskkonna poole.<\/p>\n<p><a href=https:\/\/www.talidesign.eu\/wp\/wp-content\/uploads\/2020\/04\/24bottle.jpg><img class=\"alignnone size-full wp-image-9609\" src=https:\/\/www.talidesign.eu\/wp\/wp-content\/uploads\/2020\/04\/24bottle.jpg alt=\"\" width=\"826\" height=\"537\" \/><\/a><br \/>\n<em>Giovanni Randazzo ja Matteo Melotti, br\u00e4ndi 24Bottles\u00ae asutajad<\/em><\/p>\n","protected":false},"excerpt":{"rendered":"<p><strong>Pudeli rihm Total Orange<\/strong><\/p>\n<p>Pudeli rihm on lisavarustus sinu 24Bottles joogipudelile. See on k\u00f5ige mugavam ja stiilsem lahendus pudeli igap\u00e4evaseks kaasas kandmiseks.<\/p>\n<p>\u2022 <a href=\"\/et\/tootekategooria\/brandid\/24bottles-et\/\">Br\u00e4nd 24Bottles<\/a><br \/>\n\u2022 100% silikoon<br \/>\n\u2022 Painduv<br \/>\n\u2022 Mitte deformeeruv<br \/>\n\u2022 Sobib k\u00f5ikidele Urban ja Clima pudelitele<br \/>\n\u2022 V\u00f5ru diameeter: \u00f8 3.3<br \/>\n\u2022 Kaal: 6 g<\/p>\n<p><strong>Br\u00e4ndist 24Bottles\u00ae<\/strong><\/p>\n<p>Itaalia br\u00e4ndi asutajate Giovanni Randazzo ja Matteo Melotti eesm\u00e4rk on v\u00e4hendada \u00fchekordse taara mahtu ning selle m\u00f5ju keskkonnale. Pakkudes kvaliteetset toodet ning esteetilist disaini, p\u00fc\u00fcavad disainerid suunata inimesi tervislikuma elustiili ning puhtama keskkonna poole.<\/p>\n<p><a href=https:\/\/www.talidesign.eu\/wp\/wp-content\/uploads\/2020\/04\/24bottle.jpg><img class=\"alignnone size-full wp-image-9609\" src=https:\/\/www.talidesign.eu\/wp\/wp-content\/uploads\/2020\/04\/24bottle.jpg alt=\"\" width=\"826\" height=\"537\" \/><\/a><br \/>\n<em>Giovanni Randazzo ja Matteo Melotti, br\u00e4ndi 24Bottles\u00ae asutajad<\/em><\/p>\n","protected":false},"featured_media":40236,"template":"","meta":[],"product_brand":[],"product_cat":[1029,1099,1026,1018,1132,1114],"product_tag":[1480],"class_list":{"0":"post-40235","1":"product","2":"type-product","3":"status-publish","4":"has-post-thumbnail","6":"product_cat-24bottles-et","7":"product_cat-aksessuaarid","8":"product_cat-brandid","9":"product_cat-kodu","10":"product_cat-naiste-pudelid","11":"product_cat-pudelid","12":"product_tag-24bottles-et","14":"first","15":"outofstock","16":"taxable","17":"shipping-taxable","18":"purchasable","19":"product-type-simple"},"yoast_head":"<!-- This site is optimized with the Yoast SEO plugin v27.4 - https:\/\/yoast.com\/product\/yoast-seo-wordpress\/ -->\n<title>24Bottles pudeli rihm Total Orange - TALI Concept Store<\/title>\n<meta name=\"description\" content=\"24Bottles pudeli rihm Total Orange - mugav ja stiilne lisavarustus sinu joogipudelile. V\u00e4henda \u00fchekordse taara mahtu ning kanna pudelit igap\u00e4evaselt kaasas.\" \/>\n<meta name=\"robots\" content=\"index, follow, max-snippet:-1, max-image-preview:large, max-video-preview:-1\" \/>\n<link rel=\"canonical\" href=\"https:\/\/www.talidesign.eu\/et\/pood\/toode\/24bottles-pudeli-rihm-total-orange\/\" \/>\n<meta property=\"og:locale\" content=\"et_EE\" \/>\n<meta property=\"og:type\" content=\"article\" \/>\n<meta property=\"og:title\" content=\"24Bottles pudeli rihm Total Orange - TALI Concept Store\" \/>\n<meta property=\"og:description\" content=\"24Bottles pudeli rihm Total Orange - mugav ja stiilne lisavarustus sinu joogipudelile. V\u00e4henda \u00fchekordse taara mahtu ning kanna pudelit igap\u00e4evaselt kaasas.\" \/>\n<meta property=\"og:url\" content=\"https:\/\/www.talidesign.eu\/et\/pood\/toode\/24bottles-pudeli-rihm-total-orange\/\" \/>\n<meta property=\"og:site_name\" content=\"TALI Concept Store\" \/>\n<meta property=\"article:publisher\" content=\"https:\/\/www.facebook.com\/TaliDisain\/\" \/>\n<meta property=\"article:modified_time\" content=\"2024-07-30T09:20:24+00:00\" \/>\n<meta property=\"og:image\" content=\"https:\/\/www.talidesign.eu\/wp\/wp-content\/uploads\/2021\/07\/24bottles-bottle-tie-total-orange.jpg\" \/>\n\t<meta property=\"og:image:width\" content=\"750\" \/>\n\t<meta property=\"og:image:height\" content=\"750\" \/>\n\t<meta property=\"og:image:type\" content=\"image\/jpeg\" \/>\n<meta name=\"twitter:card\" content=\"summary_large_image\" \/>\n<script type=\"application\/ld+json\" class=\"yoast-schema-graph\">{\"@context\":\"https:\\\/\\\/schema.org\",\"@graph\":[{\"@type\":\"WebPage\",\"@id\":\"https:\\\/\\\/www.talidesign.eu\\\/et\\\/pood\\\/toode\\\/24bottles-pudeli-rihm-total-orange\\\/\",\"url\":\"https:\\\/\\\/www.talidesign.eu\\\/et\\\/pood\\\/toode\\\/24bottles-pudeli-rihm-total-orange\\\/\",\"name\":\"24Bottles pudeli rihm Total Orange - TALI Concept Store\",\"isPartOf\":{\"@id\":\"https:\\\/\\\/www.talidesign.eu\\\/et\\\/#website\"},\"primaryImageOfPage\":{\"@id\":\"https:\\\/\\\/www.talidesign.eu\\\/et\\\/pood\\\/toode\\\/24bottles-pudeli-rihm-total-orange\\\/#primaryimage\"},\"image\":{\"@id\":\"https:\\\/\\\/www.talidesign.eu\\\/et\\\/pood\\\/toode\\\/24bottles-pudeli-rihm-total-orange\\\/#primaryimage\"},\"thumbnailUrl\":\"https:\\\/\\\/www.talidesign.eu\\\/wp\\\/wp-content\\\/uploads\\\/2021\\\/07\\\/24bottles-bottle-tie-total-orange.jpg\",\"datePublished\":\"2021-07-09T09:13:35+00:00\",\"dateModified\":\"2024-07-30T09:20:24+00:00\",\"description\":\"24Bottles pudeli rihm Total Orange - mugav ja stiilne lisavarustus sinu joogipudelile. V\u00e4henda \u00fchekordse taara mahtu ning kanna pudelit igap\u00e4evaselt kaasas.\",\"breadcrumb\":{\"@id\":\"https:\\\/\\\/www.talidesign.eu\\\/et\\\/pood\\\/toode\\\/24bottles-pudeli-rihm-total-orange\\\/#breadcrumb\"},\"inLanguage\":\"et\",\"potentialAction\":[{\"@type\":\"ReadAction\",\"target\":[\"https:\\\/\\\/www.talidesign.eu\\\/et\\\/pood\\\/toode\\\/24bottles-pudeli-rihm-total-orange\\\/\"]}]},{\"@type\":\"ImageObject\",\"inLanguage\":\"et\",\"@id\":\"https:\\\/\\\/www.talidesign.eu\\\/et\\\/pood\\\/toode\\\/24bottles-pudeli-rihm-total-orange\\\/#primaryimage\",\"url\":\"https:\\\/\\\/www.talidesign.eu\\\/wp\\\/wp-content\\\/uploads\\\/2021\\\/07\\\/24bottles-bottle-tie-total-orange.jpg\",\"contentUrl\":\"https:\\\/\\\/www.talidesign.eu\\\/wp\\\/wp-content\\\/uploads\\\/2021\\\/07\\\/24bottles-bottle-tie-total-orange.jpg\",\"width\":750,\"height\":750},{\"@type\":\"BreadcrumbList\",\"@id\":\"https:\\\/\\\/www.talidesign.eu\\\/et\\\/pood\\\/toode\\\/24bottles-pudeli-rihm-total-orange\\\/#breadcrumb\",\"itemListElement\":[{\"@type\":\"ListItem\",\"position\":1,\"name\":\"Avaleht\",\"item\":\"https:\\\/\\\/www.talidesign.eu\\\/et\\\/\"},{\"@type\":\"ListItem\",\"position\":2,\"name\":\"Pood\",\"item\":\"https:\\\/\\\/www.talidesign.eu\\\/et\\\/pood\\\/\"},{\"@type\":\"ListItem\",\"position\":3,\"name\":\"24Bottles pudeli rihm Total Orange\"}]},{\"@type\":\"WebSite\",\"@id\":\"https:\\\/\\\/www.talidesign.eu\\\/et\\\/#website\",\"url\":\"https:\\\/\\\/www.talidesign.eu\\\/et\\\/\",\"name\":\"TALI Concept Store\",\"description\":\"Suurim Disainipood Eestis\",\"potentialAction\":[{\"@type\":\"SearchAction\",\"target\":{\"@type\":\"EntryPoint\",\"urlTemplate\":\"https:\\\/\\\/www.talidesign.eu\\\/et\\\/?s={search_term_string}\"},\"query-input\":{\"@type\":\"PropertyValueSpecification\",\"valueRequired\":true,\"valueName\":\"search_term_string\"}}],\"inLanguage\":\"et\"}]}<\/script>\n<!-- \/ Yoast SEO plugin. -->","yoast_head_json":{"title":"24Bottles pudeli rihm Total Orange - TALI Concept Store","description":"24Bottles pudeli rihm Total Orange - mugav ja stiilne lisavarustus sinu joogipudelile. V\u00e4henda \u00fchekordse taara mahtu ning kanna pudelit igap\u00e4evaselt kaasas.","robots":{"index":"index","follow":"follow","max-snippet":"max-snippet:-1","max-image-preview":"max-image-preview:large","max-video-preview":"max-video-preview:-1"},"canonical":"https:\/\/www.talidesign.eu\/et\/pood\/toode\/24bottles-pudeli-rihm-total-orange\/","og_locale":"et_EE","og_type":"article","og_title":"24Bottles pudeli rihm Total Orange - TALI Concept Store","og_description":"24Bottles pudeli rihm Total Orange - mugav ja stiilne lisavarustus sinu joogipudelile. V\u00e4henda \u00fchekordse taara mahtu ning kanna pudelit igap\u00e4evaselt kaasas.","og_url":"https:\/\/www.talidesign.eu\/et\/pood\/toode\/24bottles-pudeli-rihm-total-orange\/","og_site_name":"TALI Concept Store","article_publisher":"https:\/\/www.facebook.com\/TaliDisain\/","article_modified_time":"2024-07-30T09:20:24+00:00","og_image":[{"width":750,"height":750,"url":"https:\/\/www.talidesign.eu\/wp\/wp-content\/uploads\/2021\/07\/24bottles-bottle-tie-total-orange.jpg","type":"image\/jpeg"}],"twitter_card":"summary_large_image","schema":{"@context":"https:\/\/schema.org","@graph":[{"@type":"WebPage","@id":"https:\/\/www.talidesign.eu\/et\/pood\/toode\/24bottles-pudeli-rihm-total-orange\/","url":"https:\/\/www.talidesign.eu\/et\/pood\/toode\/24bottles-pudeli-rihm-total-orange\/","name":"24Bottles pudeli rihm Total Orange - TALI Concept Store","isPartOf":{"@id":"https:\/\/www.talidesign.eu\/et\/#website"},"primaryImageOfPage":{"@id":"https:\/\/www.talidesign.eu\/et\/pood\/toode\/24bottles-pudeli-rihm-total-orange\/#primaryimage"},"image":{"@id":"https:\/\/www.talidesign.eu\/et\/pood\/toode\/24bottles-pudeli-rihm-total-orange\/#primaryimage"},"thumbnailUrl":"https:\/\/www.talidesign.eu\/wp\/wp-content\/uploads\/2021\/07\/24bottles-bottle-tie-total-orange.jpg","datePublished":"2021-07-09T09:13:35+00:00","dateModified":"2024-07-30T09:20:24+00:00","description":"24Bottles pudeli rihm Total Orange - mugav ja stiilne lisavarustus sinu joogipudelile. V\u00e4henda \u00fchekordse taara mahtu ning kanna pudelit igap\u00e4evaselt kaasas.","breadcrumb":{"@id":"https:\/\/www.talidesign.eu\/et\/pood\/toode\/24bottles-pudeli-rihm-total-orange\/#breadcrumb"},"inLanguage":"et","potentialAction":[{"@type":"ReadAction","target":["https:\/\/www.talidesign.eu\/et\/pood\/toode\/24bottles-pudeli-rihm-total-orange\/"]}]},{"@type":"ImageObject","inLanguage":"et","@id":"https:\/\/www.talidesign.eu\/et\/pood\/toode\/24bottles-pudeli-rihm-total-orange\/#primaryimage","url":"https:\/\/www.talidesign.eu\/wp\/wp-content\/uploads\/2021\/07\/24bottles-bottle-tie-total-orange.jpg","contentUrl":"https:\/\/www.talidesign.eu\/wp\/wp-content\/uploads\/2021\/07\/24bottles-bottle-tie-total-orange.jpg","width":750,"height":750},{"@type":"BreadcrumbList","@id":"https:\/\/www.talidesign.eu\/et\/pood\/toode\/24bottles-pudeli-rihm-total-orange\/#breadcrumb","itemListElement":[{"@type":"ListItem","position":1,"name":"Avaleht","item":"https:\/\/www.talidesign.eu\/et\/"},{"@type":"ListItem","position":2,"name":"Pood","item":"https:\/\/www.talidesign.eu\/et\/pood\/"},{"@type":"ListItem","position":3,"name":"24Bottles pudeli rihm Total Orange"}]},{"@type":"WebSite","@id":"https:\/\/www.talidesign.eu\/et\/#website","url":"https:\/\/www.talidesign.eu\/et\/","name":"TALI Concept Store","description":"Suurim Disainipood Eestis","potentialAction":[{"@type":"SearchAction","target":{"@type":"EntryPoint","urlTemplate":"https:\/\/www.talidesign.eu\/et\/?s={search_term_string}"},"query-input":{"@type":"PropertyValueSpecification","valueRequired":true,"valueName":"search_term_string"}}],"inLanguage":"et"}]}},"_links":{"self":[{"href":"https:\/\/www.talidesign.eu\/et\/wp-json\/wp\/v2\/product\/40235","targetHints":{"allow":["GET"]}}],"collection":[{"href":"https:\/\/www.talidesign.eu\/et\/wp-json\/wp\/v2\/product"}],"about":[{"href":"https:\/\/www.talidesign.eu\/et\/wp-json\/wp\/v2\/types\/product"}],"wp:featuredmedia":[{"embeddable":true,"href":"https:\/\/www.talidesign.eu\/et\/wp-json\/wp\/v2\/media\/40236"}],"wp:attachment":[{"href":"https:\/\/www.talidesign.eu\/et\/wp-json\/wp\/v2\/media?parent=40235"}],"wp:term":[{"taxonomy":"product_brand","embeddable":true,"href":"https:\/\/www.talidesign.eu\/et\/wp-json\/wp\/v2\/product_brand?post=40235"},{"taxonomy":"product_cat","embeddable":true,"href":"https:\/\/www.talidesign.eu\/et\/wp-json\/wp\/v2\/product_cat?post=40235"},{"taxonomy":"product_tag","embeddable":true,"href":"https:\/\/www.talidesign.eu\/et\/wp-json\/wp\/v2\/product_tag?post=40235"}],"curies":[{"name":"wp","href":"https:\/\/api.w.org\/{rel}","templated":true}]}}