{"id":40407,"date":"2019-03-05T17:04:58","date_gmt":"2019-03-05T15:04:58","guid":{"rendered":"https:\/\/www.talidesign.eu\/shop\/product\/urban-bottle-candy-pink\/"},"modified":"2024-10-16T17:33:27","modified_gmt":"2024-10-16T14:33:27","slug":"24bottles-urban-joogipudel-candy-pink","status":"publish","type":"product","link":"https:\/\/www.talidesign.eu\/et\/pood\/toode\/24bottles-urban-joogipudel-candy-pink\/","title":{"rendered":"24Bottles Urban joogipudel Candy Pink"},"content":{"rendered":"<p><strong>Urban joogipudel Candy Pink<\/strong><\/p>\n<p>\u2022 <a href=\"\/et\/tootekategooria\/brandid\/24bottles-et\/\">Br\u00e4nd 24Bottles<\/a><br \/>\n\u2022 18\/8 roostevaba teras<br \/>\n\u2022 100% BPA vaba, ftalaatide vaba, toksiinivaba<br \/>\n\u2022 Ei tekita mingit k\u00f5rvalmaitset<br \/>\n\u2022 Lihtsalt avatav lekkekindel kaas<br \/>\n\u2022 Lai ava j\u00e4\u00e4ga t\u00e4itmiseks ja h\u00f5lpsaks puhastamiseks<br \/>\n\u2022 \u00dchekordne terassein<br \/>\n\u2022 Soovitatav k\u00e4sipesu<br \/>\n\u2022 500 ml<br \/>\n\u2022 Diameeter 6,5 cm<br \/>\n\u2022 K\u00f5rgus: 21 cm<br \/>\n\u2022 Kaal: 116 g<\/p>\n<p>Urban Bottle on k\u00f5ige kergem roostevabast terasest veepudel!<\/p>\n<p><strong>Br\u00e4ndist 24Bottles\u00ae<\/strong><\/p>\n<p>Itaalia br\u00e4ndi asutajate Giovanni Randazzo ja Matteo Melotti eesm\u00e4rk on v\u00e4hendada \u00fchekordse taara mahtu ning selle m\u00f5ju keskkonnale. Pakkudes kvaliteetset toodet ning esteetilist disaini, p\u00fc\u00fcavad disainerid suunata inimesi tervislikuma elustiili ning puhtama keskkonna poole.<\/p>\n<p><a href=https:\/\/www.talidesign.eu\/wp\/wp-content\/uploads\/2020\/04\/24bottle.jpg><img class=\"alignnone size-full wp-image-9609\" src=https:\/\/www.talidesign.eu\/wp\/wp-content\/uploads\/2020\/04\/24bottle.jpg alt=\"\" width=\"826\" height=\"537\" \/><\/a><br \/>\n<em>Giovanni Randazzo and Matteo Melotti founders of 24Bottles\u00ae<\/em><\/p>\n","protected":false},"excerpt":{"rendered":"<p><strong>Urban joogipudel Candy Pink<\/strong><\/p>\n<p>\u2022 <a href=\"\/et\/tootekategooria\/brandid\/24bottles-et\/\">Br\u00e4nd 24Bottles<\/a><br \/>\n\u2022 18\/8 roostevaba teras<br \/>\n\u2022 100% BPA vaba, ftalaatide vaba, toksiinivaba<br \/>\n\u2022 Ei tekita mingit k\u00f5rvalmaitset<br \/>\n\u2022 Lihtsalt avatav lekkekindel kaas<br \/>\n\u2022 Lai ava j\u00e4\u00e4ga t\u00e4itmiseks ja h\u00f5lpsaks puhastamiseks<br \/>\n\u2022 \u00dchekordne terassein<br \/>\n\u2022 Soovitatav k\u00e4sipesu<br \/>\n\u2022 500 ml<br \/>\n\u2022 Diameeter 6,5 cm<br \/>\n\u2022 K\u00f5rgus: 21 cm<br \/>\n\u2022 Kaal: 116 g<\/p>\n<p>Urban Bottle on k\u00f5ige kergem roostevabast terasest veepudel!<\/p>\n<p><strong>Br\u00e4ndist 24Bottles\u00ae<\/strong><\/p>\n<p>Itaalia br\u00e4ndi asutajate Giovanni Randazzo ja Matteo Melotti eesm\u00e4rk on v\u00e4hendada \u00fchekordse taara mahtu ning selle m\u00f5ju keskkonnale. Pakkudes kvaliteetset toodet ning esteetilist disaini, p\u00fc\u00fcavad disainerid suunata inimesi tervislikuma elustiili ning puhtama keskkonna poole.<\/p>\n<p><a href=https:\/\/www.talidesign.eu\/wp\/wp-content\/uploads\/2020\/04\/24bottle.jpg><img class=\"alignnone size-full wp-image-9609\" src=https:\/\/www.talidesign.eu\/wp\/wp-content\/uploads\/2020\/04\/24bottle.jpg alt=\"\" width=\"826\" height=\"537\" \/><\/a><br \/>\n<em>Giovanni Randazzo and Matteo Melotti founders of 24Bottles\u00ae<\/em><\/p>\n","protected":false},"featured_media":40408,"template":"","meta":[],"product_brand":[],"product_cat":[1029,1099,1026,1018,1132,1114],"product_tag":[1480],"class_list":{"0":"post-40407","1":"product","2":"type-product","3":"status-publish","4":"has-post-thumbnail","6":"product_cat-24bottles-et","7":"product_cat-aksessuaarid","8":"product_cat-brandid","9":"product_cat-kodu","10":"product_cat-naiste-pudelid","11":"product_cat-pudelid","12":"product_tag-24bottles-et","14":"first","15":"outofstock","16":"taxable","17":"shipping-taxable","18":"purchasable","19":"product-type-simple"},"yoast_head":"<!-- This site is optimized with the Yoast SEO plugin v27.3 - https:\/\/yoast.com\/product\/yoast-seo-wordpress\/ -->\n<title>24Bottles Urban joogipudel Candy Pink - TALI Concept Store<\/title>\n<meta name=\"description\" content=\"Avasta 24Bottles Urban joogipudel Candy Pink - k\u00f5ige kergem roostevabast terasest veepudel, mis on BPA-vaba ja keskkonnas\u00f5bralik.\" \/>\n<meta name=\"robots\" content=\"index, follow, max-snippet:-1, max-image-preview:large, max-video-preview:-1\" \/>\n<link rel=\"canonical\" href=\"https:\/\/www.talidesign.eu\/et\/pood\/toode\/24bottles-urban-joogipudel-candy-pink\/\" \/>\n<meta property=\"og:locale\" content=\"et_EE\" \/>\n<meta property=\"og:type\" content=\"article\" \/>\n<meta property=\"og:title\" content=\"24Bottles Urban joogipudel Candy Pink - TALI Concept Store\" \/>\n<meta property=\"og:description\" content=\"Avasta 24Bottles Urban joogipudel Candy Pink - k\u00f5ige kergem roostevabast terasest veepudel, mis on BPA-vaba ja keskkonnas\u00f5bralik.\" \/>\n<meta property=\"og:url\" content=\"https:\/\/www.talidesign.eu\/et\/pood\/toode\/24bottles-urban-joogipudel-candy-pink\/\" \/>\n<meta property=\"og:site_name\" content=\"TALI Concept Store\" \/>\n<meta property=\"article:publisher\" content=\"https:\/\/www.facebook.com\/TaliDisain\/\" \/>\n<meta property=\"article:modified_time\" content=\"2024-10-16T14:33:27+00:00\" \/>\n<meta property=\"og:image\" content=\"https:\/\/www.talidesign.eu\/wp\/wp-content\/uploads\/2019\/03\/urban-bottle-candy-pink.jpg\" \/>\n\t<meta property=\"og:image:width\" content=\"600\" \/>\n\t<meta property=\"og:image:height\" content=\"600\" \/>\n\t<meta property=\"og:image:type\" content=\"image\/jpeg\" \/>\n<meta name=\"twitter:card\" content=\"summary_large_image\" \/>\n<meta name=\"twitter:label1\" content=\"Est. reading time\" \/>\n\t<meta name=\"twitter:data1\" content=\"1 minute\" \/>\n<script type=\"application\/ld+json\" class=\"yoast-schema-graph\">{\"@context\":\"https:\\\/\\\/schema.org\",\"@graph\":[{\"@type\":\"WebPage\",\"@id\":\"https:\\\/\\\/www.talidesign.eu\\\/et\\\/pood\\\/toode\\\/24bottles-urban-joogipudel-candy-pink\\\/\",\"url\":\"https:\\\/\\\/www.talidesign.eu\\\/et\\\/pood\\\/toode\\\/24bottles-urban-joogipudel-candy-pink\\\/\",\"name\":\"24Bottles Urban joogipudel Candy Pink - TALI Concept Store\",\"isPartOf\":{\"@id\":\"https:\\\/\\\/www.talidesign.eu\\\/et\\\/#website\"},\"primaryImageOfPage\":{\"@id\":\"https:\\\/\\\/www.talidesign.eu\\\/et\\\/pood\\\/toode\\\/24bottles-urban-joogipudel-candy-pink\\\/#primaryimage\"},\"image\":{\"@id\":\"https:\\\/\\\/www.talidesign.eu\\\/et\\\/pood\\\/toode\\\/24bottles-urban-joogipudel-candy-pink\\\/#primaryimage\"},\"thumbnailUrl\":\"https:\\\/\\\/www.talidesign.eu\\\/wp\\\/wp-content\\\/uploads\\\/2019\\\/03\\\/urban-bottle-candy-pink.jpg\",\"datePublished\":\"2019-03-05T15:04:58+00:00\",\"dateModified\":\"2024-10-16T14:33:27+00:00\",\"description\":\"Avasta 24Bottles Urban joogipudel Candy Pink - k\u00f5ige kergem roostevabast terasest veepudel, mis on BPA-vaba ja keskkonnas\u00f5bralik.\",\"breadcrumb\":{\"@id\":\"https:\\\/\\\/www.talidesign.eu\\\/et\\\/pood\\\/toode\\\/24bottles-urban-joogipudel-candy-pink\\\/#breadcrumb\"},\"inLanguage\":\"et\",\"potentialAction\":[{\"@type\":\"ReadAction\",\"target\":[\"https:\\\/\\\/www.talidesign.eu\\\/et\\\/pood\\\/toode\\\/24bottles-urban-joogipudel-candy-pink\\\/\"]}]},{\"@type\":\"ImageObject\",\"inLanguage\":\"et\",\"@id\":\"https:\\\/\\\/www.talidesign.eu\\\/et\\\/pood\\\/toode\\\/24bottles-urban-joogipudel-candy-pink\\\/#primaryimage\",\"url\":\"https:\\\/\\\/www.talidesign.eu\\\/wp\\\/wp-content\\\/uploads\\\/2019\\\/03\\\/urban-bottle-candy-pink.jpg\",\"contentUrl\":\"https:\\\/\\\/www.talidesign.eu\\\/wp\\\/wp-content\\\/uploads\\\/2019\\\/03\\\/urban-bottle-candy-pink.jpg\",\"width\":600,\"height\":600},{\"@type\":\"BreadcrumbList\",\"@id\":\"https:\\\/\\\/www.talidesign.eu\\\/et\\\/pood\\\/toode\\\/24bottles-urban-joogipudel-candy-pink\\\/#breadcrumb\",\"itemListElement\":[{\"@type\":\"ListItem\",\"position\":1,\"name\":\"Avaleht\",\"item\":\"https:\\\/\\\/www.talidesign.eu\\\/et\\\/\"},{\"@type\":\"ListItem\",\"position\":2,\"name\":\"Pood\",\"item\":\"https:\\\/\\\/www.talidesign.eu\\\/et\\\/pood\\\/\"},{\"@type\":\"ListItem\",\"position\":3,\"name\":\"24Bottles Urban joogipudel Candy Pink\"}]},{\"@type\":\"WebSite\",\"@id\":\"https:\\\/\\\/www.talidesign.eu\\\/et\\\/#website\",\"url\":\"https:\\\/\\\/www.talidesign.eu\\\/et\\\/\",\"name\":\"TALI Concept Store\",\"description\":\"Suurim Disainipood Eestis\",\"potentialAction\":[{\"@type\":\"SearchAction\",\"target\":{\"@type\":\"EntryPoint\",\"urlTemplate\":\"https:\\\/\\\/www.talidesign.eu\\\/et\\\/?s={search_term_string}\"},\"query-input\":{\"@type\":\"PropertyValueSpecification\",\"valueRequired\":true,\"valueName\":\"search_term_string\"}}],\"inLanguage\":\"et\"}]}<\/script>\n<!-- \/ Yoast SEO plugin. -->","yoast_head_json":{"title":"24Bottles Urban joogipudel Candy Pink - TALI Concept Store","description":"Avasta 24Bottles Urban joogipudel Candy Pink - k\u00f5ige kergem roostevabast terasest veepudel, mis on BPA-vaba ja keskkonnas\u00f5bralik.","robots":{"index":"index","follow":"follow","max-snippet":"max-snippet:-1","max-image-preview":"max-image-preview:large","max-video-preview":"max-video-preview:-1"},"canonical":"https:\/\/www.talidesign.eu\/et\/pood\/toode\/24bottles-urban-joogipudel-candy-pink\/","og_locale":"et_EE","og_type":"article","og_title":"24Bottles Urban joogipudel Candy Pink - TALI Concept Store","og_description":"Avasta 24Bottles Urban joogipudel Candy Pink - k\u00f5ige kergem roostevabast terasest veepudel, mis on BPA-vaba ja keskkonnas\u00f5bralik.","og_url":"https:\/\/www.talidesign.eu\/et\/pood\/toode\/24bottles-urban-joogipudel-candy-pink\/","og_site_name":"TALI Concept Store","article_publisher":"https:\/\/www.facebook.com\/TaliDisain\/","article_modified_time":"2024-10-16T14:33:27+00:00","og_image":[{"width":600,"height":600,"url":"https:\/\/www.talidesign.eu\/wp\/wp-content\/uploads\/2019\/03\/urban-bottle-candy-pink.jpg","type":"image\/jpeg"}],"twitter_card":"summary_large_image","twitter_misc":{"Est. reading time":"1 minute"},"schema":{"@context":"https:\/\/schema.org","@graph":[{"@type":"WebPage","@id":"https:\/\/www.talidesign.eu\/et\/pood\/toode\/24bottles-urban-joogipudel-candy-pink\/","url":"https:\/\/www.talidesign.eu\/et\/pood\/toode\/24bottles-urban-joogipudel-candy-pink\/","name":"24Bottles Urban joogipudel Candy Pink - TALI Concept Store","isPartOf":{"@id":"https:\/\/www.talidesign.eu\/et\/#website"},"primaryImageOfPage":{"@id":"https:\/\/www.talidesign.eu\/et\/pood\/toode\/24bottles-urban-joogipudel-candy-pink\/#primaryimage"},"image":{"@id":"https:\/\/www.talidesign.eu\/et\/pood\/toode\/24bottles-urban-joogipudel-candy-pink\/#primaryimage"},"thumbnailUrl":"https:\/\/www.talidesign.eu\/wp\/wp-content\/uploads\/2019\/03\/urban-bottle-candy-pink.jpg","datePublished":"2019-03-05T15:04:58+00:00","dateModified":"2024-10-16T14:33:27+00:00","description":"Avasta 24Bottles Urban joogipudel Candy Pink - k\u00f5ige kergem roostevabast terasest veepudel, mis on BPA-vaba ja keskkonnas\u00f5bralik.","breadcrumb":{"@id":"https:\/\/www.talidesign.eu\/et\/pood\/toode\/24bottles-urban-joogipudel-candy-pink\/#breadcrumb"},"inLanguage":"et","potentialAction":[{"@type":"ReadAction","target":["https:\/\/www.talidesign.eu\/et\/pood\/toode\/24bottles-urban-joogipudel-candy-pink\/"]}]},{"@type":"ImageObject","inLanguage":"et","@id":"https:\/\/www.talidesign.eu\/et\/pood\/toode\/24bottles-urban-joogipudel-candy-pink\/#primaryimage","url":"https:\/\/www.talidesign.eu\/wp\/wp-content\/uploads\/2019\/03\/urban-bottle-candy-pink.jpg","contentUrl":"https:\/\/www.talidesign.eu\/wp\/wp-content\/uploads\/2019\/03\/urban-bottle-candy-pink.jpg","width":600,"height":600},{"@type":"BreadcrumbList","@id":"https:\/\/www.talidesign.eu\/et\/pood\/toode\/24bottles-urban-joogipudel-candy-pink\/#breadcrumb","itemListElement":[{"@type":"ListItem","position":1,"name":"Avaleht","item":"https:\/\/www.talidesign.eu\/et\/"},{"@type":"ListItem","position":2,"name":"Pood","item":"https:\/\/www.talidesign.eu\/et\/pood\/"},{"@type":"ListItem","position":3,"name":"24Bottles Urban joogipudel Candy Pink"}]},{"@type":"WebSite","@id":"https:\/\/www.talidesign.eu\/et\/#website","url":"https:\/\/www.talidesign.eu\/et\/","name":"TALI Concept Store","description":"Suurim Disainipood Eestis","potentialAction":[{"@type":"SearchAction","target":{"@type":"EntryPoint","urlTemplate":"https:\/\/www.talidesign.eu\/et\/?s={search_term_string}"},"query-input":{"@type":"PropertyValueSpecification","valueRequired":true,"valueName":"search_term_string"}}],"inLanguage":"et"}]}},"_links":{"self":[{"href":"https:\/\/www.talidesign.eu\/et\/wp-json\/wp\/v2\/product\/40407","targetHints":{"allow":["GET"]}}],"collection":[{"href":"https:\/\/www.talidesign.eu\/et\/wp-json\/wp\/v2\/product"}],"about":[{"href":"https:\/\/www.talidesign.eu\/et\/wp-json\/wp\/v2\/types\/product"}],"wp:featuredmedia":[{"embeddable":true,"href":"https:\/\/www.talidesign.eu\/et\/wp-json\/wp\/v2\/media\/40408"}],"wp:attachment":[{"href":"https:\/\/www.talidesign.eu\/et\/wp-json\/wp\/v2\/media?parent=40407"}],"wp:term":[{"taxonomy":"product_brand","embeddable":true,"href":"https:\/\/www.talidesign.eu\/et\/wp-json\/wp\/v2\/product_brand?post=40407"},{"taxonomy":"product_cat","embeddable":true,"href":"https:\/\/www.talidesign.eu\/et\/wp-json\/wp\/v2\/product_cat?post=40407"},{"taxonomy":"product_tag","embeddable":true,"href":"https:\/\/www.talidesign.eu\/et\/wp-json\/wp\/v2\/product_tag?post=40407"}],"curies":[{"name":"wp","href":"https:\/\/api.w.org\/{rel}","templated":true}]}}