{"id":40813,"date":"2019-05-07T21:43:04","date_gmt":"2019-05-07T18:43:04","guid":{"rendered":"https:\/\/www.talidesign.eu\/shop\/product\/secrid-twinwallet-vintage-chocolate\/"},"modified":"2026-03-30T13:03:07","modified_gmt":"2026-03-30T10:03:07","slug":"secrid-twin-rahakott-vintage-chocolate","status":"publish","type":"product","link":"https:\/\/www.talidesign.eu\/et\/pood\/toode\/secrid-twin-rahakott-vintage-chocolate\/","title":{"rendered":"Secrid Twin Rahakott Vintage Chocolate"},"content":{"rendered":"<p><strong>Twin Rahakott Vintage Chocolate<\/strong><\/p>\n<p>Industriaalne disain ja mood kohtuvad Secridi aksessuaarides. K\u00f5ik tooted on valmistatud Hollandis \u00fclima hoolega kvaliteedi, inimeste ja keskkonna suhtes. Patendeeritud mehhanism tagab lihtsa ligip\u00e4\u00e4su kaartidele.<\/p>\n<p>Topelt kaardihoidja mahutab topelt koguse, kuid s\u00e4litab kompaktsuse. Alumiinium kaardihoidja tagab kaartide kaitse paindumise, h\u00e4vimise ja soovimatute kontaktivabade \u00fchenduste eest.<\/p>\n<p>\u2022 <a href=\"\/et\/tootekategooria\/brandid\/secrid-et\/\">Br\u00e4nd Secrid<\/a><br \/>\n\u2022 Materjal: alumiinium, roostevaba teras, t\u00f6\u00f6deldud nahk<br \/>\n\u2022 M\u00f5\u00f5dud: 70 x 102 x 25 mm<br \/>\n\u2022 Mahutavus: kuni 12 kaarti + 4 lisakaarti, sularaha, visiitkaardid, t\u0161ekid.<br \/>\n\u2022 3-aastane garantii registreerides veebis: secrid.com\/register<\/p>\n<p><strong>Meist<\/strong><\/p>\n<p>Moderne industriaalne disain ja funktsionaalne mood kohtuvad Secridi v\u00e4ikestes aksessuaarides. Secridi praktilised ja nutikad kaarditaskud ning rahakotid on valmistatud Hollandis \u00fclima hoolega kvaliteedi, inimeste ja keskkonna suhtes. Secridi alumiinium s\u00fcdamega kaardihoidja tagab kaitse soovimatute kontaktivabade \u00fchenduste eest. K\u00f5ik rahakotid on valmistatud Euroopas kasvatatud nahast v\u00f5i kvaliteetsest vegan nahast.<\/p>\n<p><a href=\"\/et\/tootekategooria\/brandid\/secrid-et\/\"><img loading=\"lazy\" decoding=\"async\" src=\"https:\/\/www.talidesign.eu\/wp\/wp-content\/uploads\/2021\/03\/logo-3.jpg\" alt=\"\" width=\"500\" height=\"100\" class=\"alignnone size-full wp-image-24535\" \/><\/a><\/p>\n","protected":false},"excerpt":{"rendered":"<p><strong>Twin Rahakott Vintage Chocolate<\/strong><\/p>\n<p>Industriaalne disain ja mood kohtuvad Secridi aksessuaarides. K\u00f5ik tooted on valmistatud Hollandis \u00fclima hoolega kvaliteedi, inimeste ja keskkonna suhtes. Patendeeritud mehhanism tagab lihtsa ligip\u00e4\u00e4su kaartidele.<\/p>\n<p>Topelt kaardihoidja mahutab topelt koguse, kuid s\u00e4litab kompaktsuse. Alumiinium kaardihoidja tagab kaartide kaitse paindumise, h\u00e4vimise ja soovimatute kontaktivabade \u00fchenduste eest.<\/p>\n<p>\u2022 <a href=\"\/et\/tootekategooria\/brandid\/secrid-et\/\">Br\u00e4nd Secrid<\/a><br \/>\n\u2022 Materjal: alumiinium, roostevaba teras, t\u00f6\u00f6deldud nahk<br \/>\n\u2022 M\u00f5\u00f5dud: 70 x 102 x 25 mm<br \/>\n\u2022 Mahutavus: kuni 12 kaarti + 4 lisakaarti, sularaha, visiitkaardid, t\u0161ekid.<br \/>\n\u2022 3-aastane garantii registreerides veebis: secrid.com\/register<\/p>\n<p><strong>Meist<\/strong><\/p>\n<p>Moderne industriaalne disain ja funktsionaalne mood kohtuvad Secridi v\u00e4ikestes aksessuaarides. Secridi praktilised ja nutikad kaarditaskud ning rahakotid on valmistatud Hollandis \u00fclima hoolega kvaliteedi, inimeste ja keskkonna suhtes. Secridi alumiinium s\u00fcdamega kaardihoidja tagab kaitse soovimatute kontaktivabade \u00fchenduste eest. K\u00f5ik rahakotid on valmistatud Euroopas kasvatatud nahast v\u00f5i kvaliteetsest vegan nahast.<\/p>\n<p><a href=\"\/et\/tootekategooria\/brandid\/secrid-et\/\"><img loading=\"lazy\" decoding=\"async\" src=\"https:\/\/www.talidesign.eu\/wp\/wp-content\/uploads\/2021\/03\/logo-3.jpg\" alt=\"\" width=\"500\" height=\"100\" class=\"alignnone size-full wp-image-24535\" \/><\/a><\/p>\n","protected":false},"featured_media":40814,"template":"","meta":[],"product_brand":[],"product_cat":[1026,1174,1129,1080],"product_tag":[1517],"class_list":{"0":"post-40813","1":"product","2":"type-product","3":"status-publish","4":"has-post-thumbnail","6":"product_cat-brandid","7":"product_cat-rahakotid","8":"product_cat-meeste-rahakotid","9":"product_cat-secrid-et","10":"product_tag-secrid-et","12":"first","13":"instock","14":"taxable","15":"shipping-taxable","16":"purchasable","17":"product-type-simple"},"yoast_head":"<!-- This site is optimized with the Yoast SEO plugin v27.3 - https:\/\/yoast.com\/product\/yoast-seo-wordpress\/ -->\n<title>Secrid Twin Rahakott Vintage Chocolate - TALI Concept Store<\/title>\n<meta name=\"description\" content=\"Secrid Twin Rahakott Vintage Chocolate - Industriaalne disain ja mood kohtuvad Secridi aksessuaarides. Kaitse oma kaarte ja raha stiilselt. Tutvu l\u00e4hemalt!\" \/>\n<meta name=\"robots\" content=\"index, follow, max-snippet:-1, max-image-preview:large, max-video-preview:-1\" \/>\n<link rel=\"canonical\" href=\"https:\/\/www.talidesign.eu\/et\/pood\/toode\/secrid-twin-rahakott-vintage-chocolate\/\" \/>\n<meta property=\"og:locale\" content=\"et_EE\" \/>\n<meta property=\"og:type\" content=\"article\" \/>\n<meta property=\"og:title\" content=\"Secrid Twin Rahakott Vintage Chocolate - TALI Concept Store\" \/>\n<meta property=\"og:description\" content=\"Secrid Twin Rahakott Vintage Chocolate - Industriaalne disain ja mood kohtuvad Secridi aksessuaarides. Kaitse oma kaarte ja raha stiilselt. Tutvu l\u00e4hemalt!\" \/>\n<meta property=\"og:url\" content=\"https:\/\/www.talidesign.eu\/et\/pood\/toode\/secrid-twin-rahakott-vintage-chocolate\/\" \/>\n<meta property=\"og:site_name\" content=\"TALI Concept Store\" \/>\n<meta property=\"article:publisher\" content=\"https:\/\/www.facebook.com\/TaliDisain\/\" \/>\n<meta property=\"article:modified_time\" content=\"2026-03-30T10:03:07+00:00\" \/>\n<meta property=\"og:image\" content=\"https:\/\/www.talidesign.eu\/wp\/wp-content\/uploads\/2019\/05\/secrid-twinwallet-vintage-chocolate.jpg\" \/>\n\t<meta property=\"og:image:width\" content=\"600\" \/>\n\t<meta property=\"og:image:height\" content=\"600\" \/>\n\t<meta property=\"og:image:type\" content=\"image\/jpeg\" \/>\n<meta name=\"twitter:card\" content=\"summary_large_image\" \/>\n<meta name=\"twitter:label1\" content=\"Est. reading time\" \/>\n\t<meta name=\"twitter:data1\" content=\"1 minute\" \/>\n<script type=\"application\/ld+json\" class=\"yoast-schema-graph\">{\"@context\":\"https:\\\/\\\/schema.org\",\"@graph\":[{\"@type\":\"WebPage\",\"@id\":\"https:\\\/\\\/www.talidesign.eu\\\/et\\\/pood\\\/toode\\\/secrid-twin-rahakott-vintage-chocolate\\\/\",\"url\":\"https:\\\/\\\/www.talidesign.eu\\\/et\\\/pood\\\/toode\\\/secrid-twin-rahakott-vintage-chocolate\\\/\",\"name\":\"Secrid Twin Rahakott Vintage Chocolate - TALI Concept Store\",\"isPartOf\":{\"@id\":\"https:\\\/\\\/www.talidesign.eu\\\/et\\\/#website\"},\"primaryImageOfPage\":{\"@id\":\"https:\\\/\\\/www.talidesign.eu\\\/et\\\/pood\\\/toode\\\/secrid-twin-rahakott-vintage-chocolate\\\/#primaryimage\"},\"image\":{\"@id\":\"https:\\\/\\\/www.talidesign.eu\\\/et\\\/pood\\\/toode\\\/secrid-twin-rahakott-vintage-chocolate\\\/#primaryimage\"},\"thumbnailUrl\":\"https:\\\/\\\/www.talidesign.eu\\\/wp\\\/wp-content\\\/uploads\\\/2019\\\/05\\\/secrid-twinwallet-vintage-chocolate.jpg\",\"datePublished\":\"2019-05-07T18:43:04+00:00\",\"dateModified\":\"2026-03-30T10:03:07+00:00\",\"description\":\"Secrid Twin Rahakott Vintage Chocolate - Industriaalne disain ja mood kohtuvad Secridi aksessuaarides. Kaitse oma kaarte ja raha stiilselt. Tutvu l\u00e4hemalt!\",\"breadcrumb\":{\"@id\":\"https:\\\/\\\/www.talidesign.eu\\\/et\\\/pood\\\/toode\\\/secrid-twin-rahakott-vintage-chocolate\\\/#breadcrumb\"},\"inLanguage\":\"et\",\"potentialAction\":[{\"@type\":\"ReadAction\",\"target\":[\"https:\\\/\\\/www.talidesign.eu\\\/et\\\/pood\\\/toode\\\/secrid-twin-rahakott-vintage-chocolate\\\/\"]}]},{\"@type\":\"ImageObject\",\"inLanguage\":\"et\",\"@id\":\"https:\\\/\\\/www.talidesign.eu\\\/et\\\/pood\\\/toode\\\/secrid-twin-rahakott-vintage-chocolate\\\/#primaryimage\",\"url\":\"https:\\\/\\\/www.talidesign.eu\\\/wp\\\/wp-content\\\/uploads\\\/2019\\\/05\\\/secrid-twinwallet-vintage-chocolate.jpg\",\"contentUrl\":\"https:\\\/\\\/www.talidesign.eu\\\/wp\\\/wp-content\\\/uploads\\\/2019\\\/05\\\/secrid-twinwallet-vintage-chocolate.jpg\",\"width\":600,\"height\":600},{\"@type\":\"BreadcrumbList\",\"@id\":\"https:\\\/\\\/www.talidesign.eu\\\/et\\\/pood\\\/toode\\\/secrid-twin-rahakott-vintage-chocolate\\\/#breadcrumb\",\"itemListElement\":[{\"@type\":\"ListItem\",\"position\":1,\"name\":\"Avaleht\",\"item\":\"https:\\\/\\\/www.talidesign.eu\\\/et\\\/\"},{\"@type\":\"ListItem\",\"position\":2,\"name\":\"Pood\",\"item\":\"https:\\\/\\\/www.talidesign.eu\\\/et\\\/pood\\\/\"},{\"@type\":\"ListItem\",\"position\":3,\"name\":\"Secrid Twin Rahakott Vintage Chocolate\"}]},{\"@type\":\"WebSite\",\"@id\":\"https:\\\/\\\/www.talidesign.eu\\\/et\\\/#website\",\"url\":\"https:\\\/\\\/www.talidesign.eu\\\/et\\\/\",\"name\":\"TALI Concept Store\",\"description\":\"Suurim Disainipood Eestis\",\"potentialAction\":[{\"@type\":\"SearchAction\",\"target\":{\"@type\":\"EntryPoint\",\"urlTemplate\":\"https:\\\/\\\/www.talidesign.eu\\\/et\\\/?s={search_term_string}\"},\"query-input\":{\"@type\":\"PropertyValueSpecification\",\"valueRequired\":true,\"valueName\":\"search_term_string\"}}],\"inLanguage\":\"et\"}]}<\/script>\n<!-- \/ Yoast SEO plugin. -->","yoast_head_json":{"title":"Secrid Twin Rahakott Vintage Chocolate - TALI Concept Store","description":"Secrid Twin Rahakott Vintage Chocolate - Industriaalne disain ja mood kohtuvad Secridi aksessuaarides. Kaitse oma kaarte ja raha stiilselt. Tutvu l\u00e4hemalt!","robots":{"index":"index","follow":"follow","max-snippet":"max-snippet:-1","max-image-preview":"max-image-preview:large","max-video-preview":"max-video-preview:-1"},"canonical":"https:\/\/www.talidesign.eu\/et\/pood\/toode\/secrid-twin-rahakott-vintage-chocolate\/","og_locale":"et_EE","og_type":"article","og_title":"Secrid Twin Rahakott Vintage Chocolate - TALI Concept Store","og_description":"Secrid Twin Rahakott Vintage Chocolate - Industriaalne disain ja mood kohtuvad Secridi aksessuaarides. Kaitse oma kaarte ja raha stiilselt. Tutvu l\u00e4hemalt!","og_url":"https:\/\/www.talidesign.eu\/et\/pood\/toode\/secrid-twin-rahakott-vintage-chocolate\/","og_site_name":"TALI Concept Store","article_publisher":"https:\/\/www.facebook.com\/TaliDisain\/","article_modified_time":"2026-03-30T10:03:07+00:00","og_image":[{"width":600,"height":600,"url":"https:\/\/www.talidesign.eu\/wp\/wp-content\/uploads\/2019\/05\/secrid-twinwallet-vintage-chocolate.jpg","type":"image\/jpeg"}],"twitter_card":"summary_large_image","twitter_misc":{"Est. reading time":"1 minute"},"schema":{"@context":"https:\/\/schema.org","@graph":[{"@type":"WebPage","@id":"https:\/\/www.talidesign.eu\/et\/pood\/toode\/secrid-twin-rahakott-vintage-chocolate\/","url":"https:\/\/www.talidesign.eu\/et\/pood\/toode\/secrid-twin-rahakott-vintage-chocolate\/","name":"Secrid Twin Rahakott Vintage Chocolate - TALI Concept Store","isPartOf":{"@id":"https:\/\/www.talidesign.eu\/et\/#website"},"primaryImageOfPage":{"@id":"https:\/\/www.talidesign.eu\/et\/pood\/toode\/secrid-twin-rahakott-vintage-chocolate\/#primaryimage"},"image":{"@id":"https:\/\/www.talidesign.eu\/et\/pood\/toode\/secrid-twin-rahakott-vintage-chocolate\/#primaryimage"},"thumbnailUrl":"https:\/\/www.talidesign.eu\/wp\/wp-content\/uploads\/2019\/05\/secrid-twinwallet-vintage-chocolate.jpg","datePublished":"2019-05-07T18:43:04+00:00","dateModified":"2026-03-30T10:03:07+00:00","description":"Secrid Twin Rahakott Vintage Chocolate - Industriaalne disain ja mood kohtuvad Secridi aksessuaarides. Kaitse oma kaarte ja raha stiilselt. Tutvu l\u00e4hemalt!","breadcrumb":{"@id":"https:\/\/www.talidesign.eu\/et\/pood\/toode\/secrid-twin-rahakott-vintage-chocolate\/#breadcrumb"},"inLanguage":"et","potentialAction":[{"@type":"ReadAction","target":["https:\/\/www.talidesign.eu\/et\/pood\/toode\/secrid-twin-rahakott-vintage-chocolate\/"]}]},{"@type":"ImageObject","inLanguage":"et","@id":"https:\/\/www.talidesign.eu\/et\/pood\/toode\/secrid-twin-rahakott-vintage-chocolate\/#primaryimage","url":"https:\/\/www.talidesign.eu\/wp\/wp-content\/uploads\/2019\/05\/secrid-twinwallet-vintage-chocolate.jpg","contentUrl":"https:\/\/www.talidesign.eu\/wp\/wp-content\/uploads\/2019\/05\/secrid-twinwallet-vintage-chocolate.jpg","width":600,"height":600},{"@type":"BreadcrumbList","@id":"https:\/\/www.talidesign.eu\/et\/pood\/toode\/secrid-twin-rahakott-vintage-chocolate\/#breadcrumb","itemListElement":[{"@type":"ListItem","position":1,"name":"Avaleht","item":"https:\/\/www.talidesign.eu\/et\/"},{"@type":"ListItem","position":2,"name":"Pood","item":"https:\/\/www.talidesign.eu\/et\/pood\/"},{"@type":"ListItem","position":3,"name":"Secrid Twin Rahakott Vintage Chocolate"}]},{"@type":"WebSite","@id":"https:\/\/www.talidesign.eu\/et\/#website","url":"https:\/\/www.talidesign.eu\/et\/","name":"TALI Concept Store","description":"Suurim Disainipood Eestis","potentialAction":[{"@type":"SearchAction","target":{"@type":"EntryPoint","urlTemplate":"https:\/\/www.talidesign.eu\/et\/?s={search_term_string}"},"query-input":{"@type":"PropertyValueSpecification","valueRequired":true,"valueName":"search_term_string"}}],"inLanguage":"et"}]}},"_links":{"self":[{"href":"https:\/\/www.talidesign.eu\/et\/wp-json\/wp\/v2\/product\/40813","targetHints":{"allow":["GET"]}}],"collection":[{"href":"https:\/\/www.talidesign.eu\/et\/wp-json\/wp\/v2\/product"}],"about":[{"href":"https:\/\/www.talidesign.eu\/et\/wp-json\/wp\/v2\/types\/product"}],"wp:featuredmedia":[{"embeddable":true,"href":"https:\/\/www.talidesign.eu\/et\/wp-json\/wp\/v2\/media\/40814"}],"wp:attachment":[{"href":"https:\/\/www.talidesign.eu\/et\/wp-json\/wp\/v2\/media?parent=40813"}],"wp:term":[{"taxonomy":"product_brand","embeddable":true,"href":"https:\/\/www.talidesign.eu\/et\/wp-json\/wp\/v2\/product_brand?post=40813"},{"taxonomy":"product_cat","embeddable":true,"href":"https:\/\/www.talidesign.eu\/et\/wp-json\/wp\/v2\/product_cat?post=40813"},{"taxonomy":"product_tag","embeddable":true,"href":"https:\/\/www.talidesign.eu\/et\/wp-json\/wp\/v2\/product_tag?post=40813"}],"curies":[{"name":"wp","href":"https:\/\/api.w.org\/{rel}","templated":true}]}}