{"id":40867,"date":"2019-04-09T16:12:59","date_gmt":"2019-04-09T13:12:59","guid":{"rendered":"https:\/\/www.talidesign.eu\/shop\/product\/secrid-cardprotector-gold\/"},"modified":"2025-09-17T00:38:35","modified_gmt":"2025-09-16T21:38:35","slug":"secrid-kaardihoidja-kuld","status":"publish","type":"product","link":"https:\/\/www.talidesign.eu\/et\/pood\/toode\/secrid-kaardihoidja-kuld\/","title":{"rendered":"Secrid Kaardihoidja Kuld"},"content":{"rendered":"<p><strong>Kaardihoidja Kuld<\/strong><\/p>\n<p>Cardprotector on k\u00f5ige minimalistlikum rahakott Secridi kollektsioonist. Alumiinium s\u00fcdamega kaardihoidja tagab kaitse paindumise, h\u00e4vimise ja soovimatute kontaktivabade \u00fchenduste eest.<\/p>\n<p>\u2022 <a href=\"\/et\/tootekategooria\/brandid\/secrid-et\/\">Br\u00e4nd Secrid<\/a><br \/>\n\u2022 Materjal: alumiinium, roostevaba teras<br \/>\n\u2022 M\u00f5\u00f5dud: 63 x 102 x 8 mm<br \/>\n\u2022 Mahutavus: kuni 6 kaarti<br \/>\n\u2022 3-aastane garantii registreerides veebis: secrid.com\/register<\/p>\n<p><a href=\"https:\/\/www.talidesign.eu\/wp\/wp-content\/uploads\/2020\/11\/cardprotector_print.jpg\"><img loading=\"lazy\" decoding=\"async\" src=\"https:\/\/www.talidesign.eu\/wp\/wp-content\/uploads\/2020\/11\/cardprotector_print.jpg\" alt=\"\" width=\"694\" height=\"46\" class=\"alignnone size-full wp-image-22487\" srcset=\"https:\/\/www.talidesign.eu\/wp\/wp-content\/uploads\/2020\/11\/cardprotector_print.jpg 694w, https:\/\/www.talidesign.eu\/wp\/wp-content\/uploads\/2020\/11\/cardprotector_print-500x33.jpg 500w, https:\/\/www.talidesign.eu\/wp\/wp-content\/uploads\/2020\/11\/cardprotector_print-510x34.jpg 510w\" sizes=\"auto, (max-width: 694px) 100vw, 694px\" \/><\/a><br \/>\n<strong>Meist<\/strong><\/p>\n<p>Moderne industriaalne disain ja funktsionaalne mood kohtuvad Secridi v\u00e4ikestes aksessuaarides. Secridi praktilised ja nutikad kaarditaskud ning rahakotid on valmistatud Hollandis \u00fclima hoolega kvaliteedi, inimeste ja keskkonna suhtes. Secridi alumiinium s\u00fcdamega kaardihoidja tagab kaitse soovimatute kontaktivabade \u00fchenduste eest. K\u00f5ik rahakotid on valmistatud Euroopas kasvatatud nahast v\u00f5i kvaliteetsest vegan nahast.<\/p>\n<p><a href=\"\/et\/tootekategooria\/brandid\/secrid-et\/\"><img loading=\"lazy\" decoding=\"async\" src=\"https:\/\/www.talidesign.eu\/wp\/wp-content\/uploads\/2021\/03\/logo-3.jpg\" alt=\"\" width=\"500\" height=\"100\" class=\"alignnone size-full wp-image-24535\" \/><\/a><\/p>\n","protected":false},"excerpt":{"rendered":"<p><strong>Kaardihoidja Kuld<\/strong><\/p>\n<p>Cardprotector on k\u00f5ige minimalistlikum rahakott Secridi kollektsioonist. Alumiinium s\u00fcdamega kaardihoidja tagab kaitse paindumise, h\u00e4vimise ja soovimatute kontaktivabade \u00fchenduste eest.<\/p>\n<p>\u2022 <a href=\"\/et\/tootekategooria\/brandid\/secrid-et\/\">Br\u00e4nd Secrid<\/a><br \/>\n\u2022 Materjal: alumiinium, roostevaba teras<br \/>\n\u2022 M\u00f5\u00f5dud: 63 x 102 x 8 mm<br \/>\n\u2022 Mahutavus: kuni 6 kaarti<br \/>\n\u2022 3-aastane garantii registreerides veebis: secrid.com\/register<\/p>\n<p><a href=\"https:\/\/www.talidesign.eu\/wp\/wp-content\/uploads\/2020\/11\/cardprotector_print.jpg\"><img loading=\"lazy\" decoding=\"async\" src=\"https:\/\/www.talidesign.eu\/wp\/wp-content\/uploads\/2020\/11\/cardprotector_print.jpg\" alt=\"\" width=\"694\" height=\"46\" class=\"alignnone size-full wp-image-22487\" srcset=\"https:\/\/www.talidesign.eu\/wp\/wp-content\/uploads\/2020\/11\/cardprotector_print.jpg 694w, https:\/\/www.talidesign.eu\/wp\/wp-content\/uploads\/2020\/11\/cardprotector_print-500x33.jpg 500w, https:\/\/www.talidesign.eu\/wp\/wp-content\/uploads\/2020\/11\/cardprotector_print-510x34.jpg 510w\" sizes=\"auto, (max-width: 694px) 100vw, 694px\" \/><\/a><br \/>\n<strong>Meist<\/strong><\/p>\n<p>Moderne industriaalne disain ja funktsionaalne mood kohtuvad Secridi v\u00e4ikestes aksessuaarides. Secridi praktilised ja nutikad kaarditaskud ning rahakotid on valmistatud Hollandis \u00fclima hoolega kvaliteedi, inimeste ja keskkonna suhtes. Secridi alumiinium s\u00fcdamega kaardihoidja tagab kaitse soovimatute kontaktivabade \u00fchenduste eest. K\u00f5ik rahakotid on valmistatud Euroopas kasvatatud nahast v\u00f5i kvaliteetsest vegan nahast.<\/p>\n<p><a href=\"\/et\/tootekategooria\/brandid\/secrid-et\/\"><img loading=\"lazy\" decoding=\"async\" src=\"https:\/\/www.talidesign.eu\/wp\/wp-content\/uploads\/2021\/03\/logo-3.jpg\" alt=\"\" width=\"500\" height=\"100\" class=\"alignnone size-full wp-image-24535\" \/><\/a><\/p>\n","protected":false},"featured_media":40868,"template":"","meta":[],"product_brand":[],"product_cat":[1026,1174,1080],"product_tag":[1517],"class_list":{"0":"post-40867","1":"product","2":"type-product","3":"status-publish","4":"has-post-thumbnail","6":"product_cat-brandid","7":"product_cat-rahakotid","8":"product_cat-secrid-et","9":"product_tag-secrid-et","11":"first","12":"instock","13":"taxable","14":"shipping-taxable","15":"purchasable","16":"product-type-simple"},"yoast_head":"<!-- This site is optimized with the Yoast SEO plugin v27.3 - https:\/\/yoast.com\/product\/yoast-seo-wordpress\/ -->\n<title>Secrid Kaardihoidja Kuld - TALI Concept Store<\/title>\n<meta name=\"description\" content=\"Secrid Kaardihoidja Kuld - minimalistlik ja stiilne rahakott, mis kaitseb kaarte ja tagab turvalisuse. Avasta rohkem!\" \/>\n<meta name=\"robots\" content=\"index, follow, max-snippet:-1, max-image-preview:large, max-video-preview:-1\" \/>\n<link rel=\"canonical\" href=\"https:\/\/www.talidesign.eu\/et\/pood\/toode\/secrid-kaardihoidja-kuld\/\" \/>\n<meta property=\"og:locale\" content=\"et_EE\" \/>\n<meta property=\"og:type\" content=\"article\" \/>\n<meta property=\"og:title\" content=\"Secrid Kaardihoidja Kuld - TALI Concept Store\" \/>\n<meta property=\"og:description\" content=\"Secrid Kaardihoidja Kuld - minimalistlik ja stiilne rahakott, mis kaitseb kaarte ja tagab turvalisuse. Avasta rohkem!\" \/>\n<meta property=\"og:url\" content=\"https:\/\/www.talidesign.eu\/et\/pood\/toode\/secrid-kaardihoidja-kuld\/\" \/>\n<meta property=\"og:site_name\" content=\"TALI Concept Store\" \/>\n<meta property=\"article:publisher\" content=\"https:\/\/www.facebook.com\/TaliDisain\/\" \/>\n<meta property=\"article:modified_time\" content=\"2025-09-16T21:38:35+00:00\" \/>\n<meta property=\"og:image\" content=\"https:\/\/www.talidesign.eu\/wp\/wp-content\/uploads\/2019\/04\/secrid-cardprotector-gold.jpg\" \/>\n\t<meta property=\"og:image:width\" content=\"600\" \/>\n\t<meta property=\"og:image:height\" content=\"600\" \/>\n\t<meta property=\"og:image:type\" content=\"image\/jpeg\" \/>\n<meta name=\"twitter:card\" content=\"summary_large_image\" \/>\n<script type=\"application\/ld+json\" class=\"yoast-schema-graph\">{\"@context\":\"https:\\\/\\\/schema.org\",\"@graph\":[{\"@type\":\"WebPage\",\"@id\":\"https:\\\/\\\/www.talidesign.eu\\\/et\\\/pood\\\/toode\\\/secrid-kaardihoidja-kuld\\\/\",\"url\":\"https:\\\/\\\/www.talidesign.eu\\\/et\\\/pood\\\/toode\\\/secrid-kaardihoidja-kuld\\\/\",\"name\":\"Secrid Kaardihoidja Kuld - TALI Concept Store\",\"isPartOf\":{\"@id\":\"https:\\\/\\\/www.talidesign.eu\\\/et\\\/#website\"},\"primaryImageOfPage\":{\"@id\":\"https:\\\/\\\/www.talidesign.eu\\\/et\\\/pood\\\/toode\\\/secrid-kaardihoidja-kuld\\\/#primaryimage\"},\"image\":{\"@id\":\"https:\\\/\\\/www.talidesign.eu\\\/et\\\/pood\\\/toode\\\/secrid-kaardihoidja-kuld\\\/#primaryimage\"},\"thumbnailUrl\":\"https:\\\/\\\/www.talidesign.eu\\\/wp\\\/wp-content\\\/uploads\\\/2019\\\/04\\\/secrid-cardprotector-gold.jpg\",\"datePublished\":\"2019-04-09T13:12:59+00:00\",\"dateModified\":\"2025-09-16T21:38:35+00:00\",\"description\":\"Secrid Kaardihoidja Kuld - minimalistlik ja stiilne rahakott, mis kaitseb kaarte ja tagab turvalisuse. Avasta rohkem!\",\"breadcrumb\":{\"@id\":\"https:\\\/\\\/www.talidesign.eu\\\/et\\\/pood\\\/toode\\\/secrid-kaardihoidja-kuld\\\/#breadcrumb\"},\"inLanguage\":\"et\",\"potentialAction\":[{\"@type\":\"ReadAction\",\"target\":[\"https:\\\/\\\/www.talidesign.eu\\\/et\\\/pood\\\/toode\\\/secrid-kaardihoidja-kuld\\\/\"]}]},{\"@type\":\"ImageObject\",\"inLanguage\":\"et\",\"@id\":\"https:\\\/\\\/www.talidesign.eu\\\/et\\\/pood\\\/toode\\\/secrid-kaardihoidja-kuld\\\/#primaryimage\",\"url\":\"https:\\\/\\\/www.talidesign.eu\\\/wp\\\/wp-content\\\/uploads\\\/2019\\\/04\\\/secrid-cardprotector-gold.jpg\",\"contentUrl\":\"https:\\\/\\\/www.talidesign.eu\\\/wp\\\/wp-content\\\/uploads\\\/2019\\\/04\\\/secrid-cardprotector-gold.jpg\",\"width\":600,\"height\":600},{\"@type\":\"BreadcrumbList\",\"@id\":\"https:\\\/\\\/www.talidesign.eu\\\/et\\\/pood\\\/toode\\\/secrid-kaardihoidja-kuld\\\/#breadcrumb\",\"itemListElement\":[{\"@type\":\"ListItem\",\"position\":1,\"name\":\"Avaleht\",\"item\":\"https:\\\/\\\/www.talidesign.eu\\\/et\\\/\"},{\"@type\":\"ListItem\",\"position\":2,\"name\":\"Pood\",\"item\":\"https:\\\/\\\/www.talidesign.eu\\\/et\\\/pood\\\/\"},{\"@type\":\"ListItem\",\"position\":3,\"name\":\"Secrid Kaardihoidja Kuld\"}]},{\"@type\":\"WebSite\",\"@id\":\"https:\\\/\\\/www.talidesign.eu\\\/et\\\/#website\",\"url\":\"https:\\\/\\\/www.talidesign.eu\\\/et\\\/\",\"name\":\"TALI Concept Store\",\"description\":\"Suurim Disainipood Eestis\",\"potentialAction\":[{\"@type\":\"SearchAction\",\"target\":{\"@type\":\"EntryPoint\",\"urlTemplate\":\"https:\\\/\\\/www.talidesign.eu\\\/et\\\/?s={search_term_string}\"},\"query-input\":{\"@type\":\"PropertyValueSpecification\",\"valueRequired\":true,\"valueName\":\"search_term_string\"}}],\"inLanguage\":\"et\"}]}<\/script>\n<!-- \/ Yoast SEO plugin. -->","yoast_head_json":{"title":"Secrid Kaardihoidja Kuld - TALI Concept Store","description":"Secrid Kaardihoidja Kuld - minimalistlik ja stiilne rahakott, mis kaitseb kaarte ja tagab turvalisuse. Avasta rohkem!","robots":{"index":"index","follow":"follow","max-snippet":"max-snippet:-1","max-image-preview":"max-image-preview:large","max-video-preview":"max-video-preview:-1"},"canonical":"https:\/\/www.talidesign.eu\/et\/pood\/toode\/secrid-kaardihoidja-kuld\/","og_locale":"et_EE","og_type":"article","og_title":"Secrid Kaardihoidja Kuld - TALI Concept Store","og_description":"Secrid Kaardihoidja Kuld - minimalistlik ja stiilne rahakott, mis kaitseb kaarte ja tagab turvalisuse. Avasta rohkem!","og_url":"https:\/\/www.talidesign.eu\/et\/pood\/toode\/secrid-kaardihoidja-kuld\/","og_site_name":"TALI Concept Store","article_publisher":"https:\/\/www.facebook.com\/TaliDisain\/","article_modified_time":"2025-09-16T21:38:35+00:00","og_image":[{"width":600,"height":600,"url":"https:\/\/www.talidesign.eu\/wp\/wp-content\/uploads\/2019\/04\/secrid-cardprotector-gold.jpg","type":"image\/jpeg"}],"twitter_card":"summary_large_image","schema":{"@context":"https:\/\/schema.org","@graph":[{"@type":"WebPage","@id":"https:\/\/www.talidesign.eu\/et\/pood\/toode\/secrid-kaardihoidja-kuld\/","url":"https:\/\/www.talidesign.eu\/et\/pood\/toode\/secrid-kaardihoidja-kuld\/","name":"Secrid Kaardihoidja Kuld - TALI Concept Store","isPartOf":{"@id":"https:\/\/www.talidesign.eu\/et\/#website"},"primaryImageOfPage":{"@id":"https:\/\/www.talidesign.eu\/et\/pood\/toode\/secrid-kaardihoidja-kuld\/#primaryimage"},"image":{"@id":"https:\/\/www.talidesign.eu\/et\/pood\/toode\/secrid-kaardihoidja-kuld\/#primaryimage"},"thumbnailUrl":"https:\/\/www.talidesign.eu\/wp\/wp-content\/uploads\/2019\/04\/secrid-cardprotector-gold.jpg","datePublished":"2019-04-09T13:12:59+00:00","dateModified":"2025-09-16T21:38:35+00:00","description":"Secrid Kaardihoidja Kuld - minimalistlik ja stiilne rahakott, mis kaitseb kaarte ja tagab turvalisuse. Avasta rohkem!","breadcrumb":{"@id":"https:\/\/www.talidesign.eu\/et\/pood\/toode\/secrid-kaardihoidja-kuld\/#breadcrumb"},"inLanguage":"et","potentialAction":[{"@type":"ReadAction","target":["https:\/\/www.talidesign.eu\/et\/pood\/toode\/secrid-kaardihoidja-kuld\/"]}]},{"@type":"ImageObject","inLanguage":"et","@id":"https:\/\/www.talidesign.eu\/et\/pood\/toode\/secrid-kaardihoidja-kuld\/#primaryimage","url":"https:\/\/www.talidesign.eu\/wp\/wp-content\/uploads\/2019\/04\/secrid-cardprotector-gold.jpg","contentUrl":"https:\/\/www.talidesign.eu\/wp\/wp-content\/uploads\/2019\/04\/secrid-cardprotector-gold.jpg","width":600,"height":600},{"@type":"BreadcrumbList","@id":"https:\/\/www.talidesign.eu\/et\/pood\/toode\/secrid-kaardihoidja-kuld\/#breadcrumb","itemListElement":[{"@type":"ListItem","position":1,"name":"Avaleht","item":"https:\/\/www.talidesign.eu\/et\/"},{"@type":"ListItem","position":2,"name":"Pood","item":"https:\/\/www.talidesign.eu\/et\/pood\/"},{"@type":"ListItem","position":3,"name":"Secrid Kaardihoidja Kuld"}]},{"@type":"WebSite","@id":"https:\/\/www.talidesign.eu\/et\/#website","url":"https:\/\/www.talidesign.eu\/et\/","name":"TALI Concept Store","description":"Suurim Disainipood Eestis","potentialAction":[{"@type":"SearchAction","target":{"@type":"EntryPoint","urlTemplate":"https:\/\/www.talidesign.eu\/et\/?s={search_term_string}"},"query-input":{"@type":"PropertyValueSpecification","valueRequired":true,"valueName":"search_term_string"}}],"inLanguage":"et"}]}},"_links":{"self":[{"href":"https:\/\/www.talidesign.eu\/et\/wp-json\/wp\/v2\/product\/40867","targetHints":{"allow":["GET"]}}],"collection":[{"href":"https:\/\/www.talidesign.eu\/et\/wp-json\/wp\/v2\/product"}],"about":[{"href":"https:\/\/www.talidesign.eu\/et\/wp-json\/wp\/v2\/types\/product"}],"wp:featuredmedia":[{"embeddable":true,"href":"https:\/\/www.talidesign.eu\/et\/wp-json\/wp\/v2\/media\/40868"}],"wp:attachment":[{"href":"https:\/\/www.talidesign.eu\/et\/wp-json\/wp\/v2\/media?parent=40867"}],"wp:term":[{"taxonomy":"product_brand","embeddable":true,"href":"https:\/\/www.talidesign.eu\/et\/wp-json\/wp\/v2\/product_brand?post=40867"},{"taxonomy":"product_cat","embeddable":true,"href":"https:\/\/www.talidesign.eu\/et\/wp-json\/wp\/v2\/product_cat?post=40867"},{"taxonomy":"product_tag","embeddable":true,"href":"https:\/\/www.talidesign.eu\/et\/wp-json\/wp\/v2\/product_tag?post=40867"}],"curies":[{"name":"wp","href":"https:\/\/api.w.org\/{rel}","templated":true}]}}