{"id":41122,"date":"2021-07-23T16:46:28","date_gmt":"2021-07-23T13:46:28","guid":{"rendered":"https:\/\/www.talidesign.eu\/shop\/product\/dedicated-t-shirt-stockholm-bananas-yellow\/"},"modified":"2022-02-05T13:41:02","modified_gmt":"2022-02-05T11:41:02","slug":"dedicated-stockholm-bananas-t-sark-kollane","status":"publish","type":"product","link":"https:\/\/www.talidesign.eu\/et\/pood\/toode\/dedicated-stockholm-bananas-t-sark-kollane\/","title":{"rendered":"Dedicated Stockholm Bananas T-s\u00e4rk Kollane"},"content":{"rendered":"<p><strong>Stockholm Bananas T-s\u00e4rk Kollane<\/strong><\/p>\n<p>T\u00e4iuslik T-s\u00e4rk, mis on valmistatud j\u00e4tkusuutlikult inimeste ja planeedi eest hoolt kandes.<\/p>\n<p><strong>Unisex<\/strong><\/p>\n<p>\u2022 Klassikaline l\u00f5ige<br \/>\n\u2022 \u00dcmar kaelus<br \/>\n\u2022 Siiditr\u00fckk keskkonnas\u00f5braliku veep\u00f5hise tindiga<\/p>\n<p>\u2022 Fairtrade &#038; Orgaaniline<\/p>\n<p>See toode on valmistatud 100% orgaanilisest puuvillast, mis on sertifitseeritud Fairtrade&#8217;i poolt, mis on \u00fcks rangeimaid standardeid turul.<\/p>\n<p>\u2022 <a href=\"\/et\/tootekategooria\/brandid\/dedicated-et\/\">Br\u00e4nd Dedicated<\/a><\/p>\n<p>Modell on 187cm pikk ja kannab M suurust.<\/p>\n<p><a href=\"https:\/\/www.talidesign.eu\/wp\/wp-content\/uploads\/2021\/07\/Clipboard02.jpg\"><img loading=\"lazy\" decoding=\"async\" src=\"https:\/\/www.talidesign.eu\/wp\/wp-content\/uploads\/2021\/07\/Clipboard02-718x400.jpg\" alt=\"\" width=\"718\" height=\"400\" class=\"alignnone size-medium wp-image-32197\" srcset=\"https:\/\/www.talidesign.eu\/wp\/wp-content\/uploads\/2021\/07\/Clipboard02-718x400.jpg 718w, https:\/\/www.talidesign.eu\/wp\/wp-content\/uploads\/2021\/07\/Clipboard02-768x428.jpg 768w, https:\/\/www.talidesign.eu\/wp\/wp-content\/uploads\/2021\/07\/Clipboard02-500x278.jpg 500w, https:\/\/www.talidesign.eu\/wp\/wp-content\/uploads\/2021\/07\/Clipboard02-510x284.jpg 510w, https:\/\/www.talidesign.eu\/wp\/wp-content\/uploads\/2021\/07\/Clipboard02.jpg 1225w\" sizes=\"auto, (max-width: 718px) 100vw, 718px\" \/><\/a><\/p>\n<p><a href=\"https:\/\/www.talidesign.eu\/wp\/wp-content\/uploads\/2021\/03\/cert-2.jpg\"><img loading=\"lazy\" decoding=\"async\" src=\"https:\/\/www.talidesign.eu\/wp\/wp-content\/uploads\/2021\/03\/cert-2.jpg\" alt=\"\" width=\"428\" height=\"81\" class=\"alignnone size-full wp-image-22967\" \/><\/a><br \/>\n<strong>Toetage meie planeeti \/ DEDICATED.<\/strong><\/p>\n<p>T\u00f6\u00f6tame GOTSi ja Fairtrade&#8217;i sertifitseeritud puuvilla, GRS -i ringlussev\u00f5etud pol\u00fcestri ja looduslike kiududega, nagu Tencel Lyocell. Loome moodi, mis hoolitseb nii p\u00f5llumeeste kui ka klientide eest.<\/p>\n<p><a href=\"https:\/\/www.talidesign.eu\/wp\/wp-content\/uploads\/2020\/04\/our-story-climate-strike_4101.jpg\"><img loading=\"lazy\" decoding=\"async\" class=\"alignnone size-full wp-image-9480\" src=\"https:\/\/www.talidesign.eu\/wp\/wp-content\/uploads\/2020\/04\/our-story-climate-strike_4101.jpg\" alt=\"\" width=\"700\" height=\"700\" srcset=\"https:\/\/www.talidesign.eu\/wp\/wp-content\/uploads\/2020\/04\/our-story-climate-strike_4101.jpg 700w, https:\/\/www.talidesign.eu\/wp\/wp-content\/uploads\/2020\/04\/our-story-climate-strike_4101-400x400.jpg 400w, https:\/\/www.talidesign.eu\/wp\/wp-content\/uploads\/2020\/04\/our-story-climate-strike_4101-280x280.jpg 280w, https:\/\/www.talidesign.eu\/wp\/wp-content\/uploads\/2020\/04\/our-story-climate-strike_4101-500x500.jpg 500w, https:\/\/www.talidesign.eu\/wp\/wp-content\/uploads\/2020\/04\/our-story-climate-strike_4101-510x510.jpg 510w, https:\/\/www.talidesign.eu\/wp\/wp-content\/uploads\/2020\/04\/our-story-climate-strike_4101-100x100.jpg 100w\" sizes=\"auto, (max-width: 700px) 100vw, 700px\" \/><\/a><br \/>\n<a href=\"\/et\/tootekategooria\/brandid\/dedicated-et\/\"><img loading=\"lazy\" decoding=\"async\" src=\"https:\/\/www.talidesign.eu\/wp\/wp-content\/uploads\/2021\/03\/logo-2.jpg\" alt=\"\" width=\"500\" height=\"100\" class=\"alignnone size-full wp-image-24408\" \/><\/a><\/p>\n","protected":false},"excerpt":{"rendered":"<p><strong>Stockholm Bananas T-s\u00e4rk Kollane<\/strong><\/p>\n<p>T\u00e4iuslik T-s\u00e4rk, mis on valmistatud j\u00e4tkusuutlikult inimeste ja planeedi eest hoolt kandes.<\/p>\n<p><strong>Unisex<\/strong><\/p>\n<p>\u2022 Klassikaline l\u00f5ige<br \/>\n\u2022 \u00dcmar kaelus<br \/>\n\u2022 Siiditr\u00fckk keskkonnas\u00f5braliku veep\u00f5hise tindiga<\/p>\n<p>\u2022 Fairtrade &#038; Orgaaniline<\/p>\n<p>See toode on valmistatud 100% orgaanilisest puuvillast, mis on sertifitseeritud Fairtrade&#8217;i poolt, mis on \u00fcks rangeimaid standardeid turul.<\/p>\n<p>\u2022 <a href=\"\/et\/tootekategooria\/brandid\/dedicated-et\/\">Br\u00e4nd Dedicated<\/a><\/p>\n<p>Modell on 187cm pikk ja kannab M suurust.<\/p>\n<p><a href=\"https:\/\/www.talidesign.eu\/wp\/wp-content\/uploads\/2021\/07\/Clipboard02.jpg\"><img loading=\"lazy\" decoding=\"async\" src=\"https:\/\/www.talidesign.eu\/wp\/wp-content\/uploads\/2021\/07\/Clipboard02-718x400.jpg\" alt=\"\" width=\"718\" height=\"400\" class=\"alignnone size-medium wp-image-32197\" srcset=\"https:\/\/www.talidesign.eu\/wp\/wp-content\/uploads\/2021\/07\/Clipboard02-718x400.jpg 718w, https:\/\/www.talidesign.eu\/wp\/wp-content\/uploads\/2021\/07\/Clipboard02-768x428.jpg 768w, https:\/\/www.talidesign.eu\/wp\/wp-content\/uploads\/2021\/07\/Clipboard02-500x278.jpg 500w, https:\/\/www.talidesign.eu\/wp\/wp-content\/uploads\/2021\/07\/Clipboard02-510x284.jpg 510w, https:\/\/www.talidesign.eu\/wp\/wp-content\/uploads\/2021\/07\/Clipboard02.jpg 1225w\" sizes=\"auto, (max-width: 718px) 100vw, 718px\" \/><\/a><\/p>\n<p><a href=\"https:\/\/www.talidesign.eu\/wp\/wp-content\/uploads\/2021\/03\/cert-2.jpg\"><img loading=\"lazy\" decoding=\"async\" src=\"https:\/\/www.talidesign.eu\/wp\/wp-content\/uploads\/2021\/03\/cert-2.jpg\" alt=\"\" width=\"428\" height=\"81\" class=\"alignnone size-full wp-image-22967\" \/><\/a><br \/>\n<strong>Toetage meie planeeti \/ DEDICATED.<\/strong><\/p>\n<p>T\u00f6\u00f6tame GOTSi ja Fairtrade&#8217;i sertifitseeritud puuvilla, GRS -i ringlussev\u00f5etud pol\u00fcestri ja looduslike kiududega, nagu Tencel Lyocell. Loome moodi, mis hoolitseb nii p\u00f5llumeeste kui ka klientide eest.<\/p>\n<p><a href=\"https:\/\/www.talidesign.eu\/wp\/wp-content\/uploads\/2020\/04\/our-story-climate-strike_4101.jpg\"><img loading=\"lazy\" decoding=\"async\" class=\"alignnone size-full wp-image-9480\" src=\"https:\/\/www.talidesign.eu\/wp\/wp-content\/uploads\/2020\/04\/our-story-climate-strike_4101.jpg\" alt=\"\" width=\"700\" height=\"700\" srcset=\"https:\/\/www.talidesign.eu\/wp\/wp-content\/uploads\/2020\/04\/our-story-climate-strike_4101.jpg 700w, https:\/\/www.talidesign.eu\/wp\/wp-content\/uploads\/2020\/04\/our-story-climate-strike_4101-400x400.jpg 400w, https:\/\/www.talidesign.eu\/wp\/wp-content\/uploads\/2020\/04\/our-story-climate-strike_4101-280x280.jpg 280w, https:\/\/www.talidesign.eu\/wp\/wp-content\/uploads\/2020\/04\/our-story-climate-strike_4101-500x500.jpg 500w, https:\/\/www.talidesign.eu\/wp\/wp-content\/uploads\/2020\/04\/our-story-climate-strike_4101-510x510.jpg 510w, https:\/\/www.talidesign.eu\/wp\/wp-content\/uploads\/2020\/04\/our-story-climate-strike_4101-100x100.jpg 100w\" sizes=\"auto, (max-width: 700px) 100vw, 700px\" \/><\/a><br \/>\n<a href=\"\/et\/tootekategooria\/brandid\/dedicated-et\/\"><img loading=\"lazy\" decoding=\"async\" src=\"https:\/\/www.talidesign.eu\/wp\/wp-content\/uploads\/2021\/03\/logo-2.jpg\" alt=\"\" width=\"500\" height=\"100\" class=\"alignnone size-full wp-image-24408\" \/><\/a><\/p>\n","protected":false},"featured_media":41128,"template":"","meta":[],"product_brand":[],"product_cat":[16],"product_tag":[],"class_list":{"0":"post-41122","1":"product","2":"type-product","3":"status-publish","4":"has-post-thumbnail","6":"product_cat-uncategorized","8":"first","9":"outofstock","10":"taxable","11":"shipping-taxable","12":"product-type-variable"},"yoast_head":"<!-- This site is optimized with the Yoast SEO plugin v27.4 - https:\/\/yoast.com\/product\/yoast-seo-wordpress\/ -->\n<title>Dedicated Stockholm Bananas T-s\u00e4rk Kollane - TALI Concept Store<\/title>\n<meta name=\"description\" content=\"T\u00e4iuslik T-s\u00e4rk, mis hoolib inimestest ja planeedist. Unisex, klassikalise l\u00f5ikega, keskkonnas\u00f5braliku tr\u00fckiga. Fairtrade&#039;i ja orgaaniline. Br\u00e4nd Dedicated.\" \/>\n<meta name=\"robots\" content=\"index, follow, max-snippet:-1, max-image-preview:large, max-video-preview:-1\" \/>\n<link rel=\"canonical\" href=\"https:\/\/www.talidesign.eu\/et\/pood\/toode\/dedicated-stockholm-bananas-t-sark-kollane\/\" \/>\n<meta property=\"og:locale\" content=\"et_EE\" \/>\n<meta property=\"og:type\" content=\"article\" \/>\n<meta property=\"og:title\" content=\"Dedicated Stockholm Bananas T-s\u00e4rk Kollane - TALI Concept Store\" \/>\n<meta property=\"og:description\" content=\"T\u00e4iuslik T-s\u00e4rk, mis hoolib inimestest ja planeedist. Unisex, klassikalise l\u00f5ikega, keskkonnas\u00f5braliku tr\u00fckiga. Fairtrade&#039;i ja orgaaniline. Br\u00e4nd Dedicated.\" \/>\n<meta property=\"og:url\" content=\"https:\/\/www.talidesign.eu\/et\/pood\/toode\/dedicated-stockholm-bananas-t-sark-kollane\/\" \/>\n<meta property=\"og:site_name\" content=\"TALI Concept Store\" \/>\n<meta property=\"article:publisher\" content=\"https:\/\/www.facebook.com\/TaliDisain\/\" \/>\n<meta property=\"article:modified_time\" content=\"2022-02-05T11:41:02+00:00\" \/>\n<meta property=\"og:image\" content=\"https:\/\/www.talidesign.eu\/wp\/wp-content\/uploads\/2021\/07\/dedicated-t-shirt-stockholm-bananas-yellow.jpg\" \/>\n\t<meta property=\"og:image:width\" content=\"768\" \/>\n\t<meta property=\"og:image:height\" content=\"768\" \/>\n\t<meta property=\"og:image:type\" content=\"image\/jpeg\" \/>\n<meta name=\"twitter:card\" content=\"summary_large_image\" \/>\n<script type=\"application\/ld+json\" class=\"yoast-schema-graph\">{\"@context\":\"https:\\\/\\\/schema.org\",\"@graph\":[{\"@type\":\"WebPage\",\"@id\":\"https:\\\/\\\/www.talidesign.eu\\\/et\\\/pood\\\/toode\\\/dedicated-stockholm-bananas-t-sark-kollane\\\/\",\"url\":\"https:\\\/\\\/www.talidesign.eu\\\/et\\\/pood\\\/toode\\\/dedicated-stockholm-bananas-t-sark-kollane\\\/\",\"name\":\"Dedicated Stockholm Bananas T-s\u00e4rk Kollane - TALI Concept Store\",\"isPartOf\":{\"@id\":\"https:\\\/\\\/www.talidesign.eu\\\/et\\\/#website\"},\"primaryImageOfPage\":{\"@id\":\"https:\\\/\\\/www.talidesign.eu\\\/et\\\/pood\\\/toode\\\/dedicated-stockholm-bananas-t-sark-kollane\\\/#primaryimage\"},\"image\":{\"@id\":\"https:\\\/\\\/www.talidesign.eu\\\/et\\\/pood\\\/toode\\\/dedicated-stockholm-bananas-t-sark-kollane\\\/#primaryimage\"},\"thumbnailUrl\":\"https:\\\/\\\/www.talidesign.eu\\\/wp\\\/wp-content\\\/uploads\\\/2021\\\/07\\\/dedicated-t-shirt-stockholm-bananas-yellow.jpg\",\"datePublished\":\"2021-07-23T13:46:28+00:00\",\"dateModified\":\"2022-02-05T11:41:02+00:00\",\"description\":\"T\u00e4iuslik T-s\u00e4rk, mis hoolib inimestest ja planeedist. Unisex, klassikalise l\u00f5ikega, keskkonnas\u00f5braliku tr\u00fckiga. Fairtrade'i ja orgaaniline. Br\u00e4nd Dedicated.\",\"breadcrumb\":{\"@id\":\"https:\\\/\\\/www.talidesign.eu\\\/et\\\/pood\\\/toode\\\/dedicated-stockholm-bananas-t-sark-kollane\\\/#breadcrumb\"},\"inLanguage\":\"et\",\"potentialAction\":[{\"@type\":\"ReadAction\",\"target\":[\"https:\\\/\\\/www.talidesign.eu\\\/et\\\/pood\\\/toode\\\/dedicated-stockholm-bananas-t-sark-kollane\\\/\"]}]},{\"@type\":\"ImageObject\",\"inLanguage\":\"et\",\"@id\":\"https:\\\/\\\/www.talidesign.eu\\\/et\\\/pood\\\/toode\\\/dedicated-stockholm-bananas-t-sark-kollane\\\/#primaryimage\",\"url\":\"https:\\\/\\\/www.talidesign.eu\\\/wp\\\/wp-content\\\/uploads\\\/2021\\\/07\\\/dedicated-t-shirt-stockholm-bananas-yellow.jpg\",\"contentUrl\":\"https:\\\/\\\/www.talidesign.eu\\\/wp\\\/wp-content\\\/uploads\\\/2021\\\/07\\\/dedicated-t-shirt-stockholm-bananas-yellow.jpg\",\"width\":768,\"height\":768},{\"@type\":\"BreadcrumbList\",\"@id\":\"https:\\\/\\\/www.talidesign.eu\\\/et\\\/pood\\\/toode\\\/dedicated-stockholm-bananas-t-sark-kollane\\\/#breadcrumb\",\"itemListElement\":[{\"@type\":\"ListItem\",\"position\":1,\"name\":\"Avaleht\",\"item\":\"https:\\\/\\\/www.talidesign.eu\\\/et\\\/\"},{\"@type\":\"ListItem\",\"position\":2,\"name\":\"Pood\",\"item\":\"https:\\\/\\\/www.talidesign.eu\\\/et\\\/pood\\\/\"},{\"@type\":\"ListItem\",\"position\":3,\"name\":\"Dedicated Stockholm Bananas T-s\u00e4rk Kollane\"}]},{\"@type\":\"WebSite\",\"@id\":\"https:\\\/\\\/www.talidesign.eu\\\/et\\\/#website\",\"url\":\"https:\\\/\\\/www.talidesign.eu\\\/et\\\/\",\"name\":\"TALI Concept Store\",\"description\":\"Suurim Disainipood Eestis\",\"potentialAction\":[{\"@type\":\"SearchAction\",\"target\":{\"@type\":\"EntryPoint\",\"urlTemplate\":\"https:\\\/\\\/www.talidesign.eu\\\/et\\\/?s={search_term_string}\"},\"query-input\":{\"@type\":\"PropertyValueSpecification\",\"valueRequired\":true,\"valueName\":\"search_term_string\"}}],\"inLanguage\":\"et\"}]}<\/script>\n<!-- \/ Yoast SEO plugin. -->","yoast_head_json":{"title":"Dedicated Stockholm Bananas T-s\u00e4rk Kollane - TALI Concept Store","description":"T\u00e4iuslik T-s\u00e4rk, mis hoolib inimestest ja planeedist. Unisex, klassikalise l\u00f5ikega, keskkonnas\u00f5braliku tr\u00fckiga. Fairtrade'i ja orgaaniline. Br\u00e4nd Dedicated.","robots":{"index":"index","follow":"follow","max-snippet":"max-snippet:-1","max-image-preview":"max-image-preview:large","max-video-preview":"max-video-preview:-1"},"canonical":"https:\/\/www.talidesign.eu\/et\/pood\/toode\/dedicated-stockholm-bananas-t-sark-kollane\/","og_locale":"et_EE","og_type":"article","og_title":"Dedicated Stockholm Bananas T-s\u00e4rk Kollane - TALI Concept Store","og_description":"T\u00e4iuslik T-s\u00e4rk, mis hoolib inimestest ja planeedist. Unisex, klassikalise l\u00f5ikega, keskkonnas\u00f5braliku tr\u00fckiga. Fairtrade'i ja orgaaniline. Br\u00e4nd Dedicated.","og_url":"https:\/\/www.talidesign.eu\/et\/pood\/toode\/dedicated-stockholm-bananas-t-sark-kollane\/","og_site_name":"TALI Concept Store","article_publisher":"https:\/\/www.facebook.com\/TaliDisain\/","article_modified_time":"2022-02-05T11:41:02+00:00","og_image":[{"width":768,"height":768,"url":"https:\/\/www.talidesign.eu\/wp\/wp-content\/uploads\/2021\/07\/dedicated-t-shirt-stockholm-bananas-yellow.jpg","type":"image\/jpeg"}],"twitter_card":"summary_large_image","schema":{"@context":"https:\/\/schema.org","@graph":[{"@type":"WebPage","@id":"https:\/\/www.talidesign.eu\/et\/pood\/toode\/dedicated-stockholm-bananas-t-sark-kollane\/","url":"https:\/\/www.talidesign.eu\/et\/pood\/toode\/dedicated-stockholm-bananas-t-sark-kollane\/","name":"Dedicated Stockholm Bananas T-s\u00e4rk Kollane - TALI Concept Store","isPartOf":{"@id":"https:\/\/www.talidesign.eu\/et\/#website"},"primaryImageOfPage":{"@id":"https:\/\/www.talidesign.eu\/et\/pood\/toode\/dedicated-stockholm-bananas-t-sark-kollane\/#primaryimage"},"image":{"@id":"https:\/\/www.talidesign.eu\/et\/pood\/toode\/dedicated-stockholm-bananas-t-sark-kollane\/#primaryimage"},"thumbnailUrl":"https:\/\/www.talidesign.eu\/wp\/wp-content\/uploads\/2021\/07\/dedicated-t-shirt-stockholm-bananas-yellow.jpg","datePublished":"2021-07-23T13:46:28+00:00","dateModified":"2022-02-05T11:41:02+00:00","description":"T\u00e4iuslik T-s\u00e4rk, mis hoolib inimestest ja planeedist. Unisex, klassikalise l\u00f5ikega, keskkonnas\u00f5braliku tr\u00fckiga. Fairtrade'i ja orgaaniline. Br\u00e4nd Dedicated.","breadcrumb":{"@id":"https:\/\/www.talidesign.eu\/et\/pood\/toode\/dedicated-stockholm-bananas-t-sark-kollane\/#breadcrumb"},"inLanguage":"et","potentialAction":[{"@type":"ReadAction","target":["https:\/\/www.talidesign.eu\/et\/pood\/toode\/dedicated-stockholm-bananas-t-sark-kollane\/"]}]},{"@type":"ImageObject","inLanguage":"et","@id":"https:\/\/www.talidesign.eu\/et\/pood\/toode\/dedicated-stockholm-bananas-t-sark-kollane\/#primaryimage","url":"https:\/\/www.talidesign.eu\/wp\/wp-content\/uploads\/2021\/07\/dedicated-t-shirt-stockholm-bananas-yellow.jpg","contentUrl":"https:\/\/www.talidesign.eu\/wp\/wp-content\/uploads\/2021\/07\/dedicated-t-shirt-stockholm-bananas-yellow.jpg","width":768,"height":768},{"@type":"BreadcrumbList","@id":"https:\/\/www.talidesign.eu\/et\/pood\/toode\/dedicated-stockholm-bananas-t-sark-kollane\/#breadcrumb","itemListElement":[{"@type":"ListItem","position":1,"name":"Avaleht","item":"https:\/\/www.talidesign.eu\/et\/"},{"@type":"ListItem","position":2,"name":"Pood","item":"https:\/\/www.talidesign.eu\/et\/pood\/"},{"@type":"ListItem","position":3,"name":"Dedicated Stockholm Bananas T-s\u00e4rk Kollane"}]},{"@type":"WebSite","@id":"https:\/\/www.talidesign.eu\/et\/#website","url":"https:\/\/www.talidesign.eu\/et\/","name":"TALI Concept Store","description":"Suurim Disainipood Eestis","potentialAction":[{"@type":"SearchAction","target":{"@type":"EntryPoint","urlTemplate":"https:\/\/www.talidesign.eu\/et\/?s={search_term_string}"},"query-input":{"@type":"PropertyValueSpecification","valueRequired":true,"valueName":"search_term_string"}}],"inLanguage":"et"}]}},"_links":{"self":[{"href":"https:\/\/www.talidesign.eu\/et\/wp-json\/wp\/v2\/product\/41122","targetHints":{"allow":["GET"]}}],"collection":[{"href":"https:\/\/www.talidesign.eu\/et\/wp-json\/wp\/v2\/product"}],"about":[{"href":"https:\/\/www.talidesign.eu\/et\/wp-json\/wp\/v2\/types\/product"}],"wp:featuredmedia":[{"embeddable":true,"href":"https:\/\/www.talidesign.eu\/et\/wp-json\/wp\/v2\/media\/41128"}],"wp:attachment":[{"href":"https:\/\/www.talidesign.eu\/et\/wp-json\/wp\/v2\/media?parent=41122"}],"wp:term":[{"taxonomy":"product_brand","embeddable":true,"href":"https:\/\/www.talidesign.eu\/et\/wp-json\/wp\/v2\/product_brand?post=41122"},{"taxonomy":"product_cat","embeddable":true,"href":"https:\/\/www.talidesign.eu\/et\/wp-json\/wp\/v2\/product_cat?post=41122"},{"taxonomy":"product_tag","embeddable":true,"href":"https:\/\/www.talidesign.eu\/et\/wp-json\/wp\/v2\/product_tag?post=41122"}],"curies":[{"name":"wp","href":"https:\/\/api.w.org\/{rel}","templated":true}]}}