{"id":41331,"date":"2020-06-03T20:26:00","date_gmt":"2020-06-03T17:26:00","guid":{"rendered":"https:\/\/www.talidesign.eu\/shop\/product\/dedicated-t-shirt-stockholm-coffee-mug\/"},"modified":"2023-02-27T10:24:49","modified_gmt":"2023-02-27T08:24:49","slug":"dedicated-stockholm-coffee-mug-t-sark-valge","status":"publish","type":"product","link":"https:\/\/www.talidesign.eu\/et\/pood\/toode\/dedicated-stockholm-coffee-mug-t-sark-valge\/","title":{"rendered":"Dedicated Stockholm Coffee Mug T-s\u00e4rk Valge"},"content":{"rendered":"<p><strong>Stockholm Coffee Mug T-s\u00e4rk Valge<\/strong><\/p>\n<p>T\u00e4iuslik T-s\u00e4rk, mis on valmistatud j\u00e4tkusuutlikult inimeste ja planeedi eest hoolt kandes.<\/p>\n<p><strong>Unisex<\/strong><\/p>\n<p>\u2022 Klassikaline l\u00f5ige<br \/>\n\u2022 \u00dcmar kaelus<br \/>\n\u2022 Siiditr\u00fckk keskkonnas\u00f5braliku veep\u00f5hise tindiga<\/p>\n<p>\u2022 Fairtrade &#038; Orgaaniline<\/p>\n<p>See toode on valmistatud 100% orgaanilisest puuvillast, mis on sertifitseeritud Fairtrade&#8217;i poolt, mis on \u00fcks rangeimaid standardeid turul.<\/p>\n<p>\u2022 <a href=\"\/et\/tootekategooria\/brandid\/dedicated-et\/\">Br\u00e4nd Dedicated<\/a><\/p>\n<p>Modell on 190cm pikk ja kannab M suurust.<\/p>\n<p><a href=\"https:\/\/www.talidesign.eu\/wp\/wp-content\/uploads\/2020\/06\/size-1.jpg\"><img loading=\"lazy\" decoding=\"async\" src=\"https:\/\/www.talidesign.eu\/wp\/wp-content\/uploads\/2020\/06\/size-1.jpg\" alt=\"\" width=\"610\" height=\"179\" class=\"alignnone size-full wp-image-12279\" srcset=\"https:\/\/www.talidesign.eu\/wp\/wp-content\/uploads\/2020\/06\/size-1.jpg 610w, https:\/\/www.talidesign.eu\/wp\/wp-content\/uploads\/2020\/06\/size-1-500x147.jpg 500w, https:\/\/www.talidesign.eu\/wp\/wp-content\/uploads\/2020\/06\/size-1-510x150.jpg 510w\" sizes=\"auto, (max-width: 610px) 100vw, 610px\" \/><\/a><\/p>\n<p><a href=\"https:\/\/www.talidesign.eu\/wp\/wp-content\/uploads\/2021\/03\/cert-2.jpg\"><img loading=\"lazy\" decoding=\"async\" src=\"https:\/\/www.talidesign.eu\/wp\/wp-content\/uploads\/2021\/03\/cert-2.jpg\" alt=\"\" width=\"428\" height=\"81\" class=\"alignnone size-full wp-image-22967\" \/><\/a><br \/>\n<strong>Toetage meie planeeti \/ DEDICATED.<\/strong><\/p>\n<p>T\u00f6\u00f6tame GOTSi ja Fairtrade&#8217;i sertifitseeritud puuvilla, GRS -i ringlussev\u00f5etud pol\u00fcestri ja looduslike kiududega, nagu Tencel Lyocell. Loome moodi, mis hoolitseb nii p\u00f5llumeeste kui ka klientide eest.<\/p>\n<p><a href=\"https:\/\/www.talidesign.eu\/wp\/wp-content\/uploads\/2020\/04\/our-story-climate-strike_4101.jpg\"><img loading=\"lazy\" decoding=\"async\" class=\"alignnone size-full wp-image-9480\" src=\"https:\/\/www.talidesign.eu\/wp\/wp-content\/uploads\/2020\/04\/our-story-climate-strike_4101.jpg\" alt=\"\" width=\"700\" height=\"700\" srcset=\"https:\/\/www.talidesign.eu\/wp\/wp-content\/uploads\/2020\/04\/our-story-climate-strike_4101.jpg 700w, https:\/\/www.talidesign.eu\/wp\/wp-content\/uploads\/2020\/04\/our-story-climate-strike_4101-400x400.jpg 400w, https:\/\/www.talidesign.eu\/wp\/wp-content\/uploads\/2020\/04\/our-story-climate-strike_4101-280x280.jpg 280w, https:\/\/www.talidesign.eu\/wp\/wp-content\/uploads\/2020\/04\/our-story-climate-strike_4101-500x500.jpg 500w, https:\/\/www.talidesign.eu\/wp\/wp-content\/uploads\/2020\/04\/our-story-climate-strike_4101-510x510.jpg 510w, https:\/\/www.talidesign.eu\/wp\/wp-content\/uploads\/2020\/04\/our-story-climate-strike_4101-100x100.jpg 100w\" sizes=\"auto, (max-width: 700px) 100vw, 700px\" \/><\/a><br \/>\n<a href=\"\/et\/tootekategooria\/brandid\/dedicated-et\/\"><img loading=\"lazy\" decoding=\"async\" src=\"https:\/\/www.talidesign.eu\/wp\/wp-content\/uploads\/2021\/03\/logo-2.jpg\" alt=\"\" width=\"500\" height=\"100\" class=\"alignnone size-full wp-image-24408\" \/><\/a><\/p>\n","protected":false},"excerpt":{"rendered":"<p><strong>Stockholm Coffee Mug T-s\u00e4rk Valge<\/strong><\/p>\n<p>T\u00e4iuslik T-s\u00e4rk, mis on valmistatud j\u00e4tkusuutlikult inimeste ja planeedi eest hoolt kandes.<\/p>\n<p><strong>Unisex<\/strong><\/p>\n<p>\u2022 Klassikaline l\u00f5ige<br \/>\n\u2022 \u00dcmar kaelus<br \/>\n\u2022 Siiditr\u00fckk keskkonnas\u00f5braliku veep\u00f5hise tindiga<\/p>\n<p>\u2022 Fairtrade &#038; Orgaaniline<\/p>\n<p>See toode on valmistatud 100% orgaanilisest puuvillast, mis on sertifitseeritud Fairtrade&#8217;i poolt, mis on \u00fcks rangeimaid standardeid turul.<\/p>\n<p>\u2022 <a href=\"\/et\/tootekategooria\/brandid\/dedicated-et\/\">Br\u00e4nd Dedicated<\/a><\/p>\n<p>Modell on 190cm pikk ja kannab M suurust.<\/p>\n<p><a href=\"https:\/\/www.talidesign.eu\/wp\/wp-content\/uploads\/2020\/06\/size-1.jpg\"><img loading=\"lazy\" decoding=\"async\" src=\"https:\/\/www.talidesign.eu\/wp\/wp-content\/uploads\/2020\/06\/size-1.jpg\" alt=\"\" width=\"610\" height=\"179\" class=\"alignnone size-full wp-image-12279\" srcset=\"https:\/\/www.talidesign.eu\/wp\/wp-content\/uploads\/2020\/06\/size-1.jpg 610w, https:\/\/www.talidesign.eu\/wp\/wp-content\/uploads\/2020\/06\/size-1-500x147.jpg 500w, https:\/\/www.talidesign.eu\/wp\/wp-content\/uploads\/2020\/06\/size-1-510x150.jpg 510w\" sizes=\"auto, (max-width: 610px) 100vw, 610px\" \/><\/a><\/p>\n<p><a href=\"https:\/\/www.talidesign.eu\/wp\/wp-content\/uploads\/2021\/03\/cert-2.jpg\"><img loading=\"lazy\" decoding=\"async\" src=\"https:\/\/www.talidesign.eu\/wp\/wp-content\/uploads\/2021\/03\/cert-2.jpg\" alt=\"\" width=\"428\" height=\"81\" class=\"alignnone size-full wp-image-22967\" \/><\/a><br \/>\n<strong>Toetage meie planeeti \/ DEDICATED.<\/strong><\/p>\n<p>T\u00f6\u00f6tame GOTSi ja Fairtrade&#8217;i sertifitseeritud puuvilla, GRS -i ringlussev\u00f5etud pol\u00fcestri ja looduslike kiududega, nagu Tencel Lyocell. Loome moodi, mis hoolitseb nii p\u00f5llumeeste kui ka klientide eest.<\/p>\n<p><a href=\"https:\/\/www.talidesign.eu\/wp\/wp-content\/uploads\/2020\/04\/our-story-climate-strike_4101.jpg\"><img loading=\"lazy\" decoding=\"async\" class=\"alignnone size-full wp-image-9480\" src=\"https:\/\/www.talidesign.eu\/wp\/wp-content\/uploads\/2020\/04\/our-story-climate-strike_4101.jpg\" alt=\"\" width=\"700\" height=\"700\" srcset=\"https:\/\/www.talidesign.eu\/wp\/wp-content\/uploads\/2020\/04\/our-story-climate-strike_4101.jpg 700w, https:\/\/www.talidesign.eu\/wp\/wp-content\/uploads\/2020\/04\/our-story-climate-strike_4101-400x400.jpg 400w, https:\/\/www.talidesign.eu\/wp\/wp-content\/uploads\/2020\/04\/our-story-climate-strike_4101-280x280.jpg 280w, https:\/\/www.talidesign.eu\/wp\/wp-content\/uploads\/2020\/04\/our-story-climate-strike_4101-500x500.jpg 500w, https:\/\/www.talidesign.eu\/wp\/wp-content\/uploads\/2020\/04\/our-story-climate-strike_4101-510x510.jpg 510w, https:\/\/www.talidesign.eu\/wp\/wp-content\/uploads\/2020\/04\/our-story-climate-strike_4101-100x100.jpg 100w\" sizes=\"auto, (max-width: 700px) 100vw, 700px\" \/><\/a><br \/>\n<a href=\"\/et\/tootekategooria\/brandid\/dedicated-et\/\"><img loading=\"lazy\" decoding=\"async\" src=\"https:\/\/www.talidesign.eu\/wp\/wp-content\/uploads\/2021\/03\/logo-2.jpg\" alt=\"\" width=\"500\" height=\"100\" class=\"alignnone size-full wp-image-24408\" \/><\/a><\/p>\n","protected":false},"featured_media":41334,"template":"","meta":[],"product_brand":[],"product_cat":[1042,1142,1123],"product_tag":[1585],"class_list":{"0":"post-41331","1":"product","2":"type-product","3":"status-publish","4":"has-post-thumbnail","6":"product_cat-dedicated-et","7":"product_cat-t-sargid","8":"product_cat-t-sargid-mehed","9":"product_tag-dedicated-et","11":"first","12":"outofstock","13":"taxable","14":"shipping-taxable","15":"product-type-variable"},"yoast_head":"<!-- This site is optimized with the Yoast SEO plugin v27.3 - https:\/\/yoast.com\/product\/yoast-seo-wordpress\/ -->\n<title>Dedicated Stockholm Coffee Mug T-s\u00e4rk Valge - TALI Concept Store<\/title>\n<meta name=\"description\" content=\"T\u00e4iuslik T-s\u00e4rk, mis hoolib inimestest ja planeedist. Unisex, klassikalise l\u00f5ikega, keskkonnas\u00f5braliku tr\u00fckiga. Fairtrade&#039;i ja orgaaniline. Br\u00e4nd Dedicated.\" \/>\n<meta name=\"robots\" content=\"index, follow, max-snippet:-1, max-image-preview:large, max-video-preview:-1\" \/>\n<link rel=\"canonical\" href=\"https:\/\/www.talidesign.eu\/et\/pood\/toode\/dedicated-stockholm-coffee-mug-t-sark-valge\/\" \/>\n<meta property=\"og:locale\" content=\"et_EE\" \/>\n<meta property=\"og:type\" content=\"article\" \/>\n<meta property=\"og:title\" content=\"Dedicated Stockholm Coffee Mug T-s\u00e4rk Valge - TALI Concept Store\" \/>\n<meta property=\"og:description\" content=\"T\u00e4iuslik T-s\u00e4rk, mis hoolib inimestest ja planeedist. Unisex, klassikalise l\u00f5ikega, keskkonnas\u00f5braliku tr\u00fckiga. Fairtrade&#039;i ja orgaaniline. Br\u00e4nd Dedicated.\" \/>\n<meta property=\"og:url\" content=\"https:\/\/www.talidesign.eu\/et\/pood\/toode\/dedicated-stockholm-coffee-mug-t-sark-valge\/\" \/>\n<meta property=\"og:site_name\" content=\"TALI Concept Store\" \/>\n<meta property=\"article:publisher\" content=\"https:\/\/www.facebook.com\/TaliDisain\/\" \/>\n<meta property=\"article:modified_time\" content=\"2023-02-27T08:24:49+00:00\" \/>\n<meta property=\"og:image\" content=\"https:\/\/www.talidesign.eu\/wp\/wp-content\/uploads\/2020\/06\/5250_94055f047b-coffee-mug-17627-ded-large.jpg\" \/>\n\t<meta property=\"og:image:width\" content=\"768\" \/>\n\t<meta property=\"og:image:height\" content=\"768\" \/>\n\t<meta property=\"og:image:type\" content=\"image\/jpeg\" \/>\n<meta name=\"twitter:card\" content=\"summary_large_image\" \/>\n<script type=\"application\/ld+json\" class=\"yoast-schema-graph\">{\"@context\":\"https:\\\/\\\/schema.org\",\"@graph\":[{\"@type\":\"WebPage\",\"@id\":\"https:\\\/\\\/www.talidesign.eu\\\/et\\\/pood\\\/toode\\\/dedicated-stockholm-coffee-mug-t-sark-valge\\\/\",\"url\":\"https:\\\/\\\/www.talidesign.eu\\\/et\\\/pood\\\/toode\\\/dedicated-stockholm-coffee-mug-t-sark-valge\\\/\",\"name\":\"Dedicated Stockholm Coffee Mug T-s\u00e4rk Valge - TALI Concept Store\",\"isPartOf\":{\"@id\":\"https:\\\/\\\/www.talidesign.eu\\\/et\\\/#website\"},\"primaryImageOfPage\":{\"@id\":\"https:\\\/\\\/www.talidesign.eu\\\/et\\\/pood\\\/toode\\\/dedicated-stockholm-coffee-mug-t-sark-valge\\\/#primaryimage\"},\"image\":{\"@id\":\"https:\\\/\\\/www.talidesign.eu\\\/et\\\/pood\\\/toode\\\/dedicated-stockholm-coffee-mug-t-sark-valge\\\/#primaryimage\"},\"thumbnailUrl\":\"https:\\\/\\\/www.talidesign.eu\\\/wp\\\/wp-content\\\/uploads\\\/2020\\\/06\\\/5250_94055f047b-coffee-mug-17627-ded-large.jpg\",\"datePublished\":\"2020-06-03T17:26:00+00:00\",\"dateModified\":\"2023-02-27T08:24:49+00:00\",\"description\":\"T\u00e4iuslik T-s\u00e4rk, mis hoolib inimestest ja planeedist. Unisex, klassikalise l\u00f5ikega, keskkonnas\u00f5braliku tr\u00fckiga. Fairtrade'i ja orgaaniline. Br\u00e4nd Dedicated.\",\"breadcrumb\":{\"@id\":\"https:\\\/\\\/www.talidesign.eu\\\/et\\\/pood\\\/toode\\\/dedicated-stockholm-coffee-mug-t-sark-valge\\\/#breadcrumb\"},\"inLanguage\":\"et\",\"potentialAction\":[{\"@type\":\"ReadAction\",\"target\":[\"https:\\\/\\\/www.talidesign.eu\\\/et\\\/pood\\\/toode\\\/dedicated-stockholm-coffee-mug-t-sark-valge\\\/\"]}]},{\"@type\":\"ImageObject\",\"inLanguage\":\"et\",\"@id\":\"https:\\\/\\\/www.talidesign.eu\\\/et\\\/pood\\\/toode\\\/dedicated-stockholm-coffee-mug-t-sark-valge\\\/#primaryimage\",\"url\":\"https:\\\/\\\/www.talidesign.eu\\\/wp\\\/wp-content\\\/uploads\\\/2020\\\/06\\\/5250_94055f047b-coffee-mug-17627-ded-large.jpg\",\"contentUrl\":\"https:\\\/\\\/www.talidesign.eu\\\/wp\\\/wp-content\\\/uploads\\\/2020\\\/06\\\/5250_94055f047b-coffee-mug-17627-ded-large.jpg\",\"width\":768,\"height\":768},{\"@type\":\"BreadcrumbList\",\"@id\":\"https:\\\/\\\/www.talidesign.eu\\\/et\\\/pood\\\/toode\\\/dedicated-stockholm-coffee-mug-t-sark-valge\\\/#breadcrumb\",\"itemListElement\":[{\"@type\":\"ListItem\",\"position\":1,\"name\":\"Avaleht\",\"item\":\"https:\\\/\\\/www.talidesign.eu\\\/et\\\/\"},{\"@type\":\"ListItem\",\"position\":2,\"name\":\"Pood\",\"item\":\"https:\\\/\\\/www.talidesign.eu\\\/et\\\/pood\\\/\"},{\"@type\":\"ListItem\",\"position\":3,\"name\":\"Dedicated Stockholm Coffee Mug T-s\u00e4rk Valge\"}]},{\"@type\":\"WebSite\",\"@id\":\"https:\\\/\\\/www.talidesign.eu\\\/et\\\/#website\",\"url\":\"https:\\\/\\\/www.talidesign.eu\\\/et\\\/\",\"name\":\"TALI Concept Store\",\"description\":\"Suurim Disainipood Eestis\",\"potentialAction\":[{\"@type\":\"SearchAction\",\"target\":{\"@type\":\"EntryPoint\",\"urlTemplate\":\"https:\\\/\\\/www.talidesign.eu\\\/et\\\/?s={search_term_string}\"},\"query-input\":{\"@type\":\"PropertyValueSpecification\",\"valueRequired\":true,\"valueName\":\"search_term_string\"}}],\"inLanguage\":\"et\"}]}<\/script>\n<!-- \/ Yoast SEO plugin. -->","yoast_head_json":{"title":"Dedicated Stockholm Coffee Mug T-s\u00e4rk Valge - TALI Concept Store","description":"T\u00e4iuslik T-s\u00e4rk, mis hoolib inimestest ja planeedist. Unisex, klassikalise l\u00f5ikega, keskkonnas\u00f5braliku tr\u00fckiga. Fairtrade'i ja orgaaniline. Br\u00e4nd Dedicated.","robots":{"index":"index","follow":"follow","max-snippet":"max-snippet:-1","max-image-preview":"max-image-preview:large","max-video-preview":"max-video-preview:-1"},"canonical":"https:\/\/www.talidesign.eu\/et\/pood\/toode\/dedicated-stockholm-coffee-mug-t-sark-valge\/","og_locale":"et_EE","og_type":"article","og_title":"Dedicated Stockholm Coffee Mug T-s\u00e4rk Valge - TALI Concept Store","og_description":"T\u00e4iuslik T-s\u00e4rk, mis hoolib inimestest ja planeedist. Unisex, klassikalise l\u00f5ikega, keskkonnas\u00f5braliku tr\u00fckiga. Fairtrade'i ja orgaaniline. Br\u00e4nd Dedicated.","og_url":"https:\/\/www.talidesign.eu\/et\/pood\/toode\/dedicated-stockholm-coffee-mug-t-sark-valge\/","og_site_name":"TALI Concept Store","article_publisher":"https:\/\/www.facebook.com\/TaliDisain\/","article_modified_time":"2023-02-27T08:24:49+00:00","og_image":[{"width":768,"height":768,"url":"https:\/\/www.talidesign.eu\/wp\/wp-content\/uploads\/2020\/06\/5250_94055f047b-coffee-mug-17627-ded-large.jpg","type":"image\/jpeg"}],"twitter_card":"summary_large_image","schema":{"@context":"https:\/\/schema.org","@graph":[{"@type":"WebPage","@id":"https:\/\/www.talidesign.eu\/et\/pood\/toode\/dedicated-stockholm-coffee-mug-t-sark-valge\/","url":"https:\/\/www.talidesign.eu\/et\/pood\/toode\/dedicated-stockholm-coffee-mug-t-sark-valge\/","name":"Dedicated Stockholm Coffee Mug T-s\u00e4rk Valge - TALI Concept Store","isPartOf":{"@id":"https:\/\/www.talidesign.eu\/et\/#website"},"primaryImageOfPage":{"@id":"https:\/\/www.talidesign.eu\/et\/pood\/toode\/dedicated-stockholm-coffee-mug-t-sark-valge\/#primaryimage"},"image":{"@id":"https:\/\/www.talidesign.eu\/et\/pood\/toode\/dedicated-stockholm-coffee-mug-t-sark-valge\/#primaryimage"},"thumbnailUrl":"https:\/\/www.talidesign.eu\/wp\/wp-content\/uploads\/2020\/06\/5250_94055f047b-coffee-mug-17627-ded-large.jpg","datePublished":"2020-06-03T17:26:00+00:00","dateModified":"2023-02-27T08:24:49+00:00","description":"T\u00e4iuslik T-s\u00e4rk, mis hoolib inimestest ja planeedist. Unisex, klassikalise l\u00f5ikega, keskkonnas\u00f5braliku tr\u00fckiga. Fairtrade'i ja orgaaniline. Br\u00e4nd Dedicated.","breadcrumb":{"@id":"https:\/\/www.talidesign.eu\/et\/pood\/toode\/dedicated-stockholm-coffee-mug-t-sark-valge\/#breadcrumb"},"inLanguage":"et","potentialAction":[{"@type":"ReadAction","target":["https:\/\/www.talidesign.eu\/et\/pood\/toode\/dedicated-stockholm-coffee-mug-t-sark-valge\/"]}]},{"@type":"ImageObject","inLanguage":"et","@id":"https:\/\/www.talidesign.eu\/et\/pood\/toode\/dedicated-stockholm-coffee-mug-t-sark-valge\/#primaryimage","url":"https:\/\/www.talidesign.eu\/wp\/wp-content\/uploads\/2020\/06\/5250_94055f047b-coffee-mug-17627-ded-large.jpg","contentUrl":"https:\/\/www.talidesign.eu\/wp\/wp-content\/uploads\/2020\/06\/5250_94055f047b-coffee-mug-17627-ded-large.jpg","width":768,"height":768},{"@type":"BreadcrumbList","@id":"https:\/\/www.talidesign.eu\/et\/pood\/toode\/dedicated-stockholm-coffee-mug-t-sark-valge\/#breadcrumb","itemListElement":[{"@type":"ListItem","position":1,"name":"Avaleht","item":"https:\/\/www.talidesign.eu\/et\/"},{"@type":"ListItem","position":2,"name":"Pood","item":"https:\/\/www.talidesign.eu\/et\/pood\/"},{"@type":"ListItem","position":3,"name":"Dedicated Stockholm Coffee Mug T-s\u00e4rk Valge"}]},{"@type":"WebSite","@id":"https:\/\/www.talidesign.eu\/et\/#website","url":"https:\/\/www.talidesign.eu\/et\/","name":"TALI Concept Store","description":"Suurim Disainipood Eestis","potentialAction":[{"@type":"SearchAction","target":{"@type":"EntryPoint","urlTemplate":"https:\/\/www.talidesign.eu\/et\/?s={search_term_string}"},"query-input":{"@type":"PropertyValueSpecification","valueRequired":true,"valueName":"search_term_string"}}],"inLanguage":"et"}]}},"_links":{"self":[{"href":"https:\/\/www.talidesign.eu\/et\/wp-json\/wp\/v2\/product\/41331","targetHints":{"allow":["GET"]}}],"collection":[{"href":"https:\/\/www.talidesign.eu\/et\/wp-json\/wp\/v2\/product"}],"about":[{"href":"https:\/\/www.talidesign.eu\/et\/wp-json\/wp\/v2\/types\/product"}],"wp:featuredmedia":[{"embeddable":true,"href":"https:\/\/www.talidesign.eu\/et\/wp-json\/wp\/v2\/media\/41334"}],"wp:attachment":[{"href":"https:\/\/www.talidesign.eu\/et\/wp-json\/wp\/v2\/media?parent=41331"}],"wp:term":[{"taxonomy":"product_brand","embeddable":true,"href":"https:\/\/www.talidesign.eu\/et\/wp-json\/wp\/v2\/product_brand?post=41331"},{"taxonomy":"product_cat","embeddable":true,"href":"https:\/\/www.talidesign.eu\/et\/wp-json\/wp\/v2\/product_cat?post=41331"},{"taxonomy":"product_tag","embeddable":true,"href":"https:\/\/www.talidesign.eu\/et\/wp-json\/wp\/v2\/product_tag?post=41331"}],"curies":[{"name":"wp","href":"https:\/\/api.w.org\/{rel}","templated":true}]}}