{"id":41511,"date":"2020-08-11T20:57:49","date_gmt":"2020-08-11T17:57:49","guid":{"rendered":"https:\/\/www.talidesign.eu\/shop\/product\/kirju-organic-unicorn-tshirt-white\/"},"modified":"2022-11-21T11:44:32","modified_gmt":"2022-11-21T09:44:32","slug":"kirju-orgaaniline-unicorn-t-sark-valge","status":"publish","type":"product","link":"https:\/\/www.talidesign.eu\/et\/pood\/toode\/kirju-orgaaniline-unicorn-t-sark-valge\/","title":{"rendered":"Kirju Orgaaniline &#8220;Unicorn&#8221; T-s\u00e4rk Valge"},"content":{"rendered":"<p><strong>Orgaaniline &#8220;Unicorn&#8221; T-s\u00e4rk Valge<\/strong><\/p>\n<p>\u2022 <a href=\"\/et\/tootekategooria\/brandid\/kirju-co-et\/\">Br\u00e4nd KIRJU.CO<\/a><br \/>\n\u2022 Unisex t-s\u00e4rk<br \/>\n\u2022 100% sertifitseeritud orgaaniline puuvill<br \/>\n\u2022 V\u00e4rv : Valge<br \/>\n\u2022 Disainitud Eestis, valmistatud Portugalis<\/p>\n<p>GOTS orgaaniline puuvill &#8211; ilma toksiliste kemikaalide ja pestitsiidideta.<\/p>\n<p><a href=\"https:\/\/www.talidesign.eu\/wp\/wp-content\/uploads\/2020\/05\/GOTS_small.jpg\"><img loading=\"lazy\" decoding=\"async\" class=\"alignnone wp-image-9757\" src=\"https:\/\/www.talidesign.eu\/wp\/wp-content\/uploads\/2020\/05\/GOTS_small.jpg\" alt=\"\" width=\"178\" height=\"87\" srcset=\"https:\/\/www.talidesign.eu\/wp\/wp-content\/uploads\/2020\/05\/GOTS_small.jpg 600w, https:\/\/www.talidesign.eu\/wp\/wp-content\/uploads\/2020\/05\/GOTS_small-500x245.jpg 500w, https:\/\/www.talidesign.eu\/wp\/wp-content\/uploads\/2020\/05\/GOTS_small-510x250.jpg 510w\" sizes=\"auto, (max-width: 178px) 100vw, 178px\" \/><\/a><br \/>\n&nbsp;<br \/>\n&nbsp;<br \/>\n<a href=\"https:\/\/www.talidesign.eu\/wp\/wp-content\/uploads\/2020\/05\/Unisex_size_picture-scaled.jpg\"><img loading=\"lazy\" decoding=\"async\" src=\"https:\/\/www.talidesign.eu\/wp\/wp-content\/uploads\/2020\/05\/Unisex_size_picture-scaled.jpg\" alt=\"\" width=\"1722\" height=\"2560\" class=\"alignnone size-full wp-image-9687\" srcset=\"https:\/\/www.talidesign.eu\/wp\/wp-content\/uploads\/2020\/05\/Unisex_size_picture-scaled.jpg 1722w, https:\/\/www.talidesign.eu\/wp\/wp-content\/uploads\/2020\/05\/Unisex_size_picture-269x400.jpg 269w, https:\/\/www.talidesign.eu\/wp\/wp-content\/uploads\/2020\/05\/Unisex_size_picture-538x800.jpg 538w, https:\/\/www.talidesign.eu\/wp\/wp-content\/uploads\/2020\/05\/Unisex_size_picture-768x1142.jpg 768w, https:\/\/www.talidesign.eu\/wp\/wp-content\/uploads\/2020\/05\/Unisex_size_picture-1033x1536.jpg 1033w, https:\/\/www.talidesign.eu\/wp\/wp-content\/uploads\/2020\/05\/Unisex_size_picture-1378x2048.jpg 1378w, https:\/\/www.talidesign.eu\/wp\/wp-content\/uploads\/2020\/05\/Unisex_size_picture-500x743.jpg 500w, https:\/\/www.talidesign.eu\/wp\/wp-content\/uploads\/2020\/05\/Unisex_size_picture-510x758.jpg 510w\" sizes=\"auto, (max-width: 1722px) 100vw, 1722px\" \/><\/a><br \/>\n<strong>Br\u00e4ndist<\/strong><\/p>\n<p>Eesti arhitekti poolt loodud br\u00e4nd KIRJU.CO on tuntud oma graafilise joone ning minimalistliku vormi t\u00f5ttu, sealjuures pidades v\u00e4ga oluliseks ka loomingu m\u00e4ngulisust. Juba 10 aastat tegutsenud br\u00e4nd on l\u00e4bi pidevalt uuenevate kollektsioonide s\u00e4ilitanud oma algsed loomamotiivid, millest on kujunenud KIRJU.CO firmam\u00e4rk. Lisaks kesksetele geomeetrilistele vormidele esinevad stiliseeritud taime- ja loomamotiivid paralleelselt paljudes kollektsioonides.<\/p>\n<p>KIRJU.CO tunnustab iga p\u00e4eva\u2026 iga hetke, v\u00e4\u00e4rtustab elu kergust ja imetleb selle kulgu. Streetwear br\u00e4ndina on k\u00f5ik meie tooted loodud kestma ning m\u00f5eldud igap\u00e4evaseks kandmiseks.<\/p>\n<p><a href=\"\/et\/tootekategooria\/brandid\/kirju-co-et\/\"><img loading=\"lazy\" decoding=\"async\" src=\"https:\/\/www.talidesign.eu\/wp\/wp-content\/uploads\/2021\/03\/logo-1.jpg\" alt=\"\" width=\"500\" height=\"100\" class=\"alignnone size-full wp-image-24054\" \/><\/a><\/p>\n","protected":false},"excerpt":{"rendered":"<p><strong>Orgaaniline &#8220;Unicorn&#8221; T-s\u00e4rk Valge<\/strong><\/p>\n<p>\u2022 <a href=\"\/et\/tootekategooria\/brandid\/kirju-co-et\/\">Br\u00e4nd KIRJU.CO<\/a><br \/>\n\u2022 Unisex t-s\u00e4rk<br \/>\n\u2022 100% sertifitseeritud orgaaniline puuvill<br \/>\n\u2022 V\u00e4rv : Valge<br \/>\n\u2022 V\u00e4rviline siiditr\u00fckk<br \/>\n\u2022 Disainitud Eestis, valmistatud Portugalis<\/p>\n<p>GOTS orgaaniline puuvill &#8211; ilma toksiliste kemikaalide ja pestitsiidideta.<\/p>\n<p><a href=\"https:\/\/www.talidesign.eu\/wp\/wp-content\/uploads\/2020\/05\/GOTS_small.jpg\"><img loading=\"lazy\" decoding=\"async\" class=\"alignnone wp-image-9757\" src=\"https:\/\/www.talidesign.eu\/wp\/wp-content\/uploads\/2020\/05\/GOTS_small.jpg\" alt=\"\" width=\"178\" height=\"87\" srcset=\"https:\/\/www.talidesign.eu\/wp\/wp-content\/uploads\/2020\/05\/GOTS_small.jpg 600w, https:\/\/www.talidesign.eu\/wp\/wp-content\/uploads\/2020\/05\/GOTS_small-500x245.jpg 500w, https:\/\/www.talidesign.eu\/wp\/wp-content\/uploads\/2020\/05\/GOTS_small-510x250.jpg 510w\" sizes=\"auto, (max-width: 178px) 100vw, 178px\" \/><\/a><br \/>\n&nbsp;<br \/>\n&nbsp;<br \/>\n<a href=\"https:\/\/www.talidesign.eu\/wp\/wp-content\/uploads\/2020\/05\/Unisex_size_picture-scaled.jpg\"><img loading=\"lazy\" decoding=\"async\" src=\"https:\/\/www.talidesign.eu\/wp\/wp-content\/uploads\/2020\/05\/Unisex_size_picture-scaled.jpg\" alt=\"\" width=\"1722\" height=\"2560\" class=\"alignnone size-full wp-image-9687\" srcset=\"https:\/\/www.talidesign.eu\/wp\/wp-content\/uploads\/2020\/05\/Unisex_size_picture-scaled.jpg 1722w, https:\/\/www.talidesign.eu\/wp\/wp-content\/uploads\/2020\/05\/Unisex_size_picture-269x400.jpg 269w, https:\/\/www.talidesign.eu\/wp\/wp-content\/uploads\/2020\/05\/Unisex_size_picture-538x800.jpg 538w, https:\/\/www.talidesign.eu\/wp\/wp-content\/uploads\/2020\/05\/Unisex_size_picture-768x1142.jpg 768w, https:\/\/www.talidesign.eu\/wp\/wp-content\/uploads\/2020\/05\/Unisex_size_picture-1033x1536.jpg 1033w, https:\/\/www.talidesign.eu\/wp\/wp-content\/uploads\/2020\/05\/Unisex_size_picture-1378x2048.jpg 1378w, https:\/\/www.talidesign.eu\/wp\/wp-content\/uploads\/2020\/05\/Unisex_size_picture-500x743.jpg 500w, https:\/\/www.talidesign.eu\/wp\/wp-content\/uploads\/2020\/05\/Unisex_size_picture-510x758.jpg 510w\" sizes=\"auto, (max-width: 1722px) 100vw, 1722px\" \/><\/a><br \/>\n<strong>Br\u00e4ndist<\/strong><\/p>\n<p>Eesti arhitekti poolt loodud br\u00e4nd KIRJU.CO on tuntud oma graafilise joone ning minimalistliku vormi t\u00f5ttu, sealjuures pidades v\u00e4ga oluliseks ka loomingu m\u00e4ngulisust. Juba 10 aastat tegutsenud br\u00e4nd on l\u00e4bi pidevalt uuenevate kollektsioonide s\u00e4ilitanud oma algsed loomamotiivid, millest on kujunenud KIRJU.CO firmam\u00e4rk. Lisaks kesksetele geomeetrilistele vormidele esinevad stiliseeritud taime- ja loomamotiivid paralleelselt paljudes kollektsioonides.<\/p>\n<p>KIRJU.CO tunnustab iga p\u00e4eva\u2026 iga hetke, v\u00e4\u00e4rtustab elu kergust ja imetleb selle kulgu. Streetwear br\u00e4ndina on k\u00f5ik meie tooted loodud kestma ning m\u00f5eldud igap\u00e4evaseks kandmiseks.<\/p>\n<p><a href=\"\/et\/tootekategooria\/brandid\/kirju-co-et\/\"><img loading=\"lazy\" decoding=\"async\" src=\"https:\/\/www.talidesign.eu\/wp\/wp-content\/uploads\/2021\/03\/logo-1.jpg\" alt=\"\" width=\"500\" height=\"100\" class=\"alignnone size-full wp-image-24054\" \/><\/a><\/p>\n","protected":false},"featured_media":41516,"template":"","meta":[],"product_brand":[],"product_cat":[1177,1026,1054,1142],"product_tag":[1338],"class_list":{"0":"post-41511","1":"product","2":"type-product","3":"status-publish","4":"has-post-thumbnail","6":"product_cat-allahindlus","7":"product_cat-brandid","8":"product_cat-kirju-co-et","9":"product_cat-t-sargid","10":"product_tag-kirju-clothes-et","12":"first","13":"outofstock","14":"taxable","15":"shipping-taxable","16":"purchasable","17":"product-type-variable"},"yoast_head":"<!-- This site is optimized with the Yoast SEO plugin v27.3 - https:\/\/yoast.com\/product\/yoast-seo-wordpress\/ -->\n<title>KIRJU.CO - Kirju Orgaaniline &quot;Unicorn&quot; T-s\u00e4rk Valge - TALI Concept Store<\/title>\n<meta name=\"description\" content=\"Kirju Orgaaniline &quot;Unicorn&quot; T-s\u00e4rk Valge - Br\u00e4nd KIRJU.CO, unisex t-s\u00e4rk, 100% sertifitseeritud orgaaniline puuvill, disainitud Eestis, valmistatud Portugalis.\" \/>\n<meta name=\"robots\" content=\"index, follow, max-snippet:-1, max-image-preview:large, max-video-preview:-1\" \/>\n<link rel=\"canonical\" href=\"https:\/\/www.talidesign.eu\/et\/pood\/toode\/kirju-orgaaniline-unicorn-t-sark-valge\/\" \/>\n<meta property=\"og:locale\" content=\"et_EE\" \/>\n<meta property=\"og:type\" content=\"article\" \/>\n<meta property=\"og:title\" content=\"KIRJU.CO - Kirju Orgaaniline &quot;Unicorn&quot; T-s\u00e4rk Valge - TALI Concept Store\" \/>\n<meta property=\"og:description\" content=\"Kirju Orgaaniline &quot;Unicorn&quot; T-s\u00e4rk Valge - Br\u00e4nd KIRJU.CO, unisex t-s\u00e4rk, 100% sertifitseeritud orgaaniline puuvill, disainitud Eestis, valmistatud Portugalis.\" \/>\n<meta property=\"og:url\" content=\"https:\/\/www.talidesign.eu\/et\/pood\/toode\/kirju-orgaaniline-unicorn-t-sark-valge\/\" \/>\n<meta property=\"og:site_name\" content=\"TALI Concept Store\" \/>\n<meta property=\"article:publisher\" content=\"https:\/\/www.facebook.com\/TaliDisain\/\" \/>\n<meta property=\"article:modified_time\" content=\"2022-11-21T09:44:32+00:00\" \/>\n<meta property=\"og:image\" content=\"https:\/\/www.talidesign.eu\/wp\/wp-content\/uploads\/2020\/08\/Kirju-Organic-Unicorn-Tshirt-White-1.jpg\" \/>\n\t<meta property=\"og:image:width\" content=\"800\" \/>\n\t<meta property=\"og:image:height\" content=\"800\" \/>\n\t<meta property=\"og:image:type\" content=\"image\/jpeg\" \/>\n<meta name=\"twitter:card\" content=\"summary_large_image\" \/>\n<meta name=\"twitter:label1\" content=\"Est. reading time\" \/>\n\t<meta name=\"twitter:data1\" content=\"1 minute\" \/>\n<script type=\"application\/ld+json\" class=\"yoast-schema-graph\">{\"@context\":\"https:\\\/\\\/schema.org\",\"@graph\":[{\"@type\":\"WebPage\",\"@id\":\"https:\\\/\\\/www.talidesign.eu\\\/et\\\/pood\\\/toode\\\/kirju-orgaaniline-unicorn-t-sark-valge\\\/\",\"url\":\"https:\\\/\\\/www.talidesign.eu\\\/et\\\/pood\\\/toode\\\/kirju-orgaaniline-unicorn-t-sark-valge\\\/\",\"name\":\"KIRJU.CO - Kirju Orgaaniline \\\"Unicorn\\\" T-s\u00e4rk Valge - TALI Concept Store\",\"isPartOf\":{\"@id\":\"https:\\\/\\\/www.talidesign.eu\\\/et\\\/#website\"},\"primaryImageOfPage\":{\"@id\":\"https:\\\/\\\/www.talidesign.eu\\\/et\\\/pood\\\/toode\\\/kirju-orgaaniline-unicorn-t-sark-valge\\\/#primaryimage\"},\"image\":{\"@id\":\"https:\\\/\\\/www.talidesign.eu\\\/et\\\/pood\\\/toode\\\/kirju-orgaaniline-unicorn-t-sark-valge\\\/#primaryimage\"},\"thumbnailUrl\":\"https:\\\/\\\/www.talidesign.eu\\\/wp\\\/wp-content\\\/uploads\\\/2020\\\/08\\\/Kirju-Organic-Unicorn-Tshirt-White-1.jpg\",\"datePublished\":\"2020-08-11T17:57:49+00:00\",\"dateModified\":\"2022-11-21T09:44:32+00:00\",\"description\":\"Kirju Orgaaniline \\\"Unicorn\\\" T-s\u00e4rk Valge - Br\u00e4nd KIRJU.CO, unisex t-s\u00e4rk, 100% sertifitseeritud orgaaniline puuvill, disainitud Eestis, valmistatud Portugalis.\",\"breadcrumb\":{\"@id\":\"https:\\\/\\\/www.talidesign.eu\\\/et\\\/pood\\\/toode\\\/kirju-orgaaniline-unicorn-t-sark-valge\\\/#breadcrumb\"},\"inLanguage\":\"et\",\"potentialAction\":[{\"@type\":\"ReadAction\",\"target\":[\"https:\\\/\\\/www.talidesign.eu\\\/et\\\/pood\\\/toode\\\/kirju-orgaaniline-unicorn-t-sark-valge\\\/\"]}]},{\"@type\":\"ImageObject\",\"inLanguage\":\"et\",\"@id\":\"https:\\\/\\\/www.talidesign.eu\\\/et\\\/pood\\\/toode\\\/kirju-orgaaniline-unicorn-t-sark-valge\\\/#primaryimage\",\"url\":\"https:\\\/\\\/www.talidesign.eu\\\/wp\\\/wp-content\\\/uploads\\\/2020\\\/08\\\/Kirju-Organic-Unicorn-Tshirt-White-1.jpg\",\"contentUrl\":\"https:\\\/\\\/www.talidesign.eu\\\/wp\\\/wp-content\\\/uploads\\\/2020\\\/08\\\/Kirju-Organic-Unicorn-Tshirt-White-1.jpg\",\"width\":800,\"height\":800},{\"@type\":\"BreadcrumbList\",\"@id\":\"https:\\\/\\\/www.talidesign.eu\\\/et\\\/pood\\\/toode\\\/kirju-orgaaniline-unicorn-t-sark-valge\\\/#breadcrumb\",\"itemListElement\":[{\"@type\":\"ListItem\",\"position\":1,\"name\":\"Avaleht\",\"item\":\"https:\\\/\\\/www.talidesign.eu\\\/et\\\/\"},{\"@type\":\"ListItem\",\"position\":2,\"name\":\"Pood\",\"item\":\"https:\\\/\\\/www.talidesign.eu\\\/et\\\/pood\\\/\"},{\"@type\":\"ListItem\",\"position\":3,\"name\":\"Kirju Orgaaniline &#8220;Unicorn&#8221; T-s\u00e4rk Valge\"}]},{\"@type\":\"WebSite\",\"@id\":\"https:\\\/\\\/www.talidesign.eu\\\/et\\\/#website\",\"url\":\"https:\\\/\\\/www.talidesign.eu\\\/et\\\/\",\"name\":\"TALI Concept Store\",\"description\":\"Suurim Disainipood Eestis\",\"potentialAction\":[{\"@type\":\"SearchAction\",\"target\":{\"@type\":\"EntryPoint\",\"urlTemplate\":\"https:\\\/\\\/www.talidesign.eu\\\/et\\\/?s={search_term_string}\"},\"query-input\":{\"@type\":\"PropertyValueSpecification\",\"valueRequired\":true,\"valueName\":\"search_term_string\"}}],\"inLanguage\":\"et\"}]}<\/script>\n<!-- \/ Yoast SEO plugin. -->","yoast_head_json":{"title":"KIRJU.CO - Kirju Orgaaniline \"Unicorn\" T-s\u00e4rk Valge - TALI Concept Store","description":"Kirju Orgaaniline \"Unicorn\" T-s\u00e4rk Valge - Br\u00e4nd KIRJU.CO, unisex t-s\u00e4rk, 100% sertifitseeritud orgaaniline puuvill, disainitud Eestis, valmistatud Portugalis.","robots":{"index":"index","follow":"follow","max-snippet":"max-snippet:-1","max-image-preview":"max-image-preview:large","max-video-preview":"max-video-preview:-1"},"canonical":"https:\/\/www.talidesign.eu\/et\/pood\/toode\/kirju-orgaaniline-unicorn-t-sark-valge\/","og_locale":"et_EE","og_type":"article","og_title":"KIRJU.CO - Kirju Orgaaniline \"Unicorn\" T-s\u00e4rk Valge - TALI Concept Store","og_description":"Kirju Orgaaniline \"Unicorn\" T-s\u00e4rk Valge - Br\u00e4nd KIRJU.CO, unisex t-s\u00e4rk, 100% sertifitseeritud orgaaniline puuvill, disainitud Eestis, valmistatud Portugalis.","og_url":"https:\/\/www.talidesign.eu\/et\/pood\/toode\/kirju-orgaaniline-unicorn-t-sark-valge\/","og_site_name":"TALI Concept Store","article_publisher":"https:\/\/www.facebook.com\/TaliDisain\/","article_modified_time":"2022-11-21T09:44:32+00:00","og_image":[{"width":800,"height":800,"url":"https:\/\/www.talidesign.eu\/wp\/wp-content\/uploads\/2020\/08\/Kirju-Organic-Unicorn-Tshirt-White-1.jpg","type":"image\/jpeg"}],"twitter_card":"summary_large_image","twitter_misc":{"Est. reading time":"1 minute"},"schema":{"@context":"https:\/\/schema.org","@graph":[{"@type":"WebPage","@id":"https:\/\/www.talidesign.eu\/et\/pood\/toode\/kirju-orgaaniline-unicorn-t-sark-valge\/","url":"https:\/\/www.talidesign.eu\/et\/pood\/toode\/kirju-orgaaniline-unicorn-t-sark-valge\/","name":"KIRJU.CO - Kirju Orgaaniline \"Unicorn\" T-s\u00e4rk Valge - TALI Concept Store","isPartOf":{"@id":"https:\/\/www.talidesign.eu\/et\/#website"},"primaryImageOfPage":{"@id":"https:\/\/www.talidesign.eu\/et\/pood\/toode\/kirju-orgaaniline-unicorn-t-sark-valge\/#primaryimage"},"image":{"@id":"https:\/\/www.talidesign.eu\/et\/pood\/toode\/kirju-orgaaniline-unicorn-t-sark-valge\/#primaryimage"},"thumbnailUrl":"https:\/\/www.talidesign.eu\/wp\/wp-content\/uploads\/2020\/08\/Kirju-Organic-Unicorn-Tshirt-White-1.jpg","datePublished":"2020-08-11T17:57:49+00:00","dateModified":"2022-11-21T09:44:32+00:00","description":"Kirju Orgaaniline \"Unicorn\" T-s\u00e4rk Valge - Br\u00e4nd KIRJU.CO, unisex t-s\u00e4rk, 100% sertifitseeritud orgaaniline puuvill, disainitud Eestis, valmistatud Portugalis.","breadcrumb":{"@id":"https:\/\/www.talidesign.eu\/et\/pood\/toode\/kirju-orgaaniline-unicorn-t-sark-valge\/#breadcrumb"},"inLanguage":"et","potentialAction":[{"@type":"ReadAction","target":["https:\/\/www.talidesign.eu\/et\/pood\/toode\/kirju-orgaaniline-unicorn-t-sark-valge\/"]}]},{"@type":"ImageObject","inLanguage":"et","@id":"https:\/\/www.talidesign.eu\/et\/pood\/toode\/kirju-orgaaniline-unicorn-t-sark-valge\/#primaryimage","url":"https:\/\/www.talidesign.eu\/wp\/wp-content\/uploads\/2020\/08\/Kirju-Organic-Unicorn-Tshirt-White-1.jpg","contentUrl":"https:\/\/www.talidesign.eu\/wp\/wp-content\/uploads\/2020\/08\/Kirju-Organic-Unicorn-Tshirt-White-1.jpg","width":800,"height":800},{"@type":"BreadcrumbList","@id":"https:\/\/www.talidesign.eu\/et\/pood\/toode\/kirju-orgaaniline-unicorn-t-sark-valge\/#breadcrumb","itemListElement":[{"@type":"ListItem","position":1,"name":"Avaleht","item":"https:\/\/www.talidesign.eu\/et\/"},{"@type":"ListItem","position":2,"name":"Pood","item":"https:\/\/www.talidesign.eu\/et\/pood\/"},{"@type":"ListItem","position":3,"name":"Kirju Orgaaniline &#8220;Unicorn&#8221; T-s\u00e4rk Valge"}]},{"@type":"WebSite","@id":"https:\/\/www.talidesign.eu\/et\/#website","url":"https:\/\/www.talidesign.eu\/et\/","name":"TALI Concept Store","description":"Suurim Disainipood Eestis","potentialAction":[{"@type":"SearchAction","target":{"@type":"EntryPoint","urlTemplate":"https:\/\/www.talidesign.eu\/et\/?s={search_term_string}"},"query-input":{"@type":"PropertyValueSpecification","valueRequired":true,"valueName":"search_term_string"}}],"inLanguage":"et"}]}},"_links":{"self":[{"href":"https:\/\/www.talidesign.eu\/et\/wp-json\/wp\/v2\/product\/41511","targetHints":{"allow":["GET"]}}],"collection":[{"href":"https:\/\/www.talidesign.eu\/et\/wp-json\/wp\/v2\/product"}],"about":[{"href":"https:\/\/www.talidesign.eu\/et\/wp-json\/wp\/v2\/types\/product"}],"wp:featuredmedia":[{"embeddable":true,"href":"https:\/\/www.talidesign.eu\/et\/wp-json\/wp\/v2\/media\/41516"}],"wp:attachment":[{"href":"https:\/\/www.talidesign.eu\/et\/wp-json\/wp\/v2\/media?parent=41511"}],"wp:term":[{"taxonomy":"product_brand","embeddable":true,"href":"https:\/\/www.talidesign.eu\/et\/wp-json\/wp\/v2\/product_brand?post=41511"},{"taxonomy":"product_cat","embeddable":true,"href":"https:\/\/www.talidesign.eu\/et\/wp-json\/wp\/v2\/product_cat?post=41511"},{"taxonomy":"product_tag","embeddable":true,"href":"https:\/\/www.talidesign.eu\/et\/wp-json\/wp\/v2\/product_tag?post=41511"}],"curies":[{"name":"wp","href":"https:\/\/api.w.org\/{rel}","templated":true}]}}