{"id":43483,"date":"2021-09-08T16:09:38","date_gmt":"2021-09-08T13:09:38","guid":{"rendered":"https:\/\/www.talidesign.eu\/shop\/product\/march-reflective-tote-splash-print\/"},"modified":"2024-10-16T16:50:53","modified_gmt":"2024-10-16T13:50:53","slug":"march-helkiv-tote-splash","status":"publish","type":"product","link":"https:\/\/www.talidesign.eu\/et\/pood\/toode\/march-helkiv-tote-splash\/","title":{"rendered":"March Helkiv Tote SPLASH"},"content":{"rendered":"<p><strong>Helkiv Tote SPLASH<\/strong><\/p>\n<p>J\u00e4tke oma vanaaegne helkur koju. Haarake see kott, mis on loodud s\u00e4ramiseks. Olge \u00f6\u00f6sel n\u00e4htav! <\/p>\n<p>\u2022 Pestav, kauakestev peegeldav tr\u00fckk ja tekstiil, sisetasku v\u00e4ikeste asjade jaoks<br \/>\n\u2022 Suurus: 33 x 41 cm<br \/>\n\u2022 Materjal: 65% pol\u00fcester, 35% puuvill<br \/>\n\u2022 <a href=\"\/et\/tootekategooria\/brandid\/march-design-studio\/\">Br\u00e4nd March design studio<\/a><\/p>\n<p><strong>B\u00e4rndist!<\/strong><\/p>\n<p>Disainistuudio MARCH asutati aastal 2012. Alguses olime v\u00e4ike ettev\u00f5te Vilniuses &#8211; m\u00f5ne aastaga on meist saanud rahvusvaheliselt tunnustatud kaubam\u00e4rk, kelle tooteid m\u00fc\u00fcakse enam kui 50 riigis \u00fcle maailma.<\/p>\n<p><a href=\"\/et\/tootekategooria\/brandid\/march-design-studio\/\"><img loading=\"lazy\" decoding=\"async\" src=\"https:\/\/www.talidesign.eu\/wp\/wp-content\/uploads\/2021\/09\/march.jpg\" alt=\"\" width=\"500\" height=\"100\" class=\"alignnone size-full wp-image-34588\" \/><\/a><\/p>\n","protected":false},"excerpt":{"rendered":"<p><strong>Helkiv Tote SPLASH<\/strong><\/p>\n<p>J\u00e4tke oma vanaaegne helkur koju. Haarake see kott, mis on loodud s\u00e4ramiseks. Olge \u00f6\u00f6sel n\u00e4htav! <\/p>\n<p>\u2022 Pestav, kauakestev peegeldav tr\u00fckk ja tekstiil, sisetasku v\u00e4ikeste asjade jaoks<br \/>\n\u2022 Suurus: 33 x 41 cm<br \/>\n\u2022 Materjal: 65% pol\u00fcester, 35% puuvill<br \/>\n\u2022 <a href=\"\/et\/tootekategooria\/brandid\/march-design-studio\/\">Br\u00e4nd March design studio<\/a><\/p>\n<p><strong>B\u00e4rndist!<\/strong><\/p>\n<p>Disainistuudio MARCH asutati aastal 2012. Alguses olime v\u00e4ike ettev\u00f5te Vilniuses &#8211; m\u00f5ne aastaga on meist saanud rahvusvaheliselt tunnustatud kaubam\u00e4rk, kelle tooteid m\u00fc\u00fcakse enam kui 50 riigis \u00fcle maailma.<\/p>\n<p><a href=\"\/et\/tootekategooria\/brandid\/march-design-studio\/\"><img loading=\"lazy\" decoding=\"async\" src=\"https:\/\/www.talidesign.eu\/wp\/wp-content\/uploads\/2021\/09\/march.jpg\" alt=\"\" width=\"500\" height=\"100\" class=\"alignnone size-full wp-image-34588\" \/><\/a><\/p>\n","protected":false},"featured_media":43487,"template":"","meta":[],"product_brand":[],"product_cat":[1026,1170,1126,1131,1065],"product_tag":[1748],"class_list":{"0":"post-43483","1":"product","2":"type-product","3":"status-publish","4":"has-post-thumbnail","6":"product_cat-brandid","7":"product_cat-helkurid","8":"product_cat-meeste-helkurid","9":"product_cat-naiste-kotid","10":"product_cat-march-design-studio","11":"product_tag-march-design-studio-et","13":"first","14":"outofstock","15":"taxable","16":"shipping-taxable","17":"purchasable","18":"product-type-simple"},"yoast_head":"<!-- This site is optimized with the Yoast SEO plugin v27.3 - https:\/\/yoast.com\/product\/yoast-seo-wordpress\/ -->\n<title>March Helkiv Tote SPLASH - TALI Concept Store<\/title>\n<meta name=\"description\" content=\"March Helkiv Tote SPLASH - olge \u00f6\u00f6sel n\u00e4htav! Pestav, peegeldav tr\u00fckk ja sisetasku v\u00e4ikeste asjade jaoks. Suurus: 33 x 41 cm. Br\u00e4nd: March design studio.\" \/>\n<meta name=\"robots\" content=\"index, follow, max-snippet:-1, max-image-preview:large, max-video-preview:-1\" \/>\n<link rel=\"canonical\" href=\"https:\/\/www.talidesign.eu\/et\/pood\/toode\/march-helkiv-tote-splash\/\" \/>\n<meta property=\"og:locale\" content=\"et_EE\" \/>\n<meta property=\"og:type\" content=\"article\" \/>\n<meta property=\"og:title\" content=\"March Helkiv Tote SPLASH - TALI Concept Store\" \/>\n<meta property=\"og:description\" content=\"March Helkiv Tote SPLASH - olge \u00f6\u00f6sel n\u00e4htav! Pestav, peegeldav tr\u00fckk ja sisetasku v\u00e4ikeste asjade jaoks. Suurus: 33 x 41 cm. Br\u00e4nd: March design studio.\" \/>\n<meta property=\"og:url\" content=\"https:\/\/www.talidesign.eu\/et\/pood\/toode\/march-helkiv-tote-splash\/\" \/>\n<meta property=\"og:site_name\" content=\"TALI Concept Store\" \/>\n<meta property=\"article:publisher\" content=\"https:\/\/www.facebook.com\/TaliDisain\/\" \/>\n<meta property=\"article:modified_time\" content=\"2024-10-16T13:50:53+00:00\" \/>\n<meta property=\"og:image\" content=\"https:\/\/www.talidesign.eu\/wp\/wp-content\/uploads\/2021\/09\/march-reflective-tote-splash-print.jpg\" \/>\n\t<meta property=\"og:image:width\" content=\"768\" \/>\n\t<meta property=\"og:image:height\" content=\"768\" \/>\n\t<meta property=\"og:image:type\" content=\"image\/jpeg\" \/>\n<meta name=\"twitter:card\" content=\"summary_large_image\" \/>\n<script type=\"application\/ld+json\" class=\"yoast-schema-graph\">{\"@context\":\"https:\\\/\\\/schema.org\",\"@graph\":[{\"@type\":\"WebPage\",\"@id\":\"https:\\\/\\\/www.talidesign.eu\\\/et\\\/pood\\\/toode\\\/march-helkiv-tote-splash\\\/\",\"url\":\"https:\\\/\\\/www.talidesign.eu\\\/et\\\/pood\\\/toode\\\/march-helkiv-tote-splash\\\/\",\"name\":\"March Helkiv Tote SPLASH - TALI Concept Store\",\"isPartOf\":{\"@id\":\"https:\\\/\\\/www.talidesign.eu\\\/et\\\/#website\"},\"primaryImageOfPage\":{\"@id\":\"https:\\\/\\\/www.talidesign.eu\\\/et\\\/pood\\\/toode\\\/march-helkiv-tote-splash\\\/#primaryimage\"},\"image\":{\"@id\":\"https:\\\/\\\/www.talidesign.eu\\\/et\\\/pood\\\/toode\\\/march-helkiv-tote-splash\\\/#primaryimage\"},\"thumbnailUrl\":\"https:\\\/\\\/www.talidesign.eu\\\/wp\\\/wp-content\\\/uploads\\\/2021\\\/09\\\/march-reflective-tote-splash-print.jpg\",\"datePublished\":\"2021-09-08T13:09:38+00:00\",\"dateModified\":\"2024-10-16T13:50:53+00:00\",\"description\":\"March Helkiv Tote SPLASH - olge \u00f6\u00f6sel n\u00e4htav! Pestav, peegeldav tr\u00fckk ja sisetasku v\u00e4ikeste asjade jaoks. Suurus: 33 x 41 cm. Br\u00e4nd: March design studio.\",\"breadcrumb\":{\"@id\":\"https:\\\/\\\/www.talidesign.eu\\\/et\\\/pood\\\/toode\\\/march-helkiv-tote-splash\\\/#breadcrumb\"},\"inLanguage\":\"et\",\"potentialAction\":[{\"@type\":\"ReadAction\",\"target\":[\"https:\\\/\\\/www.talidesign.eu\\\/et\\\/pood\\\/toode\\\/march-helkiv-tote-splash\\\/\"]}]},{\"@type\":\"ImageObject\",\"inLanguage\":\"et\",\"@id\":\"https:\\\/\\\/www.talidesign.eu\\\/et\\\/pood\\\/toode\\\/march-helkiv-tote-splash\\\/#primaryimage\",\"url\":\"https:\\\/\\\/www.talidesign.eu\\\/wp\\\/wp-content\\\/uploads\\\/2021\\\/09\\\/march-reflective-tote-splash-print.jpg\",\"contentUrl\":\"https:\\\/\\\/www.talidesign.eu\\\/wp\\\/wp-content\\\/uploads\\\/2021\\\/09\\\/march-reflective-tote-splash-print.jpg\",\"width\":768,\"height\":768},{\"@type\":\"BreadcrumbList\",\"@id\":\"https:\\\/\\\/www.talidesign.eu\\\/et\\\/pood\\\/toode\\\/march-helkiv-tote-splash\\\/#breadcrumb\",\"itemListElement\":[{\"@type\":\"ListItem\",\"position\":1,\"name\":\"Avaleht\",\"item\":\"https:\\\/\\\/www.talidesign.eu\\\/et\\\/\"},{\"@type\":\"ListItem\",\"position\":2,\"name\":\"Pood\",\"item\":\"https:\\\/\\\/www.talidesign.eu\\\/et\\\/pood\\\/\"},{\"@type\":\"ListItem\",\"position\":3,\"name\":\"March Helkiv Tote SPLASH\"}]},{\"@type\":\"WebSite\",\"@id\":\"https:\\\/\\\/www.talidesign.eu\\\/et\\\/#website\",\"url\":\"https:\\\/\\\/www.talidesign.eu\\\/et\\\/\",\"name\":\"TALI Concept Store\",\"description\":\"Suurim Disainipood Eestis\",\"potentialAction\":[{\"@type\":\"SearchAction\",\"target\":{\"@type\":\"EntryPoint\",\"urlTemplate\":\"https:\\\/\\\/www.talidesign.eu\\\/et\\\/?s={search_term_string}\"},\"query-input\":{\"@type\":\"PropertyValueSpecification\",\"valueRequired\":true,\"valueName\":\"search_term_string\"}}],\"inLanguage\":\"et\"}]}<\/script>\n<!-- \/ Yoast SEO plugin. -->","yoast_head_json":{"title":"March Helkiv Tote SPLASH - TALI Concept Store","description":"March Helkiv Tote SPLASH - olge \u00f6\u00f6sel n\u00e4htav! Pestav, peegeldav tr\u00fckk ja sisetasku v\u00e4ikeste asjade jaoks. Suurus: 33 x 41 cm. Br\u00e4nd: March design studio.","robots":{"index":"index","follow":"follow","max-snippet":"max-snippet:-1","max-image-preview":"max-image-preview:large","max-video-preview":"max-video-preview:-1"},"canonical":"https:\/\/www.talidesign.eu\/et\/pood\/toode\/march-helkiv-tote-splash\/","og_locale":"et_EE","og_type":"article","og_title":"March Helkiv Tote SPLASH - TALI Concept Store","og_description":"March Helkiv Tote SPLASH - olge \u00f6\u00f6sel n\u00e4htav! Pestav, peegeldav tr\u00fckk ja sisetasku v\u00e4ikeste asjade jaoks. Suurus: 33 x 41 cm. Br\u00e4nd: March design studio.","og_url":"https:\/\/www.talidesign.eu\/et\/pood\/toode\/march-helkiv-tote-splash\/","og_site_name":"TALI Concept Store","article_publisher":"https:\/\/www.facebook.com\/TaliDisain\/","article_modified_time":"2024-10-16T13:50:53+00:00","og_image":[{"width":768,"height":768,"url":"https:\/\/www.talidesign.eu\/wp\/wp-content\/uploads\/2021\/09\/march-reflective-tote-splash-print.jpg","type":"image\/jpeg"}],"twitter_card":"summary_large_image","schema":{"@context":"https:\/\/schema.org","@graph":[{"@type":"WebPage","@id":"https:\/\/www.talidesign.eu\/et\/pood\/toode\/march-helkiv-tote-splash\/","url":"https:\/\/www.talidesign.eu\/et\/pood\/toode\/march-helkiv-tote-splash\/","name":"March Helkiv Tote SPLASH - TALI Concept Store","isPartOf":{"@id":"https:\/\/www.talidesign.eu\/et\/#website"},"primaryImageOfPage":{"@id":"https:\/\/www.talidesign.eu\/et\/pood\/toode\/march-helkiv-tote-splash\/#primaryimage"},"image":{"@id":"https:\/\/www.talidesign.eu\/et\/pood\/toode\/march-helkiv-tote-splash\/#primaryimage"},"thumbnailUrl":"https:\/\/www.talidesign.eu\/wp\/wp-content\/uploads\/2021\/09\/march-reflective-tote-splash-print.jpg","datePublished":"2021-09-08T13:09:38+00:00","dateModified":"2024-10-16T13:50:53+00:00","description":"March Helkiv Tote SPLASH - olge \u00f6\u00f6sel n\u00e4htav! Pestav, peegeldav tr\u00fckk ja sisetasku v\u00e4ikeste asjade jaoks. Suurus: 33 x 41 cm. Br\u00e4nd: March design studio.","breadcrumb":{"@id":"https:\/\/www.talidesign.eu\/et\/pood\/toode\/march-helkiv-tote-splash\/#breadcrumb"},"inLanguage":"et","potentialAction":[{"@type":"ReadAction","target":["https:\/\/www.talidesign.eu\/et\/pood\/toode\/march-helkiv-tote-splash\/"]}]},{"@type":"ImageObject","inLanguage":"et","@id":"https:\/\/www.talidesign.eu\/et\/pood\/toode\/march-helkiv-tote-splash\/#primaryimage","url":"https:\/\/www.talidesign.eu\/wp\/wp-content\/uploads\/2021\/09\/march-reflective-tote-splash-print.jpg","contentUrl":"https:\/\/www.talidesign.eu\/wp\/wp-content\/uploads\/2021\/09\/march-reflective-tote-splash-print.jpg","width":768,"height":768},{"@type":"BreadcrumbList","@id":"https:\/\/www.talidesign.eu\/et\/pood\/toode\/march-helkiv-tote-splash\/#breadcrumb","itemListElement":[{"@type":"ListItem","position":1,"name":"Avaleht","item":"https:\/\/www.talidesign.eu\/et\/"},{"@type":"ListItem","position":2,"name":"Pood","item":"https:\/\/www.talidesign.eu\/et\/pood\/"},{"@type":"ListItem","position":3,"name":"March Helkiv Tote SPLASH"}]},{"@type":"WebSite","@id":"https:\/\/www.talidesign.eu\/et\/#website","url":"https:\/\/www.talidesign.eu\/et\/","name":"TALI Concept Store","description":"Suurim Disainipood Eestis","potentialAction":[{"@type":"SearchAction","target":{"@type":"EntryPoint","urlTemplate":"https:\/\/www.talidesign.eu\/et\/?s={search_term_string}"},"query-input":{"@type":"PropertyValueSpecification","valueRequired":true,"valueName":"search_term_string"}}],"inLanguage":"et"}]}},"_links":{"self":[{"href":"https:\/\/www.talidesign.eu\/et\/wp-json\/wp\/v2\/product\/43483","targetHints":{"allow":["GET"]}}],"collection":[{"href":"https:\/\/www.talidesign.eu\/et\/wp-json\/wp\/v2\/product"}],"about":[{"href":"https:\/\/www.talidesign.eu\/et\/wp-json\/wp\/v2\/types\/product"}],"wp:featuredmedia":[{"embeddable":true,"href":"https:\/\/www.talidesign.eu\/et\/wp-json\/wp\/v2\/media\/43487"}],"wp:attachment":[{"href":"https:\/\/www.talidesign.eu\/et\/wp-json\/wp\/v2\/media?parent=43483"}],"wp:term":[{"taxonomy":"product_brand","embeddable":true,"href":"https:\/\/www.talidesign.eu\/et\/wp-json\/wp\/v2\/product_brand?post=43483"},{"taxonomy":"product_cat","embeddable":true,"href":"https:\/\/www.talidesign.eu\/et\/wp-json\/wp\/v2\/product_cat?post=43483"},{"taxonomy":"product_tag","embeddable":true,"href":"https:\/\/www.talidesign.eu\/et\/wp-json\/wp\/v2\/product_tag?post=43483"}],"curies":[{"name":"wp","href":"https:\/\/api.w.org\/{rel}","templated":true}]}}