{"id":44162,"date":"2021-02-28T14:36:32","date_gmt":"2021-02-28T12:36:32","guid":{"rendered":"https:\/\/www.talidesign.eu\/shop\/product\/the-poster-club-silhouette-of-a-vase-11-50x70\/"},"modified":"2023-08-29T15:23:38","modified_gmt":"2023-08-29T12:23:38","slug":"the-poster-club-silhouette-of-a-vase-11-50x70","status":"publish","type":"product","link":"https:\/\/www.talidesign.eu\/et\/pood\/toode\/the-poster-club-silhouette-of-a-vase-11-50x70\/","title":{"rendered":"The Poster Club &#8211; Silhouette Of A Vase 11, 50&#215;70"},"content":{"rendered":"<p><strong>Studio Paradissi &#8211; Silhouette Of A Vase 11<\/strong><\/p>\n<p>\u2022 50\u00d770cm<br \/>\n\u2022 Tr\u00fckitud 265 g kvaliteetsele paberile.<br \/>\n\u2022 Sobib standard raamidele. <strong>Raam ei kuulu komplekti. <\/strong><br \/>\n\u2022 <a href=\"\/et\/tootekategooria\/brandid\/the-poster-club-et\/\">Br\u00e4nd The Poster Club<\/a><\/p>\n<p><strong> Stuudio Paradissi autor on Eleni Psyllaki &#8211; arhitekt, sisekujundaja ja My Paradissi blogija.<\/strong><\/p>\n<p>\u201eMinu postrid on tulemus k\u00fcmneaastasest kogemusest sisekujunduse alal. Ma \u00fchendan oma kujundus- ja kaunistamiskogemuse oma armastusega disaini ja oma kunstiliste instinktidega ning loon teoseid, mis sobivad kaasaegse interj\u00f6\u00f6riga, keskendudes loomulikule ja minimalistlikule stiilile. Olen s\u00fcgavalt inspireeritud aeglasest ja lihtsast eluviisist, Skandinaavia disaini kvaliteedist.\u201d<\/p>\n<p><strong>Meist<\/strong><\/p>\n<p>The Poster Club on Kopenhaagenis asuv veebip\u00f5hine impeerium, mis pakub ainulaadset valikut kvaliteetsetest plakatitest ja kunstiprintidest nii tulevastelt kui ka v\u00e4ljakujunenud kunstnikelt.<\/p>\n<p>Meie inspiratsioon p\u00e4rineb P\u00f5hjamaade elustiili, moe ja sisekujunduse suundumustest, mis \u00fchendavad meie juured Kopenhaagenis ja Skandinaavia kultuuris, uue ja uuendusliku tehnoloogiaga loomemajanduses.<\/p>\n<p><a href=\"\/et\/tootekategooria\/brandid\/the-poster-club-et\/\"><img loading=\"lazy\" decoding=\"async\" src=\"https:\/\/www.talidesign.eu\/wp\/wp-content\/uploads\/2021\/02\/logo.jpg\" alt=\"\" width=\"500\" height=\"100\" class=\"alignnone size-full wp-image-23232\" \/><\/a><\/p>\n","protected":false},"excerpt":{"rendered":"<p><strong>Studio Paradissi &#8211; Silhouette Of A Vase 11<\/strong><\/p>\n<p>\u2022 50\u00d770cm<br \/>\n\u2022 Tr\u00fckitud 265 g kvaliteetsele paberile.<br \/>\n\u2022 Sobib standard raamidele. <strong>Raam ei kuulu komplekti. <\/strong><br \/>\n\u2022 <a href=\"\/et\/tootekategooria\/brandid\/the-poster-club-et\/\">Br\u00e4nd The Poster Club<\/a><\/p>\n<p><strong> Stuudio Paradissi autor on Eleni Psyllaki &#8211; arhitekt, sisekujundaja ja My Paradissi blogija.<\/strong><\/p>\n<p>\u201eMinu postrid on tulemus k\u00fcmneaastasest kogemusest sisekujunduse alal. Ma \u00fchendan oma kujundus- ja kaunistamiskogemuse oma armastusega disaini ja oma kunstiliste instinktidega ning loon teoseid, mis sobivad kaasaegse interj\u00f6\u00f6riga, keskendudes loomulikule ja minimalistlikule stiilile. Olen s\u00fcgavalt inspireeritud aeglasest ja lihtsast eluviisist, Skandinaavia disaini kvaliteedist.\u201d<\/p>\n<p><strong>Meist<\/strong><\/p>\n<p>The Poster Club on Kopenhaagenis asuv veebip\u00f5hine impeerium, mis pakub ainulaadset valikut kvaliteetsetest plakatitest ja kunstiprintidest nii tulevastelt kui ka v\u00e4ljakujunenud kunstnikelt.<\/p>\n<p>Meie inspiratsioon p\u00e4rineb P\u00f5hjamaade elustiili, moe ja sisekujunduse suundumustest, mis \u00fchendavad meie juured Kopenhaagenis ja Skandinaavia kultuuris, uue ja uuendusliku tehnoloogiaga loomemajanduses.<\/p>\n<p><a href=\"\/et\/tootekategooria\/brandid\/the-poster-club-et\/\"><img loading=\"lazy\" decoding=\"async\" src=\"https:\/\/www.talidesign.eu\/wp\/wp-content\/uploads\/2021\/02\/logo.jpg\" alt=\"\" width=\"500\" height=\"100\" class=\"alignnone size-full wp-image-23232\" \/><\/a><\/p>\n","protected":false},"featured_media":44168,"template":"","meta":[],"product_brand":[],"product_cat":[1101,1111,1089],"product_tag":[1806],"class_list":{"0":"post-44162","1":"product","2":"type-product","3":"status-publish","4":"has-post-thumbnail","6":"product_cat-magamis-ja-elutuba","7":"product_cat-postrid","8":"product_cat-the-poster-club-et","9":"product_tag-the-poster-club-et","10":"product_shipping_class-no-parcel-machine","12":"first","13":"outofstock","14":"taxable","15":"shipping-taxable","16":"purchasable","17":"product-type-simple"},"yoast_head":"<!-- This site is optimized with the Yoast SEO plugin v27.4 - https:\/\/yoast.com\/product\/yoast-seo-wordpress\/ -->\n<title>The Poster Club - Silhouette Of A Vase 11, 50x70 - TALI Concept Store<\/title>\n<meta name=\"description\" content=\"Avasta The Poster Clubi Silhouette Of A Vase 11 plakat, mis toob kaasaegse interj\u00f6\u00f6ri ellu. Kvaliteetne tr\u00fckk 50\u00d770cm paberile. Sobib standard raamidele.\" \/>\n<meta name=\"robots\" content=\"index, follow, max-snippet:-1, max-image-preview:large, max-video-preview:-1\" \/>\n<link rel=\"canonical\" href=\"https:\/\/www.talidesign.eu\/et\/pood\/toode\/the-poster-club-silhouette-of-a-vase-11-50x70\/\" \/>\n<meta property=\"og:locale\" content=\"et_EE\" \/>\n<meta property=\"og:type\" content=\"article\" \/>\n<meta property=\"og:title\" content=\"The Poster Club - Silhouette Of A Vase 11, 50x70 - TALI Concept Store\" \/>\n<meta property=\"og:description\" content=\"Avasta The Poster Clubi Silhouette Of A Vase 11 plakat, mis toob kaasaegse interj\u00f6\u00f6ri ellu. Kvaliteetne tr\u00fckk 50\u00d770cm paberile. Sobib standard raamidele.\" \/>\n<meta property=\"og:url\" content=\"https:\/\/www.talidesign.eu\/et\/pood\/toode\/the-poster-club-silhouette-of-a-vase-11-50x70\/\" \/>\n<meta property=\"og:site_name\" content=\"TALI Concept Store\" \/>\n<meta property=\"article:publisher\" content=\"https:\/\/www.facebook.com\/TaliDisain\/\" \/>\n<meta property=\"article:modified_time\" content=\"2023-08-29T12:23:38+00:00\" \/>\n<meta property=\"og:image\" content=\"https:\/\/www.talidesign.eu\/wp\/wp-content\/uploads\/2021\/02\/the-poster-club-silhouette-of-a-vase-11-50x70-1.jpg\" \/>\n\t<meta property=\"og:image:width\" content=\"900\" \/>\n\t<meta property=\"og:image:height\" content=\"900\" \/>\n\t<meta property=\"og:image:type\" content=\"image\/jpeg\" \/>\n<meta name=\"twitter:card\" content=\"summary_large_image\" \/>\n<meta name=\"twitter:label1\" content=\"Est. reading time\" \/>\n\t<meta name=\"twitter:data1\" content=\"1 minute\" \/>\n<script type=\"application\/ld+json\" class=\"yoast-schema-graph\">{\"@context\":\"https:\\\/\\\/schema.org\",\"@graph\":[{\"@type\":\"WebPage\",\"@id\":\"https:\\\/\\\/www.talidesign.eu\\\/et\\\/pood\\\/toode\\\/the-poster-club-silhouette-of-a-vase-11-50x70\\\/\",\"url\":\"https:\\\/\\\/www.talidesign.eu\\\/et\\\/pood\\\/toode\\\/the-poster-club-silhouette-of-a-vase-11-50x70\\\/\",\"name\":\"The Poster Club - Silhouette Of A Vase 11, 50x70 - TALI Concept Store\",\"isPartOf\":{\"@id\":\"https:\\\/\\\/www.talidesign.eu\\\/et\\\/#website\"},\"primaryImageOfPage\":{\"@id\":\"https:\\\/\\\/www.talidesign.eu\\\/et\\\/pood\\\/toode\\\/the-poster-club-silhouette-of-a-vase-11-50x70\\\/#primaryimage\"},\"image\":{\"@id\":\"https:\\\/\\\/www.talidesign.eu\\\/et\\\/pood\\\/toode\\\/the-poster-club-silhouette-of-a-vase-11-50x70\\\/#primaryimage\"},\"thumbnailUrl\":\"https:\\\/\\\/www.talidesign.eu\\\/wp\\\/wp-content\\\/uploads\\\/2021\\\/02\\\/the-poster-club-silhouette-of-a-vase-11-50x70-1.jpg\",\"datePublished\":\"2021-02-28T12:36:32+00:00\",\"dateModified\":\"2023-08-29T12:23:38+00:00\",\"description\":\"Avasta The Poster Clubi Silhouette Of A Vase 11 plakat, mis toob kaasaegse interj\u00f6\u00f6ri ellu. Kvaliteetne tr\u00fckk 50\u00d770cm paberile. Sobib standard raamidele.\",\"breadcrumb\":{\"@id\":\"https:\\\/\\\/www.talidesign.eu\\\/et\\\/pood\\\/toode\\\/the-poster-club-silhouette-of-a-vase-11-50x70\\\/#breadcrumb\"},\"inLanguage\":\"et\",\"potentialAction\":[{\"@type\":\"ReadAction\",\"target\":[\"https:\\\/\\\/www.talidesign.eu\\\/et\\\/pood\\\/toode\\\/the-poster-club-silhouette-of-a-vase-11-50x70\\\/\"]}]},{\"@type\":\"ImageObject\",\"inLanguage\":\"et\",\"@id\":\"https:\\\/\\\/www.talidesign.eu\\\/et\\\/pood\\\/toode\\\/the-poster-club-silhouette-of-a-vase-11-50x70\\\/#primaryimage\",\"url\":\"https:\\\/\\\/www.talidesign.eu\\\/wp\\\/wp-content\\\/uploads\\\/2021\\\/02\\\/the-poster-club-silhouette-of-a-vase-11-50x70-1.jpg\",\"contentUrl\":\"https:\\\/\\\/www.talidesign.eu\\\/wp\\\/wp-content\\\/uploads\\\/2021\\\/02\\\/the-poster-club-silhouette-of-a-vase-11-50x70-1.jpg\",\"width\":900,\"height\":900},{\"@type\":\"BreadcrumbList\",\"@id\":\"https:\\\/\\\/www.talidesign.eu\\\/et\\\/pood\\\/toode\\\/the-poster-club-silhouette-of-a-vase-11-50x70\\\/#breadcrumb\",\"itemListElement\":[{\"@type\":\"ListItem\",\"position\":1,\"name\":\"Avaleht\",\"item\":\"https:\\\/\\\/www.talidesign.eu\\\/et\\\/\"},{\"@type\":\"ListItem\",\"position\":2,\"name\":\"Pood\",\"item\":\"https:\\\/\\\/www.talidesign.eu\\\/et\\\/pood\\\/\"},{\"@type\":\"ListItem\",\"position\":3,\"name\":\"The Poster Club &#8211; Silhouette Of A Vase 11, 50&#215;70\"}]},{\"@type\":\"WebSite\",\"@id\":\"https:\\\/\\\/www.talidesign.eu\\\/et\\\/#website\",\"url\":\"https:\\\/\\\/www.talidesign.eu\\\/et\\\/\",\"name\":\"TALI Concept Store\",\"description\":\"Suurim Disainipood Eestis\",\"potentialAction\":[{\"@type\":\"SearchAction\",\"target\":{\"@type\":\"EntryPoint\",\"urlTemplate\":\"https:\\\/\\\/www.talidesign.eu\\\/et\\\/?s={search_term_string}\"},\"query-input\":{\"@type\":\"PropertyValueSpecification\",\"valueRequired\":true,\"valueName\":\"search_term_string\"}}],\"inLanguage\":\"et\"}]}<\/script>\n<!-- \/ Yoast SEO plugin. -->","yoast_head_json":{"title":"The Poster Club - Silhouette Of A Vase 11, 50x70 - TALI Concept Store","description":"Avasta The Poster Clubi Silhouette Of A Vase 11 plakat, mis toob kaasaegse interj\u00f6\u00f6ri ellu. Kvaliteetne tr\u00fckk 50\u00d770cm paberile. Sobib standard raamidele.","robots":{"index":"index","follow":"follow","max-snippet":"max-snippet:-1","max-image-preview":"max-image-preview:large","max-video-preview":"max-video-preview:-1"},"canonical":"https:\/\/www.talidesign.eu\/et\/pood\/toode\/the-poster-club-silhouette-of-a-vase-11-50x70\/","og_locale":"et_EE","og_type":"article","og_title":"The Poster Club - Silhouette Of A Vase 11, 50x70 - TALI Concept Store","og_description":"Avasta The Poster Clubi Silhouette Of A Vase 11 plakat, mis toob kaasaegse interj\u00f6\u00f6ri ellu. Kvaliteetne tr\u00fckk 50\u00d770cm paberile. Sobib standard raamidele.","og_url":"https:\/\/www.talidesign.eu\/et\/pood\/toode\/the-poster-club-silhouette-of-a-vase-11-50x70\/","og_site_name":"TALI Concept Store","article_publisher":"https:\/\/www.facebook.com\/TaliDisain\/","article_modified_time":"2023-08-29T12:23:38+00:00","og_image":[{"width":900,"height":900,"url":"https:\/\/www.talidesign.eu\/wp\/wp-content\/uploads\/2021\/02\/the-poster-club-silhouette-of-a-vase-11-50x70-1.jpg","type":"image\/jpeg"}],"twitter_card":"summary_large_image","twitter_misc":{"Est. reading time":"1 minute"},"schema":{"@context":"https:\/\/schema.org","@graph":[{"@type":"WebPage","@id":"https:\/\/www.talidesign.eu\/et\/pood\/toode\/the-poster-club-silhouette-of-a-vase-11-50x70\/","url":"https:\/\/www.talidesign.eu\/et\/pood\/toode\/the-poster-club-silhouette-of-a-vase-11-50x70\/","name":"The Poster Club - Silhouette Of A Vase 11, 50x70 - TALI Concept Store","isPartOf":{"@id":"https:\/\/www.talidesign.eu\/et\/#website"},"primaryImageOfPage":{"@id":"https:\/\/www.talidesign.eu\/et\/pood\/toode\/the-poster-club-silhouette-of-a-vase-11-50x70\/#primaryimage"},"image":{"@id":"https:\/\/www.talidesign.eu\/et\/pood\/toode\/the-poster-club-silhouette-of-a-vase-11-50x70\/#primaryimage"},"thumbnailUrl":"https:\/\/www.talidesign.eu\/wp\/wp-content\/uploads\/2021\/02\/the-poster-club-silhouette-of-a-vase-11-50x70-1.jpg","datePublished":"2021-02-28T12:36:32+00:00","dateModified":"2023-08-29T12:23:38+00:00","description":"Avasta The Poster Clubi Silhouette Of A Vase 11 plakat, mis toob kaasaegse interj\u00f6\u00f6ri ellu. Kvaliteetne tr\u00fckk 50\u00d770cm paberile. Sobib standard raamidele.","breadcrumb":{"@id":"https:\/\/www.talidesign.eu\/et\/pood\/toode\/the-poster-club-silhouette-of-a-vase-11-50x70\/#breadcrumb"},"inLanguage":"et","potentialAction":[{"@type":"ReadAction","target":["https:\/\/www.talidesign.eu\/et\/pood\/toode\/the-poster-club-silhouette-of-a-vase-11-50x70\/"]}]},{"@type":"ImageObject","inLanguage":"et","@id":"https:\/\/www.talidesign.eu\/et\/pood\/toode\/the-poster-club-silhouette-of-a-vase-11-50x70\/#primaryimage","url":"https:\/\/www.talidesign.eu\/wp\/wp-content\/uploads\/2021\/02\/the-poster-club-silhouette-of-a-vase-11-50x70-1.jpg","contentUrl":"https:\/\/www.talidesign.eu\/wp\/wp-content\/uploads\/2021\/02\/the-poster-club-silhouette-of-a-vase-11-50x70-1.jpg","width":900,"height":900},{"@type":"BreadcrumbList","@id":"https:\/\/www.talidesign.eu\/et\/pood\/toode\/the-poster-club-silhouette-of-a-vase-11-50x70\/#breadcrumb","itemListElement":[{"@type":"ListItem","position":1,"name":"Avaleht","item":"https:\/\/www.talidesign.eu\/et\/"},{"@type":"ListItem","position":2,"name":"Pood","item":"https:\/\/www.talidesign.eu\/et\/pood\/"},{"@type":"ListItem","position":3,"name":"The Poster Club &#8211; Silhouette Of A Vase 11, 50&#215;70"}]},{"@type":"WebSite","@id":"https:\/\/www.talidesign.eu\/et\/#website","url":"https:\/\/www.talidesign.eu\/et\/","name":"TALI Concept Store","description":"Suurim Disainipood Eestis","potentialAction":[{"@type":"SearchAction","target":{"@type":"EntryPoint","urlTemplate":"https:\/\/www.talidesign.eu\/et\/?s={search_term_string}"},"query-input":{"@type":"PropertyValueSpecification","valueRequired":true,"valueName":"search_term_string"}}],"inLanguage":"et"}]}},"_links":{"self":[{"href":"https:\/\/www.talidesign.eu\/et\/wp-json\/wp\/v2\/product\/44162","targetHints":{"allow":["GET"]}}],"collection":[{"href":"https:\/\/www.talidesign.eu\/et\/wp-json\/wp\/v2\/product"}],"about":[{"href":"https:\/\/www.talidesign.eu\/et\/wp-json\/wp\/v2\/types\/product"}],"wp:featuredmedia":[{"embeddable":true,"href":"https:\/\/www.talidesign.eu\/et\/wp-json\/wp\/v2\/media\/44168"}],"wp:attachment":[{"href":"https:\/\/www.talidesign.eu\/et\/wp-json\/wp\/v2\/media?parent=44162"}],"wp:term":[{"taxonomy":"product_brand","embeddable":true,"href":"https:\/\/www.talidesign.eu\/et\/wp-json\/wp\/v2\/product_brand?post=44162"},{"taxonomy":"product_cat","embeddable":true,"href":"https:\/\/www.talidesign.eu\/et\/wp-json\/wp\/v2\/product_cat?post=44162"},{"taxonomy":"product_tag","embeddable":true,"href":"https:\/\/www.talidesign.eu\/et\/wp-json\/wp\/v2\/product_tag?post=44162"}],"curies":[{"name":"wp","href":"https:\/\/api.w.org\/{rel}","templated":true}]}}