{"id":44246,"date":"2020-08-06T13:02:01","date_gmt":"2020-08-06T10:02:01","guid":{"rendered":"https:\/\/www.talidesign.eu\/shop\/product\/stones-earrings-l\/"},"modified":"2026-04-03T18:04:43","modified_gmt":"2026-04-03T15:04:43","slug":"maison-203-stones-korvarongad-l","status":"publish","type":"product","link":"https:\/\/www.talidesign.eu\/et\/pood\/toode\/maison-203-stones-korvarongad-l\/","title":{"rendered":"Maison 203 Stones k\u00f5rvar\u00f5ngad L"},"content":{"rendered":"<p><strong>Stones k\u00f5rvar\u00f5ngad L<\/strong><\/p>\n<p>\u00c4\u00e4rmiselt kerged 3D-prinditud k\u00f5rvar\u00f5ngad.<\/p>\n<p>Stonesi k\u00f5rvar\u00f5ngad on traditsiooniliste kivikestega k\u00f5rvar\u00f5ngaste uus t\u00f5lgendus. K\u00f5rvar\u00f5ngad on valmistatud PLA-kiust, mis on maisit\u00e4rklisest valmistatud biolagunev plast.<\/p>\n<p>\u2022 PLA, bioplast, mis on saadud taastuvatest ressurssidest, nagu maisit\u00e4rklis<br \/>\n\u2022 100% taaskasutatav<br \/>\n\u2022 M\u00f5\u00f5tmed: 85 mm<br \/>\n\u2022 Kirurgilisest terasest k\u00f5rvar\u00f5ngatagune, niklivaba<br \/>\n\u2022 <a href=\"\/et\/tootekategooria\/brandid\/maison-203-et\/\">Br\u00e4nd Maison 203<\/a><\/p>\n<p><strong>Meist<\/strong><\/p>\n<p>Br\u00e4nd Maison 203 loodi kuulsa Prosecco veini rohelistes m\u00e4gedes (Valdobbiadene, Treviso, <strong>Itaalia<\/strong>). 2011. aastal kohtus Venezuela p\u00e4ritolu kogenud disainer Orlando Fernandez Flores Foscarinis maailmakodaniku, tarbegraafiku ja suure moehuvilisega Lucia De Contiga &#8211; s\u00fcndis Maison 203.<\/p>\n<p><a href=\"https:\/\/www.talidesign.eu\/wp\/wp-content\/uploads\/2021\/03\/lucia-orlando.jpg\"><img loading=\"lazy\" decoding=\"async\" src=\"https:\/\/www.talidesign.eu\/wp\/wp-content\/uploads\/2021\/03\/lucia-orlando.jpg\" alt=\"\" width=\"854\" height=\"665\" class=\"alignnone size-full wp-image-22914\" srcset=\"https:\/\/www.talidesign.eu\/wp\/wp-content\/uploads\/2021\/03\/lucia-orlando.jpg 854w, https:\/\/www.talidesign.eu\/wp\/wp-content\/uploads\/2021\/03\/lucia-orlando-514x400.jpg 514w, https:\/\/www.talidesign.eu\/wp\/wp-content\/uploads\/2021\/03\/lucia-orlando-768x598.jpg 768w, https:\/\/www.talidesign.eu\/wp\/wp-content\/uploads\/2021\/03\/lucia-orlando-500x389.jpg 500w, https:\/\/www.talidesign.eu\/wp\/wp-content\/uploads\/2021\/03\/lucia-orlando-510x397.jpg 510w\" sizes=\"auto, (max-width: 854px) 100vw, 854px\" \/><\/a><\/p>\n","protected":false},"excerpt":{"rendered":"<p><strong>Stones k\u00f5rvar\u00f5ngad L<\/strong><\/p>\n<p>\u00c4\u00e4rmiselt kerged 3D-prinditud k\u00f5rvar\u00f5ngad.<\/p>\n<p>Stonesi k\u00f5rvar\u00f5ngad on traditsiooniliste kivikestega k\u00f5rvar\u00f5ngaste uus t\u00f5lgendus. K\u00f5rvar\u00f5ngad on valmistatud PLA-kiust, mis on maisit\u00e4rklisest valmistatud biolagunev plast.<\/p>\n<p>\u2022 PLA, bioplast, mis on saadud taastuvatest ressurssidest, nagu maisit\u00e4rklis<br \/>\n\u2022 100% taaskasutatav<br \/>\n\u2022 M\u00f5\u00f5tmed: 85 mm<br \/>\n\u2022 Kirurgilisest terasest k\u00f5rvar\u00f5ngatagune, niklivaba<br \/>\n\u2022 <a href=\"\/et\/tootekategooria\/brandid\/maison-203-et\/\">Br\u00e4nd Maison 203<\/a><\/p>\n<p><strong>Meist<\/strong><\/p>\n<p>Br\u00e4nd Maison 203 loodi kuulsa Prosecco veini rohelistes m\u00e4gedes (Valdobbiadene, Treviso, <strong>Itaalia<\/strong>). 2011. aastal kohtus Venezuela p\u00e4ritolu kogenud disainer Orlando Fernandez Flores Foscarinis maailmakodaniku, tarbegraafiku ja suure moehuvilisega Lucia De Contiga &#8211; s\u00fcndis Maison 203.<\/p>\n<p><a href=\"https:\/\/www.talidesign.eu\/wp\/wp-content\/uploads\/2021\/03\/lucia-orlando.jpg\"><img loading=\"lazy\" decoding=\"async\" src=\"https:\/\/www.talidesign.eu\/wp\/wp-content\/uploads\/2021\/03\/lucia-orlando.jpg\" alt=\"\" width=\"854\" height=\"665\" class=\"alignnone size-full wp-image-22914\" srcset=\"https:\/\/www.talidesign.eu\/wp\/wp-content\/uploads\/2021\/03\/lucia-orlando.jpg 854w, https:\/\/www.talidesign.eu\/wp\/wp-content\/uploads\/2021\/03\/lucia-orlando-514x400.jpg 514w, https:\/\/www.talidesign.eu\/wp\/wp-content\/uploads\/2021\/03\/lucia-orlando-768x598.jpg 768w, https:\/\/www.talidesign.eu\/wp\/wp-content\/uploads\/2021\/03\/lucia-orlando-500x389.jpg 500w, https:\/\/www.talidesign.eu\/wp\/wp-content\/uploads\/2021\/03\/lucia-orlando-510x397.jpg 510w\" sizes=\"auto, (max-width: 854px) 100vw, 854px\" \/><\/a><\/p>\n","protected":false},"featured_media":44250,"template":"","meta":[],"product_brand":[],"product_cat":[1026,1146,1148,1063,1159],"product_tag":[1808],"class_list":{"0":"post-44246","1":"product","2":"type-product","3":"status-publish","4":"has-post-thumbnail","6":"product_cat-brandid","7":"product_cat-ehted","8":"product_cat-korvarongad","9":"product_cat-maison-203-et","10":"product_cat-maison-203-korvarongad","11":"product_tag-maison-203-et","13":"first","14":"instock","15":"taxable","16":"shipping-taxable","17":"purchasable","18":"product-type-variable","19":"has-default-attributes"},"yoast_head":"<!-- This site is optimized with the Yoast SEO plugin v27.3 - https:\/\/yoast.com\/product\/yoast-seo-wordpress\/ -->\n<title>Maison 203 Stones k\u00f5rvar\u00f5ngad L - TALI Concept Store<\/title>\n<meta name=\"description\" content=\"Maison 203 Stones k\u00f5rvar\u00f5ngad L - \u00c4\u00e4rmiselt kerged 3D-prinditud k\u00f5rvar\u00f5ngad. Valmistatud biolagunevast plastist. Br\u00e4nd Maison 203. Ehted, K\u00f5rvar\u00f5ngad, Maison 203.\" \/>\n<meta name=\"robots\" content=\"index, follow, max-snippet:-1, max-image-preview:large, max-video-preview:-1\" \/>\n<link rel=\"canonical\" href=\"https:\/\/www.talidesign.eu\/et\/pood\/toode\/maison-203-stones-korvarongad-l\/\" \/>\n<meta property=\"og:locale\" content=\"et_EE\" \/>\n<meta property=\"og:type\" content=\"article\" \/>\n<meta property=\"og:title\" content=\"Maison 203 Stones k\u00f5rvar\u00f5ngad L - TALI Concept Store\" \/>\n<meta property=\"og:description\" content=\"Maison 203 Stones k\u00f5rvar\u00f5ngad L - \u00c4\u00e4rmiselt kerged 3D-prinditud k\u00f5rvar\u00f5ngad. Valmistatud biolagunevast plastist. Br\u00e4nd Maison 203. Ehted, K\u00f5rvar\u00f5ngad, Maison 203.\" \/>\n<meta property=\"og:url\" content=\"https:\/\/www.talidesign.eu\/et\/pood\/toode\/maison-203-stones-korvarongad-l\/\" \/>\n<meta property=\"og:site_name\" content=\"TALI Concept Store\" \/>\n<meta property=\"article:publisher\" content=\"https:\/\/www.facebook.com\/TaliDisain\/\" \/>\n<meta property=\"article:modified_time\" content=\"2026-04-03T15:04:43+00:00\" \/>\n<meta property=\"og:image\" content=\"https:\/\/www.talidesign.eu\/wp\/wp-content\/uploads\/2020\/08\/stonesearl_blk.jpg\" \/>\n\t<meta property=\"og:image:width\" content=\"768\" \/>\n\t<meta property=\"og:image:height\" content=\"768\" \/>\n\t<meta property=\"og:image:type\" content=\"image\/jpeg\" \/>\n<meta name=\"twitter:card\" content=\"summary_large_image\" \/>\n<meta name=\"twitter:label1\" content=\"Est. reading time\" \/>\n\t<meta name=\"twitter:data1\" content=\"1 minute\" \/>\n<script type=\"application\/ld+json\" class=\"yoast-schema-graph\">{\"@context\":\"https:\\\/\\\/schema.org\",\"@graph\":[{\"@type\":\"WebPage\",\"@id\":\"https:\\\/\\\/www.talidesign.eu\\\/et\\\/pood\\\/toode\\\/maison-203-stones-korvarongad-l\\\/\",\"url\":\"https:\\\/\\\/www.talidesign.eu\\\/et\\\/pood\\\/toode\\\/maison-203-stones-korvarongad-l\\\/\",\"name\":\"Maison 203 Stones k\u00f5rvar\u00f5ngad L - TALI Concept Store\",\"isPartOf\":{\"@id\":\"https:\\\/\\\/www.talidesign.eu\\\/et\\\/#website\"},\"primaryImageOfPage\":{\"@id\":\"https:\\\/\\\/www.talidesign.eu\\\/et\\\/pood\\\/toode\\\/maison-203-stones-korvarongad-l\\\/#primaryimage\"},\"image\":{\"@id\":\"https:\\\/\\\/www.talidesign.eu\\\/et\\\/pood\\\/toode\\\/maison-203-stones-korvarongad-l\\\/#primaryimage\"},\"thumbnailUrl\":\"https:\\\/\\\/www.talidesign.eu\\\/wp\\\/wp-content\\\/uploads\\\/2020\\\/08\\\/stonesearl_blk.jpg\",\"datePublished\":\"2020-08-06T10:02:01+00:00\",\"dateModified\":\"2026-04-03T15:04:43+00:00\",\"description\":\"Maison 203 Stones k\u00f5rvar\u00f5ngad L - \u00c4\u00e4rmiselt kerged 3D-prinditud k\u00f5rvar\u00f5ngad. Valmistatud biolagunevast plastist. Br\u00e4nd Maison 203. Ehted, K\u00f5rvar\u00f5ngad, Maison 203.\",\"breadcrumb\":{\"@id\":\"https:\\\/\\\/www.talidesign.eu\\\/et\\\/pood\\\/toode\\\/maison-203-stones-korvarongad-l\\\/#breadcrumb\"},\"inLanguage\":\"et\",\"potentialAction\":[{\"@type\":\"ReadAction\",\"target\":[\"https:\\\/\\\/www.talidesign.eu\\\/et\\\/pood\\\/toode\\\/maison-203-stones-korvarongad-l\\\/\"]}]},{\"@type\":\"ImageObject\",\"inLanguage\":\"et\",\"@id\":\"https:\\\/\\\/www.talidesign.eu\\\/et\\\/pood\\\/toode\\\/maison-203-stones-korvarongad-l\\\/#primaryimage\",\"url\":\"https:\\\/\\\/www.talidesign.eu\\\/wp\\\/wp-content\\\/uploads\\\/2020\\\/08\\\/stonesearl_blk.jpg\",\"contentUrl\":\"https:\\\/\\\/www.talidesign.eu\\\/wp\\\/wp-content\\\/uploads\\\/2020\\\/08\\\/stonesearl_blk.jpg\",\"width\":768,\"height\":768},{\"@type\":\"BreadcrumbList\",\"@id\":\"https:\\\/\\\/www.talidesign.eu\\\/et\\\/pood\\\/toode\\\/maison-203-stones-korvarongad-l\\\/#breadcrumb\",\"itemListElement\":[{\"@type\":\"ListItem\",\"position\":1,\"name\":\"Avaleht\",\"item\":\"https:\\\/\\\/www.talidesign.eu\\\/et\\\/\"},{\"@type\":\"ListItem\",\"position\":2,\"name\":\"Pood\",\"item\":\"https:\\\/\\\/www.talidesign.eu\\\/et\\\/pood\\\/\"},{\"@type\":\"ListItem\",\"position\":3,\"name\":\"Maison 203 Stones k\u00f5rvar\u00f5ngad L\"}]},{\"@type\":\"WebSite\",\"@id\":\"https:\\\/\\\/www.talidesign.eu\\\/et\\\/#website\",\"url\":\"https:\\\/\\\/www.talidesign.eu\\\/et\\\/\",\"name\":\"TALI Concept Store\",\"description\":\"Suurim Disainipood Eestis\",\"potentialAction\":[{\"@type\":\"SearchAction\",\"target\":{\"@type\":\"EntryPoint\",\"urlTemplate\":\"https:\\\/\\\/www.talidesign.eu\\\/et\\\/?s={search_term_string}\"},\"query-input\":{\"@type\":\"PropertyValueSpecification\",\"valueRequired\":true,\"valueName\":\"search_term_string\"}}],\"inLanguage\":\"et\"}]}<\/script>\n<!-- \/ Yoast SEO plugin. -->","yoast_head_json":{"title":"Maison 203 Stones k\u00f5rvar\u00f5ngad L - TALI Concept Store","description":"Maison 203 Stones k\u00f5rvar\u00f5ngad L - \u00c4\u00e4rmiselt kerged 3D-prinditud k\u00f5rvar\u00f5ngad. Valmistatud biolagunevast plastist. Br\u00e4nd Maison 203. Ehted, K\u00f5rvar\u00f5ngad, Maison 203.","robots":{"index":"index","follow":"follow","max-snippet":"max-snippet:-1","max-image-preview":"max-image-preview:large","max-video-preview":"max-video-preview:-1"},"canonical":"https:\/\/www.talidesign.eu\/et\/pood\/toode\/maison-203-stones-korvarongad-l\/","og_locale":"et_EE","og_type":"article","og_title":"Maison 203 Stones k\u00f5rvar\u00f5ngad L - TALI Concept Store","og_description":"Maison 203 Stones k\u00f5rvar\u00f5ngad L - \u00c4\u00e4rmiselt kerged 3D-prinditud k\u00f5rvar\u00f5ngad. Valmistatud biolagunevast plastist. Br\u00e4nd Maison 203. Ehted, K\u00f5rvar\u00f5ngad, Maison 203.","og_url":"https:\/\/www.talidesign.eu\/et\/pood\/toode\/maison-203-stones-korvarongad-l\/","og_site_name":"TALI Concept Store","article_publisher":"https:\/\/www.facebook.com\/TaliDisain\/","article_modified_time":"2026-04-03T15:04:43+00:00","og_image":[{"width":768,"height":768,"url":"https:\/\/www.talidesign.eu\/wp\/wp-content\/uploads\/2020\/08\/stonesearl_blk.jpg","type":"image\/jpeg"}],"twitter_card":"summary_large_image","twitter_misc":{"Est. reading time":"1 minute"},"schema":{"@context":"https:\/\/schema.org","@graph":[{"@type":"WebPage","@id":"https:\/\/www.talidesign.eu\/et\/pood\/toode\/maison-203-stones-korvarongad-l\/","url":"https:\/\/www.talidesign.eu\/et\/pood\/toode\/maison-203-stones-korvarongad-l\/","name":"Maison 203 Stones k\u00f5rvar\u00f5ngad L - TALI Concept Store","isPartOf":{"@id":"https:\/\/www.talidesign.eu\/et\/#website"},"primaryImageOfPage":{"@id":"https:\/\/www.talidesign.eu\/et\/pood\/toode\/maison-203-stones-korvarongad-l\/#primaryimage"},"image":{"@id":"https:\/\/www.talidesign.eu\/et\/pood\/toode\/maison-203-stones-korvarongad-l\/#primaryimage"},"thumbnailUrl":"https:\/\/www.talidesign.eu\/wp\/wp-content\/uploads\/2020\/08\/stonesearl_blk.jpg","datePublished":"2020-08-06T10:02:01+00:00","dateModified":"2026-04-03T15:04:43+00:00","description":"Maison 203 Stones k\u00f5rvar\u00f5ngad L - \u00c4\u00e4rmiselt kerged 3D-prinditud k\u00f5rvar\u00f5ngad. Valmistatud biolagunevast plastist. Br\u00e4nd Maison 203. Ehted, K\u00f5rvar\u00f5ngad, Maison 203.","breadcrumb":{"@id":"https:\/\/www.talidesign.eu\/et\/pood\/toode\/maison-203-stones-korvarongad-l\/#breadcrumb"},"inLanguage":"et","potentialAction":[{"@type":"ReadAction","target":["https:\/\/www.talidesign.eu\/et\/pood\/toode\/maison-203-stones-korvarongad-l\/"]}]},{"@type":"ImageObject","inLanguage":"et","@id":"https:\/\/www.talidesign.eu\/et\/pood\/toode\/maison-203-stones-korvarongad-l\/#primaryimage","url":"https:\/\/www.talidesign.eu\/wp\/wp-content\/uploads\/2020\/08\/stonesearl_blk.jpg","contentUrl":"https:\/\/www.talidesign.eu\/wp\/wp-content\/uploads\/2020\/08\/stonesearl_blk.jpg","width":768,"height":768},{"@type":"BreadcrumbList","@id":"https:\/\/www.talidesign.eu\/et\/pood\/toode\/maison-203-stones-korvarongad-l\/#breadcrumb","itemListElement":[{"@type":"ListItem","position":1,"name":"Avaleht","item":"https:\/\/www.talidesign.eu\/et\/"},{"@type":"ListItem","position":2,"name":"Pood","item":"https:\/\/www.talidesign.eu\/et\/pood\/"},{"@type":"ListItem","position":3,"name":"Maison 203 Stones k\u00f5rvar\u00f5ngad L"}]},{"@type":"WebSite","@id":"https:\/\/www.talidesign.eu\/et\/#website","url":"https:\/\/www.talidesign.eu\/et\/","name":"TALI Concept Store","description":"Suurim Disainipood Eestis","potentialAction":[{"@type":"SearchAction","target":{"@type":"EntryPoint","urlTemplate":"https:\/\/www.talidesign.eu\/et\/?s={search_term_string}"},"query-input":{"@type":"PropertyValueSpecification","valueRequired":true,"valueName":"search_term_string"}}],"inLanguage":"et"}]}},"_links":{"self":[{"href":"https:\/\/www.talidesign.eu\/et\/wp-json\/wp\/v2\/product\/44246","targetHints":{"allow":["GET"]}}],"collection":[{"href":"https:\/\/www.talidesign.eu\/et\/wp-json\/wp\/v2\/product"}],"about":[{"href":"https:\/\/www.talidesign.eu\/et\/wp-json\/wp\/v2\/types\/product"}],"wp:featuredmedia":[{"embeddable":true,"href":"https:\/\/www.talidesign.eu\/et\/wp-json\/wp\/v2\/media\/44250"}],"wp:attachment":[{"href":"https:\/\/www.talidesign.eu\/et\/wp-json\/wp\/v2\/media?parent=44246"}],"wp:term":[{"taxonomy":"product_brand","embeddable":true,"href":"https:\/\/www.talidesign.eu\/et\/wp-json\/wp\/v2\/product_brand?post=44246"},{"taxonomy":"product_cat","embeddable":true,"href":"https:\/\/www.talidesign.eu\/et\/wp-json\/wp\/v2\/product_cat?post=44246"},{"taxonomy":"product_tag","embeddable":true,"href":"https:\/\/www.talidesign.eu\/et\/wp-json\/wp\/v2\/product_tag?post=44246"}],"curies":[{"name":"wp","href":"https:\/\/api.w.org\/{rel}","templated":true}]}}