{"id":44358,"date":"2020-03-22T13:03:21","date_gmt":"2020-03-22T11:03:21","guid":{"rendered":"https:\/\/www.talidesign.eu\/shop\/product\/leaves-earrings-1-metallic\/"},"modified":"2026-04-07T15:05:11","modified_gmt":"2026-04-07T12:05:11","slug":"maison-203-leaves-korvarongad-1-metallik","status":"publish","type":"product","link":"https:\/\/www.talidesign.eu\/et\/pood\/toode\/maison-203-leaves-korvarongad-1-metallik\/","title":{"rendered":"Maison 203 Leaves k\u00f5rvar\u00f5ngad 1 Metallik"},"content":{"rendered":"<p><strong>Leaves k\u00f5rvar\u00f5ngad 1 Metallik<\/strong><\/p>\n<p>\u00c4\u00e4rmiselt kerged 3D-prinditud k\u00f5rvar\u00f5ngad.<\/p>\n<p>Sellise elemendi nagu &#8220;Lehe&#8221; lihtsustamine geomeetriliseks, puhaste joontega mooduliks v\u00f5imaldab seda kasutada eri kompositsioonides, et luua peen ja formaalselt elegantne ehtekollektsioon.<\/p>\n<p>\u2022 Disainer: Giorgia Zanellato<br \/>\n\u2022 Materjal: Nylon<br \/>\n\u2022 Viimistlus: k\u00e4sitsi v\u00e4rvitud<br \/>\n\u2022 M\u00f5\u00f5tmed: 30 mm<br \/>\n\u2022 Kirurgilisest terasest k\u00f5rvar\u00f5ngatagune, niklivaba<br \/>\n\u2022 <a href=\"\/et\/tootekategooria\/brandid\/maison-203-et\/\">Br\u00e4nd Maison 203<\/a><\/p>\n<p><strong>Meist<\/strong><\/p>\n<p>Br\u00e4nd Maison 203 loodi kuulsa Prosecco veini rohelistes m\u00e4gedes (Valdobbiadene, Treviso, <strong>Itaalia<\/strong>). 2011. aastal kohtus Venezuela p\u00e4ritolu kogenud disainer Orlando Fernandez Flores Foscarinis maailmakodaniku, tarbegraafiku ja suure moehuvilisega Lucia De Contiga &#8211; s\u00fcndis Maison 203.<\/p>\n<p><a href=\"https:\/\/www.talidesign.eu\/wp\/wp-content\/uploads\/2021\/03\/lucia-orlando.jpg\"><img loading=\"lazy\" decoding=\"async\" src=\"https:\/\/www.talidesign.eu\/wp\/wp-content\/uploads\/2021\/03\/lucia-orlando.jpg\" alt=\"\" width=\"854\" height=\"665\" class=\"alignnone size-full wp-image-22914\" srcset=\"https:\/\/www.talidesign.eu\/wp\/wp-content\/uploads\/2021\/03\/lucia-orlando.jpg 854w, https:\/\/www.talidesign.eu\/wp\/wp-content\/uploads\/2021\/03\/lucia-orlando-514x400.jpg 514w, https:\/\/www.talidesign.eu\/wp\/wp-content\/uploads\/2021\/03\/lucia-orlando-768x598.jpg 768w, https:\/\/www.talidesign.eu\/wp\/wp-content\/uploads\/2021\/03\/lucia-orlando-500x389.jpg 500w, https:\/\/www.talidesign.eu\/wp\/wp-content\/uploads\/2021\/03\/lucia-orlando-510x397.jpg 510w\" sizes=\"auto, (max-width: 854px) 100vw, 854px\" \/><\/a><\/p>\n","protected":false},"excerpt":{"rendered":"<p><strong>Leaves k\u00f5rvar\u00f5ngad 1 Metallik<\/strong><\/p>\n<p>\u00c4\u00e4rmiselt kerged 3D-prinditud k\u00f5rvar\u00f5ngad.<\/p>\n<p>Sellise elemendi nagu &#8220;Lehe&#8221; lihtsustamine geomeetriliseks, puhaste joontega mooduliks v\u00f5imaldab seda kasutada eri kompositsioonides, et luua peen ja formaalselt elegantne ehtekollektsioon.<\/p>\n<p>\u2022 Disainer: Giorgia Zanellato<br \/>\n\u2022 Materjal: Nylon<br \/>\n\u2022 Viimistlus: k\u00e4sitsi v\u00e4rvitud<br \/>\n\u2022 M\u00f5\u00f5tmed: 30 mm<br \/>\n\u2022 Kirurgilisest terasest k\u00f5rvar\u00f5ngatagune, niklivaba<br \/>\n\u2022 <a href=\"\/et\/tootekategooria\/brandid\/maison-203-et\/\">Br\u00e4nd Maison 203<\/a><\/p>\n<p><strong>Meist<\/strong><\/p>\n<p>Br\u00e4nd Maison 203 loodi kuulsa Prosecco veini rohelistes m\u00e4gedes (Valdobbiadene, Treviso, <strong>Itaalia<\/strong>). 2011. aastal kohtus Venezuela p\u00e4ritolu kogenud disainer Orlando Fernandez Flores Foscarinis maailmakodaniku, tarbegraafiku ja suure moehuvilisega Lucia De Contiga &#8211; s\u00fcndis Maison 203.<\/p>\n<p><a href=\"https:\/\/www.talidesign.eu\/wp\/wp-content\/uploads\/2021\/03\/lucia-orlando.jpg\"><img loading=\"lazy\" decoding=\"async\" src=\"https:\/\/www.talidesign.eu\/wp\/wp-content\/uploads\/2021\/03\/lucia-orlando.jpg\" alt=\"\" width=\"854\" height=\"665\" class=\"alignnone size-full wp-image-22914\" srcset=\"https:\/\/www.talidesign.eu\/wp\/wp-content\/uploads\/2021\/03\/lucia-orlando.jpg 854w, https:\/\/www.talidesign.eu\/wp\/wp-content\/uploads\/2021\/03\/lucia-orlando-514x400.jpg 514w, https:\/\/www.talidesign.eu\/wp\/wp-content\/uploads\/2021\/03\/lucia-orlando-768x598.jpg 768w, https:\/\/www.talidesign.eu\/wp\/wp-content\/uploads\/2021\/03\/lucia-orlando-500x389.jpg 500w, https:\/\/www.talidesign.eu\/wp\/wp-content\/uploads\/2021\/03\/lucia-orlando-510x397.jpg 510w\" sizes=\"auto, (max-width: 854px) 100vw, 854px\" \/><\/a><\/p>\n","protected":false},"featured_media":44359,"template":"","meta":[],"product_brand":[],"product_cat":[1026,1146,1148,1159,1063],"product_tag":[1808],"class_list":{"0":"post-44358","1":"product","2":"type-product","3":"status-publish","4":"has-post-thumbnail","6":"product_cat-brandid","7":"product_cat-ehted","8":"product_cat-korvarongad","9":"product_cat-maison-203-korvarongad","10":"product_cat-maison-203-et","11":"product_tag-maison-203-et","13":"first","14":"instock","15":"taxable","16":"shipping-taxable","17":"purchasable","18":"product-type-variable","19":"has-default-attributes"},"yoast_head":"<!-- This site is optimized with the Yoast SEO plugin v27.3 - https:\/\/yoast.com\/product\/yoast-seo-wordpress\/ -->\n<title>Maison 203 Leaves k\u00f5rvar\u00f5ngad 1 Metallik - TALI Concept Store<\/title>\n<meta name=\"description\" content=\"Avasta Maison 203 Leaves k\u00f5rvar\u00f5ngad 1 Metallik - peen ja elegantne ehtekollektsioon. Kerged 3D-prinditud k\u00f5rvar\u00f5ngad. Br\u00e4nd Maison 203.\" \/>\n<meta name=\"robots\" content=\"index, follow, max-snippet:-1, max-image-preview:large, max-video-preview:-1\" \/>\n<link rel=\"canonical\" href=\"https:\/\/www.talidesign.eu\/et\/pood\/toode\/maison-203-leaves-korvarongad-1-metallik\/\" \/>\n<meta property=\"og:locale\" content=\"et_EE\" \/>\n<meta property=\"og:type\" content=\"article\" \/>\n<meta property=\"og:title\" content=\"Maison 203 Leaves k\u00f5rvar\u00f5ngad 1 Metallik - TALI Concept Store\" \/>\n<meta property=\"og:description\" content=\"Avasta Maison 203 Leaves k\u00f5rvar\u00f5ngad 1 Metallik - peen ja elegantne ehtekollektsioon. Kerged 3D-prinditud k\u00f5rvar\u00f5ngad. Br\u00e4nd Maison 203.\" \/>\n<meta property=\"og:url\" content=\"https:\/\/www.talidesign.eu\/et\/pood\/toode\/maison-203-leaves-korvarongad-1-metallik\/\" \/>\n<meta property=\"og:site_name\" content=\"TALI Concept Store\" \/>\n<meta property=\"article:publisher\" content=\"https:\/\/www.facebook.com\/TaliDisain\/\" \/>\n<meta property=\"article:modified_time\" content=\"2026-04-07T12:05:11+00:00\" \/>\n<meta property=\"og:image\" content=\"https:\/\/www.talidesign.eu\/wp\/wp-content\/uploads\/2020\/03\/leavesear1_glmt_3-1.jpg\" \/>\n\t<meta property=\"og:image:width\" content=\"1200\" \/>\n\t<meta property=\"og:image:height\" content=\"1200\" \/>\n\t<meta property=\"og:image:type\" content=\"image\/jpeg\" \/>\n<meta name=\"twitter:card\" content=\"summary_large_image\" \/>\n<meta name=\"twitter:label1\" content=\"Est. reading time\" \/>\n\t<meta name=\"twitter:data1\" content=\"1 minute\" \/>\n<script type=\"application\/ld+json\" class=\"yoast-schema-graph\">{\"@context\":\"https:\\\/\\\/schema.org\",\"@graph\":[{\"@type\":\"WebPage\",\"@id\":\"https:\\\/\\\/www.talidesign.eu\\\/et\\\/pood\\\/toode\\\/maison-203-leaves-korvarongad-1-metallik\\\/\",\"url\":\"https:\\\/\\\/www.talidesign.eu\\\/et\\\/pood\\\/toode\\\/maison-203-leaves-korvarongad-1-metallik\\\/\",\"name\":\"Maison 203 Leaves k\u00f5rvar\u00f5ngad 1 Metallik - TALI Concept Store\",\"isPartOf\":{\"@id\":\"https:\\\/\\\/www.talidesign.eu\\\/et\\\/#website\"},\"primaryImageOfPage\":{\"@id\":\"https:\\\/\\\/www.talidesign.eu\\\/et\\\/pood\\\/toode\\\/maison-203-leaves-korvarongad-1-metallik\\\/#primaryimage\"},\"image\":{\"@id\":\"https:\\\/\\\/www.talidesign.eu\\\/et\\\/pood\\\/toode\\\/maison-203-leaves-korvarongad-1-metallik\\\/#primaryimage\"},\"thumbnailUrl\":\"https:\\\/\\\/www.talidesign.eu\\\/wp\\\/wp-content\\\/uploads\\\/2020\\\/03\\\/leavesear1_glmt_3-1.jpg\",\"datePublished\":\"2020-03-22T11:03:21+00:00\",\"dateModified\":\"2026-04-07T12:05:11+00:00\",\"description\":\"Avasta Maison 203 Leaves k\u00f5rvar\u00f5ngad 1 Metallik - peen ja elegantne ehtekollektsioon. Kerged 3D-prinditud k\u00f5rvar\u00f5ngad. Br\u00e4nd Maison 203.\",\"breadcrumb\":{\"@id\":\"https:\\\/\\\/www.talidesign.eu\\\/et\\\/pood\\\/toode\\\/maison-203-leaves-korvarongad-1-metallik\\\/#breadcrumb\"},\"inLanguage\":\"et\",\"potentialAction\":[{\"@type\":\"ReadAction\",\"target\":[\"https:\\\/\\\/www.talidesign.eu\\\/et\\\/pood\\\/toode\\\/maison-203-leaves-korvarongad-1-metallik\\\/\"]}]},{\"@type\":\"ImageObject\",\"inLanguage\":\"et\",\"@id\":\"https:\\\/\\\/www.talidesign.eu\\\/et\\\/pood\\\/toode\\\/maison-203-leaves-korvarongad-1-metallik\\\/#primaryimage\",\"url\":\"https:\\\/\\\/www.talidesign.eu\\\/wp\\\/wp-content\\\/uploads\\\/2020\\\/03\\\/leavesear1_glmt_3-1.jpg\",\"contentUrl\":\"https:\\\/\\\/www.talidesign.eu\\\/wp\\\/wp-content\\\/uploads\\\/2020\\\/03\\\/leavesear1_glmt_3-1.jpg\",\"width\":1200,\"height\":1200},{\"@type\":\"BreadcrumbList\",\"@id\":\"https:\\\/\\\/www.talidesign.eu\\\/et\\\/pood\\\/toode\\\/maison-203-leaves-korvarongad-1-metallik\\\/#breadcrumb\",\"itemListElement\":[{\"@type\":\"ListItem\",\"position\":1,\"name\":\"Avaleht\",\"item\":\"https:\\\/\\\/www.talidesign.eu\\\/et\\\/\"},{\"@type\":\"ListItem\",\"position\":2,\"name\":\"Pood\",\"item\":\"https:\\\/\\\/www.talidesign.eu\\\/et\\\/pood\\\/\"},{\"@type\":\"ListItem\",\"position\":3,\"name\":\"Maison 203 Leaves k\u00f5rvar\u00f5ngad 1 Metallik\"}]},{\"@type\":\"WebSite\",\"@id\":\"https:\\\/\\\/www.talidesign.eu\\\/et\\\/#website\",\"url\":\"https:\\\/\\\/www.talidesign.eu\\\/et\\\/\",\"name\":\"TALI Concept Store\",\"description\":\"Suurim Disainipood Eestis\",\"potentialAction\":[{\"@type\":\"SearchAction\",\"target\":{\"@type\":\"EntryPoint\",\"urlTemplate\":\"https:\\\/\\\/www.talidesign.eu\\\/et\\\/?s={search_term_string}\"},\"query-input\":{\"@type\":\"PropertyValueSpecification\",\"valueRequired\":true,\"valueName\":\"search_term_string\"}}],\"inLanguage\":\"et\"}]}<\/script>\n<!-- \/ Yoast SEO plugin. -->","yoast_head_json":{"title":"Maison 203 Leaves k\u00f5rvar\u00f5ngad 1 Metallik - TALI Concept Store","description":"Avasta Maison 203 Leaves k\u00f5rvar\u00f5ngad 1 Metallik - peen ja elegantne ehtekollektsioon. Kerged 3D-prinditud k\u00f5rvar\u00f5ngad. Br\u00e4nd Maison 203.","robots":{"index":"index","follow":"follow","max-snippet":"max-snippet:-1","max-image-preview":"max-image-preview:large","max-video-preview":"max-video-preview:-1"},"canonical":"https:\/\/www.talidesign.eu\/et\/pood\/toode\/maison-203-leaves-korvarongad-1-metallik\/","og_locale":"et_EE","og_type":"article","og_title":"Maison 203 Leaves k\u00f5rvar\u00f5ngad 1 Metallik - TALI Concept Store","og_description":"Avasta Maison 203 Leaves k\u00f5rvar\u00f5ngad 1 Metallik - peen ja elegantne ehtekollektsioon. Kerged 3D-prinditud k\u00f5rvar\u00f5ngad. Br\u00e4nd Maison 203.","og_url":"https:\/\/www.talidesign.eu\/et\/pood\/toode\/maison-203-leaves-korvarongad-1-metallik\/","og_site_name":"TALI Concept Store","article_publisher":"https:\/\/www.facebook.com\/TaliDisain\/","article_modified_time":"2026-04-07T12:05:11+00:00","og_image":[{"width":1200,"height":1200,"url":"https:\/\/www.talidesign.eu\/wp\/wp-content\/uploads\/2020\/03\/leavesear1_glmt_3-1.jpg","type":"image\/jpeg"}],"twitter_card":"summary_large_image","twitter_misc":{"Est. reading time":"1 minute"},"schema":{"@context":"https:\/\/schema.org","@graph":[{"@type":"WebPage","@id":"https:\/\/www.talidesign.eu\/et\/pood\/toode\/maison-203-leaves-korvarongad-1-metallik\/","url":"https:\/\/www.talidesign.eu\/et\/pood\/toode\/maison-203-leaves-korvarongad-1-metallik\/","name":"Maison 203 Leaves k\u00f5rvar\u00f5ngad 1 Metallik - TALI Concept Store","isPartOf":{"@id":"https:\/\/www.talidesign.eu\/et\/#website"},"primaryImageOfPage":{"@id":"https:\/\/www.talidesign.eu\/et\/pood\/toode\/maison-203-leaves-korvarongad-1-metallik\/#primaryimage"},"image":{"@id":"https:\/\/www.talidesign.eu\/et\/pood\/toode\/maison-203-leaves-korvarongad-1-metallik\/#primaryimage"},"thumbnailUrl":"https:\/\/www.talidesign.eu\/wp\/wp-content\/uploads\/2020\/03\/leavesear1_glmt_3-1.jpg","datePublished":"2020-03-22T11:03:21+00:00","dateModified":"2026-04-07T12:05:11+00:00","description":"Avasta Maison 203 Leaves k\u00f5rvar\u00f5ngad 1 Metallik - peen ja elegantne ehtekollektsioon. Kerged 3D-prinditud k\u00f5rvar\u00f5ngad. Br\u00e4nd Maison 203.","breadcrumb":{"@id":"https:\/\/www.talidesign.eu\/et\/pood\/toode\/maison-203-leaves-korvarongad-1-metallik\/#breadcrumb"},"inLanguage":"et","potentialAction":[{"@type":"ReadAction","target":["https:\/\/www.talidesign.eu\/et\/pood\/toode\/maison-203-leaves-korvarongad-1-metallik\/"]}]},{"@type":"ImageObject","inLanguage":"et","@id":"https:\/\/www.talidesign.eu\/et\/pood\/toode\/maison-203-leaves-korvarongad-1-metallik\/#primaryimage","url":"https:\/\/www.talidesign.eu\/wp\/wp-content\/uploads\/2020\/03\/leavesear1_glmt_3-1.jpg","contentUrl":"https:\/\/www.talidesign.eu\/wp\/wp-content\/uploads\/2020\/03\/leavesear1_glmt_3-1.jpg","width":1200,"height":1200},{"@type":"BreadcrumbList","@id":"https:\/\/www.talidesign.eu\/et\/pood\/toode\/maison-203-leaves-korvarongad-1-metallik\/#breadcrumb","itemListElement":[{"@type":"ListItem","position":1,"name":"Avaleht","item":"https:\/\/www.talidesign.eu\/et\/"},{"@type":"ListItem","position":2,"name":"Pood","item":"https:\/\/www.talidesign.eu\/et\/pood\/"},{"@type":"ListItem","position":3,"name":"Maison 203 Leaves k\u00f5rvar\u00f5ngad 1 Metallik"}]},{"@type":"WebSite","@id":"https:\/\/www.talidesign.eu\/et\/#website","url":"https:\/\/www.talidesign.eu\/et\/","name":"TALI Concept Store","description":"Suurim Disainipood Eestis","potentialAction":[{"@type":"SearchAction","target":{"@type":"EntryPoint","urlTemplate":"https:\/\/www.talidesign.eu\/et\/?s={search_term_string}"},"query-input":{"@type":"PropertyValueSpecification","valueRequired":true,"valueName":"search_term_string"}}],"inLanguage":"et"}]}},"_links":{"self":[{"href":"https:\/\/www.talidesign.eu\/et\/wp-json\/wp\/v2\/product\/44358","targetHints":{"allow":["GET"]}}],"collection":[{"href":"https:\/\/www.talidesign.eu\/et\/wp-json\/wp\/v2\/product"}],"about":[{"href":"https:\/\/www.talidesign.eu\/et\/wp-json\/wp\/v2\/types\/product"}],"wp:featuredmedia":[{"embeddable":true,"href":"https:\/\/www.talidesign.eu\/et\/wp-json\/wp\/v2\/media\/44359"}],"wp:attachment":[{"href":"https:\/\/www.talidesign.eu\/et\/wp-json\/wp\/v2\/media?parent=44358"}],"wp:term":[{"taxonomy":"product_brand","embeddable":true,"href":"https:\/\/www.talidesign.eu\/et\/wp-json\/wp\/v2\/product_brand?post=44358"},{"taxonomy":"product_cat","embeddable":true,"href":"https:\/\/www.talidesign.eu\/et\/wp-json\/wp\/v2\/product_cat?post=44358"},{"taxonomy":"product_tag","embeddable":true,"href":"https:\/\/www.talidesign.eu\/et\/wp-json\/wp\/v2\/product_tag?post=44358"}],"curies":[{"name":"wp","href":"https:\/\/api.w.org\/{rel}","templated":true}]}}