{"id":44641,"date":"2021-10-19T18:10:28","date_gmt":"2021-10-19T15:10:28","guid":{"rendered":"https:\/\/www.talidesign.eu\/shop\/product\/meller-bioko-glawi-rose\/"},"modified":"2022-04-09T16:24:47","modified_gmt":"2022-04-09T13:24:47","slug":"meller-bioko-paikeseprillid-glawi-rose","status":"publish","type":"product","link":"https:\/\/www.talidesign.eu\/et\/pood\/toode\/meller-bioko-paikeseprillid-glawi-rose\/","title":{"rendered":"Meller Bioko p\u00e4ikeseprillid Glawi Rose"},"content":{"rendered":"<p><strong>Bioko p\u00e4ikeseprillid Glawi Rose<\/strong><\/p>\n<p>Stiilsed p\u00e4ikeseprillid Mellerilt.<\/p>\n<p>\u2022 UV-kaitse UV400: 3. kategooria<br \/>\n\u2022 L\u00e4\u00e4ts: Jaapani Tac polariseeritud, kriimustusvastane, super hydrfobic film<br \/>\n\u2022 Materjal: French Polycarbonate<br \/>\n\u2022 <a href=\"\/et\/tootekategooria\/brandid\/meller-et\/\">Br\u00e4nd Meller<\/a><\/p>\n<p>Ideaalne tasakaal mugavuse ja vastupidavuse vahel.<\/p>\n<p><strong>Br\u00e4ndist<\/strong><\/p>\n<p>Aastal 2014 asutasid Sergi Benet, Borja Nadal ja Marco Grandi Meller br\u00e4ndi.<\/p>\n<p>Alguses m\u00fc\u00fcsid nad oma tooteid garaa\u017eist&#8230; t\u00e4naseks on Mellerist saanud \u00fcks m\u00f5jukamaid kaubam\u00e4rke ravhusvahelisel areenil.<\/p>\n<p><a href=\"\/et\/tootekategooria\/brandid\/meller-et\/\"><img loading=\"lazy\" decoding=\"async\" src=\"https:\/\/www.talidesign.eu\/wp\/wp-content\/uploads\/2021\/07\/meller-1.jpg\" alt=\"\" width=\"400\" height=\"100\" class=\"alignnone size-full wp-image-31744\" \/><\/a><\/p>\n","protected":false},"excerpt":{"rendered":"<p><strong>Bioko p\u00e4ikeseprillid Glawi Rose<\/strong><\/p>\n<p>Stiilsed p\u00e4ikeseprillid Mellerilt.<\/p>\n<p>\u2022 UV-kaitse UV400: 3. kategooria<br \/>\n\u2022 L\u00e4\u00e4ts: Jaapani Tac polariseeritud, kriimustusvastane, super hydrfobic film<br \/>\n\u2022 Materjal: French Polycarbonate<br \/>\n\u2022 <a href=\"\/et\/tootekategooria\/brandid\/meller-et\/\">Br\u00e4nd Meller<\/a><\/p>\n<p>Ideaalne tasakaal mugavuse ja vastupidavuse vahel.<\/p>\n<p><strong>Br\u00e4ndist<\/strong><\/p>\n<p>Aastal 2014 asutasid Sergi Benet, Borja Nadal ja Marco Grandi Meller br\u00e4ndi.<\/p>\n<p>Alguses m\u00fc\u00fcsid nad oma tooteid garaa\u017eist&#8230; t\u00e4naseks on Mellerist saanud \u00fcks m\u00f5jukamaid kaubam\u00e4rke ravhusvahelisel areenil.<\/p>\n<p><a href=\"\/et\/tootekategooria\/brandid\/meller-et\/\"><img loading=\"lazy\" decoding=\"async\" src=\"https:\/\/www.talidesign.eu\/wp\/wp-content\/uploads\/2021\/07\/meller-1.jpg\" alt=\"\" width=\"400\" height=\"100\" class=\"alignnone size-full wp-image-31744\" \/><\/a><\/p>\n","protected":false},"featured_media":44586,"template":"","meta":[],"product_brand":[],"product_cat":[1026,1067,1173],"product_tag":[1750],"class_list":{"0":"post-44641","1":"product","2":"type-product","3":"status-publish","4":"has-post-thumbnail","6":"product_cat-brandid","7":"product_cat-meller-et","8":"product_cat-paikeseprillid","9":"product_tag-meller-et","11":"first","12":"outofstock","13":"taxable","14":"shipping-taxable","15":"purchasable","16":"product-type-simple"},"yoast_head":"<!-- This site is optimized with the Yoast SEO plugin v27.3 - https:\/\/yoast.com\/product\/yoast-seo-wordpress\/ -->\n<title>Meller Bioko p\u00e4ikeseprillid Glawi Rose - TALI Concept Store<\/title>\n<meta name=\"description\" content=\"Avasta stiilsed Meller Bioko p\u00e4ikeseprillid Glawi Rose. Kaitsevad UV-kiirguse eest ja pakuvad mugavust ning vastupidavust. Tutvu l\u00e4hemalt!\" \/>\n<meta name=\"robots\" content=\"index, follow, max-snippet:-1, max-image-preview:large, max-video-preview:-1\" \/>\n<link rel=\"canonical\" href=\"https:\/\/www.talidesign.eu\/et\/pood\/toode\/meller-bioko-paikeseprillid-glawi-rose\/\" \/>\n<meta property=\"og:locale\" content=\"et_EE\" \/>\n<meta property=\"og:type\" content=\"article\" \/>\n<meta property=\"og:title\" content=\"Meller Bioko p\u00e4ikeseprillid Glawi Rose - TALI Concept Store\" \/>\n<meta property=\"og:description\" content=\"Avasta stiilsed Meller Bioko p\u00e4ikeseprillid Glawi Rose. Kaitsevad UV-kiirguse eest ja pakuvad mugavust ning vastupidavust. Tutvu l\u00e4hemalt!\" \/>\n<meta property=\"og:url\" content=\"https:\/\/www.talidesign.eu\/et\/pood\/toode\/meller-bioko-paikeseprillid-glawi-rose\/\" \/>\n<meta property=\"og:site_name\" content=\"TALI Concept Store\" \/>\n<meta property=\"article:publisher\" content=\"https:\/\/www.facebook.com\/TaliDisain\/\" \/>\n<meta property=\"article:modified_time\" content=\"2022-04-09T13:24:47+00:00\" \/>\n<meta property=\"og:image\" content=\"https:\/\/www.talidesign.eu\/wp\/wp-content\/uploads\/2021\/10\/meller-bioko-glawi-rose.jpg\" \/>\n\t<meta property=\"og:image:width\" content=\"1280\" \/>\n\t<meta property=\"og:image:height\" content=\"1280\" \/>\n\t<meta property=\"og:image:type\" content=\"image\/jpeg\" \/>\n<meta name=\"twitter:card\" content=\"summary_large_image\" \/>\n<script type=\"application\/ld+json\" class=\"yoast-schema-graph\">{\"@context\":\"https:\\\/\\\/schema.org\",\"@graph\":[{\"@type\":\"WebPage\",\"@id\":\"https:\\\/\\\/www.talidesign.eu\\\/et\\\/pood\\\/toode\\\/meller-bioko-paikeseprillid-glawi-rose\\\/\",\"url\":\"https:\\\/\\\/www.talidesign.eu\\\/et\\\/pood\\\/toode\\\/meller-bioko-paikeseprillid-glawi-rose\\\/\",\"name\":\"Meller Bioko p\u00e4ikeseprillid Glawi Rose - TALI Concept Store\",\"isPartOf\":{\"@id\":\"https:\\\/\\\/www.talidesign.eu\\\/et\\\/#website\"},\"primaryImageOfPage\":{\"@id\":\"https:\\\/\\\/www.talidesign.eu\\\/et\\\/pood\\\/toode\\\/meller-bioko-paikeseprillid-glawi-rose\\\/#primaryimage\"},\"image\":{\"@id\":\"https:\\\/\\\/www.talidesign.eu\\\/et\\\/pood\\\/toode\\\/meller-bioko-paikeseprillid-glawi-rose\\\/#primaryimage\"},\"thumbnailUrl\":\"https:\\\/\\\/www.talidesign.eu\\\/wp\\\/wp-content\\\/uploads\\\/2021\\\/10\\\/meller-bioko-glawi-rose.jpg\",\"datePublished\":\"2021-10-19T15:10:28+00:00\",\"dateModified\":\"2022-04-09T13:24:47+00:00\",\"description\":\"Avasta stiilsed Meller Bioko p\u00e4ikeseprillid Glawi Rose. Kaitsevad UV-kiirguse eest ja pakuvad mugavust ning vastupidavust. Tutvu l\u00e4hemalt!\",\"breadcrumb\":{\"@id\":\"https:\\\/\\\/www.talidesign.eu\\\/et\\\/pood\\\/toode\\\/meller-bioko-paikeseprillid-glawi-rose\\\/#breadcrumb\"},\"inLanguage\":\"et\",\"potentialAction\":[{\"@type\":\"ReadAction\",\"target\":[\"https:\\\/\\\/www.talidesign.eu\\\/et\\\/pood\\\/toode\\\/meller-bioko-paikeseprillid-glawi-rose\\\/\"]}]},{\"@type\":\"ImageObject\",\"inLanguage\":\"et\",\"@id\":\"https:\\\/\\\/www.talidesign.eu\\\/et\\\/pood\\\/toode\\\/meller-bioko-paikeseprillid-glawi-rose\\\/#primaryimage\",\"url\":\"https:\\\/\\\/www.talidesign.eu\\\/wp\\\/wp-content\\\/uploads\\\/2021\\\/10\\\/meller-bioko-glawi-rose.jpg\",\"contentUrl\":\"https:\\\/\\\/www.talidesign.eu\\\/wp\\\/wp-content\\\/uploads\\\/2021\\\/10\\\/meller-bioko-glawi-rose.jpg\",\"width\":1280,\"height\":1280},{\"@type\":\"BreadcrumbList\",\"@id\":\"https:\\\/\\\/www.talidesign.eu\\\/et\\\/pood\\\/toode\\\/meller-bioko-paikeseprillid-glawi-rose\\\/#breadcrumb\",\"itemListElement\":[{\"@type\":\"ListItem\",\"position\":1,\"name\":\"Avaleht\",\"item\":\"https:\\\/\\\/www.talidesign.eu\\\/et\\\/\"},{\"@type\":\"ListItem\",\"position\":2,\"name\":\"Pood\",\"item\":\"https:\\\/\\\/www.talidesign.eu\\\/et\\\/pood\\\/\"},{\"@type\":\"ListItem\",\"position\":3,\"name\":\"Meller Bioko p\u00e4ikeseprillid Glawi Rose\"}]},{\"@type\":\"WebSite\",\"@id\":\"https:\\\/\\\/www.talidesign.eu\\\/et\\\/#website\",\"url\":\"https:\\\/\\\/www.talidesign.eu\\\/et\\\/\",\"name\":\"TALI Concept Store\",\"description\":\"Suurim Disainipood Eestis\",\"potentialAction\":[{\"@type\":\"SearchAction\",\"target\":{\"@type\":\"EntryPoint\",\"urlTemplate\":\"https:\\\/\\\/www.talidesign.eu\\\/et\\\/?s={search_term_string}\"},\"query-input\":{\"@type\":\"PropertyValueSpecification\",\"valueRequired\":true,\"valueName\":\"search_term_string\"}}],\"inLanguage\":\"et\"}]}<\/script>\n<!-- \/ Yoast SEO plugin. -->","yoast_head_json":{"title":"Meller Bioko p\u00e4ikeseprillid Glawi Rose - TALI Concept Store","description":"Avasta stiilsed Meller Bioko p\u00e4ikeseprillid Glawi Rose. Kaitsevad UV-kiirguse eest ja pakuvad mugavust ning vastupidavust. Tutvu l\u00e4hemalt!","robots":{"index":"index","follow":"follow","max-snippet":"max-snippet:-1","max-image-preview":"max-image-preview:large","max-video-preview":"max-video-preview:-1"},"canonical":"https:\/\/www.talidesign.eu\/et\/pood\/toode\/meller-bioko-paikeseprillid-glawi-rose\/","og_locale":"et_EE","og_type":"article","og_title":"Meller Bioko p\u00e4ikeseprillid Glawi Rose - TALI Concept Store","og_description":"Avasta stiilsed Meller Bioko p\u00e4ikeseprillid Glawi Rose. Kaitsevad UV-kiirguse eest ja pakuvad mugavust ning vastupidavust. Tutvu l\u00e4hemalt!","og_url":"https:\/\/www.talidesign.eu\/et\/pood\/toode\/meller-bioko-paikeseprillid-glawi-rose\/","og_site_name":"TALI Concept Store","article_publisher":"https:\/\/www.facebook.com\/TaliDisain\/","article_modified_time":"2022-04-09T13:24:47+00:00","og_image":[{"width":1280,"height":1280,"url":"https:\/\/www.talidesign.eu\/wp\/wp-content\/uploads\/2021\/10\/meller-bioko-glawi-rose.jpg","type":"image\/jpeg"}],"twitter_card":"summary_large_image","schema":{"@context":"https:\/\/schema.org","@graph":[{"@type":"WebPage","@id":"https:\/\/www.talidesign.eu\/et\/pood\/toode\/meller-bioko-paikeseprillid-glawi-rose\/","url":"https:\/\/www.talidesign.eu\/et\/pood\/toode\/meller-bioko-paikeseprillid-glawi-rose\/","name":"Meller Bioko p\u00e4ikeseprillid Glawi Rose - TALI Concept Store","isPartOf":{"@id":"https:\/\/www.talidesign.eu\/et\/#website"},"primaryImageOfPage":{"@id":"https:\/\/www.talidesign.eu\/et\/pood\/toode\/meller-bioko-paikeseprillid-glawi-rose\/#primaryimage"},"image":{"@id":"https:\/\/www.talidesign.eu\/et\/pood\/toode\/meller-bioko-paikeseprillid-glawi-rose\/#primaryimage"},"thumbnailUrl":"https:\/\/www.talidesign.eu\/wp\/wp-content\/uploads\/2021\/10\/meller-bioko-glawi-rose.jpg","datePublished":"2021-10-19T15:10:28+00:00","dateModified":"2022-04-09T13:24:47+00:00","description":"Avasta stiilsed Meller Bioko p\u00e4ikeseprillid Glawi Rose. Kaitsevad UV-kiirguse eest ja pakuvad mugavust ning vastupidavust. Tutvu l\u00e4hemalt!","breadcrumb":{"@id":"https:\/\/www.talidesign.eu\/et\/pood\/toode\/meller-bioko-paikeseprillid-glawi-rose\/#breadcrumb"},"inLanguage":"et","potentialAction":[{"@type":"ReadAction","target":["https:\/\/www.talidesign.eu\/et\/pood\/toode\/meller-bioko-paikeseprillid-glawi-rose\/"]}]},{"@type":"ImageObject","inLanguage":"et","@id":"https:\/\/www.talidesign.eu\/et\/pood\/toode\/meller-bioko-paikeseprillid-glawi-rose\/#primaryimage","url":"https:\/\/www.talidesign.eu\/wp\/wp-content\/uploads\/2021\/10\/meller-bioko-glawi-rose.jpg","contentUrl":"https:\/\/www.talidesign.eu\/wp\/wp-content\/uploads\/2021\/10\/meller-bioko-glawi-rose.jpg","width":1280,"height":1280},{"@type":"BreadcrumbList","@id":"https:\/\/www.talidesign.eu\/et\/pood\/toode\/meller-bioko-paikeseprillid-glawi-rose\/#breadcrumb","itemListElement":[{"@type":"ListItem","position":1,"name":"Avaleht","item":"https:\/\/www.talidesign.eu\/et\/"},{"@type":"ListItem","position":2,"name":"Pood","item":"https:\/\/www.talidesign.eu\/et\/pood\/"},{"@type":"ListItem","position":3,"name":"Meller Bioko p\u00e4ikeseprillid Glawi Rose"}]},{"@type":"WebSite","@id":"https:\/\/www.talidesign.eu\/et\/#website","url":"https:\/\/www.talidesign.eu\/et\/","name":"TALI Concept Store","description":"Suurim Disainipood Eestis","potentialAction":[{"@type":"SearchAction","target":{"@type":"EntryPoint","urlTemplate":"https:\/\/www.talidesign.eu\/et\/?s={search_term_string}"},"query-input":{"@type":"PropertyValueSpecification","valueRequired":true,"valueName":"search_term_string"}}],"inLanguage":"et"}]}},"_links":{"self":[{"href":"https:\/\/www.talidesign.eu\/et\/wp-json\/wp\/v2\/product\/44641","targetHints":{"allow":["GET"]}}],"collection":[{"href":"https:\/\/www.talidesign.eu\/et\/wp-json\/wp\/v2\/product"}],"about":[{"href":"https:\/\/www.talidesign.eu\/et\/wp-json\/wp\/v2\/types\/product"}],"wp:featuredmedia":[{"embeddable":true,"href":"https:\/\/www.talidesign.eu\/et\/wp-json\/wp\/v2\/media\/44586"}],"wp:attachment":[{"href":"https:\/\/www.talidesign.eu\/et\/wp-json\/wp\/v2\/media?parent=44641"}],"wp:term":[{"taxonomy":"product_brand","embeddable":true,"href":"https:\/\/www.talidesign.eu\/et\/wp-json\/wp\/v2\/product_brand?post=44641"},{"taxonomy":"product_cat","embeddable":true,"href":"https:\/\/www.talidesign.eu\/et\/wp-json\/wp\/v2\/product_cat?post=44641"},{"taxonomy":"product_tag","embeddable":true,"href":"https:\/\/www.talidesign.eu\/et\/wp-json\/wp\/v2\/product_tag?post=44641"}],"curies":[{"name":"wp","href":"https:\/\/api.w.org\/{rel}","templated":true}]}}