{"id":44706,"date":"2020-12-12T17:04:47","date_gmt":"2020-12-12T15:04:47","guid":{"rendered":"https:\/\/www.talidesign.eu\/shop\/product\/chromophobia-necklace-the-bear\/"},"modified":"2026-02-15T12:01:57","modified_gmt":"2026-02-15T10:01:57","slug":"chromophobia-kaelakee-the-bear","status":"publish","type":"product","link":"https:\/\/www.talidesign.eu\/et\/pood\/toode\/chromophobia-kaelakee-the-bear\/","title":{"rendered":"Chromophobia kaelakee &#8220;The Bear&#8221;"},"content":{"rendered":"<p><strong>\u201cThe Bear\u201d kaelakee<\/strong><br \/>\nP\u00fcsikollektsioon<\/p>\n<p>\u2022 Puit, akr\u00fc\u00fcl, nahk, messing ja kullatud messing<br \/>\n\u2022 Ripatsi suurus: 9&#215;6,5 cm<br \/>\n\u2022 Keti pikkus: 40 cm<\/p>\n<p><a href=\"\/et\/tootekategooria\/brandid\/chromophobia-by-triinu-tiisel-et\/\">Chromophobia by Triinu Tiisel<\/a><\/p>\n<p>Loomult range ja j\u00f5uline ehtesari \u201cChromophobia\u201d on p\u00fc\u00fcdlus korrastatud struktuuri ning sellega kaasneva vabaduse poole.<br \/>\nEhteid iseloomustavad julged graafilised jooned ning arhitektuurne vorm, metallist detailid r\u00f5hutavad maskuliinsuse elegantsi.<br \/>\nChromophobia ehtesari koosneb p\u00fcsikollektsioonist ning alati uuenevatest autoriehetest, mis valmivad v\u00e4ga v\u00e4ikeses koguses.<br \/>\nTriinu Tiisel on Eesti arhitekt ja disainer, kes l\u00f5i oma ehtebr\u00e4ndi 2011. aastal.<\/p>\n<p><a href=\"\/et\/tootekategooria\/brandid\/chromophobia-by-triinu-tiisel-et\/\"><img src=https:\/\/www.talidesign.eu\/wp\/wp-content\/uploads\/2021\/08\/Logo-584x400.jpg alt=\"\" width=\"584\" height=\"400\" class=\"alignnone size\n\n<\/p>\n","protected":false},"excerpt":{"rendered":"<p><strong>\u201cThe Bear\u201d kaelakee<\/strong><br \/>\nP\u00fcsikollektsioon<\/p>\n<p>\u2022 Puit, akr\u00fc\u00fcl, nahk, messing ja kullatud messing<br \/>\n\u2022 Ripatsi suurus: 9&#215;6,5 cm<br \/>\n\u2022 Keti pikkus: 40 cm<\/p>\n<p><a href=\"\/et\/tootekategooria\/brandid\/chromophobia-by-triinu-tiisel-et\/\">Chromophobia by Triinu Tiisel<\/a><\/p>\n<p>Loomult range ja j\u00f5uline ehtesari \u201cChromophobia\u201d on p\u00fc\u00fcdlus korrastatud struktuuri ning sellega kaasneva vabaduse poole.<br \/>\nEhteid iseloomustavad julged graafilised jooned ning arhitektuurne vorm, metallist detailid r\u00f5hutavad maskuliinsuse elegantsi.<br \/>\nChromophobia ehtesari koosneb p\u00fcsikollektsioonist ning alati uuenevatest autoriehetest, mis valmivad v\u00e4ga v\u00e4ikeses koguses.<br \/>\nTriinu Tiisel on Eesti arhitekt ja disainer, kes l\u00f5i oma ehtebr\u00e4ndi 2011. aastal.<\/p>\n<p><a href=\"\/et\/tootekategooria\/brandid\/chromophobia-by-triinu-tiisel-et\/\"><img src=https:\/\/www.talidesign.eu\/wp\/wp-content\/uploads\/2021\/08\/Logo-584x400.jpg alt=\"\" width=\"584\" height=\"400\" class=\"alignnone size\n\n<\/p>\n","protected":false},"featured_media":44708,"template":"","meta":[],"product_brand":[],"product_cat":[1026,1176,1146,1166],"product_tag":[1824],"class_list":{"0":"post-44706","1":"product","2":"type-product","3":"status-publish","4":"has-post-thumbnail","6":"product_cat-brandid","7":"product_cat-chromophobia-by-triinu-tiisel-et","8":"product_cat-ehted","9":"product_cat-kaelakeed","10":"product_tag-chromophobia-et","12":"first","13":"outofstock","14":"taxable","15":"shipping-taxable","16":"purchasable","17":"product-type-simple"},"yoast_head":"<!-- This site is optimized with the Yoast SEO plugin v27.3 - https:\/\/yoast.com\/product\/yoast-seo-wordpress\/ -->\n<title>Chromophobia kaelakee &quot;The Bear&quot; - TALI Concept Store<\/title>\n<meta name=\"description\" content=\"Avasta \u201cThe Bear\u201d kaelakee Chromophobia ehtesarjast. Julged jooned, arhitektuurne vorm ja maskuliinsuse elegants. Puit, akr\u00fc\u00fcl, nahk, messing.\" \/>\n<meta name=\"robots\" content=\"index, follow, max-snippet:-1, max-image-preview:large, max-video-preview:-1\" \/>\n<link rel=\"canonical\" href=\"https:\/\/www.talidesign.eu\/et\/pood\/toode\/chromophobia-kaelakee-the-bear\/\" \/>\n<meta property=\"og:locale\" content=\"et_EE\" \/>\n<meta property=\"og:type\" content=\"article\" \/>\n<meta property=\"og:title\" content=\"Chromophobia kaelakee &quot;The Bear&quot; - TALI Concept Store\" \/>\n<meta property=\"og:description\" content=\"Avasta \u201cThe Bear\u201d kaelakee Chromophobia ehtesarjast. Julged jooned, arhitektuurne vorm ja maskuliinsuse elegants. Puit, akr\u00fc\u00fcl, nahk, messing.\" \/>\n<meta property=\"og:url\" content=\"https:\/\/www.talidesign.eu\/et\/pood\/toode\/chromophobia-kaelakee-the-bear\/\" \/>\n<meta property=\"og:site_name\" content=\"TALI Concept Store\" \/>\n<meta property=\"article:publisher\" content=\"https:\/\/www.facebook.com\/TaliDisain\/\" \/>\n<meta property=\"article:modified_time\" content=\"2026-02-15T10:01:57+00:00\" \/>\n<meta property=\"og:image\" content=\"https:\/\/www.talidesign.eu\/wp\/wp-content\/uploads\/2020\/12\/Momm_1_avakas-scaled.jpg\" \/>\n\t<meta property=\"og:image:width\" content=\"2560\" \/>\n\t<meta property=\"og:image:height\" content=\"2560\" \/>\n\t<meta property=\"og:image:type\" content=\"image\/jpeg\" \/>\n<meta name=\"twitter:card\" content=\"summary_large_image\" \/>\n<script type=\"application\/ld+json\" class=\"yoast-schema-graph\">{\"@context\":\"https:\\\/\\\/schema.org\",\"@graph\":[{\"@type\":\"WebPage\",\"@id\":\"https:\\\/\\\/www.talidesign.eu\\\/et\\\/pood\\\/toode\\\/chromophobia-kaelakee-the-bear\\\/\",\"url\":\"https:\\\/\\\/www.talidesign.eu\\\/et\\\/pood\\\/toode\\\/chromophobia-kaelakee-the-bear\\\/\",\"name\":\"Chromophobia kaelakee \\\"The Bear\\\" - TALI Concept Store\",\"isPartOf\":{\"@id\":\"https:\\\/\\\/www.talidesign.eu\\\/et\\\/#website\"},\"primaryImageOfPage\":{\"@id\":\"https:\\\/\\\/www.talidesign.eu\\\/et\\\/pood\\\/toode\\\/chromophobia-kaelakee-the-bear\\\/#primaryimage\"},\"image\":{\"@id\":\"https:\\\/\\\/www.talidesign.eu\\\/et\\\/pood\\\/toode\\\/chromophobia-kaelakee-the-bear\\\/#primaryimage\"},\"thumbnailUrl\":\"https:\\\/\\\/www.talidesign.eu\\\/wp\\\/wp-content\\\/uploads\\\/2020\\\/12\\\/Momm_1_avakas-scaled.jpg\",\"datePublished\":\"2020-12-12T15:04:47+00:00\",\"dateModified\":\"2026-02-15T10:01:57+00:00\",\"description\":\"Avasta \u201cThe Bear\u201d kaelakee Chromophobia ehtesarjast. Julged jooned, arhitektuurne vorm ja maskuliinsuse elegants. Puit, akr\u00fc\u00fcl, nahk, messing.\",\"breadcrumb\":{\"@id\":\"https:\\\/\\\/www.talidesign.eu\\\/et\\\/pood\\\/toode\\\/chromophobia-kaelakee-the-bear\\\/#breadcrumb\"},\"inLanguage\":\"et\",\"potentialAction\":[{\"@type\":\"ReadAction\",\"target\":[\"https:\\\/\\\/www.talidesign.eu\\\/et\\\/pood\\\/toode\\\/chromophobia-kaelakee-the-bear\\\/\"]}]},{\"@type\":\"ImageObject\",\"inLanguage\":\"et\",\"@id\":\"https:\\\/\\\/www.talidesign.eu\\\/et\\\/pood\\\/toode\\\/chromophobia-kaelakee-the-bear\\\/#primaryimage\",\"url\":\"https:\\\/\\\/www.talidesign.eu\\\/wp\\\/wp-content\\\/uploads\\\/2020\\\/12\\\/Momm_1_avakas-scaled.jpg\",\"contentUrl\":\"https:\\\/\\\/www.talidesign.eu\\\/wp\\\/wp-content\\\/uploads\\\/2020\\\/12\\\/Momm_1_avakas-scaled.jpg\",\"width\":2560,\"height\":2560},{\"@type\":\"BreadcrumbList\",\"@id\":\"https:\\\/\\\/www.talidesign.eu\\\/et\\\/pood\\\/toode\\\/chromophobia-kaelakee-the-bear\\\/#breadcrumb\",\"itemListElement\":[{\"@type\":\"ListItem\",\"position\":1,\"name\":\"Avaleht\",\"item\":\"https:\\\/\\\/www.talidesign.eu\\\/et\\\/\"},{\"@type\":\"ListItem\",\"position\":2,\"name\":\"Pood\",\"item\":\"https:\\\/\\\/www.talidesign.eu\\\/et\\\/pood\\\/\"},{\"@type\":\"ListItem\",\"position\":3,\"name\":\"Chromophobia kaelakee &#8220;The Bear&#8221;\"}]},{\"@type\":\"WebSite\",\"@id\":\"https:\\\/\\\/www.talidesign.eu\\\/et\\\/#website\",\"url\":\"https:\\\/\\\/www.talidesign.eu\\\/et\\\/\",\"name\":\"TALI Concept Store\",\"description\":\"Suurim Disainipood Eestis\",\"potentialAction\":[{\"@type\":\"SearchAction\",\"target\":{\"@type\":\"EntryPoint\",\"urlTemplate\":\"https:\\\/\\\/www.talidesign.eu\\\/et\\\/?s={search_term_string}\"},\"query-input\":{\"@type\":\"PropertyValueSpecification\",\"valueRequired\":true,\"valueName\":\"search_term_string\"}}],\"inLanguage\":\"et\"}]}<\/script>\n<!-- \/ Yoast SEO plugin. -->","yoast_head_json":{"title":"Chromophobia kaelakee \"The Bear\" - TALI Concept Store","description":"Avasta \u201cThe Bear\u201d kaelakee Chromophobia ehtesarjast. Julged jooned, arhitektuurne vorm ja maskuliinsuse elegants. Puit, akr\u00fc\u00fcl, nahk, messing.","robots":{"index":"index","follow":"follow","max-snippet":"max-snippet:-1","max-image-preview":"max-image-preview:large","max-video-preview":"max-video-preview:-1"},"canonical":"https:\/\/www.talidesign.eu\/et\/pood\/toode\/chromophobia-kaelakee-the-bear\/","og_locale":"et_EE","og_type":"article","og_title":"Chromophobia kaelakee \"The Bear\" - TALI Concept Store","og_description":"Avasta \u201cThe Bear\u201d kaelakee Chromophobia ehtesarjast. Julged jooned, arhitektuurne vorm ja maskuliinsuse elegants. Puit, akr\u00fc\u00fcl, nahk, messing.","og_url":"https:\/\/www.talidesign.eu\/et\/pood\/toode\/chromophobia-kaelakee-the-bear\/","og_site_name":"TALI Concept Store","article_publisher":"https:\/\/www.facebook.com\/TaliDisain\/","article_modified_time":"2026-02-15T10:01:57+00:00","og_image":[{"width":2560,"height":2560,"url":"https:\/\/www.talidesign.eu\/wp\/wp-content\/uploads\/2020\/12\/Momm_1_avakas-scaled.jpg","type":"image\/jpeg"}],"twitter_card":"summary_large_image","schema":{"@context":"https:\/\/schema.org","@graph":[{"@type":"WebPage","@id":"https:\/\/www.talidesign.eu\/et\/pood\/toode\/chromophobia-kaelakee-the-bear\/","url":"https:\/\/www.talidesign.eu\/et\/pood\/toode\/chromophobia-kaelakee-the-bear\/","name":"Chromophobia kaelakee \"The Bear\" - TALI Concept Store","isPartOf":{"@id":"https:\/\/www.talidesign.eu\/et\/#website"},"primaryImageOfPage":{"@id":"https:\/\/www.talidesign.eu\/et\/pood\/toode\/chromophobia-kaelakee-the-bear\/#primaryimage"},"image":{"@id":"https:\/\/www.talidesign.eu\/et\/pood\/toode\/chromophobia-kaelakee-the-bear\/#primaryimage"},"thumbnailUrl":"https:\/\/www.talidesign.eu\/wp\/wp-content\/uploads\/2020\/12\/Momm_1_avakas-scaled.jpg","datePublished":"2020-12-12T15:04:47+00:00","dateModified":"2026-02-15T10:01:57+00:00","description":"Avasta \u201cThe Bear\u201d kaelakee Chromophobia ehtesarjast. Julged jooned, arhitektuurne vorm ja maskuliinsuse elegants. Puit, akr\u00fc\u00fcl, nahk, messing.","breadcrumb":{"@id":"https:\/\/www.talidesign.eu\/et\/pood\/toode\/chromophobia-kaelakee-the-bear\/#breadcrumb"},"inLanguage":"et","potentialAction":[{"@type":"ReadAction","target":["https:\/\/www.talidesign.eu\/et\/pood\/toode\/chromophobia-kaelakee-the-bear\/"]}]},{"@type":"ImageObject","inLanguage":"et","@id":"https:\/\/www.talidesign.eu\/et\/pood\/toode\/chromophobia-kaelakee-the-bear\/#primaryimage","url":"https:\/\/www.talidesign.eu\/wp\/wp-content\/uploads\/2020\/12\/Momm_1_avakas-scaled.jpg","contentUrl":"https:\/\/www.talidesign.eu\/wp\/wp-content\/uploads\/2020\/12\/Momm_1_avakas-scaled.jpg","width":2560,"height":2560},{"@type":"BreadcrumbList","@id":"https:\/\/www.talidesign.eu\/et\/pood\/toode\/chromophobia-kaelakee-the-bear\/#breadcrumb","itemListElement":[{"@type":"ListItem","position":1,"name":"Avaleht","item":"https:\/\/www.talidesign.eu\/et\/"},{"@type":"ListItem","position":2,"name":"Pood","item":"https:\/\/www.talidesign.eu\/et\/pood\/"},{"@type":"ListItem","position":3,"name":"Chromophobia kaelakee &#8220;The Bear&#8221;"}]},{"@type":"WebSite","@id":"https:\/\/www.talidesign.eu\/et\/#website","url":"https:\/\/www.talidesign.eu\/et\/","name":"TALI Concept Store","description":"Suurim Disainipood Eestis","potentialAction":[{"@type":"SearchAction","target":{"@type":"EntryPoint","urlTemplate":"https:\/\/www.talidesign.eu\/et\/?s={search_term_string}"},"query-input":{"@type":"PropertyValueSpecification","valueRequired":true,"valueName":"search_term_string"}}],"inLanguage":"et"}]}},"_links":{"self":[{"href":"https:\/\/www.talidesign.eu\/et\/wp-json\/wp\/v2\/product\/44706","targetHints":{"allow":["GET"]}}],"collection":[{"href":"https:\/\/www.talidesign.eu\/et\/wp-json\/wp\/v2\/product"}],"about":[{"href":"https:\/\/www.talidesign.eu\/et\/wp-json\/wp\/v2\/types\/product"}],"wp:featuredmedia":[{"embeddable":true,"href":"https:\/\/www.talidesign.eu\/et\/wp-json\/wp\/v2\/media\/44708"}],"wp:attachment":[{"href":"https:\/\/www.talidesign.eu\/et\/wp-json\/wp\/v2\/media?parent=44706"}],"wp:term":[{"taxonomy":"product_brand","embeddable":true,"href":"https:\/\/www.talidesign.eu\/et\/wp-json\/wp\/v2\/product_brand?post=44706"},{"taxonomy":"product_cat","embeddable":true,"href":"https:\/\/www.talidesign.eu\/et\/wp-json\/wp\/v2\/product_cat?post=44706"},{"taxonomy":"product_tag","embeddable":true,"href":"https:\/\/www.talidesign.eu\/et\/wp-json\/wp\/v2\/product_tag?post=44706"}],"curies":[{"name":"wp","href":"https:\/\/api.w.org\/{rel}","templated":true}]}}