{"id":44966,"date":"2021-07-11T22:54:43","date_gmt":"2021-07-11T19:54:43","guid":{"rendered":"https:\/\/www.talidesign.eu\/shop\/product\/labienhecha-dona-ursula-carabiner-strap-light-blue-100cm\/"},"modified":"2022-01-05T16:45:50","modified_gmt":"2022-01-05T14:45:50","slug":"labienhecha-karabiinidega-olarihm-dona-ursula-helesinine-100cm","status":"publish","type":"product","link":"https:\/\/www.talidesign.eu\/et\/pood\/toode\/labienhecha-karabiinidega-olarihm-dona-ursula-helesinine-100cm\/","title":{"rendered":"Labienhecha karabiinidega \u00f5larihm Do\u00f1a \u00darsula Helesinine 100cm"},"content":{"rendered":"<p><strong>Karabiinidega \u00f5larihm Do\u00f1a \u00darsula Helesinine 100cm<\/strong><\/p>\n<p>Saate oma bienhecha\u2019dega sobitada k\u00f5iki lisarihmasid, mida vaid soovite. Valige oma lemmiksuurus ja -v\u00e4rv. Iga suurus sobib ideaalselt erinevateks s\u00fcndmusteks. <\/p>\n<p>Saate sobitada pehmeid v\u00f5i tugevaid v\u00e4rve, valides midagi neutraalset v\u00f5i lisades v\u00e4rvi klassikale.<\/p>\n<p>Valige see, mis teile t\u00f5esti meeldib!<\/p>\n<p>\u2022 Ringlussev\u00f5etud \u00f6konahk.<br \/>\n\u2022 100 cm<br \/>\n\u2022 <a href=\"\/et\/tootekategooria\/brandid\/labienhecha-et\/\">Br\u00e4nd Labienhecha<\/a><\/p>\n<p><a href=\"\/et\/tootekategooria\/brandid\/labienhecha-et\/\"><img loading=\"lazy\" decoding=\"async\" class=\"alignnone size-full wp-image-21723\" src=\"https:\/\/www.talidesign.eu\/wp\/wp-content\/uploads\/2021\/03\/recycled-leather.jpg\" alt=\"\" width=\"610\" height=\"133\" srcset=\"https:\/\/www.talidesign.eu\/wp\/wp-content\/uploads\/2021\/03\/recycled-leather.jpg 610w, https:\/\/www.talidesign.eu\/wp\/wp-content\/uploads\/2021\/03\/recycled-leather-500x109.jpg 500w, https:\/\/www.talidesign.eu\/wp\/wp-content\/uploads\/2021\/03\/recycled-leather-510x111.jpg 510w\" sizes=\"auto, (max-width: 610px) 100vw, 610px\" \/><\/a><strong>Br\u00e4ndist<\/strong><\/p>\n<p>Labienhecha taga on r\u00fchm naisi, kes valmistavad (h\u00e4sti tehtud) asju v\u00e4ikeses <strong>t\u00f6\u00f6toas M\u00e1lagas Hispaanias<\/strong>. Neil on kolm p\u00f5him\u00f5tet: valmistada kvaliteetseid, kohalikke ja \u00f6koloogilisi tooteid; suurendada teadlikkust j\u00e4tkusuutlikkuse kohta ning v\u00f5imestada naisi ettev\u00f5tluses ja elus \u00fcldiselt.<\/p>\n<p><a href=\"https:\/\/www.talidesign.eu\/wp\/wp-content\/uploads\/2021\/04\/pf-b8f878d4-LaBienHecha1.jpg\"><img loading=\"lazy\" decoding=\"async\" src=\"https:\/\/www.talidesign.eu\/wp\/wp-content\/uploads\/2021\/04\/pf-b8f878d4-LaBienHecha1-611x400.jpg\" alt=\"\" width=\"611\" height=\"400\" class=\"alignnone size-medium wp-image-25944\" srcset=\"https:\/\/www.talidesign.eu\/wp\/wp-content\/uploads\/2021\/04\/pf-b8f878d4-LaBienHecha1-611x400.jpg 611w, https:\/\/www.talidesign.eu\/wp\/wp-content\/uploads\/2021\/04\/pf-b8f878d4-LaBienHecha1-1223x800.jpg 1223w, https:\/\/www.talidesign.eu\/wp\/wp-content\/uploads\/2021\/04\/pf-b8f878d4-LaBienHecha1-768x502.jpg 768w, https:\/\/www.talidesign.eu\/wp\/wp-content\/uploads\/2021\/04\/pf-b8f878d4-LaBienHecha1-1536x1005.jpg 1536w, https:\/\/www.talidesign.eu\/wp\/wp-content\/uploads\/2021\/04\/pf-b8f878d4-LaBienHecha1-500x327.jpg 500w, https:\/\/www.talidesign.eu\/wp\/wp-content\/uploads\/2021\/04\/pf-b8f878d4-LaBienHecha1-510x334.jpg 510w, https:\/\/www.talidesign.eu\/wp\/wp-content\/uploads\/2021\/04\/pf-b8f878d4-LaBienHecha1.jpg 1920w\" sizes=\"auto, (max-width: 611px) 100vw, 611px\" \/><\/a><\/p>\n<p><a href=\"\/et\/tootekategooria\/brandid\/labienhecha-et\/\"><img loading=\"lazy\" decoding=\"async\" src=\"https:\/\/www.talidesign.eu\/wp\/wp-content\/uploads\/2021\/03\/icon.jpg\" alt=\"\" width=\"500\" height=\"100\" class=\"alignnone size-full wp-image-25736\" \/><\/a><\/p>\n","protected":false},"excerpt":{"rendered":"<p><strong>Karabiinidega \u00f5larihm Do\u00f1a \u00darsula Helesinine 100cm<\/strong><\/p>\n<p>Saate oma bienhecha\u2019dega sobitada k\u00f5iki lisarihmasid, mida vaid soovite. Valige oma lemmiksuurus ja -v\u00e4rv. Iga suurus sobib ideaalselt erinevateks s\u00fcndmusteks. <\/p>\n<p>Saate sobitada pehmeid v\u00f5i tugevaid v\u00e4rve, valides midagi neutraalset v\u00f5i lisades v\u00e4rvi klassikale.<\/p>\n<p>Valige see, mis teile t\u00f5esti meeldib!<\/p>\n<p>\u2022 Ringlussev\u00f5etud \u00f6konahk.<br \/>\n\u2022 100 cm<br \/>\n\u2022 <a href=\"\/et\/tootekategooria\/brandid\/labienhecha-et\/\">Br\u00e4nd Labienhecha<\/a><\/p>\n<p><a href=\"\/et\/tootekategooria\/brandid\/labienhecha-et\/\"><img loading=\"lazy\" decoding=\"async\" class=\"alignnone size-full wp-image-21723\" src=\"https:\/\/www.talidesign.eu\/wp\/wp-content\/uploads\/2021\/03\/recycled-leather.jpg\" alt=\"\" width=\"610\" height=\"133\" srcset=\"https:\/\/www.talidesign.eu\/wp\/wp-content\/uploads\/2021\/03\/recycled-leather.jpg 610w, https:\/\/www.talidesign.eu\/wp\/wp-content\/uploads\/2021\/03\/recycled-leather-500x109.jpg 500w, https:\/\/www.talidesign.eu\/wp\/wp-content\/uploads\/2021\/03\/recycled-leather-510x111.jpg 510w\" sizes=\"auto, (max-width: 610px) 100vw, 610px\" \/><\/a><strong>Br\u00e4ndist<\/strong><\/p>\n<p>Labienhecha taga on r\u00fchm naisi, kes valmistavad (h\u00e4sti tehtud) asju v\u00e4ikeses <strong>t\u00f6\u00f6toas M\u00e1lagas Hispaanias<\/strong>. Neil on kolm p\u00f5him\u00f5tet: valmistada kvaliteetseid, kohalikke ja \u00f6koloogilisi tooteid; suurendada teadlikkust j\u00e4tkusuutlikkuse kohta ning v\u00f5imestada naisi ettev\u00f5tluses ja elus \u00fcldiselt.<\/p>\n<p><a href=\"https:\/\/www.talidesign.eu\/wp\/wp-content\/uploads\/2021\/04\/pf-b8f878d4-LaBienHecha1.jpg\"><img loading=\"lazy\" decoding=\"async\" src=\"https:\/\/www.talidesign.eu\/wp\/wp-content\/uploads\/2021\/04\/pf-b8f878d4-LaBienHecha1-611x400.jpg\" alt=\"\" width=\"611\" height=\"400\" class=\"alignnone size-medium wp-image-25944\" srcset=\"https:\/\/www.talidesign.eu\/wp\/wp-content\/uploads\/2021\/04\/pf-b8f878d4-LaBienHecha1-611x400.jpg 611w, https:\/\/www.talidesign.eu\/wp\/wp-content\/uploads\/2021\/04\/pf-b8f878d4-LaBienHecha1-1223x800.jpg 1223w, https:\/\/www.talidesign.eu\/wp\/wp-content\/uploads\/2021\/04\/pf-b8f878d4-LaBienHecha1-768x502.jpg 768w, https:\/\/www.talidesign.eu\/wp\/wp-content\/uploads\/2021\/04\/pf-b8f878d4-LaBienHecha1-1536x1005.jpg 1536w, https:\/\/www.talidesign.eu\/wp\/wp-content\/uploads\/2021\/04\/pf-b8f878d4-LaBienHecha1-500x327.jpg 500w, https:\/\/www.talidesign.eu\/wp\/wp-content\/uploads\/2021\/04\/pf-b8f878d4-LaBienHecha1-510x334.jpg 510w, https:\/\/www.talidesign.eu\/wp\/wp-content\/uploads\/2021\/04\/pf-b8f878d4-LaBienHecha1.jpg 1920w\" sizes=\"auto, (max-width: 611px) 100vw, 611px\" \/><\/a><\/p>\n<p><a href=\"\/et\/tootekategooria\/brandid\/labienhecha-et\/\"><img loading=\"lazy\" decoding=\"async\" src=\"https:\/\/www.talidesign.eu\/wp\/wp-content\/uploads\/2021\/03\/icon.jpg\" alt=\"\" width=\"500\" height=\"100\" class=\"alignnone size-full wp-image-25736\" \/><\/a><\/p>\n","protected":false},"featured_media":44967,"template":"","meta":[],"product_brand":[],"product_cat":[16],"product_tag":[],"class_list":{"0":"post-44966","1":"product","2":"type-product","3":"status-publish","4":"has-post-thumbnail","6":"product_cat-uncategorized","8":"first","9":"outofstock","10":"taxable","11":"shipping-taxable","12":"purchasable","13":"product-type-simple"},"yoast_head":"<!-- This site is optimized with the Yoast SEO plugin v27.4 - https:\/\/yoast.com\/product\/yoast-seo-wordpress\/ -->\n<title>Labienhecha karabiinidega \u00f5larihm Do\u00f1a \u00darsula Helesinine 100cm - TALI Concept Store<\/title>\n<meta name=\"description\" content=\"Labienhecha karabiinidega \u00f5larihm Do\u00f1a \u00darsula Helesinine 100cm - Valige oma lemmiksuurus ja -v\u00e4rv ning sobitage see ideaalselt erinevateks s\u00fcndmusteks.\" \/>\n<meta name=\"robots\" content=\"index, follow, max-snippet:-1, max-image-preview:large, max-video-preview:-1\" \/>\n<link rel=\"canonical\" href=\"https:\/\/www.talidesign.eu\/et\/pood\/toode\/labienhecha-karabiinidega-olarihm-dona-ursula-helesinine-100cm\/\" \/>\n<meta property=\"og:locale\" content=\"et_EE\" \/>\n<meta property=\"og:type\" content=\"article\" \/>\n<meta property=\"og:title\" content=\"Labienhecha karabiinidega \u00f5larihm Do\u00f1a \u00darsula Helesinine 100cm - TALI Concept Store\" \/>\n<meta property=\"og:description\" content=\"Labienhecha karabiinidega \u00f5larihm Do\u00f1a \u00darsula Helesinine 100cm - Valige oma lemmiksuurus ja -v\u00e4rv ning sobitage see ideaalselt erinevateks s\u00fcndmusteks.\" \/>\n<meta property=\"og:url\" content=\"https:\/\/www.talidesign.eu\/et\/pood\/toode\/labienhecha-karabiinidega-olarihm-dona-ursula-helesinine-100cm\/\" \/>\n<meta property=\"og:site_name\" content=\"TALI Concept Store\" \/>\n<meta property=\"article:publisher\" content=\"https:\/\/www.facebook.com\/TaliDisain\/\" \/>\n<meta property=\"article:modified_time\" content=\"2022-01-05T14:45:50+00:00\" \/>\n<meta property=\"og:image\" content=\"https:\/\/www.talidesign.eu\/wp\/wp-content\/uploads\/2021\/07\/labienhecha-dona-ursula-carabiner-strap-light-blue-100cm.jpg\" \/>\n\t<meta property=\"og:image:width\" content=\"768\" \/>\n\t<meta property=\"og:image:height\" content=\"768\" \/>\n\t<meta property=\"og:image:type\" content=\"image\/jpeg\" \/>\n<meta name=\"twitter:card\" content=\"summary_large_image\" \/>\n<meta name=\"twitter:label1\" content=\"Est. reading time\" \/>\n\t<meta name=\"twitter:data1\" content=\"1 minute\" \/>\n<script type=\"application\/ld+json\" class=\"yoast-schema-graph\">{\"@context\":\"https:\\\/\\\/schema.org\",\"@graph\":[{\"@type\":\"WebPage\",\"@id\":\"https:\\\/\\\/www.talidesign.eu\\\/et\\\/pood\\\/toode\\\/labienhecha-karabiinidega-olarihm-dona-ursula-helesinine-100cm\\\/\",\"url\":\"https:\\\/\\\/www.talidesign.eu\\\/et\\\/pood\\\/toode\\\/labienhecha-karabiinidega-olarihm-dona-ursula-helesinine-100cm\\\/\",\"name\":\"Labienhecha karabiinidega \u00f5larihm Do\u00f1a \u00darsula Helesinine 100cm - TALI Concept Store\",\"isPartOf\":{\"@id\":\"https:\\\/\\\/www.talidesign.eu\\\/et\\\/#website\"},\"primaryImageOfPage\":{\"@id\":\"https:\\\/\\\/www.talidesign.eu\\\/et\\\/pood\\\/toode\\\/labienhecha-karabiinidega-olarihm-dona-ursula-helesinine-100cm\\\/#primaryimage\"},\"image\":{\"@id\":\"https:\\\/\\\/www.talidesign.eu\\\/et\\\/pood\\\/toode\\\/labienhecha-karabiinidega-olarihm-dona-ursula-helesinine-100cm\\\/#primaryimage\"},\"thumbnailUrl\":\"https:\\\/\\\/www.talidesign.eu\\\/wp\\\/wp-content\\\/uploads\\\/2021\\\/07\\\/labienhecha-dona-ursula-carabiner-strap-light-blue-100cm.jpg\",\"datePublished\":\"2021-07-11T19:54:43+00:00\",\"dateModified\":\"2022-01-05T14:45:50+00:00\",\"description\":\"Labienhecha karabiinidega \u00f5larihm Do\u00f1a \u00darsula Helesinine 100cm - Valige oma lemmiksuurus ja -v\u00e4rv ning sobitage see ideaalselt erinevateks s\u00fcndmusteks.\",\"breadcrumb\":{\"@id\":\"https:\\\/\\\/www.talidesign.eu\\\/et\\\/pood\\\/toode\\\/labienhecha-karabiinidega-olarihm-dona-ursula-helesinine-100cm\\\/#breadcrumb\"},\"inLanguage\":\"et\",\"potentialAction\":[{\"@type\":\"ReadAction\",\"target\":[\"https:\\\/\\\/www.talidesign.eu\\\/et\\\/pood\\\/toode\\\/labienhecha-karabiinidega-olarihm-dona-ursula-helesinine-100cm\\\/\"]}]},{\"@type\":\"ImageObject\",\"inLanguage\":\"et\",\"@id\":\"https:\\\/\\\/www.talidesign.eu\\\/et\\\/pood\\\/toode\\\/labienhecha-karabiinidega-olarihm-dona-ursula-helesinine-100cm\\\/#primaryimage\",\"url\":\"https:\\\/\\\/www.talidesign.eu\\\/wp\\\/wp-content\\\/uploads\\\/2021\\\/07\\\/labienhecha-dona-ursula-carabiner-strap-light-blue-100cm.jpg\",\"contentUrl\":\"https:\\\/\\\/www.talidesign.eu\\\/wp\\\/wp-content\\\/uploads\\\/2021\\\/07\\\/labienhecha-dona-ursula-carabiner-strap-light-blue-100cm.jpg\",\"width\":768,\"height\":768},{\"@type\":\"BreadcrumbList\",\"@id\":\"https:\\\/\\\/www.talidesign.eu\\\/et\\\/pood\\\/toode\\\/labienhecha-karabiinidega-olarihm-dona-ursula-helesinine-100cm\\\/#breadcrumb\",\"itemListElement\":[{\"@type\":\"ListItem\",\"position\":1,\"name\":\"Avaleht\",\"item\":\"https:\\\/\\\/www.talidesign.eu\\\/et\\\/\"},{\"@type\":\"ListItem\",\"position\":2,\"name\":\"Pood\",\"item\":\"https:\\\/\\\/www.talidesign.eu\\\/et\\\/pood\\\/\"},{\"@type\":\"ListItem\",\"position\":3,\"name\":\"Labienhecha karabiinidega \u00f5larihm Do\u00f1a \u00darsula Helesinine 100cm\"}]},{\"@type\":\"WebSite\",\"@id\":\"https:\\\/\\\/www.talidesign.eu\\\/et\\\/#website\",\"url\":\"https:\\\/\\\/www.talidesign.eu\\\/et\\\/\",\"name\":\"TALI Concept Store\",\"description\":\"Suurim Disainipood Eestis\",\"potentialAction\":[{\"@type\":\"SearchAction\",\"target\":{\"@type\":\"EntryPoint\",\"urlTemplate\":\"https:\\\/\\\/www.talidesign.eu\\\/et\\\/?s={search_term_string}\"},\"query-input\":{\"@type\":\"PropertyValueSpecification\",\"valueRequired\":true,\"valueName\":\"search_term_string\"}}],\"inLanguage\":\"et\"}]}<\/script>\n<!-- \/ Yoast SEO plugin. -->","yoast_head_json":{"title":"Labienhecha karabiinidega \u00f5larihm Do\u00f1a \u00darsula Helesinine 100cm - TALI Concept Store","description":"Labienhecha karabiinidega \u00f5larihm Do\u00f1a \u00darsula Helesinine 100cm - Valige oma lemmiksuurus ja -v\u00e4rv ning sobitage see ideaalselt erinevateks s\u00fcndmusteks.","robots":{"index":"index","follow":"follow","max-snippet":"max-snippet:-1","max-image-preview":"max-image-preview:large","max-video-preview":"max-video-preview:-1"},"canonical":"https:\/\/www.talidesign.eu\/et\/pood\/toode\/labienhecha-karabiinidega-olarihm-dona-ursula-helesinine-100cm\/","og_locale":"et_EE","og_type":"article","og_title":"Labienhecha karabiinidega \u00f5larihm Do\u00f1a \u00darsula Helesinine 100cm - TALI Concept Store","og_description":"Labienhecha karabiinidega \u00f5larihm Do\u00f1a \u00darsula Helesinine 100cm - Valige oma lemmiksuurus ja -v\u00e4rv ning sobitage see ideaalselt erinevateks s\u00fcndmusteks.","og_url":"https:\/\/www.talidesign.eu\/et\/pood\/toode\/labienhecha-karabiinidega-olarihm-dona-ursula-helesinine-100cm\/","og_site_name":"TALI Concept Store","article_publisher":"https:\/\/www.facebook.com\/TaliDisain\/","article_modified_time":"2022-01-05T14:45:50+00:00","og_image":[{"width":768,"height":768,"url":"https:\/\/www.talidesign.eu\/wp\/wp-content\/uploads\/2021\/07\/labienhecha-dona-ursula-carabiner-strap-light-blue-100cm.jpg","type":"image\/jpeg"}],"twitter_card":"summary_large_image","twitter_misc":{"Est. reading time":"1 minute"},"schema":{"@context":"https:\/\/schema.org","@graph":[{"@type":"WebPage","@id":"https:\/\/www.talidesign.eu\/et\/pood\/toode\/labienhecha-karabiinidega-olarihm-dona-ursula-helesinine-100cm\/","url":"https:\/\/www.talidesign.eu\/et\/pood\/toode\/labienhecha-karabiinidega-olarihm-dona-ursula-helesinine-100cm\/","name":"Labienhecha karabiinidega \u00f5larihm Do\u00f1a \u00darsula Helesinine 100cm - TALI Concept Store","isPartOf":{"@id":"https:\/\/www.talidesign.eu\/et\/#website"},"primaryImageOfPage":{"@id":"https:\/\/www.talidesign.eu\/et\/pood\/toode\/labienhecha-karabiinidega-olarihm-dona-ursula-helesinine-100cm\/#primaryimage"},"image":{"@id":"https:\/\/www.talidesign.eu\/et\/pood\/toode\/labienhecha-karabiinidega-olarihm-dona-ursula-helesinine-100cm\/#primaryimage"},"thumbnailUrl":"https:\/\/www.talidesign.eu\/wp\/wp-content\/uploads\/2021\/07\/labienhecha-dona-ursula-carabiner-strap-light-blue-100cm.jpg","datePublished":"2021-07-11T19:54:43+00:00","dateModified":"2022-01-05T14:45:50+00:00","description":"Labienhecha karabiinidega \u00f5larihm Do\u00f1a \u00darsula Helesinine 100cm - Valige oma lemmiksuurus ja -v\u00e4rv ning sobitage see ideaalselt erinevateks s\u00fcndmusteks.","breadcrumb":{"@id":"https:\/\/www.talidesign.eu\/et\/pood\/toode\/labienhecha-karabiinidega-olarihm-dona-ursula-helesinine-100cm\/#breadcrumb"},"inLanguage":"et","potentialAction":[{"@type":"ReadAction","target":["https:\/\/www.talidesign.eu\/et\/pood\/toode\/labienhecha-karabiinidega-olarihm-dona-ursula-helesinine-100cm\/"]}]},{"@type":"ImageObject","inLanguage":"et","@id":"https:\/\/www.talidesign.eu\/et\/pood\/toode\/labienhecha-karabiinidega-olarihm-dona-ursula-helesinine-100cm\/#primaryimage","url":"https:\/\/www.talidesign.eu\/wp\/wp-content\/uploads\/2021\/07\/labienhecha-dona-ursula-carabiner-strap-light-blue-100cm.jpg","contentUrl":"https:\/\/www.talidesign.eu\/wp\/wp-content\/uploads\/2021\/07\/labienhecha-dona-ursula-carabiner-strap-light-blue-100cm.jpg","width":768,"height":768},{"@type":"BreadcrumbList","@id":"https:\/\/www.talidesign.eu\/et\/pood\/toode\/labienhecha-karabiinidega-olarihm-dona-ursula-helesinine-100cm\/#breadcrumb","itemListElement":[{"@type":"ListItem","position":1,"name":"Avaleht","item":"https:\/\/www.talidesign.eu\/et\/"},{"@type":"ListItem","position":2,"name":"Pood","item":"https:\/\/www.talidesign.eu\/et\/pood\/"},{"@type":"ListItem","position":3,"name":"Labienhecha karabiinidega \u00f5larihm Do\u00f1a \u00darsula Helesinine 100cm"}]},{"@type":"WebSite","@id":"https:\/\/www.talidesign.eu\/et\/#website","url":"https:\/\/www.talidesign.eu\/et\/","name":"TALI Concept Store","description":"Suurim Disainipood Eestis","potentialAction":[{"@type":"SearchAction","target":{"@type":"EntryPoint","urlTemplate":"https:\/\/www.talidesign.eu\/et\/?s={search_term_string}"},"query-input":{"@type":"PropertyValueSpecification","valueRequired":true,"valueName":"search_term_string"}}],"inLanguage":"et"}]}},"_links":{"self":[{"href":"https:\/\/www.talidesign.eu\/et\/wp-json\/wp\/v2\/product\/44966","targetHints":{"allow":["GET"]}}],"collection":[{"href":"https:\/\/www.talidesign.eu\/et\/wp-json\/wp\/v2\/product"}],"about":[{"href":"https:\/\/www.talidesign.eu\/et\/wp-json\/wp\/v2\/types\/product"}],"wp:featuredmedia":[{"embeddable":true,"href":"https:\/\/www.talidesign.eu\/et\/wp-json\/wp\/v2\/media\/44967"}],"wp:attachment":[{"href":"https:\/\/www.talidesign.eu\/et\/wp-json\/wp\/v2\/media?parent=44966"}],"wp:term":[{"taxonomy":"product_brand","embeddable":true,"href":"https:\/\/www.talidesign.eu\/et\/wp-json\/wp\/v2\/product_brand?post=44966"},{"taxonomy":"product_cat","embeddable":true,"href":"https:\/\/www.talidesign.eu\/et\/wp-json\/wp\/v2\/product_cat?post=44966"},{"taxonomy":"product_tag","embeddable":true,"href":"https:\/\/www.talidesign.eu\/et\/wp-json\/wp\/v2\/product_tag?post=44966"}],"curies":[{"name":"wp","href":"https:\/\/api.w.org\/{rel}","templated":true}]}}