{"id":44997,"date":"2021-07-11T22:04:51","date_gmt":"2021-07-11T19:04:51","guid":{"rendered":"https:\/\/www.talidesign.eu\/shop\/product\/labienhecha-pepa-2nd-generation-wine\/"},"modified":"2021-12-09T17:57:46","modified_gmt":"2021-12-09T15:57:46","slug":"labienhecha-olakott-pepa-2nd-generation-wine","status":"publish","type":"product","link":"https:\/\/www.talidesign.eu\/et\/pood\/toode\/labienhecha-olakott-pepa-2nd-generation-wine\/","title":{"rendered":"Labienhecha \u00f5lakott Pepa 2nd Generation Wine"},"content":{"rendered":"<p><strong>\u00d5lakott Pepa 2nd Generation Wine<\/strong><\/p>\n<p>Uus 2.\u00a0p\u00f5lvkonna Pepa sobib iga riietusega. Saate sellele lisada eri pikkusega rihmasid, et kasutada seda k\u00e4ekotina v\u00f5i kanda seda \u00fcle \u00f5la v\u00f5i risti \u00fcle keha.<\/p>\n<p>Sel on t\u00f5mblukk ja viimistletud ning k\u00e4sitsi maalitud servad, nii et kott on paremini kaitstud ja ka parema viimistlusega.<\/p>\n<p>\u2022 Ringlussev\u00f5etud \u00f6konahk.<br \/>\n\u2022 Kandke \u00fcle \u00f5la v\u00f5i risti \u00fcle keha.<br \/>\n\u2022 Kasutage k\u00e4ekotina \u00fche meie l\u00fchikese lisarihmaga.<br \/>\n\u2022 22 cm \u00d7 18,5 cm \u00d7 7 cm<br \/>\n\u2022 Kaks sisetaskut.<br \/>\n\u2022 V\u00e4ga pehme YKK-t\u00fc\u00fcpi t\u00f5mblukk koos ringlussev\u00f5etud nahast k\u00e4sitsi valmistatud sangaga.<br \/>\n\u2022 Kaasas 140 cm rihm.<br \/>\n\u2022 <a href=\"\/et\/tootekategooria\/brandid\/labienhecha-et\/\">Br\u00e4nd Labienhecha<\/a><\/p>\n<p><a href=\"\/et\/tootekategooria\/brandid\/labienhecha-et\/\"><img loading=\"lazy\" decoding=\"async\" class=\"alignnone size-full wp-image-21723\" src=\"https:\/\/www.talidesign.eu\/wp\/wp-content\/uploads\/2021\/03\/recycled-leather.jpg\" alt=\"\" width=\"610\" height=\"133\" srcset=\"https:\/\/www.talidesign.eu\/wp\/wp-content\/uploads\/2021\/03\/recycled-leather.jpg 610w, https:\/\/www.talidesign.eu\/wp\/wp-content\/uploads\/2021\/03\/recycled-leather-500x109.jpg 500w, https:\/\/www.talidesign.eu\/wp\/wp-content\/uploads\/2021\/03\/recycled-leather-510x111.jpg 510w\" sizes=\"auto, (max-width: 610px) 100vw, 610px\" \/><\/a><strong>Br\u00e4ndist<\/strong><\/p>\n<p>Labienhecha taga on r\u00fchm naisi, kes valmistavad (h\u00e4sti tehtud) asju v\u00e4ikeses <strong>t\u00f6\u00f6toas M\u00e1lagas Hispaanias<\/strong>. Neil on kolm p\u00f5him\u00f5tet: valmistada kvaliteetseid, kohalikke ja \u00f6koloogilisi tooteid; suurendada teadlikkust j\u00e4tkusuutlikkuse kohta ning v\u00f5imestada naisi ettev\u00f5tluses ja elus \u00fcldiselt.<\/p>\n<p><a href=\"https:\/\/www.talidesign.eu\/wp\/wp-content\/uploads\/2021\/04\/pf-b8f878d4-LaBienHecha1.jpg\"><img loading=\"lazy\" decoding=\"async\" src=\"https:\/\/www.talidesign.eu\/wp\/wp-content\/uploads\/2021\/04\/pf-b8f878d4-LaBienHecha1-611x400.jpg\" alt=\"\" width=\"611\" height=\"400\" class=\"alignnone size-medium wp-image-25944\" srcset=\"https:\/\/www.talidesign.eu\/wp\/wp-content\/uploads\/2021\/04\/pf-b8f878d4-LaBienHecha1-611x400.jpg 611w, https:\/\/www.talidesign.eu\/wp\/wp-content\/uploads\/2021\/04\/pf-b8f878d4-LaBienHecha1-1223x800.jpg 1223w, https:\/\/www.talidesign.eu\/wp\/wp-content\/uploads\/2021\/04\/pf-b8f878d4-LaBienHecha1-768x502.jpg 768w, https:\/\/www.talidesign.eu\/wp\/wp-content\/uploads\/2021\/04\/pf-b8f878d4-LaBienHecha1-1536x1005.jpg 1536w, https:\/\/www.talidesign.eu\/wp\/wp-content\/uploads\/2021\/04\/pf-b8f878d4-LaBienHecha1-500x327.jpg 500w, https:\/\/www.talidesign.eu\/wp\/wp-content\/uploads\/2021\/04\/pf-b8f878d4-LaBienHecha1-510x334.jpg 510w, https:\/\/www.talidesign.eu\/wp\/wp-content\/uploads\/2021\/04\/pf-b8f878d4-LaBienHecha1.jpg 1920w\" sizes=\"auto, (max-width: 611px) 100vw, 611px\" \/><\/a><\/p>\n<p><a href=\"\/et\/tootekategooria\/brandid\/labienhecha-et\/\"><img loading=\"lazy\" decoding=\"async\" src=\"https:\/\/www.talidesign.eu\/wp\/wp-content\/uploads\/2021\/03\/icon.jpg\" alt=\"\" width=\"500\" height=\"100\" class=\"alignnone size-full wp-image-25736\" \/><\/a><\/p>\n","protected":false},"excerpt":{"rendered":"<p><strong>\u00d5lakott Pepa 2nd Generation Wine<\/strong><\/p>\n<p>Uus 2. p\u00f5lvkonna Pepa sobib iga riietusega. Saate sellele lisada eri pikkusega rihmasid, et kasutada seda k\u00e4ekotina v\u00f5i kanda seda \u00fcle \u00f5la v\u00f5i risti \u00fcle keha.<\/p>\n<p>Sel on t\u00f5mblukk ja viimistletud ning k\u00e4sitsi maalitud servad, nii et kott on paremini kaitstud ja ka parema viimistlusega.<\/p>\n<p>\u2022 Ringlussev\u00f5etud \u00f6konahk.<br \/>\n\u2022 Kandke \u00fcle \u00f5la v\u00f5i risti \u00fcle keha.<br \/>\n\u2022 Kasutage k\u00e4ekotina \u00fche meie l\u00fchikese lisarihmaga.<br \/>\n\u2022 22 cm \u00d7 18,5 cm \u00d7 7 cm<br \/>\n\u2022 Kaks sisetaskut.<br \/>\n\u2022 V\u00e4ga pehme YKK-t\u00fc\u00fcpi t\u00f5mblukk koos ringlussev\u00f5etud nahast k\u00e4sitsi valmistatud sangaga.<br \/>\n\u2022 Kaasas 140 cm rihm.<br \/>\n\u2022 <a href=\"\/et\/tootekategooria\/brandid\/labienhecha-et\/\">Br\u00e4nd Labienhecha<\/a><\/p>\n<p><a href=\"\/et\/tootekategooria\/brandid\/labienhecha-et\/\"><img loading=\"lazy\" decoding=\"async\" class=\"alignnone size-full wp-image-21723\" src=\"https:\/\/www.talidesign.eu\/wp\/wp-content\/uploads\/2021\/03\/recycled-leather.jpg\" alt=\"\" width=\"610\" height=\"133\" srcset=\"https:\/\/www.talidesign.eu\/wp\/wp-content\/uploads\/2021\/03\/recycled-leather.jpg 610w, https:\/\/www.talidesign.eu\/wp\/wp-content\/uploads\/2021\/03\/recycled-leather-500x109.jpg 500w, https:\/\/www.talidesign.eu\/wp\/wp-content\/uploads\/2021\/03\/recycled-leather-510x111.jpg 510w\" sizes=\"auto, (max-width: 610px) 100vw, 610px\" \/><\/a><strong>Br\u00e4ndist<\/strong><\/p>\n<p>Labienhecha taga on r\u00fchm naisi, kes valmistavad (h\u00e4sti tehtud) asju v\u00e4ikeses <strong>t\u00f6\u00f6toas M\u00e1lagas Hispaanias<\/strong>. Neil on kolm p\u00f5him\u00f5tet: valmistada kvaliteetseid, kohalikke ja \u00f6koloogilisi tooteid; suurendada teadlikkust j\u00e4tkusuutlikkuse kohta ning v\u00f5imestada naisi ettev\u00f5tluses ja elus \u00fcldiselt.<\/p>\n<p><a href=\"https:\/\/www.talidesign.eu\/wp\/wp-content\/uploads\/2021\/04\/pf-b8f878d4-LaBienHecha1.jpg\"><img loading=\"lazy\" decoding=\"async\" src=\"https:\/\/www.talidesign.eu\/wp\/wp-content\/uploads\/2021\/04\/pf-b8f878d4-LaBienHecha1-611x400.jpg\" alt=\"\" width=\"611\" height=\"400\" class=\"alignnone size-medium wp-image-25944\" srcset=\"https:\/\/www.talidesign.eu\/wp\/wp-content\/uploads\/2021\/04\/pf-b8f878d4-LaBienHecha1-611x400.jpg 611w, https:\/\/www.talidesign.eu\/wp\/wp-content\/uploads\/2021\/04\/pf-b8f878d4-LaBienHecha1-1223x800.jpg 1223w, https:\/\/www.talidesign.eu\/wp\/wp-content\/uploads\/2021\/04\/pf-b8f878d4-LaBienHecha1-768x502.jpg 768w, https:\/\/www.talidesign.eu\/wp\/wp-content\/uploads\/2021\/04\/pf-b8f878d4-LaBienHecha1-1536x1005.jpg 1536w, https:\/\/www.talidesign.eu\/wp\/wp-content\/uploads\/2021\/04\/pf-b8f878d4-LaBienHecha1-500x327.jpg 500w, https:\/\/www.talidesign.eu\/wp\/wp-content\/uploads\/2021\/04\/pf-b8f878d4-LaBienHecha1-510x334.jpg 510w, https:\/\/www.talidesign.eu\/wp\/wp-content\/uploads\/2021\/04\/pf-b8f878d4-LaBienHecha1.jpg 1920w\" sizes=\"auto, (max-width: 611px) 100vw, 611px\" \/><\/a><\/p>\n<p><a href=\"\/et\/tootekategooria\/brandid\/labienhecha-et\/\"><img loading=\"lazy\" decoding=\"async\" src=\"https:\/\/www.talidesign.eu\/wp\/wp-content\/uploads\/2021\/03\/icon.jpg\" alt=\"\" width=\"500\" height=\"100\" class=\"alignnone size-full wp-image-25736\" \/><\/a><\/p>\n","protected":false},"featured_media":45005,"template":"","meta":[],"product_brand":[],"product_cat":[16],"product_tag":[],"class_list":{"0":"post-44997","1":"product","2":"type-product","3":"status-publish","4":"has-post-thumbnail","6":"product_cat-uncategorized","8":"first","9":"outofstock","10":"taxable","11":"shipping-taxable","12":"purchasable","13":"product-type-simple"},"yoast_head":"<!-- This site is optimized with the Yoast SEO plugin v27.3 - https:\/\/yoast.com\/product\/yoast-seo-wordpress\/ -->\n<title>Labienhecha \u00f5lakott Pepa 2nd Generation Wine - TALI Concept Store<\/title>\n<meta name=\"description\" content=\"Labienhecha \u00f5lakott Pepa 2. p\u00f5lvkond Wine - stiilne ja mitmek\u00fclgne \u00f5lakott, mis sobib igale riietusele. Valmistatud ringlussev\u00f5etud \u00f6konahast. Kanna \u00fcle \u00f5la v\u00f5i risti keha \u00fcle.\" \/>\n<meta name=\"robots\" content=\"index, follow, max-snippet:-1, max-image-preview:large, max-video-preview:-1\" \/>\n<link rel=\"canonical\" href=\"https:\/\/www.talidesign.eu\/et\/pood\/toode\/labienhecha-olakott-pepa-2nd-generation-wine\/\" \/>\n<meta property=\"og:locale\" content=\"et_EE\" \/>\n<meta property=\"og:type\" content=\"article\" \/>\n<meta property=\"og:title\" content=\"Labienhecha \u00f5lakott Pepa 2nd Generation Wine - TALI Concept Store\" \/>\n<meta property=\"og:description\" content=\"Labienhecha \u00f5lakott Pepa 2. p\u00f5lvkond Wine - stiilne ja mitmek\u00fclgne \u00f5lakott, mis sobib igale riietusele. Valmistatud ringlussev\u00f5etud \u00f6konahast. Kanna \u00fcle \u00f5la v\u00f5i risti keha \u00fcle.\" \/>\n<meta property=\"og:url\" content=\"https:\/\/www.talidesign.eu\/et\/pood\/toode\/labienhecha-olakott-pepa-2nd-generation-wine\/\" \/>\n<meta property=\"og:site_name\" content=\"TALI Concept Store\" \/>\n<meta property=\"article:publisher\" content=\"https:\/\/www.facebook.com\/TaliDisain\/\" \/>\n<meta property=\"article:modified_time\" content=\"2021-12-09T15:57:46+00:00\" \/>\n<meta property=\"og:image\" content=\"https:\/\/www.talidesign.eu\/wp\/wp-content\/uploads\/2021\/07\/labienhecha-pepa-2nd-generation-wine.jpg\" \/>\n\t<meta property=\"og:image:width\" content=\"768\" \/>\n\t<meta property=\"og:image:height\" content=\"768\" \/>\n\t<meta property=\"og:image:type\" content=\"image\/jpeg\" \/>\n<meta name=\"twitter:card\" content=\"summary_large_image\" \/>\n<meta name=\"twitter:label1\" content=\"Est. reading time\" \/>\n\t<meta name=\"twitter:data1\" content=\"1 minute\" \/>\n<script type=\"application\/ld+json\" class=\"yoast-schema-graph\">{\"@context\":\"https:\\\/\\\/schema.org\",\"@graph\":[{\"@type\":\"WebPage\",\"@id\":\"https:\\\/\\\/www.talidesign.eu\\\/et\\\/pood\\\/toode\\\/labienhecha-olakott-pepa-2nd-generation-wine\\\/\",\"url\":\"https:\\\/\\\/www.talidesign.eu\\\/et\\\/pood\\\/toode\\\/labienhecha-olakott-pepa-2nd-generation-wine\\\/\",\"name\":\"Labienhecha \u00f5lakott Pepa 2nd Generation Wine - TALI Concept Store\",\"isPartOf\":{\"@id\":\"https:\\\/\\\/www.talidesign.eu\\\/et\\\/#website\"},\"primaryImageOfPage\":{\"@id\":\"https:\\\/\\\/www.talidesign.eu\\\/et\\\/pood\\\/toode\\\/labienhecha-olakott-pepa-2nd-generation-wine\\\/#primaryimage\"},\"image\":{\"@id\":\"https:\\\/\\\/www.talidesign.eu\\\/et\\\/pood\\\/toode\\\/labienhecha-olakott-pepa-2nd-generation-wine\\\/#primaryimage\"},\"thumbnailUrl\":\"https:\\\/\\\/www.talidesign.eu\\\/wp\\\/wp-content\\\/uploads\\\/2021\\\/07\\\/labienhecha-pepa-2nd-generation-wine.jpg\",\"datePublished\":\"2021-07-11T19:04:51+00:00\",\"dateModified\":\"2021-12-09T15:57:46+00:00\",\"description\":\"Labienhecha \u00f5lakott Pepa 2. p\u00f5lvkond Wine - stiilne ja mitmek\u00fclgne \u00f5lakott, mis sobib igale riietusele. Valmistatud ringlussev\u00f5etud \u00f6konahast. Kanna \u00fcle \u00f5la v\u00f5i risti keha \u00fcle.\",\"breadcrumb\":{\"@id\":\"https:\\\/\\\/www.talidesign.eu\\\/et\\\/pood\\\/toode\\\/labienhecha-olakott-pepa-2nd-generation-wine\\\/#breadcrumb\"},\"inLanguage\":\"et\",\"potentialAction\":[{\"@type\":\"ReadAction\",\"target\":[\"https:\\\/\\\/www.talidesign.eu\\\/et\\\/pood\\\/toode\\\/labienhecha-olakott-pepa-2nd-generation-wine\\\/\"]}]},{\"@type\":\"ImageObject\",\"inLanguage\":\"et\",\"@id\":\"https:\\\/\\\/www.talidesign.eu\\\/et\\\/pood\\\/toode\\\/labienhecha-olakott-pepa-2nd-generation-wine\\\/#primaryimage\",\"url\":\"https:\\\/\\\/www.talidesign.eu\\\/wp\\\/wp-content\\\/uploads\\\/2021\\\/07\\\/labienhecha-pepa-2nd-generation-wine.jpg\",\"contentUrl\":\"https:\\\/\\\/www.talidesign.eu\\\/wp\\\/wp-content\\\/uploads\\\/2021\\\/07\\\/labienhecha-pepa-2nd-generation-wine.jpg\",\"width\":768,\"height\":768},{\"@type\":\"BreadcrumbList\",\"@id\":\"https:\\\/\\\/www.talidesign.eu\\\/et\\\/pood\\\/toode\\\/labienhecha-olakott-pepa-2nd-generation-wine\\\/#breadcrumb\",\"itemListElement\":[{\"@type\":\"ListItem\",\"position\":1,\"name\":\"Avaleht\",\"item\":\"https:\\\/\\\/www.talidesign.eu\\\/et\\\/\"},{\"@type\":\"ListItem\",\"position\":2,\"name\":\"Pood\",\"item\":\"https:\\\/\\\/www.talidesign.eu\\\/et\\\/pood\\\/\"},{\"@type\":\"ListItem\",\"position\":3,\"name\":\"Labienhecha \u00f5lakott Pepa 2nd Generation Wine\"}]},{\"@type\":\"WebSite\",\"@id\":\"https:\\\/\\\/www.talidesign.eu\\\/et\\\/#website\",\"url\":\"https:\\\/\\\/www.talidesign.eu\\\/et\\\/\",\"name\":\"TALI Concept Store\",\"description\":\"Suurim Disainipood Eestis\",\"potentialAction\":[{\"@type\":\"SearchAction\",\"target\":{\"@type\":\"EntryPoint\",\"urlTemplate\":\"https:\\\/\\\/www.talidesign.eu\\\/et\\\/?s={search_term_string}\"},\"query-input\":{\"@type\":\"PropertyValueSpecification\",\"valueRequired\":true,\"valueName\":\"search_term_string\"}}],\"inLanguage\":\"et\"}]}<\/script>\n<!-- \/ Yoast SEO plugin. -->","yoast_head_json":{"title":"Labienhecha \u00f5lakott Pepa 2nd Generation Wine - TALI Concept Store","description":"Labienhecha \u00f5lakott Pepa 2. p\u00f5lvkond Wine - stiilne ja mitmek\u00fclgne \u00f5lakott, mis sobib igale riietusele. Valmistatud ringlussev\u00f5etud \u00f6konahast. Kanna \u00fcle \u00f5la v\u00f5i risti keha \u00fcle.","robots":{"index":"index","follow":"follow","max-snippet":"max-snippet:-1","max-image-preview":"max-image-preview:large","max-video-preview":"max-video-preview:-1"},"canonical":"https:\/\/www.talidesign.eu\/et\/pood\/toode\/labienhecha-olakott-pepa-2nd-generation-wine\/","og_locale":"et_EE","og_type":"article","og_title":"Labienhecha \u00f5lakott Pepa 2nd Generation Wine - TALI Concept Store","og_description":"Labienhecha \u00f5lakott Pepa 2. p\u00f5lvkond Wine - stiilne ja mitmek\u00fclgne \u00f5lakott, mis sobib igale riietusele. Valmistatud ringlussev\u00f5etud \u00f6konahast. Kanna \u00fcle \u00f5la v\u00f5i risti keha \u00fcle.","og_url":"https:\/\/www.talidesign.eu\/et\/pood\/toode\/labienhecha-olakott-pepa-2nd-generation-wine\/","og_site_name":"TALI Concept Store","article_publisher":"https:\/\/www.facebook.com\/TaliDisain\/","article_modified_time":"2021-12-09T15:57:46+00:00","og_image":[{"width":768,"height":768,"url":"https:\/\/www.talidesign.eu\/wp\/wp-content\/uploads\/2021\/07\/labienhecha-pepa-2nd-generation-wine.jpg","type":"image\/jpeg"}],"twitter_card":"summary_large_image","twitter_misc":{"Est. reading time":"1 minute"},"schema":{"@context":"https:\/\/schema.org","@graph":[{"@type":"WebPage","@id":"https:\/\/www.talidesign.eu\/et\/pood\/toode\/labienhecha-olakott-pepa-2nd-generation-wine\/","url":"https:\/\/www.talidesign.eu\/et\/pood\/toode\/labienhecha-olakott-pepa-2nd-generation-wine\/","name":"Labienhecha \u00f5lakott Pepa 2nd Generation Wine - TALI Concept Store","isPartOf":{"@id":"https:\/\/www.talidesign.eu\/et\/#website"},"primaryImageOfPage":{"@id":"https:\/\/www.talidesign.eu\/et\/pood\/toode\/labienhecha-olakott-pepa-2nd-generation-wine\/#primaryimage"},"image":{"@id":"https:\/\/www.talidesign.eu\/et\/pood\/toode\/labienhecha-olakott-pepa-2nd-generation-wine\/#primaryimage"},"thumbnailUrl":"https:\/\/www.talidesign.eu\/wp\/wp-content\/uploads\/2021\/07\/labienhecha-pepa-2nd-generation-wine.jpg","datePublished":"2021-07-11T19:04:51+00:00","dateModified":"2021-12-09T15:57:46+00:00","description":"Labienhecha \u00f5lakott Pepa 2. p\u00f5lvkond Wine - stiilne ja mitmek\u00fclgne \u00f5lakott, mis sobib igale riietusele. Valmistatud ringlussev\u00f5etud \u00f6konahast. Kanna \u00fcle \u00f5la v\u00f5i risti keha \u00fcle.","breadcrumb":{"@id":"https:\/\/www.talidesign.eu\/et\/pood\/toode\/labienhecha-olakott-pepa-2nd-generation-wine\/#breadcrumb"},"inLanguage":"et","potentialAction":[{"@type":"ReadAction","target":["https:\/\/www.talidesign.eu\/et\/pood\/toode\/labienhecha-olakott-pepa-2nd-generation-wine\/"]}]},{"@type":"ImageObject","inLanguage":"et","@id":"https:\/\/www.talidesign.eu\/et\/pood\/toode\/labienhecha-olakott-pepa-2nd-generation-wine\/#primaryimage","url":"https:\/\/www.talidesign.eu\/wp\/wp-content\/uploads\/2021\/07\/labienhecha-pepa-2nd-generation-wine.jpg","contentUrl":"https:\/\/www.talidesign.eu\/wp\/wp-content\/uploads\/2021\/07\/labienhecha-pepa-2nd-generation-wine.jpg","width":768,"height":768},{"@type":"BreadcrumbList","@id":"https:\/\/www.talidesign.eu\/et\/pood\/toode\/labienhecha-olakott-pepa-2nd-generation-wine\/#breadcrumb","itemListElement":[{"@type":"ListItem","position":1,"name":"Avaleht","item":"https:\/\/www.talidesign.eu\/et\/"},{"@type":"ListItem","position":2,"name":"Pood","item":"https:\/\/www.talidesign.eu\/et\/pood\/"},{"@type":"ListItem","position":3,"name":"Labienhecha \u00f5lakott Pepa 2nd Generation Wine"}]},{"@type":"WebSite","@id":"https:\/\/www.talidesign.eu\/et\/#website","url":"https:\/\/www.talidesign.eu\/et\/","name":"TALI Concept Store","description":"Suurim Disainipood Eestis","potentialAction":[{"@type":"SearchAction","target":{"@type":"EntryPoint","urlTemplate":"https:\/\/www.talidesign.eu\/et\/?s={search_term_string}"},"query-input":{"@type":"PropertyValueSpecification","valueRequired":true,"valueName":"search_term_string"}}],"inLanguage":"et"}]}},"_links":{"self":[{"href":"https:\/\/www.talidesign.eu\/et\/wp-json\/wp\/v2\/product\/44997","targetHints":{"allow":["GET"]}}],"collection":[{"href":"https:\/\/www.talidesign.eu\/et\/wp-json\/wp\/v2\/product"}],"about":[{"href":"https:\/\/www.talidesign.eu\/et\/wp-json\/wp\/v2\/types\/product"}],"wp:featuredmedia":[{"embeddable":true,"href":"https:\/\/www.talidesign.eu\/et\/wp-json\/wp\/v2\/media\/45005"}],"wp:attachment":[{"href":"https:\/\/www.talidesign.eu\/et\/wp-json\/wp\/v2\/media?parent=44997"}],"wp:term":[{"taxonomy":"product_brand","embeddable":true,"href":"https:\/\/www.talidesign.eu\/et\/wp-json\/wp\/v2\/product_brand?post=44997"},{"taxonomy":"product_cat","embeddable":true,"href":"https:\/\/www.talidesign.eu\/et\/wp-json\/wp\/v2\/product_cat?post=44997"},{"taxonomy":"product_tag","embeddable":true,"href":"https:\/\/www.talidesign.eu\/et\/wp-json\/wp\/v2\/product_tag?post=44997"}],"curies":[{"name":"wp","href":"https:\/\/api.w.org\/{rel}","templated":true}]}}