{"id":45078,"date":"2021-04-15T13:44:30","date_gmt":"2021-04-15T10:44:30","guid":{"rendered":"https:\/\/www.talidesign.eu\/shop\/product\/labienhecha-manuela-light-blue\/"},"modified":"2021-10-25T20:39:51","modified_gmt":"2021-10-25T17:39:51","slug":"labienhecha-olakott-manuela-helesinine","status":"publish","type":"product","link":"https:\/\/www.talidesign.eu\/et\/pood\/toode\/labienhecha-olakott-manuela-helesinine\/","title":{"rendered":"Labienhecha \u00f5lakott Manuela Helesinine"},"content":{"rendered":"<p><strong>\u00d5lakott Manuela Helesinine<\/strong><\/p>\n<p>Manuela on kolm \u00fches kott, mida me v\u00e4ga armastame. See sobib k\u00f5igega, olles nii v\u00f6\u00f6-, \u00f5la- kui ka k\u00e4ekott. Sel on kolm sahtlit: kaks neist t\u00f5mblukuga ja keskmine nende asjade jaoks, mida soovite k\u00e4ep\u00e4rast hoida. Lisaks on sel kaks sisetaskut, nii et saate k\u00f5iki asju oma \u00e4ran\u00e4gemise j\u00e4rgi korras hoida.<\/p>\n<p>Sel on pehme t\u00f5mblukk ning viimistletud ja k\u00e4sitsi maalitud servad, nii et kott kestab kauem ja on parema viimistlusega.<\/p>\n<p>\u2022 Ringlussev\u00f5etud \u00f6konahk.<br \/>\n\u2022 Kandke seda v\u00f6\u00f6kotina v\u00f5i risti \u00fcle keha. Saate lisada lisarihmasid.<br \/>\n\u2022 V\u00f5ite seda kanda ka ridik\u00fclina.<br \/>\n\u2022 Muutke see rihmaga \u00f5lakotiks.<br \/>\n\u2022 23 cm \u00d7 12 cm \u00d7 6 cm<br \/>\n\u2022 Kaks sisetaskut.<br \/>\n\u2022 V\u00e4ga pehme YKK-t\u00fc\u00fcpi t\u00f5mblukk koos ringlussev\u00f5etud nahast k\u00e4sitsi valmistatud sangaga.<br \/>\n\u2022 Kaasas 140 cm rihm.<br \/>\n\u2022 <a href=\"\/et\/tootekategooria\/brandid\/labienhecha-et\/\">Br\u00e4nd Labienhecha<\/a><\/p>\n<p>Pole kahtlustki, et Manuelast saab parim partner igaks olukorraks, olenemata teie stiilist!<\/p>\n<p><a href=\"\/et\/tootekategooria\/brandid\/labienhecha-et\/\"><img loading=\"lazy\" decoding=\"async\" class=\"alignnone size-full wp-image-21723\" src=\"https:\/\/www.talidesign.eu\/wp\/wp-content\/uploads\/2021\/03\/recycled-leather.jpg\" alt=\"\" width=\"610\" height=\"133\" srcset=\"https:\/\/www.talidesign.eu\/wp\/wp-content\/uploads\/2021\/03\/recycled-leather.jpg 610w, https:\/\/www.talidesign.eu\/wp\/wp-content\/uploads\/2021\/03\/recycled-leather-500x109.jpg 500w, https:\/\/www.talidesign.eu\/wp\/wp-content\/uploads\/2021\/03\/recycled-leather-510x111.jpg 510w\" sizes=\"auto, (max-width: 610px) 100vw, 610px\" \/><\/a><strong>Br\u00e4ndist<\/strong><\/p>\n<p>Labienhecha taga on r\u00fchm naisi, kes valmistavad (h\u00e4sti tehtud) asju v\u00e4ikeses <strong>t\u00f6\u00f6toas M\u00e1lagas Hispaanias<\/strong>. Neil on kolm p\u00f5him\u00f5tet: valmistada kvaliteetseid, kohalikke ja \u00f6koloogilisi tooteid; suurendada teadlikkust j\u00e4tkusuutlikkuse kohta ning v\u00f5imestada naisi ettev\u00f5tluses ja elus \u00fcldiselt.<\/p>\n<p><a href=\"https:\/\/www.talidesign.eu\/wp\/wp-content\/uploads\/2021\/04\/pf-b8f878d4-LaBienHecha1.jpg\"><img loading=\"lazy\" decoding=\"async\" src=\"https:\/\/www.talidesign.eu\/wp\/wp-content\/uploads\/2021\/04\/pf-b8f878d4-LaBienHecha1-611x400.jpg\" alt=\"\" width=\"611\" height=\"400\" class=\"alignnone size-medium wp-image-25944\" srcset=\"https:\/\/www.talidesign.eu\/wp\/wp-content\/uploads\/2021\/04\/pf-b8f878d4-LaBienHecha1-611x400.jpg 611w, https:\/\/www.talidesign.eu\/wp\/wp-content\/uploads\/2021\/04\/pf-b8f878d4-LaBienHecha1-1223x800.jpg 1223w, https:\/\/www.talidesign.eu\/wp\/wp-content\/uploads\/2021\/04\/pf-b8f878d4-LaBienHecha1-768x502.jpg 768w, https:\/\/www.talidesign.eu\/wp\/wp-content\/uploads\/2021\/04\/pf-b8f878d4-LaBienHecha1-1536x1005.jpg 1536w, https:\/\/www.talidesign.eu\/wp\/wp-content\/uploads\/2021\/04\/pf-b8f878d4-LaBienHecha1-500x327.jpg 500w, https:\/\/www.talidesign.eu\/wp\/wp-content\/uploads\/2021\/04\/pf-b8f878d4-LaBienHecha1-510x334.jpg 510w, https:\/\/www.talidesign.eu\/wp\/wp-content\/uploads\/2021\/04\/pf-b8f878d4-LaBienHecha1.jpg 1920w\" sizes=\"auto, (max-width: 611px) 100vw, 611px\" \/><\/a><\/p>\n<p><a href=\"\/et\/tootekategooria\/brandid\/labienhecha-et\/\"><img loading=\"lazy\" decoding=\"async\" src=\"https:\/\/www.talidesign.eu\/wp\/wp-content\/uploads\/2021\/03\/icon.jpg\" alt=\"\" width=\"500\" height=\"100\" class=\"alignnone size-full wp-image-25736\" \/><\/a><\/p>\n","protected":false},"excerpt":{"rendered":"<p><strong>\u00d5lakott Manuela Helesinine<\/strong><\/p>\n<p>Manuela on kolm \u00fches kott, mida me v\u00e4ga armastame. See sobib k\u00f5igega, olles nii v\u00f6\u00f6-, \u00f5la- kui ka k\u00e4ekott. Sel on kolm sahtlit: kaks neist t\u00f5mblukuga ja keskmine nende asjade jaoks, mida soovite k\u00e4ep\u00e4rast hoida. Lisaks on sel kaks sisetaskut, nii et saate k\u00f5iki asju oma \u00e4ran\u00e4gemise j\u00e4rgi korras hoida.<\/p>\n<p>Sel on pehme t\u00f5mblukk ning viimistletud ja k\u00e4sitsi maalitud servad, nii et kott kestab kauem ja on parema viimistlusega.<\/p>\n<p>\u2022 Ringlussev\u00f5etud \u00f6konahk.<br \/>\n\u2022 Kandke seda v\u00f6\u00f6kotina v\u00f5i risti \u00fcle keha. Saate lisada lisarihmasid.<br \/>\n\u2022 V\u00f5ite seda kanda ka ridik\u00fclina.<br \/>\n\u2022 Muutke see rihmaga \u00f5lakotiks.<br \/>\n\u2022 23 cm \u00d7 12 cm \u00d7 6 cm<br \/>\n\u2022 Kaks sisetaskut.<br \/>\n\u2022 V\u00e4ga pehme YKK-t\u00fc\u00fcpi t\u00f5mblukk koos ringlussev\u00f5etud nahast k\u00e4sitsi valmistatud sangaga.<br \/>\n\u2022 Kaasas 140 cm rihm.<br \/>\n\u2022 <a href=\"\/et\/tootekategooria\/brandid\/labienhecha-et\/\">Br\u00e4nd Labienhecha<\/a><\/p>\n<p>Pole kahtlustki, et Manuelast saab parim partner igaks olukorraks, olenemata teie stiilist!<\/p>\n<p><a href=\"\/et\/tootekategooria\/brandid\/labienhecha-et\/\"><img loading=\"lazy\" decoding=\"async\" class=\"alignnone size-full wp-image-21723\" src=\"https:\/\/www.talidesign.eu\/wp\/wp-content\/uploads\/2021\/03\/recycled-leather.jpg\" alt=\"\" width=\"610\" height=\"133\" srcset=\"https:\/\/www.talidesign.eu\/wp\/wp-content\/uploads\/2021\/03\/recycled-leather.jpg 610w, https:\/\/www.talidesign.eu\/wp\/wp-content\/uploads\/2021\/03\/recycled-leather-500x109.jpg 500w, https:\/\/www.talidesign.eu\/wp\/wp-content\/uploads\/2021\/03\/recycled-leather-510x111.jpg 510w\" sizes=\"auto, (max-width: 610px) 100vw, 610px\" \/><\/a><strong>Br\u00e4ndist<\/strong><\/p>\n<p>Labienhecha taga on r\u00fchm naisi, kes valmistavad (h\u00e4sti tehtud) asju v\u00e4ikeses <strong>t\u00f6\u00f6toas M\u00e1lagas Hispaanias<\/strong>. Neil on kolm p\u00f5him\u00f5tet: valmistada kvaliteetseid, kohalikke ja \u00f6koloogilisi tooteid; suurendada teadlikkust j\u00e4tkusuutlikkuse kohta ning v\u00f5imestada naisi ettev\u00f5tluses ja elus \u00fcldiselt.<\/p>\n<p><a href=\"https:\/\/www.talidesign.eu\/wp\/wp-content\/uploads\/2021\/04\/pf-b8f878d4-LaBienHecha1.jpg\"><img loading=\"lazy\" decoding=\"async\" src=\"https:\/\/www.talidesign.eu\/wp\/wp-content\/uploads\/2021\/04\/pf-b8f878d4-LaBienHecha1-611x400.jpg\" alt=\"\" width=\"611\" height=\"400\" class=\"alignnone size-medium wp-image-25944\" srcset=\"https:\/\/www.talidesign.eu\/wp\/wp-content\/uploads\/2021\/04\/pf-b8f878d4-LaBienHecha1-611x400.jpg 611w, https:\/\/www.talidesign.eu\/wp\/wp-content\/uploads\/2021\/04\/pf-b8f878d4-LaBienHecha1-1223x800.jpg 1223w, https:\/\/www.talidesign.eu\/wp\/wp-content\/uploads\/2021\/04\/pf-b8f878d4-LaBienHecha1-768x502.jpg 768w, https:\/\/www.talidesign.eu\/wp\/wp-content\/uploads\/2021\/04\/pf-b8f878d4-LaBienHecha1-1536x1005.jpg 1536w, https:\/\/www.talidesign.eu\/wp\/wp-content\/uploads\/2021\/04\/pf-b8f878d4-LaBienHecha1-500x327.jpg 500w, https:\/\/www.talidesign.eu\/wp\/wp-content\/uploads\/2021\/04\/pf-b8f878d4-LaBienHecha1-510x334.jpg 510w, https:\/\/www.talidesign.eu\/wp\/wp-content\/uploads\/2021\/04\/pf-b8f878d4-LaBienHecha1.jpg 1920w\" sizes=\"auto, (max-width: 611px) 100vw, 611px\" \/><\/a><\/p>\n<p><a href=\"\/et\/tootekategooria\/brandid\/labienhecha-et\/\"><img loading=\"lazy\" decoding=\"async\" src=\"https:\/\/www.talidesign.eu\/wp\/wp-content\/uploads\/2021\/03\/icon.jpg\" alt=\"\" width=\"500\" height=\"100\" class=\"alignnone size-full wp-image-25736\" \/><\/a><\/p>\n","protected":false},"featured_media":45086,"template":"","meta":[],"product_brand":[],"product_cat":[16],"product_tag":[],"class_list":{"0":"post-45078","1":"product","2":"type-product","3":"status-publish","4":"has-post-thumbnail","6":"product_cat-uncategorized","8":"first","9":"outofstock","10":"taxable","11":"shipping-taxable","12":"purchasable","13":"product-type-simple"},"yoast_head":"<!-- This site is optimized with the Yoast SEO plugin v27.4 - https:\/\/yoast.com\/product\/yoast-seo-wordpress\/ -->\n<title>Labienhecha \u00f5lakott Manuela Helesinine - TALI Concept Store<\/title>\n<meta name=\"description\" content=\"Avasta Labienhecha \u00f5lakott Manuela Helesinine - kolm \u00fches kott, mis sobib igaks olukorraks. Kvaliteetne, \u00f6koloogiline ja stiilne valik. Tutvu l\u00e4hemalt!\" \/>\n<meta name=\"robots\" content=\"index, follow, max-snippet:-1, max-image-preview:large, max-video-preview:-1\" \/>\n<link rel=\"canonical\" href=\"https:\/\/www.talidesign.eu\/et\/pood\/toode\/labienhecha-olakott-manuela-helesinine\/\" \/>\n<meta property=\"og:locale\" content=\"et_EE\" \/>\n<meta property=\"og:type\" content=\"article\" \/>\n<meta property=\"og:title\" content=\"Labienhecha \u00f5lakott Manuela Helesinine - TALI Concept Store\" \/>\n<meta property=\"og:description\" content=\"Avasta Labienhecha \u00f5lakott Manuela Helesinine - kolm \u00fches kott, mis sobib igaks olukorraks. Kvaliteetne, \u00f6koloogiline ja stiilne valik. Tutvu l\u00e4hemalt!\" \/>\n<meta property=\"og:url\" content=\"https:\/\/www.talidesign.eu\/et\/pood\/toode\/labienhecha-olakott-manuela-helesinine\/\" \/>\n<meta property=\"og:site_name\" content=\"TALI Concept Store\" \/>\n<meta property=\"article:publisher\" content=\"https:\/\/www.facebook.com\/TaliDisain\/\" \/>\n<meta property=\"article:modified_time\" content=\"2021-10-25T17:39:51+00:00\" \/>\n<meta property=\"og:image\" content=\"https:\/\/www.talidesign.eu\/wp\/wp-content\/uploads\/2021\/03\/labienhecha-manuela-light-blue.jpg\" \/>\n\t<meta property=\"og:image:width\" content=\"850\" \/>\n\t<meta property=\"og:image:height\" content=\"850\" \/>\n\t<meta property=\"og:image:type\" content=\"image\/jpeg\" \/>\n<meta name=\"twitter:card\" content=\"summary_large_image\" \/>\n<meta name=\"twitter:label1\" content=\"Est. reading time\" \/>\n\t<meta name=\"twitter:data1\" content=\"1 minute\" \/>\n<script type=\"application\/ld+json\" class=\"yoast-schema-graph\">{\"@context\":\"https:\\\/\\\/schema.org\",\"@graph\":[{\"@type\":\"WebPage\",\"@id\":\"https:\\\/\\\/www.talidesign.eu\\\/et\\\/pood\\\/toode\\\/labienhecha-olakott-manuela-helesinine\\\/\",\"url\":\"https:\\\/\\\/www.talidesign.eu\\\/et\\\/pood\\\/toode\\\/labienhecha-olakott-manuela-helesinine\\\/\",\"name\":\"Labienhecha \u00f5lakott Manuela Helesinine - TALI Concept Store\",\"isPartOf\":{\"@id\":\"https:\\\/\\\/www.talidesign.eu\\\/et\\\/#website\"},\"primaryImageOfPage\":{\"@id\":\"https:\\\/\\\/www.talidesign.eu\\\/et\\\/pood\\\/toode\\\/labienhecha-olakott-manuela-helesinine\\\/#primaryimage\"},\"image\":{\"@id\":\"https:\\\/\\\/www.talidesign.eu\\\/et\\\/pood\\\/toode\\\/labienhecha-olakott-manuela-helesinine\\\/#primaryimage\"},\"thumbnailUrl\":\"https:\\\/\\\/www.talidesign.eu\\\/wp\\\/wp-content\\\/uploads\\\/2021\\\/03\\\/labienhecha-manuela-light-blue.jpg\",\"datePublished\":\"2021-04-15T10:44:30+00:00\",\"dateModified\":\"2021-10-25T17:39:51+00:00\",\"description\":\"Avasta Labienhecha \u00f5lakott Manuela Helesinine - kolm \u00fches kott, mis sobib igaks olukorraks. Kvaliteetne, \u00f6koloogiline ja stiilne valik. Tutvu l\u00e4hemalt!\",\"breadcrumb\":{\"@id\":\"https:\\\/\\\/www.talidesign.eu\\\/et\\\/pood\\\/toode\\\/labienhecha-olakott-manuela-helesinine\\\/#breadcrumb\"},\"inLanguage\":\"et\",\"potentialAction\":[{\"@type\":\"ReadAction\",\"target\":[\"https:\\\/\\\/www.talidesign.eu\\\/et\\\/pood\\\/toode\\\/labienhecha-olakott-manuela-helesinine\\\/\"]}]},{\"@type\":\"ImageObject\",\"inLanguage\":\"et\",\"@id\":\"https:\\\/\\\/www.talidesign.eu\\\/et\\\/pood\\\/toode\\\/labienhecha-olakott-manuela-helesinine\\\/#primaryimage\",\"url\":\"https:\\\/\\\/www.talidesign.eu\\\/wp\\\/wp-content\\\/uploads\\\/2021\\\/03\\\/labienhecha-manuela-light-blue.jpg\",\"contentUrl\":\"https:\\\/\\\/www.talidesign.eu\\\/wp\\\/wp-content\\\/uploads\\\/2021\\\/03\\\/labienhecha-manuela-light-blue.jpg\",\"width\":850,\"height\":850},{\"@type\":\"BreadcrumbList\",\"@id\":\"https:\\\/\\\/www.talidesign.eu\\\/et\\\/pood\\\/toode\\\/labienhecha-olakott-manuela-helesinine\\\/#breadcrumb\",\"itemListElement\":[{\"@type\":\"ListItem\",\"position\":1,\"name\":\"Avaleht\",\"item\":\"https:\\\/\\\/www.talidesign.eu\\\/et\\\/\"},{\"@type\":\"ListItem\",\"position\":2,\"name\":\"Pood\",\"item\":\"https:\\\/\\\/www.talidesign.eu\\\/et\\\/pood\\\/\"},{\"@type\":\"ListItem\",\"position\":3,\"name\":\"Labienhecha \u00f5lakott Manuela Helesinine\"}]},{\"@type\":\"WebSite\",\"@id\":\"https:\\\/\\\/www.talidesign.eu\\\/et\\\/#website\",\"url\":\"https:\\\/\\\/www.talidesign.eu\\\/et\\\/\",\"name\":\"TALI Concept Store\",\"description\":\"Suurim Disainipood Eestis\",\"potentialAction\":[{\"@type\":\"SearchAction\",\"target\":{\"@type\":\"EntryPoint\",\"urlTemplate\":\"https:\\\/\\\/www.talidesign.eu\\\/et\\\/?s={search_term_string}\"},\"query-input\":{\"@type\":\"PropertyValueSpecification\",\"valueRequired\":true,\"valueName\":\"search_term_string\"}}],\"inLanguage\":\"et\"}]}<\/script>\n<!-- \/ Yoast SEO plugin. -->","yoast_head_json":{"title":"Labienhecha \u00f5lakott Manuela Helesinine - TALI Concept Store","description":"Avasta Labienhecha \u00f5lakott Manuela Helesinine - kolm \u00fches kott, mis sobib igaks olukorraks. Kvaliteetne, \u00f6koloogiline ja stiilne valik. Tutvu l\u00e4hemalt!","robots":{"index":"index","follow":"follow","max-snippet":"max-snippet:-1","max-image-preview":"max-image-preview:large","max-video-preview":"max-video-preview:-1"},"canonical":"https:\/\/www.talidesign.eu\/et\/pood\/toode\/labienhecha-olakott-manuela-helesinine\/","og_locale":"et_EE","og_type":"article","og_title":"Labienhecha \u00f5lakott Manuela Helesinine - TALI Concept Store","og_description":"Avasta Labienhecha \u00f5lakott Manuela Helesinine - kolm \u00fches kott, mis sobib igaks olukorraks. Kvaliteetne, \u00f6koloogiline ja stiilne valik. Tutvu l\u00e4hemalt!","og_url":"https:\/\/www.talidesign.eu\/et\/pood\/toode\/labienhecha-olakott-manuela-helesinine\/","og_site_name":"TALI Concept Store","article_publisher":"https:\/\/www.facebook.com\/TaliDisain\/","article_modified_time":"2021-10-25T17:39:51+00:00","og_image":[{"width":850,"height":850,"url":"https:\/\/www.talidesign.eu\/wp\/wp-content\/uploads\/2021\/03\/labienhecha-manuela-light-blue.jpg","type":"image\/jpeg"}],"twitter_card":"summary_large_image","twitter_misc":{"Est. reading time":"1 minute"},"schema":{"@context":"https:\/\/schema.org","@graph":[{"@type":"WebPage","@id":"https:\/\/www.talidesign.eu\/et\/pood\/toode\/labienhecha-olakott-manuela-helesinine\/","url":"https:\/\/www.talidesign.eu\/et\/pood\/toode\/labienhecha-olakott-manuela-helesinine\/","name":"Labienhecha \u00f5lakott Manuela Helesinine - TALI Concept Store","isPartOf":{"@id":"https:\/\/www.talidesign.eu\/et\/#website"},"primaryImageOfPage":{"@id":"https:\/\/www.talidesign.eu\/et\/pood\/toode\/labienhecha-olakott-manuela-helesinine\/#primaryimage"},"image":{"@id":"https:\/\/www.talidesign.eu\/et\/pood\/toode\/labienhecha-olakott-manuela-helesinine\/#primaryimage"},"thumbnailUrl":"https:\/\/www.talidesign.eu\/wp\/wp-content\/uploads\/2021\/03\/labienhecha-manuela-light-blue.jpg","datePublished":"2021-04-15T10:44:30+00:00","dateModified":"2021-10-25T17:39:51+00:00","description":"Avasta Labienhecha \u00f5lakott Manuela Helesinine - kolm \u00fches kott, mis sobib igaks olukorraks. Kvaliteetne, \u00f6koloogiline ja stiilne valik. Tutvu l\u00e4hemalt!","breadcrumb":{"@id":"https:\/\/www.talidesign.eu\/et\/pood\/toode\/labienhecha-olakott-manuela-helesinine\/#breadcrumb"},"inLanguage":"et","potentialAction":[{"@type":"ReadAction","target":["https:\/\/www.talidesign.eu\/et\/pood\/toode\/labienhecha-olakott-manuela-helesinine\/"]}]},{"@type":"ImageObject","inLanguage":"et","@id":"https:\/\/www.talidesign.eu\/et\/pood\/toode\/labienhecha-olakott-manuela-helesinine\/#primaryimage","url":"https:\/\/www.talidesign.eu\/wp\/wp-content\/uploads\/2021\/03\/labienhecha-manuela-light-blue.jpg","contentUrl":"https:\/\/www.talidesign.eu\/wp\/wp-content\/uploads\/2021\/03\/labienhecha-manuela-light-blue.jpg","width":850,"height":850},{"@type":"BreadcrumbList","@id":"https:\/\/www.talidesign.eu\/et\/pood\/toode\/labienhecha-olakott-manuela-helesinine\/#breadcrumb","itemListElement":[{"@type":"ListItem","position":1,"name":"Avaleht","item":"https:\/\/www.talidesign.eu\/et\/"},{"@type":"ListItem","position":2,"name":"Pood","item":"https:\/\/www.talidesign.eu\/et\/pood\/"},{"@type":"ListItem","position":3,"name":"Labienhecha \u00f5lakott Manuela Helesinine"}]},{"@type":"WebSite","@id":"https:\/\/www.talidesign.eu\/et\/#website","url":"https:\/\/www.talidesign.eu\/et\/","name":"TALI Concept Store","description":"Suurim Disainipood Eestis","potentialAction":[{"@type":"SearchAction","target":{"@type":"EntryPoint","urlTemplate":"https:\/\/www.talidesign.eu\/et\/?s={search_term_string}"},"query-input":{"@type":"PropertyValueSpecification","valueRequired":true,"valueName":"search_term_string"}}],"inLanguage":"et"}]}},"_links":{"self":[{"href":"https:\/\/www.talidesign.eu\/et\/wp-json\/wp\/v2\/product\/45078","targetHints":{"allow":["GET"]}}],"collection":[{"href":"https:\/\/www.talidesign.eu\/et\/wp-json\/wp\/v2\/product"}],"about":[{"href":"https:\/\/www.talidesign.eu\/et\/wp-json\/wp\/v2\/types\/product"}],"wp:featuredmedia":[{"embeddable":true,"href":"https:\/\/www.talidesign.eu\/et\/wp-json\/wp\/v2\/media\/45086"}],"wp:attachment":[{"href":"https:\/\/www.talidesign.eu\/et\/wp-json\/wp\/v2\/media?parent=45078"}],"wp:term":[{"taxonomy":"product_brand","embeddable":true,"href":"https:\/\/www.talidesign.eu\/et\/wp-json\/wp\/v2\/product_brand?post=45078"},{"taxonomy":"product_cat","embeddable":true,"href":"https:\/\/www.talidesign.eu\/et\/wp-json\/wp\/v2\/product_cat?post=45078"},{"taxonomy":"product_tag","embeddable":true,"href":"https:\/\/www.talidesign.eu\/et\/wp-json\/wp\/v2\/product_tag?post=45078"}],"curies":[{"name":"wp","href":"https:\/\/api.w.org\/{rel}","templated":true}]}}