{"id":45458,"date":"2021-10-28T21:37:31","date_gmt":"2021-10-28T18:37:31","guid":{"rendered":"https:\/\/www.talidesign.eu\/shop\/product\/dedicated-t-shirt-stockholm-new-tricks-grey-melange\/"},"modified":"2023-05-01T13:44:21","modified_gmt":"2023-05-01T10:44:21","slug":"dedicated-stockholm-new-tricks-t-sark-grey-melange","status":"publish","type":"product","link":"https:\/\/www.talidesign.eu\/et\/pood\/toode\/dedicated-stockholm-new-tricks-t-sark-grey-melange\/","title":{"rendered":"Dedicated Stockholm New Tricks T-s\u00e4rk Grey Melange"},"content":{"rendered":"<p><strong>Stockholm New Tricks T-s\u00e4rk Grey Melange<\/strong><\/p>\n<p>T\u00e4iuslik T-s\u00e4rk, mis on valmistatud j\u00e4tkusuutlikult inimeste ja planeedi eest hoolt kandes.<\/p>\n<p><strong>Unisex<\/strong><\/p>\n<p>\u2022 Klassikaline l\u00f5ige<br \/>\n\u2022 \u00dcmar kaelus<br \/>\n\u2022 Siiditr\u00fckk keskkonnas\u00f5braliku veep\u00f5hise tindiga<\/p>\n<p>\u2022 Fairtrade &#038; Orgaaniline<\/p>\n<p>See toode on valmistatud 100% orgaanilisest puuvillast, mis on sertifitseeritud Fairtrade&#8217;i poolt, mis on \u00fcks rangeimaid standardeid turul.<\/p>\n<p>\u2022 <a href=\"\/et\/tootekategooria\/brandid\/dedicated-et\/\">Br\u00e4nd Dedicated<\/a><\/p>\n<p><strong>Suuruste tabel<\/strong><\/p>\n<p><a href=\"https:\/\/www.talidesign.eu\/wp\/wp-content\/uploads\/2021\/10\/size-4.jpg\"><img loading=\"lazy\" decoding=\"async\" src=\"https:\/\/www.talidesign.eu\/wp\/wp-content\/uploads\/2021\/10\/size-4-754x400.jpg\" alt=\"\" width=\"754\" height=\"400\" class=\"alignnone size-medium wp-image-45362\" srcset=\"https:\/\/www.talidesign.eu\/wp\/wp-content\/uploads\/2021\/10\/size-4-754x400.jpg 754w, https:\/\/www.talidesign.eu\/wp\/wp-content\/uploads\/2021\/10\/size-4-768x407.jpg 768w, https:\/\/www.talidesign.eu\/wp\/wp-content\/uploads\/2021\/10\/size-4-500x265.jpg 500w, https:\/\/www.talidesign.eu\/wp\/wp-content\/uploads\/2021\/10\/size-4-510x271.jpg 510w, https:\/\/www.talidesign.eu\/wp\/wp-content\/uploads\/2021\/10\/size-4.jpg 1193w\" sizes=\"auto, (max-width: 754px) 100vw, 754px\" \/><\/a><\/p>\n<p><a href=\"https:\/\/www.talidesign.eu\/wp\/wp-content\/uploads\/2021\/03\/cert-2.jpg\"><img loading=\"lazy\" decoding=\"async\" src=\"https:\/\/www.talidesign.eu\/wp\/wp-content\/uploads\/2021\/03\/cert-2.jpg\" alt=\"\" width=\"428\" height=\"81\" class=\"alignnone size-full wp-image-22967\" \/><\/a><br \/>\n<strong>Toetage meie planeeti \/ DEDICATED.<\/strong><\/p>\n<p>T\u00f6\u00f6tame GOTSi ja Fairtrade&#8217;i sertifitseeritud puuvilla, GRS -i ringlussev\u00f5etud pol\u00fcestri ja looduslike kiududega, nagu Tencel Lyocell. Loome moodi, mis hoolitseb nii p\u00f5llumeeste kui ka klientide eest.<\/p>\n<p><a href=\"https:\/\/www.talidesign.eu\/wp\/wp-content\/uploads\/2020\/04\/our-story-climate-strike_4101.jpg\"><img loading=\"lazy\" decoding=\"async\" class=\"alignnone size-full wp-image-9480\" src=\"https:\/\/www.talidesign.eu\/wp\/wp-content\/uploads\/2020\/04\/our-story-climate-strike_4101.jpg\" alt=\"\" width=\"700\" height=\"700\" srcset=\"https:\/\/www.talidesign.eu\/wp\/wp-content\/uploads\/2020\/04\/our-story-climate-strike_4101.jpg 700w, https:\/\/www.talidesign.eu\/wp\/wp-content\/uploads\/2020\/04\/our-story-climate-strike_4101-400x400.jpg 400w, https:\/\/www.talidesign.eu\/wp\/wp-content\/uploads\/2020\/04\/our-story-climate-strike_4101-280x280.jpg 280w, https:\/\/www.talidesign.eu\/wp\/wp-content\/uploads\/2020\/04\/our-story-climate-strike_4101-500x500.jpg 500w, https:\/\/www.talidesign.eu\/wp\/wp-content\/uploads\/2020\/04\/our-story-climate-strike_4101-510x510.jpg 510w, https:\/\/www.talidesign.eu\/wp\/wp-content\/uploads\/2020\/04\/our-story-climate-strike_4101-100x100.jpg 100w\" sizes=\"auto, (max-width: 700px) 100vw, 700px\" \/><\/a><br \/>\n<a href=\"\/et\/tootekategooria\/brandid\/dedicated-et\/\"><img loading=\"lazy\" decoding=\"async\" src=\"https:\/\/www.talidesign.eu\/wp\/wp-content\/uploads\/2021\/03\/logo-2.jpg\" alt=\"\" width=\"500\" height=\"100\" class=\"alignnone size-full wp-image-24408\" \/><\/a><\/p>\n","protected":false},"excerpt":{"rendered":"<p><strong>Stockholm New Tricks T-s\u00e4rk Grey Melange<\/strong><\/p>\n<p>T\u00e4iuslik T-s\u00e4rk, mis on valmistatud j\u00e4tkusuutlikult inimeste ja planeedi eest hoolt kandes.<\/p>\n<p><strong>Unisex<\/strong><\/p>\n<p>\u2022 Klassikaline l\u00f5ige<br \/>\n\u2022 \u00dcmar kaelus<br \/>\n\u2022 Siiditr\u00fckk keskkonnas\u00f5braliku veep\u00f5hise tindiga<\/p>\n<p>\u2022 Fairtrade &#038; Orgaaniline<\/p>\n<p>See toode on valmistatud 100% orgaanilisest puuvillast, mis on sertifitseeritud Fairtrade&#8217;i poolt, mis on \u00fcks rangeimaid standardeid turul.<\/p>\n<p>\u2022 <a href=\"\/et\/tootekategooria\/brandid\/dedicated-et\/\">Br\u00e4nd Dedicated<\/a><\/p>\n<p><strong>Suuruste tabel<\/strong><\/p>\n<p><a href=\"https:\/\/www.talidesign.eu\/wp\/wp-content\/uploads\/2021\/10\/size-4.jpg\"><img loading=\"lazy\" decoding=\"async\" src=\"https:\/\/www.talidesign.eu\/wp\/wp-content\/uploads\/2021\/10\/size-4-754x400.jpg\" alt=\"\" width=\"754\" height=\"400\" class=\"alignnone size-medium wp-image-45362\" srcset=\"https:\/\/www.talidesign.eu\/wp\/wp-content\/uploads\/2021\/10\/size-4-754x400.jpg 754w, https:\/\/www.talidesign.eu\/wp\/wp-content\/uploads\/2021\/10\/size-4-768x407.jpg 768w, https:\/\/www.talidesign.eu\/wp\/wp-content\/uploads\/2021\/10\/size-4-500x265.jpg 500w, https:\/\/www.talidesign.eu\/wp\/wp-content\/uploads\/2021\/10\/size-4-510x271.jpg 510w, https:\/\/www.talidesign.eu\/wp\/wp-content\/uploads\/2021\/10\/size-4.jpg 1193w\" sizes=\"auto, (max-width: 754px) 100vw, 754px\" \/><\/a><\/p>\n<p><a href=\"https:\/\/www.talidesign.eu\/wp\/wp-content\/uploads\/2021\/03\/cert-2.jpg\"><img loading=\"lazy\" decoding=\"async\" src=\"https:\/\/www.talidesign.eu\/wp\/wp-content\/uploads\/2021\/03\/cert-2.jpg\" alt=\"\" width=\"428\" height=\"81\" class=\"alignnone size-full wp-image-22967\" \/><\/a><br \/>\n<strong>Toetage meie planeeti \/ DEDICATED.<\/strong><\/p>\n<p>T\u00f6\u00f6tame GOTSi ja Fairtrade&#8217;i sertifitseeritud puuvilla, GRS -i ringlussev\u00f5etud pol\u00fcestri ja looduslike kiududega, nagu Tencel Lyocell. Loome moodi, mis hoolitseb nii p\u00f5llumeeste kui ka klientide eest.<\/p>\n<p><a href=\"https:\/\/www.talidesign.eu\/wp\/wp-content\/uploads\/2020\/04\/our-story-climate-strike_4101.jpg\"><img loading=\"lazy\" decoding=\"async\" class=\"alignnone size-full wp-image-9480\" src=\"https:\/\/www.talidesign.eu\/wp\/wp-content\/uploads\/2020\/04\/our-story-climate-strike_4101.jpg\" alt=\"\" width=\"700\" height=\"700\" srcset=\"https:\/\/www.talidesign.eu\/wp\/wp-content\/uploads\/2020\/04\/our-story-climate-strike_4101.jpg 700w, https:\/\/www.talidesign.eu\/wp\/wp-content\/uploads\/2020\/04\/our-story-climate-strike_4101-400x400.jpg 400w, https:\/\/www.talidesign.eu\/wp\/wp-content\/uploads\/2020\/04\/our-story-climate-strike_4101-280x280.jpg 280w, https:\/\/www.talidesign.eu\/wp\/wp-content\/uploads\/2020\/04\/our-story-climate-strike_4101-500x500.jpg 500w, https:\/\/www.talidesign.eu\/wp\/wp-content\/uploads\/2020\/04\/our-story-climate-strike_4101-510x510.jpg 510w, https:\/\/www.talidesign.eu\/wp\/wp-content\/uploads\/2020\/04\/our-story-climate-strike_4101-100x100.jpg 100w\" sizes=\"auto, (max-width: 700px) 100vw, 700px\" \/><\/a><br \/>\n<a href=\"\/et\/tootekategooria\/brandid\/dedicated-et\/\"><img loading=\"lazy\" decoding=\"async\" src=\"https:\/\/www.talidesign.eu\/wp\/wp-content\/uploads\/2021\/03\/logo-2.jpg\" alt=\"\" width=\"500\" height=\"100\" class=\"alignnone size-full wp-image-24408\" \/><\/a><\/p>\n","protected":false},"featured_media":45373,"template":"","meta":[],"product_brand":[],"product_cat":[1042,1142,1123],"product_tag":[1585],"class_list":{"0":"post-45458","1":"product","2":"type-product","3":"status-publish","4":"has-post-thumbnail","6":"product_cat-dedicated-et","7":"product_cat-t-sargid","8":"product_cat-t-sargid-mehed","9":"product_tag-dedicated-et","11":"first","12":"outofstock","13":"taxable","14":"shipping-taxable","15":"product-type-variable"},"yoast_head":"<!-- This site is optimized with the Yoast SEO plugin v27.3 - https:\/\/yoast.com\/product\/yoast-seo-wordpress\/ -->\n<title>Dedicated Stockholm New Tricks T-s\u00e4rk Grey Melange - TALI Concept Store<\/title>\n<meta name=\"description\" content=\"Stockholm New Tricks T-s\u00e4rk Grey Melange - T\u00e4iuslik T-s\u00e4rk, mis on valmistatud j\u00e4tkusuutlikult inimeste ja planeedi eest hoolt kandes. Unisex, klassikaline l\u00f5ige, \u00fcmar kaelus. Fairtrade &amp; Orgaaniline. Br\u00e4nd Dedicated. Toetage meie planeeti \/ DEDICATED.\" \/>\n<meta name=\"robots\" content=\"index, follow, max-snippet:-1, max-image-preview:large, max-video-preview:-1\" \/>\n<link rel=\"canonical\" href=\"https:\/\/www.talidesign.eu\/et\/pood\/toode\/dedicated-stockholm-new-tricks-t-sark-grey-melange\/\" \/>\n<meta property=\"og:locale\" content=\"et_EE\" \/>\n<meta property=\"og:type\" content=\"article\" \/>\n<meta property=\"og:title\" content=\"Dedicated Stockholm New Tricks T-s\u00e4rk Grey Melange - TALI Concept Store\" \/>\n<meta property=\"og:description\" content=\"Stockholm New Tricks T-s\u00e4rk Grey Melange - T\u00e4iuslik T-s\u00e4rk, mis on valmistatud j\u00e4tkusuutlikult inimeste ja planeedi eest hoolt kandes. Unisex, klassikaline l\u00f5ige, \u00fcmar kaelus. Fairtrade &amp; Orgaaniline. Br\u00e4nd Dedicated. Toetage meie planeeti \/ DEDICATED.\" \/>\n<meta property=\"og:url\" content=\"https:\/\/www.talidesign.eu\/et\/pood\/toode\/dedicated-stockholm-new-tricks-t-sark-grey-melange\/\" \/>\n<meta property=\"og:site_name\" content=\"TALI Concept Store\" \/>\n<meta property=\"article:publisher\" content=\"https:\/\/www.facebook.com\/TaliDisain\/\" \/>\n<meta property=\"article:modified_time\" content=\"2023-05-01T10:44:21+00:00\" \/>\n<meta property=\"og:image\" content=\"https:\/\/www.talidesign.eu\/wp\/wp-content\/uploads\/2021\/10\/dedicated-t-shirt-stockholm-new-tricks-grey-melange.jpg\" \/>\n\t<meta property=\"og:image:width\" content=\"1300\" \/>\n\t<meta property=\"og:image:height\" content=\"1300\" \/>\n\t<meta property=\"og:image:type\" content=\"image\/jpeg\" \/>\n<meta name=\"twitter:card\" content=\"summary_large_image\" \/>\n<script type=\"application\/ld+json\" class=\"yoast-schema-graph\">{\"@context\":\"https:\\\/\\\/schema.org\",\"@graph\":[{\"@type\":\"WebPage\",\"@id\":\"https:\\\/\\\/www.talidesign.eu\\\/et\\\/pood\\\/toode\\\/dedicated-stockholm-new-tricks-t-sark-grey-melange\\\/\",\"url\":\"https:\\\/\\\/www.talidesign.eu\\\/et\\\/pood\\\/toode\\\/dedicated-stockholm-new-tricks-t-sark-grey-melange\\\/\",\"name\":\"Dedicated Stockholm New Tricks T-s\u00e4rk Grey Melange - TALI Concept Store\",\"isPartOf\":{\"@id\":\"https:\\\/\\\/www.talidesign.eu\\\/et\\\/#website\"},\"primaryImageOfPage\":{\"@id\":\"https:\\\/\\\/www.talidesign.eu\\\/et\\\/pood\\\/toode\\\/dedicated-stockholm-new-tricks-t-sark-grey-melange\\\/#primaryimage\"},\"image\":{\"@id\":\"https:\\\/\\\/www.talidesign.eu\\\/et\\\/pood\\\/toode\\\/dedicated-stockholm-new-tricks-t-sark-grey-melange\\\/#primaryimage\"},\"thumbnailUrl\":\"https:\\\/\\\/www.talidesign.eu\\\/wp\\\/wp-content\\\/uploads\\\/2021\\\/10\\\/dedicated-t-shirt-stockholm-new-tricks-grey-melange.jpg\",\"datePublished\":\"2021-10-28T18:37:31+00:00\",\"dateModified\":\"2023-05-01T10:44:21+00:00\",\"description\":\"Stockholm New Tricks T-s\u00e4rk Grey Melange - T\u00e4iuslik T-s\u00e4rk, mis on valmistatud j\u00e4tkusuutlikult inimeste ja planeedi eest hoolt kandes. Unisex, klassikaline l\u00f5ige, \u00fcmar kaelus. Fairtrade & Orgaaniline. Br\u00e4nd Dedicated. Toetage meie planeeti \\\/ DEDICATED.\",\"breadcrumb\":{\"@id\":\"https:\\\/\\\/www.talidesign.eu\\\/et\\\/pood\\\/toode\\\/dedicated-stockholm-new-tricks-t-sark-grey-melange\\\/#breadcrumb\"},\"inLanguage\":\"et\",\"potentialAction\":[{\"@type\":\"ReadAction\",\"target\":[\"https:\\\/\\\/www.talidesign.eu\\\/et\\\/pood\\\/toode\\\/dedicated-stockholm-new-tricks-t-sark-grey-melange\\\/\"]}]},{\"@type\":\"ImageObject\",\"inLanguage\":\"et\",\"@id\":\"https:\\\/\\\/www.talidesign.eu\\\/et\\\/pood\\\/toode\\\/dedicated-stockholm-new-tricks-t-sark-grey-melange\\\/#primaryimage\",\"url\":\"https:\\\/\\\/www.talidesign.eu\\\/wp\\\/wp-content\\\/uploads\\\/2021\\\/10\\\/dedicated-t-shirt-stockholm-new-tricks-grey-melange.jpg\",\"contentUrl\":\"https:\\\/\\\/www.talidesign.eu\\\/wp\\\/wp-content\\\/uploads\\\/2021\\\/10\\\/dedicated-t-shirt-stockholm-new-tricks-grey-melange.jpg\",\"width\":1300,\"height\":1300},{\"@type\":\"BreadcrumbList\",\"@id\":\"https:\\\/\\\/www.talidesign.eu\\\/et\\\/pood\\\/toode\\\/dedicated-stockholm-new-tricks-t-sark-grey-melange\\\/#breadcrumb\",\"itemListElement\":[{\"@type\":\"ListItem\",\"position\":1,\"name\":\"Avaleht\",\"item\":\"https:\\\/\\\/www.talidesign.eu\\\/et\\\/\"},{\"@type\":\"ListItem\",\"position\":2,\"name\":\"Pood\",\"item\":\"https:\\\/\\\/www.talidesign.eu\\\/et\\\/pood\\\/\"},{\"@type\":\"ListItem\",\"position\":3,\"name\":\"Dedicated Stockholm New Tricks T-s\u00e4rk Grey Melange\"}]},{\"@type\":\"WebSite\",\"@id\":\"https:\\\/\\\/www.talidesign.eu\\\/et\\\/#website\",\"url\":\"https:\\\/\\\/www.talidesign.eu\\\/et\\\/\",\"name\":\"TALI Concept Store\",\"description\":\"Suurim Disainipood Eestis\",\"potentialAction\":[{\"@type\":\"SearchAction\",\"target\":{\"@type\":\"EntryPoint\",\"urlTemplate\":\"https:\\\/\\\/www.talidesign.eu\\\/et\\\/?s={search_term_string}\"},\"query-input\":{\"@type\":\"PropertyValueSpecification\",\"valueRequired\":true,\"valueName\":\"search_term_string\"}}],\"inLanguage\":\"et\"}]}<\/script>\n<!-- \/ Yoast SEO plugin. -->","yoast_head_json":{"title":"Dedicated Stockholm New Tricks T-s\u00e4rk Grey Melange - TALI Concept Store","description":"Stockholm New Tricks T-s\u00e4rk Grey Melange - T\u00e4iuslik T-s\u00e4rk, mis on valmistatud j\u00e4tkusuutlikult inimeste ja planeedi eest hoolt kandes. Unisex, klassikaline l\u00f5ige, \u00fcmar kaelus. Fairtrade & Orgaaniline. Br\u00e4nd Dedicated. Toetage meie planeeti \/ DEDICATED.","robots":{"index":"index","follow":"follow","max-snippet":"max-snippet:-1","max-image-preview":"max-image-preview:large","max-video-preview":"max-video-preview:-1"},"canonical":"https:\/\/www.talidesign.eu\/et\/pood\/toode\/dedicated-stockholm-new-tricks-t-sark-grey-melange\/","og_locale":"et_EE","og_type":"article","og_title":"Dedicated Stockholm New Tricks T-s\u00e4rk Grey Melange - TALI Concept Store","og_description":"Stockholm New Tricks T-s\u00e4rk Grey Melange - T\u00e4iuslik T-s\u00e4rk, mis on valmistatud j\u00e4tkusuutlikult inimeste ja planeedi eest hoolt kandes. Unisex, klassikaline l\u00f5ige, \u00fcmar kaelus. Fairtrade & Orgaaniline. Br\u00e4nd Dedicated. Toetage meie planeeti \/ DEDICATED.","og_url":"https:\/\/www.talidesign.eu\/et\/pood\/toode\/dedicated-stockholm-new-tricks-t-sark-grey-melange\/","og_site_name":"TALI Concept Store","article_publisher":"https:\/\/www.facebook.com\/TaliDisain\/","article_modified_time":"2023-05-01T10:44:21+00:00","og_image":[{"width":1300,"height":1300,"url":"https:\/\/www.talidesign.eu\/wp\/wp-content\/uploads\/2021\/10\/dedicated-t-shirt-stockholm-new-tricks-grey-melange.jpg","type":"image\/jpeg"}],"twitter_card":"summary_large_image","schema":{"@context":"https:\/\/schema.org","@graph":[{"@type":"WebPage","@id":"https:\/\/www.talidesign.eu\/et\/pood\/toode\/dedicated-stockholm-new-tricks-t-sark-grey-melange\/","url":"https:\/\/www.talidesign.eu\/et\/pood\/toode\/dedicated-stockholm-new-tricks-t-sark-grey-melange\/","name":"Dedicated Stockholm New Tricks T-s\u00e4rk Grey Melange - TALI Concept Store","isPartOf":{"@id":"https:\/\/www.talidesign.eu\/et\/#website"},"primaryImageOfPage":{"@id":"https:\/\/www.talidesign.eu\/et\/pood\/toode\/dedicated-stockholm-new-tricks-t-sark-grey-melange\/#primaryimage"},"image":{"@id":"https:\/\/www.talidesign.eu\/et\/pood\/toode\/dedicated-stockholm-new-tricks-t-sark-grey-melange\/#primaryimage"},"thumbnailUrl":"https:\/\/www.talidesign.eu\/wp\/wp-content\/uploads\/2021\/10\/dedicated-t-shirt-stockholm-new-tricks-grey-melange.jpg","datePublished":"2021-10-28T18:37:31+00:00","dateModified":"2023-05-01T10:44:21+00:00","description":"Stockholm New Tricks T-s\u00e4rk Grey Melange - T\u00e4iuslik T-s\u00e4rk, mis on valmistatud j\u00e4tkusuutlikult inimeste ja planeedi eest hoolt kandes. Unisex, klassikaline l\u00f5ige, \u00fcmar kaelus. Fairtrade & Orgaaniline. Br\u00e4nd Dedicated. Toetage meie planeeti \/ DEDICATED.","breadcrumb":{"@id":"https:\/\/www.talidesign.eu\/et\/pood\/toode\/dedicated-stockholm-new-tricks-t-sark-grey-melange\/#breadcrumb"},"inLanguage":"et","potentialAction":[{"@type":"ReadAction","target":["https:\/\/www.talidesign.eu\/et\/pood\/toode\/dedicated-stockholm-new-tricks-t-sark-grey-melange\/"]}]},{"@type":"ImageObject","inLanguage":"et","@id":"https:\/\/www.talidesign.eu\/et\/pood\/toode\/dedicated-stockholm-new-tricks-t-sark-grey-melange\/#primaryimage","url":"https:\/\/www.talidesign.eu\/wp\/wp-content\/uploads\/2021\/10\/dedicated-t-shirt-stockholm-new-tricks-grey-melange.jpg","contentUrl":"https:\/\/www.talidesign.eu\/wp\/wp-content\/uploads\/2021\/10\/dedicated-t-shirt-stockholm-new-tricks-grey-melange.jpg","width":1300,"height":1300},{"@type":"BreadcrumbList","@id":"https:\/\/www.talidesign.eu\/et\/pood\/toode\/dedicated-stockholm-new-tricks-t-sark-grey-melange\/#breadcrumb","itemListElement":[{"@type":"ListItem","position":1,"name":"Avaleht","item":"https:\/\/www.talidesign.eu\/et\/"},{"@type":"ListItem","position":2,"name":"Pood","item":"https:\/\/www.talidesign.eu\/et\/pood\/"},{"@type":"ListItem","position":3,"name":"Dedicated Stockholm New Tricks T-s\u00e4rk Grey Melange"}]},{"@type":"WebSite","@id":"https:\/\/www.talidesign.eu\/et\/#website","url":"https:\/\/www.talidesign.eu\/et\/","name":"TALI Concept Store","description":"Suurim Disainipood Eestis","potentialAction":[{"@type":"SearchAction","target":{"@type":"EntryPoint","urlTemplate":"https:\/\/www.talidesign.eu\/et\/?s={search_term_string}"},"query-input":{"@type":"PropertyValueSpecification","valueRequired":true,"valueName":"search_term_string"}}],"inLanguage":"et"}]}},"_links":{"self":[{"href":"https:\/\/www.talidesign.eu\/et\/wp-json\/wp\/v2\/product\/45458","targetHints":{"allow":["GET"]}}],"collection":[{"href":"https:\/\/www.talidesign.eu\/et\/wp-json\/wp\/v2\/product"}],"about":[{"href":"https:\/\/www.talidesign.eu\/et\/wp-json\/wp\/v2\/types\/product"}],"wp:featuredmedia":[{"embeddable":true,"href":"https:\/\/www.talidesign.eu\/et\/wp-json\/wp\/v2\/media\/45373"}],"wp:attachment":[{"href":"https:\/\/www.talidesign.eu\/et\/wp-json\/wp\/v2\/media?parent=45458"}],"wp:term":[{"taxonomy":"product_brand","embeddable":true,"href":"https:\/\/www.talidesign.eu\/et\/wp-json\/wp\/v2\/product_brand?post=45458"},{"taxonomy":"product_cat","embeddable":true,"href":"https:\/\/www.talidesign.eu\/et\/wp-json\/wp\/v2\/product_cat?post=45458"},{"taxonomy":"product_tag","embeddable":true,"href":"https:\/\/www.talidesign.eu\/et\/wp-json\/wp\/v2\/product_tag?post=45458"}],"curies":[{"name":"wp","href":"https:\/\/api.w.org\/{rel}","templated":true}]}}