{"id":45909,"date":"2023-12-18T13:02:11","date_gmt":"2021-11-08T11:02:11","guid":{"rendered":"https:\/\/www.talidesign.eu\/?post_type=product&#038;p=45909"},"modified":"2022-03-20T11:34:57","modified_gmt":"2022-03-20T09:34:57","slug":"mette-ditmer-art-piece-naoga-ehtekarp-valge","status":"publish","type":"product","link":"https:\/\/www.talidesign.eu\/et\/pood\/toode\/mette-ditmer-art-piece-naoga-ehtekarp-valge\/","title":{"rendered":"Mette Ditmer Art Piece n\u00e4oga ehtekarp Valge"},"content":{"rendered":"<p><strong>Art Piece n\u00e4oga ehtekarp Valge<\/strong><\/p>\n<p>N\u00e4oga karp on dekoratiivne ese, millel on palju isikup\u00e4ra. Kasutage seda ehete, juukseklambrite v\u00f5i muude nipsasjade hoiustamiseks.<\/p>\n<p>\u2022 Suurus: B 9 x L 12 x H 7 cm cm<br \/>\n\u2022 Materjal: komposiitkivi<br \/>\n\u2022 <a href=\"\/et\/tootekategooria\/brandid\/mette-ditmer-et\/\">Br\u00e4nd Mette Ditmer<\/a><\/p>\n<p><strong>Hooldusjuhend<\/strong><\/p>\n<p>Pesta k\u00e4sitsi puhta veega. Vajadusel kasutada niisket lappi ja tavalist n\u00f5udepesuvahendit. Mitte pesta n\u00f5udepesumasinas!<\/p>\n<p><strong>Tutvu disaineriga!<\/strong><\/p>\n<p>Mette Ditmer on <strong>Taani disainer<\/strong>,&nbsp;kes on omanimelise br\u00e4ndiga loonud ikoonilisi interj\u00f6\u00f6ri ja vannitoa aksessuaare juba 25 aastat. Mette soovib, et Skandinaavia v\u00e4rvid, k\u00f5rgekvaliteedilised tooted ning ajatu graafiline disain inspireeriks inimesi vormima ja arendama oma isiklikku stiili l\u00e4bi kodukujunduse.<\/p>\n<p><a href=\"\/et\/tootekategooria\/brandid\/mette-ditmer-et\/\"><img src=https:\/\/www.talidesign.eu\/wp\/wp-content\/uploads\/2021\/08\/Mette-Ditmer-Logo.jpg alt=\"\" width=\"500\" height=\"100\" class=\"alignnone size-full wp-image-33492\" \/><\/a><\/p>\n","protected":false},"excerpt":{"rendered":"<p><strong>Art Piece n\u00e4oga ehtekarp Valge<\/strong><\/p>\n<p>N\u00e4oga karp on dekoratiivne ese, millel on palju isikup\u00e4ra. Kasutage seda ehete, juukseklambrite v\u00f5i muude nipsasjade hoiustamiseks.<\/p>\n<p>\u2022 Suurus: B 9 x L 12 x H 7 cm cm<br \/>\n\u2022 Materjal: komposiitkivi<br \/>\n\u2022 <a href=\"\/et\/tootekategooria\/brandid\/mette-ditmer-et\/\">Br\u00e4nd Mette Ditmer<\/a><\/p>\n<p><strong>Hooldusjuhend<\/strong><\/p>\n<p>Pesta k\u00e4sitsi puhta veega. Vajadusel kasutada niisket lappi ja tavalist n\u00f5udepesuvahendit. Mitte pesta n\u00f5udepesumasinas!<\/p>\n<p><strong>Tutvu disaineriga!<\/strong><\/p>\n<p>Mette Ditmer on <strong>Taani disainer<\/strong>,&nbsp;kes on omanimelise br\u00e4ndiga loonud ikoonilisi interj\u00f6\u00f6ri ja vannitoa aksessuaare juba 25 aastat. Mette soovib, et Skandinaavia v\u00e4rvid, k\u00f5rgekvaliteedilised tooted ning ajatu graafiline disain inspireeriks inimesi vormima ja arendama oma isiklikku stiili l\u00e4bi kodukujunduse.<\/p>\n<p><a href=\"\/et\/tootekategooria\/brandid\/mette-ditmer-et\/\"><img src=https:\/\/www.talidesign.eu\/wp\/wp-content\/uploads\/2021\/08\/Mette-Ditmer-Logo.jpg alt=\"\" width=\"500\" height=\"100\" class=\"alignnone size-full wp-image-33492\" \/><\/a><\/p>\n","protected":false},"featured_media":45916,"template":"","meta":[],"product_brand":[],"product_cat":[1099,1026,1165,1107,1031,1018,1030,1101,1068,1100],"product_tag":[1426],"class_list":{"0":"post-45909","1":"product","2":"type-product","3":"status-publish","4":"has-post-thumbnail","6":"product_cat-aksessuaarid","7":"product_cat-brandid","8":"product_cat-ehtelaekad-et","9":"product_cat-ehtelaekad","10":"product_cat-hoiustamine","11":"product_cat-kodu","12":"product_cat-kook","13":"product_cat-magamis-ja-elutuba","14":"product_cat-mette-ditmer-et","15":"product_cat-vannituba","16":"product_tag-mette-et","18":"first","19":"outofstock","20":"taxable","21":"shipping-taxable","22":"purchasable","23":"product-type-simple"},"yoast_head":"<!-- This site is optimized with the Yoast SEO plugin v27.3 - https:\/\/yoast.com\/product\/yoast-seo-wordpress\/ -->\n<title>Mette Ditmer Art Piece n\u00e4oga ehtekarp Valge - TALI Concept Store<\/title>\n<meta name=\"description\" content=\"Mette Ditmer Art Piece n\u00e4oga ehtekarp Valge - dekoratiivne ese ehete ja nipsasjade hoiustamiseks. K\u00e4sitsipesu. Tutvu disaineriga!\" \/>\n<meta name=\"robots\" content=\"index, follow, max-snippet:-1, max-image-preview:large, max-video-preview:-1\" \/>\n<link rel=\"canonical\" href=\"https:\/\/www.talidesign.eu\/et\/pood\/toode\/mette-ditmer-art-piece-naoga-ehtekarp-valge\/\" \/>\n<meta property=\"og:locale\" content=\"et_EE\" \/>\n<meta property=\"og:type\" content=\"article\" \/>\n<meta property=\"og:title\" content=\"Mette Ditmer Art Piece n\u00e4oga ehtekarp Valge - TALI Concept Store\" \/>\n<meta property=\"og:description\" content=\"Mette Ditmer Art Piece n\u00e4oga ehtekarp Valge - dekoratiivne ese ehete ja nipsasjade hoiustamiseks. K\u00e4sitsipesu. Tutvu disaineriga!\" \/>\n<meta property=\"og:url\" content=\"https:\/\/www.talidesign.eu\/et\/pood\/toode\/mette-ditmer-art-piece-naoga-ehtekarp-valge\/\" \/>\n<meta property=\"og:site_name\" content=\"TALI Concept Store\" \/>\n<meta property=\"article:publisher\" content=\"https:\/\/www.facebook.com\/TaliDisain\/\" \/>\n<meta property=\"article:modified_time\" content=\"2022-03-20T09:34:57+00:00\" \/>\n<meta property=\"og:image\" content=\"https:\/\/www.talidesign.eu\/wp\/wp-content\/uploads\/2021\/11\/mette-ditmer-art-piece-face-jar-white.jpg\" \/>\n\t<meta property=\"og:image:width\" content=\"1500\" \/>\n\t<meta property=\"og:image:height\" content=\"1500\" \/>\n\t<meta property=\"og:image:type\" content=\"image\/jpeg\" \/>\n<meta name=\"twitter:card\" content=\"summary_large_image\" \/>\n<meta name=\"twitter:label1\" content=\"Est. reading time\" \/>\n\t<meta name=\"twitter:data1\" content=\"1 minute\" \/>\n<script type=\"application\/ld+json\" class=\"yoast-schema-graph\">{\"@context\":\"https:\\\/\\\/schema.org\",\"@graph\":[{\"@type\":\"WebPage\",\"@id\":\"https:\\\/\\\/www.talidesign.eu\\\/et\\\/pood\\\/toode\\\/mette-ditmer-art-piece-naoga-ehtekarp-valge\\\/\",\"url\":\"https:\\\/\\\/www.talidesign.eu\\\/et\\\/pood\\\/toode\\\/mette-ditmer-art-piece-naoga-ehtekarp-valge\\\/\",\"name\":\"Mette Ditmer Art Piece n\u00e4oga ehtekarp Valge - TALI Concept Store\",\"isPartOf\":{\"@id\":\"https:\\\/\\\/www.talidesign.eu\\\/et\\\/#website\"},\"primaryImageOfPage\":{\"@id\":\"https:\\\/\\\/www.talidesign.eu\\\/et\\\/pood\\\/toode\\\/mette-ditmer-art-piece-naoga-ehtekarp-valge\\\/#primaryimage\"},\"image\":{\"@id\":\"https:\\\/\\\/www.talidesign.eu\\\/et\\\/pood\\\/toode\\\/mette-ditmer-art-piece-naoga-ehtekarp-valge\\\/#primaryimage\"},\"thumbnailUrl\":\"https:\\\/\\\/www.talidesign.eu\\\/wp\\\/wp-content\\\/uploads\\\/2021\\\/11\\\/mette-ditmer-art-piece-face-jar-white.jpg\",\"datePublished\":\"2021-11-08T11:02:11+00:00\",\"dateModified\":\"2022-03-20T09:34:57+00:00\",\"description\":\"Mette Ditmer Art Piece n\u00e4oga ehtekarp Valge - dekoratiivne ese ehete ja nipsasjade hoiustamiseks. K\u00e4sitsipesu. Tutvu disaineriga!\",\"breadcrumb\":{\"@id\":\"https:\\\/\\\/www.talidesign.eu\\\/et\\\/pood\\\/toode\\\/mette-ditmer-art-piece-naoga-ehtekarp-valge\\\/#breadcrumb\"},\"inLanguage\":\"et\",\"potentialAction\":[{\"@type\":\"ReadAction\",\"target\":[\"https:\\\/\\\/www.talidesign.eu\\\/et\\\/pood\\\/toode\\\/mette-ditmer-art-piece-naoga-ehtekarp-valge\\\/\"]}]},{\"@type\":\"ImageObject\",\"inLanguage\":\"et\",\"@id\":\"https:\\\/\\\/www.talidesign.eu\\\/et\\\/pood\\\/toode\\\/mette-ditmer-art-piece-naoga-ehtekarp-valge\\\/#primaryimage\",\"url\":\"https:\\\/\\\/www.talidesign.eu\\\/wp\\\/wp-content\\\/uploads\\\/2021\\\/11\\\/mette-ditmer-art-piece-face-jar-white.jpg\",\"contentUrl\":\"https:\\\/\\\/www.talidesign.eu\\\/wp\\\/wp-content\\\/uploads\\\/2021\\\/11\\\/mette-ditmer-art-piece-face-jar-white.jpg\",\"width\":1500,\"height\":1500},{\"@type\":\"BreadcrumbList\",\"@id\":\"https:\\\/\\\/www.talidesign.eu\\\/et\\\/pood\\\/toode\\\/mette-ditmer-art-piece-naoga-ehtekarp-valge\\\/#breadcrumb\",\"itemListElement\":[{\"@type\":\"ListItem\",\"position\":1,\"name\":\"Avaleht\",\"item\":\"https:\\\/\\\/www.talidesign.eu\\\/et\\\/\"},{\"@type\":\"ListItem\",\"position\":2,\"name\":\"Pood\",\"item\":\"https:\\\/\\\/www.talidesign.eu\\\/et\\\/pood\\\/\"},{\"@type\":\"ListItem\",\"position\":3,\"name\":\"Mette Ditmer Art Piece n\u00e4oga ehtekarp Valge\"}]},{\"@type\":\"WebSite\",\"@id\":\"https:\\\/\\\/www.talidesign.eu\\\/et\\\/#website\",\"url\":\"https:\\\/\\\/www.talidesign.eu\\\/et\\\/\",\"name\":\"TALI Concept Store\",\"description\":\"Suurim Disainipood Eestis\",\"potentialAction\":[{\"@type\":\"SearchAction\",\"target\":{\"@type\":\"EntryPoint\",\"urlTemplate\":\"https:\\\/\\\/www.talidesign.eu\\\/et\\\/?s={search_term_string}\"},\"query-input\":{\"@type\":\"PropertyValueSpecification\",\"valueRequired\":true,\"valueName\":\"search_term_string\"}}],\"inLanguage\":\"et\"}]}<\/script>\n<!-- \/ Yoast SEO plugin. -->","yoast_head_json":{"title":"Mette Ditmer Art Piece n\u00e4oga ehtekarp Valge - TALI Concept Store","description":"Mette Ditmer Art Piece n\u00e4oga ehtekarp Valge - dekoratiivne ese ehete ja nipsasjade hoiustamiseks. K\u00e4sitsipesu. Tutvu disaineriga!","robots":{"index":"index","follow":"follow","max-snippet":"max-snippet:-1","max-image-preview":"max-image-preview:large","max-video-preview":"max-video-preview:-1"},"canonical":"https:\/\/www.talidesign.eu\/et\/pood\/toode\/mette-ditmer-art-piece-naoga-ehtekarp-valge\/","og_locale":"et_EE","og_type":"article","og_title":"Mette Ditmer Art Piece n\u00e4oga ehtekarp Valge - TALI Concept Store","og_description":"Mette Ditmer Art Piece n\u00e4oga ehtekarp Valge - dekoratiivne ese ehete ja nipsasjade hoiustamiseks. K\u00e4sitsipesu. Tutvu disaineriga!","og_url":"https:\/\/www.talidesign.eu\/et\/pood\/toode\/mette-ditmer-art-piece-naoga-ehtekarp-valge\/","og_site_name":"TALI Concept Store","article_publisher":"https:\/\/www.facebook.com\/TaliDisain\/","article_modified_time":"2022-03-20T09:34:57+00:00","og_image":[{"width":1500,"height":1500,"url":"https:\/\/www.talidesign.eu\/wp\/wp-content\/uploads\/2021\/11\/mette-ditmer-art-piece-face-jar-white.jpg","type":"image\/jpeg"}],"twitter_card":"summary_large_image","twitter_misc":{"Est. reading time":"1 minute"},"schema":{"@context":"https:\/\/schema.org","@graph":[{"@type":"WebPage","@id":"https:\/\/www.talidesign.eu\/et\/pood\/toode\/mette-ditmer-art-piece-naoga-ehtekarp-valge\/","url":"https:\/\/www.talidesign.eu\/et\/pood\/toode\/mette-ditmer-art-piece-naoga-ehtekarp-valge\/","name":"Mette Ditmer Art Piece n\u00e4oga ehtekarp Valge - TALI Concept Store","isPartOf":{"@id":"https:\/\/www.talidesign.eu\/et\/#website"},"primaryImageOfPage":{"@id":"https:\/\/www.talidesign.eu\/et\/pood\/toode\/mette-ditmer-art-piece-naoga-ehtekarp-valge\/#primaryimage"},"image":{"@id":"https:\/\/www.talidesign.eu\/et\/pood\/toode\/mette-ditmer-art-piece-naoga-ehtekarp-valge\/#primaryimage"},"thumbnailUrl":"https:\/\/www.talidesign.eu\/wp\/wp-content\/uploads\/2021\/11\/mette-ditmer-art-piece-face-jar-white.jpg","datePublished":"2021-11-08T11:02:11+00:00","dateModified":"2022-03-20T09:34:57+00:00","description":"Mette Ditmer Art Piece n\u00e4oga ehtekarp Valge - dekoratiivne ese ehete ja nipsasjade hoiustamiseks. K\u00e4sitsipesu. Tutvu disaineriga!","breadcrumb":{"@id":"https:\/\/www.talidesign.eu\/et\/pood\/toode\/mette-ditmer-art-piece-naoga-ehtekarp-valge\/#breadcrumb"},"inLanguage":"et","potentialAction":[{"@type":"ReadAction","target":["https:\/\/www.talidesign.eu\/et\/pood\/toode\/mette-ditmer-art-piece-naoga-ehtekarp-valge\/"]}]},{"@type":"ImageObject","inLanguage":"et","@id":"https:\/\/www.talidesign.eu\/et\/pood\/toode\/mette-ditmer-art-piece-naoga-ehtekarp-valge\/#primaryimage","url":"https:\/\/www.talidesign.eu\/wp\/wp-content\/uploads\/2021\/11\/mette-ditmer-art-piece-face-jar-white.jpg","contentUrl":"https:\/\/www.talidesign.eu\/wp\/wp-content\/uploads\/2021\/11\/mette-ditmer-art-piece-face-jar-white.jpg","width":1500,"height":1500},{"@type":"BreadcrumbList","@id":"https:\/\/www.talidesign.eu\/et\/pood\/toode\/mette-ditmer-art-piece-naoga-ehtekarp-valge\/#breadcrumb","itemListElement":[{"@type":"ListItem","position":1,"name":"Avaleht","item":"https:\/\/www.talidesign.eu\/et\/"},{"@type":"ListItem","position":2,"name":"Pood","item":"https:\/\/www.talidesign.eu\/et\/pood\/"},{"@type":"ListItem","position":3,"name":"Mette Ditmer Art Piece n\u00e4oga ehtekarp Valge"}]},{"@type":"WebSite","@id":"https:\/\/www.talidesign.eu\/et\/#website","url":"https:\/\/www.talidesign.eu\/et\/","name":"TALI Concept Store","description":"Suurim Disainipood Eestis","potentialAction":[{"@type":"SearchAction","target":{"@type":"EntryPoint","urlTemplate":"https:\/\/www.talidesign.eu\/et\/?s={search_term_string}"},"query-input":{"@type":"PropertyValueSpecification","valueRequired":true,"valueName":"search_term_string"}}],"inLanguage":"et"}]}},"_links":{"self":[{"href":"https:\/\/www.talidesign.eu\/et\/wp-json\/wp\/v2\/product\/45909","targetHints":{"allow":["GET"]}}],"collection":[{"href":"https:\/\/www.talidesign.eu\/et\/wp-json\/wp\/v2\/product"}],"about":[{"href":"https:\/\/www.talidesign.eu\/et\/wp-json\/wp\/v2\/types\/product"}],"wp:featuredmedia":[{"embeddable":true,"href":"https:\/\/www.talidesign.eu\/et\/wp-json\/wp\/v2\/media\/45916"}],"wp:attachment":[{"href":"https:\/\/www.talidesign.eu\/et\/wp-json\/wp\/v2\/media?parent=45909"}],"wp:term":[{"taxonomy":"product_brand","embeddable":true,"href":"https:\/\/www.talidesign.eu\/et\/wp-json\/wp\/v2\/product_brand?post=45909"},{"taxonomy":"product_cat","embeddable":true,"href":"https:\/\/www.talidesign.eu\/et\/wp-json\/wp\/v2\/product_cat?post=45909"},{"taxonomy":"product_tag","embeddable":true,"href":"https:\/\/www.talidesign.eu\/et\/wp-json\/wp\/v2\/product_tag?post=45909"}],"curies":[{"name":"wp","href":"https:\/\/api.w.org\/{rel}","templated":true}]}}