{"id":45923,"date":"2023-12-18T14:21:45","date_gmt":"2021-11-08T12:21:45","guid":{"rendered":"https:\/\/www.talidesign.eu\/?post_type=product&#038;p=45923"},"modified":"2024-08-27T21:24:22","modified_gmt":"2024-08-27T18:24:22","slug":"mette-ditmer-art-piece-ehtekarp-kastan-must","status":"publish","type":"product","link":"https:\/\/www.talidesign.eu\/et\/pood\/toode\/mette-ditmer-art-piece-ehtekarp-kastan-must\/","title":{"rendered":"Mette Ditmer Art Piece ehtekarp Kastan Must"},"content":{"rendered":"<p><strong>Art Piece ehtekarp Kastan Must<\/strong><\/p>\n<p>Kastan on inspireeritud loodusest, t\u00e4psemalt kastanikoorest. Kujundust on t\u00f5lgendatud puhtama l\u00f5ikega, graafilisemalt \u2013 kuid sarnasus on siiski ilmne. Kastan on osa ART PIECE kollektsioonist, mis koosneb ainulaadsetest toodetest.<\/p>\n<p>Kasutage seda ehete, juukseklambrite v\u00f5i muude nipsasjade hoiustamiseks.<\/p>\n<p>Mitte kasutada toidu serveerimiseks.<\/p>\n<p>\u2022 Suurus: \u00d8 20 x k\u00f5rgus 10 cm<br \/>\n\u2022 Materjal: komposiitkivi<br \/>\n\u2022 <a href=\"\/et\/tootekategooria\/brandid\/mette-ditmer-et\/\">Br\u00e4nd Mette Ditmer<\/a><\/p>\n<p><strong>Hooldusjuhend<\/strong><\/p>\n<p>Pesta k\u00e4sitsi puhta veega. Vajadusel kasutada niisket lappi ja tavalist n\u00f5udepesuvahendit. Mitte pesta n\u00f5udepesumasinas!<\/p>\n<p><strong>Tutvu disaineriga!<\/strong><\/p>\n<p>Mette Ditmer on <strong>Taani disainer<\/strong>,&nbsp;kes on omanimelise br\u00e4ndiga loonud ikoonilisi interj\u00f6\u00f6ri ja vannitoa aksessuaare juba 25 aastat. Mette soovib, et Skandinaavia v\u00e4rvid, k\u00f5rgekvaliteedilised tooted ning ajatu graafiline disain inspireeriks inimesi vormima ja arendama oma isiklikku stiili l\u00e4bi kodukujunduse.<\/p>\n<p><a href=\"\/et\/tootekategooria\/brandid\/mette-ditmer-et\/\"><img src=https:\/\/www.talidesign.eu\/wp\/wp-content\/uploads\/2021\/08\/Mette-Ditmer-Logo.jpg alt=\"\" width=\"500\" height=\"100\" class=\"alignnone size-full wp-image-33492\" \/><\/a><\/p>\n","protected":false},"excerpt":{"rendered":"<p><strong>Art Piece ehtekarp Kastan Must<\/strong><\/p>\n<p>Kastan on inspireeritud loodusest, t\u00e4psemalt kastanikoorest. Kujundust on t\u00f5lgendatud puhtama l\u00f5ikega, graafilisemalt \u2013 kuid sarnasus on siiski ilmne. Kastan on osa ART PIECE kollektsioonist, mis koosneb ainulaadsetest toodetest.<\/p>\n<p>Kasutage seda ehete, juukseklambrite v\u00f5i muude nipsasjade hoiustamiseks.<\/p>\n<p>Mitte kasutada toidu serveerimiseks.<\/p>\n<p>\u2022 Suurus: \u00d8 20 x k\u00f5rgus 10 cm<br \/>\n\u2022 Materjal: komposiitkivi<br \/>\n\u2022 <a href=\"\/et\/tootekategooria\/brandid\/mette-ditmer-et\/\">Br\u00e4nd Mette Ditmer<\/a><\/p>\n<p><strong>Hooldusjuhend<\/strong><\/p>\n<p>Pesta k\u00e4sitsi puhta veega. Vajadusel kasutada niisket lappi ja tavalist n\u00f5udepesuvahendit. Mitte pesta n\u00f5udepesumasinas!<\/p>\n<p><strong>Tutvu disaineriga!<\/strong><\/p>\n<p>Mette Ditmer on <strong>Taani disainer<\/strong>,&nbsp;kes on omanimelise br\u00e4ndiga loonud ikoonilisi interj\u00f6\u00f6ri ja vannitoa aksessuaare juba 25 aastat. Mette soovib, et Skandinaavia v\u00e4rvid, k\u00f5rgekvaliteedilised tooted ning ajatu graafiline disain inspireeriks inimesi vormima ja arendama oma isiklikku stiili l\u00e4bi kodukujunduse.<\/p>\n<p><a href=\"\/et\/tootekategooria\/brandid\/mette-ditmer-et\/\"><img src=https:\/\/www.talidesign.eu\/wp\/wp-content\/uploads\/2021\/08\/Mette-Ditmer-Logo.jpg alt=\"\" width=\"500\" height=\"100\" class=\"alignnone size-full wp-image-33492\" \/><\/a><\/p>\n","protected":false},"featured_media":45931,"template":"","meta":[],"product_brand":[],"product_cat":[1099,1026,1107,1165,1031,1018,1030,1101,1068,1100],"product_tag":[1426],"class_list":{"0":"post-45923","1":"product","2":"type-product","3":"status-publish","4":"has-post-thumbnail","6":"product_cat-aksessuaarid","7":"product_cat-brandid","8":"product_cat-ehtelaekad","9":"product_cat-ehtelaekad-et","10":"product_cat-hoiustamine","11":"product_cat-kodu","12":"product_cat-kook","13":"product_cat-magamis-ja-elutuba","14":"product_cat-mette-ditmer-et","15":"product_cat-vannituba","16":"product_tag-mette-et","18":"first","19":"outofstock","20":"taxable","21":"shipping-taxable","22":"purchasable","23":"product-type-simple"},"yoast_head":"<!-- This site is optimized with the Yoast SEO plugin v27.3 - https:\/\/yoast.com\/product\/yoast-seo-wordpress\/ -->\n<title>Mette Ditmer Art Piece ehtekarp Kastan Must - TALI Concept Store<\/title>\n<meta name=\"description\" content=\"Avasta Mette Ditmer Art Piece ehtekarp Kastan Must - inspireeritud loodusest, ainulaadne disain, k\u00f5rgekvaliteediline materjal. Tutvu l\u00e4hemalt!\" \/>\n<meta name=\"robots\" content=\"index, follow, max-snippet:-1, max-image-preview:large, max-video-preview:-1\" \/>\n<link rel=\"canonical\" href=\"https:\/\/www.talidesign.eu\/et\/pood\/toode\/mette-ditmer-art-piece-ehtekarp-kastan-must\/\" \/>\n<meta property=\"og:locale\" content=\"et_EE\" \/>\n<meta property=\"og:type\" content=\"article\" \/>\n<meta property=\"og:title\" content=\"Mette Ditmer Art Piece ehtekarp Kastan Must - TALI Concept Store\" \/>\n<meta property=\"og:description\" content=\"Avasta Mette Ditmer Art Piece ehtekarp Kastan Must - inspireeritud loodusest, ainulaadne disain, k\u00f5rgekvaliteediline materjal. Tutvu l\u00e4hemalt!\" \/>\n<meta property=\"og:url\" content=\"https:\/\/www.talidesign.eu\/et\/pood\/toode\/mette-ditmer-art-piece-ehtekarp-kastan-must\/\" \/>\n<meta property=\"og:site_name\" content=\"TALI Concept Store\" \/>\n<meta property=\"article:publisher\" content=\"https:\/\/www.facebook.com\/TaliDisain\/\" \/>\n<meta property=\"article:modified_time\" content=\"2024-08-27T18:24:22+00:00\" \/>\n<meta property=\"og:image\" content=\"https:\/\/www.talidesign.eu\/wp\/wp-content\/uploads\/2021\/11\/mette-ditmer-art-piece-chestnut-black.jpg\" \/>\n\t<meta property=\"og:image:width\" content=\"1500\" \/>\n\t<meta property=\"og:image:height\" content=\"1500\" \/>\n\t<meta property=\"og:image:type\" content=\"image\/jpeg\" \/>\n<meta name=\"twitter:card\" content=\"summary_large_image\" \/>\n<meta name=\"twitter:label1\" content=\"Est. reading time\" \/>\n\t<meta name=\"twitter:data1\" content=\"1 minute\" \/>\n<script type=\"application\/ld+json\" class=\"yoast-schema-graph\">{\"@context\":\"https:\\\/\\\/schema.org\",\"@graph\":[{\"@type\":\"WebPage\",\"@id\":\"https:\\\/\\\/www.talidesign.eu\\\/et\\\/pood\\\/toode\\\/mette-ditmer-art-piece-ehtekarp-kastan-must\\\/\",\"url\":\"https:\\\/\\\/www.talidesign.eu\\\/et\\\/pood\\\/toode\\\/mette-ditmer-art-piece-ehtekarp-kastan-must\\\/\",\"name\":\"Mette Ditmer Art Piece ehtekarp Kastan Must - TALI Concept Store\",\"isPartOf\":{\"@id\":\"https:\\\/\\\/www.talidesign.eu\\\/et\\\/#website\"},\"primaryImageOfPage\":{\"@id\":\"https:\\\/\\\/www.talidesign.eu\\\/et\\\/pood\\\/toode\\\/mette-ditmer-art-piece-ehtekarp-kastan-must\\\/#primaryimage\"},\"image\":{\"@id\":\"https:\\\/\\\/www.talidesign.eu\\\/et\\\/pood\\\/toode\\\/mette-ditmer-art-piece-ehtekarp-kastan-must\\\/#primaryimage\"},\"thumbnailUrl\":\"https:\\\/\\\/www.talidesign.eu\\\/wp\\\/wp-content\\\/uploads\\\/2021\\\/11\\\/mette-ditmer-art-piece-chestnut-black.jpg\",\"datePublished\":\"2021-11-08T12:21:45+00:00\",\"dateModified\":\"2024-08-27T18:24:22+00:00\",\"description\":\"Avasta Mette Ditmer Art Piece ehtekarp Kastan Must - inspireeritud loodusest, ainulaadne disain, k\u00f5rgekvaliteediline materjal. Tutvu l\u00e4hemalt!\",\"breadcrumb\":{\"@id\":\"https:\\\/\\\/www.talidesign.eu\\\/et\\\/pood\\\/toode\\\/mette-ditmer-art-piece-ehtekarp-kastan-must\\\/#breadcrumb\"},\"inLanguage\":\"et\",\"potentialAction\":[{\"@type\":\"ReadAction\",\"target\":[\"https:\\\/\\\/www.talidesign.eu\\\/et\\\/pood\\\/toode\\\/mette-ditmer-art-piece-ehtekarp-kastan-must\\\/\"]}]},{\"@type\":\"ImageObject\",\"inLanguage\":\"et\",\"@id\":\"https:\\\/\\\/www.talidesign.eu\\\/et\\\/pood\\\/toode\\\/mette-ditmer-art-piece-ehtekarp-kastan-must\\\/#primaryimage\",\"url\":\"https:\\\/\\\/www.talidesign.eu\\\/wp\\\/wp-content\\\/uploads\\\/2021\\\/11\\\/mette-ditmer-art-piece-chestnut-black.jpg\",\"contentUrl\":\"https:\\\/\\\/www.talidesign.eu\\\/wp\\\/wp-content\\\/uploads\\\/2021\\\/11\\\/mette-ditmer-art-piece-chestnut-black.jpg\",\"width\":1500,\"height\":1500},{\"@type\":\"BreadcrumbList\",\"@id\":\"https:\\\/\\\/www.talidesign.eu\\\/et\\\/pood\\\/toode\\\/mette-ditmer-art-piece-ehtekarp-kastan-must\\\/#breadcrumb\",\"itemListElement\":[{\"@type\":\"ListItem\",\"position\":1,\"name\":\"Avaleht\",\"item\":\"https:\\\/\\\/www.talidesign.eu\\\/et\\\/\"},{\"@type\":\"ListItem\",\"position\":2,\"name\":\"Pood\",\"item\":\"https:\\\/\\\/www.talidesign.eu\\\/et\\\/pood\\\/\"},{\"@type\":\"ListItem\",\"position\":3,\"name\":\"Mette Ditmer Art Piece ehtekarp Kastan Must\"}]},{\"@type\":\"WebSite\",\"@id\":\"https:\\\/\\\/www.talidesign.eu\\\/et\\\/#website\",\"url\":\"https:\\\/\\\/www.talidesign.eu\\\/et\\\/\",\"name\":\"TALI Concept Store\",\"description\":\"Suurim Disainipood Eestis\",\"potentialAction\":[{\"@type\":\"SearchAction\",\"target\":{\"@type\":\"EntryPoint\",\"urlTemplate\":\"https:\\\/\\\/www.talidesign.eu\\\/et\\\/?s={search_term_string}\"},\"query-input\":{\"@type\":\"PropertyValueSpecification\",\"valueRequired\":true,\"valueName\":\"search_term_string\"}}],\"inLanguage\":\"et\"}]}<\/script>\n<!-- \/ Yoast SEO plugin. -->","yoast_head_json":{"title":"Mette Ditmer Art Piece ehtekarp Kastan Must - TALI Concept Store","description":"Avasta Mette Ditmer Art Piece ehtekarp Kastan Must - inspireeritud loodusest, ainulaadne disain, k\u00f5rgekvaliteediline materjal. Tutvu l\u00e4hemalt!","robots":{"index":"index","follow":"follow","max-snippet":"max-snippet:-1","max-image-preview":"max-image-preview:large","max-video-preview":"max-video-preview:-1"},"canonical":"https:\/\/www.talidesign.eu\/et\/pood\/toode\/mette-ditmer-art-piece-ehtekarp-kastan-must\/","og_locale":"et_EE","og_type":"article","og_title":"Mette Ditmer Art Piece ehtekarp Kastan Must - TALI Concept Store","og_description":"Avasta Mette Ditmer Art Piece ehtekarp Kastan Must - inspireeritud loodusest, ainulaadne disain, k\u00f5rgekvaliteediline materjal. Tutvu l\u00e4hemalt!","og_url":"https:\/\/www.talidesign.eu\/et\/pood\/toode\/mette-ditmer-art-piece-ehtekarp-kastan-must\/","og_site_name":"TALI Concept Store","article_publisher":"https:\/\/www.facebook.com\/TaliDisain\/","article_modified_time":"2024-08-27T18:24:22+00:00","og_image":[{"width":1500,"height":1500,"url":"https:\/\/www.talidesign.eu\/wp\/wp-content\/uploads\/2021\/11\/mette-ditmer-art-piece-chestnut-black.jpg","type":"image\/jpeg"}],"twitter_card":"summary_large_image","twitter_misc":{"Est. reading time":"1 minute"},"schema":{"@context":"https:\/\/schema.org","@graph":[{"@type":"WebPage","@id":"https:\/\/www.talidesign.eu\/et\/pood\/toode\/mette-ditmer-art-piece-ehtekarp-kastan-must\/","url":"https:\/\/www.talidesign.eu\/et\/pood\/toode\/mette-ditmer-art-piece-ehtekarp-kastan-must\/","name":"Mette Ditmer Art Piece ehtekarp Kastan Must - TALI Concept Store","isPartOf":{"@id":"https:\/\/www.talidesign.eu\/et\/#website"},"primaryImageOfPage":{"@id":"https:\/\/www.talidesign.eu\/et\/pood\/toode\/mette-ditmer-art-piece-ehtekarp-kastan-must\/#primaryimage"},"image":{"@id":"https:\/\/www.talidesign.eu\/et\/pood\/toode\/mette-ditmer-art-piece-ehtekarp-kastan-must\/#primaryimage"},"thumbnailUrl":"https:\/\/www.talidesign.eu\/wp\/wp-content\/uploads\/2021\/11\/mette-ditmer-art-piece-chestnut-black.jpg","datePublished":"2021-11-08T12:21:45+00:00","dateModified":"2024-08-27T18:24:22+00:00","description":"Avasta Mette Ditmer Art Piece ehtekarp Kastan Must - inspireeritud loodusest, ainulaadne disain, k\u00f5rgekvaliteediline materjal. Tutvu l\u00e4hemalt!","breadcrumb":{"@id":"https:\/\/www.talidesign.eu\/et\/pood\/toode\/mette-ditmer-art-piece-ehtekarp-kastan-must\/#breadcrumb"},"inLanguage":"et","potentialAction":[{"@type":"ReadAction","target":["https:\/\/www.talidesign.eu\/et\/pood\/toode\/mette-ditmer-art-piece-ehtekarp-kastan-must\/"]}]},{"@type":"ImageObject","inLanguage":"et","@id":"https:\/\/www.talidesign.eu\/et\/pood\/toode\/mette-ditmer-art-piece-ehtekarp-kastan-must\/#primaryimage","url":"https:\/\/www.talidesign.eu\/wp\/wp-content\/uploads\/2021\/11\/mette-ditmer-art-piece-chestnut-black.jpg","contentUrl":"https:\/\/www.talidesign.eu\/wp\/wp-content\/uploads\/2021\/11\/mette-ditmer-art-piece-chestnut-black.jpg","width":1500,"height":1500},{"@type":"BreadcrumbList","@id":"https:\/\/www.talidesign.eu\/et\/pood\/toode\/mette-ditmer-art-piece-ehtekarp-kastan-must\/#breadcrumb","itemListElement":[{"@type":"ListItem","position":1,"name":"Avaleht","item":"https:\/\/www.talidesign.eu\/et\/"},{"@type":"ListItem","position":2,"name":"Pood","item":"https:\/\/www.talidesign.eu\/et\/pood\/"},{"@type":"ListItem","position":3,"name":"Mette Ditmer Art Piece ehtekarp Kastan Must"}]},{"@type":"WebSite","@id":"https:\/\/www.talidesign.eu\/et\/#website","url":"https:\/\/www.talidesign.eu\/et\/","name":"TALI Concept Store","description":"Suurim Disainipood Eestis","potentialAction":[{"@type":"SearchAction","target":{"@type":"EntryPoint","urlTemplate":"https:\/\/www.talidesign.eu\/et\/?s={search_term_string}"},"query-input":{"@type":"PropertyValueSpecification","valueRequired":true,"valueName":"search_term_string"}}],"inLanguage":"et"}]}},"_links":{"self":[{"href":"https:\/\/www.talidesign.eu\/et\/wp-json\/wp\/v2\/product\/45923","targetHints":{"allow":["GET"]}}],"collection":[{"href":"https:\/\/www.talidesign.eu\/et\/wp-json\/wp\/v2\/product"}],"about":[{"href":"https:\/\/www.talidesign.eu\/et\/wp-json\/wp\/v2\/types\/product"}],"wp:featuredmedia":[{"embeddable":true,"href":"https:\/\/www.talidesign.eu\/et\/wp-json\/wp\/v2\/media\/45931"}],"wp:attachment":[{"href":"https:\/\/www.talidesign.eu\/et\/wp-json\/wp\/v2\/media?parent=45923"}],"wp:term":[{"taxonomy":"product_brand","embeddable":true,"href":"https:\/\/www.talidesign.eu\/et\/wp-json\/wp\/v2\/product_brand?post=45923"},{"taxonomy":"product_cat","embeddable":true,"href":"https:\/\/www.talidesign.eu\/et\/wp-json\/wp\/v2\/product_cat?post=45923"},{"taxonomy":"product_tag","embeddable":true,"href":"https:\/\/www.talidesign.eu\/et\/wp-json\/wp\/v2\/product_tag?post=45923"}],"curies":[{"name":"wp","href":"https:\/\/api.w.org\/{rel}","templated":true}]}}