{"id":46037,"date":"2021-11-10T16:16:24","date_gmt":"2021-11-10T14:16:24","guid":{"rendered":"https:\/\/www.talidesign.eu\/?post_type=product&#038;p=46037"},"modified":"2023-02-23T17:00:53","modified_gmt":"2023-02-23T15:00:53","slug":"chromophobia-korvarongad-oo_d3-roosa-kuld","status":"publish","type":"product","link":"https:\/\/www.talidesign.eu\/et\/pood\/toode\/chromophobia-korvarongad-oo_d3-roosa-kuld\/","title":{"rendered":"Chromophobia k\u00f5rvar\u00f5ngad \u201cOO_D3\u201d Roosa Kuld"},"content":{"rendered":"<p><strong>\u201cOO_D3\u201d k\u00f5rvar\u00f5ngad Roosa Kuld<\/strong><br \/>\nP\u00fcsikollektsioon<\/p>\n<p>\u2022 Lamineeritud puit<br \/>\n\u2022 Kullatud messing<br \/>\n\u2022 H\u00f5be 925 postid<br \/>\n\u2022 D=30mm<\/p>\n<p><a href=\"\/et\/tootekategooria\/brandid\/chromophobia-by-triinu-tiisel-et\/\">Chromophobia by Triinu Tiisel<\/a><\/p>\n<p>Loomult range ja j\u00f5uline ehtesari \u201cChromophobia\u201d on p\u00fc\u00fcdlus korrastatud struktuuri ning sellega kaasneva vabaduse poole.<br \/>\nEhteid iseloomustavad julged graafilised jooned ning arhitektuurne vorm, metallist detailid r\u00f5hutavad maskuliinsuse elegantsi.<br \/>\nChromophobia ehtesari koosneb p\u00fcsikollektsioonist ning alati uuenevatest autoriehetest, mis valmivad v\u00e4ga v\u00e4ikeses koguses.<br \/>\nTriinu Tiisel on Eesti arhitekt ja disainer, kes l\u00f5i oma ehtebr\u00e4ndi 2011. aastal.<\/p>\n<p><a href=\"\/et\/tootekategooria\/brandid\/chromophobia-by-triinu-tiisel-et\/\"><img loading=\"lazy\" decoding=\"async\" src=\"https:\/\/www.talidesign.eu\/wp\/wp-content\/uploads\/2021\/08\/Logo-584x400.jpg\" alt=\"\" width=\"584\" height=\"400\" class=\"alignnone size-medium wp-image-44532\" srcset=\"https:\/\/www.talidesign.eu\/wp\/wp-content\/uploads\/2021\/08\/Logo-584x400.jpg 584w, https:\/\/www.talidesign.eu\/wp\/wp-content\/uploads\/2021\/08\/Logo-1168x800.jpg 1168w, https:\/\/www.talidesign.eu\/wp\/wp-content\/uploads\/2021\/08\/Logo-768x526.jpg 768w, https:\/\/www.talidesign.eu\/wp\/wp-content\/uploads\/2021\/08\/Logo-1536x1052.jpg 1536w, https:\/\/www.talidesign.eu\/wp\/wp-content\/uploads\/2021\/08\/Logo-2048x1402.jpg 2048w, https:\/\/www.talidesign.eu\/wp\/wp-content\/uploads\/2021\/08\/Logo-500x342.jpg 500w, https:\/\/www.talidesign.eu\/wp\/wp-content\/uploads\/2021\/08\/Logo-510x349.jpg 510w\" sizes=\"auto, (max-width: 584px) 100vw, 584px\" \/><\/a><\/p>\n","protected":false},"excerpt":{"rendered":"<p><strong>\u201cOO_D3\u201d k\u00f5rvar\u00f5ngad Roosa Kuld<\/strong><br \/>\nP\u00fcsikollektsioon<\/p>\n<p>\u2022 Lamineeritud puit<br \/>\n\u2022 Kullatud messing<br \/>\n\u2022 H\u00f5be 925 postid<br \/>\n\u2022 D=30mm<\/p>\n<p><a href=\"\/et\/tootekategooria\/brandid\/chromophobia-by-triinu-tiisel-et\/\">Chromophobia by Triinu Tiisel<\/a><\/p>\n<p>Loomult range ja j\u00f5uline ehtesari \u201cChromophobia\u201d on p\u00fc\u00fcdlus korrastatud struktuuri ning sellega kaasneva vabaduse poole.<br \/>\nEhteid iseloomustavad julged graafilised jooned ning arhitektuurne vorm, metallist detailid r\u00f5hutavad maskuliinsuse elegantsi.<br \/>\nChromophobia ehtesari koosneb p\u00fcsikollektsioonist ning alati uuenevatest autoriehetest, mis valmivad v\u00e4ga v\u00e4ikeses koguses.<br \/>\nTriinu Tiisel on Eesti arhitekt ja disainer, kes l\u00f5i oma ehtebr\u00e4ndi 2011. aastal.<\/p>\n<p><a href=\"\/et\/tootekategooria\/brandid\/chromophobia-by-triinu-tiisel-et\/\"><img loading=\"lazy\" decoding=\"async\" src=\"https:\/\/www.talidesign.eu\/wp\/wp-content\/uploads\/2021\/08\/Logo-584x400.jpg\" alt=\"\" width=\"584\" height=\"400\" class=\"alignnone size-medium wp-image-44532\" srcset=\"https:\/\/www.talidesign.eu\/wp\/wp-content\/uploads\/2021\/08\/Logo-584x400.jpg 584w, https:\/\/www.talidesign.eu\/wp\/wp-content\/uploads\/2021\/08\/Logo-1168x800.jpg 1168w, https:\/\/www.talidesign.eu\/wp\/wp-content\/uploads\/2021\/08\/Logo-768x526.jpg 768w, https:\/\/www.talidesign.eu\/wp\/wp-content\/uploads\/2021\/08\/Logo-1536x1052.jpg 1536w, https:\/\/www.talidesign.eu\/wp\/wp-content\/uploads\/2021\/08\/Logo-2048x1402.jpg 2048w, https:\/\/www.talidesign.eu\/wp\/wp-content\/uploads\/2021\/08\/Logo-500x342.jpg 500w, https:\/\/www.talidesign.eu\/wp\/wp-content\/uploads\/2021\/08\/Logo-510x349.jpg 510w\" sizes=\"auto, (max-width: 584px) 100vw, 584px\" \/><\/a><\/p>\n","protected":false},"featured_media":46039,"template":"","meta":[],"product_brand":[],"product_cat":[1026,1150,1176,1146,1148],"product_tag":[1824],"class_list":{"0":"post-46037","1":"product","2":"type-product","3":"status-publish","4":"has-post-thumbnail","6":"product_cat-brandid","7":"product_cat-chromophobia-by-triinu-tiisel-korvarongad","8":"product_cat-chromophobia-by-triinu-tiisel-et","9":"product_cat-ehted","10":"product_cat-korvarongad","11":"product_tag-chromophobia-et","13":"first","14":"outofstock","15":"taxable","16":"shipping-taxable","17":"purchasable","18":"product-type-simple"},"yoast_head":"<!-- This site is optimized with the Yoast SEO plugin v27.3 - https:\/\/yoast.com\/product\/yoast-seo-wordpress\/ -->\n<title>Chromophobia k\u00f5rvar\u00f5ngad \u201cOO_D3\u201d Roosa Kuld - TALI Concept Store<\/title>\n<meta name=\"description\" content=\"Avasta \u201cOO_D3\u201d k\u00f5rvar\u00f5ngad Roosa Kuld - p\u00fcsikollektsiooni osa Chromophobia ehtesarjast. Julged jooned, arhitektuurne vorm ja maskuliinne elegants.\" \/>\n<meta name=\"robots\" content=\"index, follow, max-snippet:-1, max-image-preview:large, max-video-preview:-1\" \/>\n<link rel=\"canonical\" href=\"https:\/\/www.talidesign.eu\/et\/pood\/toode\/chromophobia-korvarongad-oo_d3-roosa-kuld\/\" \/>\n<meta property=\"og:locale\" content=\"et_EE\" \/>\n<meta property=\"og:type\" content=\"article\" \/>\n<meta property=\"og:title\" content=\"Chromophobia k\u00f5rvar\u00f5ngad \u201cOO_D3\u201d Roosa Kuld - TALI Concept Store\" \/>\n<meta property=\"og:description\" content=\"Avasta \u201cOO_D3\u201d k\u00f5rvar\u00f5ngad Roosa Kuld - p\u00fcsikollektsiooni osa Chromophobia ehtesarjast. Julged jooned, arhitektuurne vorm ja maskuliinne elegants.\" \/>\n<meta property=\"og:url\" content=\"https:\/\/www.talidesign.eu\/et\/pood\/toode\/chromophobia-korvarongad-oo_d3-roosa-kuld\/\" \/>\n<meta property=\"og:site_name\" content=\"TALI Concept Store\" \/>\n<meta property=\"article:publisher\" content=\"https:\/\/www.facebook.com\/TaliDisain\/\" \/>\n<meta property=\"article:modified_time\" content=\"2023-02-23T15:00:53+00:00\" \/>\n<meta property=\"og:image\" content=\"https:\/\/www.talidesign.eu\/wp\/wp-content\/uploads\/2021\/11\/OO_Rose-Gold_D3.jpg\" \/>\n\t<meta property=\"og:image:width\" content=\"2554\" \/>\n\t<meta property=\"og:image:height\" content=\"2552\" \/>\n\t<meta property=\"og:image:type\" content=\"image\/jpeg\" \/>\n<meta name=\"twitter:card\" content=\"summary_large_image\" \/>\n<script type=\"application\/ld+json\" class=\"yoast-schema-graph\">{\"@context\":\"https:\\\/\\\/schema.org\",\"@graph\":[{\"@type\":\"WebPage\",\"@id\":\"https:\\\/\\\/www.talidesign.eu\\\/et\\\/pood\\\/toode\\\/chromophobia-korvarongad-oo_d3-roosa-kuld\\\/\",\"url\":\"https:\\\/\\\/www.talidesign.eu\\\/et\\\/pood\\\/toode\\\/chromophobia-korvarongad-oo_d3-roosa-kuld\\\/\",\"name\":\"Chromophobia k\u00f5rvar\u00f5ngad \u201cOO_D3\u201d Roosa Kuld - TALI Concept Store\",\"isPartOf\":{\"@id\":\"https:\\\/\\\/www.talidesign.eu\\\/et\\\/#website\"},\"primaryImageOfPage\":{\"@id\":\"https:\\\/\\\/www.talidesign.eu\\\/et\\\/pood\\\/toode\\\/chromophobia-korvarongad-oo_d3-roosa-kuld\\\/#primaryimage\"},\"image\":{\"@id\":\"https:\\\/\\\/www.talidesign.eu\\\/et\\\/pood\\\/toode\\\/chromophobia-korvarongad-oo_d3-roosa-kuld\\\/#primaryimage\"},\"thumbnailUrl\":\"https:\\\/\\\/www.talidesign.eu\\\/wp\\\/wp-content\\\/uploads\\\/2021\\\/11\\\/OO_Rose-Gold_D3.jpg\",\"datePublished\":\"2021-11-10T14:16:24+00:00\",\"dateModified\":\"2023-02-23T15:00:53+00:00\",\"description\":\"Avasta \u201cOO_D3\u201d k\u00f5rvar\u00f5ngad Roosa Kuld - p\u00fcsikollektsiooni osa Chromophobia ehtesarjast. Julged jooned, arhitektuurne vorm ja maskuliinne elegants.\",\"breadcrumb\":{\"@id\":\"https:\\\/\\\/www.talidesign.eu\\\/et\\\/pood\\\/toode\\\/chromophobia-korvarongad-oo_d3-roosa-kuld\\\/#breadcrumb\"},\"inLanguage\":\"et\",\"potentialAction\":[{\"@type\":\"ReadAction\",\"target\":[\"https:\\\/\\\/www.talidesign.eu\\\/et\\\/pood\\\/toode\\\/chromophobia-korvarongad-oo_d3-roosa-kuld\\\/\"]}]},{\"@type\":\"ImageObject\",\"inLanguage\":\"et\",\"@id\":\"https:\\\/\\\/www.talidesign.eu\\\/et\\\/pood\\\/toode\\\/chromophobia-korvarongad-oo_d3-roosa-kuld\\\/#primaryimage\",\"url\":\"https:\\\/\\\/www.talidesign.eu\\\/wp\\\/wp-content\\\/uploads\\\/2021\\\/11\\\/OO_Rose-Gold_D3.jpg\",\"contentUrl\":\"https:\\\/\\\/www.talidesign.eu\\\/wp\\\/wp-content\\\/uploads\\\/2021\\\/11\\\/OO_Rose-Gold_D3.jpg\",\"width\":2554,\"height\":2552},{\"@type\":\"BreadcrumbList\",\"@id\":\"https:\\\/\\\/www.talidesign.eu\\\/et\\\/pood\\\/toode\\\/chromophobia-korvarongad-oo_d3-roosa-kuld\\\/#breadcrumb\",\"itemListElement\":[{\"@type\":\"ListItem\",\"position\":1,\"name\":\"Avaleht\",\"item\":\"https:\\\/\\\/www.talidesign.eu\\\/et\\\/\"},{\"@type\":\"ListItem\",\"position\":2,\"name\":\"Pood\",\"item\":\"https:\\\/\\\/www.talidesign.eu\\\/et\\\/pood\\\/\"},{\"@type\":\"ListItem\",\"position\":3,\"name\":\"Chromophobia k\u00f5rvar\u00f5ngad \u201cOO_D3\u201d Roosa Kuld\"}]},{\"@type\":\"WebSite\",\"@id\":\"https:\\\/\\\/www.talidesign.eu\\\/et\\\/#website\",\"url\":\"https:\\\/\\\/www.talidesign.eu\\\/et\\\/\",\"name\":\"TALI Concept Store\",\"description\":\"Suurim Disainipood Eestis\",\"potentialAction\":[{\"@type\":\"SearchAction\",\"target\":{\"@type\":\"EntryPoint\",\"urlTemplate\":\"https:\\\/\\\/www.talidesign.eu\\\/et\\\/?s={search_term_string}\"},\"query-input\":{\"@type\":\"PropertyValueSpecification\",\"valueRequired\":true,\"valueName\":\"search_term_string\"}}],\"inLanguage\":\"et\"}]}<\/script>\n<!-- \/ Yoast SEO plugin. -->","yoast_head_json":{"title":"Chromophobia k\u00f5rvar\u00f5ngad \u201cOO_D3\u201d Roosa Kuld - TALI Concept Store","description":"Avasta \u201cOO_D3\u201d k\u00f5rvar\u00f5ngad Roosa Kuld - p\u00fcsikollektsiooni osa Chromophobia ehtesarjast. Julged jooned, arhitektuurne vorm ja maskuliinne elegants.","robots":{"index":"index","follow":"follow","max-snippet":"max-snippet:-1","max-image-preview":"max-image-preview:large","max-video-preview":"max-video-preview:-1"},"canonical":"https:\/\/www.talidesign.eu\/et\/pood\/toode\/chromophobia-korvarongad-oo_d3-roosa-kuld\/","og_locale":"et_EE","og_type":"article","og_title":"Chromophobia k\u00f5rvar\u00f5ngad \u201cOO_D3\u201d Roosa Kuld - TALI Concept Store","og_description":"Avasta \u201cOO_D3\u201d k\u00f5rvar\u00f5ngad Roosa Kuld - p\u00fcsikollektsiooni osa Chromophobia ehtesarjast. Julged jooned, arhitektuurne vorm ja maskuliinne elegants.","og_url":"https:\/\/www.talidesign.eu\/et\/pood\/toode\/chromophobia-korvarongad-oo_d3-roosa-kuld\/","og_site_name":"TALI Concept Store","article_publisher":"https:\/\/www.facebook.com\/TaliDisain\/","article_modified_time":"2023-02-23T15:00:53+00:00","og_image":[{"width":2554,"height":2552,"url":"https:\/\/www.talidesign.eu\/wp\/wp-content\/uploads\/2021\/11\/OO_Rose-Gold_D3.jpg","type":"image\/jpeg"}],"twitter_card":"summary_large_image","schema":{"@context":"https:\/\/schema.org","@graph":[{"@type":"WebPage","@id":"https:\/\/www.talidesign.eu\/et\/pood\/toode\/chromophobia-korvarongad-oo_d3-roosa-kuld\/","url":"https:\/\/www.talidesign.eu\/et\/pood\/toode\/chromophobia-korvarongad-oo_d3-roosa-kuld\/","name":"Chromophobia k\u00f5rvar\u00f5ngad \u201cOO_D3\u201d Roosa Kuld - TALI Concept Store","isPartOf":{"@id":"https:\/\/www.talidesign.eu\/et\/#website"},"primaryImageOfPage":{"@id":"https:\/\/www.talidesign.eu\/et\/pood\/toode\/chromophobia-korvarongad-oo_d3-roosa-kuld\/#primaryimage"},"image":{"@id":"https:\/\/www.talidesign.eu\/et\/pood\/toode\/chromophobia-korvarongad-oo_d3-roosa-kuld\/#primaryimage"},"thumbnailUrl":"https:\/\/www.talidesign.eu\/wp\/wp-content\/uploads\/2021\/11\/OO_Rose-Gold_D3.jpg","datePublished":"2021-11-10T14:16:24+00:00","dateModified":"2023-02-23T15:00:53+00:00","description":"Avasta \u201cOO_D3\u201d k\u00f5rvar\u00f5ngad Roosa Kuld - p\u00fcsikollektsiooni osa Chromophobia ehtesarjast. Julged jooned, arhitektuurne vorm ja maskuliinne elegants.","breadcrumb":{"@id":"https:\/\/www.talidesign.eu\/et\/pood\/toode\/chromophobia-korvarongad-oo_d3-roosa-kuld\/#breadcrumb"},"inLanguage":"et","potentialAction":[{"@type":"ReadAction","target":["https:\/\/www.talidesign.eu\/et\/pood\/toode\/chromophobia-korvarongad-oo_d3-roosa-kuld\/"]}]},{"@type":"ImageObject","inLanguage":"et","@id":"https:\/\/www.talidesign.eu\/et\/pood\/toode\/chromophobia-korvarongad-oo_d3-roosa-kuld\/#primaryimage","url":"https:\/\/www.talidesign.eu\/wp\/wp-content\/uploads\/2021\/11\/OO_Rose-Gold_D3.jpg","contentUrl":"https:\/\/www.talidesign.eu\/wp\/wp-content\/uploads\/2021\/11\/OO_Rose-Gold_D3.jpg","width":2554,"height":2552},{"@type":"BreadcrumbList","@id":"https:\/\/www.talidesign.eu\/et\/pood\/toode\/chromophobia-korvarongad-oo_d3-roosa-kuld\/#breadcrumb","itemListElement":[{"@type":"ListItem","position":1,"name":"Avaleht","item":"https:\/\/www.talidesign.eu\/et\/"},{"@type":"ListItem","position":2,"name":"Pood","item":"https:\/\/www.talidesign.eu\/et\/pood\/"},{"@type":"ListItem","position":3,"name":"Chromophobia k\u00f5rvar\u00f5ngad \u201cOO_D3\u201d Roosa Kuld"}]},{"@type":"WebSite","@id":"https:\/\/www.talidesign.eu\/et\/#website","url":"https:\/\/www.talidesign.eu\/et\/","name":"TALI Concept Store","description":"Suurim Disainipood Eestis","potentialAction":[{"@type":"SearchAction","target":{"@type":"EntryPoint","urlTemplate":"https:\/\/www.talidesign.eu\/et\/?s={search_term_string}"},"query-input":{"@type":"PropertyValueSpecification","valueRequired":true,"valueName":"search_term_string"}}],"inLanguage":"et"}]}},"_links":{"self":[{"href":"https:\/\/www.talidesign.eu\/et\/wp-json\/wp\/v2\/product\/46037","targetHints":{"allow":["GET"]}}],"collection":[{"href":"https:\/\/www.talidesign.eu\/et\/wp-json\/wp\/v2\/product"}],"about":[{"href":"https:\/\/www.talidesign.eu\/et\/wp-json\/wp\/v2\/types\/product"}],"wp:featuredmedia":[{"embeddable":true,"href":"https:\/\/www.talidesign.eu\/et\/wp-json\/wp\/v2\/media\/46039"}],"wp:attachment":[{"href":"https:\/\/www.talidesign.eu\/et\/wp-json\/wp\/v2\/media?parent=46037"}],"wp:term":[{"taxonomy":"product_brand","embeddable":true,"href":"https:\/\/www.talidesign.eu\/et\/wp-json\/wp\/v2\/product_brand?post=46037"},{"taxonomy":"product_cat","embeddable":true,"href":"https:\/\/www.talidesign.eu\/et\/wp-json\/wp\/v2\/product_cat?post=46037"},{"taxonomy":"product_tag","embeddable":true,"href":"https:\/\/www.talidesign.eu\/et\/wp-json\/wp\/v2\/product_tag?post=46037"}],"curies":[{"name":"wp","href":"https:\/\/api.w.org\/{rel}","templated":true}]}}