{"id":46049,"date":"2021-11-10T21:12:21","date_gmt":"2021-11-10T19:12:21","guid":{"rendered":"https:\/\/www.talidesign.eu\/?post_type=product&#038;p=46049"},"modified":"2026-03-17T15:54:57","modified_gmt":"2026-03-17T13:54:57","slug":"beslag-nagi-graf-matt-must","status":"publish","type":"product","link":"https:\/\/www.talidesign.eu\/et\/pood\/toode\/beslag-nagi-graf-matt-must\/","title":{"rendered":"Beslag Nagi Graf Matt Must"},"content":{"rendered":"<p><strong>Nagi Graf Matt Must<\/strong><\/p>\n<p>Graf on stiilne nagi, millel on graveeritud pind ja loob industriaalse tunde. Sobib kombineerida teiste Graf sarja toodetega. Nagi on saadaval matt mustana, messingist ja roostevabast terasest.<\/p>\n<p>Kaasas kruvid ja tihvtid.<\/p>\n<p>\u2022 Matt Must<br \/>\n\u2022 S\u00fcgavus: 41 mm<br \/>\n\u2022 Pikkus: 50 mm<br \/>\n\u2022 Laius: 14 mm<br \/>\n\u2022 Kaasas kruvid ja tihvtid.<br \/>\n\u2022 <a href=\"\/et\/tootekategooria\/brandid\/beslag-design-et\/\">Br\u00e4nd Beslag Design<\/a><\/p>\n<p><strong>Br\u00e4ndist<\/strong><\/p>\n<p>Beslag Design tegeleb sisekujunduse ja sisustusdetailidega. Nende \u00e4riidee on lihtne \u2013 t\u00f6\u00f6tada v\u00e4lja ja turustada uuenduslikke ja n\u00f5utud m\u00f6\u00f6bli- ja sisustustarvikuid. Ettev\u00f5te on 1972. aastast saadik pidevalt kasvanud ning praegu on sisustustoodete ja -tarvikute valdkonnas oma ala liider. <\/p>\n<p>Detailid, mis kaunistavad interj\u00f6\u00f6ri ja t\u00e4iendavad tervikpilti.<\/p>\n<p><a href=\"\/et\/tootekategooria\/brandid\/beslag-design-et\/\"><img loading=\"lazy\" decoding=\"async\" src=\"https:\/\/www.talidesign.eu\/wp\/wp-content\/uploads\/2021\/09\/logo.jpg\" alt=\"\" width=\"500\" height=\"100\" class=\"alignnone size-full wp-image-35595\" \/><\/a><\/p>\n","protected":false},"excerpt":{"rendered":"<p><strong>Nagi Graf Matt Must<\/strong><\/p>\n<p>Graf on stiilne nagi, millel on graveeritud pind ja loob industriaalse tunde. Sobib kombineerida teiste Graf sarja toodetega. Nagi on saadaval matt mustana, messingist ja roostevabast terasest.<\/p>\n<p>Kaasas kruvid ja tihvtid.<\/p>\n<p>\u2022 Matt Must<br \/>\n\u2022 S\u00fcgavus: 41 mm<br \/>\n\u2022 Pikkus: 50 mm<br \/>\n\u2022 Laius: 14 mm<br \/>\n\u2022 Kaasas kruvid ja tihvtid.<br \/>\n\u2022 <a href=\"\/et\/tootekategooria\/brandid\/beslag-design-et\/\">Br\u00e4nd Beslag Design<\/a><\/p>\n<p><strong>Br\u00e4ndist<\/strong><\/p>\n<p>Beslag Design tegeleb sisekujunduse ja sisustusdetailidega. Nende \u00e4riidee on lihtne \u2013 t\u00f6\u00f6tada v\u00e4lja ja turustada uuenduslikke ja n\u00f5utud m\u00f6\u00f6bli- ja sisustustarvikuid. Ettev\u00f5te on 1972. aastast saadik pidevalt kasvanud ning praegu on sisustustoodete ja -tarvikute valdkonnas oma ala liider. <\/p>\n<p>Detailid, mis kaunistavad interj\u00f6\u00f6ri ja t\u00e4iendavad tervikpilti.<\/p>\n<p><a href=\"\/et\/tootekategooria\/brandid\/beslag-design-et\/\"><img loading=\"lazy\" decoding=\"async\" src=\"https:\/\/www.talidesign.eu\/wp\/wp-content\/uploads\/2021\/09\/logo.jpg\" alt=\"\" width=\"500\" height=\"100\" class=\"alignnone size-full wp-image-35595\" \/><\/a><\/p>\n","protected":false},"featured_media":46053,"template":"","meta":[],"product_brand":[],"product_cat":[1038,1026,1105,1031,1018,1106,1030,1101,1100],"product_tag":[1290],"class_list":{"0":"post-46049","1":"product","2":"type-product","3":"status-publish","4":"has-post-thumbnail","6":"product_cat-beslag-design-et","7":"product_cat-brandid","8":"product_cat-esik","9":"product_cat-hoiustamine","10":"product_cat-kodu","11":"product_cat-konksud-nagid","12":"product_cat-kook","13":"product_cat-magamis-ja-elutuba","14":"product_cat-vannituba","15":"product_tag-beslag-et","17":"first","18":"instock","19":"taxable","20":"shipping-taxable","21":"purchasable","22":"product-type-simple"},"yoast_head":"<!-- This site is optimized with the Yoast SEO plugin v27.3 - https:\/\/yoast.com\/product\/yoast-seo-wordpress\/ -->\n<title>Beslag Nagi Graf Matt Must - TALI Concept Store<\/title>\n<meta name=\"description\" content=\"Stiilne nagi Beslag Designilt. Graveeritud pind ja industriaalne tunne. Saadaval matt mustana. Sobib teiste Graf sarja toodetega.\" \/>\n<meta name=\"robots\" content=\"index, follow, max-snippet:-1, max-image-preview:large, max-video-preview:-1\" \/>\n<link rel=\"canonical\" href=\"https:\/\/www.talidesign.eu\/et\/pood\/toode\/beslag-nagi-graf-matt-must\/\" \/>\n<meta property=\"og:locale\" content=\"et_EE\" \/>\n<meta property=\"og:type\" content=\"article\" \/>\n<meta property=\"og:title\" content=\"Beslag Nagi Graf Matt Must - TALI Concept Store\" \/>\n<meta property=\"og:description\" content=\"Stiilne nagi Beslag Designilt. Graveeritud pind ja industriaalne tunne. Saadaval matt mustana. Sobib teiste Graf sarja toodetega.\" \/>\n<meta property=\"og:url\" content=\"https:\/\/www.talidesign.eu\/et\/pood\/toode\/beslag-nagi-graf-matt-must\/\" \/>\n<meta property=\"og:site_name\" content=\"TALI Concept Store\" \/>\n<meta property=\"article:publisher\" content=\"https:\/\/www.facebook.com\/TaliDisain\/\" \/>\n<meta property=\"article:modified_time\" content=\"2026-03-17T13:54:57+00:00\" \/>\n<meta property=\"og:image\" content=\"https:\/\/www.talidesign.eu\/wp\/wp-content\/uploads\/2021\/11\/370340-21_1.jpg\" \/>\n\t<meta property=\"og:image:width\" content=\"800\" \/>\n\t<meta property=\"og:image:height\" content=\"800\" \/>\n\t<meta property=\"og:image:type\" content=\"image\/jpeg\" \/>\n<meta name=\"twitter:card\" content=\"summary_large_image\" \/>\n<meta name=\"twitter:label1\" content=\"Est. reading time\" \/>\n\t<meta name=\"twitter:data1\" content=\"1 minute\" \/>\n<script type=\"application\/ld+json\" class=\"yoast-schema-graph\">{\"@context\":\"https:\\\/\\\/schema.org\",\"@graph\":[{\"@type\":\"WebPage\",\"@id\":\"https:\\\/\\\/www.talidesign.eu\\\/et\\\/pood\\\/toode\\\/beslag-nagi-graf-matt-must\\\/\",\"url\":\"https:\\\/\\\/www.talidesign.eu\\\/et\\\/pood\\\/toode\\\/beslag-nagi-graf-matt-must\\\/\",\"name\":\"Beslag Nagi Graf Matt Must - TALI Concept Store\",\"isPartOf\":{\"@id\":\"https:\\\/\\\/www.talidesign.eu\\\/et\\\/#website\"},\"primaryImageOfPage\":{\"@id\":\"https:\\\/\\\/www.talidesign.eu\\\/et\\\/pood\\\/toode\\\/beslag-nagi-graf-matt-must\\\/#primaryimage\"},\"image\":{\"@id\":\"https:\\\/\\\/www.talidesign.eu\\\/et\\\/pood\\\/toode\\\/beslag-nagi-graf-matt-must\\\/#primaryimage\"},\"thumbnailUrl\":\"https:\\\/\\\/www.talidesign.eu\\\/wp\\\/wp-content\\\/uploads\\\/2021\\\/11\\\/370340-21_1.jpg\",\"datePublished\":\"2021-11-10T19:12:21+00:00\",\"dateModified\":\"2026-03-17T13:54:57+00:00\",\"description\":\"Stiilne nagi Beslag Designilt. Graveeritud pind ja industriaalne tunne. Saadaval matt mustana. Sobib teiste Graf sarja toodetega.\",\"breadcrumb\":{\"@id\":\"https:\\\/\\\/www.talidesign.eu\\\/et\\\/pood\\\/toode\\\/beslag-nagi-graf-matt-must\\\/#breadcrumb\"},\"inLanguage\":\"et\",\"potentialAction\":[{\"@type\":\"ReadAction\",\"target\":[\"https:\\\/\\\/www.talidesign.eu\\\/et\\\/pood\\\/toode\\\/beslag-nagi-graf-matt-must\\\/\"]}]},{\"@type\":\"ImageObject\",\"inLanguage\":\"et\",\"@id\":\"https:\\\/\\\/www.talidesign.eu\\\/et\\\/pood\\\/toode\\\/beslag-nagi-graf-matt-must\\\/#primaryimage\",\"url\":\"https:\\\/\\\/www.talidesign.eu\\\/wp\\\/wp-content\\\/uploads\\\/2021\\\/11\\\/370340-21_1.jpg\",\"contentUrl\":\"https:\\\/\\\/www.talidesign.eu\\\/wp\\\/wp-content\\\/uploads\\\/2021\\\/11\\\/370340-21_1.jpg\",\"width\":800,\"height\":800},{\"@type\":\"BreadcrumbList\",\"@id\":\"https:\\\/\\\/www.talidesign.eu\\\/et\\\/pood\\\/toode\\\/beslag-nagi-graf-matt-must\\\/#breadcrumb\",\"itemListElement\":[{\"@type\":\"ListItem\",\"position\":1,\"name\":\"Avaleht\",\"item\":\"https:\\\/\\\/www.talidesign.eu\\\/et\\\/\"},{\"@type\":\"ListItem\",\"position\":2,\"name\":\"Pood\",\"item\":\"https:\\\/\\\/www.talidesign.eu\\\/et\\\/pood\\\/\"},{\"@type\":\"ListItem\",\"position\":3,\"name\":\"Beslag Nagi Graf Matt Must\"}]},{\"@type\":\"WebSite\",\"@id\":\"https:\\\/\\\/www.talidesign.eu\\\/et\\\/#website\",\"url\":\"https:\\\/\\\/www.talidesign.eu\\\/et\\\/\",\"name\":\"TALI Concept Store\",\"description\":\"Suurim Disainipood Eestis\",\"potentialAction\":[{\"@type\":\"SearchAction\",\"target\":{\"@type\":\"EntryPoint\",\"urlTemplate\":\"https:\\\/\\\/www.talidesign.eu\\\/et\\\/?s={search_term_string}\"},\"query-input\":{\"@type\":\"PropertyValueSpecification\",\"valueRequired\":true,\"valueName\":\"search_term_string\"}}],\"inLanguage\":\"et\"}]}<\/script>\n<!-- \/ Yoast SEO plugin. -->","yoast_head_json":{"title":"Beslag Nagi Graf Matt Must - TALI Concept Store","description":"Stiilne nagi Beslag Designilt. Graveeritud pind ja industriaalne tunne. Saadaval matt mustana. Sobib teiste Graf sarja toodetega.","robots":{"index":"index","follow":"follow","max-snippet":"max-snippet:-1","max-image-preview":"max-image-preview:large","max-video-preview":"max-video-preview:-1"},"canonical":"https:\/\/www.talidesign.eu\/et\/pood\/toode\/beslag-nagi-graf-matt-must\/","og_locale":"et_EE","og_type":"article","og_title":"Beslag Nagi Graf Matt Must - TALI Concept Store","og_description":"Stiilne nagi Beslag Designilt. Graveeritud pind ja industriaalne tunne. Saadaval matt mustana. Sobib teiste Graf sarja toodetega.","og_url":"https:\/\/www.talidesign.eu\/et\/pood\/toode\/beslag-nagi-graf-matt-must\/","og_site_name":"TALI Concept Store","article_publisher":"https:\/\/www.facebook.com\/TaliDisain\/","article_modified_time":"2026-03-17T13:54:57+00:00","og_image":[{"width":800,"height":800,"url":"https:\/\/www.talidesign.eu\/wp\/wp-content\/uploads\/2021\/11\/370340-21_1.jpg","type":"image\/jpeg"}],"twitter_card":"summary_large_image","twitter_misc":{"Est. reading time":"1 minute"},"schema":{"@context":"https:\/\/schema.org","@graph":[{"@type":"WebPage","@id":"https:\/\/www.talidesign.eu\/et\/pood\/toode\/beslag-nagi-graf-matt-must\/","url":"https:\/\/www.talidesign.eu\/et\/pood\/toode\/beslag-nagi-graf-matt-must\/","name":"Beslag Nagi Graf Matt Must - TALI Concept Store","isPartOf":{"@id":"https:\/\/www.talidesign.eu\/et\/#website"},"primaryImageOfPage":{"@id":"https:\/\/www.talidesign.eu\/et\/pood\/toode\/beslag-nagi-graf-matt-must\/#primaryimage"},"image":{"@id":"https:\/\/www.talidesign.eu\/et\/pood\/toode\/beslag-nagi-graf-matt-must\/#primaryimage"},"thumbnailUrl":"https:\/\/www.talidesign.eu\/wp\/wp-content\/uploads\/2021\/11\/370340-21_1.jpg","datePublished":"2021-11-10T19:12:21+00:00","dateModified":"2026-03-17T13:54:57+00:00","description":"Stiilne nagi Beslag Designilt. Graveeritud pind ja industriaalne tunne. Saadaval matt mustana. Sobib teiste Graf sarja toodetega.","breadcrumb":{"@id":"https:\/\/www.talidesign.eu\/et\/pood\/toode\/beslag-nagi-graf-matt-must\/#breadcrumb"},"inLanguage":"et","potentialAction":[{"@type":"ReadAction","target":["https:\/\/www.talidesign.eu\/et\/pood\/toode\/beslag-nagi-graf-matt-must\/"]}]},{"@type":"ImageObject","inLanguage":"et","@id":"https:\/\/www.talidesign.eu\/et\/pood\/toode\/beslag-nagi-graf-matt-must\/#primaryimage","url":"https:\/\/www.talidesign.eu\/wp\/wp-content\/uploads\/2021\/11\/370340-21_1.jpg","contentUrl":"https:\/\/www.talidesign.eu\/wp\/wp-content\/uploads\/2021\/11\/370340-21_1.jpg","width":800,"height":800},{"@type":"BreadcrumbList","@id":"https:\/\/www.talidesign.eu\/et\/pood\/toode\/beslag-nagi-graf-matt-must\/#breadcrumb","itemListElement":[{"@type":"ListItem","position":1,"name":"Avaleht","item":"https:\/\/www.talidesign.eu\/et\/"},{"@type":"ListItem","position":2,"name":"Pood","item":"https:\/\/www.talidesign.eu\/et\/pood\/"},{"@type":"ListItem","position":3,"name":"Beslag Nagi Graf Matt Must"}]},{"@type":"WebSite","@id":"https:\/\/www.talidesign.eu\/et\/#website","url":"https:\/\/www.talidesign.eu\/et\/","name":"TALI Concept Store","description":"Suurim Disainipood Eestis","potentialAction":[{"@type":"SearchAction","target":{"@type":"EntryPoint","urlTemplate":"https:\/\/www.talidesign.eu\/et\/?s={search_term_string}"},"query-input":{"@type":"PropertyValueSpecification","valueRequired":true,"valueName":"search_term_string"}}],"inLanguage":"et"}]}},"_links":{"self":[{"href":"https:\/\/www.talidesign.eu\/et\/wp-json\/wp\/v2\/product\/46049","targetHints":{"allow":["GET"]}}],"collection":[{"href":"https:\/\/www.talidesign.eu\/et\/wp-json\/wp\/v2\/product"}],"about":[{"href":"https:\/\/www.talidesign.eu\/et\/wp-json\/wp\/v2\/types\/product"}],"wp:featuredmedia":[{"embeddable":true,"href":"https:\/\/www.talidesign.eu\/et\/wp-json\/wp\/v2\/media\/46053"}],"wp:attachment":[{"href":"https:\/\/www.talidesign.eu\/et\/wp-json\/wp\/v2\/media?parent=46049"}],"wp:term":[{"taxonomy":"product_brand","embeddable":true,"href":"https:\/\/www.talidesign.eu\/et\/wp-json\/wp\/v2\/product_brand?post=46049"},{"taxonomy":"product_cat","embeddable":true,"href":"https:\/\/www.talidesign.eu\/et\/wp-json\/wp\/v2\/product_cat?post=46049"},{"taxonomy":"product_tag","embeddable":true,"href":"https:\/\/www.talidesign.eu\/et\/wp-json\/wp\/v2\/product_tag?post=46049"}],"curies":[{"name":"wp","href":"https:\/\/api.w.org\/{rel}","templated":true}]}}