{"id":46518,"date":"2021-11-17T19:12:07","date_gmt":"2021-11-17T17:12:07","guid":{"rendered":"https:\/\/www.talidesign.eu\/?post_type=product&#038;p=46518"},"modified":"2026-04-10T17:31:36","modified_gmt":"2026-04-10T14:31:36","slug":"aran-butterfly-climbers-korvarongad-hobe-925","status":"publish","type":"product","link":"https:\/\/www.talidesign.eu\/et\/pood\/toode\/aran-butterfly-climbers-korvarongad-hobe-925\/","title":{"rendered":"Aran Butterfly Climbers k\u00f5rvar\u00f5ngad, h\u00f5be 925"},"content":{"rendered":"<p><strong>Liblikad k\u00f5rvar\u00f5ngad, h\u00f5be 925<\/strong><\/p>\n<p>\u2022 <a href=https:\/\/www.talidesign.eu\/et\/tootekategooria\/brandid\/aran-jewels-et\/>Br\u00e4nd Aran Jewels<\/a><br \/>\n\u2022 H\u00f5be 925<br \/>\n\u2022 Ei sisalda niklit<br \/>\n\u2022 Kinkekarbis<\/p>\n<p>Parim vahend ehete puhastamiseks kodus on soe vesi. Puhastage ehted \u00f5rnatoimelise n\u00f5udepesuvahendi ja sooja vee lahuses. Loputage hoolikalt ja kuivatage pehme lapiga.<\/p>\n<p>Parima tulemuse saavutamiseks poleerige h\u00f5beehteid spetsiaalse ehete poleerimise lapiga.<\/p>\n<p><em>Oleme p\u00fchendunud, praktilised,<br \/>\nuudishimulikud, rahutud<br \/>\nja vabad<\/em><\/p>\n<p><strong>Asutatud aastal 2014<\/strong> disainer Jessica Martineze poolt, Aran Jewels juveelisari uueneb pidevalt l\u00e4bi kaasaegse ja kontseptuaalse ehtedisaini, kasutades h\u00f5bedat ja kive.<\/p>\n<p><a href=https:\/\/www.talidesign.eu\/wp\/wp-content\/uploads\/2021\/02\/maca_stories2.jpg><img src=https:\/\/www.talidesign.eu\/wp\/wp-content\/uploads\/2021\/02\/maca_stories2.jpg alt=\"\" width=\"1366\" height=\"632\" class=\"alignnone size-full wp-image-22844\" \/><\/a><\/p>\n","protected":false},"excerpt":{"rendered":"<p><strong>Liblikad k\u00f5rvar\u00f5ngad, h\u00f5be 925<\/strong><\/p>\n<p>\u2022 <a href=https:\/\/www.talidesign.eu\/et\/tootekategooria\/brandid\/aran-jewels-et\/>Br\u00e4nd Aran Jewels<\/a><br \/>\n\u2022 H\u00f5be 925<br \/>\n\u2022 Ei sisalda niklit<br \/>\n\u2022 Kinkekarbis<\/p>\n<p>Parim vahend ehete puhastamiseks kodus on soe vesi. Puhastage ehted \u00f5rnatoimelise n\u00f5udepesuvahendi ja sooja vee lahuses. Loputage hoolikalt ja kuivatage pehme lapiga.<\/p>\n<p>Parima tulemuse saavutamiseks poleerige h\u00f5beehteid spetsiaalse ehete poleerimise lapiga.<\/p>\n<p><em>Oleme p\u00fchendunud, praktilised,<br \/>\nuudishimulikud, rahutud<br \/>\nja vabad<\/em><\/p>\n<p><strong>Asutatud aastal 2014<\/strong> disainer Jessica Martineze poolt, Aran Jewels juveelisari uueneb pidevalt l\u00e4bi kaasaegse ja kontseptuaalse ehtedisaini, kasutades h\u00f5bedat ja kive.<\/p>\n<p><a href=https:\/\/www.talidesign.eu\/wp\/wp-content\/uploads\/2021\/02\/maca_stories2.jpg><img src=https:\/\/www.talidesign.eu\/wp\/wp-content\/uploads\/2021\/02\/maca_stories2.jpg alt=\"\" width=\"1366\" height=\"632\" class=\"alignnone size-full wp-image-22844\" \/><\/a><\/p>\n","protected":false},"featured_media":46520,"template":"","meta":[],"product_brand":[],"product_cat":[1036,1149,1026,1146],"product_tag":[1385],"class_list":{"0":"post-46518","1":"product","2":"type-product","3":"status-publish","4":"has-post-thumbnail","6":"product_cat-aran-jewels-et","7":"product_cat-aran-jewels-korvarongad","8":"product_cat-brandid","9":"product_cat-ehted","10":"product_tag-aran-et","12":"first","13":"outofstock","14":"taxable","15":"shipping-taxable","16":"purchasable","17":"product-type-simple"},"yoast_head":"<!-- This site is optimized with the Yoast SEO plugin v27.3 - https:\/\/yoast.com\/product\/yoast-seo-wordpress\/ -->\n<title>Aran Butterfly Climbers k\u00f5rvar\u00f5ngad, h\u00f5be 925 - TALI Concept Store<\/title>\n<meta name=\"description\" content=\"Avasta Aran Butterfly Climbers k\u00f5rvar\u00f5ngad, mis on valmistatud h\u00f5bedast 925. Need kaunid liblikakujulised ehted on allergiavabad ja saabuvad kinkekarbis. Oleme p\u00fchendunud, praktilised, uudishimulikud, rahutud ja vabad. Asutatud aastal 2014 disainer Jessica Martineze poolt, Aran Jewels juveelisari uueneb pidevalt l\u00e4bi kaasaegse ja kontseptuaalse ehtedisaini, kasutades h\u00f5bedat ja kive.\" \/>\n<meta name=\"robots\" content=\"index, follow, max-snippet:-1, max-image-preview:large, max-video-preview:-1\" \/>\n<link rel=\"canonical\" href=\"https:\/\/www.talidesign.eu\/et\/pood\/toode\/aran-butterfly-climbers-korvarongad-hobe-925\/\" \/>\n<meta property=\"og:locale\" content=\"et_EE\" \/>\n<meta property=\"og:type\" content=\"article\" \/>\n<meta property=\"og:title\" content=\"Aran Butterfly Climbers k\u00f5rvar\u00f5ngad, h\u00f5be 925 - TALI Concept Store\" \/>\n<meta property=\"og:description\" content=\"Avasta Aran Butterfly Climbers k\u00f5rvar\u00f5ngad, mis on valmistatud h\u00f5bedast 925. Need kaunid liblikakujulised ehted on allergiavabad ja saabuvad kinkekarbis. Oleme p\u00fchendunud, praktilised, uudishimulikud, rahutud ja vabad. Asutatud aastal 2014 disainer Jessica Martineze poolt, Aran Jewels juveelisari uueneb pidevalt l\u00e4bi kaasaegse ja kontseptuaalse ehtedisaini, kasutades h\u00f5bedat ja kive.\" \/>\n<meta property=\"og:url\" content=\"https:\/\/www.talidesign.eu\/et\/pood\/toode\/aran-butterfly-climbers-korvarongad-hobe-925\/\" \/>\n<meta property=\"og:site_name\" content=\"TALI Concept Store\" \/>\n<meta property=\"article:publisher\" content=\"https:\/\/www.facebook.com\/TaliDisain\/\" \/>\n<meta property=\"article:modified_time\" content=\"2026-04-10T14:31:36+00:00\" \/>\n<meta property=\"og:image\" content=\"https:\/\/www.talidesign.eu\/wp\/wp-content\/uploads\/2021\/11\/Untitled-1-1.jpg\" \/>\n\t<meta property=\"og:image:width\" content=\"800\" \/>\n\t<meta property=\"og:image:height\" content=\"800\" \/>\n\t<meta property=\"og:image:type\" content=\"image\/jpeg\" \/>\n<meta name=\"twitter:card\" content=\"summary_large_image\" \/>\n<script type=\"application\/ld+json\" class=\"yoast-schema-graph\">{\"@context\":\"https:\\\/\\\/schema.org\",\"@graph\":[{\"@type\":\"WebPage\",\"@id\":\"https:\\\/\\\/www.talidesign.eu\\\/et\\\/pood\\\/toode\\\/aran-butterfly-climbers-korvarongad-hobe-925\\\/\",\"url\":\"https:\\\/\\\/www.talidesign.eu\\\/et\\\/pood\\\/toode\\\/aran-butterfly-climbers-korvarongad-hobe-925\\\/\",\"name\":\"Aran Butterfly Climbers k\u00f5rvar\u00f5ngad, h\u00f5be 925 - TALI Concept Store\",\"isPartOf\":{\"@id\":\"https:\\\/\\\/www.talidesign.eu\\\/et\\\/#website\"},\"primaryImageOfPage\":{\"@id\":\"https:\\\/\\\/www.talidesign.eu\\\/et\\\/pood\\\/toode\\\/aran-butterfly-climbers-korvarongad-hobe-925\\\/#primaryimage\"},\"image\":{\"@id\":\"https:\\\/\\\/www.talidesign.eu\\\/et\\\/pood\\\/toode\\\/aran-butterfly-climbers-korvarongad-hobe-925\\\/#primaryimage\"},\"thumbnailUrl\":\"https:\\\/\\\/www.talidesign.eu\\\/wp\\\/wp-content\\\/uploads\\\/2021\\\/11\\\/Untitled-1-1.jpg\",\"datePublished\":\"2021-11-17T17:12:07+00:00\",\"dateModified\":\"2026-04-10T14:31:36+00:00\",\"description\":\"Avasta Aran Butterfly Climbers k\u00f5rvar\u00f5ngad, mis on valmistatud h\u00f5bedast 925. Need kaunid liblikakujulised ehted on allergiavabad ja saabuvad kinkekarbis. Oleme p\u00fchendunud, praktilised, uudishimulikud, rahutud ja vabad. Asutatud aastal 2014 disainer Jessica Martineze poolt, Aran Jewels juveelisari uueneb pidevalt l\u00e4bi kaasaegse ja kontseptuaalse ehtedisaini, kasutades h\u00f5bedat ja kive.\",\"breadcrumb\":{\"@id\":\"https:\\\/\\\/www.talidesign.eu\\\/et\\\/pood\\\/toode\\\/aran-butterfly-climbers-korvarongad-hobe-925\\\/#breadcrumb\"},\"inLanguage\":\"et\",\"potentialAction\":[{\"@type\":\"ReadAction\",\"target\":[\"https:\\\/\\\/www.talidesign.eu\\\/et\\\/pood\\\/toode\\\/aran-butterfly-climbers-korvarongad-hobe-925\\\/\"]}]},{\"@type\":\"ImageObject\",\"inLanguage\":\"et\",\"@id\":\"https:\\\/\\\/www.talidesign.eu\\\/et\\\/pood\\\/toode\\\/aran-butterfly-climbers-korvarongad-hobe-925\\\/#primaryimage\",\"url\":\"https:\\\/\\\/www.talidesign.eu\\\/wp\\\/wp-content\\\/uploads\\\/2021\\\/11\\\/Untitled-1-1.jpg\",\"contentUrl\":\"https:\\\/\\\/www.talidesign.eu\\\/wp\\\/wp-content\\\/uploads\\\/2021\\\/11\\\/Untitled-1-1.jpg\",\"width\":800,\"height\":800},{\"@type\":\"BreadcrumbList\",\"@id\":\"https:\\\/\\\/www.talidesign.eu\\\/et\\\/pood\\\/toode\\\/aran-butterfly-climbers-korvarongad-hobe-925\\\/#breadcrumb\",\"itemListElement\":[{\"@type\":\"ListItem\",\"position\":1,\"name\":\"Avaleht\",\"item\":\"https:\\\/\\\/www.talidesign.eu\\\/et\\\/\"},{\"@type\":\"ListItem\",\"position\":2,\"name\":\"Pood\",\"item\":\"https:\\\/\\\/www.talidesign.eu\\\/et\\\/pood\\\/\"},{\"@type\":\"ListItem\",\"position\":3,\"name\":\"Aran Butterfly Climbers k\u00f5rvar\u00f5ngad, h\u00f5be 925\"}]},{\"@type\":\"WebSite\",\"@id\":\"https:\\\/\\\/www.talidesign.eu\\\/et\\\/#website\",\"url\":\"https:\\\/\\\/www.talidesign.eu\\\/et\\\/\",\"name\":\"TALI Concept Store\",\"description\":\"Suurim Disainipood Eestis\",\"potentialAction\":[{\"@type\":\"SearchAction\",\"target\":{\"@type\":\"EntryPoint\",\"urlTemplate\":\"https:\\\/\\\/www.talidesign.eu\\\/et\\\/?s={search_term_string}\"},\"query-input\":{\"@type\":\"PropertyValueSpecification\",\"valueRequired\":true,\"valueName\":\"search_term_string\"}}],\"inLanguage\":\"et\"}]}<\/script>\n<!-- \/ Yoast SEO plugin. -->","yoast_head_json":{"title":"Aran Butterfly Climbers k\u00f5rvar\u00f5ngad, h\u00f5be 925 - TALI Concept Store","description":"Avasta Aran Butterfly Climbers k\u00f5rvar\u00f5ngad, mis on valmistatud h\u00f5bedast 925. Need kaunid liblikakujulised ehted on allergiavabad ja saabuvad kinkekarbis. Oleme p\u00fchendunud, praktilised, uudishimulikud, rahutud ja vabad. Asutatud aastal 2014 disainer Jessica Martineze poolt, Aran Jewels juveelisari uueneb pidevalt l\u00e4bi kaasaegse ja kontseptuaalse ehtedisaini, kasutades h\u00f5bedat ja kive.","robots":{"index":"index","follow":"follow","max-snippet":"max-snippet:-1","max-image-preview":"max-image-preview:large","max-video-preview":"max-video-preview:-1"},"canonical":"https:\/\/www.talidesign.eu\/et\/pood\/toode\/aran-butterfly-climbers-korvarongad-hobe-925\/","og_locale":"et_EE","og_type":"article","og_title":"Aran Butterfly Climbers k\u00f5rvar\u00f5ngad, h\u00f5be 925 - TALI Concept Store","og_description":"Avasta Aran Butterfly Climbers k\u00f5rvar\u00f5ngad, mis on valmistatud h\u00f5bedast 925. Need kaunid liblikakujulised ehted on allergiavabad ja saabuvad kinkekarbis. Oleme p\u00fchendunud, praktilised, uudishimulikud, rahutud ja vabad. Asutatud aastal 2014 disainer Jessica Martineze poolt, Aran Jewels juveelisari uueneb pidevalt l\u00e4bi kaasaegse ja kontseptuaalse ehtedisaini, kasutades h\u00f5bedat ja kive.","og_url":"https:\/\/www.talidesign.eu\/et\/pood\/toode\/aran-butterfly-climbers-korvarongad-hobe-925\/","og_site_name":"TALI Concept Store","article_publisher":"https:\/\/www.facebook.com\/TaliDisain\/","article_modified_time":"2026-04-10T14:31:36+00:00","og_image":[{"width":800,"height":800,"url":"https:\/\/www.talidesign.eu\/wp\/wp-content\/uploads\/2021\/11\/Untitled-1-1.jpg","type":"image\/jpeg"}],"twitter_card":"summary_large_image","schema":{"@context":"https:\/\/schema.org","@graph":[{"@type":"WebPage","@id":"https:\/\/www.talidesign.eu\/et\/pood\/toode\/aran-butterfly-climbers-korvarongad-hobe-925\/","url":"https:\/\/www.talidesign.eu\/et\/pood\/toode\/aran-butterfly-climbers-korvarongad-hobe-925\/","name":"Aran Butterfly Climbers k\u00f5rvar\u00f5ngad, h\u00f5be 925 - TALI Concept Store","isPartOf":{"@id":"https:\/\/www.talidesign.eu\/et\/#website"},"primaryImageOfPage":{"@id":"https:\/\/www.talidesign.eu\/et\/pood\/toode\/aran-butterfly-climbers-korvarongad-hobe-925\/#primaryimage"},"image":{"@id":"https:\/\/www.talidesign.eu\/et\/pood\/toode\/aran-butterfly-climbers-korvarongad-hobe-925\/#primaryimage"},"thumbnailUrl":"https:\/\/www.talidesign.eu\/wp\/wp-content\/uploads\/2021\/11\/Untitled-1-1.jpg","datePublished":"2021-11-17T17:12:07+00:00","dateModified":"2026-04-10T14:31:36+00:00","description":"Avasta Aran Butterfly Climbers k\u00f5rvar\u00f5ngad, mis on valmistatud h\u00f5bedast 925. Need kaunid liblikakujulised ehted on allergiavabad ja saabuvad kinkekarbis. Oleme p\u00fchendunud, praktilised, uudishimulikud, rahutud ja vabad. Asutatud aastal 2014 disainer Jessica Martineze poolt, Aran Jewels juveelisari uueneb pidevalt l\u00e4bi kaasaegse ja kontseptuaalse ehtedisaini, kasutades h\u00f5bedat ja kive.","breadcrumb":{"@id":"https:\/\/www.talidesign.eu\/et\/pood\/toode\/aran-butterfly-climbers-korvarongad-hobe-925\/#breadcrumb"},"inLanguage":"et","potentialAction":[{"@type":"ReadAction","target":["https:\/\/www.talidesign.eu\/et\/pood\/toode\/aran-butterfly-climbers-korvarongad-hobe-925\/"]}]},{"@type":"ImageObject","inLanguage":"et","@id":"https:\/\/www.talidesign.eu\/et\/pood\/toode\/aran-butterfly-climbers-korvarongad-hobe-925\/#primaryimage","url":"https:\/\/www.talidesign.eu\/wp\/wp-content\/uploads\/2021\/11\/Untitled-1-1.jpg","contentUrl":"https:\/\/www.talidesign.eu\/wp\/wp-content\/uploads\/2021\/11\/Untitled-1-1.jpg","width":800,"height":800},{"@type":"BreadcrumbList","@id":"https:\/\/www.talidesign.eu\/et\/pood\/toode\/aran-butterfly-climbers-korvarongad-hobe-925\/#breadcrumb","itemListElement":[{"@type":"ListItem","position":1,"name":"Avaleht","item":"https:\/\/www.talidesign.eu\/et\/"},{"@type":"ListItem","position":2,"name":"Pood","item":"https:\/\/www.talidesign.eu\/et\/pood\/"},{"@type":"ListItem","position":3,"name":"Aran Butterfly Climbers k\u00f5rvar\u00f5ngad, h\u00f5be 925"}]},{"@type":"WebSite","@id":"https:\/\/www.talidesign.eu\/et\/#website","url":"https:\/\/www.talidesign.eu\/et\/","name":"TALI Concept Store","description":"Suurim Disainipood Eestis","potentialAction":[{"@type":"SearchAction","target":{"@type":"EntryPoint","urlTemplate":"https:\/\/www.talidesign.eu\/et\/?s={search_term_string}"},"query-input":{"@type":"PropertyValueSpecification","valueRequired":true,"valueName":"search_term_string"}}],"inLanguage":"et"}]}},"_links":{"self":[{"href":"https:\/\/www.talidesign.eu\/et\/wp-json\/wp\/v2\/product\/46518","targetHints":{"allow":["GET"]}}],"collection":[{"href":"https:\/\/www.talidesign.eu\/et\/wp-json\/wp\/v2\/product"}],"about":[{"href":"https:\/\/www.talidesign.eu\/et\/wp-json\/wp\/v2\/types\/product"}],"wp:featuredmedia":[{"embeddable":true,"href":"https:\/\/www.talidesign.eu\/et\/wp-json\/wp\/v2\/media\/46520"}],"wp:attachment":[{"href":"https:\/\/www.talidesign.eu\/et\/wp-json\/wp\/v2\/media?parent=46518"}],"wp:term":[{"taxonomy":"product_brand","embeddable":true,"href":"https:\/\/www.talidesign.eu\/et\/wp-json\/wp\/v2\/product_brand?post=46518"},{"taxonomy":"product_cat","embeddable":true,"href":"https:\/\/www.talidesign.eu\/et\/wp-json\/wp\/v2\/product_cat?post=46518"},{"taxonomy":"product_tag","embeddable":true,"href":"https:\/\/www.talidesign.eu\/et\/wp-json\/wp\/v2\/product_tag?post=46518"}],"curies":[{"name":"wp","href":"https:\/\/api.w.org\/{rel}","templated":true}]}}