{"id":49333,"date":"2022-01-10T19:57:13","date_gmt":"2022-01-10T17:57:13","guid":{"rendered":"https:\/\/www.talidesign.eu\/?post_type=product&#038;p=49333"},"modified":"2023-02-01T10:35:31","modified_gmt":"2023-02-01T08:35:31","slug":"zone-rocks-veinipudeli-kork-5-x-7-cm-must","status":"publish","type":"product","link":"https:\/\/www.talidesign.eu\/et\/pood\/toode\/zone-rocks-veinipudeli-kork-5-x-7-cm-must\/","title":{"rendered":"Zone Rocks veinipudeli kork 5 x 7 cm Must"},"content":{"rendered":"<p><strong>Rocks veinipudeli kork 5 x 7 cm Must<\/strong><\/p>\n<p>Kork on valmistatud silikoonist ja roostevabast terasest ning sobib oma lameda \u00fcmara \u00fclaosaga ka kodubaari eksklusiivsete alkoholipudelite kaunistamiseks.<\/p>\n<p>\u2022 PS\/Silikoon<br \/>\n\u2022 5x7cm<br \/>\n\u2022 <a href=\"\/et\/tootekategooria\/brandid\/zone-denmark-et\/\">Br\u00e4nd Zone Denmark<\/a><\/p>\n<p><strong>Tutvu disaineritega!<\/strong><\/p>\n<p>Mette Mavro ja Sofie Lef\u00e8vre asutasid Mavro \/\/ Lef\u00e8vre 2015. aastal. Nende koost\u00f6\u00f6 liikumapanev j\u00f5ud tuleneb nende ebatraditsioonilisest taustast muusikat\u00f6\u00f6stuses ja magistrikraadist innovatsioonidisaini alal. Uudishimu, v\u00e4simatu energia ja oskus teravalt detailidele keskenduda on v\u00f5imsad j\u00f5ud, mis s\u00fctitab disainerduo &#8211; nagu n\u00e4itab ka ROCKS.<\/p>\n<p><a href=\"https:\/\/www.talidesign.eu\/wp\/wp-content\/uploads\/2020\/03\/getimage-14.jpg\"><img loading=\"lazy\" decoding=\"async\" src=\"https:\/\/www.talidesign.eu\/wp\/wp-content\/uploads\/2020\/03\/getimage-14.jpg\" alt=\"\" width=\"1278\" height=\"953\" class=\"alignnone size-full wp-image-22840\" srcset=\"https:\/\/www.talidesign.eu\/wp\/wp-content\/uploads\/2020\/03\/getimage-14.jpg 1278w, https:\/\/www.talidesign.eu\/wp\/wp-content\/uploads\/2020\/03\/getimage-14-536x400.jpg 536w, https:\/\/www.talidesign.eu\/wp\/wp-content\/uploads\/2020\/03\/getimage-14-1073x800.jpg 1073w, https:\/\/www.talidesign.eu\/wp\/wp-content\/uploads\/2020\/03\/getimage-14-768x573.jpg 768w, https:\/\/www.talidesign.eu\/wp\/wp-content\/uploads\/2020\/03\/getimage-14-500x373.jpg 500w, https:\/\/www.talidesign.eu\/wp\/wp-content\/uploads\/2020\/03\/getimage-14-510x380.jpg 510w\" sizes=\"auto, (max-width: 1278px) 100vw, 1278px\" \/><\/a><a href=\"\/product-category\/designers\/zone-denmark\/\"><img loading=\"lazy\" decoding=\"async\" src=\"https:\/\/www.talidesign.eu\/wp\/wp-content\/uploads\/2021\/03\/logo-6.jpg\" alt=\"\" width=\"500\" height=\"100\" class=\"alignnone size-full wp-image-24694\" \/><\/a><\/p>\n","protected":false},"excerpt":{"rendered":"<p><strong>Rocks veinipudeli kork 5 x 7 cm Must<\/strong><\/p>\n<p>Kork on valmistatud silikoonist ja roostevabast terasest ning sobib oma lameda \u00fcmara \u00fclaosaga ka kodubaari eksklusiivsete alkoholipudelite kaunistamiseks.<\/p>\n<p>\u2022 PS\/Silikoon<br \/>\n\u2022 5x7cm<br \/>\n\u2022 <a href=\"\/et\/tootekategooria\/brandid\/zone-denmark-et\/\">Br\u00e4nd Zone Denmark<\/a><\/p>\n<p><strong>Tutvu disaineritega!<\/strong><\/p>\n<p>Mette Mavro ja Sofie Lef\u00e8vre asutasid Mavro \/\/ Lef\u00e8vre 2015. aastal. Nende koost\u00f6\u00f6 liikumapanev j\u00f5ud tuleneb nende ebatraditsioonilisest taustast muusikat\u00f6\u00f6stuses ja magistrikraadist innovatsioonidisaini alal. Uudishimu, v\u00e4simatu energia ja oskus teravalt detailidele keskenduda on v\u00f5imsad j\u00f5ud, mis s\u00fctitab disainerduo &#8211; nagu n\u00e4itab ka ROCKS.<\/p>\n<p><a href=\"https:\/\/www.talidesign.eu\/wp\/wp-content\/uploads\/2020\/03\/getimage-14.jpg\"><img loading=\"lazy\" decoding=\"async\" src=\"https:\/\/www.talidesign.eu\/wp\/wp-content\/uploads\/2020\/03\/getimage-14.jpg\" alt=\"\" width=\"1278\" height=\"953\" class=\"alignnone size-full wp-image-22840\" srcset=\"https:\/\/www.talidesign.eu\/wp\/wp-content\/uploads\/2020\/03\/getimage-14.jpg 1278w, https:\/\/www.talidesign.eu\/wp\/wp-content\/uploads\/2020\/03\/getimage-14-536x400.jpg 536w, https:\/\/www.talidesign.eu\/wp\/wp-content\/uploads\/2020\/03\/getimage-14-1073x800.jpg 1073w, https:\/\/www.talidesign.eu\/wp\/wp-content\/uploads\/2020\/03\/getimage-14-768x573.jpg 768w, https:\/\/www.talidesign.eu\/wp\/wp-content\/uploads\/2020\/03\/getimage-14-500x373.jpg 500w, https:\/\/www.talidesign.eu\/wp\/wp-content\/uploads\/2020\/03\/getimage-14-510x380.jpg 510w\" sizes=\"auto, (max-width: 1278px) 100vw, 1278px\" \/><\/a><a href=\"\/product-category\/designers\/zone-denmark\/\"><img loading=\"lazy\" decoding=\"async\" src=\"https:\/\/www.talidesign.eu\/wp\/wp-content\/uploads\/2021\/03\/logo-6.jpg\" alt=\"\" width=\"500\" height=\"100\" class=\"alignnone size-full wp-image-24694\" \/><\/a><\/p>\n","protected":false},"featured_media":49339,"template":"","meta":[],"product_brand":[],"product_cat":[1026,1018,1030,1095],"product_tag":[1180],"class_list":{"0":"post-49333","1":"product","2":"type-product","3":"status-publish","4":"has-post-thumbnail","6":"product_cat-brandid","7":"product_cat-kodu","8":"product_cat-kook","9":"product_cat-zone-denmark-et","10":"product_tag-zone-et","12":"first","13":"outofstock","14":"taxable","15":"shipping-taxable","16":"purchasable","17":"product-type-simple"},"yoast_head":"<!-- This site is optimized with the Yoast SEO plugin v27.3 - https:\/\/yoast.com\/product\/yoast-seo-wordpress\/ -->\n<title>Zone Rocks veinipudeli kork 5 x 7 cm Must - TALI Concept Store<\/title>\n<meta name=\"description\" content=\"Zone Rocks veinipudeli kork 5 x 7 cm Must - eksklusiivne kork, mis kaunistab alkoholipudeleid. Valmistatud silikoonist ja roostevabast terasest. Br\u00e4nd Zone Denmark. Tutvu disaineritega!\" \/>\n<meta name=\"robots\" content=\"index, follow, max-snippet:-1, max-image-preview:large, max-video-preview:-1\" \/>\n<link rel=\"canonical\" href=\"https:\/\/www.talidesign.eu\/et\/pood\/toode\/zone-rocks-veinipudeli-kork-5-x-7-cm-must\/\" \/>\n<meta property=\"og:locale\" content=\"et_EE\" \/>\n<meta property=\"og:type\" content=\"article\" \/>\n<meta property=\"og:title\" content=\"Zone Rocks veinipudeli kork 5 x 7 cm Must - TALI Concept Store\" \/>\n<meta property=\"og:description\" content=\"Zone Rocks veinipudeli kork 5 x 7 cm Must - eksklusiivne kork, mis kaunistab alkoholipudeleid. Valmistatud silikoonist ja roostevabast terasest. Br\u00e4nd Zone Denmark. Tutvu disaineritega!\" \/>\n<meta property=\"og:url\" content=\"https:\/\/www.talidesign.eu\/et\/pood\/toode\/zone-rocks-veinipudeli-kork-5-x-7-cm-must\/\" \/>\n<meta property=\"og:site_name\" content=\"TALI Concept Store\" \/>\n<meta property=\"article:publisher\" content=\"https:\/\/www.facebook.com\/TaliDisain\/\" \/>\n<meta property=\"article:modified_time\" content=\"2023-02-01T08:35:31+00:00\" \/>\n<meta property=\"og:image\" content=\"https:\/\/www.talidesign.eu\/wp\/wp-content\/uploads\/2022\/01\/zone-rocks-wine-stopper-5-x-7-cm-black.jpg\" \/>\n\t<meta property=\"og:image:width\" content=\"768\" \/>\n\t<meta property=\"og:image:height\" content=\"768\" \/>\n\t<meta property=\"og:image:type\" content=\"image\/jpeg\" \/>\n<meta name=\"twitter:card\" content=\"summary_large_image\" \/>\n<script type=\"application\/ld+json\" class=\"yoast-schema-graph\">{\"@context\":\"https:\\\/\\\/schema.org\",\"@graph\":[{\"@type\":\"WebPage\",\"@id\":\"https:\\\/\\\/www.talidesign.eu\\\/et\\\/pood\\\/toode\\\/zone-rocks-veinipudeli-kork-5-x-7-cm-must\\\/\",\"url\":\"https:\\\/\\\/www.talidesign.eu\\\/et\\\/pood\\\/toode\\\/zone-rocks-veinipudeli-kork-5-x-7-cm-must\\\/\",\"name\":\"Zone Rocks veinipudeli kork 5 x 7 cm Must - TALI Concept Store\",\"isPartOf\":{\"@id\":\"https:\\\/\\\/www.talidesign.eu\\\/et\\\/#website\"},\"primaryImageOfPage\":{\"@id\":\"https:\\\/\\\/www.talidesign.eu\\\/et\\\/pood\\\/toode\\\/zone-rocks-veinipudeli-kork-5-x-7-cm-must\\\/#primaryimage\"},\"image\":{\"@id\":\"https:\\\/\\\/www.talidesign.eu\\\/et\\\/pood\\\/toode\\\/zone-rocks-veinipudeli-kork-5-x-7-cm-must\\\/#primaryimage\"},\"thumbnailUrl\":\"https:\\\/\\\/www.talidesign.eu\\\/wp\\\/wp-content\\\/uploads\\\/2022\\\/01\\\/zone-rocks-wine-stopper-5-x-7-cm-black.jpg\",\"datePublished\":\"2022-01-10T17:57:13+00:00\",\"dateModified\":\"2023-02-01T08:35:31+00:00\",\"description\":\"Zone Rocks veinipudeli kork 5 x 7 cm Must - eksklusiivne kork, mis kaunistab alkoholipudeleid. Valmistatud silikoonist ja roostevabast terasest. Br\u00e4nd Zone Denmark. Tutvu disaineritega!\",\"breadcrumb\":{\"@id\":\"https:\\\/\\\/www.talidesign.eu\\\/et\\\/pood\\\/toode\\\/zone-rocks-veinipudeli-kork-5-x-7-cm-must\\\/#breadcrumb\"},\"inLanguage\":\"et\",\"potentialAction\":[{\"@type\":\"ReadAction\",\"target\":[\"https:\\\/\\\/www.talidesign.eu\\\/et\\\/pood\\\/toode\\\/zone-rocks-veinipudeli-kork-5-x-7-cm-must\\\/\"]}]},{\"@type\":\"ImageObject\",\"inLanguage\":\"et\",\"@id\":\"https:\\\/\\\/www.talidesign.eu\\\/et\\\/pood\\\/toode\\\/zone-rocks-veinipudeli-kork-5-x-7-cm-must\\\/#primaryimage\",\"url\":\"https:\\\/\\\/www.talidesign.eu\\\/wp\\\/wp-content\\\/uploads\\\/2022\\\/01\\\/zone-rocks-wine-stopper-5-x-7-cm-black.jpg\",\"contentUrl\":\"https:\\\/\\\/www.talidesign.eu\\\/wp\\\/wp-content\\\/uploads\\\/2022\\\/01\\\/zone-rocks-wine-stopper-5-x-7-cm-black.jpg\",\"width\":768,\"height\":768},{\"@type\":\"BreadcrumbList\",\"@id\":\"https:\\\/\\\/www.talidesign.eu\\\/et\\\/pood\\\/toode\\\/zone-rocks-veinipudeli-kork-5-x-7-cm-must\\\/#breadcrumb\",\"itemListElement\":[{\"@type\":\"ListItem\",\"position\":1,\"name\":\"Avaleht\",\"item\":\"https:\\\/\\\/www.talidesign.eu\\\/et\\\/\"},{\"@type\":\"ListItem\",\"position\":2,\"name\":\"Pood\",\"item\":\"https:\\\/\\\/www.talidesign.eu\\\/et\\\/pood\\\/\"},{\"@type\":\"ListItem\",\"position\":3,\"name\":\"Zone Rocks veinipudeli kork 5 x 7 cm Must\"}]},{\"@type\":\"WebSite\",\"@id\":\"https:\\\/\\\/www.talidesign.eu\\\/et\\\/#website\",\"url\":\"https:\\\/\\\/www.talidesign.eu\\\/et\\\/\",\"name\":\"TALI Concept Store\",\"description\":\"Suurim Disainipood Eestis\",\"potentialAction\":[{\"@type\":\"SearchAction\",\"target\":{\"@type\":\"EntryPoint\",\"urlTemplate\":\"https:\\\/\\\/www.talidesign.eu\\\/et\\\/?s={search_term_string}\"},\"query-input\":{\"@type\":\"PropertyValueSpecification\",\"valueRequired\":true,\"valueName\":\"search_term_string\"}}],\"inLanguage\":\"et\"}]}<\/script>\n<!-- \/ Yoast SEO plugin. -->","yoast_head_json":{"title":"Zone Rocks veinipudeli kork 5 x 7 cm Must - TALI Concept Store","description":"Zone Rocks veinipudeli kork 5 x 7 cm Must - eksklusiivne kork, mis kaunistab alkoholipudeleid. Valmistatud silikoonist ja roostevabast terasest. Br\u00e4nd Zone Denmark. Tutvu disaineritega!","robots":{"index":"index","follow":"follow","max-snippet":"max-snippet:-1","max-image-preview":"max-image-preview:large","max-video-preview":"max-video-preview:-1"},"canonical":"https:\/\/www.talidesign.eu\/et\/pood\/toode\/zone-rocks-veinipudeli-kork-5-x-7-cm-must\/","og_locale":"et_EE","og_type":"article","og_title":"Zone Rocks veinipudeli kork 5 x 7 cm Must - TALI Concept Store","og_description":"Zone Rocks veinipudeli kork 5 x 7 cm Must - eksklusiivne kork, mis kaunistab alkoholipudeleid. Valmistatud silikoonist ja roostevabast terasest. Br\u00e4nd Zone Denmark. Tutvu disaineritega!","og_url":"https:\/\/www.talidesign.eu\/et\/pood\/toode\/zone-rocks-veinipudeli-kork-5-x-7-cm-must\/","og_site_name":"TALI Concept Store","article_publisher":"https:\/\/www.facebook.com\/TaliDisain\/","article_modified_time":"2023-02-01T08:35:31+00:00","og_image":[{"width":768,"height":768,"url":"https:\/\/www.talidesign.eu\/wp\/wp-content\/uploads\/2022\/01\/zone-rocks-wine-stopper-5-x-7-cm-black.jpg","type":"image\/jpeg"}],"twitter_card":"summary_large_image","schema":{"@context":"https:\/\/schema.org","@graph":[{"@type":"WebPage","@id":"https:\/\/www.talidesign.eu\/et\/pood\/toode\/zone-rocks-veinipudeli-kork-5-x-7-cm-must\/","url":"https:\/\/www.talidesign.eu\/et\/pood\/toode\/zone-rocks-veinipudeli-kork-5-x-7-cm-must\/","name":"Zone Rocks veinipudeli kork 5 x 7 cm Must - TALI Concept Store","isPartOf":{"@id":"https:\/\/www.talidesign.eu\/et\/#website"},"primaryImageOfPage":{"@id":"https:\/\/www.talidesign.eu\/et\/pood\/toode\/zone-rocks-veinipudeli-kork-5-x-7-cm-must\/#primaryimage"},"image":{"@id":"https:\/\/www.talidesign.eu\/et\/pood\/toode\/zone-rocks-veinipudeli-kork-5-x-7-cm-must\/#primaryimage"},"thumbnailUrl":"https:\/\/www.talidesign.eu\/wp\/wp-content\/uploads\/2022\/01\/zone-rocks-wine-stopper-5-x-7-cm-black.jpg","datePublished":"2022-01-10T17:57:13+00:00","dateModified":"2023-02-01T08:35:31+00:00","description":"Zone Rocks veinipudeli kork 5 x 7 cm Must - eksklusiivne kork, mis kaunistab alkoholipudeleid. Valmistatud silikoonist ja roostevabast terasest. Br\u00e4nd Zone Denmark. Tutvu disaineritega!","breadcrumb":{"@id":"https:\/\/www.talidesign.eu\/et\/pood\/toode\/zone-rocks-veinipudeli-kork-5-x-7-cm-must\/#breadcrumb"},"inLanguage":"et","potentialAction":[{"@type":"ReadAction","target":["https:\/\/www.talidesign.eu\/et\/pood\/toode\/zone-rocks-veinipudeli-kork-5-x-7-cm-must\/"]}]},{"@type":"ImageObject","inLanguage":"et","@id":"https:\/\/www.talidesign.eu\/et\/pood\/toode\/zone-rocks-veinipudeli-kork-5-x-7-cm-must\/#primaryimage","url":"https:\/\/www.talidesign.eu\/wp\/wp-content\/uploads\/2022\/01\/zone-rocks-wine-stopper-5-x-7-cm-black.jpg","contentUrl":"https:\/\/www.talidesign.eu\/wp\/wp-content\/uploads\/2022\/01\/zone-rocks-wine-stopper-5-x-7-cm-black.jpg","width":768,"height":768},{"@type":"BreadcrumbList","@id":"https:\/\/www.talidesign.eu\/et\/pood\/toode\/zone-rocks-veinipudeli-kork-5-x-7-cm-must\/#breadcrumb","itemListElement":[{"@type":"ListItem","position":1,"name":"Avaleht","item":"https:\/\/www.talidesign.eu\/et\/"},{"@type":"ListItem","position":2,"name":"Pood","item":"https:\/\/www.talidesign.eu\/et\/pood\/"},{"@type":"ListItem","position":3,"name":"Zone Rocks veinipudeli kork 5 x 7 cm Must"}]},{"@type":"WebSite","@id":"https:\/\/www.talidesign.eu\/et\/#website","url":"https:\/\/www.talidesign.eu\/et\/","name":"TALI Concept Store","description":"Suurim Disainipood Eestis","potentialAction":[{"@type":"SearchAction","target":{"@type":"EntryPoint","urlTemplate":"https:\/\/www.talidesign.eu\/et\/?s={search_term_string}"},"query-input":{"@type":"PropertyValueSpecification","valueRequired":true,"valueName":"search_term_string"}}],"inLanguage":"et"}]}},"_links":{"self":[{"href":"https:\/\/www.talidesign.eu\/et\/wp-json\/wp\/v2\/product\/49333","targetHints":{"allow":["GET"]}}],"collection":[{"href":"https:\/\/www.talidesign.eu\/et\/wp-json\/wp\/v2\/product"}],"about":[{"href":"https:\/\/www.talidesign.eu\/et\/wp-json\/wp\/v2\/types\/product"}],"wp:featuredmedia":[{"embeddable":true,"href":"https:\/\/www.talidesign.eu\/et\/wp-json\/wp\/v2\/media\/49339"}],"wp:attachment":[{"href":"https:\/\/www.talidesign.eu\/et\/wp-json\/wp\/v2\/media?parent=49333"}],"wp:term":[{"taxonomy":"product_brand","embeddable":true,"href":"https:\/\/www.talidesign.eu\/et\/wp-json\/wp\/v2\/product_brand?post=49333"},{"taxonomy":"product_cat","embeddable":true,"href":"https:\/\/www.talidesign.eu\/et\/wp-json\/wp\/v2\/product_cat?post=49333"},{"taxonomy":"product_tag","embeddable":true,"href":"https:\/\/www.talidesign.eu\/et\/wp-json\/wp\/v2\/product_tag?post=49333"}],"curies":[{"name":"wp","href":"https:\/\/api.w.org\/{rel}","templated":true}]}}