{"id":49431,"date":"2022-01-12T18:47:50","date_gmt":"2022-01-12T16:47:50","guid":{"rendered":"https:\/\/www.talidesign.eu\/?post_type=product&#038;p=49431"},"modified":"2023-01-23T11:59:20","modified_gmt":"2023-01-23T09:59:20","slug":"rento-kehahari","status":"publish","type":"product","link":"https:\/\/www.talidesign.eu\/et\/pood\/toode\/rento-kehahari\/","title":{"rendered":"Rento Kehahari"},"content":{"rendered":"<p><strong>Rento Kehahari<\/strong><\/p>\n<p>H\u00f5\u00f5ruge oma nahk selle kergelt abrasiivse harja ja oma lemmikseebiga puhtaks. Naha harjamine stimuleerib vereringet kogu kehas! Kehaharja saab kasutada kuivharjamisel enne du\u0161i all k\u00e4imist. Bambus\u00f5liga t\u00f6\u00f6deldud pind ja \u00fcmar kuju muudavad selle kasutamise v\u00e4ga mugavaks.<\/p>\n<p>\u2022 95 \u00d7 95 cm<br \/>\n\u2022 <a href=\"\/et\/tootekategooria\/brandid\/rento-et\/\">Br\u00e4nd Rento<\/a><\/p>\n<p><strong>Meist<\/strong><\/p>\n<p>Rento on juba k\u00fcmmekond aastat olnud suur osa Soome saunakogemusest.<\/p>\n<p>Kogu meie tootevalik on sildiga \u2018<strong>Disain Soomest<\/strong>\u2019 ning enamikul toodetel on V\u00f5tmelipu s\u00fcmbol, mis n\u00e4itab tootmist Soomes.<\/p>\n<p><a href=\"\/et\/tootekategooria\/brandid\/rento-et\/\"><img loading=\"lazy\" decoding=\"async\" src=\"https:\/\/www.talidesign.eu\/wp\/wp-content\/uploads\/2021\/08\/rento.jpg\" alt=\"\" width=\"500\" height=\"100\" class=\"alignnone size-full wp-image-33287\" \/><\/a><\/p>\n","protected":false},"excerpt":{"rendered":"<p><strong>Rento Kehahari<\/strong><\/p>\n<p>H\u00f5\u00f5ruge oma nahk selle kergelt abrasiivse harja ja oma lemmikseebiga puhtaks. Naha harjamine stimuleerib vereringet kogu kehas! Kehaharja saab kasutada kuivharjamisel enne du\u0161i all k\u00e4imist. Bambus\u00f5liga t\u00f6\u00f6deldud pind ja \u00fcmar kuju muudavad selle kasutamise v\u00e4ga mugavaks.<\/p>\n<p>\u2022 95 \u00d7 95 cm<br \/>\n\u2022 <a href=\"\/et\/tootekategooria\/brandid\/rento-et\/\">Br\u00e4nd Rento<\/a><\/p>\n<p><strong>Meist<\/strong><\/p>\n<p>Rento on juba k\u00fcmmekond aastat olnud suur osa Soome saunakogemusest.<\/p>\n<p>Kogu meie tootevalik on sildiga \u2018<strong>Disain Soomest<\/strong>\u2019 ning enamikul toodetel on V\u00f5tmelipu s\u00fcmbol, mis n\u00e4itab tootmist Soomes.<\/p>\n<p><a href=\"\/et\/tootekategooria\/brandid\/rento-et\/\"><img loading=\"lazy\" decoding=\"async\" src=\"https:\/\/www.talidesign.eu\/wp\/wp-content\/uploads\/2021\/08\/rento.jpg\" alt=\"\" width=\"500\" height=\"100\" class=\"alignnone size-full wp-image-33287\" \/><\/a><\/p>\n","protected":false},"featured_media":49436,"template":"","meta":[],"product_brand":[],"product_cat":[16],"product_tag":[],"class_list":{"0":"post-49431","1":"product","2":"type-product","3":"status-publish","4":"has-post-thumbnail","6":"product_cat-uncategorized","8":"first","9":"outofstock","10":"taxable","11":"shipping-taxable","12":"purchasable","13":"product-type-simple"},"yoast_head":"<!-- This site is optimized with the Yoast SEO plugin v27.4 - https:\/\/yoast.com\/product\/yoast-seo-wordpress\/ -->\n<title>Rento Kehahari - TALI Concept Store<\/title>\n<meta name=\"description\" content=\"Avasta Rento Kehahari - kergelt abrasiivne harja, mis stimuleerib vereringet ja muudab naha puhtaks ning siledaks. Tutvu l\u00e4hemalt!\" \/>\n<meta name=\"robots\" content=\"index, follow, max-snippet:-1, max-image-preview:large, max-video-preview:-1\" \/>\n<link rel=\"canonical\" href=\"https:\/\/www.talidesign.eu\/et\/pood\/toode\/rento-kehahari\/\" \/>\n<meta property=\"og:locale\" content=\"et_EE\" \/>\n<meta property=\"og:type\" content=\"article\" \/>\n<meta property=\"og:title\" content=\"Rento Kehahari - TALI Concept Store\" \/>\n<meta property=\"og:description\" content=\"Avasta Rento Kehahari - kergelt abrasiivne harja, mis stimuleerib vereringet ja muudab naha puhtaks ning siledaks. Tutvu l\u00e4hemalt!\" \/>\n<meta property=\"og:url\" content=\"https:\/\/www.talidesign.eu\/et\/pood\/toode\/rento-kehahari\/\" \/>\n<meta property=\"og:site_name\" content=\"TALI Concept Store\" \/>\n<meta property=\"article:publisher\" content=\"https:\/\/www.facebook.com\/TaliDisain\/\" \/>\n<meta property=\"article:modified_time\" content=\"2023-01-23T09:59:20+00:00\" \/>\n<meta property=\"og:image\" content=\"https:\/\/www.talidesign.eu\/wp\/wp-content\/uploads\/2022\/01\/rento-body-brush.jpg\" \/>\n\t<meta property=\"og:image:width\" content=\"1450\" \/>\n\t<meta property=\"og:image:height\" content=\"1450\" \/>\n\t<meta property=\"og:image:type\" content=\"image\/jpeg\" \/>\n<meta name=\"twitter:card\" content=\"summary_large_image\" \/>\n<script type=\"application\/ld+json\" class=\"yoast-schema-graph\">{\"@context\":\"https:\\\/\\\/schema.org\",\"@graph\":[{\"@type\":\"WebPage\",\"@id\":\"https:\\\/\\\/www.talidesign.eu\\\/et\\\/pood\\\/toode\\\/rento-kehahari\\\/\",\"url\":\"https:\\\/\\\/www.talidesign.eu\\\/et\\\/pood\\\/toode\\\/rento-kehahari\\\/\",\"name\":\"Rento Kehahari - TALI Concept Store\",\"isPartOf\":{\"@id\":\"https:\\\/\\\/www.talidesign.eu\\\/et\\\/#website\"},\"primaryImageOfPage\":{\"@id\":\"https:\\\/\\\/www.talidesign.eu\\\/et\\\/pood\\\/toode\\\/rento-kehahari\\\/#primaryimage\"},\"image\":{\"@id\":\"https:\\\/\\\/www.talidesign.eu\\\/et\\\/pood\\\/toode\\\/rento-kehahari\\\/#primaryimage\"},\"thumbnailUrl\":\"https:\\\/\\\/www.talidesign.eu\\\/wp\\\/wp-content\\\/uploads\\\/2022\\\/01\\\/rento-body-brush.jpg\",\"datePublished\":\"2022-01-12T16:47:50+00:00\",\"dateModified\":\"2023-01-23T09:59:20+00:00\",\"description\":\"Avasta Rento Kehahari - kergelt abrasiivne harja, mis stimuleerib vereringet ja muudab naha puhtaks ning siledaks. Tutvu l\u00e4hemalt!\",\"breadcrumb\":{\"@id\":\"https:\\\/\\\/www.talidesign.eu\\\/et\\\/pood\\\/toode\\\/rento-kehahari\\\/#breadcrumb\"},\"inLanguage\":\"et\",\"potentialAction\":[{\"@type\":\"ReadAction\",\"target\":[\"https:\\\/\\\/www.talidesign.eu\\\/et\\\/pood\\\/toode\\\/rento-kehahari\\\/\"]}]},{\"@type\":\"ImageObject\",\"inLanguage\":\"et\",\"@id\":\"https:\\\/\\\/www.talidesign.eu\\\/et\\\/pood\\\/toode\\\/rento-kehahari\\\/#primaryimage\",\"url\":\"https:\\\/\\\/www.talidesign.eu\\\/wp\\\/wp-content\\\/uploads\\\/2022\\\/01\\\/rento-body-brush.jpg\",\"contentUrl\":\"https:\\\/\\\/www.talidesign.eu\\\/wp\\\/wp-content\\\/uploads\\\/2022\\\/01\\\/rento-body-brush.jpg\",\"width\":1450,\"height\":1450},{\"@type\":\"BreadcrumbList\",\"@id\":\"https:\\\/\\\/www.talidesign.eu\\\/et\\\/pood\\\/toode\\\/rento-kehahari\\\/#breadcrumb\",\"itemListElement\":[{\"@type\":\"ListItem\",\"position\":1,\"name\":\"Avaleht\",\"item\":\"https:\\\/\\\/www.talidesign.eu\\\/et\\\/\"},{\"@type\":\"ListItem\",\"position\":2,\"name\":\"Pood\",\"item\":\"https:\\\/\\\/www.talidesign.eu\\\/et\\\/pood\\\/\"},{\"@type\":\"ListItem\",\"position\":3,\"name\":\"Rento Kehahari\"}]},{\"@type\":\"WebSite\",\"@id\":\"https:\\\/\\\/www.talidesign.eu\\\/et\\\/#website\",\"url\":\"https:\\\/\\\/www.talidesign.eu\\\/et\\\/\",\"name\":\"TALI Concept Store\",\"description\":\"Suurim Disainipood Eestis\",\"potentialAction\":[{\"@type\":\"SearchAction\",\"target\":{\"@type\":\"EntryPoint\",\"urlTemplate\":\"https:\\\/\\\/www.talidesign.eu\\\/et\\\/?s={search_term_string}\"},\"query-input\":{\"@type\":\"PropertyValueSpecification\",\"valueRequired\":true,\"valueName\":\"search_term_string\"}}],\"inLanguage\":\"et\"}]}<\/script>\n<!-- \/ Yoast SEO plugin. -->","yoast_head_json":{"title":"Rento Kehahari - TALI Concept Store","description":"Avasta Rento Kehahari - kergelt abrasiivne harja, mis stimuleerib vereringet ja muudab naha puhtaks ning siledaks. Tutvu l\u00e4hemalt!","robots":{"index":"index","follow":"follow","max-snippet":"max-snippet:-1","max-image-preview":"max-image-preview:large","max-video-preview":"max-video-preview:-1"},"canonical":"https:\/\/www.talidesign.eu\/et\/pood\/toode\/rento-kehahari\/","og_locale":"et_EE","og_type":"article","og_title":"Rento Kehahari - TALI Concept Store","og_description":"Avasta Rento Kehahari - kergelt abrasiivne harja, mis stimuleerib vereringet ja muudab naha puhtaks ning siledaks. Tutvu l\u00e4hemalt!","og_url":"https:\/\/www.talidesign.eu\/et\/pood\/toode\/rento-kehahari\/","og_site_name":"TALI Concept Store","article_publisher":"https:\/\/www.facebook.com\/TaliDisain\/","article_modified_time":"2023-01-23T09:59:20+00:00","og_image":[{"width":1450,"height":1450,"url":"https:\/\/www.talidesign.eu\/wp\/wp-content\/uploads\/2022\/01\/rento-body-brush.jpg","type":"image\/jpeg"}],"twitter_card":"summary_large_image","schema":{"@context":"https:\/\/schema.org","@graph":[{"@type":"WebPage","@id":"https:\/\/www.talidesign.eu\/et\/pood\/toode\/rento-kehahari\/","url":"https:\/\/www.talidesign.eu\/et\/pood\/toode\/rento-kehahari\/","name":"Rento Kehahari - TALI Concept Store","isPartOf":{"@id":"https:\/\/www.talidesign.eu\/et\/#website"},"primaryImageOfPage":{"@id":"https:\/\/www.talidesign.eu\/et\/pood\/toode\/rento-kehahari\/#primaryimage"},"image":{"@id":"https:\/\/www.talidesign.eu\/et\/pood\/toode\/rento-kehahari\/#primaryimage"},"thumbnailUrl":"https:\/\/www.talidesign.eu\/wp\/wp-content\/uploads\/2022\/01\/rento-body-brush.jpg","datePublished":"2022-01-12T16:47:50+00:00","dateModified":"2023-01-23T09:59:20+00:00","description":"Avasta Rento Kehahari - kergelt abrasiivne harja, mis stimuleerib vereringet ja muudab naha puhtaks ning siledaks. Tutvu l\u00e4hemalt!","breadcrumb":{"@id":"https:\/\/www.talidesign.eu\/et\/pood\/toode\/rento-kehahari\/#breadcrumb"},"inLanguage":"et","potentialAction":[{"@type":"ReadAction","target":["https:\/\/www.talidesign.eu\/et\/pood\/toode\/rento-kehahari\/"]}]},{"@type":"ImageObject","inLanguage":"et","@id":"https:\/\/www.talidesign.eu\/et\/pood\/toode\/rento-kehahari\/#primaryimage","url":"https:\/\/www.talidesign.eu\/wp\/wp-content\/uploads\/2022\/01\/rento-body-brush.jpg","contentUrl":"https:\/\/www.talidesign.eu\/wp\/wp-content\/uploads\/2022\/01\/rento-body-brush.jpg","width":1450,"height":1450},{"@type":"BreadcrumbList","@id":"https:\/\/www.talidesign.eu\/et\/pood\/toode\/rento-kehahari\/#breadcrumb","itemListElement":[{"@type":"ListItem","position":1,"name":"Avaleht","item":"https:\/\/www.talidesign.eu\/et\/"},{"@type":"ListItem","position":2,"name":"Pood","item":"https:\/\/www.talidesign.eu\/et\/pood\/"},{"@type":"ListItem","position":3,"name":"Rento Kehahari"}]},{"@type":"WebSite","@id":"https:\/\/www.talidesign.eu\/et\/#website","url":"https:\/\/www.talidesign.eu\/et\/","name":"TALI Concept Store","description":"Suurim Disainipood Eestis","potentialAction":[{"@type":"SearchAction","target":{"@type":"EntryPoint","urlTemplate":"https:\/\/www.talidesign.eu\/et\/?s={search_term_string}"},"query-input":{"@type":"PropertyValueSpecification","valueRequired":true,"valueName":"search_term_string"}}],"inLanguage":"et"}]}},"_links":{"self":[{"href":"https:\/\/www.talidesign.eu\/et\/wp-json\/wp\/v2\/product\/49431","targetHints":{"allow":["GET"]}}],"collection":[{"href":"https:\/\/www.talidesign.eu\/et\/wp-json\/wp\/v2\/product"}],"about":[{"href":"https:\/\/www.talidesign.eu\/et\/wp-json\/wp\/v2\/types\/product"}],"wp:featuredmedia":[{"embeddable":true,"href":"https:\/\/www.talidesign.eu\/et\/wp-json\/wp\/v2\/media\/49436"}],"wp:attachment":[{"href":"https:\/\/www.talidesign.eu\/et\/wp-json\/wp\/v2\/media?parent=49431"}],"wp:term":[{"taxonomy":"product_brand","embeddable":true,"href":"https:\/\/www.talidesign.eu\/et\/wp-json\/wp\/v2\/product_brand?post=49431"},{"taxonomy":"product_cat","embeddable":true,"href":"https:\/\/www.talidesign.eu\/et\/wp-json\/wp\/v2\/product_cat?post=49431"},{"taxonomy":"product_tag","embeddable":true,"href":"https:\/\/www.talidesign.eu\/et\/wp-json\/wp\/v2\/product_tag?post=49431"}],"curies":[{"name":"wp","href":"https:\/\/api.w.org\/{rel}","templated":true}]}}