{"id":49491,"date":"2022-01-12T21:59:50","date_gmt":"2022-01-12T19:59:50","guid":{"rendered":"https:\/\/www.talidesign.eu\/shop\/product\/rento-kenno-bath-robe\/"},"modified":"2023-02-26T17:33:23","modified_gmt":"2023-02-26T15:33:23","slug":"rento-kenno-hommikumantel","status":"publish","type":"product","link":"https:\/\/www.talidesign.eu\/et\/pood\/toode\/rento-kenno-hommikumantel\/","title":{"rendered":"Rento Kenno hommikumantel"},"content":{"rendered":"<p><strong>Rento Kenno hommikumantel<\/strong><\/p>\n<p>Mugav chambray \u00e4\u00e4riste ja v\u00f6\u00f6ga hommikumantel. Kenno saunatekstiilid on valmistatud taaskasutatud puuvillast, andes kangale loomuliku pehmuse ja s\u00e4rtsaka tekstuuri.<\/p>\n<p>\u2022 75% puuvill, 25% pol\u00fcester.<br \/>\n\u2022 Enne kasutamist pesta. Peske eraldi. Kokkut\u00f5mbumine 5%. \u00d5rn ts\u00fckkel 40 \u00b0C. Triikige keskmisel kuumusel. Ei trummelkuivatust.<br \/>\n\u2022 \u00c4rge kasutage keemilist puhastust.<br \/>\n\u2022 <a href=\"\/et\/tootekategooria\/brandid\/rento-et\/\">Br\u00e4nd Rento<\/a><\/p>\n<p><strong>Meist<\/strong><\/p>\n<p>Rento on juba k\u00fcmmekond aastat olnud suur osa Soome saunakogemusest.<\/p>\n<p>Kogu meie tootevalik on sildiga \u2018<strong>Disain Soomest<\/strong>\u2019 ning enamikul toodetel on V\u00f5tmelipu s\u00fcmbol, mis n\u00e4itab tootmist Soomes.<\/p>\n<p><a href=\"\/et\/tootekategooria\/brandid\/rento-et\/\"><img loading=\"lazy\" decoding=\"async\" src=\"https:\/\/www.talidesign.eu\/wp\/wp-content\/uploads\/2021\/08\/rento.jpg\" alt=\"\" width=\"500\" height=\"100\" class=\"alignnone size-full wp-image-33287\" \/><\/a><\/p>\n","protected":false},"excerpt":{"rendered":"<p><strong>Rento Kenno hommikumantel<\/strong><\/p>\n<p>Mugav chambray \u00e4\u00e4riste ja v\u00f6\u00f6ga hommikumantel. Kenno saunatekstiilid on valmistatud taaskasutatud puuvillast, andes kangale loomuliku pehmuse ja s\u00e4rtsaka tekstuuri.<\/p>\n<p>\u2022 75% puuvill, 25% pol\u00fcester.<br \/>\n\u2022 Enne kasutamist pesta. Peske eraldi. Kokkut\u00f5mbumine 5%. \u00d5rn ts\u00fckkel 40 \u00b0C. Triikige keskmisel kuumusel. Ei trummelkuivatust.<br \/>\n\u2022 \u00c4rge kasutage keemilist puhastust.<br \/>\n\u2022 <a href=\"\/et\/tootekategooria\/brandid\/rento-et\/\">Br\u00e4nd Rento<\/a><\/p>\n<p><strong>Meist<\/strong><\/p>\n<p>Rento on juba k\u00fcmmekond aastat olnud suur osa Soome saunakogemusest.<\/p>\n<p>Kogu meie tootevalik on sildiga \u2018<strong>Disain Soomest<\/strong>\u2019 ning enamikul toodetel on V\u00f5tmelipu s\u00fcmbol, mis n\u00e4itab tootmist Soomes.<\/p>\n<p><a href=\"\/et\/tootekategooria\/brandid\/rento-et\/\"><img loading=\"lazy\" decoding=\"async\" src=\"https:\/\/www.talidesign.eu\/wp\/wp-content\/uploads\/2021\/08\/rento.jpg\" alt=\"\" width=\"500\" height=\"100\" class=\"alignnone size-full wp-image-33287\" \/><\/a><\/p>\n","protected":false},"featured_media":49482,"template":"","meta":[],"product_brand":[],"product_cat":[16],"product_tag":[],"class_list":{"0":"post-49491","1":"product","2":"type-product","3":"status-publish","4":"has-post-thumbnail","6":"product_cat-uncategorized","8":"first","9":"outofstock","10":"taxable","11":"shipping-taxable","12":"product-type-variable"},"yoast_head":"<!-- This site is optimized with the Yoast SEO plugin v27.4 - https:\/\/yoast.com\/product\/yoast-seo-wordpress\/ -->\n<title>Rento Kenno hommikumantel - TALI Concept Store<\/title>\n<meta name=\"description\" content=\"Avasta Rento Kenno hommikumantel - mugav ja stiilne saunatekstiil. Valmistatud taaskasutatud puuvillast, pakkudes loomulikku pehmust ja s\u00e4rtsakat tekstuuri.\" \/>\n<meta name=\"robots\" content=\"index, follow, max-snippet:-1, max-image-preview:large, max-video-preview:-1\" \/>\n<link rel=\"canonical\" href=\"https:\/\/www.talidesign.eu\/et\/pood\/toode\/rento-kenno-hommikumantel\/\" \/>\n<meta property=\"og:locale\" content=\"et_EE\" \/>\n<meta property=\"og:type\" content=\"article\" \/>\n<meta property=\"og:title\" content=\"Rento Kenno hommikumantel - TALI Concept Store\" \/>\n<meta property=\"og:description\" content=\"Avasta Rento Kenno hommikumantel - mugav ja stiilne saunatekstiil. Valmistatud taaskasutatud puuvillast, pakkudes loomulikku pehmust ja s\u00e4rtsakat tekstuuri.\" \/>\n<meta property=\"og:url\" content=\"https:\/\/www.talidesign.eu\/et\/pood\/toode\/rento-kenno-hommikumantel\/\" \/>\n<meta property=\"og:site_name\" content=\"TALI Concept Store\" \/>\n<meta property=\"article:publisher\" content=\"https:\/\/www.facebook.com\/TaliDisain\/\" \/>\n<meta property=\"article:modified_time\" content=\"2023-02-26T15:33:23+00:00\" \/>\n<meta property=\"og:image\" content=\"https:\/\/www.talidesign.eu\/wp\/wp-content\/uploads\/2022\/01\/323521-1.jpg\" \/>\n\t<meta property=\"og:image:width\" content=\"768\" \/>\n\t<meta property=\"og:image:height\" content=\"768\" \/>\n\t<meta property=\"og:image:type\" content=\"image\/jpeg\" \/>\n<meta name=\"twitter:card\" content=\"summary_large_image\" \/>\n<script type=\"application\/ld+json\" class=\"yoast-schema-graph\">{\"@context\":\"https:\\\/\\\/schema.org\",\"@graph\":[{\"@type\":\"WebPage\",\"@id\":\"https:\\\/\\\/www.talidesign.eu\\\/et\\\/pood\\\/toode\\\/rento-kenno-hommikumantel\\\/\",\"url\":\"https:\\\/\\\/www.talidesign.eu\\\/et\\\/pood\\\/toode\\\/rento-kenno-hommikumantel\\\/\",\"name\":\"Rento Kenno hommikumantel - TALI Concept Store\",\"isPartOf\":{\"@id\":\"https:\\\/\\\/www.talidesign.eu\\\/et\\\/#website\"},\"primaryImageOfPage\":{\"@id\":\"https:\\\/\\\/www.talidesign.eu\\\/et\\\/pood\\\/toode\\\/rento-kenno-hommikumantel\\\/#primaryimage\"},\"image\":{\"@id\":\"https:\\\/\\\/www.talidesign.eu\\\/et\\\/pood\\\/toode\\\/rento-kenno-hommikumantel\\\/#primaryimage\"},\"thumbnailUrl\":\"https:\\\/\\\/www.talidesign.eu\\\/wp\\\/wp-content\\\/uploads\\\/2022\\\/01\\\/323521-1.jpg\",\"datePublished\":\"2022-01-12T19:59:50+00:00\",\"dateModified\":\"2023-02-26T15:33:23+00:00\",\"description\":\"Avasta Rento Kenno hommikumantel - mugav ja stiilne saunatekstiil. Valmistatud taaskasutatud puuvillast, pakkudes loomulikku pehmust ja s\u00e4rtsakat tekstuuri.\",\"breadcrumb\":{\"@id\":\"https:\\\/\\\/www.talidesign.eu\\\/et\\\/pood\\\/toode\\\/rento-kenno-hommikumantel\\\/#breadcrumb\"},\"inLanguage\":\"et\",\"potentialAction\":[{\"@type\":\"ReadAction\",\"target\":[\"https:\\\/\\\/www.talidesign.eu\\\/et\\\/pood\\\/toode\\\/rento-kenno-hommikumantel\\\/\"]}]},{\"@type\":\"ImageObject\",\"inLanguage\":\"et\",\"@id\":\"https:\\\/\\\/www.talidesign.eu\\\/et\\\/pood\\\/toode\\\/rento-kenno-hommikumantel\\\/#primaryimage\",\"url\":\"https:\\\/\\\/www.talidesign.eu\\\/wp\\\/wp-content\\\/uploads\\\/2022\\\/01\\\/323521-1.jpg\",\"contentUrl\":\"https:\\\/\\\/www.talidesign.eu\\\/wp\\\/wp-content\\\/uploads\\\/2022\\\/01\\\/323521-1.jpg\",\"width\":768,\"height\":768},{\"@type\":\"BreadcrumbList\",\"@id\":\"https:\\\/\\\/www.talidesign.eu\\\/et\\\/pood\\\/toode\\\/rento-kenno-hommikumantel\\\/#breadcrumb\",\"itemListElement\":[{\"@type\":\"ListItem\",\"position\":1,\"name\":\"Avaleht\",\"item\":\"https:\\\/\\\/www.talidesign.eu\\\/et\\\/\"},{\"@type\":\"ListItem\",\"position\":2,\"name\":\"Pood\",\"item\":\"https:\\\/\\\/www.talidesign.eu\\\/et\\\/pood\\\/\"},{\"@type\":\"ListItem\",\"position\":3,\"name\":\"Rento Kenno hommikumantel\"}]},{\"@type\":\"WebSite\",\"@id\":\"https:\\\/\\\/www.talidesign.eu\\\/et\\\/#website\",\"url\":\"https:\\\/\\\/www.talidesign.eu\\\/et\\\/\",\"name\":\"TALI Concept Store\",\"description\":\"Suurim Disainipood Eestis\",\"potentialAction\":[{\"@type\":\"SearchAction\",\"target\":{\"@type\":\"EntryPoint\",\"urlTemplate\":\"https:\\\/\\\/www.talidesign.eu\\\/et\\\/?s={search_term_string}\"},\"query-input\":{\"@type\":\"PropertyValueSpecification\",\"valueRequired\":true,\"valueName\":\"search_term_string\"}}],\"inLanguage\":\"et\"}]}<\/script>\n<!-- \/ Yoast SEO plugin. -->","yoast_head_json":{"title":"Rento Kenno hommikumantel - TALI Concept Store","description":"Avasta Rento Kenno hommikumantel - mugav ja stiilne saunatekstiil. Valmistatud taaskasutatud puuvillast, pakkudes loomulikku pehmust ja s\u00e4rtsakat tekstuuri.","robots":{"index":"index","follow":"follow","max-snippet":"max-snippet:-1","max-image-preview":"max-image-preview:large","max-video-preview":"max-video-preview:-1"},"canonical":"https:\/\/www.talidesign.eu\/et\/pood\/toode\/rento-kenno-hommikumantel\/","og_locale":"et_EE","og_type":"article","og_title":"Rento Kenno hommikumantel - TALI Concept Store","og_description":"Avasta Rento Kenno hommikumantel - mugav ja stiilne saunatekstiil. Valmistatud taaskasutatud puuvillast, pakkudes loomulikku pehmust ja s\u00e4rtsakat tekstuuri.","og_url":"https:\/\/www.talidesign.eu\/et\/pood\/toode\/rento-kenno-hommikumantel\/","og_site_name":"TALI Concept Store","article_publisher":"https:\/\/www.facebook.com\/TaliDisain\/","article_modified_time":"2023-02-26T15:33:23+00:00","og_image":[{"width":768,"height":768,"url":"https:\/\/www.talidesign.eu\/wp\/wp-content\/uploads\/2022\/01\/323521-1.jpg","type":"image\/jpeg"}],"twitter_card":"summary_large_image","schema":{"@context":"https:\/\/schema.org","@graph":[{"@type":"WebPage","@id":"https:\/\/www.talidesign.eu\/et\/pood\/toode\/rento-kenno-hommikumantel\/","url":"https:\/\/www.talidesign.eu\/et\/pood\/toode\/rento-kenno-hommikumantel\/","name":"Rento Kenno hommikumantel - TALI Concept Store","isPartOf":{"@id":"https:\/\/www.talidesign.eu\/et\/#website"},"primaryImageOfPage":{"@id":"https:\/\/www.talidesign.eu\/et\/pood\/toode\/rento-kenno-hommikumantel\/#primaryimage"},"image":{"@id":"https:\/\/www.talidesign.eu\/et\/pood\/toode\/rento-kenno-hommikumantel\/#primaryimage"},"thumbnailUrl":"https:\/\/www.talidesign.eu\/wp\/wp-content\/uploads\/2022\/01\/323521-1.jpg","datePublished":"2022-01-12T19:59:50+00:00","dateModified":"2023-02-26T15:33:23+00:00","description":"Avasta Rento Kenno hommikumantel - mugav ja stiilne saunatekstiil. Valmistatud taaskasutatud puuvillast, pakkudes loomulikku pehmust ja s\u00e4rtsakat tekstuuri.","breadcrumb":{"@id":"https:\/\/www.talidesign.eu\/et\/pood\/toode\/rento-kenno-hommikumantel\/#breadcrumb"},"inLanguage":"et","potentialAction":[{"@type":"ReadAction","target":["https:\/\/www.talidesign.eu\/et\/pood\/toode\/rento-kenno-hommikumantel\/"]}]},{"@type":"ImageObject","inLanguage":"et","@id":"https:\/\/www.talidesign.eu\/et\/pood\/toode\/rento-kenno-hommikumantel\/#primaryimage","url":"https:\/\/www.talidesign.eu\/wp\/wp-content\/uploads\/2022\/01\/323521-1.jpg","contentUrl":"https:\/\/www.talidesign.eu\/wp\/wp-content\/uploads\/2022\/01\/323521-1.jpg","width":768,"height":768},{"@type":"BreadcrumbList","@id":"https:\/\/www.talidesign.eu\/et\/pood\/toode\/rento-kenno-hommikumantel\/#breadcrumb","itemListElement":[{"@type":"ListItem","position":1,"name":"Avaleht","item":"https:\/\/www.talidesign.eu\/et\/"},{"@type":"ListItem","position":2,"name":"Pood","item":"https:\/\/www.talidesign.eu\/et\/pood\/"},{"@type":"ListItem","position":3,"name":"Rento Kenno hommikumantel"}]},{"@type":"WebSite","@id":"https:\/\/www.talidesign.eu\/et\/#website","url":"https:\/\/www.talidesign.eu\/et\/","name":"TALI Concept Store","description":"Suurim Disainipood Eestis","potentialAction":[{"@type":"SearchAction","target":{"@type":"EntryPoint","urlTemplate":"https:\/\/www.talidesign.eu\/et\/?s={search_term_string}"},"query-input":{"@type":"PropertyValueSpecification","valueRequired":true,"valueName":"search_term_string"}}],"inLanguage":"et"}]}},"_links":{"self":[{"href":"https:\/\/www.talidesign.eu\/et\/wp-json\/wp\/v2\/product\/49491","targetHints":{"allow":["GET"]}}],"collection":[{"href":"https:\/\/www.talidesign.eu\/et\/wp-json\/wp\/v2\/product"}],"about":[{"href":"https:\/\/www.talidesign.eu\/et\/wp-json\/wp\/v2\/types\/product"}],"wp:featuredmedia":[{"embeddable":true,"href":"https:\/\/www.talidesign.eu\/et\/wp-json\/wp\/v2\/media\/49482"}],"wp:attachment":[{"href":"https:\/\/www.talidesign.eu\/et\/wp-json\/wp\/v2\/media?parent=49491"}],"wp:term":[{"taxonomy":"product_brand","embeddable":true,"href":"https:\/\/www.talidesign.eu\/et\/wp-json\/wp\/v2\/product_brand?post=49491"},{"taxonomy":"product_cat","embeddable":true,"href":"https:\/\/www.talidesign.eu\/et\/wp-json\/wp\/v2\/product_cat?post=49491"},{"taxonomy":"product_tag","embeddable":true,"href":"https:\/\/www.talidesign.eu\/et\/wp-json\/wp\/v2\/product_tag?post=49491"}],"curies":[{"name":"wp","href":"https:\/\/api.w.org\/{rel}","templated":true}]}}