{"id":50136,"date":"2022-01-19T00:24:04","date_gmt":"2022-01-18T22:24:04","guid":{"rendered":"https:\/\/www.talidesign.eu\/?post_type=product&#038;p=50136"},"modified":"2023-01-29T14:13:38","modified_gmt":"2023-01-29T12:13:38","slug":"firefly-helkur-silmadega-pom-pom-rose","status":"publish","type":"product","link":"https:\/\/www.talidesign.eu\/et\/pood\/toode\/firefly-helkur-silmadega-pom-pom-rose\/","title":{"rendered":"Firefly helkiv aksessuaar- silmadega Pom Pom Rose"},"content":{"rendered":"<p><strong>Helkiv aksessuaar- silmadega Pom Pom Rose<\/strong><\/p>\n<p>Lisage oma kotile l\u00f5busat s\u00e4ra meie kohevate pom pom pallidega.<\/p>\n<p>Et anda oma pom pomidele veidi s\u00e4ra, segasime l\u00f5nga helkurniidiga. Rihm on samuti valmistatud helkurmaterjalist.<\/p>\n<p>\u2022 Suurus: 5 cm<br \/>\n\u2022 Pikkus koos rihma ja konksuga: 11 cm<br \/>\n\u2022 <a href=\"https:\/\/www.talidesign.eu\/et\/tootekategooria\/firefly-reflectors-et\/\">Br\u00e4nd Firefly Reflectors<\/a><\/p>\n<p><strong>Meist<\/strong><\/p>\n<p>Lastele ja t\u00e4iskasvanutele m\u00f5eldud l\u00f5busate ja ainulaadsete helkurite loomise poolest tuntud Firefly Reflectors asutasid 2008. aastal kaks New Yorgis elavat rootslast Carin ja Katarina. Firefly helkurid on disainitud armastusega Rootsis.<\/p>\n<p>\u201eTootearenduse ja illustreerimise taustaga soovisime luua unikaalseid vormi ja disainiga helkureid.<br \/>\nTurvahelkur ei pea olema igav ja ebaatraktiivne. Vastupidi, meie arvates peaks helkur olema l\u00f5bus ja stiilne detail, mis t\u00e4iendab teie lemmikkotti v\u00f5i -riietust.<\/p>\n<p>&#8220;Ole n\u00e4htav, ole turvaline ja ole alati stiilne!&#8221;<\/p>\n<p>NB! Firefly helkivate aksessuaaride helkurmaterjal vastab EL-i turvahelkurite n\u00f5uetele, kuid unikaalse kuju t\u00f5ttu EI OMA EN13356 heakskiitu. Firefly tooted on m\u00f5eldud kinnitamiseks koti, mantli v\u00f5i muu eseme k\u00fclge standardse turvahelkuri lisana. Pange t\u00e4hele, et see helkur EI OLE m\u00f5eldud asendamaks sertifitseeritud turvahelkurit.<\/p>\n<p><a href=\"https:\/\/www.talidesign.eu\/et\/tootekategooria\/firefly-reflectors-et\/\"><img loading=\"lazy\" decoding=\"async\" src=\"https:\/\/www.talidesign.eu\/wp\/wp-content\/uploads\/2022\/01\/KCbw-533x400.jpg\" alt=\"\" width=\"533\" height=\"400\" class=\"alignnone size-medium wp-image-49883\" srcset=\"https:\/\/www.talidesign.eu\/wp\/wp-content\/uploads\/2022\/01\/KCbw-533x400.jpg 533w, https:\/\/www.talidesign.eu\/wp\/wp-content\/uploads\/2022\/01\/KCbw-1067x800.jpg 1067w, https:\/\/www.talidesign.eu\/wp\/wp-content\/uploads\/2022\/01\/KCbw-768x576.jpg 768w, https:\/\/www.talidesign.eu\/wp\/wp-content\/uploads\/2022\/01\/KCbw-1536x1152.jpg 1536w, https:\/\/www.talidesign.eu\/wp\/wp-content\/uploads\/2022\/01\/KCbw-2048x1536.jpg 2048w, https:\/\/www.talidesign.eu\/wp\/wp-content\/uploads\/2022\/01\/KCbw-500x375.jpg 500w, https:\/\/www.talidesign.eu\/wp\/wp-content\/uploads\/2022\/01\/KCbw-510x383.jpg 510w\" sizes=\"auto, (max-width: 533px) 100vw, 533px\" \/><\/a><\/p>\n","protected":false},"excerpt":{"rendered":"<p><strong>Helkur silmadega Pom Pom Rose<\/strong><\/p>\n<p>Lisage oma kotile l\u00f5busat s\u00e4ra meie kohevate pom pom pallidega.<\/p>\n<p>Et anda oma pom pomidele veidi s\u00e4ra, segasime l\u00f5nga helkurniidiga. Rihm on samuti valmistatud helkurmaterjalist.<\/p>\n<p>\u2022 Suurus: 5 cm<br \/>\n\u2022 Pikkus koos rihma ja konksuga: 11 cm<br \/>\n\u2022 <a href=\"https:\/\/www.talidesign.eu\/et\/tootekategooria\/firefly-reflectors-et\/\">Br\u00e4nd Firefly Reflectors<\/a><\/p>\n<p><strong>Meist<\/strong><\/p>\n<p>Lastele ja t\u00e4iskasvanutele m\u00f5eldud l\u00f5busate ja ainulaadsete helkurite loomise poolest tuntud Firefly Reflectors asutasid 2008. aastal kaks New Yorgis elavat rootslast Carin ja Katarina. Firefly helkurid on disainitud armastusega Rootsis.<\/p>\n<p>\u201eTootearenduse ja illustreerimise taustaga soovisime luua unikaalseid vormi ja disainiga helkureid.<br \/>\nTurvahelkur ei pea olema igav ja ebaatraktiivne. Vastupidi, meie arvates peaks helkur olema l\u00f5bus ja stiilne detail, mis t\u00e4iendab teie lemmikkotti v\u00f5i -riietust.<\/p>\n<p>&#8220;Ole n\u00e4htav, ole turvaline ja ole alati stiilne!&#8221;<\/p>\n<p>NB! Firefly helkivate aksessuaaride helkurmaterjal vastab EL-i turvahelkurite n\u00f5uetele, kuid unikaalse kuju t\u00f5ttu EI OMA EN13356 heakskiitu. Firefly tooted on m\u00f5eldud kinnitamiseks koti, mantli v\u00f5i muu eseme k\u00fclge standardse turvahelkuri lisana. Pange t\u00e4hele, et see helkur EI OLE m\u00f5eldud asendamaks sertifitseeritud turvahelkurit.<\/p>\n<p><a href=\"https:\/\/www.talidesign.eu\/et\/tootekategooria\/firefly-reflectors-et\/\"><img loading=\"lazy\" decoding=\"async\" src=\"https:\/\/www.talidesign.eu\/wp\/wp-content\/uploads\/2022\/01\/KCbw-533x400.jpg\" alt=\"\" width=\"533\" height=\"400\" class=\"alignnone size-medium wp-image-49883\" srcset=\"https:\/\/www.talidesign.eu\/wp\/wp-content\/uploads\/2022\/01\/KCbw-533x400.jpg 533w, https:\/\/www.talidesign.eu\/wp\/wp-content\/uploads\/2022\/01\/KCbw-1067x800.jpg 1067w, https:\/\/www.talidesign.eu\/wp\/wp-content\/uploads\/2022\/01\/KCbw-768x576.jpg 768w, https:\/\/www.talidesign.eu\/wp\/wp-content\/uploads\/2022\/01\/KCbw-1536x1152.jpg 1536w, https:\/\/www.talidesign.eu\/wp\/wp-content\/uploads\/2022\/01\/KCbw-2048x1536.jpg 2048w, https:\/\/www.talidesign.eu\/wp\/wp-content\/uploads\/2022\/01\/KCbw-500x375.jpg 500w, https:\/\/www.talidesign.eu\/wp\/wp-content\/uploads\/2022\/01\/KCbw-510x383.jpg 510w\" sizes=\"auto, (max-width: 533px) 100vw, 533px\" \/><\/a><\/p>\n","protected":false},"featured_media":50142,"template":"","meta":[],"product_brand":[],"product_cat":[1955,1170],"product_tag":[1959],"class_list":{"0":"post-50136","1":"product","2":"type-product","3":"status-publish","4":"has-post-thumbnail","6":"product_cat-firefly-reflectors-et","7":"product_cat-helkurid","8":"product_tag-firefly-et","10":"first","11":"outofstock","12":"taxable","13":"shipping-taxable","14":"purchasable","15":"product-type-simple"},"yoast_head":"<!-- This site is optimized with the Yoast SEO plugin v27.4 - https:\/\/yoast.com\/product\/yoast-seo-wordpress\/ -->\n<title>Firefly helkiv aksessuaar- silmadega Pom Pom Rose - TALI Concept Store<\/title>\n<meta name=\"description\" content=\"Lisage oma kotile l\u00f5busat s\u00e4ra meie helkiva aksessuaariga - silmadega Pom Pom Rose. Suurus: 5 cm. Pikkus koos rihma ja konksuga: 11 cm. Br\u00e4nd Firefly Reflectors.\" \/>\n<meta name=\"robots\" content=\"index, follow, max-snippet:-1, max-image-preview:large, max-video-preview:-1\" \/>\n<link rel=\"canonical\" href=\"https:\/\/www.talidesign.eu\/et\/pood\/toode\/firefly-helkur-silmadega-pom-pom-rose\/\" \/>\n<meta property=\"og:locale\" content=\"et_EE\" \/>\n<meta property=\"og:type\" content=\"article\" \/>\n<meta property=\"og:title\" content=\"Firefly helkiv aksessuaar- silmadega Pom Pom Rose - TALI Concept Store\" \/>\n<meta property=\"og:description\" content=\"Lisage oma kotile l\u00f5busat s\u00e4ra meie helkiva aksessuaariga - silmadega Pom Pom Rose. Suurus: 5 cm. Pikkus koos rihma ja konksuga: 11 cm. Br\u00e4nd Firefly Reflectors.\" \/>\n<meta property=\"og:url\" content=\"https:\/\/www.talidesign.eu\/et\/pood\/toode\/firefly-helkur-silmadega-pom-pom-rose\/\" \/>\n<meta property=\"og:site_name\" content=\"TALI Concept Store\" \/>\n<meta property=\"article:publisher\" content=\"https:\/\/www.facebook.com\/TaliDisain\/\" \/>\n<meta property=\"article:modified_time\" content=\"2023-01-29T12:13:38+00:00\" \/>\n<meta property=\"og:image\" content=\"https:\/\/www.talidesign.eu\/wp\/wp-content\/uploads\/2022\/01\/183417319-origpic-e480bb.jpg\" \/>\n\t<meta property=\"og:image:width\" content=\"1500\" \/>\n\t<meta property=\"og:image:height\" content=\"1500\" \/>\n\t<meta property=\"og:image:type\" content=\"image\/jpeg\" \/>\n<meta name=\"twitter:card\" content=\"summary_large_image\" \/>\n<meta name=\"twitter:label1\" content=\"Est. reading time\" \/>\n\t<meta name=\"twitter:data1\" content=\"1 minute\" \/>\n<script type=\"application\/ld+json\" class=\"yoast-schema-graph\">{\"@context\":\"https:\\\/\\\/schema.org\",\"@graph\":[{\"@type\":\"WebPage\",\"@id\":\"https:\\\/\\\/www.talidesign.eu\\\/et\\\/pood\\\/toode\\\/firefly-helkur-silmadega-pom-pom-rose\\\/\",\"url\":\"https:\\\/\\\/www.talidesign.eu\\\/et\\\/pood\\\/toode\\\/firefly-helkur-silmadega-pom-pom-rose\\\/\",\"name\":\"Firefly helkiv aksessuaar- silmadega Pom Pom Rose - TALI Concept Store\",\"isPartOf\":{\"@id\":\"https:\\\/\\\/www.talidesign.eu\\\/et\\\/#website\"},\"primaryImageOfPage\":{\"@id\":\"https:\\\/\\\/www.talidesign.eu\\\/et\\\/pood\\\/toode\\\/firefly-helkur-silmadega-pom-pom-rose\\\/#primaryimage\"},\"image\":{\"@id\":\"https:\\\/\\\/www.talidesign.eu\\\/et\\\/pood\\\/toode\\\/firefly-helkur-silmadega-pom-pom-rose\\\/#primaryimage\"},\"thumbnailUrl\":\"https:\\\/\\\/www.talidesign.eu\\\/wp\\\/wp-content\\\/uploads\\\/2022\\\/01\\\/183417319-origpic-e480bb.jpg\",\"datePublished\":\"2022-01-18T22:24:04+00:00\",\"dateModified\":\"2023-01-29T12:13:38+00:00\",\"description\":\"Lisage oma kotile l\u00f5busat s\u00e4ra meie helkiva aksessuaariga - silmadega Pom Pom Rose. Suurus: 5 cm. Pikkus koos rihma ja konksuga: 11 cm. Br\u00e4nd Firefly Reflectors.\",\"breadcrumb\":{\"@id\":\"https:\\\/\\\/www.talidesign.eu\\\/et\\\/pood\\\/toode\\\/firefly-helkur-silmadega-pom-pom-rose\\\/#breadcrumb\"},\"inLanguage\":\"et\",\"potentialAction\":[{\"@type\":\"ReadAction\",\"target\":[\"https:\\\/\\\/www.talidesign.eu\\\/et\\\/pood\\\/toode\\\/firefly-helkur-silmadega-pom-pom-rose\\\/\"]}]},{\"@type\":\"ImageObject\",\"inLanguage\":\"et\",\"@id\":\"https:\\\/\\\/www.talidesign.eu\\\/et\\\/pood\\\/toode\\\/firefly-helkur-silmadega-pom-pom-rose\\\/#primaryimage\",\"url\":\"https:\\\/\\\/www.talidesign.eu\\\/wp\\\/wp-content\\\/uploads\\\/2022\\\/01\\\/183417319-origpic-e480bb.jpg\",\"contentUrl\":\"https:\\\/\\\/www.talidesign.eu\\\/wp\\\/wp-content\\\/uploads\\\/2022\\\/01\\\/183417319-origpic-e480bb.jpg\",\"width\":1500,\"height\":1500},{\"@type\":\"BreadcrumbList\",\"@id\":\"https:\\\/\\\/www.talidesign.eu\\\/et\\\/pood\\\/toode\\\/firefly-helkur-silmadega-pom-pom-rose\\\/#breadcrumb\",\"itemListElement\":[{\"@type\":\"ListItem\",\"position\":1,\"name\":\"Avaleht\",\"item\":\"https:\\\/\\\/www.talidesign.eu\\\/et\\\/\"},{\"@type\":\"ListItem\",\"position\":2,\"name\":\"Pood\",\"item\":\"https:\\\/\\\/www.talidesign.eu\\\/et\\\/pood\\\/\"},{\"@type\":\"ListItem\",\"position\":3,\"name\":\"Firefly helkiv aksessuaar- silmadega Pom Pom Rose\"}]},{\"@type\":\"WebSite\",\"@id\":\"https:\\\/\\\/www.talidesign.eu\\\/et\\\/#website\",\"url\":\"https:\\\/\\\/www.talidesign.eu\\\/et\\\/\",\"name\":\"TALI Concept Store\",\"description\":\"Suurim Disainipood Eestis\",\"potentialAction\":[{\"@type\":\"SearchAction\",\"target\":{\"@type\":\"EntryPoint\",\"urlTemplate\":\"https:\\\/\\\/www.talidesign.eu\\\/et\\\/?s={search_term_string}\"},\"query-input\":{\"@type\":\"PropertyValueSpecification\",\"valueRequired\":true,\"valueName\":\"search_term_string\"}}],\"inLanguage\":\"et\"}]}<\/script>\n<!-- \/ Yoast SEO plugin. -->","yoast_head_json":{"title":"Firefly helkiv aksessuaar- silmadega Pom Pom Rose - TALI Concept Store","description":"Lisage oma kotile l\u00f5busat s\u00e4ra meie helkiva aksessuaariga - silmadega Pom Pom Rose. Suurus: 5 cm. Pikkus koos rihma ja konksuga: 11 cm. Br\u00e4nd Firefly Reflectors.","robots":{"index":"index","follow":"follow","max-snippet":"max-snippet:-1","max-image-preview":"max-image-preview:large","max-video-preview":"max-video-preview:-1"},"canonical":"https:\/\/www.talidesign.eu\/et\/pood\/toode\/firefly-helkur-silmadega-pom-pom-rose\/","og_locale":"et_EE","og_type":"article","og_title":"Firefly helkiv aksessuaar- silmadega Pom Pom Rose - TALI Concept Store","og_description":"Lisage oma kotile l\u00f5busat s\u00e4ra meie helkiva aksessuaariga - silmadega Pom Pom Rose. Suurus: 5 cm. Pikkus koos rihma ja konksuga: 11 cm. Br\u00e4nd Firefly Reflectors.","og_url":"https:\/\/www.talidesign.eu\/et\/pood\/toode\/firefly-helkur-silmadega-pom-pom-rose\/","og_site_name":"TALI Concept Store","article_publisher":"https:\/\/www.facebook.com\/TaliDisain\/","article_modified_time":"2023-01-29T12:13:38+00:00","og_image":[{"width":1500,"height":1500,"url":"https:\/\/www.talidesign.eu\/wp\/wp-content\/uploads\/2022\/01\/183417319-origpic-e480bb.jpg","type":"image\/jpeg"}],"twitter_card":"summary_large_image","twitter_misc":{"Est. reading time":"1 minute"},"schema":{"@context":"https:\/\/schema.org","@graph":[{"@type":"WebPage","@id":"https:\/\/www.talidesign.eu\/et\/pood\/toode\/firefly-helkur-silmadega-pom-pom-rose\/","url":"https:\/\/www.talidesign.eu\/et\/pood\/toode\/firefly-helkur-silmadega-pom-pom-rose\/","name":"Firefly helkiv aksessuaar- silmadega Pom Pom Rose - TALI Concept Store","isPartOf":{"@id":"https:\/\/www.talidesign.eu\/et\/#website"},"primaryImageOfPage":{"@id":"https:\/\/www.talidesign.eu\/et\/pood\/toode\/firefly-helkur-silmadega-pom-pom-rose\/#primaryimage"},"image":{"@id":"https:\/\/www.talidesign.eu\/et\/pood\/toode\/firefly-helkur-silmadega-pom-pom-rose\/#primaryimage"},"thumbnailUrl":"https:\/\/www.talidesign.eu\/wp\/wp-content\/uploads\/2022\/01\/183417319-origpic-e480bb.jpg","datePublished":"2022-01-18T22:24:04+00:00","dateModified":"2023-01-29T12:13:38+00:00","description":"Lisage oma kotile l\u00f5busat s\u00e4ra meie helkiva aksessuaariga - silmadega Pom Pom Rose. Suurus: 5 cm. Pikkus koos rihma ja konksuga: 11 cm. Br\u00e4nd Firefly Reflectors.","breadcrumb":{"@id":"https:\/\/www.talidesign.eu\/et\/pood\/toode\/firefly-helkur-silmadega-pom-pom-rose\/#breadcrumb"},"inLanguage":"et","potentialAction":[{"@type":"ReadAction","target":["https:\/\/www.talidesign.eu\/et\/pood\/toode\/firefly-helkur-silmadega-pom-pom-rose\/"]}]},{"@type":"ImageObject","inLanguage":"et","@id":"https:\/\/www.talidesign.eu\/et\/pood\/toode\/firefly-helkur-silmadega-pom-pom-rose\/#primaryimage","url":"https:\/\/www.talidesign.eu\/wp\/wp-content\/uploads\/2022\/01\/183417319-origpic-e480bb.jpg","contentUrl":"https:\/\/www.talidesign.eu\/wp\/wp-content\/uploads\/2022\/01\/183417319-origpic-e480bb.jpg","width":1500,"height":1500},{"@type":"BreadcrumbList","@id":"https:\/\/www.talidesign.eu\/et\/pood\/toode\/firefly-helkur-silmadega-pom-pom-rose\/#breadcrumb","itemListElement":[{"@type":"ListItem","position":1,"name":"Avaleht","item":"https:\/\/www.talidesign.eu\/et\/"},{"@type":"ListItem","position":2,"name":"Pood","item":"https:\/\/www.talidesign.eu\/et\/pood\/"},{"@type":"ListItem","position":3,"name":"Firefly helkiv aksessuaar- silmadega Pom Pom Rose"}]},{"@type":"WebSite","@id":"https:\/\/www.talidesign.eu\/et\/#website","url":"https:\/\/www.talidesign.eu\/et\/","name":"TALI Concept Store","description":"Suurim Disainipood Eestis","potentialAction":[{"@type":"SearchAction","target":{"@type":"EntryPoint","urlTemplate":"https:\/\/www.talidesign.eu\/et\/?s={search_term_string}"},"query-input":{"@type":"PropertyValueSpecification","valueRequired":true,"valueName":"search_term_string"}}],"inLanguage":"et"}]}},"_links":{"self":[{"href":"https:\/\/www.talidesign.eu\/et\/wp-json\/wp\/v2\/product\/50136","targetHints":{"allow":["GET"]}}],"collection":[{"href":"https:\/\/www.talidesign.eu\/et\/wp-json\/wp\/v2\/product"}],"about":[{"href":"https:\/\/www.talidesign.eu\/et\/wp-json\/wp\/v2\/types\/product"}],"wp:featuredmedia":[{"embeddable":true,"href":"https:\/\/www.talidesign.eu\/et\/wp-json\/wp\/v2\/media\/50142"}],"wp:attachment":[{"href":"https:\/\/www.talidesign.eu\/et\/wp-json\/wp\/v2\/media?parent=50136"}],"wp:term":[{"taxonomy":"product_brand","embeddable":true,"href":"https:\/\/www.talidesign.eu\/et\/wp-json\/wp\/v2\/product_brand?post=50136"},{"taxonomy":"product_cat","embeddable":true,"href":"https:\/\/www.talidesign.eu\/et\/wp-json\/wp\/v2\/product_cat?post=50136"},{"taxonomy":"product_tag","embeddable":true,"href":"https:\/\/www.talidesign.eu\/et\/wp-json\/wp\/v2\/product_tag?post=50136"}],"curies":[{"name":"wp","href":"https:\/\/api.w.org\/{rel}","templated":true}]}}