{"id":50201,"date":"2022-01-18T18:12:06","date_gmt":"2022-01-18T23:12:07","guid":{"rendered":"https:\/\/www.talidesign.eu\/?post_type=product&#038;p=50201"},"modified":"2025-10-31T10:14:45","modified_gmt":"2025-10-31T08:14:45","slug":"firefly-pink-cloud-jalutuskaru-helkur","status":"publish","type":"product","link":"https:\/\/www.talidesign.eu\/et\/pood\/toode\/firefly-pink-cloud-jalutuskaru-helkur\/","title":{"rendered":"Firefly Pink Cloud jalutusk\u00e4ru helkiv aksessuaar"},"content":{"rendered":"<p><strong>Pink Cloud jalutusk\u00e4ru helkiv aksessuaar<\/strong><\/p>\n<p>L\u00f5bus ja armas aksessuaar sinu vankrile.<\/p>\n<p>Turvaliseks \u00f5htuseks jalutusk\u00e4iguks kinnitage see oma jalutusk\u00e4ru k\u00fclge.<\/p>\n<p>\u2022 3M helkiv materjal (pehme plastik)<br \/>\n\u2022 9cm<br \/>\n\u2022 <a href=\"https:\/\/www.talidesign.eu\/et\/tootekategooria\/firefly-reflectors-et\/\">Br\u00e4nd Firefly Reflectors<\/a><\/p>\n<p><strong>Meist<\/strong><\/p>\n<p>Lastele ja t\u00e4iskasvanutele m\u00f5eldud l\u00f5busate ja ainulaadsete helkurite loomise poolest tuntud Firefly Reflectors asutasid 2008. aastal kaks New Yorgis elavat rootslast Carin ja Katarina. Firefly helkurid on disainitud armastusega Rootsis.<\/p>\n<p>\u201eTootearenduse ja illustreerimise taustaga soovisime luua unikaalseid vormi ja disainiga helkureid.<br \/>\nTurvahelkur ei pea olema igav ja ebaatraktiivne. Vastupidi, meie arvates peaks helkur olema l\u00f5bus ja stiilne detail, mis t\u00e4iendab teie lemmikkotti v\u00f5i -riietust.<\/p>\n<p>&#8220;Ole n\u00e4htav, ole turvaline ja ole alati stiilne!&#8221;<\/p>\n<p>NB! Firefly helkivate aksessuaaride helkurmaterjal vastab EL-i turvahelkurite n\u00f5uetele, kuid unikaalse kuju t\u00f5ttu EI OMA EN13356 heakskiitu. Firefly tooted on m\u00f5eldud kinnitamiseks koti, mantli v\u00f5i muu eseme k\u00fclge standardse turvahelkuri lisana. Pange t\u00e4hele, et see helkur EI OLE m\u00f5eldud asendamaks sertifitseeritud turvahelkurit.<\/p>\n<p><a href=\"https:\/\/www.talidesign.eu\/et\/tootekategooria\/firefly-reflectors-et\/\"><img loading=\"lazy\" decoding=\"async\" src=\"https:\/\/www.talidesign.eu\/wp\/wp-content\/uploads\/2022\/01\/KCbw-533x400.jpg\" alt=\"\" width=\"533\" height=\"400\" class=\"alignnone size-medium wp-image-49883\" srcset=\"https:\/\/www.talidesign.eu\/wp\/wp-content\/uploads\/2022\/01\/KCbw-533x400.jpg 533w, https:\/\/www.talidesign.eu\/wp\/wp-content\/uploads\/2022\/01\/KCbw-1067x800.jpg 1067w, https:\/\/www.talidesign.eu\/wp\/wp-content\/uploads\/2022\/01\/KCbw-768x576.jpg 768w, https:\/\/www.talidesign.eu\/wp\/wp-content\/uploads\/2022\/01\/KCbw-1536x1152.jpg 1536w, https:\/\/www.talidesign.eu\/wp\/wp-content\/uploads\/2022\/01\/KCbw-2048x1536.jpg 2048w, https:\/\/www.talidesign.eu\/wp\/wp-content\/uploads\/2022\/01\/KCbw-500x375.jpg 500w, https:\/\/www.talidesign.eu\/wp\/wp-content\/uploads\/2022\/01\/KCbw-510x383.jpg 510w\" sizes=\"auto, (max-width: 533px) 100vw, 533px\" \/><\/a><\/p>\n","protected":false},"excerpt":{"rendered":"<p><strong>Pink Cloud jalutusk\u00e4ru helkur<\/strong><\/p>\n<p>L\u00f5bus ja armas aksessuaar sinu vankrile.<\/p>\n<p>Turvaliseks \u00f5htuseks jalutusk\u00e4iguks kinnitage see oma jalutusk\u00e4ru k\u00fclge.<\/p>\n<p>\u2022 3M peegeldav materjal (pehme plastik)<br \/>\n\u2022 9cm<br \/>\n\u2022 <a href=\"https:\/\/www.talidesign.eu\/et\/tootekategooria\/firefly-reflectors-et\/\">Br\u00e4nd Firefly Reflectors<\/a><\/p>\n<p><strong>Meist<\/strong><\/p>\n<p>Lastele ja t\u00e4iskasvanutele m\u00f5eldud l\u00f5busate ja ainulaadsete helkurite loomise poolest tuntud Firefly Reflectors asutasid 2008. aastal kaks New Yorgis elavat rootslast Carin ja Katarina. Firefly helkurid on disainitud armastusega Rootsis.<\/p>\n<p>\u201eTootearenduse ja illustreerimise taustaga soovisime luua unikaalseid vormi ja disainiga helkureid.<br \/>\nTurvahelkur ei pea olema igav ja ebaatraktiivne. Vastupidi, meie arvates peaks helkur olema l\u00f5bus ja stiilne detail, mis t\u00e4iendab teie lemmikkotti v\u00f5i -riietust.<\/p>\n<p>&#8220;Ole n\u00e4htav, ole turvaline ja ole alati stiilne!&#8221;<\/p>\n<p>NB! Firefly helkivate aksessuaaride helkurmaterjal vastab EL-i turvahelkurite n\u00f5uetele, kuid unikaalse kuju t\u00f5ttu EI OMA EN13356 heakskiitu. Firefly tooted on m\u00f5eldud kinnitamiseks koti, mantli v\u00f5i muu eseme k\u00fclge standardse turvahelkuri lisana. Pange t\u00e4hele, et see helkur EI OLE m\u00f5eldud asendamaks sertifitseeritud turvahelkurit.<\/p>\n<p><a href=\"https:\/\/www.talidesign.eu\/et\/tootekategooria\/firefly-reflectors-et\/\"><img loading=\"lazy\" decoding=\"async\" src=\"https:\/\/www.talidesign.eu\/wp\/wp-content\/uploads\/2022\/01\/KCbw-533x400.jpg\" alt=\"\" width=\"533\" height=\"400\" class=\"alignnone size-medium wp-image-49883\" srcset=\"https:\/\/www.talidesign.eu\/wp\/wp-content\/uploads\/2022\/01\/KCbw-533x400.jpg 533w, https:\/\/www.talidesign.eu\/wp\/wp-content\/uploads\/2022\/01\/KCbw-1067x800.jpg 1067w, https:\/\/www.talidesign.eu\/wp\/wp-content\/uploads\/2022\/01\/KCbw-768x576.jpg 768w, https:\/\/www.talidesign.eu\/wp\/wp-content\/uploads\/2022\/01\/KCbw-1536x1152.jpg 1536w, https:\/\/www.talidesign.eu\/wp\/wp-content\/uploads\/2022\/01\/KCbw-2048x1536.jpg 2048w, https:\/\/www.talidesign.eu\/wp\/wp-content\/uploads\/2022\/01\/KCbw-500x375.jpg 500w, https:\/\/www.talidesign.eu\/wp\/wp-content\/uploads\/2022\/01\/KCbw-510x383.jpg 510w\" sizes=\"auto, (max-width: 533px) 100vw, 533px\" \/><\/a><\/p>\n","protected":false},"featured_media":50203,"template":"","meta":[],"product_brand":[],"product_cat":[1955,1170],"product_tag":[1959],"class_list":{"0":"post-50201","1":"product","2":"type-product","3":"status-publish","4":"has-post-thumbnail","6":"product_cat-firefly-reflectors-et","7":"product_cat-helkurid","8":"product_tag-firefly-et","10":"first","11":"outofstock","12":"taxable","13":"shipping-taxable","14":"purchasable","15":"product-type-simple"},"yoast_head":"<!-- This site is optimized with the Yoast SEO plugin v27.3 - https:\/\/yoast.com\/product\/yoast-seo-wordpress\/ -->\n<title>Firefly Pink Cloud jalutusk\u00e4ru helkiv aksessuaar - TALI Concept Store<\/title>\n<meta name=\"description\" content=\"L\u00f5bus ja armas helkur sinu vankrile. Kinnita see oma jalutusk\u00e4ru k\u00fclge ja naudi turvalist \u00f5htust jalutusk\u00e4iku. Tutvu l\u00e4hemalt!\" \/>\n<meta name=\"robots\" content=\"index, follow, max-snippet:-1, max-image-preview:large, max-video-preview:-1\" \/>\n<link rel=\"canonical\" href=\"https:\/\/www.talidesign.eu\/et\/pood\/toode\/firefly-pink-cloud-jalutuskaru-helkur\/\" \/>\n<meta property=\"og:locale\" content=\"et_EE\" \/>\n<meta property=\"og:type\" content=\"article\" \/>\n<meta property=\"og:title\" content=\"Firefly Pink Cloud jalutusk\u00e4ru helkiv aksessuaar - TALI Concept Store\" \/>\n<meta property=\"og:description\" content=\"L\u00f5bus ja armas helkur sinu vankrile. Kinnita see oma jalutusk\u00e4ru k\u00fclge ja naudi turvalist \u00f5htust jalutusk\u00e4iku. Tutvu l\u00e4hemalt!\" \/>\n<meta property=\"og:url\" content=\"https:\/\/www.talidesign.eu\/et\/pood\/toode\/firefly-pink-cloud-jalutuskaru-helkur\/\" \/>\n<meta property=\"og:site_name\" content=\"TALI Concept Store\" \/>\n<meta property=\"article:publisher\" content=\"https:\/\/www.facebook.com\/TaliDisain\/\" \/>\n<meta property=\"article:modified_time\" content=\"2025-10-31T08:14:45+00:00\" \/>\n<meta property=\"og:image\" content=\"https:\/\/www.talidesign.eu\/wp\/wp-content\/uploads\/2022\/01\/166328891-origpic-54f07e.jpg\" \/>\n\t<meta property=\"og:image:width\" content=\"1500\" \/>\n\t<meta property=\"og:image:height\" content=\"1500\" \/>\n\t<meta property=\"og:image:type\" content=\"image\/jpeg\" \/>\n<meta name=\"twitter:card\" content=\"summary_large_image\" \/>\n<meta name=\"twitter:label1\" content=\"Est. reading time\" \/>\n\t<meta name=\"twitter:data1\" content=\"1 minute\" \/>\n<script type=\"application\/ld+json\" class=\"yoast-schema-graph\">{\"@context\":\"https:\\\/\\\/schema.org\",\"@graph\":[{\"@type\":\"WebPage\",\"@id\":\"https:\\\/\\\/www.talidesign.eu\\\/et\\\/pood\\\/toode\\\/firefly-pink-cloud-jalutuskaru-helkur\\\/\",\"url\":\"https:\\\/\\\/www.talidesign.eu\\\/et\\\/pood\\\/toode\\\/firefly-pink-cloud-jalutuskaru-helkur\\\/\",\"name\":\"Firefly Pink Cloud jalutusk\u00e4ru helkiv aksessuaar - TALI Concept Store\",\"isPartOf\":{\"@id\":\"https:\\\/\\\/www.talidesign.eu\\\/et\\\/#website\"},\"primaryImageOfPage\":{\"@id\":\"https:\\\/\\\/www.talidesign.eu\\\/et\\\/pood\\\/toode\\\/firefly-pink-cloud-jalutuskaru-helkur\\\/#primaryimage\"},\"image\":{\"@id\":\"https:\\\/\\\/www.talidesign.eu\\\/et\\\/pood\\\/toode\\\/firefly-pink-cloud-jalutuskaru-helkur\\\/#primaryimage\"},\"thumbnailUrl\":\"https:\\\/\\\/www.talidesign.eu\\\/wp\\\/wp-content\\\/uploads\\\/2022\\\/01\\\/166328891-origpic-54f07e.jpg\",\"datePublished\":\"2022-01-18T23:12:07+00:00\",\"dateModified\":\"2025-10-31T08:14:45+00:00\",\"description\":\"L\u00f5bus ja armas helkur sinu vankrile. Kinnita see oma jalutusk\u00e4ru k\u00fclge ja naudi turvalist \u00f5htust jalutusk\u00e4iku. Tutvu l\u00e4hemalt!\",\"breadcrumb\":{\"@id\":\"https:\\\/\\\/www.talidesign.eu\\\/et\\\/pood\\\/toode\\\/firefly-pink-cloud-jalutuskaru-helkur\\\/#breadcrumb\"},\"inLanguage\":\"et\",\"potentialAction\":[{\"@type\":\"ReadAction\",\"target\":[\"https:\\\/\\\/www.talidesign.eu\\\/et\\\/pood\\\/toode\\\/firefly-pink-cloud-jalutuskaru-helkur\\\/\"]}]},{\"@type\":\"ImageObject\",\"inLanguage\":\"et\",\"@id\":\"https:\\\/\\\/www.talidesign.eu\\\/et\\\/pood\\\/toode\\\/firefly-pink-cloud-jalutuskaru-helkur\\\/#primaryimage\",\"url\":\"https:\\\/\\\/www.talidesign.eu\\\/wp\\\/wp-content\\\/uploads\\\/2022\\\/01\\\/166328891-origpic-54f07e.jpg\",\"contentUrl\":\"https:\\\/\\\/www.talidesign.eu\\\/wp\\\/wp-content\\\/uploads\\\/2022\\\/01\\\/166328891-origpic-54f07e.jpg\",\"width\":1500,\"height\":1500},{\"@type\":\"BreadcrumbList\",\"@id\":\"https:\\\/\\\/www.talidesign.eu\\\/et\\\/pood\\\/toode\\\/firefly-pink-cloud-jalutuskaru-helkur\\\/#breadcrumb\",\"itemListElement\":[{\"@type\":\"ListItem\",\"position\":1,\"name\":\"Avaleht\",\"item\":\"https:\\\/\\\/www.talidesign.eu\\\/et\\\/\"},{\"@type\":\"ListItem\",\"position\":2,\"name\":\"Pood\",\"item\":\"https:\\\/\\\/www.talidesign.eu\\\/et\\\/pood\\\/\"},{\"@type\":\"ListItem\",\"position\":3,\"name\":\"Firefly Pink Cloud jalutusk\u00e4ru helkiv aksessuaar\"}]},{\"@type\":\"WebSite\",\"@id\":\"https:\\\/\\\/www.talidesign.eu\\\/et\\\/#website\",\"url\":\"https:\\\/\\\/www.talidesign.eu\\\/et\\\/\",\"name\":\"TALI Concept Store\",\"description\":\"Suurim Disainipood Eestis\",\"potentialAction\":[{\"@type\":\"SearchAction\",\"target\":{\"@type\":\"EntryPoint\",\"urlTemplate\":\"https:\\\/\\\/www.talidesign.eu\\\/et\\\/?s={search_term_string}\"},\"query-input\":{\"@type\":\"PropertyValueSpecification\",\"valueRequired\":true,\"valueName\":\"search_term_string\"}}],\"inLanguage\":\"et\"}]}<\/script>\n<!-- \/ Yoast SEO plugin. -->","yoast_head_json":{"title":"Firefly Pink Cloud jalutusk\u00e4ru helkiv aksessuaar - TALI Concept Store","description":"L\u00f5bus ja armas helkur sinu vankrile. Kinnita see oma jalutusk\u00e4ru k\u00fclge ja naudi turvalist \u00f5htust jalutusk\u00e4iku. Tutvu l\u00e4hemalt!","robots":{"index":"index","follow":"follow","max-snippet":"max-snippet:-1","max-image-preview":"max-image-preview:large","max-video-preview":"max-video-preview:-1"},"canonical":"https:\/\/www.talidesign.eu\/et\/pood\/toode\/firefly-pink-cloud-jalutuskaru-helkur\/","og_locale":"et_EE","og_type":"article","og_title":"Firefly Pink Cloud jalutusk\u00e4ru helkiv aksessuaar - TALI Concept Store","og_description":"L\u00f5bus ja armas helkur sinu vankrile. Kinnita see oma jalutusk\u00e4ru k\u00fclge ja naudi turvalist \u00f5htust jalutusk\u00e4iku. Tutvu l\u00e4hemalt!","og_url":"https:\/\/www.talidesign.eu\/et\/pood\/toode\/firefly-pink-cloud-jalutuskaru-helkur\/","og_site_name":"TALI Concept Store","article_publisher":"https:\/\/www.facebook.com\/TaliDisain\/","article_modified_time":"2025-10-31T08:14:45+00:00","og_image":[{"width":1500,"height":1500,"url":"https:\/\/www.talidesign.eu\/wp\/wp-content\/uploads\/2022\/01\/166328891-origpic-54f07e.jpg","type":"image\/jpeg"}],"twitter_card":"summary_large_image","twitter_misc":{"Est. reading time":"1 minute"},"schema":{"@context":"https:\/\/schema.org","@graph":[{"@type":"WebPage","@id":"https:\/\/www.talidesign.eu\/et\/pood\/toode\/firefly-pink-cloud-jalutuskaru-helkur\/","url":"https:\/\/www.talidesign.eu\/et\/pood\/toode\/firefly-pink-cloud-jalutuskaru-helkur\/","name":"Firefly Pink Cloud jalutusk\u00e4ru helkiv aksessuaar - TALI Concept Store","isPartOf":{"@id":"https:\/\/www.talidesign.eu\/et\/#website"},"primaryImageOfPage":{"@id":"https:\/\/www.talidesign.eu\/et\/pood\/toode\/firefly-pink-cloud-jalutuskaru-helkur\/#primaryimage"},"image":{"@id":"https:\/\/www.talidesign.eu\/et\/pood\/toode\/firefly-pink-cloud-jalutuskaru-helkur\/#primaryimage"},"thumbnailUrl":"https:\/\/www.talidesign.eu\/wp\/wp-content\/uploads\/2022\/01\/166328891-origpic-54f07e.jpg","datePublished":"2022-01-18T23:12:07+00:00","dateModified":"2025-10-31T08:14:45+00:00","description":"L\u00f5bus ja armas helkur sinu vankrile. Kinnita see oma jalutusk\u00e4ru k\u00fclge ja naudi turvalist \u00f5htust jalutusk\u00e4iku. Tutvu l\u00e4hemalt!","breadcrumb":{"@id":"https:\/\/www.talidesign.eu\/et\/pood\/toode\/firefly-pink-cloud-jalutuskaru-helkur\/#breadcrumb"},"inLanguage":"et","potentialAction":[{"@type":"ReadAction","target":["https:\/\/www.talidesign.eu\/et\/pood\/toode\/firefly-pink-cloud-jalutuskaru-helkur\/"]}]},{"@type":"ImageObject","inLanguage":"et","@id":"https:\/\/www.talidesign.eu\/et\/pood\/toode\/firefly-pink-cloud-jalutuskaru-helkur\/#primaryimage","url":"https:\/\/www.talidesign.eu\/wp\/wp-content\/uploads\/2022\/01\/166328891-origpic-54f07e.jpg","contentUrl":"https:\/\/www.talidesign.eu\/wp\/wp-content\/uploads\/2022\/01\/166328891-origpic-54f07e.jpg","width":1500,"height":1500},{"@type":"BreadcrumbList","@id":"https:\/\/www.talidesign.eu\/et\/pood\/toode\/firefly-pink-cloud-jalutuskaru-helkur\/#breadcrumb","itemListElement":[{"@type":"ListItem","position":1,"name":"Avaleht","item":"https:\/\/www.talidesign.eu\/et\/"},{"@type":"ListItem","position":2,"name":"Pood","item":"https:\/\/www.talidesign.eu\/et\/pood\/"},{"@type":"ListItem","position":3,"name":"Firefly Pink Cloud jalutusk\u00e4ru helkiv aksessuaar"}]},{"@type":"WebSite","@id":"https:\/\/www.talidesign.eu\/et\/#website","url":"https:\/\/www.talidesign.eu\/et\/","name":"TALI Concept Store","description":"Suurim Disainipood Eestis","potentialAction":[{"@type":"SearchAction","target":{"@type":"EntryPoint","urlTemplate":"https:\/\/www.talidesign.eu\/et\/?s={search_term_string}"},"query-input":{"@type":"PropertyValueSpecification","valueRequired":true,"valueName":"search_term_string"}}],"inLanguage":"et"}]}},"_links":{"self":[{"href":"https:\/\/www.talidesign.eu\/et\/wp-json\/wp\/v2\/product\/50201","targetHints":{"allow":["GET"]}}],"collection":[{"href":"https:\/\/www.talidesign.eu\/et\/wp-json\/wp\/v2\/product"}],"about":[{"href":"https:\/\/www.talidesign.eu\/et\/wp-json\/wp\/v2\/types\/product"}],"wp:featuredmedia":[{"embeddable":true,"href":"https:\/\/www.talidesign.eu\/et\/wp-json\/wp\/v2\/media\/50203"}],"wp:attachment":[{"href":"https:\/\/www.talidesign.eu\/et\/wp-json\/wp\/v2\/media?parent=50201"}],"wp:term":[{"taxonomy":"product_brand","embeddable":true,"href":"https:\/\/www.talidesign.eu\/et\/wp-json\/wp\/v2\/product_brand?post=50201"},{"taxonomy":"product_cat","embeddable":true,"href":"https:\/\/www.talidesign.eu\/et\/wp-json\/wp\/v2\/product_cat?post=50201"},{"taxonomy":"product_tag","embeddable":true,"href":"https:\/\/www.talidesign.eu\/et\/wp-json\/wp\/v2\/product_tag?post=50201"}],"curies":[{"name":"wp","href":"https:\/\/api.w.org\/{rel}","templated":true}]}}