{"id":50728,"date":"2022-01-30T17:41:26","date_gmt":"2022-01-30T15:41:26","guid":{"rendered":"https:\/\/www.talidesign.eu\/?post_type=product&#038;p=50728"},"modified":"2025-06-12T11:36:23","modified_gmt":"2025-06-12T08:36:23","slug":"kirju-mini-heart-akruulist-korvarongad-must","status":"publish","type":"product","link":"https:\/\/www.talidesign.eu\/et\/pood\/toode\/kirju-mini-heart-akruulist-korvarongad-must\/","title":{"rendered":"Kirju Mini Heart akr\u00fc\u00fclist k\u00f5rvar\u00f5ngad Must"},"content":{"rendered":"<p><strong>Mini Heart akr\u00fc\u00fclist k\u00f5rvar\u00f5ngad Must<\/strong><\/p>\n<p>\u2022 <a href=\"\/et\/tootekategooria\/brandid\/kirju-co-et\/\">Br\u00e4nd KIRJU.CO<\/a><br \/>\n\u2022 Postiga akr\u00fc\u00fclist k\u00f5rvar\u00f5ngad<br \/>\n\u2022 Niklivaba<br \/>\n\u2022 M\u00f5\u00f5dud: 10x10x3mm<\/p>\n<p><strong>Br\u00e4ndist<\/strong><\/p>\n<p>Eesti arhitekti poolt loodud br\u00e4nd KIRJU.CO on tuntud oma graafilise joone ning minimalistliku vormi t\u00f5ttu, sealjuures pidades v\u00e4ga oluliseks ka loomingu m\u00e4ngulisust. Juba 10 aastat tegutsenud br\u00e4nd on l\u00e4bi pidevalt uuenevate kollektsioonide s\u00e4ilitanud oma algsed loomamotiivid, millest on kujunenud KIRJU.CO firmam\u00e4rk. Lisaks kesksetele geomeetrilistele vormidele esinevad stiliseeritud taime- ja loomamotiivid paralleelselt paljudes kollektsioonides.<\/p>\n<p>KIRJU.CO tunnustab iga p\u00e4eva\u2026 iga hetke, v\u00e4\u00e4rtustab elu kergust ja imetleb selle kulgu. Streetwear br\u00e4ndina on k\u00f5ik meie tooted loodud kestma ning m\u00f5eldud igap\u00e4evaseks kandmiseks.<\/p>\n<p><a href=\"\/et\/tootekategooria\/brandid\/kirju-co-et\/\"><img loading=\"lazy\" decoding=\"async\" src=\"https:\/\/www.talidesign.eu\/wp\/wp-content\/uploads\/2021\/03\/logo-1.jpg\" alt=\"\" width=\"500\" height=\"100\" class=\"alignnone size-full wp-image-24054\" \/><\/a><\/p>\n","protected":false},"excerpt":{"rendered":"<p><strong>Mini Heart akr\u00fc\u00fclist k\u00f5rvar\u00f5ngad Must<\/strong><\/p>\n<p>\u2022 <a href=\"\/et\/tootekategooria\/brandid\/kirju-co-et\/\">Br\u00e4nd KIRJU.CO<\/a><br \/>\n\u2022 Postiga akr\u00fc\u00fclist k\u00f5rvar\u00f5ngad<br \/>\n\u2022 Niklivaba<br \/>\n\u2022 M\u00f5\u00f5dud: 10x10x3mm<\/p>\n<p><strong>Br\u00e4ndist<\/strong><\/p>\n<p>Eesti arhitekti poolt loodud br\u00e4nd KIRJU.CO on tuntud oma graafilise joone ning minimalistliku vormi t\u00f5ttu, sealjuures pidades v\u00e4ga oluliseks ka loomingu m\u00e4ngulisust. Juba 10 aastat tegutsenud br\u00e4nd on l\u00e4bi pidevalt uuenevate kollektsioonide s\u00e4ilitanud oma algsed loomamotiivid, millest on kujunenud KIRJU.CO firmam\u00e4rk. Lisaks kesksetele geomeetrilistele vormidele esinevad stiliseeritud taime- ja loomamotiivid paralleelselt paljudes kollektsioonides.<\/p>\n<p>KIRJU.CO tunnustab iga p\u00e4eva\u2026 iga hetke, v\u00e4\u00e4rtustab elu kergust ja imetleb selle kulgu. Streetwear br\u00e4ndina on k\u00f5ik meie tooted loodud kestma ning m\u00f5eldud igap\u00e4evaseks kandmiseks.<\/p>\n<p><a href=\"\/et\/tootekategooria\/brandid\/kirju-co-et\/\"><img loading=\"lazy\" decoding=\"async\" src=\"https:\/\/www.talidesign.eu\/wp\/wp-content\/uploads\/2021\/03\/logo-1.jpg\" alt=\"\" width=\"500\" height=\"100\" class=\"alignnone size-full wp-image-24054\" \/><\/a><\/p>\n","protected":false},"featured_media":50703,"template":"","meta":[],"product_brand":[],"product_cat":[1153,1026,1146,1054,1152,1148],"product_tag":[1254],"class_list":{"0":"post-50728","1":"product","2":"type-product","3":"status-publish","4":"has-post-thumbnail","6":"product_cat-akruulist-korvarongad","7":"product_cat-brandid","8":"product_cat-ehted","9":"product_cat-kirju-co-et","10":"product_cat-kirju-co-korvarongad","11":"product_cat-korvarongad","12":"product_tag-kirju-jewellery-et","14":"first","15":"outofstock","16":"featured","17":"taxable","18":"shipping-taxable","19":"purchasable","20":"product-type-simple"},"yoast_head":"<!-- This site is optimized with the Yoast SEO plugin v27.3 - https:\/\/yoast.com\/product\/yoast-seo-wordpress\/ -->\n<title>Kirju Mini Heart akr\u00fc\u00fclist k\u00f5rvar\u00f5ngad Must - TALI Concept Store<\/title>\n<meta name=\"description\" content=\"Kirju Mini Heart akr\u00fc\u00fclist k\u00f5rvar\u00f5ngad Must - Br\u00e4nd KIRJU.CO. Niklivabad postiga k\u00f5rvar\u00f5ngad. M\u00f5\u00f5dud: 10x10x3mm. Eesti arhitekti poolt loodud br\u00e4nd, mis v\u00e4\u00e4rtustab elu kergust ja m\u00e4ngulisust. KIRJU.CO - streetwear br\u00e4nd, mis loob kestvaid ja igap\u00e4evaseks kandmiseks m\u00f5eldud tooteid.\" \/>\n<meta name=\"robots\" content=\"index, follow, max-snippet:-1, max-image-preview:large, max-video-preview:-1\" \/>\n<link rel=\"canonical\" href=\"https:\/\/www.talidesign.eu\/et\/pood\/toode\/kirju-mini-heart-akruulist-korvarongad-must\/\" \/>\n<meta property=\"og:locale\" content=\"et_EE\" \/>\n<meta property=\"og:type\" content=\"article\" \/>\n<meta property=\"og:title\" content=\"Kirju Mini Heart akr\u00fc\u00fclist k\u00f5rvar\u00f5ngad Must - TALI Concept Store\" \/>\n<meta property=\"og:description\" content=\"Kirju Mini Heart akr\u00fc\u00fclist k\u00f5rvar\u00f5ngad Must - Br\u00e4nd KIRJU.CO. Niklivabad postiga k\u00f5rvar\u00f5ngad. M\u00f5\u00f5dud: 10x10x3mm. Eesti arhitekti poolt loodud br\u00e4nd, mis v\u00e4\u00e4rtustab elu kergust ja m\u00e4ngulisust. KIRJU.CO - streetwear br\u00e4nd, mis loob kestvaid ja igap\u00e4evaseks kandmiseks m\u00f5eldud tooteid.\" \/>\n<meta property=\"og:url\" content=\"https:\/\/www.talidesign.eu\/et\/pood\/toode\/kirju-mini-heart-akruulist-korvarongad-must\/\" \/>\n<meta property=\"og:site_name\" content=\"TALI Concept Store\" \/>\n<meta property=\"article:publisher\" content=\"https:\/\/www.facebook.com\/TaliDisain\/\" \/>\n<meta property=\"article:modified_time\" content=\"2025-06-12T08:36:23+00:00\" \/>\n<meta property=\"og:image\" content=\"https:\/\/www.talidesign.eu\/wp\/wp-content\/uploads\/2022\/01\/Mini-Heart_must-akruul.jpg\" \/>\n\t<meta property=\"og:image:width\" content=\"1831\" \/>\n\t<meta property=\"og:image:height\" content=\"1831\" \/>\n\t<meta property=\"og:image:type\" content=\"image\/jpeg\" \/>\n<meta name=\"twitter:card\" content=\"summary_large_image\" \/>\n<meta name=\"twitter:label1\" content=\"Est. reading time\" \/>\n\t<meta name=\"twitter:data1\" content=\"1 minute\" \/>\n<script type=\"application\/ld+json\" class=\"yoast-schema-graph\">{\"@context\":\"https:\\\/\\\/schema.org\",\"@graph\":[{\"@type\":\"WebPage\",\"@id\":\"https:\\\/\\\/www.talidesign.eu\\\/et\\\/pood\\\/toode\\\/kirju-mini-heart-akruulist-korvarongad-must\\\/\",\"url\":\"https:\\\/\\\/www.talidesign.eu\\\/et\\\/pood\\\/toode\\\/kirju-mini-heart-akruulist-korvarongad-must\\\/\",\"name\":\"Kirju Mini Heart akr\u00fc\u00fclist k\u00f5rvar\u00f5ngad Must - TALI Concept Store\",\"isPartOf\":{\"@id\":\"https:\\\/\\\/www.talidesign.eu\\\/et\\\/#website\"},\"primaryImageOfPage\":{\"@id\":\"https:\\\/\\\/www.talidesign.eu\\\/et\\\/pood\\\/toode\\\/kirju-mini-heart-akruulist-korvarongad-must\\\/#primaryimage\"},\"image\":{\"@id\":\"https:\\\/\\\/www.talidesign.eu\\\/et\\\/pood\\\/toode\\\/kirju-mini-heart-akruulist-korvarongad-must\\\/#primaryimage\"},\"thumbnailUrl\":\"https:\\\/\\\/www.talidesign.eu\\\/wp\\\/wp-content\\\/uploads\\\/2022\\\/01\\\/Mini-Heart_must-akruul.jpg\",\"datePublished\":\"2022-01-30T15:41:26+00:00\",\"dateModified\":\"2025-06-12T08:36:23+00:00\",\"description\":\"Kirju Mini Heart akr\u00fc\u00fclist k\u00f5rvar\u00f5ngad Must - Br\u00e4nd KIRJU.CO. Niklivabad postiga k\u00f5rvar\u00f5ngad. M\u00f5\u00f5dud: 10x10x3mm. Eesti arhitekti poolt loodud br\u00e4nd, mis v\u00e4\u00e4rtustab elu kergust ja m\u00e4ngulisust. KIRJU.CO - streetwear br\u00e4nd, mis loob kestvaid ja igap\u00e4evaseks kandmiseks m\u00f5eldud tooteid.\",\"breadcrumb\":{\"@id\":\"https:\\\/\\\/www.talidesign.eu\\\/et\\\/pood\\\/toode\\\/kirju-mini-heart-akruulist-korvarongad-must\\\/#breadcrumb\"},\"inLanguage\":\"et\",\"potentialAction\":[{\"@type\":\"ReadAction\",\"target\":[\"https:\\\/\\\/www.talidesign.eu\\\/et\\\/pood\\\/toode\\\/kirju-mini-heart-akruulist-korvarongad-must\\\/\"]}]},{\"@type\":\"ImageObject\",\"inLanguage\":\"et\",\"@id\":\"https:\\\/\\\/www.talidesign.eu\\\/et\\\/pood\\\/toode\\\/kirju-mini-heart-akruulist-korvarongad-must\\\/#primaryimage\",\"url\":\"https:\\\/\\\/www.talidesign.eu\\\/wp\\\/wp-content\\\/uploads\\\/2022\\\/01\\\/Mini-Heart_must-akruul.jpg\",\"contentUrl\":\"https:\\\/\\\/www.talidesign.eu\\\/wp\\\/wp-content\\\/uploads\\\/2022\\\/01\\\/Mini-Heart_must-akruul.jpg\",\"width\":1831,\"height\":1831},{\"@type\":\"BreadcrumbList\",\"@id\":\"https:\\\/\\\/www.talidesign.eu\\\/et\\\/pood\\\/toode\\\/kirju-mini-heart-akruulist-korvarongad-must\\\/#breadcrumb\",\"itemListElement\":[{\"@type\":\"ListItem\",\"position\":1,\"name\":\"Avaleht\",\"item\":\"https:\\\/\\\/www.talidesign.eu\\\/et\\\/\"},{\"@type\":\"ListItem\",\"position\":2,\"name\":\"Pood\",\"item\":\"https:\\\/\\\/www.talidesign.eu\\\/et\\\/pood\\\/\"},{\"@type\":\"ListItem\",\"position\":3,\"name\":\"Kirju Mini Heart akr\u00fc\u00fclist k\u00f5rvar\u00f5ngad Must\"}]},{\"@type\":\"WebSite\",\"@id\":\"https:\\\/\\\/www.talidesign.eu\\\/et\\\/#website\",\"url\":\"https:\\\/\\\/www.talidesign.eu\\\/et\\\/\",\"name\":\"TALI Concept Store\",\"description\":\"Suurim Disainipood Eestis\",\"potentialAction\":[{\"@type\":\"SearchAction\",\"target\":{\"@type\":\"EntryPoint\",\"urlTemplate\":\"https:\\\/\\\/www.talidesign.eu\\\/et\\\/?s={search_term_string}\"},\"query-input\":{\"@type\":\"PropertyValueSpecification\",\"valueRequired\":true,\"valueName\":\"search_term_string\"}}],\"inLanguage\":\"et\"}]}<\/script>\n<!-- \/ Yoast SEO plugin. -->","yoast_head_json":{"title":"Kirju Mini Heart akr\u00fc\u00fclist k\u00f5rvar\u00f5ngad Must - TALI Concept Store","description":"Kirju Mini Heart akr\u00fc\u00fclist k\u00f5rvar\u00f5ngad Must - Br\u00e4nd KIRJU.CO. Niklivabad postiga k\u00f5rvar\u00f5ngad. M\u00f5\u00f5dud: 10x10x3mm. Eesti arhitekti poolt loodud br\u00e4nd, mis v\u00e4\u00e4rtustab elu kergust ja m\u00e4ngulisust. KIRJU.CO - streetwear br\u00e4nd, mis loob kestvaid ja igap\u00e4evaseks kandmiseks m\u00f5eldud tooteid.","robots":{"index":"index","follow":"follow","max-snippet":"max-snippet:-1","max-image-preview":"max-image-preview:large","max-video-preview":"max-video-preview:-1"},"canonical":"https:\/\/www.talidesign.eu\/et\/pood\/toode\/kirju-mini-heart-akruulist-korvarongad-must\/","og_locale":"et_EE","og_type":"article","og_title":"Kirju Mini Heart akr\u00fc\u00fclist k\u00f5rvar\u00f5ngad Must - TALI Concept Store","og_description":"Kirju Mini Heart akr\u00fc\u00fclist k\u00f5rvar\u00f5ngad Must - Br\u00e4nd KIRJU.CO. Niklivabad postiga k\u00f5rvar\u00f5ngad. M\u00f5\u00f5dud: 10x10x3mm. Eesti arhitekti poolt loodud br\u00e4nd, mis v\u00e4\u00e4rtustab elu kergust ja m\u00e4ngulisust. KIRJU.CO - streetwear br\u00e4nd, mis loob kestvaid ja igap\u00e4evaseks kandmiseks m\u00f5eldud tooteid.","og_url":"https:\/\/www.talidesign.eu\/et\/pood\/toode\/kirju-mini-heart-akruulist-korvarongad-must\/","og_site_name":"TALI Concept Store","article_publisher":"https:\/\/www.facebook.com\/TaliDisain\/","article_modified_time":"2025-06-12T08:36:23+00:00","og_image":[{"width":1831,"height":1831,"url":"https:\/\/www.talidesign.eu\/wp\/wp-content\/uploads\/2022\/01\/Mini-Heart_must-akruul.jpg","type":"image\/jpeg"}],"twitter_card":"summary_large_image","twitter_misc":{"Est. reading time":"1 minute"},"schema":{"@context":"https:\/\/schema.org","@graph":[{"@type":"WebPage","@id":"https:\/\/www.talidesign.eu\/et\/pood\/toode\/kirju-mini-heart-akruulist-korvarongad-must\/","url":"https:\/\/www.talidesign.eu\/et\/pood\/toode\/kirju-mini-heart-akruulist-korvarongad-must\/","name":"Kirju Mini Heart akr\u00fc\u00fclist k\u00f5rvar\u00f5ngad Must - TALI Concept Store","isPartOf":{"@id":"https:\/\/www.talidesign.eu\/et\/#website"},"primaryImageOfPage":{"@id":"https:\/\/www.talidesign.eu\/et\/pood\/toode\/kirju-mini-heart-akruulist-korvarongad-must\/#primaryimage"},"image":{"@id":"https:\/\/www.talidesign.eu\/et\/pood\/toode\/kirju-mini-heart-akruulist-korvarongad-must\/#primaryimage"},"thumbnailUrl":"https:\/\/www.talidesign.eu\/wp\/wp-content\/uploads\/2022\/01\/Mini-Heart_must-akruul.jpg","datePublished":"2022-01-30T15:41:26+00:00","dateModified":"2025-06-12T08:36:23+00:00","description":"Kirju Mini Heart akr\u00fc\u00fclist k\u00f5rvar\u00f5ngad Must - Br\u00e4nd KIRJU.CO. Niklivabad postiga k\u00f5rvar\u00f5ngad. M\u00f5\u00f5dud: 10x10x3mm. Eesti arhitekti poolt loodud br\u00e4nd, mis v\u00e4\u00e4rtustab elu kergust ja m\u00e4ngulisust. KIRJU.CO - streetwear br\u00e4nd, mis loob kestvaid ja igap\u00e4evaseks kandmiseks m\u00f5eldud tooteid.","breadcrumb":{"@id":"https:\/\/www.talidesign.eu\/et\/pood\/toode\/kirju-mini-heart-akruulist-korvarongad-must\/#breadcrumb"},"inLanguage":"et","potentialAction":[{"@type":"ReadAction","target":["https:\/\/www.talidesign.eu\/et\/pood\/toode\/kirju-mini-heart-akruulist-korvarongad-must\/"]}]},{"@type":"ImageObject","inLanguage":"et","@id":"https:\/\/www.talidesign.eu\/et\/pood\/toode\/kirju-mini-heart-akruulist-korvarongad-must\/#primaryimage","url":"https:\/\/www.talidesign.eu\/wp\/wp-content\/uploads\/2022\/01\/Mini-Heart_must-akruul.jpg","contentUrl":"https:\/\/www.talidesign.eu\/wp\/wp-content\/uploads\/2022\/01\/Mini-Heart_must-akruul.jpg","width":1831,"height":1831},{"@type":"BreadcrumbList","@id":"https:\/\/www.talidesign.eu\/et\/pood\/toode\/kirju-mini-heart-akruulist-korvarongad-must\/#breadcrumb","itemListElement":[{"@type":"ListItem","position":1,"name":"Avaleht","item":"https:\/\/www.talidesign.eu\/et\/"},{"@type":"ListItem","position":2,"name":"Pood","item":"https:\/\/www.talidesign.eu\/et\/pood\/"},{"@type":"ListItem","position":3,"name":"Kirju Mini Heart akr\u00fc\u00fclist k\u00f5rvar\u00f5ngad Must"}]},{"@type":"WebSite","@id":"https:\/\/www.talidesign.eu\/et\/#website","url":"https:\/\/www.talidesign.eu\/et\/","name":"TALI Concept Store","description":"Suurim Disainipood Eestis","potentialAction":[{"@type":"SearchAction","target":{"@type":"EntryPoint","urlTemplate":"https:\/\/www.talidesign.eu\/et\/?s={search_term_string}"},"query-input":{"@type":"PropertyValueSpecification","valueRequired":true,"valueName":"search_term_string"}}],"inLanguage":"et"}]}},"_links":{"self":[{"href":"https:\/\/www.talidesign.eu\/et\/wp-json\/wp\/v2\/product\/50728","targetHints":{"allow":["GET"]}}],"collection":[{"href":"https:\/\/www.talidesign.eu\/et\/wp-json\/wp\/v2\/product"}],"about":[{"href":"https:\/\/www.talidesign.eu\/et\/wp-json\/wp\/v2\/types\/product"}],"wp:featuredmedia":[{"embeddable":true,"href":"https:\/\/www.talidesign.eu\/et\/wp-json\/wp\/v2\/media\/50703"}],"wp:attachment":[{"href":"https:\/\/www.talidesign.eu\/et\/wp-json\/wp\/v2\/media?parent=50728"}],"wp:term":[{"taxonomy":"product_brand","embeddable":true,"href":"https:\/\/www.talidesign.eu\/et\/wp-json\/wp\/v2\/product_brand?post=50728"},{"taxonomy":"product_cat","embeddable":true,"href":"https:\/\/www.talidesign.eu\/et\/wp-json\/wp\/v2\/product_cat?post=50728"},{"taxonomy":"product_tag","embeddable":true,"href":"https:\/\/www.talidesign.eu\/et\/wp-json\/wp\/v2\/product_tag?post=50728"}],"curies":[{"name":"wp","href":"https:\/\/api.w.org\/{rel}","templated":true}]}}