{"id":51213,"date":"2022-02-07T22:20:28","date_gmt":"2022-02-07T20:20:28","guid":{"rendered":"https:\/\/www.talidesign.eu\/?post_type=product&#038;p=51213"},"modified":"2022-07-02T22:47:04","modified_gmt":"2022-07-02T19:47:04","slug":"villa-collection-ulm-seljapesu-kasn","status":"publish","type":"product","link":"https:\/\/www.talidesign.eu\/et\/pood\/toode\/villa-collection-ulm-seljapesu-kasn\/","title":{"rendered":"Villa Collection Ulm Seljapesu K\u00e4sn"},"content":{"rendered":"<p><strong>Ulm Seljapesu K\u00e4sn<\/strong><\/p>\n<p>Kanepist valmistatud seljapesu k\u00e4sn.<\/p>\n<p>\u2022 Kanepist<br \/>\n\u2022 50 x 11 x 1.5 cm<br \/>\n\u2022 <a href=\"\/et\/tootekategooria\/brandid\/villa-collection-et\/\">Br\u00e4nd Villa Collection<\/a><\/p>\n<p><strong>Br\u00e4ndist<\/strong><\/p>\n<p>Villa Collection Denmark on loovuse ja klassikalise p\u00f5hjamaise DNA kehastus. Meie mantra on, et praeguseid interj\u00f6\u00f6ritrende peab olema lihtne j\u00e4rgida, tegemata j\u00e4releandmisi detailide v\u00f5i materjalide kvaliteedis. Seega t\u00f6\u00f6tame peamiselt koduaksessuaaridega, kus k\u00e4sit\u00f6\u00f6 m\u00e4ngib suurt rolli, sest k\u00e4sitsi valmistatud asjad on loodud kirega, mis tuleb otse s\u00fcdamest.<\/p>\n<p><a href=\"\/et\/tootekategooria\/brandid\/villa-collection-et\/\"><img loading=\"lazy\" decoding=\"async\" src=\"https:\/\/www.talidesign.eu\/wp\/wp-content\/uploads\/2022\/02\/villa-collection.jpg\" alt=\"\" width=\"500\" height=\"100\" class=\"alignnone size-full wp-image-51168\" \/><\/a><\/p>\n","protected":false},"excerpt":{"rendered":"<p><strong>Ulm Seljapesu K\u00e4sn<\/strong><\/p>\n<p>Kanepist valmistatud seljapesu k\u00e4sn.<\/p>\n<p>\u2022 Kanepist<br \/>\n\u2022 50 x 11 x 1.5 cm<br \/>\n\u2022 <a href=\"\/et\/tootekategooria\/brandid\/villa-collection-et\/\">Br\u00e4nd Villa Collection<\/a><\/p>\n<p><strong>Br\u00e4ndist<\/strong><\/p>\n<p>Villa Collection Denmark on loovuse ja klassikalise p\u00f5hjamaise DNA kehastus. Meie mantra on, et praeguseid interj\u00f6\u00f6ritrende peab olema lihtne j\u00e4rgida, tegemata j\u00e4releandmisi detailide v\u00f5i materjalide kvaliteedis. Seega t\u00f6\u00f6tame peamiselt koduaksessuaaridega, kus k\u00e4sit\u00f6\u00f6 m\u00e4ngib suurt rolli, sest k\u00e4sitsi valmistatud asjad on loodud kirega, mis tuleb otse s\u00fcdamest.<\/p>\n<p><a href=\"\/et\/tootekategooria\/brandid\/villa-collection-et\/\"><img loading=\"lazy\" decoding=\"async\" src=\"https:\/\/www.talidesign.eu\/wp\/wp-content\/uploads\/2022\/02\/villa-collection.jpg\" alt=\"\" width=\"500\" height=\"100\" class=\"alignnone size-full wp-image-51168\" \/><\/a><\/p>\n","protected":false},"featured_media":51221,"template":"","meta":[],"product_brand":[],"product_cat":[1026,1018,1110,1100,1091],"product_tag":[2055],"class_list":{"0":"post-51213","1":"product","2":"type-product","3":"status-publish","4":"has-post-thumbnail","6":"product_cat-brandid","7":"product_cat-kodu","8":"product_cat-kodutekstiil","9":"product_cat-vannituba","10":"product_cat-villa-collection-et","11":"product_tag-villa-collection-et","13":"first","14":"outofstock","15":"taxable","16":"shipping-taxable","17":"purchasable","18":"product-type-simple"},"yoast_head":"<!-- This site is optimized with the Yoast SEO plugin v27.3 - https:\/\/yoast.com\/product\/yoast-seo-wordpress\/ -->\n<title>Villa Collection Ulm Seljapesu K\u00e4sn - TALI Concept Store<\/title>\n<meta name=\"description\" content=\"Avasta Villa Collection Ulm Seljapesu K\u00e4sn - kanepist valmistatud seljapesu k\u00e4sn, mis toob sinu vannituppa loovust ja klassikalist p\u00f5hjamaist stiili. Tutvu l\u00e4hemalt!\" \/>\n<meta name=\"robots\" content=\"index, follow, max-snippet:-1, max-image-preview:large, max-video-preview:-1\" \/>\n<link rel=\"canonical\" href=\"https:\/\/www.talidesign.eu\/et\/pood\/toode\/villa-collection-ulm-seljapesu-kasn\/\" \/>\n<meta property=\"og:locale\" content=\"et_EE\" \/>\n<meta property=\"og:type\" content=\"article\" \/>\n<meta property=\"og:title\" content=\"Villa Collection Ulm Seljapesu K\u00e4sn - TALI Concept Store\" \/>\n<meta property=\"og:description\" content=\"Avasta Villa Collection Ulm Seljapesu K\u00e4sn - kanepist valmistatud seljapesu k\u00e4sn, mis toob sinu vannituppa loovust ja klassikalist p\u00f5hjamaist stiili. Tutvu l\u00e4hemalt!\" \/>\n<meta property=\"og:url\" content=\"https:\/\/www.talidesign.eu\/et\/pood\/toode\/villa-collection-ulm-seljapesu-kasn\/\" \/>\n<meta property=\"og:site_name\" content=\"TALI Concept Store\" \/>\n<meta property=\"article:publisher\" content=\"https:\/\/www.facebook.com\/TaliDisain\/\" \/>\n<meta property=\"article:modified_time\" content=\"2022-07-02T19:47:04+00:00\" \/>\n<meta property=\"og:image\" content=\"https:\/\/www.talidesign.eu\/wp\/wp-content\/uploads\/2022\/02\/villa-collection-ulm-back-scrubber.jpg\" \/>\n\t<meta property=\"og:image:width\" content=\"768\" \/>\n\t<meta property=\"og:image:height\" content=\"768\" \/>\n\t<meta property=\"og:image:type\" content=\"image\/jpeg\" \/>\n<meta name=\"twitter:card\" content=\"summary_large_image\" \/>\n<script type=\"application\/ld+json\" class=\"yoast-schema-graph\">{\"@context\":\"https:\\\/\\\/schema.org\",\"@graph\":[{\"@type\":\"WebPage\",\"@id\":\"https:\\\/\\\/www.talidesign.eu\\\/et\\\/pood\\\/toode\\\/villa-collection-ulm-seljapesu-kasn\\\/\",\"url\":\"https:\\\/\\\/www.talidesign.eu\\\/et\\\/pood\\\/toode\\\/villa-collection-ulm-seljapesu-kasn\\\/\",\"name\":\"Villa Collection Ulm Seljapesu K\u00e4sn - TALI Concept Store\",\"isPartOf\":{\"@id\":\"https:\\\/\\\/www.talidesign.eu\\\/et\\\/#website\"},\"primaryImageOfPage\":{\"@id\":\"https:\\\/\\\/www.talidesign.eu\\\/et\\\/pood\\\/toode\\\/villa-collection-ulm-seljapesu-kasn\\\/#primaryimage\"},\"image\":{\"@id\":\"https:\\\/\\\/www.talidesign.eu\\\/et\\\/pood\\\/toode\\\/villa-collection-ulm-seljapesu-kasn\\\/#primaryimage\"},\"thumbnailUrl\":\"https:\\\/\\\/www.talidesign.eu\\\/wp\\\/wp-content\\\/uploads\\\/2022\\\/02\\\/villa-collection-ulm-back-scrubber.jpg\",\"datePublished\":\"2022-02-07T20:20:28+00:00\",\"dateModified\":\"2022-07-02T19:47:04+00:00\",\"description\":\"Avasta Villa Collection Ulm Seljapesu K\u00e4sn - kanepist valmistatud seljapesu k\u00e4sn, mis toob sinu vannituppa loovust ja klassikalist p\u00f5hjamaist stiili. Tutvu l\u00e4hemalt!\",\"breadcrumb\":{\"@id\":\"https:\\\/\\\/www.talidesign.eu\\\/et\\\/pood\\\/toode\\\/villa-collection-ulm-seljapesu-kasn\\\/#breadcrumb\"},\"inLanguage\":\"et\",\"potentialAction\":[{\"@type\":\"ReadAction\",\"target\":[\"https:\\\/\\\/www.talidesign.eu\\\/et\\\/pood\\\/toode\\\/villa-collection-ulm-seljapesu-kasn\\\/\"]}]},{\"@type\":\"ImageObject\",\"inLanguage\":\"et\",\"@id\":\"https:\\\/\\\/www.talidesign.eu\\\/et\\\/pood\\\/toode\\\/villa-collection-ulm-seljapesu-kasn\\\/#primaryimage\",\"url\":\"https:\\\/\\\/www.talidesign.eu\\\/wp\\\/wp-content\\\/uploads\\\/2022\\\/02\\\/villa-collection-ulm-back-scrubber.jpg\",\"contentUrl\":\"https:\\\/\\\/www.talidesign.eu\\\/wp\\\/wp-content\\\/uploads\\\/2022\\\/02\\\/villa-collection-ulm-back-scrubber.jpg\",\"width\":768,\"height\":768},{\"@type\":\"BreadcrumbList\",\"@id\":\"https:\\\/\\\/www.talidesign.eu\\\/et\\\/pood\\\/toode\\\/villa-collection-ulm-seljapesu-kasn\\\/#breadcrumb\",\"itemListElement\":[{\"@type\":\"ListItem\",\"position\":1,\"name\":\"Avaleht\",\"item\":\"https:\\\/\\\/www.talidesign.eu\\\/et\\\/\"},{\"@type\":\"ListItem\",\"position\":2,\"name\":\"Pood\",\"item\":\"https:\\\/\\\/www.talidesign.eu\\\/et\\\/pood\\\/\"},{\"@type\":\"ListItem\",\"position\":3,\"name\":\"Villa Collection Ulm Seljapesu K\u00e4sn\"}]},{\"@type\":\"WebSite\",\"@id\":\"https:\\\/\\\/www.talidesign.eu\\\/et\\\/#website\",\"url\":\"https:\\\/\\\/www.talidesign.eu\\\/et\\\/\",\"name\":\"TALI Concept Store\",\"description\":\"Suurim Disainipood Eestis\",\"potentialAction\":[{\"@type\":\"SearchAction\",\"target\":{\"@type\":\"EntryPoint\",\"urlTemplate\":\"https:\\\/\\\/www.talidesign.eu\\\/et\\\/?s={search_term_string}\"},\"query-input\":{\"@type\":\"PropertyValueSpecification\",\"valueRequired\":true,\"valueName\":\"search_term_string\"}}],\"inLanguage\":\"et\"}]}<\/script>\n<!-- \/ Yoast SEO plugin. -->","yoast_head_json":{"title":"Villa Collection Ulm Seljapesu K\u00e4sn - TALI Concept Store","description":"Avasta Villa Collection Ulm Seljapesu K\u00e4sn - kanepist valmistatud seljapesu k\u00e4sn, mis toob sinu vannituppa loovust ja klassikalist p\u00f5hjamaist stiili. Tutvu l\u00e4hemalt!","robots":{"index":"index","follow":"follow","max-snippet":"max-snippet:-1","max-image-preview":"max-image-preview:large","max-video-preview":"max-video-preview:-1"},"canonical":"https:\/\/www.talidesign.eu\/et\/pood\/toode\/villa-collection-ulm-seljapesu-kasn\/","og_locale":"et_EE","og_type":"article","og_title":"Villa Collection Ulm Seljapesu K\u00e4sn - TALI Concept Store","og_description":"Avasta Villa Collection Ulm Seljapesu K\u00e4sn - kanepist valmistatud seljapesu k\u00e4sn, mis toob sinu vannituppa loovust ja klassikalist p\u00f5hjamaist stiili. Tutvu l\u00e4hemalt!","og_url":"https:\/\/www.talidesign.eu\/et\/pood\/toode\/villa-collection-ulm-seljapesu-kasn\/","og_site_name":"TALI Concept Store","article_publisher":"https:\/\/www.facebook.com\/TaliDisain\/","article_modified_time":"2022-07-02T19:47:04+00:00","og_image":[{"width":768,"height":768,"url":"https:\/\/www.talidesign.eu\/wp\/wp-content\/uploads\/2022\/02\/villa-collection-ulm-back-scrubber.jpg","type":"image\/jpeg"}],"twitter_card":"summary_large_image","schema":{"@context":"https:\/\/schema.org","@graph":[{"@type":"WebPage","@id":"https:\/\/www.talidesign.eu\/et\/pood\/toode\/villa-collection-ulm-seljapesu-kasn\/","url":"https:\/\/www.talidesign.eu\/et\/pood\/toode\/villa-collection-ulm-seljapesu-kasn\/","name":"Villa Collection Ulm Seljapesu K\u00e4sn - TALI Concept Store","isPartOf":{"@id":"https:\/\/www.talidesign.eu\/et\/#website"},"primaryImageOfPage":{"@id":"https:\/\/www.talidesign.eu\/et\/pood\/toode\/villa-collection-ulm-seljapesu-kasn\/#primaryimage"},"image":{"@id":"https:\/\/www.talidesign.eu\/et\/pood\/toode\/villa-collection-ulm-seljapesu-kasn\/#primaryimage"},"thumbnailUrl":"https:\/\/www.talidesign.eu\/wp\/wp-content\/uploads\/2022\/02\/villa-collection-ulm-back-scrubber.jpg","datePublished":"2022-02-07T20:20:28+00:00","dateModified":"2022-07-02T19:47:04+00:00","description":"Avasta Villa Collection Ulm Seljapesu K\u00e4sn - kanepist valmistatud seljapesu k\u00e4sn, mis toob sinu vannituppa loovust ja klassikalist p\u00f5hjamaist stiili. Tutvu l\u00e4hemalt!","breadcrumb":{"@id":"https:\/\/www.talidesign.eu\/et\/pood\/toode\/villa-collection-ulm-seljapesu-kasn\/#breadcrumb"},"inLanguage":"et","potentialAction":[{"@type":"ReadAction","target":["https:\/\/www.talidesign.eu\/et\/pood\/toode\/villa-collection-ulm-seljapesu-kasn\/"]}]},{"@type":"ImageObject","inLanguage":"et","@id":"https:\/\/www.talidesign.eu\/et\/pood\/toode\/villa-collection-ulm-seljapesu-kasn\/#primaryimage","url":"https:\/\/www.talidesign.eu\/wp\/wp-content\/uploads\/2022\/02\/villa-collection-ulm-back-scrubber.jpg","contentUrl":"https:\/\/www.talidesign.eu\/wp\/wp-content\/uploads\/2022\/02\/villa-collection-ulm-back-scrubber.jpg","width":768,"height":768},{"@type":"BreadcrumbList","@id":"https:\/\/www.talidesign.eu\/et\/pood\/toode\/villa-collection-ulm-seljapesu-kasn\/#breadcrumb","itemListElement":[{"@type":"ListItem","position":1,"name":"Avaleht","item":"https:\/\/www.talidesign.eu\/et\/"},{"@type":"ListItem","position":2,"name":"Pood","item":"https:\/\/www.talidesign.eu\/et\/pood\/"},{"@type":"ListItem","position":3,"name":"Villa Collection Ulm Seljapesu K\u00e4sn"}]},{"@type":"WebSite","@id":"https:\/\/www.talidesign.eu\/et\/#website","url":"https:\/\/www.talidesign.eu\/et\/","name":"TALI Concept Store","description":"Suurim Disainipood Eestis","potentialAction":[{"@type":"SearchAction","target":{"@type":"EntryPoint","urlTemplate":"https:\/\/www.talidesign.eu\/et\/?s={search_term_string}"},"query-input":{"@type":"PropertyValueSpecification","valueRequired":true,"valueName":"search_term_string"}}],"inLanguage":"et"}]}},"_links":{"self":[{"href":"https:\/\/www.talidesign.eu\/et\/wp-json\/wp\/v2\/product\/51213","targetHints":{"allow":["GET"]}}],"collection":[{"href":"https:\/\/www.talidesign.eu\/et\/wp-json\/wp\/v2\/product"}],"about":[{"href":"https:\/\/www.talidesign.eu\/et\/wp-json\/wp\/v2\/types\/product"}],"wp:featuredmedia":[{"embeddable":true,"href":"https:\/\/www.talidesign.eu\/et\/wp-json\/wp\/v2\/media\/51221"}],"wp:attachment":[{"href":"https:\/\/www.talidesign.eu\/et\/wp-json\/wp\/v2\/media?parent=51213"}],"wp:term":[{"taxonomy":"product_brand","embeddable":true,"href":"https:\/\/www.talidesign.eu\/et\/wp-json\/wp\/v2\/product_brand?post=51213"},{"taxonomy":"product_cat","embeddable":true,"href":"https:\/\/www.talidesign.eu\/et\/wp-json\/wp\/v2\/product_cat?post=51213"},{"taxonomy":"product_tag","embeddable":true,"href":"https:\/\/www.talidesign.eu\/et\/wp-json\/wp\/v2\/product_tag?post=51213"}],"curies":[{"name":"wp","href":"https:\/\/api.w.org\/{rel}","templated":true}]}}