{"id":51400,"date":"2022-02-08T23:01:14","date_gmt":"2022-02-08T21:01:14","guid":{"rendered":"https:\/\/www.talidesign.eu\/?post_type=product&#038;p=51400"},"modified":"2024-10-11T12:49:29","modified_gmt":"2024-10-11T09:49:29","slug":"zone-rim-klaasipuhasti-52-x-30cm-valge","status":"publish","type":"product","link":"https:\/\/www.talidesign.eu\/et\/pood\/toode\/zone-rim-klaasipuhasti-52-x-30cm-valge\/","title":{"rendered":"Zone Rim Klaasipuhasti 52 x 30cm Valge"},"content":{"rendered":"<p><strong>Klaasipuhasti 52 x 30cm Valge<\/strong><\/p>\n<p>Funktsionaalne ja elegantse disainiga puhasti, mida on meeldiv kasutada ning mis eemaldab h\u00f5lpsasti vee k\u00f5ikidelt siledatelt pindadelt.<br \/>\nKlaasipuhasti saab kinnitada mugavalt hoidja abil.<\/p>\n<p>\u2022 Valge<br \/>\n\u2022 30 x 52 cm<br \/>\n\u2022 Silikoon\/Metall<br \/>\n\u2022 <a href=\"\/et\/tootekategooria\/brandid\/zone-denmark-et\/\">Br\u00e4nd Zone Denmark<\/a><\/p>\n<p>Rim kollektiooni tooted on valmistatud tugevast pulberv\u00e4rvitud alumiiniumist ja taluvad aastaid vannitoas kasutamist.<\/p>\n<p><strong>Tutvu Rim-kollektsiooni disaineritega!<\/strong><\/p>\n<p>Rim-kollektsiooni on loonud Taani disainib\u00fcroo VE2 kolmik Tilde Nygaard, Hugo Dines Schmidt ja Morten Lauritzen. Nende loodud lahendused on funktsionaalsed, esteetilised ja vastupidavad ning alati lihtsalt kombineeritavad teiste toodetega.<\/p>\n<p><a href=\"https:\/\/www.talidesign.eu\/wp\/wp-content\/uploads\/2021\/03\/2-1.jpg\"><img loading=\"lazy\" decoding=\"async\" src=\"https:\/\/www.talidesign.eu\/wp\/wp-content\/uploads\/2021\/03\/2-1.jpg\" alt=\"\" width=\"1278\" height=\"753\" class=\"alignnone size-full wp-image-22767\" srcset=\"https:\/\/www.talidesign.eu\/wp\/wp-content\/uploads\/2021\/03\/2-1.jpg 1278w, https:\/\/www.talidesign.eu\/wp\/wp-content\/uploads\/2021\/03\/2-1-679x400.jpg 679w, https:\/\/www.talidesign.eu\/wp\/wp-content\/uploads\/2021\/03\/2-1-768x453.jpg 768w, https:\/\/www.talidesign.eu\/wp\/wp-content\/uploads\/2021\/03\/2-1-500x295.jpg 500w, https:\/\/www.talidesign.eu\/wp\/wp-content\/uploads\/2021\/03\/2-1-510x300.jpg 510w\" sizes=\"auto, (max-width: 1278px) 100vw, 1278px\" \/><\/a><a href=\"\/product-category\/designers\/zone-denmark\/\"><img loading=\"lazy\" decoding=\"async\" src=\"https:\/\/www.talidesign.eu\/wp\/wp-content\/uploads\/2021\/03\/logo-6.jpg\" alt=\"\" width=\"500\" height=\"100\" class=\"alignnone size-full wp-image-24694\" \/><\/a><\/p>\n","protected":false},"excerpt":{"rendered":"<p><strong>Klaasipuhasti 52 x 30cm Valge<\/strong><\/p>\n<p>Funktsionaalne ja elegantse disainiga puhasti, mida on meeldiv kasutada ning mis eemaldab h\u00f5lpsasti vee k\u00f5ikidelt siledatelt pindadelt.<br \/>\nKlaasipuhasti saab kinnitada mugavalt hoidja abil.<\/p>\n<p>\u2022 Valge<br \/>\n\u2022 30 x 52 cm<br \/>\n\u2022 Silikoon\/Metall<br \/>\n\u2022 <a href=\"\/et\/tootekategooria\/brandid\/zone-denmark-et\/\">Br\u00e4nd Zone Denmark<\/a><\/p>\n<p>Rim kollektiooni tooted on valmistatud tugevast pulberv\u00e4rvitud alumiiniumist ja taluvad aastaid vannitoas kasutamist.<\/p>\n<p><strong>Tutvu Rim-kollektsiooni disaineritega!<\/strong><\/p>\n<p>Rim-kollektsiooni on loonud Taani disainib\u00fcroo VE2 kolmik Tilde Nygaard, Hugo Dines Schmidt ja Morten Lauritzen. Nende loodud lahendused on funktsionaalsed, esteetilised ja vastupidavad ning alati lihtsalt kombineeritavad teiste toodetega.<\/p>\n<p><a href=\"https:\/\/www.talidesign.eu\/wp\/wp-content\/uploads\/2021\/03\/2-1.jpg\"><img loading=\"lazy\" decoding=\"async\" src=\"https:\/\/www.talidesign.eu\/wp\/wp-content\/uploads\/2021\/03\/2-1.jpg\" alt=\"\" width=\"1278\" height=\"753\" class=\"alignnone size-full wp-image-22767\" srcset=\"https:\/\/www.talidesign.eu\/wp\/wp-content\/uploads\/2021\/03\/2-1.jpg 1278w, https:\/\/www.talidesign.eu\/wp\/wp-content\/uploads\/2021\/03\/2-1-679x400.jpg 679w, https:\/\/www.talidesign.eu\/wp\/wp-content\/uploads\/2021\/03\/2-1-768x453.jpg 768w, https:\/\/www.talidesign.eu\/wp\/wp-content\/uploads\/2021\/03\/2-1-500x295.jpg 500w, https:\/\/www.talidesign.eu\/wp\/wp-content\/uploads\/2021\/03\/2-1-510x300.jpg 510w\" sizes=\"auto, (max-width: 1278px) 100vw, 1278px\" \/><\/a><a href=\"\/product-category\/designers\/zone-denmark\/\"><img loading=\"lazy\" decoding=\"async\" src=\"https:\/\/www.talidesign.eu\/wp\/wp-content\/uploads\/2021\/03\/logo-6.jpg\" alt=\"\" width=\"500\" height=\"100\" class=\"alignnone size-full wp-image-24694\" \/><\/a><\/p>\n","protected":false},"featured_media":52108,"template":"","meta":[],"product_brand":[],"product_cat":[1026,1018,1030,1103,1100,1095],"product_tag":[1180],"class_list":{"0":"post-51400","1":"product","2":"type-product","3":"status-publish","4":"has-post-thumbnail","6":"product_cat-brandid","7":"product_cat-kodu","8":"product_cat-kook","9":"product_cat-puhastusvahendid","10":"product_cat-vannituba","11":"product_cat-zone-denmark-et","12":"product_tag-zone-et","14":"first","15":"onbackorder","16":"taxable","17":"shipping-taxable","18":"purchasable","19":"product-type-simple"},"yoast_head":"<!-- This site is optimized with the Yoast SEO plugin v27.3 - https:\/\/yoast.com\/product\/yoast-seo-wordpress\/ -->\n<title>Zone Rim Klaasipuhasti 52 x 30cm Valge - TALI Concept Store<\/title>\n<meta name=\"description\" content=\"Funktsionaalne ja elegantne Zone Rim klaasipuhasti, mis eemaldab h\u00f5lpsasti vee siledatelt pindadelt. Valge v\u00e4rv sobib igasse interj\u00f6\u00f6ri.\" \/>\n<meta name=\"robots\" content=\"index, follow, max-snippet:-1, max-image-preview:large, max-video-preview:-1\" \/>\n<link rel=\"canonical\" href=\"https:\/\/www.talidesign.eu\/et\/pood\/toode\/zone-rim-klaasipuhasti-52-x-30cm-valge\/\" \/>\n<meta property=\"og:locale\" content=\"et_EE\" \/>\n<meta property=\"og:type\" content=\"article\" \/>\n<meta property=\"og:title\" content=\"Zone Rim Klaasipuhasti 52 x 30cm Valge - TALI Concept Store\" \/>\n<meta property=\"og:description\" content=\"Funktsionaalne ja elegantne Zone Rim klaasipuhasti, mis eemaldab h\u00f5lpsasti vee siledatelt pindadelt. Valge v\u00e4rv sobib igasse interj\u00f6\u00f6ri.\" \/>\n<meta property=\"og:url\" content=\"https:\/\/www.talidesign.eu\/et\/pood\/toode\/zone-rim-klaasipuhasti-52-x-30cm-valge\/\" \/>\n<meta property=\"og:site_name\" content=\"TALI Concept Store\" \/>\n<meta property=\"article:publisher\" content=\"https:\/\/www.facebook.com\/TaliDisain\/\" \/>\n<meta property=\"article:modified_time\" content=\"2024-10-11T09:49:29+00:00\" \/>\n<meta property=\"og:image\" content=\"https:\/\/www.talidesign.eu\/wp\/wp-content\/uploads\/2022\/02\/zone-rim-wiper-52-x-30cm-white.jpg\" \/>\n\t<meta property=\"og:image:width\" content=\"768\" \/>\n\t<meta property=\"og:image:height\" content=\"768\" \/>\n\t<meta property=\"og:image:type\" content=\"image\/jpeg\" \/>\n<meta name=\"twitter:card\" content=\"summary_large_image\" \/>\n<script type=\"application\/ld+json\" class=\"yoast-schema-graph\">{\"@context\":\"https:\\\/\\\/schema.org\",\"@graph\":[{\"@type\":\"WebPage\",\"@id\":\"https:\\\/\\\/www.talidesign.eu\\\/et\\\/pood\\\/toode\\\/zone-rim-klaasipuhasti-52-x-30cm-valge\\\/\",\"url\":\"https:\\\/\\\/www.talidesign.eu\\\/et\\\/pood\\\/toode\\\/zone-rim-klaasipuhasti-52-x-30cm-valge\\\/\",\"name\":\"Zone Rim Klaasipuhasti 52 x 30cm Valge - TALI Concept Store\",\"isPartOf\":{\"@id\":\"https:\\\/\\\/www.talidesign.eu\\\/et\\\/#website\"},\"primaryImageOfPage\":{\"@id\":\"https:\\\/\\\/www.talidesign.eu\\\/et\\\/pood\\\/toode\\\/zone-rim-klaasipuhasti-52-x-30cm-valge\\\/#primaryimage\"},\"image\":{\"@id\":\"https:\\\/\\\/www.talidesign.eu\\\/et\\\/pood\\\/toode\\\/zone-rim-klaasipuhasti-52-x-30cm-valge\\\/#primaryimage\"},\"thumbnailUrl\":\"https:\\\/\\\/www.talidesign.eu\\\/wp\\\/wp-content\\\/uploads\\\/2022\\\/02\\\/zone-rim-wiper-52-x-30cm-white.jpg\",\"datePublished\":\"2022-02-08T21:01:14+00:00\",\"dateModified\":\"2024-10-11T09:49:29+00:00\",\"description\":\"Funktsionaalne ja elegantne Zone Rim klaasipuhasti, mis eemaldab h\u00f5lpsasti vee siledatelt pindadelt. Valge v\u00e4rv sobib igasse interj\u00f6\u00f6ri.\",\"breadcrumb\":{\"@id\":\"https:\\\/\\\/www.talidesign.eu\\\/et\\\/pood\\\/toode\\\/zone-rim-klaasipuhasti-52-x-30cm-valge\\\/#breadcrumb\"},\"inLanguage\":\"et\",\"potentialAction\":[{\"@type\":\"ReadAction\",\"target\":[\"https:\\\/\\\/www.talidesign.eu\\\/et\\\/pood\\\/toode\\\/zone-rim-klaasipuhasti-52-x-30cm-valge\\\/\"]}]},{\"@type\":\"ImageObject\",\"inLanguage\":\"et\",\"@id\":\"https:\\\/\\\/www.talidesign.eu\\\/et\\\/pood\\\/toode\\\/zone-rim-klaasipuhasti-52-x-30cm-valge\\\/#primaryimage\",\"url\":\"https:\\\/\\\/www.talidesign.eu\\\/wp\\\/wp-content\\\/uploads\\\/2022\\\/02\\\/zone-rim-wiper-52-x-30cm-white.jpg\",\"contentUrl\":\"https:\\\/\\\/www.talidesign.eu\\\/wp\\\/wp-content\\\/uploads\\\/2022\\\/02\\\/zone-rim-wiper-52-x-30cm-white.jpg\",\"width\":768,\"height\":768},{\"@type\":\"BreadcrumbList\",\"@id\":\"https:\\\/\\\/www.talidesign.eu\\\/et\\\/pood\\\/toode\\\/zone-rim-klaasipuhasti-52-x-30cm-valge\\\/#breadcrumb\",\"itemListElement\":[{\"@type\":\"ListItem\",\"position\":1,\"name\":\"Avaleht\",\"item\":\"https:\\\/\\\/www.talidesign.eu\\\/et\\\/\"},{\"@type\":\"ListItem\",\"position\":2,\"name\":\"Pood\",\"item\":\"https:\\\/\\\/www.talidesign.eu\\\/et\\\/pood\\\/\"},{\"@type\":\"ListItem\",\"position\":3,\"name\":\"Zone Rim Klaasipuhasti 52 x 30cm Valge\"}]},{\"@type\":\"WebSite\",\"@id\":\"https:\\\/\\\/www.talidesign.eu\\\/et\\\/#website\",\"url\":\"https:\\\/\\\/www.talidesign.eu\\\/et\\\/\",\"name\":\"TALI Concept Store\",\"description\":\"Suurim Disainipood Eestis\",\"potentialAction\":[{\"@type\":\"SearchAction\",\"target\":{\"@type\":\"EntryPoint\",\"urlTemplate\":\"https:\\\/\\\/www.talidesign.eu\\\/et\\\/?s={search_term_string}\"},\"query-input\":{\"@type\":\"PropertyValueSpecification\",\"valueRequired\":true,\"valueName\":\"search_term_string\"}}],\"inLanguage\":\"et\"}]}<\/script>\n<!-- \/ Yoast SEO plugin. -->","yoast_head_json":{"title":"Zone Rim Klaasipuhasti 52 x 30cm Valge - TALI Concept Store","description":"Funktsionaalne ja elegantne Zone Rim klaasipuhasti, mis eemaldab h\u00f5lpsasti vee siledatelt pindadelt. Valge v\u00e4rv sobib igasse interj\u00f6\u00f6ri.","robots":{"index":"index","follow":"follow","max-snippet":"max-snippet:-1","max-image-preview":"max-image-preview:large","max-video-preview":"max-video-preview:-1"},"canonical":"https:\/\/www.talidesign.eu\/et\/pood\/toode\/zone-rim-klaasipuhasti-52-x-30cm-valge\/","og_locale":"et_EE","og_type":"article","og_title":"Zone Rim Klaasipuhasti 52 x 30cm Valge - TALI Concept Store","og_description":"Funktsionaalne ja elegantne Zone Rim klaasipuhasti, mis eemaldab h\u00f5lpsasti vee siledatelt pindadelt. Valge v\u00e4rv sobib igasse interj\u00f6\u00f6ri.","og_url":"https:\/\/www.talidesign.eu\/et\/pood\/toode\/zone-rim-klaasipuhasti-52-x-30cm-valge\/","og_site_name":"TALI Concept Store","article_publisher":"https:\/\/www.facebook.com\/TaliDisain\/","article_modified_time":"2024-10-11T09:49:29+00:00","og_image":[{"width":768,"height":768,"url":"https:\/\/www.talidesign.eu\/wp\/wp-content\/uploads\/2022\/02\/zone-rim-wiper-52-x-30cm-white.jpg","type":"image\/jpeg"}],"twitter_card":"summary_large_image","schema":{"@context":"https:\/\/schema.org","@graph":[{"@type":"WebPage","@id":"https:\/\/www.talidesign.eu\/et\/pood\/toode\/zone-rim-klaasipuhasti-52-x-30cm-valge\/","url":"https:\/\/www.talidesign.eu\/et\/pood\/toode\/zone-rim-klaasipuhasti-52-x-30cm-valge\/","name":"Zone Rim Klaasipuhasti 52 x 30cm Valge - TALI Concept Store","isPartOf":{"@id":"https:\/\/www.talidesign.eu\/et\/#website"},"primaryImageOfPage":{"@id":"https:\/\/www.talidesign.eu\/et\/pood\/toode\/zone-rim-klaasipuhasti-52-x-30cm-valge\/#primaryimage"},"image":{"@id":"https:\/\/www.talidesign.eu\/et\/pood\/toode\/zone-rim-klaasipuhasti-52-x-30cm-valge\/#primaryimage"},"thumbnailUrl":"https:\/\/www.talidesign.eu\/wp\/wp-content\/uploads\/2022\/02\/zone-rim-wiper-52-x-30cm-white.jpg","datePublished":"2022-02-08T21:01:14+00:00","dateModified":"2024-10-11T09:49:29+00:00","description":"Funktsionaalne ja elegantne Zone Rim klaasipuhasti, mis eemaldab h\u00f5lpsasti vee siledatelt pindadelt. Valge v\u00e4rv sobib igasse interj\u00f6\u00f6ri.","breadcrumb":{"@id":"https:\/\/www.talidesign.eu\/et\/pood\/toode\/zone-rim-klaasipuhasti-52-x-30cm-valge\/#breadcrumb"},"inLanguage":"et","potentialAction":[{"@type":"ReadAction","target":["https:\/\/www.talidesign.eu\/et\/pood\/toode\/zone-rim-klaasipuhasti-52-x-30cm-valge\/"]}]},{"@type":"ImageObject","inLanguage":"et","@id":"https:\/\/www.talidesign.eu\/et\/pood\/toode\/zone-rim-klaasipuhasti-52-x-30cm-valge\/#primaryimage","url":"https:\/\/www.talidesign.eu\/wp\/wp-content\/uploads\/2022\/02\/zone-rim-wiper-52-x-30cm-white.jpg","contentUrl":"https:\/\/www.talidesign.eu\/wp\/wp-content\/uploads\/2022\/02\/zone-rim-wiper-52-x-30cm-white.jpg","width":768,"height":768},{"@type":"BreadcrumbList","@id":"https:\/\/www.talidesign.eu\/et\/pood\/toode\/zone-rim-klaasipuhasti-52-x-30cm-valge\/#breadcrumb","itemListElement":[{"@type":"ListItem","position":1,"name":"Avaleht","item":"https:\/\/www.talidesign.eu\/et\/"},{"@type":"ListItem","position":2,"name":"Pood","item":"https:\/\/www.talidesign.eu\/et\/pood\/"},{"@type":"ListItem","position":3,"name":"Zone Rim Klaasipuhasti 52 x 30cm Valge"}]},{"@type":"WebSite","@id":"https:\/\/www.talidesign.eu\/et\/#website","url":"https:\/\/www.talidesign.eu\/et\/","name":"TALI Concept Store","description":"Suurim Disainipood Eestis","potentialAction":[{"@type":"SearchAction","target":{"@type":"EntryPoint","urlTemplate":"https:\/\/www.talidesign.eu\/et\/?s={search_term_string}"},"query-input":{"@type":"PropertyValueSpecification","valueRequired":true,"valueName":"search_term_string"}}],"inLanguage":"et"}]}},"_links":{"self":[{"href":"https:\/\/www.talidesign.eu\/et\/wp-json\/wp\/v2\/product\/51400","targetHints":{"allow":["GET"]}}],"collection":[{"href":"https:\/\/www.talidesign.eu\/et\/wp-json\/wp\/v2\/product"}],"about":[{"href":"https:\/\/www.talidesign.eu\/et\/wp-json\/wp\/v2\/types\/product"}],"wp:featuredmedia":[{"embeddable":true,"href":"https:\/\/www.talidesign.eu\/et\/wp-json\/wp\/v2\/media\/52108"}],"wp:attachment":[{"href":"https:\/\/www.talidesign.eu\/et\/wp-json\/wp\/v2\/media?parent=51400"}],"wp:term":[{"taxonomy":"product_brand","embeddable":true,"href":"https:\/\/www.talidesign.eu\/et\/wp-json\/wp\/v2\/product_brand?post=51400"},{"taxonomy":"product_cat","embeddable":true,"href":"https:\/\/www.talidesign.eu\/et\/wp-json\/wp\/v2\/product_cat?post=51400"},{"taxonomy":"product_tag","embeddable":true,"href":"https:\/\/www.talidesign.eu\/et\/wp-json\/wp\/v2\/product_tag?post=51400"}],"curies":[{"name":"wp","href":"https:\/\/api.w.org\/{rel}","templated":true}]}}