{"id":52859,"date":"2022-03-02T15:13:55","date_gmt":"2022-03-02T13:13:55","guid":{"rendered":"https:\/\/www.talidesign.eu\/?post_type=product&#038;p=52859"},"modified":"2025-08-26T15:39:50","modified_gmt":"2025-08-26T12:39:50","slug":"24bottles-urban-joogipudel-steel-1000ml","status":"publish","type":"product","link":"https:\/\/www.talidesign.eu\/et\/pood\/toode\/24bottles-urban-joogipudel-steel-1000ml\/","title":{"rendered":"24Bottles Urban joogipudel Steel 1000ml"},"content":{"rendered":"<p><strong>Urban joogipudel Steel 1000ml<\/strong><\/p>\n<p>Urban Bottle on k\u00f5ige kergem roostevabast terasest veepudel!<\/p>\n<p>\u2022 <a href=\"\/et\/tootekategooria\/brandid\/24bottles-et\/\">Br\u00e4nd 24Bottles<\/a><br \/>\n\u2022 18\/8 roostevaba teras<br \/>\n\u2022 100% BPA vaba, ftalaatide vaba, toksiinivaba<br \/>\n\u2022 Ei tekita mingit k\u00f5rvalmaitset<br \/>\n\u2022 Lihtsalt avatav lekkekindel kaas<br \/>\n\u2022 Lai ava j\u00e4\u00e4ga t\u00e4itmiseks ja h\u00f5lpsaks puhastamiseks<br \/>\n\u2022 \u00dchekordne terassein<br \/>\n\u2022 Soovitatav k\u00e4sipesu<br \/>\n\u2022 1000 ml<br \/>\n\u2022 Diameeter 8cm<br \/>\n\u2022 K\u00f5rgus: 25.5cm<br \/>\n\u2022 Kaal: 158g<\/p>\n<p><strong>Br\u00e4ndist 24Bottles\u00ae<\/strong><\/p>\n<p>Itaalia br\u00e4ndi asutajate Giovanni Randazzo ja Matteo Melotti eesm\u00e4rk on v\u00e4hendada \u00fchekordse taara mahtu ning selle m\u00f5ju keskkonnale. Pakkudes kvaliteetset toodet ning esteetilist disaini, p\u00fc\u00fcavad disainerid suunata inimesi tervislikuma elustiili ning puhtama keskkonna poole.<\/p>\n<p><a href=https:\/\/www.talidesign.eu\/wp\/wp-content\/uploads\/2020\/04\/24bottle.jpg><img class=\"alignnone size-full wp-image-9609\" src=https:\/\/www.talidesign.eu\/wp\/wp-content\/uploads\/2020\/04\/24bottle.jpg alt=\"\" width=\"826\" height=\"537\" \/><\/a><br \/>\n<em>Giovanni Randazzo and Matteo Melotti founders of 24Bottles\u00ae<\/em><\/p>\n","protected":false},"excerpt":{"rendered":"<p><strong>Urban joogipudel Steel 1000ml<\/strong><\/p>\n<p>Urban Bottle on k\u00f5ige kergem roostevabast terasest veepudel!<\/p>\n<p>\u2022 <a href=\"\/et\/tootekategooria\/brandid\/24bottles-et\/\">Br\u00e4nd 24Bottles<\/a><br \/>\n\u2022 18\/8 roostevaba teras<br \/>\n\u2022 100% BPA vaba, ftalaatide vaba, toksiinivaba<br \/>\n\u2022 Ei tekita mingit k\u00f5rvalmaitset<br \/>\n\u2022 Lihtsalt avatav lekkekindel kaas<br \/>\n\u2022 Lai ava j\u00e4\u00e4ga t\u00e4itmiseks ja h\u00f5lpsaks puhastamiseks<br \/>\n\u2022 \u00dchekordne terassein<br \/>\n\u2022 Soovitatav k\u00e4sipesu<br \/>\n\u2022 1000 ml<br \/>\n\u2022 Diameeter 8cm<br \/>\n\u2022 K\u00f5rgus: 25.5cm<br \/>\n\u2022 Kaal: 158g<\/p>\n<p><strong>Br\u00e4ndist 24Bottles\u00ae<\/strong><\/p>\n<p>Itaalia br\u00e4ndi asutajate Giovanni Randazzo ja Matteo Melotti eesm\u00e4rk on v\u00e4hendada \u00fchekordse taara mahtu ning selle m\u00f5ju keskkonnale. Pakkudes kvaliteetset toodet ning esteetilist disaini, p\u00fc\u00fcavad disainerid suunata inimesi tervislikuma elustiili ning puhtama keskkonna poole.<\/p>\n<p><a href=https:\/\/www.talidesign.eu\/wp\/wp-content\/uploads\/2020\/04\/24bottle.jpg><img class=\"alignnone size-full wp-image-9609\" src=https:\/\/www.talidesign.eu\/wp\/wp-content\/uploads\/2020\/04\/24bottle.jpg alt=\"\" width=\"826\" height=\"537\" \/><\/a><br \/>\n<em>Giovanni Randazzo and Matteo Melotti founders of 24Bottles\u00ae<\/em><\/p>\n","protected":false},"featured_media":40373,"template":"","meta":[],"product_brand":[],"product_cat":[1029,1099,1026,1018,1114,1132],"product_tag":[1480],"class_list":{"0":"post-52859","1":"product","2":"type-product","3":"status-publish","4":"has-post-thumbnail","6":"product_cat-24bottles-et","7":"product_cat-aksessuaarid","8":"product_cat-brandid","9":"product_cat-kodu","10":"product_cat-pudelid","11":"product_cat-naiste-pudelid","12":"product_tag-24bottles-et","14":"first","15":"outofstock","16":"taxable","17":"shipping-taxable","18":"purchasable","19":"product-type-simple"},"yoast_head":"<!-- This site is optimized with the Yoast SEO plugin v27.4 - https:\/\/yoast.com\/product\/yoast-seo-wordpress\/ -->\n<title>24Bottles - Urban Bottle Steel<\/title>\n<meta name=\"description\" content=\"Avasta k\u00f5ige kergem roostevabast terasest veepudel! 24Bottles Urban joogipudel Steel 1000ml - tervisliku elustiili ja puhta keskkonna suunas.\" \/>\n<meta name=\"robots\" content=\"index, follow, max-snippet:-1, max-image-preview:large, max-video-preview:-1\" \/>\n<link rel=\"canonical\" href=\"https:\/\/www.talidesign.eu\/et\/pood\/toode\/24bottles-urban-joogipudel-steel-1000ml\/\" \/>\n<meta property=\"og:locale\" content=\"et_EE\" \/>\n<meta property=\"og:type\" content=\"article\" \/>\n<meta property=\"og:title\" content=\"24Bottles - Urban Bottle Steel\" \/>\n<meta property=\"og:description\" content=\"Avasta k\u00f5ige kergem roostevabast terasest veepudel! 24Bottles Urban joogipudel Steel 1000ml - tervisliku elustiili ja puhta keskkonna suunas.\" \/>\n<meta property=\"og:url\" content=\"https:\/\/www.talidesign.eu\/et\/pood\/toode\/24bottles-urban-joogipudel-steel-1000ml\/\" \/>\n<meta property=\"og:site_name\" content=\"TALI Concept Store\" \/>\n<meta property=\"article:publisher\" content=\"https:\/\/www.facebook.com\/TaliDisain\/\" \/>\n<meta property=\"article:modified_time\" content=\"2025-08-26T12:39:50+00:00\" \/>\n<meta property=\"og:image\" content=\"https:\/\/www.talidesign.eu\/wp\/wp-content\/uploads\/2020\/03\/24Bottles-Urban-Bottle-Steel.jpg\" \/>\n\t<meta property=\"og:image:width\" content=\"600\" \/>\n\t<meta property=\"og:image:height\" content=\"600\" \/>\n\t<meta property=\"og:image:type\" content=\"image\/jpeg\" \/>\n<meta name=\"twitter:card\" content=\"summary_large_image\" \/>\n<meta name=\"twitter:label1\" content=\"Est. reading time\" \/>\n\t<meta name=\"twitter:data1\" content=\"1 minute\" \/>\n<script type=\"application\/ld+json\" class=\"yoast-schema-graph\">{\"@context\":\"https:\\\/\\\/schema.org\",\"@graph\":[{\"@type\":\"WebPage\",\"@id\":\"https:\\\/\\\/www.talidesign.eu\\\/et\\\/pood\\\/toode\\\/24bottles-urban-joogipudel-steel-1000ml\\\/\",\"url\":\"https:\\\/\\\/www.talidesign.eu\\\/et\\\/pood\\\/toode\\\/24bottles-urban-joogipudel-steel-1000ml\\\/\",\"name\":\"24Bottles - Urban Bottle Steel\",\"isPartOf\":{\"@id\":\"https:\\\/\\\/www.talidesign.eu\\\/et\\\/#website\"},\"primaryImageOfPage\":{\"@id\":\"https:\\\/\\\/www.talidesign.eu\\\/et\\\/pood\\\/toode\\\/24bottles-urban-joogipudel-steel-1000ml\\\/#primaryimage\"},\"image\":{\"@id\":\"https:\\\/\\\/www.talidesign.eu\\\/et\\\/pood\\\/toode\\\/24bottles-urban-joogipudel-steel-1000ml\\\/#primaryimage\"},\"thumbnailUrl\":\"https:\\\/\\\/www.talidesign.eu\\\/wp\\\/wp-content\\\/uploads\\\/2020\\\/03\\\/24Bottles-Urban-Bottle-Steel.jpg\",\"datePublished\":\"2022-03-02T13:13:55+00:00\",\"dateModified\":\"2025-08-26T12:39:50+00:00\",\"description\":\"Avasta k\u00f5ige kergem roostevabast terasest veepudel! 24Bottles Urban joogipudel Steel 1000ml - tervisliku elustiili ja puhta keskkonna suunas.\",\"breadcrumb\":{\"@id\":\"https:\\\/\\\/www.talidesign.eu\\\/et\\\/pood\\\/toode\\\/24bottles-urban-joogipudel-steel-1000ml\\\/#breadcrumb\"},\"inLanguage\":\"et\",\"potentialAction\":[{\"@type\":\"ReadAction\",\"target\":[\"https:\\\/\\\/www.talidesign.eu\\\/et\\\/pood\\\/toode\\\/24bottles-urban-joogipudel-steel-1000ml\\\/\"]}]},{\"@type\":\"ImageObject\",\"inLanguage\":\"et\",\"@id\":\"https:\\\/\\\/www.talidesign.eu\\\/et\\\/pood\\\/toode\\\/24bottles-urban-joogipudel-steel-1000ml\\\/#primaryimage\",\"url\":\"https:\\\/\\\/www.talidesign.eu\\\/wp\\\/wp-content\\\/uploads\\\/2020\\\/03\\\/24Bottles-Urban-Bottle-Steel.jpg\",\"contentUrl\":\"https:\\\/\\\/www.talidesign.eu\\\/wp\\\/wp-content\\\/uploads\\\/2020\\\/03\\\/24Bottles-Urban-Bottle-Steel.jpg\",\"width\":600,\"height\":600},{\"@type\":\"BreadcrumbList\",\"@id\":\"https:\\\/\\\/www.talidesign.eu\\\/et\\\/pood\\\/toode\\\/24bottles-urban-joogipudel-steel-1000ml\\\/#breadcrumb\",\"itemListElement\":[{\"@type\":\"ListItem\",\"position\":1,\"name\":\"Avaleht\",\"item\":\"https:\\\/\\\/www.talidesign.eu\\\/et\\\/\"},{\"@type\":\"ListItem\",\"position\":2,\"name\":\"Pood\",\"item\":\"https:\\\/\\\/www.talidesign.eu\\\/et\\\/pood\\\/\"},{\"@type\":\"ListItem\",\"position\":3,\"name\":\"24Bottles Urban joogipudel Steel 1000ml\"}]},{\"@type\":\"WebSite\",\"@id\":\"https:\\\/\\\/www.talidesign.eu\\\/et\\\/#website\",\"url\":\"https:\\\/\\\/www.talidesign.eu\\\/et\\\/\",\"name\":\"TALI Concept Store\",\"description\":\"Suurim Disainipood Eestis\",\"potentialAction\":[{\"@type\":\"SearchAction\",\"target\":{\"@type\":\"EntryPoint\",\"urlTemplate\":\"https:\\\/\\\/www.talidesign.eu\\\/et\\\/?s={search_term_string}\"},\"query-input\":{\"@type\":\"PropertyValueSpecification\",\"valueRequired\":true,\"valueName\":\"search_term_string\"}}],\"inLanguage\":\"et\"}]}<\/script>\n<!-- \/ Yoast SEO plugin. -->","yoast_head_json":{"title":"24Bottles - Urban Bottle Steel","description":"Avasta k\u00f5ige kergem roostevabast terasest veepudel! 24Bottles Urban joogipudel Steel 1000ml - tervisliku elustiili ja puhta keskkonna suunas.","robots":{"index":"index","follow":"follow","max-snippet":"max-snippet:-1","max-image-preview":"max-image-preview:large","max-video-preview":"max-video-preview:-1"},"canonical":"https:\/\/www.talidesign.eu\/et\/pood\/toode\/24bottles-urban-joogipudel-steel-1000ml\/","og_locale":"et_EE","og_type":"article","og_title":"24Bottles - Urban Bottle Steel","og_description":"Avasta k\u00f5ige kergem roostevabast terasest veepudel! 24Bottles Urban joogipudel Steel 1000ml - tervisliku elustiili ja puhta keskkonna suunas.","og_url":"https:\/\/www.talidesign.eu\/et\/pood\/toode\/24bottles-urban-joogipudel-steel-1000ml\/","og_site_name":"TALI Concept Store","article_publisher":"https:\/\/www.facebook.com\/TaliDisain\/","article_modified_time":"2025-08-26T12:39:50+00:00","og_image":[{"width":600,"height":600,"url":"https:\/\/www.talidesign.eu\/wp\/wp-content\/uploads\/2020\/03\/24Bottles-Urban-Bottle-Steel.jpg","type":"image\/jpeg"}],"twitter_card":"summary_large_image","twitter_misc":{"Est. reading time":"1 minute"},"schema":{"@context":"https:\/\/schema.org","@graph":[{"@type":"WebPage","@id":"https:\/\/www.talidesign.eu\/et\/pood\/toode\/24bottles-urban-joogipudel-steel-1000ml\/","url":"https:\/\/www.talidesign.eu\/et\/pood\/toode\/24bottles-urban-joogipudel-steel-1000ml\/","name":"24Bottles - Urban Bottle Steel","isPartOf":{"@id":"https:\/\/www.talidesign.eu\/et\/#website"},"primaryImageOfPage":{"@id":"https:\/\/www.talidesign.eu\/et\/pood\/toode\/24bottles-urban-joogipudel-steel-1000ml\/#primaryimage"},"image":{"@id":"https:\/\/www.talidesign.eu\/et\/pood\/toode\/24bottles-urban-joogipudel-steel-1000ml\/#primaryimage"},"thumbnailUrl":"https:\/\/www.talidesign.eu\/wp\/wp-content\/uploads\/2020\/03\/24Bottles-Urban-Bottle-Steel.jpg","datePublished":"2022-03-02T13:13:55+00:00","dateModified":"2025-08-26T12:39:50+00:00","description":"Avasta k\u00f5ige kergem roostevabast terasest veepudel! 24Bottles Urban joogipudel Steel 1000ml - tervisliku elustiili ja puhta keskkonna suunas.","breadcrumb":{"@id":"https:\/\/www.talidesign.eu\/et\/pood\/toode\/24bottles-urban-joogipudel-steel-1000ml\/#breadcrumb"},"inLanguage":"et","potentialAction":[{"@type":"ReadAction","target":["https:\/\/www.talidesign.eu\/et\/pood\/toode\/24bottles-urban-joogipudel-steel-1000ml\/"]}]},{"@type":"ImageObject","inLanguage":"et","@id":"https:\/\/www.talidesign.eu\/et\/pood\/toode\/24bottles-urban-joogipudel-steel-1000ml\/#primaryimage","url":"https:\/\/www.talidesign.eu\/wp\/wp-content\/uploads\/2020\/03\/24Bottles-Urban-Bottle-Steel.jpg","contentUrl":"https:\/\/www.talidesign.eu\/wp\/wp-content\/uploads\/2020\/03\/24Bottles-Urban-Bottle-Steel.jpg","width":600,"height":600},{"@type":"BreadcrumbList","@id":"https:\/\/www.talidesign.eu\/et\/pood\/toode\/24bottles-urban-joogipudel-steel-1000ml\/#breadcrumb","itemListElement":[{"@type":"ListItem","position":1,"name":"Avaleht","item":"https:\/\/www.talidesign.eu\/et\/"},{"@type":"ListItem","position":2,"name":"Pood","item":"https:\/\/www.talidesign.eu\/et\/pood\/"},{"@type":"ListItem","position":3,"name":"24Bottles Urban joogipudel Steel 1000ml"}]},{"@type":"WebSite","@id":"https:\/\/www.talidesign.eu\/et\/#website","url":"https:\/\/www.talidesign.eu\/et\/","name":"TALI Concept Store","description":"Suurim Disainipood Eestis","potentialAction":[{"@type":"SearchAction","target":{"@type":"EntryPoint","urlTemplate":"https:\/\/www.talidesign.eu\/et\/?s={search_term_string}"},"query-input":{"@type":"PropertyValueSpecification","valueRequired":true,"valueName":"search_term_string"}}],"inLanguage":"et"}]}},"_links":{"self":[{"href":"https:\/\/www.talidesign.eu\/et\/wp-json\/wp\/v2\/product\/52859","targetHints":{"allow":["GET"]}}],"collection":[{"href":"https:\/\/www.talidesign.eu\/et\/wp-json\/wp\/v2\/product"}],"about":[{"href":"https:\/\/www.talidesign.eu\/et\/wp-json\/wp\/v2\/types\/product"}],"wp:featuredmedia":[{"embeddable":true,"href":"https:\/\/www.talidesign.eu\/et\/wp-json\/wp\/v2\/media\/40373"}],"wp:attachment":[{"href":"https:\/\/www.talidesign.eu\/et\/wp-json\/wp\/v2\/media?parent=52859"}],"wp:term":[{"taxonomy":"product_brand","embeddable":true,"href":"https:\/\/www.talidesign.eu\/et\/wp-json\/wp\/v2\/product_brand?post=52859"},{"taxonomy":"product_cat","embeddable":true,"href":"https:\/\/www.talidesign.eu\/et\/wp-json\/wp\/v2\/product_cat?post=52859"},{"taxonomy":"product_tag","embeddable":true,"href":"https:\/\/www.talidesign.eu\/et\/wp-json\/wp\/v2\/product_tag?post=52859"}],"curies":[{"name":"wp","href":"https:\/\/api.w.org\/{rel}","templated":true}]}}