{"id":54203,"date":"2022-03-24T19:59:49","date_gmt":"2022-03-24T17:59:49","guid":{"rendered":"https:\/\/www.talidesign.eu\/?post_type=product&#038;p=54203"},"modified":"2023-04-01T15:48:40","modified_gmt":"2023-04-01T12:48:40","slug":"meller-bio-sanyu-paikeseprillid-tutzetae-lemon","status":"publish","type":"product","link":"https:\/\/www.talidesign.eu\/et\/pood\/toode\/meller-bio-sanyu-paikeseprillid-tutzetae-lemon\/","title":{"rendered":"Meller Bio Sanyu p\u00e4ikeseprillid Tutzetae Lemon"},"content":{"rendered":"<p><strong>Bio Sanyu p\u00e4ikeseprillid Tutzetae Lemon<\/strong><\/p>\n<p>Sanyu on meie j\u00e4tkusuutliku kollektsiooni trendikaim disain, mille raam koosneb 45% looduslikest materjalidest.<\/p>\n<p>\u2022 UV-kaitse UV400: 2. kategooria<br \/>\n\u2022 L\u00e4\u00e4ts: Jaapani Tac polariseeritud, kriimustusvastane, super hydrfobic film<br \/>\n\u2022 <strong>Materjal: Bio-based G850<\/strong><br \/>\n\u2022 Laius: 136 mm, k\u00f5rgus: 49 mm, s\u00fcgavus: 142 mm<br \/>\n\u2022 Kuju: Aviator<br \/>\n\u2022 L\u00e4\u00e4tse v\u00e4rv: Must<br \/>\n\u2022 Raami v\u00e4rv: Must<br \/>\n\u2022 <a href=\"\/et\/tootekategooria\/brandid\/meller-et\/\">Br\u00e4nd Meller<\/a><\/p>\n<p>Ideaalne tasakaal mugavuse ja vastupidavuse vahel.<\/p>\n<p><strong>Br\u00e4ndist<\/strong><\/p>\n<p>Aastal 2014 asutasid Sergi Benet, Borja Nadal ja Marco Grandi Meller br\u00e4ndi.<\/p>\n<p>Alguses m\u00fc\u00fcsid nad oma tooteid garaa\u017eist&#8230; t\u00e4naseks on Mellerist saanud \u00fcks m\u00f5jukamaid kaubam\u00e4rke ravhusvahelisel areenil.<\/p>\n<p><a href=\"\/et\/tootekategooria\/brandid\/meller-et\/\"><img loading=\"lazy\" decoding=\"async\" src=\"https:\/\/www.talidesign.eu\/wp\/wp-content\/uploads\/2021\/07\/meller-1.jpg\" alt=\"\" width=\"400\" height=\"100\" class=\"alignnone size-full wp-image-31744\" \/><\/a><\/p>\n","protected":false},"excerpt":{"rendered":"<p><strong>Bio Sanyu p\u00e4ikeseprillid Tutzetae Lemon<\/strong><\/p>\n<p>Sanyu on meie j\u00e4tkusuutliku kollektsiooni trendikaim disain, mille raam koosneb 45% looduslikest materjalidest.<\/p>\n<p>\u2022 UV-kaitse UV400: 2. kategooria<br \/>\n\u2022 L\u00e4\u00e4ts: Jaapani Tac polariseeritud, kriimustusvastane, super hydrfobic film<br \/>\n\u2022 <strong>Materjal: Bio-based G850<\/strong><br \/>\n\u2022 Laius: 136 mm, k\u00f5rgus: 49 mm, s\u00fcgavus: 142 mm<br \/>\n\u2022 Kuju: Aviator<br \/>\n\u2022 L\u00e4\u00e4tse v\u00e4rv: Must<br \/>\n\u2022 Raami v\u00e4rv: Must<br \/>\n\u2022 <a href=\"\/et\/tootekategooria\/brandid\/meller-et\/\">Br\u00e4nd Meller<\/a><\/p>\n<p>Ideaalne tasakaal mugavuse ja vastupidavuse vahel.<\/p>\n<p><strong>Br\u00e4ndist<\/strong><\/p>\n<p>Aastal 2014 asutasid Sergi Benet, Borja Nadal ja Marco Grandi Meller br\u00e4ndi.<\/p>\n<p>Alguses m\u00fc\u00fcsid nad oma tooteid garaa\u017eist&#8230; t\u00e4naseks on Mellerist saanud \u00fcks m\u00f5jukamaid kaubam\u00e4rke ravhusvahelisel areenil.<\/p>\n<p><a href=\"\/et\/tootekategooria\/brandid\/meller-et\/\"><img loading=\"lazy\" decoding=\"async\" src=\"https:\/\/www.talidesign.eu\/wp\/wp-content\/uploads\/2021\/07\/meller-1.jpg\" alt=\"\" width=\"400\" height=\"100\" class=\"alignnone size-full wp-image-31744\" \/><\/a><\/p>\n","protected":false},"featured_media":54213,"template":"","meta":[],"product_brand":[],"product_cat":[1026,1067,1128,1173],"product_tag":[1750],"class_list":{"0":"post-54203","1":"product","2":"type-product","3":"status-publish","4":"has-post-thumbnail","6":"product_cat-brandid","7":"product_cat-meller-et","8":"product_cat-meeste-paikeseprillid","9":"product_cat-paikeseprillid","10":"product_tag-meller-et","12":"first","13":"outofstock","14":"taxable","15":"shipping-taxable","16":"purchasable","17":"product-type-simple"},"yoast_head":"<!-- This site is optimized with the Yoast SEO plugin v27.3 - https:\/\/yoast.com\/product\/yoast-seo-wordpress\/ -->\n<title>Meller Bio Sanyu p\u00e4ikeseprillid Tutzetae Lemon - TALI Concept Store<\/title>\n<meta name=\"description\" content=\"Avasta Meller Bio Sanyu p\u00e4ikeseprillid Tutzetae Lemon - j\u00e4tkusuutlik disain, looduslikud materjalid ja ideaalne mugavus. Tutvu l\u00e4hemalt!\" \/>\n<meta name=\"robots\" content=\"index, follow, max-snippet:-1, max-image-preview:large, max-video-preview:-1\" \/>\n<link rel=\"canonical\" href=\"https:\/\/www.talidesign.eu\/et\/pood\/toode\/meller-bio-sanyu-paikeseprillid-tutzetae-lemon\/\" \/>\n<meta property=\"og:locale\" content=\"et_EE\" \/>\n<meta property=\"og:type\" content=\"article\" \/>\n<meta property=\"og:title\" content=\"Meller Bio Sanyu p\u00e4ikeseprillid Tutzetae Lemon - TALI Concept Store\" \/>\n<meta property=\"og:description\" content=\"Avasta Meller Bio Sanyu p\u00e4ikeseprillid Tutzetae Lemon - j\u00e4tkusuutlik disain, looduslikud materjalid ja ideaalne mugavus. Tutvu l\u00e4hemalt!\" \/>\n<meta property=\"og:url\" content=\"https:\/\/www.talidesign.eu\/et\/pood\/toode\/meller-bio-sanyu-paikeseprillid-tutzetae-lemon\/\" \/>\n<meta property=\"og:site_name\" content=\"TALI Concept Store\" \/>\n<meta property=\"article:publisher\" content=\"https:\/\/www.facebook.com\/TaliDisain\/\" \/>\n<meta property=\"article:modified_time\" content=\"2023-04-01T12:48:40+00:00\" \/>\n<meta property=\"og:image\" content=\"https:\/\/www.talidesign.eu\/wp\/wp-content\/uploads\/2022\/03\/meller-bio-sanyu-tutzetae-lemon.jpg\" \/>\n\t<meta property=\"og:image:width\" content=\"768\" \/>\n\t<meta property=\"og:image:height\" content=\"768\" \/>\n\t<meta property=\"og:image:type\" content=\"image\/jpeg\" \/>\n<meta name=\"twitter:card\" content=\"summary_large_image\" \/>\n<script type=\"application\/ld+json\" class=\"yoast-schema-graph\">{\"@context\":\"https:\\\/\\\/schema.org\",\"@graph\":[{\"@type\":\"WebPage\",\"@id\":\"https:\\\/\\\/www.talidesign.eu\\\/et\\\/pood\\\/toode\\\/meller-bio-sanyu-paikeseprillid-tutzetae-lemon\\\/\",\"url\":\"https:\\\/\\\/www.talidesign.eu\\\/et\\\/pood\\\/toode\\\/meller-bio-sanyu-paikeseprillid-tutzetae-lemon\\\/\",\"name\":\"Meller Bio Sanyu p\u00e4ikeseprillid Tutzetae Lemon - TALI Concept Store\",\"isPartOf\":{\"@id\":\"https:\\\/\\\/www.talidesign.eu\\\/et\\\/#website\"},\"primaryImageOfPage\":{\"@id\":\"https:\\\/\\\/www.talidesign.eu\\\/et\\\/pood\\\/toode\\\/meller-bio-sanyu-paikeseprillid-tutzetae-lemon\\\/#primaryimage\"},\"image\":{\"@id\":\"https:\\\/\\\/www.talidesign.eu\\\/et\\\/pood\\\/toode\\\/meller-bio-sanyu-paikeseprillid-tutzetae-lemon\\\/#primaryimage\"},\"thumbnailUrl\":\"https:\\\/\\\/www.talidesign.eu\\\/wp\\\/wp-content\\\/uploads\\\/2022\\\/03\\\/meller-bio-sanyu-tutzetae-lemon.jpg\",\"datePublished\":\"2022-03-24T17:59:49+00:00\",\"dateModified\":\"2023-04-01T12:48:40+00:00\",\"description\":\"Avasta Meller Bio Sanyu p\u00e4ikeseprillid Tutzetae Lemon - j\u00e4tkusuutlik disain, looduslikud materjalid ja ideaalne mugavus. Tutvu l\u00e4hemalt!\",\"breadcrumb\":{\"@id\":\"https:\\\/\\\/www.talidesign.eu\\\/et\\\/pood\\\/toode\\\/meller-bio-sanyu-paikeseprillid-tutzetae-lemon\\\/#breadcrumb\"},\"inLanguage\":\"et\",\"potentialAction\":[{\"@type\":\"ReadAction\",\"target\":[\"https:\\\/\\\/www.talidesign.eu\\\/et\\\/pood\\\/toode\\\/meller-bio-sanyu-paikeseprillid-tutzetae-lemon\\\/\"]}]},{\"@type\":\"ImageObject\",\"inLanguage\":\"et\",\"@id\":\"https:\\\/\\\/www.talidesign.eu\\\/et\\\/pood\\\/toode\\\/meller-bio-sanyu-paikeseprillid-tutzetae-lemon\\\/#primaryimage\",\"url\":\"https:\\\/\\\/www.talidesign.eu\\\/wp\\\/wp-content\\\/uploads\\\/2022\\\/03\\\/meller-bio-sanyu-tutzetae-lemon.jpg\",\"contentUrl\":\"https:\\\/\\\/www.talidesign.eu\\\/wp\\\/wp-content\\\/uploads\\\/2022\\\/03\\\/meller-bio-sanyu-tutzetae-lemon.jpg\",\"width\":768,\"height\":768},{\"@type\":\"BreadcrumbList\",\"@id\":\"https:\\\/\\\/www.talidesign.eu\\\/et\\\/pood\\\/toode\\\/meller-bio-sanyu-paikeseprillid-tutzetae-lemon\\\/#breadcrumb\",\"itemListElement\":[{\"@type\":\"ListItem\",\"position\":1,\"name\":\"Avaleht\",\"item\":\"https:\\\/\\\/www.talidesign.eu\\\/et\\\/\"},{\"@type\":\"ListItem\",\"position\":2,\"name\":\"Pood\",\"item\":\"https:\\\/\\\/www.talidesign.eu\\\/et\\\/pood\\\/\"},{\"@type\":\"ListItem\",\"position\":3,\"name\":\"Meller Bio Sanyu p\u00e4ikeseprillid Tutzetae Lemon\"}]},{\"@type\":\"WebSite\",\"@id\":\"https:\\\/\\\/www.talidesign.eu\\\/et\\\/#website\",\"url\":\"https:\\\/\\\/www.talidesign.eu\\\/et\\\/\",\"name\":\"TALI Concept Store\",\"description\":\"Suurim Disainipood Eestis\",\"potentialAction\":[{\"@type\":\"SearchAction\",\"target\":{\"@type\":\"EntryPoint\",\"urlTemplate\":\"https:\\\/\\\/www.talidesign.eu\\\/et\\\/?s={search_term_string}\"},\"query-input\":{\"@type\":\"PropertyValueSpecification\",\"valueRequired\":true,\"valueName\":\"search_term_string\"}}],\"inLanguage\":\"et\"}]}<\/script>\n<!-- \/ Yoast SEO plugin. -->","yoast_head_json":{"title":"Meller Bio Sanyu p\u00e4ikeseprillid Tutzetae Lemon - TALI Concept Store","description":"Avasta Meller Bio Sanyu p\u00e4ikeseprillid Tutzetae Lemon - j\u00e4tkusuutlik disain, looduslikud materjalid ja ideaalne mugavus. Tutvu l\u00e4hemalt!","robots":{"index":"index","follow":"follow","max-snippet":"max-snippet:-1","max-image-preview":"max-image-preview:large","max-video-preview":"max-video-preview:-1"},"canonical":"https:\/\/www.talidesign.eu\/et\/pood\/toode\/meller-bio-sanyu-paikeseprillid-tutzetae-lemon\/","og_locale":"et_EE","og_type":"article","og_title":"Meller Bio Sanyu p\u00e4ikeseprillid Tutzetae Lemon - TALI Concept Store","og_description":"Avasta Meller Bio Sanyu p\u00e4ikeseprillid Tutzetae Lemon - j\u00e4tkusuutlik disain, looduslikud materjalid ja ideaalne mugavus. Tutvu l\u00e4hemalt!","og_url":"https:\/\/www.talidesign.eu\/et\/pood\/toode\/meller-bio-sanyu-paikeseprillid-tutzetae-lemon\/","og_site_name":"TALI Concept Store","article_publisher":"https:\/\/www.facebook.com\/TaliDisain\/","article_modified_time":"2023-04-01T12:48:40+00:00","og_image":[{"width":768,"height":768,"url":"https:\/\/www.talidesign.eu\/wp\/wp-content\/uploads\/2022\/03\/meller-bio-sanyu-tutzetae-lemon.jpg","type":"image\/jpeg"}],"twitter_card":"summary_large_image","schema":{"@context":"https:\/\/schema.org","@graph":[{"@type":"WebPage","@id":"https:\/\/www.talidesign.eu\/et\/pood\/toode\/meller-bio-sanyu-paikeseprillid-tutzetae-lemon\/","url":"https:\/\/www.talidesign.eu\/et\/pood\/toode\/meller-bio-sanyu-paikeseprillid-tutzetae-lemon\/","name":"Meller Bio Sanyu p\u00e4ikeseprillid Tutzetae Lemon - TALI Concept Store","isPartOf":{"@id":"https:\/\/www.talidesign.eu\/et\/#website"},"primaryImageOfPage":{"@id":"https:\/\/www.talidesign.eu\/et\/pood\/toode\/meller-bio-sanyu-paikeseprillid-tutzetae-lemon\/#primaryimage"},"image":{"@id":"https:\/\/www.talidesign.eu\/et\/pood\/toode\/meller-bio-sanyu-paikeseprillid-tutzetae-lemon\/#primaryimage"},"thumbnailUrl":"https:\/\/www.talidesign.eu\/wp\/wp-content\/uploads\/2022\/03\/meller-bio-sanyu-tutzetae-lemon.jpg","datePublished":"2022-03-24T17:59:49+00:00","dateModified":"2023-04-01T12:48:40+00:00","description":"Avasta Meller Bio Sanyu p\u00e4ikeseprillid Tutzetae Lemon - j\u00e4tkusuutlik disain, looduslikud materjalid ja ideaalne mugavus. Tutvu l\u00e4hemalt!","breadcrumb":{"@id":"https:\/\/www.talidesign.eu\/et\/pood\/toode\/meller-bio-sanyu-paikeseprillid-tutzetae-lemon\/#breadcrumb"},"inLanguage":"et","potentialAction":[{"@type":"ReadAction","target":["https:\/\/www.talidesign.eu\/et\/pood\/toode\/meller-bio-sanyu-paikeseprillid-tutzetae-lemon\/"]}]},{"@type":"ImageObject","inLanguage":"et","@id":"https:\/\/www.talidesign.eu\/et\/pood\/toode\/meller-bio-sanyu-paikeseprillid-tutzetae-lemon\/#primaryimage","url":"https:\/\/www.talidesign.eu\/wp\/wp-content\/uploads\/2022\/03\/meller-bio-sanyu-tutzetae-lemon.jpg","contentUrl":"https:\/\/www.talidesign.eu\/wp\/wp-content\/uploads\/2022\/03\/meller-bio-sanyu-tutzetae-lemon.jpg","width":768,"height":768},{"@type":"BreadcrumbList","@id":"https:\/\/www.talidesign.eu\/et\/pood\/toode\/meller-bio-sanyu-paikeseprillid-tutzetae-lemon\/#breadcrumb","itemListElement":[{"@type":"ListItem","position":1,"name":"Avaleht","item":"https:\/\/www.talidesign.eu\/et\/"},{"@type":"ListItem","position":2,"name":"Pood","item":"https:\/\/www.talidesign.eu\/et\/pood\/"},{"@type":"ListItem","position":3,"name":"Meller Bio Sanyu p\u00e4ikeseprillid Tutzetae Lemon"}]},{"@type":"WebSite","@id":"https:\/\/www.talidesign.eu\/et\/#website","url":"https:\/\/www.talidesign.eu\/et\/","name":"TALI Concept Store","description":"Suurim Disainipood Eestis","potentialAction":[{"@type":"SearchAction","target":{"@type":"EntryPoint","urlTemplate":"https:\/\/www.talidesign.eu\/et\/?s={search_term_string}"},"query-input":{"@type":"PropertyValueSpecification","valueRequired":true,"valueName":"search_term_string"}}],"inLanguage":"et"}]}},"_links":{"self":[{"href":"https:\/\/www.talidesign.eu\/et\/wp-json\/wp\/v2\/product\/54203","targetHints":{"allow":["GET"]}}],"collection":[{"href":"https:\/\/www.talidesign.eu\/et\/wp-json\/wp\/v2\/product"}],"about":[{"href":"https:\/\/www.talidesign.eu\/et\/wp-json\/wp\/v2\/types\/product"}],"wp:featuredmedia":[{"embeddable":true,"href":"https:\/\/www.talidesign.eu\/et\/wp-json\/wp\/v2\/media\/54213"}],"wp:attachment":[{"href":"https:\/\/www.talidesign.eu\/et\/wp-json\/wp\/v2\/media?parent=54203"}],"wp:term":[{"taxonomy":"product_brand","embeddable":true,"href":"https:\/\/www.talidesign.eu\/et\/wp-json\/wp\/v2\/product_brand?post=54203"},{"taxonomy":"product_cat","embeddable":true,"href":"https:\/\/www.talidesign.eu\/et\/wp-json\/wp\/v2\/product_cat?post=54203"},{"taxonomy":"product_tag","embeddable":true,"href":"https:\/\/www.talidesign.eu\/et\/wp-json\/wp\/v2\/product_tag?post=54203"}],"curies":[{"name":"wp","href":"https:\/\/api.w.org\/{rel}","templated":true}]}}