{"id":55778,"date":"2022-06-01T00:48:39","date_gmt":"2022-05-04T21:48:39","guid":{"rendered":"https:\/\/www.talidesign.eu\/?post_type=product&#038;p=55778"},"modified":"2025-11-10T20:53:00","modified_gmt":"2025-11-10T18:53:00","slug":"bitz-jaakuubikualus-15-kuubikuga-hall","status":"publish","type":"product","link":"https:\/\/www.talidesign.eu\/et\/pood\/toode\/bitz-jaakuubikualus-15-kuubikuga-hall\/","title":{"rendered":"Bitz J\u00e4\u00e4kuubikualus 15 kuubikuga Hall"},"content":{"rendered":"<p><strong>J\u00e4\u00e4kuubikualus 15 kuubikuga Hall<\/strong><\/p>\n<p>Silikoonist j\u00e4\u00e4kuubikualusest saab 15 j\u00e4\u00e4kuubikut m\u00f5\u00f5tudega 3&#215;3 cm. Painduva silikooniga on j\u00e4\u00e4kuubikuid lihtne aluselt vabastada ilma, et need praguneksid v\u00f5i puruneksid.<\/p>\n<p>\u2022 Silikoonist<br \/>\n\u2022 19 x 12,0 x 3 cm<br \/>\n\u2022 N\u00f5udepesumasinas pestav<br \/>\n\u2022 <a href=\"https:\/\/www.talidesign.eu\/et\/tootekategooria\/brandid\/bitz-et\/\">Br\u00e4nd Bitz<\/a><\/p>\n<p><strong>Br\u00e4ndist<\/strong><\/p>\n<p>Christian Bitz soovib innustada taanlasi tervislikumalt elama. Tal on magistrikraad toitumises ning ta on teadusdirektor Herlevi ja Gentofte haiglates, kus ta osaleb mitmetes uurimisprojektides ja patsientidele parema pakutava toidu v\u00e4ljat\u00f6\u00f6tamises. Bitz on olnud paljude telesaadete v\u00f5\u00f5rustaja ja ekspert.<\/p>\n<p><a href=\"https:\/\/www.talidesign.eu\/wp\/wp-content\/uploads\/2021\/03\/1600px_COLOURBOX37174170.jpg\"><img loading=\"lazy\" decoding=\"async\" class=\"alignnone size-full wp-image-23321\" src=\"https:\/\/www.talidesign.eu\/wp\/wp-content\/uploads\/2021\/03\/1600px_COLOURBOX37174170.jpg\" alt=\"\" width=\"1600\" height=\"1067\" srcset=\"https:\/\/www.talidesign.eu\/wp\/wp-content\/uploads\/2021\/03\/1600px_COLOURBOX37174170.jpg 1600w, https:\/\/www.talidesign.eu\/wp\/wp-content\/uploads\/2021\/03\/1600px_COLOURBOX37174170-600x400.jpg 600w, https:\/\/www.talidesign.eu\/wp\/wp-content\/uploads\/2021\/03\/1600px_COLOURBOX37174170-1200x800.jpg 1200w, https:\/\/www.talidesign.eu\/wp\/wp-content\/uploads\/2021\/03\/1600px_COLOURBOX37174170-768x512.jpg 768w, https:\/\/www.talidesign.eu\/wp\/wp-content\/uploads\/2021\/03\/1600px_COLOURBOX37174170-1536x1024.jpg 1536w, https:\/\/www.talidesign.eu\/wp\/wp-content\/uploads\/2021\/03\/1600px_COLOURBOX37174170-500x333.jpg 500w, https:\/\/www.talidesign.eu\/wp\/wp-content\/uploads\/2021\/03\/1600px_COLOURBOX37174170-510x340.jpg 510w\" sizes=\"auto, (max-width: 1600px) 100vw, 1600px\" \/><\/a><br \/>\n<a href=\"\/product-category\/designers\/bitz\/\"><img loading=\"lazy\" decoding=\"async\" class=\"alignnone size-full wp-image-23323\" src=\"https:\/\/www.talidesign.eu\/wp\/wp-content\/uploads\/2021\/03\/logo.jpg\" alt=\"\" width=\"500\" height=\"100\" \/><\/a><\/p>\n","protected":false},"excerpt":{"rendered":"<p><strong>J\u00e4\u00e4kuubikualus 15 kuubikuga Hall<\/strong><\/p>\n<p>Silikoonist j\u00e4\u00e4kuubikualusest saab 15 j\u00e4\u00e4kuubikut m\u00f5\u00f5tudega 3&#215;3 cm. Painduva silikooniga on j\u00e4\u00e4kuubikuid lihtne aluselt vabastada ilma, et need praguneksid v\u00f5i puruneksid.<\/p>\n<p>\u2022 Silikoonist<br \/>\n\u2022 19 x 12,0 x 3 cm<br \/>\n\u2022 N\u00f5udepesumasinas pestav<br \/>\n\u2022 <a href=\"https:\/\/www.talidesign.eu\/et\/tootekategooria\/brandid\/bitz-et\/\">Br\u00e4nd Bitz<\/a><\/p>\n<p><strong>Br\u00e4ndist<\/strong><\/p>\n<p>Christian Bitz soovib innustada taanlasi tervislikumalt elama. Tal on magistrikraad toitumises ning ta on teadusdirektor Herlevi ja Gentofte haiglates, kus ta osaleb mitmetes uurimisprojektides ja patsientidele parema pakutava toidu v\u00e4ljat\u00f6\u00f6tamises. Bitz on olnud paljude telesaadete v\u00f5\u00f5rustaja ja ekspert.<\/p>\n<p><a href=\"https:\/\/www.talidesign.eu\/wp\/wp-content\/uploads\/2021\/03\/1600px_COLOURBOX37174170.jpg\"><img loading=\"lazy\" decoding=\"async\" class=\"alignnone size-full wp-image-23321\" src=\"https:\/\/www.talidesign.eu\/wp\/wp-content\/uploads\/2021\/03\/1600px_COLOURBOX37174170.jpg\" alt=\"\" width=\"1600\" height=\"1067\" srcset=\"https:\/\/www.talidesign.eu\/wp\/wp-content\/uploads\/2021\/03\/1600px_COLOURBOX37174170.jpg 1600w, https:\/\/www.talidesign.eu\/wp\/wp-content\/uploads\/2021\/03\/1600px_COLOURBOX37174170-600x400.jpg 600w, https:\/\/www.talidesign.eu\/wp\/wp-content\/uploads\/2021\/03\/1600px_COLOURBOX37174170-1200x800.jpg 1200w, https:\/\/www.talidesign.eu\/wp\/wp-content\/uploads\/2021\/03\/1600px_COLOURBOX37174170-768x512.jpg 768w, https:\/\/www.talidesign.eu\/wp\/wp-content\/uploads\/2021\/03\/1600px_COLOURBOX37174170-1536x1024.jpg 1536w, https:\/\/www.talidesign.eu\/wp\/wp-content\/uploads\/2021\/03\/1600px_COLOURBOX37174170-500x333.jpg 500w, https:\/\/www.talidesign.eu\/wp\/wp-content\/uploads\/2021\/03\/1600px_COLOURBOX37174170-510x340.jpg 510w\" sizes=\"auto, (max-width: 1600px) 100vw, 1600px\" \/><\/a><br \/>\n<a href=\"\/product-category\/designers\/bitz\/\"><img loading=\"lazy\" decoding=\"async\" class=\"alignnone size-full wp-image-23323\" src=\"https:\/\/www.talidesign.eu\/wp\/wp-content\/uploads\/2021\/03\/logo.jpg\" alt=\"\" width=\"500\" height=\"100\" \/><\/a><\/p>\n","protected":false},"featured_media":55780,"template":"","meta":[],"product_brand":[],"product_cat":[1099,1039,1030],"product_tag":[1792],"class_list":{"0":"post-55778","1":"product","2":"type-product","3":"status-publish","4":"has-post-thumbnail","6":"product_cat-aksessuaarid","7":"product_cat-bitz-et","8":"product_cat-kook","9":"product_tag-bitz-et","11":"first","12":"outofstock","13":"taxable","14":"shipping-taxable","15":"purchasable","16":"product-type-simple"},"yoast_head":"<!-- This site is optimized with the Yoast SEO plugin v27.4 - https:\/\/yoast.com\/product\/yoast-seo-wordpress\/ -->\n<title>Bitz J\u00e4\u00e4kuubikualus 15 kuubikuga Hall - TALI Concept Store<\/title>\n<meta name=\"description\" content=\"Bitz J\u00e4\u00e4kuubikualus 15 kuubikuga Hall - Silikoonist alus, mis v\u00f5imaldab lihtsalt vabastada 15 j\u00e4\u00e4kuubikut ilma pragunemise v\u00f5i purunemiseta. Br\u00e4nd Bitz.\" \/>\n<meta name=\"robots\" content=\"index, follow, max-snippet:-1, max-image-preview:large, max-video-preview:-1\" \/>\n<link rel=\"canonical\" href=\"https:\/\/www.talidesign.eu\/et\/pood\/toode\/bitz-jaakuubikualus-15-kuubikuga-hall\/\" \/>\n<meta property=\"og:locale\" content=\"et_EE\" \/>\n<meta property=\"og:type\" content=\"article\" \/>\n<meta property=\"og:title\" content=\"Bitz J\u00e4\u00e4kuubikualus 15 kuubikuga Hall - TALI Concept Store\" \/>\n<meta property=\"og:description\" content=\"Bitz J\u00e4\u00e4kuubikualus 15 kuubikuga Hall - Silikoonist alus, mis v\u00f5imaldab lihtsalt vabastada 15 j\u00e4\u00e4kuubikut ilma pragunemise v\u00f5i purunemiseta. Br\u00e4nd Bitz.\" \/>\n<meta property=\"og:url\" content=\"https:\/\/www.talidesign.eu\/et\/pood\/toode\/bitz-jaakuubikualus-15-kuubikuga-hall\/\" \/>\n<meta property=\"og:site_name\" content=\"TALI Concept Store\" \/>\n<meta property=\"article:publisher\" content=\"https:\/\/www.facebook.com\/TaliDisain\/\" \/>\n<meta property=\"article:modified_time\" content=\"2025-11-10T18:53:00+00:00\" \/>\n<meta property=\"og:image\" content=\"https:\/\/www.talidesign.eu\/wp\/wp-content\/uploads\/2022\/05\/bitz-ice-cube-tray-15-cubes-grey.jpg\" \/>\n\t<meta property=\"og:image:width\" content=\"768\" \/>\n\t<meta property=\"og:image:height\" content=\"768\" \/>\n\t<meta property=\"og:image:type\" content=\"image\/jpeg\" \/>\n<meta name=\"twitter:card\" content=\"summary_large_image\" \/>\n<script type=\"application\/ld+json\" class=\"yoast-schema-graph\">{\"@context\":\"https:\\\/\\\/schema.org\",\"@graph\":[{\"@type\":\"WebPage\",\"@id\":\"https:\\\/\\\/www.talidesign.eu\\\/et\\\/pood\\\/toode\\\/bitz-jaakuubikualus-15-kuubikuga-hall\\\/\",\"url\":\"https:\\\/\\\/www.talidesign.eu\\\/et\\\/pood\\\/toode\\\/bitz-jaakuubikualus-15-kuubikuga-hall\\\/\",\"name\":\"Bitz J\u00e4\u00e4kuubikualus 15 kuubikuga Hall - TALI Concept Store\",\"isPartOf\":{\"@id\":\"https:\\\/\\\/www.talidesign.eu\\\/et\\\/#website\"},\"primaryImageOfPage\":{\"@id\":\"https:\\\/\\\/www.talidesign.eu\\\/et\\\/pood\\\/toode\\\/bitz-jaakuubikualus-15-kuubikuga-hall\\\/#primaryimage\"},\"image\":{\"@id\":\"https:\\\/\\\/www.talidesign.eu\\\/et\\\/pood\\\/toode\\\/bitz-jaakuubikualus-15-kuubikuga-hall\\\/#primaryimage\"},\"thumbnailUrl\":\"https:\\\/\\\/www.talidesign.eu\\\/wp\\\/wp-content\\\/uploads\\\/2022\\\/05\\\/bitz-ice-cube-tray-15-cubes-grey.jpg\",\"datePublished\":\"2022-05-04T21:48:39+00:00\",\"dateModified\":\"2025-11-10T18:53:00+00:00\",\"description\":\"Bitz J\u00e4\u00e4kuubikualus 15 kuubikuga Hall - Silikoonist alus, mis v\u00f5imaldab lihtsalt vabastada 15 j\u00e4\u00e4kuubikut ilma pragunemise v\u00f5i purunemiseta. Br\u00e4nd Bitz.\",\"breadcrumb\":{\"@id\":\"https:\\\/\\\/www.talidesign.eu\\\/et\\\/pood\\\/toode\\\/bitz-jaakuubikualus-15-kuubikuga-hall\\\/#breadcrumb\"},\"inLanguage\":\"et\",\"potentialAction\":[{\"@type\":\"ReadAction\",\"target\":[\"https:\\\/\\\/www.talidesign.eu\\\/et\\\/pood\\\/toode\\\/bitz-jaakuubikualus-15-kuubikuga-hall\\\/\"]}]},{\"@type\":\"ImageObject\",\"inLanguage\":\"et\",\"@id\":\"https:\\\/\\\/www.talidesign.eu\\\/et\\\/pood\\\/toode\\\/bitz-jaakuubikualus-15-kuubikuga-hall\\\/#primaryimage\",\"url\":\"https:\\\/\\\/www.talidesign.eu\\\/wp\\\/wp-content\\\/uploads\\\/2022\\\/05\\\/bitz-ice-cube-tray-15-cubes-grey.jpg\",\"contentUrl\":\"https:\\\/\\\/www.talidesign.eu\\\/wp\\\/wp-content\\\/uploads\\\/2022\\\/05\\\/bitz-ice-cube-tray-15-cubes-grey.jpg\",\"width\":768,\"height\":768},{\"@type\":\"BreadcrumbList\",\"@id\":\"https:\\\/\\\/www.talidesign.eu\\\/et\\\/pood\\\/toode\\\/bitz-jaakuubikualus-15-kuubikuga-hall\\\/#breadcrumb\",\"itemListElement\":[{\"@type\":\"ListItem\",\"position\":1,\"name\":\"Avaleht\",\"item\":\"https:\\\/\\\/www.talidesign.eu\\\/et\\\/\"},{\"@type\":\"ListItem\",\"position\":2,\"name\":\"Pood\",\"item\":\"https:\\\/\\\/www.talidesign.eu\\\/et\\\/pood\\\/\"},{\"@type\":\"ListItem\",\"position\":3,\"name\":\"Bitz J\u00e4\u00e4kuubikualus 15 kuubikuga Hall\"}]},{\"@type\":\"WebSite\",\"@id\":\"https:\\\/\\\/www.talidesign.eu\\\/et\\\/#website\",\"url\":\"https:\\\/\\\/www.talidesign.eu\\\/et\\\/\",\"name\":\"TALI Concept Store\",\"description\":\"Suurim Disainipood Eestis\",\"potentialAction\":[{\"@type\":\"SearchAction\",\"target\":{\"@type\":\"EntryPoint\",\"urlTemplate\":\"https:\\\/\\\/www.talidesign.eu\\\/et\\\/?s={search_term_string}\"},\"query-input\":{\"@type\":\"PropertyValueSpecification\",\"valueRequired\":true,\"valueName\":\"search_term_string\"}}],\"inLanguage\":\"et\"}]}<\/script>\n<!-- \/ Yoast SEO plugin. -->","yoast_head_json":{"title":"Bitz J\u00e4\u00e4kuubikualus 15 kuubikuga Hall - TALI Concept Store","description":"Bitz J\u00e4\u00e4kuubikualus 15 kuubikuga Hall - Silikoonist alus, mis v\u00f5imaldab lihtsalt vabastada 15 j\u00e4\u00e4kuubikut ilma pragunemise v\u00f5i purunemiseta. Br\u00e4nd Bitz.","robots":{"index":"index","follow":"follow","max-snippet":"max-snippet:-1","max-image-preview":"max-image-preview:large","max-video-preview":"max-video-preview:-1"},"canonical":"https:\/\/www.talidesign.eu\/et\/pood\/toode\/bitz-jaakuubikualus-15-kuubikuga-hall\/","og_locale":"et_EE","og_type":"article","og_title":"Bitz J\u00e4\u00e4kuubikualus 15 kuubikuga Hall - TALI Concept Store","og_description":"Bitz J\u00e4\u00e4kuubikualus 15 kuubikuga Hall - Silikoonist alus, mis v\u00f5imaldab lihtsalt vabastada 15 j\u00e4\u00e4kuubikut ilma pragunemise v\u00f5i purunemiseta. Br\u00e4nd Bitz.","og_url":"https:\/\/www.talidesign.eu\/et\/pood\/toode\/bitz-jaakuubikualus-15-kuubikuga-hall\/","og_site_name":"TALI Concept Store","article_publisher":"https:\/\/www.facebook.com\/TaliDisain\/","article_modified_time":"2025-11-10T18:53:00+00:00","og_image":[{"width":768,"height":768,"url":"https:\/\/www.talidesign.eu\/wp\/wp-content\/uploads\/2022\/05\/bitz-ice-cube-tray-15-cubes-grey.jpg","type":"image\/jpeg"}],"twitter_card":"summary_large_image","schema":{"@context":"https:\/\/schema.org","@graph":[{"@type":"WebPage","@id":"https:\/\/www.talidesign.eu\/et\/pood\/toode\/bitz-jaakuubikualus-15-kuubikuga-hall\/","url":"https:\/\/www.talidesign.eu\/et\/pood\/toode\/bitz-jaakuubikualus-15-kuubikuga-hall\/","name":"Bitz J\u00e4\u00e4kuubikualus 15 kuubikuga Hall - TALI Concept Store","isPartOf":{"@id":"https:\/\/www.talidesign.eu\/et\/#website"},"primaryImageOfPage":{"@id":"https:\/\/www.talidesign.eu\/et\/pood\/toode\/bitz-jaakuubikualus-15-kuubikuga-hall\/#primaryimage"},"image":{"@id":"https:\/\/www.talidesign.eu\/et\/pood\/toode\/bitz-jaakuubikualus-15-kuubikuga-hall\/#primaryimage"},"thumbnailUrl":"https:\/\/www.talidesign.eu\/wp\/wp-content\/uploads\/2022\/05\/bitz-ice-cube-tray-15-cubes-grey.jpg","datePublished":"2022-05-04T21:48:39+00:00","dateModified":"2025-11-10T18:53:00+00:00","description":"Bitz J\u00e4\u00e4kuubikualus 15 kuubikuga Hall - Silikoonist alus, mis v\u00f5imaldab lihtsalt vabastada 15 j\u00e4\u00e4kuubikut ilma pragunemise v\u00f5i purunemiseta. Br\u00e4nd Bitz.","breadcrumb":{"@id":"https:\/\/www.talidesign.eu\/et\/pood\/toode\/bitz-jaakuubikualus-15-kuubikuga-hall\/#breadcrumb"},"inLanguage":"et","potentialAction":[{"@type":"ReadAction","target":["https:\/\/www.talidesign.eu\/et\/pood\/toode\/bitz-jaakuubikualus-15-kuubikuga-hall\/"]}]},{"@type":"ImageObject","inLanguage":"et","@id":"https:\/\/www.talidesign.eu\/et\/pood\/toode\/bitz-jaakuubikualus-15-kuubikuga-hall\/#primaryimage","url":"https:\/\/www.talidesign.eu\/wp\/wp-content\/uploads\/2022\/05\/bitz-ice-cube-tray-15-cubes-grey.jpg","contentUrl":"https:\/\/www.talidesign.eu\/wp\/wp-content\/uploads\/2022\/05\/bitz-ice-cube-tray-15-cubes-grey.jpg","width":768,"height":768},{"@type":"BreadcrumbList","@id":"https:\/\/www.talidesign.eu\/et\/pood\/toode\/bitz-jaakuubikualus-15-kuubikuga-hall\/#breadcrumb","itemListElement":[{"@type":"ListItem","position":1,"name":"Avaleht","item":"https:\/\/www.talidesign.eu\/et\/"},{"@type":"ListItem","position":2,"name":"Pood","item":"https:\/\/www.talidesign.eu\/et\/pood\/"},{"@type":"ListItem","position":3,"name":"Bitz J\u00e4\u00e4kuubikualus 15 kuubikuga Hall"}]},{"@type":"WebSite","@id":"https:\/\/www.talidesign.eu\/et\/#website","url":"https:\/\/www.talidesign.eu\/et\/","name":"TALI Concept Store","description":"Suurim Disainipood Eestis","potentialAction":[{"@type":"SearchAction","target":{"@type":"EntryPoint","urlTemplate":"https:\/\/www.talidesign.eu\/et\/?s={search_term_string}"},"query-input":{"@type":"PropertyValueSpecification","valueRequired":true,"valueName":"search_term_string"}}],"inLanguage":"et"}]}},"_links":{"self":[{"href":"https:\/\/www.talidesign.eu\/et\/wp-json\/wp\/v2\/product\/55778","targetHints":{"allow":["GET"]}}],"collection":[{"href":"https:\/\/www.talidesign.eu\/et\/wp-json\/wp\/v2\/product"}],"about":[{"href":"https:\/\/www.talidesign.eu\/et\/wp-json\/wp\/v2\/types\/product"}],"wp:featuredmedia":[{"embeddable":true,"href":"https:\/\/www.talidesign.eu\/et\/wp-json\/wp\/v2\/media\/55780"}],"wp:attachment":[{"href":"https:\/\/www.talidesign.eu\/et\/wp-json\/wp\/v2\/media?parent=55778"}],"wp:term":[{"taxonomy":"product_brand","embeddable":true,"href":"https:\/\/www.talidesign.eu\/et\/wp-json\/wp\/v2\/product_brand?post=55778"},{"taxonomy":"product_cat","embeddable":true,"href":"https:\/\/www.talidesign.eu\/et\/wp-json\/wp\/v2\/product_cat?post=55778"},{"taxonomy":"product_tag","embeddable":true,"href":"https:\/\/www.talidesign.eu\/et\/wp-json\/wp\/v2\/product_tag?post=55778"}],"curies":[{"name":"wp","href":"https:\/\/api.w.org\/{rel}","templated":true}]}}