{"id":55789,"date":"2022-05-05T01:01:14","date_gmt":"2022-05-04T22:01:14","guid":{"rendered":"https:\/\/www.talidesign.eu\/?post_type=product&#038;p=55789"},"modified":"2023-12-07T17:48:19","modified_gmt":"2023-12-07T15:48:19","slug":"villa-collection-ulmi-kuunehari-must","status":"publish","type":"product","link":"https:\/\/www.talidesign.eu\/et\/pood\/toode\/villa-collection-ulmi-kuunehari-must\/","title":{"rendered":"Villa Collection Ulm K\u00fc\u00fcnehari Must"},"content":{"rendered":"<p><strong>Ulm K\u00fc\u00fcnehari Must<\/strong><\/p>\n<p>\u2022 Schima puit<br \/>\n\u2022 9,5 x 4,5 x 3,5cm<br \/>\n\u2022 <a href=\"\/et\/tootekategooria\/brandid\/villa-collection-et\/\">Br\u00e4nd Villa Collection<\/a><\/p>\n<p><strong>Br\u00e4ndist<\/strong><\/p>\n<p>Villa Collection Denmark on loovuse ja klassikalise p\u00f5hjamaise DNA kehastus. Meie mantra on, et praeguseid interj\u00f6\u00f6ritrende peab olema lihtne j\u00e4rgida, tegemata j\u00e4releandmisi detailide v\u00f5i materjalide kvaliteedis. Seega t\u00f6\u00f6tame peamiselt koduaksessuaaridega, kus k\u00e4sit\u00f6\u00f6 m\u00e4ngib suurt rolli, sest k\u00e4sitsi valmistatud asjad on loodud kirega, mis tuleb otse s\u00fcdamest.<\/p>\n<p><a href=\"\/et\/tootekategooria\/brandid\/villa-collection-et\/\"><img loading=\"lazy\" decoding=\"async\" src=\"https:\/\/www.talidesign.eu\/wp\/wp-content\/uploads\/2022\/02\/villa-collection.jpg\" alt=\"\" width=\"500\" height=\"100\" class=\"alignnone size-full wp-image-51168\" \/><\/a><\/p>\n","protected":false},"excerpt":{"rendered":"<p><strong>Ulm K\u00fc\u00fcnehari Must<\/strong><\/p>\n<p>\u2022 Schima puit<br \/>\n\u2022 9,5 x 4,5 x 3,5cm<br \/>\n\u2022 <a href=\"\/et\/tootekategooria\/brandid\/villa-collection-et\/\">Br\u00e4nd Villa Collection<\/a><\/p>\n<p><strong>Br\u00e4ndist<\/strong><\/p>\n<p>Villa Collection Denmark on loovuse ja klassikalise p\u00f5hjamaise DNA kehastus. Meie mantra on, et praeguseid interj\u00f6\u00f6ritrende peab olema lihtne j\u00e4rgida, tegemata j\u00e4releandmisi detailide v\u00f5i materjalide kvaliteedis. Seega t\u00f6\u00f6tame peamiselt koduaksessuaaridega, kus k\u00e4sit\u00f6\u00f6 m\u00e4ngib suurt rolli, sest k\u00e4sitsi valmistatud asjad on loodud kirega, mis tuleb otse s\u00fcdamest.<\/p>\n<p><a href=\"\/et\/tootekategooria\/brandid\/villa-collection-et\/\"><img loading=\"lazy\" decoding=\"async\" src=\"https:\/\/www.talidesign.eu\/wp\/wp-content\/uploads\/2022\/02\/villa-collection.jpg\" alt=\"\" width=\"500\" height=\"100\" class=\"alignnone size-full wp-image-51168\" \/><\/a><\/p>\n","protected":false},"featured_media":55793,"template":"","meta":[],"product_brand":[],"product_cat":[1026,1018,1100,1091],"product_tag":[2055],"class_list":{"0":"post-55789","1":"product","2":"type-product","3":"status-publish","4":"has-post-thumbnail","6":"product_cat-brandid","7":"product_cat-kodu","8":"product_cat-vannituba","9":"product_cat-villa-collection-et","10":"product_tag-villa-collection-et","12":"first","13":"outofstock","14":"taxable","15":"shipping-taxable","16":"purchasable","17":"product-type-simple"},"yoast_head":"<!-- This site is optimized with the Yoast SEO plugin v27.4 - https:\/\/yoast.com\/product\/yoast-seo-wordpress\/ -->\n<title>Villa Collection Ulm K\u00fc\u00fcnehari Must - TALI Concept Store<\/title>\n<meta name=\"description\" content=\"Avasta Villa Collection Ulm K\u00fc\u00fcnehari Must - stiilne ja praktiline koduaksessuaar. K\u00e4sitsi valmistatud Schima puidust harja suurus 9,5 x 4,5 x 3,5 cm. Br\u00e4nd Villa Collection.\" \/>\n<meta name=\"robots\" content=\"index, follow, max-snippet:-1, max-image-preview:large, max-video-preview:-1\" \/>\n<link rel=\"canonical\" href=\"https:\/\/www.talidesign.eu\/et\/pood\/toode\/villa-collection-ulmi-kuunehari-must\/\" \/>\n<meta property=\"og:locale\" content=\"et_EE\" \/>\n<meta property=\"og:type\" content=\"article\" \/>\n<meta property=\"og:title\" content=\"Villa Collection Ulm K\u00fc\u00fcnehari Must - TALI Concept Store\" \/>\n<meta property=\"og:description\" content=\"Avasta Villa Collection Ulm K\u00fc\u00fcnehari Must - stiilne ja praktiline koduaksessuaar. K\u00e4sitsi valmistatud Schima puidust harja suurus 9,5 x 4,5 x 3,5 cm. Br\u00e4nd Villa Collection.\" \/>\n<meta property=\"og:url\" content=\"https:\/\/www.talidesign.eu\/et\/pood\/toode\/villa-collection-ulmi-kuunehari-must\/\" \/>\n<meta property=\"og:site_name\" content=\"TALI Concept Store\" \/>\n<meta property=\"article:publisher\" content=\"https:\/\/www.facebook.com\/TaliDisain\/\" \/>\n<meta property=\"article:modified_time\" content=\"2023-12-07T15:48:19+00:00\" \/>\n<meta property=\"og:image\" content=\"https:\/\/www.talidesign.eu\/wp\/wp-content\/uploads\/2022\/05\/villa-collection-ulm-nail-brush-black.jpg\" \/>\n\t<meta property=\"og:image:width\" content=\"768\" \/>\n\t<meta property=\"og:image:height\" content=\"768\" \/>\n\t<meta property=\"og:image:type\" content=\"image\/jpeg\" \/>\n<meta name=\"twitter:card\" content=\"summary_large_image\" \/>\n<script type=\"application\/ld+json\" class=\"yoast-schema-graph\">{\"@context\":\"https:\\\/\\\/schema.org\",\"@graph\":[{\"@type\":\"WebPage\",\"@id\":\"https:\\\/\\\/www.talidesign.eu\\\/et\\\/pood\\\/toode\\\/villa-collection-ulmi-kuunehari-must\\\/\",\"url\":\"https:\\\/\\\/www.talidesign.eu\\\/et\\\/pood\\\/toode\\\/villa-collection-ulmi-kuunehari-must\\\/\",\"name\":\"Villa Collection Ulm K\u00fc\u00fcnehari Must - TALI Concept Store\",\"isPartOf\":{\"@id\":\"https:\\\/\\\/www.talidesign.eu\\\/et\\\/#website\"},\"primaryImageOfPage\":{\"@id\":\"https:\\\/\\\/www.talidesign.eu\\\/et\\\/pood\\\/toode\\\/villa-collection-ulmi-kuunehari-must\\\/#primaryimage\"},\"image\":{\"@id\":\"https:\\\/\\\/www.talidesign.eu\\\/et\\\/pood\\\/toode\\\/villa-collection-ulmi-kuunehari-must\\\/#primaryimage\"},\"thumbnailUrl\":\"https:\\\/\\\/www.talidesign.eu\\\/wp\\\/wp-content\\\/uploads\\\/2022\\\/05\\\/villa-collection-ulm-nail-brush-black.jpg\",\"datePublished\":\"2022-05-04T22:01:14+00:00\",\"dateModified\":\"2023-12-07T15:48:19+00:00\",\"description\":\"Avasta Villa Collection Ulm K\u00fc\u00fcnehari Must - stiilne ja praktiline koduaksessuaar. K\u00e4sitsi valmistatud Schima puidust harja suurus 9,5 x 4,5 x 3,5 cm. Br\u00e4nd Villa Collection.\",\"breadcrumb\":{\"@id\":\"https:\\\/\\\/www.talidesign.eu\\\/et\\\/pood\\\/toode\\\/villa-collection-ulmi-kuunehari-must\\\/#breadcrumb\"},\"inLanguage\":\"et\",\"potentialAction\":[{\"@type\":\"ReadAction\",\"target\":[\"https:\\\/\\\/www.talidesign.eu\\\/et\\\/pood\\\/toode\\\/villa-collection-ulmi-kuunehari-must\\\/\"]}]},{\"@type\":\"ImageObject\",\"inLanguage\":\"et\",\"@id\":\"https:\\\/\\\/www.talidesign.eu\\\/et\\\/pood\\\/toode\\\/villa-collection-ulmi-kuunehari-must\\\/#primaryimage\",\"url\":\"https:\\\/\\\/www.talidesign.eu\\\/wp\\\/wp-content\\\/uploads\\\/2022\\\/05\\\/villa-collection-ulm-nail-brush-black.jpg\",\"contentUrl\":\"https:\\\/\\\/www.talidesign.eu\\\/wp\\\/wp-content\\\/uploads\\\/2022\\\/05\\\/villa-collection-ulm-nail-brush-black.jpg\",\"width\":768,\"height\":768},{\"@type\":\"BreadcrumbList\",\"@id\":\"https:\\\/\\\/www.talidesign.eu\\\/et\\\/pood\\\/toode\\\/villa-collection-ulmi-kuunehari-must\\\/#breadcrumb\",\"itemListElement\":[{\"@type\":\"ListItem\",\"position\":1,\"name\":\"Avaleht\",\"item\":\"https:\\\/\\\/www.talidesign.eu\\\/et\\\/\"},{\"@type\":\"ListItem\",\"position\":2,\"name\":\"Pood\",\"item\":\"https:\\\/\\\/www.talidesign.eu\\\/et\\\/pood\\\/\"},{\"@type\":\"ListItem\",\"position\":3,\"name\":\"Villa Collection Ulm K\u00fc\u00fcnehari Must\"}]},{\"@type\":\"WebSite\",\"@id\":\"https:\\\/\\\/www.talidesign.eu\\\/et\\\/#website\",\"url\":\"https:\\\/\\\/www.talidesign.eu\\\/et\\\/\",\"name\":\"TALI Concept Store\",\"description\":\"Suurim Disainipood Eestis\",\"potentialAction\":[{\"@type\":\"SearchAction\",\"target\":{\"@type\":\"EntryPoint\",\"urlTemplate\":\"https:\\\/\\\/www.talidesign.eu\\\/et\\\/?s={search_term_string}\"},\"query-input\":{\"@type\":\"PropertyValueSpecification\",\"valueRequired\":true,\"valueName\":\"search_term_string\"}}],\"inLanguage\":\"et\"}]}<\/script>\n<!-- \/ Yoast SEO plugin. -->","yoast_head_json":{"title":"Villa Collection Ulm K\u00fc\u00fcnehari Must - TALI Concept Store","description":"Avasta Villa Collection Ulm K\u00fc\u00fcnehari Must - stiilne ja praktiline koduaksessuaar. K\u00e4sitsi valmistatud Schima puidust harja suurus 9,5 x 4,5 x 3,5 cm. Br\u00e4nd Villa Collection.","robots":{"index":"index","follow":"follow","max-snippet":"max-snippet:-1","max-image-preview":"max-image-preview:large","max-video-preview":"max-video-preview:-1"},"canonical":"https:\/\/www.talidesign.eu\/et\/pood\/toode\/villa-collection-ulmi-kuunehari-must\/","og_locale":"et_EE","og_type":"article","og_title":"Villa Collection Ulm K\u00fc\u00fcnehari Must - TALI Concept Store","og_description":"Avasta Villa Collection Ulm K\u00fc\u00fcnehari Must - stiilne ja praktiline koduaksessuaar. K\u00e4sitsi valmistatud Schima puidust harja suurus 9,5 x 4,5 x 3,5 cm. Br\u00e4nd Villa Collection.","og_url":"https:\/\/www.talidesign.eu\/et\/pood\/toode\/villa-collection-ulmi-kuunehari-must\/","og_site_name":"TALI Concept Store","article_publisher":"https:\/\/www.facebook.com\/TaliDisain\/","article_modified_time":"2023-12-07T15:48:19+00:00","og_image":[{"width":768,"height":768,"url":"https:\/\/www.talidesign.eu\/wp\/wp-content\/uploads\/2022\/05\/villa-collection-ulm-nail-brush-black.jpg","type":"image\/jpeg"}],"twitter_card":"summary_large_image","schema":{"@context":"https:\/\/schema.org","@graph":[{"@type":"WebPage","@id":"https:\/\/www.talidesign.eu\/et\/pood\/toode\/villa-collection-ulmi-kuunehari-must\/","url":"https:\/\/www.talidesign.eu\/et\/pood\/toode\/villa-collection-ulmi-kuunehari-must\/","name":"Villa Collection Ulm K\u00fc\u00fcnehari Must - TALI Concept Store","isPartOf":{"@id":"https:\/\/www.talidesign.eu\/et\/#website"},"primaryImageOfPage":{"@id":"https:\/\/www.talidesign.eu\/et\/pood\/toode\/villa-collection-ulmi-kuunehari-must\/#primaryimage"},"image":{"@id":"https:\/\/www.talidesign.eu\/et\/pood\/toode\/villa-collection-ulmi-kuunehari-must\/#primaryimage"},"thumbnailUrl":"https:\/\/www.talidesign.eu\/wp\/wp-content\/uploads\/2022\/05\/villa-collection-ulm-nail-brush-black.jpg","datePublished":"2022-05-04T22:01:14+00:00","dateModified":"2023-12-07T15:48:19+00:00","description":"Avasta Villa Collection Ulm K\u00fc\u00fcnehari Must - stiilne ja praktiline koduaksessuaar. K\u00e4sitsi valmistatud Schima puidust harja suurus 9,5 x 4,5 x 3,5 cm. Br\u00e4nd Villa Collection.","breadcrumb":{"@id":"https:\/\/www.talidesign.eu\/et\/pood\/toode\/villa-collection-ulmi-kuunehari-must\/#breadcrumb"},"inLanguage":"et","potentialAction":[{"@type":"ReadAction","target":["https:\/\/www.talidesign.eu\/et\/pood\/toode\/villa-collection-ulmi-kuunehari-must\/"]}]},{"@type":"ImageObject","inLanguage":"et","@id":"https:\/\/www.talidesign.eu\/et\/pood\/toode\/villa-collection-ulmi-kuunehari-must\/#primaryimage","url":"https:\/\/www.talidesign.eu\/wp\/wp-content\/uploads\/2022\/05\/villa-collection-ulm-nail-brush-black.jpg","contentUrl":"https:\/\/www.talidesign.eu\/wp\/wp-content\/uploads\/2022\/05\/villa-collection-ulm-nail-brush-black.jpg","width":768,"height":768},{"@type":"BreadcrumbList","@id":"https:\/\/www.talidesign.eu\/et\/pood\/toode\/villa-collection-ulmi-kuunehari-must\/#breadcrumb","itemListElement":[{"@type":"ListItem","position":1,"name":"Avaleht","item":"https:\/\/www.talidesign.eu\/et\/"},{"@type":"ListItem","position":2,"name":"Pood","item":"https:\/\/www.talidesign.eu\/et\/pood\/"},{"@type":"ListItem","position":3,"name":"Villa Collection Ulm K\u00fc\u00fcnehari Must"}]},{"@type":"WebSite","@id":"https:\/\/www.talidesign.eu\/et\/#website","url":"https:\/\/www.talidesign.eu\/et\/","name":"TALI Concept Store","description":"Suurim Disainipood Eestis","potentialAction":[{"@type":"SearchAction","target":{"@type":"EntryPoint","urlTemplate":"https:\/\/www.talidesign.eu\/et\/?s={search_term_string}"},"query-input":{"@type":"PropertyValueSpecification","valueRequired":true,"valueName":"search_term_string"}}],"inLanguage":"et"}]}},"_links":{"self":[{"href":"https:\/\/www.talidesign.eu\/et\/wp-json\/wp\/v2\/product\/55789","targetHints":{"allow":["GET"]}}],"collection":[{"href":"https:\/\/www.talidesign.eu\/et\/wp-json\/wp\/v2\/product"}],"about":[{"href":"https:\/\/www.talidesign.eu\/et\/wp-json\/wp\/v2\/types\/product"}],"wp:featuredmedia":[{"embeddable":true,"href":"https:\/\/www.talidesign.eu\/et\/wp-json\/wp\/v2\/media\/55793"}],"wp:attachment":[{"href":"https:\/\/www.talidesign.eu\/et\/wp-json\/wp\/v2\/media?parent=55789"}],"wp:term":[{"taxonomy":"product_brand","embeddable":true,"href":"https:\/\/www.talidesign.eu\/et\/wp-json\/wp\/v2\/product_brand?post=55789"},{"taxonomy":"product_cat","embeddable":true,"href":"https:\/\/www.talidesign.eu\/et\/wp-json\/wp\/v2\/product_cat?post=55789"},{"taxonomy":"product_tag","embeddable":true,"href":"https:\/\/www.talidesign.eu\/et\/wp-json\/wp\/v2\/product_tag?post=55789"}],"curies":[{"name":"wp","href":"https:\/\/api.w.org\/{rel}","templated":true}]}}