{"id":55842,"date":"2022-05-05T10:38:56","date_gmt":"2022-05-05T07:38:56","guid":{"rendered":"https:\/\/www.talidesign.eu\/?post_type=product&#038;p=55842"},"modified":"2025-12-19T11:54:24","modified_gmt":"2025-12-19T09:54:24","slug":"villa-collection-vern-lillepott-hall","status":"publish","type":"product","link":"https:\/\/www.talidesign.eu\/et\/pood\/toode\/villa-collection-vern-lillepott-hall\/","title":{"rendered":"Villa Collection Vern Lillepott Hall"},"content":{"rendered":"<p><strong>Vern Lillepott Hall<\/strong><\/p>\n<p>Pea kujuline lillepott.<\/p>\n<p>\u2022 Materjal: tsement<br \/>\n\u2022 19 x 19 x 22 cm<br \/>\n\u2022 <a href=\"\/et\/tootekategooria\/brandid\/villa-collection-et\/\">Br\u00e4nd Villa Collection<\/a><\/p>\n<p><strong>Br\u00e4ndist<\/strong><\/p>\n<p>Villa Collection Denmark on loovuse ja klassikalise p\u00f5hjamaise DNA kehastus. Meie mantra on, et praeguseid interj\u00f6\u00f6ritrende peab olema lihtne j\u00e4rgida, tegemata j\u00e4releandmisi detailide v\u00f5i materjalide kvaliteedis. Seega t\u00f6\u00f6tame peamiselt koduaksessuaaridega, kus k\u00e4sit\u00f6\u00f6 m\u00e4ngib suurt rolli, sest k\u00e4sitsi valmistatud asjad on loodud kirega, mis tuleb otse s\u00fcdamest.<\/p>\n<p><a href=\"\/et\/tootekategooria\/brandid\/villa-collection-et\/\"><img loading=\"lazy\" decoding=\"async\" src=\"https:\/\/www.talidesign.eu\/wp\/wp-content\/uploads\/2022\/02\/villa-collection.jpg\" alt=\"\" width=\"500\" height=\"100\" class=\"alignnone size-full wp-image-51168\" \/><\/a><\/p>\n","protected":false},"excerpt":{"rendered":"<p><strong>Vern Lillepott Hall<\/strong><\/p>\n<p>Pea kujuline lillepott.<\/p>\n<p>\u2022 Materjal: tsement<br \/>\n\u2022 19 x 19 x 22 cm<br \/>\n\u2022 <a href=\"\/et\/tootekategooria\/brandid\/villa-collection-et\/\">Br\u00e4nd Villa Collection<\/a><\/p>\n<p><strong>Br\u00e4ndist<\/strong><\/p>\n<p>Villa Collection Denmark on loovuse ja klassikalise p\u00f5hjamaise DNA kehastus. Meie mantra on, et praeguseid interj\u00f6\u00f6ritrende peab olema lihtne j\u00e4rgida, tegemata j\u00e4releandmisi detailide v\u00f5i materjalide kvaliteedis. Seega t\u00f6\u00f6tame peamiselt koduaksessuaaridega, kus k\u00e4sit\u00f6\u00f6 m\u00e4ngib suurt rolli, sest k\u00e4sitsi valmistatud asjad on loodud kirega, mis tuleb otse s\u00fcdamest.<\/p>\n<p><a href=\"\/et\/tootekategooria\/brandid\/villa-collection-et\/\"><img loading=\"lazy\" decoding=\"async\" src=\"https:\/\/www.talidesign.eu\/wp\/wp-content\/uploads\/2022\/02\/villa-collection.jpg\" alt=\"\" width=\"500\" height=\"100\" class=\"alignnone size-full wp-image-51168\" \/><\/a><\/p>\n","protected":false},"featured_media":55844,"template":"","meta":[],"product_brand":[],"product_cat":[1099,1026,1018,1030,1101,1091],"product_tag":[2055],"class_list":{"0":"post-55842","1":"product","2":"type-product","3":"status-publish","4":"has-post-thumbnail","6":"product_cat-aksessuaarid","7":"product_cat-brandid","8":"product_cat-kodu","9":"product_cat-kook","10":"product_cat-magamis-ja-elutuba","11":"product_cat-villa-collection-et","12":"product_tag-villa-collection-et","14":"first","15":"outofstock","16":"taxable","17":"shipping-taxable","18":"purchasable","19":"product-type-simple"},"yoast_head":"<!-- This site is optimized with the Yoast SEO plugin v27.3 - https:\/\/yoast.com\/product\/yoast-seo-wordpress\/ -->\n<title>Villa Collection Vern Lillepott Hall - TALI Concept Store<\/title>\n<meta name=\"description\" content=\"Avasta Villa Collection Vern Lillepott Hall - pea kujuline lillepott, mis lisab interj\u00f6\u00f6rile erilist v\u00f5lu. Materjal: tsement. Br\u00e4nd Villa Collection.\" \/>\n<meta name=\"robots\" content=\"index, follow, max-snippet:-1, max-image-preview:large, max-video-preview:-1\" \/>\n<link rel=\"canonical\" href=\"https:\/\/www.talidesign.eu\/et\/pood\/toode\/villa-collection-vern-lillepott-hall\/\" \/>\n<meta property=\"og:locale\" content=\"et_EE\" \/>\n<meta property=\"og:type\" content=\"article\" \/>\n<meta property=\"og:title\" content=\"Villa Collection Vern Lillepott Hall - TALI Concept Store\" \/>\n<meta property=\"og:description\" content=\"Avasta Villa Collection Vern Lillepott Hall - pea kujuline lillepott, mis lisab interj\u00f6\u00f6rile erilist v\u00f5lu. Materjal: tsement. Br\u00e4nd Villa Collection.\" \/>\n<meta property=\"og:url\" content=\"https:\/\/www.talidesign.eu\/et\/pood\/toode\/villa-collection-vern-lillepott-hall\/\" \/>\n<meta property=\"og:site_name\" content=\"TALI Concept Store\" \/>\n<meta property=\"article:publisher\" content=\"https:\/\/www.facebook.com\/TaliDisain\/\" \/>\n<meta property=\"article:modified_time\" content=\"2025-12-19T09:54:24+00:00\" \/>\n<meta property=\"og:image\" content=\"https:\/\/www.talidesign.eu\/wp\/wp-content\/uploads\/2022\/05\/villa-collection-vern-flowerpot-grey.jpg\" \/>\n\t<meta property=\"og:image:width\" content=\"768\" \/>\n\t<meta property=\"og:image:height\" content=\"768\" \/>\n\t<meta property=\"og:image:type\" content=\"image\/jpeg\" \/>\n<meta name=\"twitter:card\" content=\"summary_large_image\" \/>\n<script type=\"application\/ld+json\" class=\"yoast-schema-graph\">{\"@context\":\"https:\\\/\\\/schema.org\",\"@graph\":[{\"@type\":\"WebPage\",\"@id\":\"https:\\\/\\\/www.talidesign.eu\\\/et\\\/pood\\\/toode\\\/villa-collection-vern-lillepott-hall\\\/\",\"url\":\"https:\\\/\\\/www.talidesign.eu\\\/et\\\/pood\\\/toode\\\/villa-collection-vern-lillepott-hall\\\/\",\"name\":\"Villa Collection Vern Lillepott Hall - TALI Concept Store\",\"isPartOf\":{\"@id\":\"https:\\\/\\\/www.talidesign.eu\\\/et\\\/#website\"},\"primaryImageOfPage\":{\"@id\":\"https:\\\/\\\/www.talidesign.eu\\\/et\\\/pood\\\/toode\\\/villa-collection-vern-lillepott-hall\\\/#primaryimage\"},\"image\":{\"@id\":\"https:\\\/\\\/www.talidesign.eu\\\/et\\\/pood\\\/toode\\\/villa-collection-vern-lillepott-hall\\\/#primaryimage\"},\"thumbnailUrl\":\"https:\\\/\\\/www.talidesign.eu\\\/wp\\\/wp-content\\\/uploads\\\/2022\\\/05\\\/villa-collection-vern-flowerpot-grey.jpg\",\"datePublished\":\"2022-05-05T07:38:56+00:00\",\"dateModified\":\"2025-12-19T09:54:24+00:00\",\"description\":\"Avasta Villa Collection Vern Lillepott Hall - pea kujuline lillepott, mis lisab interj\u00f6\u00f6rile erilist v\u00f5lu. Materjal: tsement. Br\u00e4nd Villa Collection.\",\"breadcrumb\":{\"@id\":\"https:\\\/\\\/www.talidesign.eu\\\/et\\\/pood\\\/toode\\\/villa-collection-vern-lillepott-hall\\\/#breadcrumb\"},\"inLanguage\":\"et\",\"potentialAction\":[{\"@type\":\"ReadAction\",\"target\":[\"https:\\\/\\\/www.talidesign.eu\\\/et\\\/pood\\\/toode\\\/villa-collection-vern-lillepott-hall\\\/\"]}]},{\"@type\":\"ImageObject\",\"inLanguage\":\"et\",\"@id\":\"https:\\\/\\\/www.talidesign.eu\\\/et\\\/pood\\\/toode\\\/villa-collection-vern-lillepott-hall\\\/#primaryimage\",\"url\":\"https:\\\/\\\/www.talidesign.eu\\\/wp\\\/wp-content\\\/uploads\\\/2022\\\/05\\\/villa-collection-vern-flowerpot-grey.jpg\",\"contentUrl\":\"https:\\\/\\\/www.talidesign.eu\\\/wp\\\/wp-content\\\/uploads\\\/2022\\\/05\\\/villa-collection-vern-flowerpot-grey.jpg\",\"width\":768,\"height\":768},{\"@type\":\"BreadcrumbList\",\"@id\":\"https:\\\/\\\/www.talidesign.eu\\\/et\\\/pood\\\/toode\\\/villa-collection-vern-lillepott-hall\\\/#breadcrumb\",\"itemListElement\":[{\"@type\":\"ListItem\",\"position\":1,\"name\":\"Avaleht\",\"item\":\"https:\\\/\\\/www.talidesign.eu\\\/et\\\/\"},{\"@type\":\"ListItem\",\"position\":2,\"name\":\"Pood\",\"item\":\"https:\\\/\\\/www.talidesign.eu\\\/et\\\/pood\\\/\"},{\"@type\":\"ListItem\",\"position\":3,\"name\":\"Villa Collection Vern Lillepott Hall\"}]},{\"@type\":\"WebSite\",\"@id\":\"https:\\\/\\\/www.talidesign.eu\\\/et\\\/#website\",\"url\":\"https:\\\/\\\/www.talidesign.eu\\\/et\\\/\",\"name\":\"TALI Concept Store\",\"description\":\"Suurim Disainipood Eestis\",\"potentialAction\":[{\"@type\":\"SearchAction\",\"target\":{\"@type\":\"EntryPoint\",\"urlTemplate\":\"https:\\\/\\\/www.talidesign.eu\\\/et\\\/?s={search_term_string}\"},\"query-input\":{\"@type\":\"PropertyValueSpecification\",\"valueRequired\":true,\"valueName\":\"search_term_string\"}}],\"inLanguage\":\"et\"}]}<\/script>\n<!-- \/ Yoast SEO plugin. -->","yoast_head_json":{"title":"Villa Collection Vern Lillepott Hall - TALI Concept Store","description":"Avasta Villa Collection Vern Lillepott Hall - pea kujuline lillepott, mis lisab interj\u00f6\u00f6rile erilist v\u00f5lu. Materjal: tsement. Br\u00e4nd Villa Collection.","robots":{"index":"index","follow":"follow","max-snippet":"max-snippet:-1","max-image-preview":"max-image-preview:large","max-video-preview":"max-video-preview:-1"},"canonical":"https:\/\/www.talidesign.eu\/et\/pood\/toode\/villa-collection-vern-lillepott-hall\/","og_locale":"et_EE","og_type":"article","og_title":"Villa Collection Vern Lillepott Hall - TALI Concept Store","og_description":"Avasta Villa Collection Vern Lillepott Hall - pea kujuline lillepott, mis lisab interj\u00f6\u00f6rile erilist v\u00f5lu. Materjal: tsement. Br\u00e4nd Villa Collection.","og_url":"https:\/\/www.talidesign.eu\/et\/pood\/toode\/villa-collection-vern-lillepott-hall\/","og_site_name":"TALI Concept Store","article_publisher":"https:\/\/www.facebook.com\/TaliDisain\/","article_modified_time":"2025-12-19T09:54:24+00:00","og_image":[{"width":768,"height":768,"url":"https:\/\/www.talidesign.eu\/wp\/wp-content\/uploads\/2022\/05\/villa-collection-vern-flowerpot-grey.jpg","type":"image\/jpeg"}],"twitter_card":"summary_large_image","schema":{"@context":"https:\/\/schema.org","@graph":[{"@type":"WebPage","@id":"https:\/\/www.talidesign.eu\/et\/pood\/toode\/villa-collection-vern-lillepott-hall\/","url":"https:\/\/www.talidesign.eu\/et\/pood\/toode\/villa-collection-vern-lillepott-hall\/","name":"Villa Collection Vern Lillepott Hall - TALI Concept Store","isPartOf":{"@id":"https:\/\/www.talidesign.eu\/et\/#website"},"primaryImageOfPage":{"@id":"https:\/\/www.talidesign.eu\/et\/pood\/toode\/villa-collection-vern-lillepott-hall\/#primaryimage"},"image":{"@id":"https:\/\/www.talidesign.eu\/et\/pood\/toode\/villa-collection-vern-lillepott-hall\/#primaryimage"},"thumbnailUrl":"https:\/\/www.talidesign.eu\/wp\/wp-content\/uploads\/2022\/05\/villa-collection-vern-flowerpot-grey.jpg","datePublished":"2022-05-05T07:38:56+00:00","dateModified":"2025-12-19T09:54:24+00:00","description":"Avasta Villa Collection Vern Lillepott Hall - pea kujuline lillepott, mis lisab interj\u00f6\u00f6rile erilist v\u00f5lu. Materjal: tsement. Br\u00e4nd Villa Collection.","breadcrumb":{"@id":"https:\/\/www.talidesign.eu\/et\/pood\/toode\/villa-collection-vern-lillepott-hall\/#breadcrumb"},"inLanguage":"et","potentialAction":[{"@type":"ReadAction","target":["https:\/\/www.talidesign.eu\/et\/pood\/toode\/villa-collection-vern-lillepott-hall\/"]}]},{"@type":"ImageObject","inLanguage":"et","@id":"https:\/\/www.talidesign.eu\/et\/pood\/toode\/villa-collection-vern-lillepott-hall\/#primaryimage","url":"https:\/\/www.talidesign.eu\/wp\/wp-content\/uploads\/2022\/05\/villa-collection-vern-flowerpot-grey.jpg","contentUrl":"https:\/\/www.talidesign.eu\/wp\/wp-content\/uploads\/2022\/05\/villa-collection-vern-flowerpot-grey.jpg","width":768,"height":768},{"@type":"BreadcrumbList","@id":"https:\/\/www.talidesign.eu\/et\/pood\/toode\/villa-collection-vern-lillepott-hall\/#breadcrumb","itemListElement":[{"@type":"ListItem","position":1,"name":"Avaleht","item":"https:\/\/www.talidesign.eu\/et\/"},{"@type":"ListItem","position":2,"name":"Pood","item":"https:\/\/www.talidesign.eu\/et\/pood\/"},{"@type":"ListItem","position":3,"name":"Villa Collection Vern Lillepott Hall"}]},{"@type":"WebSite","@id":"https:\/\/www.talidesign.eu\/et\/#website","url":"https:\/\/www.talidesign.eu\/et\/","name":"TALI Concept Store","description":"Suurim Disainipood Eestis","potentialAction":[{"@type":"SearchAction","target":{"@type":"EntryPoint","urlTemplate":"https:\/\/www.talidesign.eu\/et\/?s={search_term_string}"},"query-input":{"@type":"PropertyValueSpecification","valueRequired":true,"valueName":"search_term_string"}}],"inLanguage":"et"}]}},"_links":{"self":[{"href":"https:\/\/www.talidesign.eu\/et\/wp-json\/wp\/v2\/product\/55842","targetHints":{"allow":["GET"]}}],"collection":[{"href":"https:\/\/www.talidesign.eu\/et\/wp-json\/wp\/v2\/product"}],"about":[{"href":"https:\/\/www.talidesign.eu\/et\/wp-json\/wp\/v2\/types\/product"}],"wp:featuredmedia":[{"embeddable":true,"href":"https:\/\/www.talidesign.eu\/et\/wp-json\/wp\/v2\/media\/55844"}],"wp:attachment":[{"href":"https:\/\/www.talidesign.eu\/et\/wp-json\/wp\/v2\/media?parent=55842"}],"wp:term":[{"taxonomy":"product_brand","embeddable":true,"href":"https:\/\/www.talidesign.eu\/et\/wp-json\/wp\/v2\/product_brand?post=55842"},{"taxonomy":"product_cat","embeddable":true,"href":"https:\/\/www.talidesign.eu\/et\/wp-json\/wp\/v2\/product_cat?post=55842"},{"taxonomy":"product_tag","embeddable":true,"href":"https:\/\/www.talidesign.eu\/et\/wp-json\/wp\/v2\/product_tag?post=55842"}],"curies":[{"name":"wp","href":"https:\/\/api.w.org\/{rel}","templated":true}]}}