{"id":55850,"date":"2022-05-05T10:48:54","date_gmt":"2022-05-05T07:48:54","guid":{"rendered":"https:\/\/www.talidesign.eu\/?post_type=product&#038;p=55850"},"modified":"2024-07-02T17:39:45","modified_gmt":"2024-07-02T14:39:45","slug":"villa-collection-vern-lillepott-must","status":"publish","type":"product","link":"https:\/\/www.talidesign.eu\/et\/pood\/toode\/villa-collection-vern-lillepott-must\/","title":{"rendered":"Villa Collection Vern Lillepott Must"},"content":{"rendered":"<p><strong>Vern Lillepott Must<\/strong><\/p>\n<p>Pea kujuline lillepott.<\/p>\n<p>\u2022 Materjal: tsement<br \/>\n\u2022 19 x 19 x 22 cm<br \/>\n\u2022 <a href=\"\/et\/tootekategooria\/brandid\/villa-collection-et\/\">Br\u00e4nd Villa Collection<\/a><\/p>\n<p><strong>Br\u00e4ndist<\/strong><\/p>\n<p>Villa Collection Denmark on loovuse ja klassikalise p\u00f5hjamaise DNA kehastus. Meie mantra on, et praeguseid interj\u00f6\u00f6ritrende peab olema lihtne j\u00e4rgida, tegemata j\u00e4releandmisi detailide v\u00f5i materjalide kvaliteedis. Seega t\u00f6\u00f6tame peamiselt koduaksessuaaridega, kus k\u00e4sit\u00f6\u00f6 m\u00e4ngib suurt rolli, sest k\u00e4sitsi valmistatud asjad on loodud kirega, mis tuleb otse s\u00fcdamest.<\/p>\n<p><a href=\"\/et\/tootekategooria\/brandid\/villa-collection-et\/\"><img loading=\"lazy\" decoding=\"async\" src=\"https:\/\/www.talidesign.eu\/wp\/wp-content\/uploads\/2022\/02\/villa-collection.jpg\" alt=\"\" width=\"500\" height=\"100\" class=\"alignnone size-full wp-image-51168\" \/><\/a><\/p>\n","protected":false},"excerpt":{"rendered":"<p><strong>Vern Lillepott Must<\/strong><\/p>\n<p>Pea kujuline lillepott.<\/p>\n<p>\u2022 Materjal: tsement<br \/>\n\u2022 19 x 19 x 22 cm<br \/>\n\u2022 <a href=\"\/et\/tootekategooria\/brandid\/villa-collection-et\/\">Br\u00e4nd Villa Collection<\/a><\/p>\n<p><strong>Br\u00e4ndist<\/strong><\/p>\n<p>Villa Collection Denmark on loovuse ja klassikalise p\u00f5hjamaise DNA kehastus. Meie mantra on, et praeguseid interj\u00f6\u00f6ritrende peab olema lihtne j\u00e4rgida, tegemata j\u00e4releandmisi detailide v\u00f5i materjalide kvaliteedis. Seega t\u00f6\u00f6tame peamiselt koduaksessuaaridega, kus k\u00e4sit\u00f6\u00f6 m\u00e4ngib suurt rolli, sest k\u00e4sitsi valmistatud asjad on loodud kirega, mis tuleb otse s\u00fcdamest.<\/p>\n<p><a href=\"\/et\/tootekategooria\/brandid\/villa-collection-et\/\"><img loading=\"lazy\" decoding=\"async\" src=\"https:\/\/www.talidesign.eu\/wp\/wp-content\/uploads\/2022\/02\/villa-collection.jpg\" alt=\"\" width=\"500\" height=\"100\" class=\"alignnone size-full wp-image-51168\" \/><\/a><\/p>\n","protected":false},"featured_media":55852,"template":"","meta":[],"product_brand":[],"product_cat":[1099,1026,1018,1030,1101,1091],"product_tag":[2055],"class_list":{"0":"post-55850","1":"product","2":"type-product","3":"status-publish","4":"has-post-thumbnail","6":"product_cat-aksessuaarid","7":"product_cat-brandid","8":"product_cat-kodu","9":"product_cat-kook","10":"product_cat-magamis-ja-elutuba","11":"product_cat-villa-collection-et","12":"product_tag-villa-collection-et","14":"first","15":"outofstock","16":"taxable","17":"shipping-taxable","18":"purchasable","19":"product-type-simple"},"yoast_head":"<!-- This site is optimized with the Yoast SEO plugin v27.3 - https:\/\/yoast.com\/product\/yoast-seo-wordpress\/ -->\n<title>Villa Collection Vern Lillepott Must - TALI Concept Store<\/title>\n<meta name=\"description\" content=\"Villa Collection Vern lillepott must - Pea kujuline tsementmaterjalist lillepott. Br\u00e4nd Villa Collection. K\u00e4sitsi valmistatud koduaksessuaarid.\" \/>\n<meta name=\"robots\" content=\"index, follow, max-snippet:-1, max-image-preview:large, max-video-preview:-1\" \/>\n<link rel=\"canonical\" href=\"https:\/\/www.talidesign.eu\/et\/pood\/toode\/villa-collection-vern-lillepott-must\/\" \/>\n<meta property=\"og:locale\" content=\"et_EE\" \/>\n<meta property=\"og:type\" content=\"article\" \/>\n<meta property=\"og:title\" content=\"Villa Collection Vern Lillepott Must - TALI Concept Store\" \/>\n<meta property=\"og:description\" content=\"Villa Collection Vern lillepott must - Pea kujuline tsementmaterjalist lillepott. Br\u00e4nd Villa Collection. K\u00e4sitsi valmistatud koduaksessuaarid.\" \/>\n<meta property=\"og:url\" content=\"https:\/\/www.talidesign.eu\/et\/pood\/toode\/villa-collection-vern-lillepott-must\/\" \/>\n<meta property=\"og:site_name\" content=\"TALI Concept Store\" \/>\n<meta property=\"article:publisher\" content=\"https:\/\/www.facebook.com\/TaliDisain\/\" \/>\n<meta property=\"article:modified_time\" content=\"2024-07-02T14:39:45+00:00\" \/>\n<meta property=\"og:image\" content=\"https:\/\/www.talidesign.eu\/wp\/wp-content\/uploads\/2022\/05\/villa-collection-vern-flowerpot-black.jpg\" \/>\n\t<meta property=\"og:image:width\" content=\"768\" \/>\n\t<meta property=\"og:image:height\" content=\"768\" \/>\n\t<meta property=\"og:image:type\" content=\"image\/jpeg\" \/>\n<meta name=\"twitter:card\" content=\"summary_large_image\" \/>\n<script type=\"application\/ld+json\" class=\"yoast-schema-graph\">{\"@context\":\"https:\\\/\\\/schema.org\",\"@graph\":[{\"@type\":\"WebPage\",\"@id\":\"https:\\\/\\\/www.talidesign.eu\\\/et\\\/pood\\\/toode\\\/villa-collection-vern-lillepott-must\\\/\",\"url\":\"https:\\\/\\\/www.talidesign.eu\\\/et\\\/pood\\\/toode\\\/villa-collection-vern-lillepott-must\\\/\",\"name\":\"Villa Collection Vern Lillepott Must - TALI Concept Store\",\"isPartOf\":{\"@id\":\"https:\\\/\\\/www.talidesign.eu\\\/et\\\/#website\"},\"primaryImageOfPage\":{\"@id\":\"https:\\\/\\\/www.talidesign.eu\\\/et\\\/pood\\\/toode\\\/villa-collection-vern-lillepott-must\\\/#primaryimage\"},\"image\":{\"@id\":\"https:\\\/\\\/www.talidesign.eu\\\/et\\\/pood\\\/toode\\\/villa-collection-vern-lillepott-must\\\/#primaryimage\"},\"thumbnailUrl\":\"https:\\\/\\\/www.talidesign.eu\\\/wp\\\/wp-content\\\/uploads\\\/2022\\\/05\\\/villa-collection-vern-flowerpot-black.jpg\",\"datePublished\":\"2022-05-05T07:48:54+00:00\",\"dateModified\":\"2024-07-02T14:39:45+00:00\",\"description\":\"Villa Collection Vern lillepott must - Pea kujuline tsementmaterjalist lillepott. Br\u00e4nd Villa Collection. K\u00e4sitsi valmistatud koduaksessuaarid.\",\"breadcrumb\":{\"@id\":\"https:\\\/\\\/www.talidesign.eu\\\/et\\\/pood\\\/toode\\\/villa-collection-vern-lillepott-must\\\/#breadcrumb\"},\"inLanguage\":\"et\",\"potentialAction\":[{\"@type\":\"ReadAction\",\"target\":[\"https:\\\/\\\/www.talidesign.eu\\\/et\\\/pood\\\/toode\\\/villa-collection-vern-lillepott-must\\\/\"]}]},{\"@type\":\"ImageObject\",\"inLanguage\":\"et\",\"@id\":\"https:\\\/\\\/www.talidesign.eu\\\/et\\\/pood\\\/toode\\\/villa-collection-vern-lillepott-must\\\/#primaryimage\",\"url\":\"https:\\\/\\\/www.talidesign.eu\\\/wp\\\/wp-content\\\/uploads\\\/2022\\\/05\\\/villa-collection-vern-flowerpot-black.jpg\",\"contentUrl\":\"https:\\\/\\\/www.talidesign.eu\\\/wp\\\/wp-content\\\/uploads\\\/2022\\\/05\\\/villa-collection-vern-flowerpot-black.jpg\",\"width\":768,\"height\":768},{\"@type\":\"BreadcrumbList\",\"@id\":\"https:\\\/\\\/www.talidesign.eu\\\/et\\\/pood\\\/toode\\\/villa-collection-vern-lillepott-must\\\/#breadcrumb\",\"itemListElement\":[{\"@type\":\"ListItem\",\"position\":1,\"name\":\"Avaleht\",\"item\":\"https:\\\/\\\/www.talidesign.eu\\\/et\\\/\"},{\"@type\":\"ListItem\",\"position\":2,\"name\":\"Pood\",\"item\":\"https:\\\/\\\/www.talidesign.eu\\\/et\\\/pood\\\/\"},{\"@type\":\"ListItem\",\"position\":3,\"name\":\"Villa Collection Vern Lillepott Must\"}]},{\"@type\":\"WebSite\",\"@id\":\"https:\\\/\\\/www.talidesign.eu\\\/et\\\/#website\",\"url\":\"https:\\\/\\\/www.talidesign.eu\\\/et\\\/\",\"name\":\"TALI Concept Store\",\"description\":\"Suurim Disainipood Eestis\",\"potentialAction\":[{\"@type\":\"SearchAction\",\"target\":{\"@type\":\"EntryPoint\",\"urlTemplate\":\"https:\\\/\\\/www.talidesign.eu\\\/et\\\/?s={search_term_string}\"},\"query-input\":{\"@type\":\"PropertyValueSpecification\",\"valueRequired\":true,\"valueName\":\"search_term_string\"}}],\"inLanguage\":\"et\"}]}<\/script>\n<!-- \/ Yoast SEO plugin. -->","yoast_head_json":{"title":"Villa Collection Vern Lillepott Must - TALI Concept Store","description":"Villa Collection Vern lillepott must - Pea kujuline tsementmaterjalist lillepott. Br\u00e4nd Villa Collection. K\u00e4sitsi valmistatud koduaksessuaarid.","robots":{"index":"index","follow":"follow","max-snippet":"max-snippet:-1","max-image-preview":"max-image-preview:large","max-video-preview":"max-video-preview:-1"},"canonical":"https:\/\/www.talidesign.eu\/et\/pood\/toode\/villa-collection-vern-lillepott-must\/","og_locale":"et_EE","og_type":"article","og_title":"Villa Collection Vern Lillepott Must - TALI Concept Store","og_description":"Villa Collection Vern lillepott must - Pea kujuline tsementmaterjalist lillepott. Br\u00e4nd Villa Collection. K\u00e4sitsi valmistatud koduaksessuaarid.","og_url":"https:\/\/www.talidesign.eu\/et\/pood\/toode\/villa-collection-vern-lillepott-must\/","og_site_name":"TALI Concept Store","article_publisher":"https:\/\/www.facebook.com\/TaliDisain\/","article_modified_time":"2024-07-02T14:39:45+00:00","og_image":[{"width":768,"height":768,"url":"https:\/\/www.talidesign.eu\/wp\/wp-content\/uploads\/2022\/05\/villa-collection-vern-flowerpot-black.jpg","type":"image\/jpeg"}],"twitter_card":"summary_large_image","schema":{"@context":"https:\/\/schema.org","@graph":[{"@type":"WebPage","@id":"https:\/\/www.talidesign.eu\/et\/pood\/toode\/villa-collection-vern-lillepott-must\/","url":"https:\/\/www.talidesign.eu\/et\/pood\/toode\/villa-collection-vern-lillepott-must\/","name":"Villa Collection Vern Lillepott Must - TALI Concept Store","isPartOf":{"@id":"https:\/\/www.talidesign.eu\/et\/#website"},"primaryImageOfPage":{"@id":"https:\/\/www.talidesign.eu\/et\/pood\/toode\/villa-collection-vern-lillepott-must\/#primaryimage"},"image":{"@id":"https:\/\/www.talidesign.eu\/et\/pood\/toode\/villa-collection-vern-lillepott-must\/#primaryimage"},"thumbnailUrl":"https:\/\/www.talidesign.eu\/wp\/wp-content\/uploads\/2022\/05\/villa-collection-vern-flowerpot-black.jpg","datePublished":"2022-05-05T07:48:54+00:00","dateModified":"2024-07-02T14:39:45+00:00","description":"Villa Collection Vern lillepott must - Pea kujuline tsementmaterjalist lillepott. Br\u00e4nd Villa Collection. K\u00e4sitsi valmistatud koduaksessuaarid.","breadcrumb":{"@id":"https:\/\/www.talidesign.eu\/et\/pood\/toode\/villa-collection-vern-lillepott-must\/#breadcrumb"},"inLanguage":"et","potentialAction":[{"@type":"ReadAction","target":["https:\/\/www.talidesign.eu\/et\/pood\/toode\/villa-collection-vern-lillepott-must\/"]}]},{"@type":"ImageObject","inLanguage":"et","@id":"https:\/\/www.talidesign.eu\/et\/pood\/toode\/villa-collection-vern-lillepott-must\/#primaryimage","url":"https:\/\/www.talidesign.eu\/wp\/wp-content\/uploads\/2022\/05\/villa-collection-vern-flowerpot-black.jpg","contentUrl":"https:\/\/www.talidesign.eu\/wp\/wp-content\/uploads\/2022\/05\/villa-collection-vern-flowerpot-black.jpg","width":768,"height":768},{"@type":"BreadcrumbList","@id":"https:\/\/www.talidesign.eu\/et\/pood\/toode\/villa-collection-vern-lillepott-must\/#breadcrumb","itemListElement":[{"@type":"ListItem","position":1,"name":"Avaleht","item":"https:\/\/www.talidesign.eu\/et\/"},{"@type":"ListItem","position":2,"name":"Pood","item":"https:\/\/www.talidesign.eu\/et\/pood\/"},{"@type":"ListItem","position":3,"name":"Villa Collection Vern Lillepott Must"}]},{"@type":"WebSite","@id":"https:\/\/www.talidesign.eu\/et\/#website","url":"https:\/\/www.talidesign.eu\/et\/","name":"TALI Concept Store","description":"Suurim Disainipood Eestis","potentialAction":[{"@type":"SearchAction","target":{"@type":"EntryPoint","urlTemplate":"https:\/\/www.talidesign.eu\/et\/?s={search_term_string}"},"query-input":{"@type":"PropertyValueSpecification","valueRequired":true,"valueName":"search_term_string"}}],"inLanguage":"et"}]}},"_links":{"self":[{"href":"https:\/\/www.talidesign.eu\/et\/wp-json\/wp\/v2\/product\/55850","targetHints":{"allow":["GET"]}}],"collection":[{"href":"https:\/\/www.talidesign.eu\/et\/wp-json\/wp\/v2\/product"}],"about":[{"href":"https:\/\/www.talidesign.eu\/et\/wp-json\/wp\/v2\/types\/product"}],"wp:featuredmedia":[{"embeddable":true,"href":"https:\/\/www.talidesign.eu\/et\/wp-json\/wp\/v2\/media\/55852"}],"wp:attachment":[{"href":"https:\/\/www.talidesign.eu\/et\/wp-json\/wp\/v2\/media?parent=55850"}],"wp:term":[{"taxonomy":"product_brand","embeddable":true,"href":"https:\/\/www.talidesign.eu\/et\/wp-json\/wp\/v2\/product_brand?post=55850"},{"taxonomy":"product_cat","embeddable":true,"href":"https:\/\/www.talidesign.eu\/et\/wp-json\/wp\/v2\/product_cat?post=55850"},{"taxonomy":"product_tag","embeddable":true,"href":"https:\/\/www.talidesign.eu\/et\/wp-json\/wp\/v2\/product_tag?post=55850"}],"curies":[{"name":"wp","href":"https:\/\/api.w.org\/{rel}","templated":true}]}}