{"id":55879,"date":"2022-05-05T12:01:50","date_gmt":"2022-05-05T09:01:50","guid":{"rendered":"https:\/\/www.talidesign.eu\/?post_type=product&#038;p=55879"},"modified":"2023-09-19T10:53:32","modified_gmt":"2023-09-19T07:53:32","slug":"zone-nova-one-prugikast-5l-matcha-green","status":"publish","type":"product","link":"https:\/\/www.talidesign.eu\/et\/pood\/toode\/zone-nova-one-prugikast-5l-matcha-green\/","title":{"rendered":"Zone Nova One pr\u00fcgikast 5L Matcha Green"},"content":{"rendered":"<p><strong>Nova One pr\u00fcgikast 5L Matcha Green<\/strong><\/p>\n<p>Nova One v\u00f5lub oma ajatu ja puhta vormiga. Toode on valmistatud siidise pinnaga portselanist ning kuulub Thomas Dudzinski kujundatud samanimelisse Nova vannitoakollektsiooni.<\/p>\n<p>\u2022 Matcha Green<br \/>\n\u2022 K\u00f5rgus: 29cm, Diameeter: 23cm<br \/>\n\u2022 Maht: 5L<br \/>\n\u2022 ABS\/ Siidine pind<br \/>\n\u2022 <a href=\"\/et\/tootekategooria\/brandid\/zone-denmark-et\/\">Br\u00e4nd Zone Denmark<\/a><\/p>\n<p>Taani disainer Thomas Dudzinski t\u00e4histab Nova One sarjaga lihtsat, ausat ja iseloomulikku vormiv\u00e4ljendust. <strong>Seeria p\u00e4lvis tunnustuse German Design Award\u00b4i<\/strong> kategoorias: &#8220;teos, mille disain h\u00f5lmab eriti edukaid lahendusi&#8221; &#8211; auhind, mis antakse p\u00fchendunud ettev\u00f5tetele ja disaineritele.<\/p>\n<p><strong>Tutvu Nova One seeria disaineriga!<\/strong><\/p>\n<p>Thomas Dudzinski on l\u00f5petanud Taanis Aarhusi arhitektuurikooli disaini eriala. Ta on v\u00f5itnud mitmeid rahvusvahelisi auhindu ning juhib oma \u00fcliedukat disainib\u00fcrood, keskendudes toodetele, m\u00f6\u00f6blile ja sisekujundusele.<\/p>\n<p><a href=https:\/\/www.talidesign.eu\/wp\/wp-content\/uploads\/2021\/03\/getimage.ashx_-4.jpg><img src=https:\/\/www.talidesign.eu\/wp\/wp-content\/uploads\/2021\/03\/getimage.ashx_-4.jpg alt=\"\" width=\"1278\" height=\"853\" class=\"alignnone size-full wp-image-22776\" \/><\/a><a href=\"\/product-category\/designers\/zone-denmark\/\"><img src=https:\/\/www.talidesign.eu\/wp\/wp-content\/uploads\/2021\/03\/logo-6.jpg alt=\"\" width=\"500\" height=\"100\" class=\"alignnone size-full wp-image-24694\" \/><\/a><\/p>\n","protected":false},"excerpt":{"rendered":"<p><strong>Nova One pr\u00fcgikast 5L Matcha Green<\/strong><\/p>\n<p>Nova One v\u00f5lub oma ajatu ja puhta vormiga. Toode on valmistatud siidise pinnaga portselanist ning kuulub Thomas Dudzinski kujundatud samanimelisse Nova vannitoakollektsiooni.<\/p>\n<p>\u2022 Matcha Green<br \/>\n\u2022 K\u00f5rgus: 29cm, Diameeter: 23cm<br \/>\n\u2022 Maht: 5L<br \/>\n\u2022 ABS\/ Siidine pind<br \/>\n\u2022 <a href=\"\/et\/tootekategooria\/brandid\/zone-denmark-et\/\">Br\u00e4nd Zone Denmark<\/a><\/p>\n<p>Taani disainer Thomas Dudzinski t\u00e4histab Nova One sarjaga lihtsat, ausat ja iseloomulikku vormiv\u00e4ljendust. <strong>Seeria p\u00e4lvis tunnustuse German Design Award\u00b4i<\/strong> kategoorias: &#8220;teos, mille disain h\u00f5lmab eriti edukaid lahendusi&#8221; &#8211; auhind, mis antakse p\u00fchendunud ettev\u00f5tetele ja disaineritele.<\/p>\n<p><strong>Tutvu Nova One seeria disaineriga!<\/strong><\/p>\n<p>Thomas Dudzinski on l\u00f5petanud Taanis Aarhusi arhitektuurikooli disaini eriala. Ta on v\u00f5itnud mitmeid rahvusvahelisi auhindu ning juhib oma \u00fcliedukat disainib\u00fcrood, keskendudes toodetele, m\u00f6\u00f6blile ja sisekujundusele.<\/p>\n<p><a href=https:\/\/www.talidesign.eu\/wp\/wp-content\/uploads\/2021\/03\/getimage.ashx_-4.jpg><img src=https:\/\/www.talidesign.eu\/wp\/wp-content\/uploads\/2021\/03\/getimage.ashx_-4.jpg alt=\"\" width=\"1278\" height=\"853\" class=\"alignnone size-full wp-image-22776\" \/><\/a><a href=\"\/product-category\/designers\/zone-denmark\/\"><img src=https:\/\/www.talidesign.eu\/wp\/wp-content\/uploads\/2021\/03\/logo-6.jpg alt=\"\" width=\"500\" height=\"100\" class=\"alignnone size-full wp-image-24694\" \/><\/a><\/p>\n","protected":false},"featured_media":55888,"template":"","meta":[],"product_brand":[],"product_cat":[1177,1026,1031,1018,1100,1095],"product_tag":[1225],"class_list":{"0":"post-55879","1":"product","2":"type-product","3":"status-publish","4":"has-post-thumbnail","6":"product_cat-allahindlus","7":"product_cat-brandid","8":"product_cat-hoiustamine","9":"product_cat-kodu","10":"product_cat-vannituba","11":"product_cat-zone-denmark-et","12":"product_tag-zone-nova-one-grey-et","14":"first","15":"outofstock","16":"sale","17":"taxable","18":"shipping-taxable","19":"purchasable","20":"product-type-simple"},"yoast_head":"<!-- This site is optimized with the Yoast SEO plugin v27.3 - https:\/\/yoast.com\/product\/yoast-seo-wordpress\/ -->\n<title>Zone Nova One pr\u00fcgikast 5L Matcha Green - TALI Concept Store<\/title>\n<meta name=\"description\" content=\"Avasta ajatu ja puhta vormiga Zone Denmark Nova One pr\u00fcgikast 5L Matcha Green. Valmistatud siidise pinnaga portselanist. Tutvu disaineri Thomas Dudzinskiga!\" \/>\n<meta name=\"robots\" content=\"index, follow, max-snippet:-1, max-image-preview:large, max-video-preview:-1\" \/>\n<link rel=\"canonical\" href=\"https:\/\/www.talidesign.eu\/et\/pood\/toode\/zone-nova-one-prugikast-5l-matcha-green\/\" \/>\n<meta property=\"og:locale\" content=\"et_EE\" \/>\n<meta property=\"og:type\" content=\"article\" \/>\n<meta property=\"og:title\" content=\"Zone Nova One pr\u00fcgikast 5L Matcha Green - TALI Concept Store\" \/>\n<meta property=\"og:description\" content=\"Avasta ajatu ja puhta vormiga Zone Denmark Nova One pr\u00fcgikast 5L Matcha Green. Valmistatud siidise pinnaga portselanist. Tutvu disaineri Thomas Dudzinskiga!\" \/>\n<meta property=\"og:url\" content=\"https:\/\/www.talidesign.eu\/et\/pood\/toode\/zone-nova-one-prugikast-5l-matcha-green\/\" \/>\n<meta property=\"og:site_name\" content=\"TALI Concept Store\" \/>\n<meta property=\"article:publisher\" content=\"https:\/\/www.facebook.com\/TaliDisain\/\" \/>\n<meta property=\"article:modified_time\" content=\"2023-09-19T07:53:32+00:00\" \/>\n<meta property=\"og:image\" content=\"https:\/\/www.talidesign.eu\/wp\/wp-content\/uploads\/2022\/05\/zone-nova-one-pedal-bin-5l-matcha-green.jpg\" \/>\n\t<meta property=\"og:image:width\" content=\"768\" \/>\n\t<meta property=\"og:image:height\" content=\"768\" \/>\n\t<meta property=\"og:image:type\" content=\"image\/jpeg\" \/>\n<meta name=\"twitter:card\" content=\"summary_large_image\" \/>\n<meta name=\"twitter:label1\" content=\"Est. reading time\" \/>\n\t<meta name=\"twitter:data1\" content=\"1 minute\" \/>\n<script type=\"application\/ld+json\" class=\"yoast-schema-graph\">{\"@context\":\"https:\\\/\\\/schema.org\",\"@graph\":[{\"@type\":\"WebPage\",\"@id\":\"https:\\\/\\\/www.talidesign.eu\\\/et\\\/pood\\\/toode\\\/zone-nova-one-prugikast-5l-matcha-green\\\/\",\"url\":\"https:\\\/\\\/www.talidesign.eu\\\/et\\\/pood\\\/toode\\\/zone-nova-one-prugikast-5l-matcha-green\\\/\",\"name\":\"Zone Nova One pr\u00fcgikast 5L Matcha Green - TALI Concept Store\",\"isPartOf\":{\"@id\":\"https:\\\/\\\/www.talidesign.eu\\\/et\\\/#website\"},\"primaryImageOfPage\":{\"@id\":\"https:\\\/\\\/www.talidesign.eu\\\/et\\\/pood\\\/toode\\\/zone-nova-one-prugikast-5l-matcha-green\\\/#primaryimage\"},\"image\":{\"@id\":\"https:\\\/\\\/www.talidesign.eu\\\/et\\\/pood\\\/toode\\\/zone-nova-one-prugikast-5l-matcha-green\\\/#primaryimage\"},\"thumbnailUrl\":\"https:\\\/\\\/www.talidesign.eu\\\/wp\\\/wp-content\\\/uploads\\\/2022\\\/05\\\/zone-nova-one-pedal-bin-5l-matcha-green.jpg\",\"datePublished\":\"2022-05-05T09:01:50+00:00\",\"dateModified\":\"2023-09-19T07:53:32+00:00\",\"description\":\"Avasta ajatu ja puhta vormiga Zone Denmark Nova One pr\u00fcgikast 5L Matcha Green. Valmistatud siidise pinnaga portselanist. Tutvu disaineri Thomas Dudzinskiga!\",\"breadcrumb\":{\"@id\":\"https:\\\/\\\/www.talidesign.eu\\\/et\\\/pood\\\/toode\\\/zone-nova-one-prugikast-5l-matcha-green\\\/#breadcrumb\"},\"inLanguage\":\"et\",\"potentialAction\":[{\"@type\":\"ReadAction\",\"target\":[\"https:\\\/\\\/www.talidesign.eu\\\/et\\\/pood\\\/toode\\\/zone-nova-one-prugikast-5l-matcha-green\\\/\"]}]},{\"@type\":\"ImageObject\",\"inLanguage\":\"et\",\"@id\":\"https:\\\/\\\/www.talidesign.eu\\\/et\\\/pood\\\/toode\\\/zone-nova-one-prugikast-5l-matcha-green\\\/#primaryimage\",\"url\":\"https:\\\/\\\/www.talidesign.eu\\\/wp\\\/wp-content\\\/uploads\\\/2022\\\/05\\\/zone-nova-one-pedal-bin-5l-matcha-green.jpg\",\"contentUrl\":\"https:\\\/\\\/www.talidesign.eu\\\/wp\\\/wp-content\\\/uploads\\\/2022\\\/05\\\/zone-nova-one-pedal-bin-5l-matcha-green.jpg\",\"width\":768,\"height\":768},{\"@type\":\"BreadcrumbList\",\"@id\":\"https:\\\/\\\/www.talidesign.eu\\\/et\\\/pood\\\/toode\\\/zone-nova-one-prugikast-5l-matcha-green\\\/#breadcrumb\",\"itemListElement\":[{\"@type\":\"ListItem\",\"position\":1,\"name\":\"Avaleht\",\"item\":\"https:\\\/\\\/www.talidesign.eu\\\/et\\\/\"},{\"@type\":\"ListItem\",\"position\":2,\"name\":\"Pood\",\"item\":\"https:\\\/\\\/www.talidesign.eu\\\/et\\\/pood\\\/\"},{\"@type\":\"ListItem\",\"position\":3,\"name\":\"Zone Nova One pr\u00fcgikast 5L Matcha Green\"}]},{\"@type\":\"WebSite\",\"@id\":\"https:\\\/\\\/www.talidesign.eu\\\/et\\\/#website\",\"url\":\"https:\\\/\\\/www.talidesign.eu\\\/et\\\/\",\"name\":\"TALI Concept Store\",\"description\":\"Suurim Disainipood Eestis\",\"potentialAction\":[{\"@type\":\"SearchAction\",\"target\":{\"@type\":\"EntryPoint\",\"urlTemplate\":\"https:\\\/\\\/www.talidesign.eu\\\/et\\\/?s={search_term_string}\"},\"query-input\":{\"@type\":\"PropertyValueSpecification\",\"valueRequired\":true,\"valueName\":\"search_term_string\"}}],\"inLanguage\":\"et\"}]}<\/script>\n<!-- \/ Yoast SEO plugin. -->","yoast_head_json":{"title":"Zone Nova One pr\u00fcgikast 5L Matcha Green - TALI Concept Store","description":"Avasta ajatu ja puhta vormiga Zone Denmark Nova One pr\u00fcgikast 5L Matcha Green. Valmistatud siidise pinnaga portselanist. Tutvu disaineri Thomas Dudzinskiga!","robots":{"index":"index","follow":"follow","max-snippet":"max-snippet:-1","max-image-preview":"max-image-preview:large","max-video-preview":"max-video-preview:-1"},"canonical":"https:\/\/www.talidesign.eu\/et\/pood\/toode\/zone-nova-one-prugikast-5l-matcha-green\/","og_locale":"et_EE","og_type":"article","og_title":"Zone Nova One pr\u00fcgikast 5L Matcha Green - TALI Concept Store","og_description":"Avasta ajatu ja puhta vormiga Zone Denmark Nova One pr\u00fcgikast 5L Matcha Green. Valmistatud siidise pinnaga portselanist. Tutvu disaineri Thomas Dudzinskiga!","og_url":"https:\/\/www.talidesign.eu\/et\/pood\/toode\/zone-nova-one-prugikast-5l-matcha-green\/","og_site_name":"TALI Concept Store","article_publisher":"https:\/\/www.facebook.com\/TaliDisain\/","article_modified_time":"2023-09-19T07:53:32+00:00","og_image":[{"width":768,"height":768,"url":"https:\/\/www.talidesign.eu\/wp\/wp-content\/uploads\/2022\/05\/zone-nova-one-pedal-bin-5l-matcha-green.jpg","type":"image\/jpeg"}],"twitter_card":"summary_large_image","twitter_misc":{"Est. reading time":"1 minute"},"schema":{"@context":"https:\/\/schema.org","@graph":[{"@type":"WebPage","@id":"https:\/\/www.talidesign.eu\/et\/pood\/toode\/zone-nova-one-prugikast-5l-matcha-green\/","url":"https:\/\/www.talidesign.eu\/et\/pood\/toode\/zone-nova-one-prugikast-5l-matcha-green\/","name":"Zone Nova One pr\u00fcgikast 5L Matcha Green - TALI Concept Store","isPartOf":{"@id":"https:\/\/www.talidesign.eu\/et\/#website"},"primaryImageOfPage":{"@id":"https:\/\/www.talidesign.eu\/et\/pood\/toode\/zone-nova-one-prugikast-5l-matcha-green\/#primaryimage"},"image":{"@id":"https:\/\/www.talidesign.eu\/et\/pood\/toode\/zone-nova-one-prugikast-5l-matcha-green\/#primaryimage"},"thumbnailUrl":"https:\/\/www.talidesign.eu\/wp\/wp-content\/uploads\/2022\/05\/zone-nova-one-pedal-bin-5l-matcha-green.jpg","datePublished":"2022-05-05T09:01:50+00:00","dateModified":"2023-09-19T07:53:32+00:00","description":"Avasta ajatu ja puhta vormiga Zone Denmark Nova One pr\u00fcgikast 5L Matcha Green. Valmistatud siidise pinnaga portselanist. Tutvu disaineri Thomas Dudzinskiga!","breadcrumb":{"@id":"https:\/\/www.talidesign.eu\/et\/pood\/toode\/zone-nova-one-prugikast-5l-matcha-green\/#breadcrumb"},"inLanguage":"et","potentialAction":[{"@type":"ReadAction","target":["https:\/\/www.talidesign.eu\/et\/pood\/toode\/zone-nova-one-prugikast-5l-matcha-green\/"]}]},{"@type":"ImageObject","inLanguage":"et","@id":"https:\/\/www.talidesign.eu\/et\/pood\/toode\/zone-nova-one-prugikast-5l-matcha-green\/#primaryimage","url":"https:\/\/www.talidesign.eu\/wp\/wp-content\/uploads\/2022\/05\/zone-nova-one-pedal-bin-5l-matcha-green.jpg","contentUrl":"https:\/\/www.talidesign.eu\/wp\/wp-content\/uploads\/2022\/05\/zone-nova-one-pedal-bin-5l-matcha-green.jpg","width":768,"height":768},{"@type":"BreadcrumbList","@id":"https:\/\/www.talidesign.eu\/et\/pood\/toode\/zone-nova-one-prugikast-5l-matcha-green\/#breadcrumb","itemListElement":[{"@type":"ListItem","position":1,"name":"Avaleht","item":"https:\/\/www.talidesign.eu\/et\/"},{"@type":"ListItem","position":2,"name":"Pood","item":"https:\/\/www.talidesign.eu\/et\/pood\/"},{"@type":"ListItem","position":3,"name":"Zone Nova One pr\u00fcgikast 5L Matcha Green"}]},{"@type":"WebSite","@id":"https:\/\/www.talidesign.eu\/et\/#website","url":"https:\/\/www.talidesign.eu\/et\/","name":"TALI Concept Store","description":"Suurim Disainipood Eestis","potentialAction":[{"@type":"SearchAction","target":{"@type":"EntryPoint","urlTemplate":"https:\/\/www.talidesign.eu\/et\/?s={search_term_string}"},"query-input":{"@type":"PropertyValueSpecification","valueRequired":true,"valueName":"search_term_string"}}],"inLanguage":"et"}]}},"_links":{"self":[{"href":"https:\/\/www.talidesign.eu\/et\/wp-json\/wp\/v2\/product\/55879","targetHints":{"allow":["GET"]}}],"collection":[{"href":"https:\/\/www.talidesign.eu\/et\/wp-json\/wp\/v2\/product"}],"about":[{"href":"https:\/\/www.talidesign.eu\/et\/wp-json\/wp\/v2\/types\/product"}],"wp:featuredmedia":[{"embeddable":true,"href":"https:\/\/www.talidesign.eu\/et\/wp-json\/wp\/v2\/media\/55888"}],"wp:attachment":[{"href":"https:\/\/www.talidesign.eu\/et\/wp-json\/wp\/v2\/media?parent=55879"}],"wp:term":[{"taxonomy":"product_brand","embeddable":true,"href":"https:\/\/www.talidesign.eu\/et\/wp-json\/wp\/v2\/product_brand?post=55879"},{"taxonomy":"product_cat","embeddable":true,"href":"https:\/\/www.talidesign.eu\/et\/wp-json\/wp\/v2\/product_cat?post=55879"},{"taxonomy":"product_tag","embeddable":true,"href":"https:\/\/www.talidesign.eu\/et\/wp-json\/wp\/v2\/product_tag?post=55879"}],"curies":[{"name":"wp","href":"https:\/\/api.w.org\/{rel}","templated":true}]}}