{"id":56391,"date":"2022-05-16T22:48:51","date_gmt":"2022-05-16T19:48:51","guid":{"rendered":"https:\/\/www.talidesign.eu\/?post_type=product&#038;p=56391"},"modified":"2025-11-10T00:16:43","modified_gmt":"2025-11-09T22:16:43","slug":"kirju-black-wings-korvarongad-kuld","status":"publish","type":"product","link":"https:\/\/www.talidesign.eu\/et\/pood\/toode\/kirju-black-wings-korvarongad-kuld\/","title":{"rendered":"Kirju Black Wings k\u00f5rvar\u00f5ngad Kuld"},"content":{"rendered":"<p><strong>Black Wings k\u00f5rvar\u00f5ngad Kuld<\/strong><\/p>\n<p>&#8220;Ear climbers&#8221; on uus stiil, mis annab oman\u00e4olise v\u00e4limuse, ilma et oleks vaja mitut k\u00f5rvaauku.<\/p>\n<p><a href=\"https:\/\/www.talidesign.eu\/wp\/wp-content\/uploads\/2022\/05\/Climberi-juhend.jpg\"><img loading=\"lazy\" decoding=\"async\" src=\"https:\/\/www.talidesign.eu\/wp\/wp-content\/uploads\/2022\/05\/Climberi-juhend-545x400.jpg\" alt=\"\" width=\"545\" height=\"400\" class=\"alignnone size-medium wp-image-56908\" srcset=\"https:\/\/www.talidesign.eu\/wp\/wp-content\/uploads\/2022\/05\/Climberi-juhend-545x400.jpg 545w, https:\/\/www.talidesign.eu\/wp\/wp-content\/uploads\/2022\/05\/Climberi-juhend-1090x800.jpg 1090w, https:\/\/www.talidesign.eu\/wp\/wp-content\/uploads\/2022\/05\/Climberi-juhend-768x564.jpg 768w, https:\/\/www.talidesign.eu\/wp\/wp-content\/uploads\/2022\/05\/Climberi-juhend-500x367.jpg 500w, https:\/\/www.talidesign.eu\/wp\/wp-content\/uploads\/2022\/05\/Climberi-juhend-510x374.jpg 510w, https:\/\/www.talidesign.eu\/wp\/wp-content\/uploads\/2022\/05\/Climberi-juhend.jpg 1368w\" sizes=\"auto, (max-width: 545px) 100vw, 545px\" \/><\/a><\/p>\n<p>\u2022 <a href=\"\/et\/tootekategooria\/brandid\/kirju-co-et\/\">Br\u00e4nd KIRJU.CO<\/a><br \/>\n\u2022 H\u00f5be 925 haagiga k\u00f5rvar\u00f5ngad<br \/>\n\u2022 Must Zirconia<br \/>\n\u2022 M\u00f5\u00f5dud: 24 x 8mm<br \/>\n\u2022 Kinkekarbis<\/p>\n<p><strong>Hooldus<\/strong><\/p>\n<p>Parim vahend ehete puhastamiseks kodus on soe vesi. Puhastage ehted \u00f5rnatoimelise n\u00f5udepesuvahendi ja sooja vee lahuses. Loputage hoolikalt ja kuivatage pehme lapiga.<\/p>\n<p>Parima tulemuse saavutamiseks poleerige h\u00f5beehteid spetsiaalse ehete poleerimise lapiga.<\/p>\n<p><strong>Br\u00e4ndist<\/strong><\/p>\n<p>Eesti arhitekti poolt loodud br\u00e4nd KIRJU.CO on tuntud oma graafilise joone ning minimalistliku vormi t\u00f5ttu, sealjuures pidades v\u00e4ga oluliseks ka loomingu m\u00e4ngulisust. Juba 10 aastat tegutsenud br\u00e4nd on l\u00e4bi pidevalt uuenevate kollektsioonide s\u00e4ilitanud oma algsed loomamotiivid, millest on kujunenud KIRJU.CO firmam\u00e4rk. Lisaks kesksetele geomeetrilistele vormidele esinevad stiliseeritud taime- ja loomamotiivid paralleelselt paljudes kollektsioonides.<\/p>\n<p>KIRJU.CO tunnustab iga p\u00e4eva\u2026 iga hetke, v\u00e4\u00e4rtustab elu kergust ja imetleb selle kulgu. Streetwear br\u00e4ndina on k\u00f5ik meie tooted loodud kestma ning m\u00f5eldud igap\u00e4evaseks kandmiseks.<\/p>\n<p><a href=\"\/et\/tootekategooria\/brandid\/kirju-co-et\/\"><img loading=\"lazy\" decoding=\"async\" src=\"https:\/\/www.talidesign.eu\/wp\/wp-content\/uploads\/2021\/03\/logo-1.jpg\" alt=\"\" width=\"500\" height=\"100\" class=\"alignnone size-full wp-image-24054\" \/><\/a><\/p>\n","protected":false},"excerpt":{"rendered":"<p><strong>Black Wings k\u00f5rvar\u00f5ngad Kuld<\/strong><\/p>\n<p>&#8220;Ear climbers&#8221; on uus stiil, mis annab oman\u00e4olise v\u00e4limuse, ilma et oleks vaja mitut k\u00f5rvaauku.<\/p>\n<p>\u2022 <a href=\"\/et\/tootekategooria\/brandid\/kirju-co-et\/\">Br\u00e4nd KIRJU.CO<\/a><br \/>\n\u2022 H\u00f5be 925 haagiga k\u00f5rvar\u00f5ngad<br \/>\n\u2022 Must Zirconia<br \/>\n\u2022 M\u00f5\u00f5dud: 24 x 8mm<br \/>\n\u2022 Kinkekarbis<\/p>\n<p><strong>Hooldus<\/strong><\/p>\n<p>Parim vahend ehete puhastamiseks kodus on soe vesi. Puhastage ehted \u00f5rnatoimelise n\u00f5udepesuvahendi ja sooja vee lahuses. Loputage hoolikalt ja kuivatage pehme lapiga.<\/p>\n<p>Parima tulemuse saavutamiseks poleerige h\u00f5beehteid spetsiaalse ehete poleerimise lapiga.<\/p>\n<p><strong>Br\u00e4ndist<\/strong><\/p>\n<p>Eesti arhitekti poolt loodud br\u00e4nd KIRJU.CO on tuntud oma graafilise joone ning minimalistliku vormi t\u00f5ttu, sealjuures pidades v\u00e4ga oluliseks ka loomingu m\u00e4ngulisust. Juba 10 aastat tegutsenud br\u00e4nd on l\u00e4bi pidevalt uuenevate kollektsioonide s\u00e4ilitanud oma algsed loomamotiivid, millest on kujunenud KIRJU.CO firmam\u00e4rk. Lisaks kesksetele geomeetrilistele vormidele esinevad stiliseeritud taime- ja loomamotiivid paralleelselt paljudes kollektsioonides.<\/p>\n<p>KIRJU.CO tunnustab iga p\u00e4eva\u2026 iga hetke, v\u00e4\u00e4rtustab elu kergust ja imetleb selle kulgu. Streetwear br\u00e4ndina on k\u00f5ik meie tooted loodud kestma ning m\u00f5eldud igap\u00e4evaseks kandmiseks.<\/p>\n<p><a href=\"\/et\/tootekategooria\/brandid\/kirju-co-et\/\"><img loading=\"lazy\" decoding=\"async\" src=\"https:\/\/www.talidesign.eu\/wp\/wp-content\/uploads\/2021\/03\/logo-1.jpg\" alt=\"\" width=\"500\" height=\"100\" class=\"alignnone size-full wp-image-24054\" \/><\/a><\/p>\n","protected":false},"featured_media":56393,"template":"","meta":[],"product_brand":[],"product_cat":[1026,1146,1155,1152,1054,1148],"product_tag":[1254],"class_list":{"0":"post-56391","1":"product","2":"type-product","3":"status-publish","4":"has-post-thumbnail","6":"product_cat-brandid","7":"product_cat-ehted","8":"product_cat-hobekorvarongad","9":"product_cat-kirju-co-korvarongad","10":"product_cat-kirju-co-et","11":"product_cat-korvarongad","12":"product_tag-kirju-jewellery-et","14":"first","15":"outofstock","16":"taxable","17":"shipping-taxable","18":"purchasable","19":"product-type-simple"},"yoast_head":"<!-- This site is optimized with the Yoast SEO plugin v27.3 - https:\/\/yoast.com\/product\/yoast-seo-wordpress\/ -->\n<title>Kirju Black Wings k\u00f5rvar\u00f5ngad Kuld - TALI Concept Store<\/title>\n<meta name=\"description\" content=\"Kirju Black Wings k\u00f5rvar\u00f5ngad Kuld - uus stiil, mis annab oman\u00e4olise v\u00e4limuse ilma mitme k\u00f5rvaauguta. Avasta rohkem KIRJU.CO tooteid.\" \/>\n<meta name=\"robots\" content=\"index, follow, max-snippet:-1, max-image-preview:large, max-video-preview:-1\" \/>\n<link rel=\"canonical\" href=\"https:\/\/www.talidesign.eu\/et\/pood\/toode\/kirju-black-wings-korvarongad-kuld\/\" \/>\n<meta property=\"og:locale\" content=\"et_EE\" \/>\n<meta property=\"og:type\" content=\"article\" \/>\n<meta property=\"og:title\" content=\"Kirju Black Wings k\u00f5rvar\u00f5ngad Kuld - TALI Concept Store\" \/>\n<meta property=\"og:description\" content=\"Kirju Black Wings k\u00f5rvar\u00f5ngad Kuld - uus stiil, mis annab oman\u00e4olise v\u00e4limuse ilma mitme k\u00f5rvaauguta. Avasta rohkem KIRJU.CO tooteid.\" \/>\n<meta property=\"og:url\" content=\"https:\/\/www.talidesign.eu\/et\/pood\/toode\/kirju-black-wings-korvarongad-kuld\/\" \/>\n<meta property=\"og:site_name\" content=\"TALI Concept Store\" \/>\n<meta property=\"article:publisher\" content=\"https:\/\/www.facebook.com\/TaliDisain\/\" \/>\n<meta property=\"article:modified_time\" content=\"2025-11-09T22:16:43+00:00\" \/>\n<meta property=\"og:image\" content=\"https:\/\/www.talidesign.eu\/wp\/wp-content\/uploads\/2022\/05\/Black-Wings_gold-scaled.jpg\" \/>\n\t<meta property=\"og:image:width\" content=\"2560\" \/>\n\t<meta property=\"og:image:height\" content=\"2560\" \/>\n\t<meta property=\"og:image:type\" content=\"image\/jpeg\" \/>\n<meta name=\"twitter:card\" content=\"summary_large_image\" \/>\n<meta name=\"twitter:label1\" content=\"Est. reading time\" \/>\n\t<meta name=\"twitter:data1\" content=\"1 minute\" \/>\n<script type=\"application\/ld+json\" class=\"yoast-schema-graph\">{\"@context\":\"https:\\\/\\\/schema.org\",\"@graph\":[{\"@type\":\"WebPage\",\"@id\":\"https:\\\/\\\/www.talidesign.eu\\\/et\\\/pood\\\/toode\\\/kirju-black-wings-korvarongad-kuld\\\/\",\"url\":\"https:\\\/\\\/www.talidesign.eu\\\/et\\\/pood\\\/toode\\\/kirju-black-wings-korvarongad-kuld\\\/\",\"name\":\"Kirju Black Wings k\u00f5rvar\u00f5ngad Kuld - TALI Concept Store\",\"isPartOf\":{\"@id\":\"https:\\\/\\\/www.talidesign.eu\\\/et\\\/#website\"},\"primaryImageOfPage\":{\"@id\":\"https:\\\/\\\/www.talidesign.eu\\\/et\\\/pood\\\/toode\\\/kirju-black-wings-korvarongad-kuld\\\/#primaryimage\"},\"image\":{\"@id\":\"https:\\\/\\\/www.talidesign.eu\\\/et\\\/pood\\\/toode\\\/kirju-black-wings-korvarongad-kuld\\\/#primaryimage\"},\"thumbnailUrl\":\"https:\\\/\\\/www.talidesign.eu\\\/wp\\\/wp-content\\\/uploads\\\/2022\\\/05\\\/Black-Wings_gold-scaled.jpg\",\"datePublished\":\"2022-05-16T19:48:51+00:00\",\"dateModified\":\"2025-11-09T22:16:43+00:00\",\"description\":\"Kirju Black Wings k\u00f5rvar\u00f5ngad Kuld - uus stiil, mis annab oman\u00e4olise v\u00e4limuse ilma mitme k\u00f5rvaauguta. Avasta rohkem KIRJU.CO tooteid.\",\"breadcrumb\":{\"@id\":\"https:\\\/\\\/www.talidesign.eu\\\/et\\\/pood\\\/toode\\\/kirju-black-wings-korvarongad-kuld\\\/#breadcrumb\"},\"inLanguage\":\"et\",\"potentialAction\":[{\"@type\":\"ReadAction\",\"target\":[\"https:\\\/\\\/www.talidesign.eu\\\/et\\\/pood\\\/toode\\\/kirju-black-wings-korvarongad-kuld\\\/\"]}]},{\"@type\":\"ImageObject\",\"inLanguage\":\"et\",\"@id\":\"https:\\\/\\\/www.talidesign.eu\\\/et\\\/pood\\\/toode\\\/kirju-black-wings-korvarongad-kuld\\\/#primaryimage\",\"url\":\"https:\\\/\\\/www.talidesign.eu\\\/wp\\\/wp-content\\\/uploads\\\/2022\\\/05\\\/Black-Wings_gold-scaled.jpg\",\"contentUrl\":\"https:\\\/\\\/www.talidesign.eu\\\/wp\\\/wp-content\\\/uploads\\\/2022\\\/05\\\/Black-Wings_gold-scaled.jpg\",\"width\":2560,\"height\":2560},{\"@type\":\"BreadcrumbList\",\"@id\":\"https:\\\/\\\/www.talidesign.eu\\\/et\\\/pood\\\/toode\\\/kirju-black-wings-korvarongad-kuld\\\/#breadcrumb\",\"itemListElement\":[{\"@type\":\"ListItem\",\"position\":1,\"name\":\"Avaleht\",\"item\":\"https:\\\/\\\/www.talidesign.eu\\\/et\\\/\"},{\"@type\":\"ListItem\",\"position\":2,\"name\":\"Pood\",\"item\":\"https:\\\/\\\/www.talidesign.eu\\\/et\\\/pood\\\/\"},{\"@type\":\"ListItem\",\"position\":3,\"name\":\"Kirju Black Wings k\u00f5rvar\u00f5ngad Kuld\"}]},{\"@type\":\"WebSite\",\"@id\":\"https:\\\/\\\/www.talidesign.eu\\\/et\\\/#website\",\"url\":\"https:\\\/\\\/www.talidesign.eu\\\/et\\\/\",\"name\":\"TALI Concept Store\",\"description\":\"Suurim Disainipood Eestis\",\"potentialAction\":[{\"@type\":\"SearchAction\",\"target\":{\"@type\":\"EntryPoint\",\"urlTemplate\":\"https:\\\/\\\/www.talidesign.eu\\\/et\\\/?s={search_term_string}\"},\"query-input\":{\"@type\":\"PropertyValueSpecification\",\"valueRequired\":true,\"valueName\":\"search_term_string\"}}],\"inLanguage\":\"et\"}]}<\/script>\n<!-- \/ Yoast SEO plugin. -->","yoast_head_json":{"title":"Kirju Black Wings k\u00f5rvar\u00f5ngad Kuld - TALI Concept Store","description":"Kirju Black Wings k\u00f5rvar\u00f5ngad Kuld - uus stiil, mis annab oman\u00e4olise v\u00e4limuse ilma mitme k\u00f5rvaauguta. Avasta rohkem KIRJU.CO tooteid.","robots":{"index":"index","follow":"follow","max-snippet":"max-snippet:-1","max-image-preview":"max-image-preview:large","max-video-preview":"max-video-preview:-1"},"canonical":"https:\/\/www.talidesign.eu\/et\/pood\/toode\/kirju-black-wings-korvarongad-kuld\/","og_locale":"et_EE","og_type":"article","og_title":"Kirju Black Wings k\u00f5rvar\u00f5ngad Kuld - TALI Concept Store","og_description":"Kirju Black Wings k\u00f5rvar\u00f5ngad Kuld - uus stiil, mis annab oman\u00e4olise v\u00e4limuse ilma mitme k\u00f5rvaauguta. Avasta rohkem KIRJU.CO tooteid.","og_url":"https:\/\/www.talidesign.eu\/et\/pood\/toode\/kirju-black-wings-korvarongad-kuld\/","og_site_name":"TALI Concept Store","article_publisher":"https:\/\/www.facebook.com\/TaliDisain\/","article_modified_time":"2025-11-09T22:16:43+00:00","og_image":[{"width":2560,"height":2560,"url":"https:\/\/www.talidesign.eu\/wp\/wp-content\/uploads\/2022\/05\/Black-Wings_gold-scaled.jpg","type":"image\/jpeg"}],"twitter_card":"summary_large_image","twitter_misc":{"Est. reading time":"1 minute"},"schema":{"@context":"https:\/\/schema.org","@graph":[{"@type":"WebPage","@id":"https:\/\/www.talidesign.eu\/et\/pood\/toode\/kirju-black-wings-korvarongad-kuld\/","url":"https:\/\/www.talidesign.eu\/et\/pood\/toode\/kirju-black-wings-korvarongad-kuld\/","name":"Kirju Black Wings k\u00f5rvar\u00f5ngad Kuld - TALI Concept Store","isPartOf":{"@id":"https:\/\/www.talidesign.eu\/et\/#website"},"primaryImageOfPage":{"@id":"https:\/\/www.talidesign.eu\/et\/pood\/toode\/kirju-black-wings-korvarongad-kuld\/#primaryimage"},"image":{"@id":"https:\/\/www.talidesign.eu\/et\/pood\/toode\/kirju-black-wings-korvarongad-kuld\/#primaryimage"},"thumbnailUrl":"https:\/\/www.talidesign.eu\/wp\/wp-content\/uploads\/2022\/05\/Black-Wings_gold-scaled.jpg","datePublished":"2022-05-16T19:48:51+00:00","dateModified":"2025-11-09T22:16:43+00:00","description":"Kirju Black Wings k\u00f5rvar\u00f5ngad Kuld - uus stiil, mis annab oman\u00e4olise v\u00e4limuse ilma mitme k\u00f5rvaauguta. Avasta rohkem KIRJU.CO tooteid.","breadcrumb":{"@id":"https:\/\/www.talidesign.eu\/et\/pood\/toode\/kirju-black-wings-korvarongad-kuld\/#breadcrumb"},"inLanguage":"et","potentialAction":[{"@type":"ReadAction","target":["https:\/\/www.talidesign.eu\/et\/pood\/toode\/kirju-black-wings-korvarongad-kuld\/"]}]},{"@type":"ImageObject","inLanguage":"et","@id":"https:\/\/www.talidesign.eu\/et\/pood\/toode\/kirju-black-wings-korvarongad-kuld\/#primaryimage","url":"https:\/\/www.talidesign.eu\/wp\/wp-content\/uploads\/2022\/05\/Black-Wings_gold-scaled.jpg","contentUrl":"https:\/\/www.talidesign.eu\/wp\/wp-content\/uploads\/2022\/05\/Black-Wings_gold-scaled.jpg","width":2560,"height":2560},{"@type":"BreadcrumbList","@id":"https:\/\/www.talidesign.eu\/et\/pood\/toode\/kirju-black-wings-korvarongad-kuld\/#breadcrumb","itemListElement":[{"@type":"ListItem","position":1,"name":"Avaleht","item":"https:\/\/www.talidesign.eu\/et\/"},{"@type":"ListItem","position":2,"name":"Pood","item":"https:\/\/www.talidesign.eu\/et\/pood\/"},{"@type":"ListItem","position":3,"name":"Kirju Black Wings k\u00f5rvar\u00f5ngad Kuld"}]},{"@type":"WebSite","@id":"https:\/\/www.talidesign.eu\/et\/#website","url":"https:\/\/www.talidesign.eu\/et\/","name":"TALI Concept Store","description":"Suurim Disainipood Eestis","potentialAction":[{"@type":"SearchAction","target":{"@type":"EntryPoint","urlTemplate":"https:\/\/www.talidesign.eu\/et\/?s={search_term_string}"},"query-input":{"@type":"PropertyValueSpecification","valueRequired":true,"valueName":"search_term_string"}}],"inLanguage":"et"}]}},"_links":{"self":[{"href":"https:\/\/www.talidesign.eu\/et\/wp-json\/wp\/v2\/product\/56391","targetHints":{"allow":["GET"]}}],"collection":[{"href":"https:\/\/www.talidesign.eu\/et\/wp-json\/wp\/v2\/product"}],"about":[{"href":"https:\/\/www.talidesign.eu\/et\/wp-json\/wp\/v2\/types\/product"}],"wp:featuredmedia":[{"embeddable":true,"href":"https:\/\/www.talidesign.eu\/et\/wp-json\/wp\/v2\/media\/56393"}],"wp:attachment":[{"href":"https:\/\/www.talidesign.eu\/et\/wp-json\/wp\/v2\/media?parent=56391"}],"wp:term":[{"taxonomy":"product_brand","embeddable":true,"href":"https:\/\/www.talidesign.eu\/et\/wp-json\/wp\/v2\/product_brand?post=56391"},{"taxonomy":"product_cat","embeddable":true,"href":"https:\/\/www.talidesign.eu\/et\/wp-json\/wp\/v2\/product_cat?post=56391"},{"taxonomy":"product_tag","embeddable":true,"href":"https:\/\/www.talidesign.eu\/et\/wp-json\/wp\/v2\/product_tag?post=56391"}],"curies":[{"name":"wp","href":"https:\/\/api.w.org\/{rel}","templated":true}]}}