{"id":57224,"date":"2022-06-01T14:54:59","date_gmt":"2022-06-01T11:54:59","guid":{"rendered":"https:\/\/www.talidesign.eu\/?post_type=product&#038;p=57224"},"modified":"2023-06-09T15:16:24","modified_gmt":"2023-06-09T12:16:24","slug":"chromophobia-korvarongad-sculpture-3","status":"publish","type":"product","link":"https:\/\/www.talidesign.eu\/et\/pood\/toode\/chromophobia-korvarongad-sculpture-3\/","title":{"rendered":"Chromophobia k\u00f5rvar\u00f5ngad \u201cSculpture 3\u201d"},"content":{"rendered":"<p><strong>\u201cSculpture 3\u201d k\u00f5rvar\u00f5ngad<\/strong><br \/>\nAutorikollektsioon<\/p>\n<p>\u2022 Puit, akr\u00fc\u00fcl<br \/>\n\u2022 16K kullatud messing<br \/>\n\u2022 H\u00f5be 925 postid<br \/>\n\u2022 Suurus: 80x45mm<\/p>\n<p><a href=\"\/et\/tootekategooria\/brandid\/chromophobia-by-triinu-tiisel-et\/\">Chromophobia by Triinu Tiisel<\/a><\/p>\n<p>Loomult range ja j\u00f5uline ehtesari \u201cChromophobia\u201d on p\u00fc\u00fcdlus korrastatud struktuuri ning sellega kaasneva vabaduse poole.<br \/>\nEhteid iseloomustavad julged graafilised jooned ning arhitektuurne vorm, metallist detailid r\u00f5hutavad maskuliinsuse elegantsi.<br \/>\nChromophobia ehtesari koosneb p\u00fcsikollektsioonist ning alati uuenevatest autoriehetest, mis valmivad v\u00e4ga v\u00e4ikeses koguses.<br \/>\nTriinu Tiisel on Eesti arhitekt ja disainer, kes l\u00f5i oma ehtebr\u00e4ndi 2011. aastal.<\/p>\n<p><a href=\"\/et\/tootekategooria\/brandid\/chromophobia-by-triinu-tiisel-et\/\"><img loading=\"lazy\" decoding=\"async\" src=\"https:\/\/www.talidesign.eu\/wp\/wp-content\/uploads\/2021\/08\/Logo-584x400.jpg\" alt=\"\" width=\"584\" height=\"400\" class=\"alignnone size-medium wp-image-44532\" srcset=\"https:\/\/www.talidesign.eu\/wp\/wp-content\/uploads\/2021\/08\/Logo-584x400.jpg 584w, https:\/\/www.talidesign.eu\/wp\/wp-content\/uploads\/2021\/08\/Logo-1168x800.jpg 1168w, https:\/\/www.talidesign.eu\/wp\/wp-content\/uploads\/2021\/08\/Logo-768x526.jpg 768w, https:\/\/www.talidesign.eu\/wp\/wp-content\/uploads\/2021\/08\/Logo-1536x1052.jpg 1536w, https:\/\/www.talidesign.eu\/wp\/wp-content\/uploads\/2021\/08\/Logo-2048x1402.jpg 2048w, https:\/\/www.talidesign.eu\/wp\/wp-content\/uploads\/2021\/08\/Logo-500x342.jpg 500w, https:\/\/www.talidesign.eu\/wp\/wp-content\/uploads\/2021\/08\/Logo-510x349.jpg 510w\" sizes=\"auto, (max-width: 584px) 100vw, 584px\" \/><\/a><\/p>\n","protected":false},"excerpt":{"rendered":"<p><strong>\u201cSculpture 3\u201d k\u00f5rvar\u00f5ngad<\/strong><br \/>\nAutorikollektsioon<\/p>\n<p>\u2022 Puit, akr\u00fc\u00fcl<br \/>\n\u2022 16K kullatud messing<br \/>\n\u2022 H\u00f5be 925 postid<br \/>\n\u2022 Suurus: 80x45mm<\/p>\n<p><a href=\"\/et\/tootekategooria\/brandid\/chromophobia-by-triinu-tiisel-et\/\">Chromophobia by Triinu Tiisel<\/a><\/p>\n<p>Loomult range ja j\u00f5uline ehtesari \u201cChromophobia\u201d on p\u00fc\u00fcdlus korrastatud struktuuri ning sellega kaasneva vabaduse poole.<br \/>\nEhteid iseloomustavad julged graafilised jooned ning arhitektuurne vorm, metallist detailid r\u00f5hutavad maskuliinsuse elegantsi.<br \/>\nChromophobia ehtesari koosneb p\u00fcsikollektsioonist ning alati uuenevatest autoriehetest, mis valmivad v\u00e4ga v\u00e4ikeses koguses.<br \/>\nTriinu Tiisel on Eesti arhitekt ja disainer, kes l\u00f5i oma ehtebr\u00e4ndi 2011. aastal.<\/p>\n<p><a href=\"\/et\/tootekategooria\/brandid\/chromophobia-by-triinu-tiisel-et\/\"><img loading=\"lazy\" decoding=\"async\" src=\"https:\/\/www.talidesign.eu\/wp\/wp-content\/uploads\/2021\/08\/Logo-584x400.jpg\" alt=\"\" width=\"584\" height=\"400\" class=\"alignnone size-medium wp-image-44532\" srcset=\"https:\/\/www.talidesign.eu\/wp\/wp-content\/uploads\/2021\/08\/Logo-584x400.jpg 584w, https:\/\/www.talidesign.eu\/wp\/wp-content\/uploads\/2021\/08\/Logo-1168x800.jpg 1168w, https:\/\/www.talidesign.eu\/wp\/wp-content\/uploads\/2021\/08\/Logo-768x526.jpg 768w, https:\/\/www.talidesign.eu\/wp\/wp-content\/uploads\/2021\/08\/Logo-1536x1052.jpg 1536w, https:\/\/www.talidesign.eu\/wp\/wp-content\/uploads\/2021\/08\/Logo-2048x1402.jpg 2048w, https:\/\/www.talidesign.eu\/wp\/wp-content\/uploads\/2021\/08\/Logo-500x342.jpg 500w, https:\/\/www.talidesign.eu\/wp\/wp-content\/uploads\/2021\/08\/Logo-510x349.jpg 510w\" sizes=\"auto, (max-width: 584px) 100vw, 584px\" \/><\/a><\/p>\n","protected":false},"featured_media":57232,"template":"","meta":[],"product_brand":[],"product_cat":[1026,1176,1150,1146,1148],"product_tag":[1824],"class_list":{"0":"post-57224","1":"product","2":"type-product","3":"status-publish","4":"has-post-thumbnail","6":"product_cat-brandid","7":"product_cat-chromophobia-by-triinu-tiisel-et","8":"product_cat-chromophobia-by-triinu-tiisel-korvarongad","9":"product_cat-ehted","10":"product_cat-korvarongad","11":"product_tag-chromophobia-et","13":"first","14":"outofstock","15":"taxable","16":"shipping-taxable","17":"purchasable","18":"product-type-simple"},"yoast_head":"<!-- This site is optimized with the Yoast SEO plugin v27.3 - https:\/\/yoast.com\/product\/yoast-seo-wordpress\/ -->\n<title>Chromophobia k\u00f5rvar\u00f5ngad \u201cSculpture 3\u201d - TALI Concept Store<\/title>\n<meta name=\"description\" content=\"Avasta ainulaadsed ja j\u00f5ulised &quot;Sculpture 3&quot; k\u00f5rvar\u00f5ngad Chromophobia ehtesarjast. Looja Triinu Tiisel on Eesti arhitekt ja disainer.\" \/>\n<meta name=\"robots\" content=\"index, follow, max-snippet:-1, max-image-preview:large, max-video-preview:-1\" \/>\n<link rel=\"canonical\" href=\"https:\/\/www.talidesign.eu\/et\/pood\/toode\/chromophobia-korvarongad-sculpture-3\/\" \/>\n<meta property=\"og:locale\" content=\"et_EE\" \/>\n<meta property=\"og:type\" content=\"article\" \/>\n<meta property=\"og:title\" content=\"Chromophobia k\u00f5rvar\u00f5ngad \u201cSculpture 3\u201d - TALI Concept Store\" \/>\n<meta property=\"og:description\" content=\"Avasta ainulaadsed ja j\u00f5ulised &quot;Sculpture 3&quot; k\u00f5rvar\u00f5ngad Chromophobia ehtesarjast. Looja Triinu Tiisel on Eesti arhitekt ja disainer.\" \/>\n<meta property=\"og:url\" content=\"https:\/\/www.talidesign.eu\/et\/pood\/toode\/chromophobia-korvarongad-sculpture-3\/\" \/>\n<meta property=\"og:site_name\" content=\"TALI Concept Store\" \/>\n<meta property=\"article:publisher\" content=\"https:\/\/www.facebook.com\/TaliDisain\/\" \/>\n<meta property=\"article:modified_time\" content=\"2023-06-09T12:16:24+00:00\" \/>\n<meta property=\"og:image\" content=\"https:\/\/www.talidesign.eu\/wp\/wp-content\/uploads\/2022\/06\/Sculpture-3-1-scaled.jpg\" \/>\n\t<meta property=\"og:image:width\" content=\"2560\" \/>\n\t<meta property=\"og:image:height\" content=\"2560\" \/>\n\t<meta property=\"og:image:type\" content=\"image\/jpeg\" \/>\n<meta name=\"twitter:card\" content=\"summary_large_image\" \/>\n<script type=\"application\/ld+json\" class=\"yoast-schema-graph\">{\"@context\":\"https:\\\/\\\/schema.org\",\"@graph\":[{\"@type\":\"WebPage\",\"@id\":\"https:\\\/\\\/www.talidesign.eu\\\/et\\\/pood\\\/toode\\\/chromophobia-korvarongad-sculpture-3\\\/\",\"url\":\"https:\\\/\\\/www.talidesign.eu\\\/et\\\/pood\\\/toode\\\/chromophobia-korvarongad-sculpture-3\\\/\",\"name\":\"Chromophobia k\u00f5rvar\u00f5ngad \u201cSculpture 3\u201d - TALI Concept Store\",\"isPartOf\":{\"@id\":\"https:\\\/\\\/www.talidesign.eu\\\/et\\\/#website\"},\"primaryImageOfPage\":{\"@id\":\"https:\\\/\\\/www.talidesign.eu\\\/et\\\/pood\\\/toode\\\/chromophobia-korvarongad-sculpture-3\\\/#primaryimage\"},\"image\":{\"@id\":\"https:\\\/\\\/www.talidesign.eu\\\/et\\\/pood\\\/toode\\\/chromophobia-korvarongad-sculpture-3\\\/#primaryimage\"},\"thumbnailUrl\":\"https:\\\/\\\/www.talidesign.eu\\\/wp\\\/wp-content\\\/uploads\\\/2022\\\/06\\\/Sculpture-3-1-scaled.jpg\",\"datePublished\":\"2022-06-01T11:54:59+00:00\",\"dateModified\":\"2023-06-09T12:16:24+00:00\",\"description\":\"Avasta ainulaadsed ja j\u00f5ulised \\\"Sculpture 3\\\" k\u00f5rvar\u00f5ngad Chromophobia ehtesarjast. Looja Triinu Tiisel on Eesti arhitekt ja disainer.\",\"breadcrumb\":{\"@id\":\"https:\\\/\\\/www.talidesign.eu\\\/et\\\/pood\\\/toode\\\/chromophobia-korvarongad-sculpture-3\\\/#breadcrumb\"},\"inLanguage\":\"et\",\"potentialAction\":[{\"@type\":\"ReadAction\",\"target\":[\"https:\\\/\\\/www.talidesign.eu\\\/et\\\/pood\\\/toode\\\/chromophobia-korvarongad-sculpture-3\\\/\"]}]},{\"@type\":\"ImageObject\",\"inLanguage\":\"et\",\"@id\":\"https:\\\/\\\/www.talidesign.eu\\\/et\\\/pood\\\/toode\\\/chromophobia-korvarongad-sculpture-3\\\/#primaryimage\",\"url\":\"https:\\\/\\\/www.talidesign.eu\\\/wp\\\/wp-content\\\/uploads\\\/2022\\\/06\\\/Sculpture-3-1-scaled.jpg\",\"contentUrl\":\"https:\\\/\\\/www.talidesign.eu\\\/wp\\\/wp-content\\\/uploads\\\/2022\\\/06\\\/Sculpture-3-1-scaled.jpg\",\"width\":2560,\"height\":2560},{\"@type\":\"BreadcrumbList\",\"@id\":\"https:\\\/\\\/www.talidesign.eu\\\/et\\\/pood\\\/toode\\\/chromophobia-korvarongad-sculpture-3\\\/#breadcrumb\",\"itemListElement\":[{\"@type\":\"ListItem\",\"position\":1,\"name\":\"Avaleht\",\"item\":\"https:\\\/\\\/www.talidesign.eu\\\/et\\\/\"},{\"@type\":\"ListItem\",\"position\":2,\"name\":\"Pood\",\"item\":\"https:\\\/\\\/www.talidesign.eu\\\/et\\\/pood\\\/\"},{\"@type\":\"ListItem\",\"position\":3,\"name\":\"Chromophobia k\u00f5rvar\u00f5ngad \u201cSculpture 3\u201d\"}]},{\"@type\":\"WebSite\",\"@id\":\"https:\\\/\\\/www.talidesign.eu\\\/et\\\/#website\",\"url\":\"https:\\\/\\\/www.talidesign.eu\\\/et\\\/\",\"name\":\"TALI Concept Store\",\"description\":\"Suurim Disainipood Eestis\",\"potentialAction\":[{\"@type\":\"SearchAction\",\"target\":{\"@type\":\"EntryPoint\",\"urlTemplate\":\"https:\\\/\\\/www.talidesign.eu\\\/et\\\/?s={search_term_string}\"},\"query-input\":{\"@type\":\"PropertyValueSpecification\",\"valueRequired\":true,\"valueName\":\"search_term_string\"}}],\"inLanguage\":\"et\"}]}<\/script>\n<!-- \/ Yoast SEO plugin. -->","yoast_head_json":{"title":"Chromophobia k\u00f5rvar\u00f5ngad \u201cSculpture 3\u201d - TALI Concept Store","description":"Avasta ainulaadsed ja j\u00f5ulised \"Sculpture 3\" k\u00f5rvar\u00f5ngad Chromophobia ehtesarjast. Looja Triinu Tiisel on Eesti arhitekt ja disainer.","robots":{"index":"index","follow":"follow","max-snippet":"max-snippet:-1","max-image-preview":"max-image-preview:large","max-video-preview":"max-video-preview:-1"},"canonical":"https:\/\/www.talidesign.eu\/et\/pood\/toode\/chromophobia-korvarongad-sculpture-3\/","og_locale":"et_EE","og_type":"article","og_title":"Chromophobia k\u00f5rvar\u00f5ngad \u201cSculpture 3\u201d - TALI Concept Store","og_description":"Avasta ainulaadsed ja j\u00f5ulised \"Sculpture 3\" k\u00f5rvar\u00f5ngad Chromophobia ehtesarjast. Looja Triinu Tiisel on Eesti arhitekt ja disainer.","og_url":"https:\/\/www.talidesign.eu\/et\/pood\/toode\/chromophobia-korvarongad-sculpture-3\/","og_site_name":"TALI Concept Store","article_publisher":"https:\/\/www.facebook.com\/TaliDisain\/","article_modified_time":"2023-06-09T12:16:24+00:00","og_image":[{"width":2560,"height":2560,"url":"https:\/\/www.talidesign.eu\/wp\/wp-content\/uploads\/2022\/06\/Sculpture-3-1-scaled.jpg","type":"image\/jpeg"}],"twitter_card":"summary_large_image","schema":{"@context":"https:\/\/schema.org","@graph":[{"@type":"WebPage","@id":"https:\/\/www.talidesign.eu\/et\/pood\/toode\/chromophobia-korvarongad-sculpture-3\/","url":"https:\/\/www.talidesign.eu\/et\/pood\/toode\/chromophobia-korvarongad-sculpture-3\/","name":"Chromophobia k\u00f5rvar\u00f5ngad \u201cSculpture 3\u201d - TALI Concept Store","isPartOf":{"@id":"https:\/\/www.talidesign.eu\/et\/#website"},"primaryImageOfPage":{"@id":"https:\/\/www.talidesign.eu\/et\/pood\/toode\/chromophobia-korvarongad-sculpture-3\/#primaryimage"},"image":{"@id":"https:\/\/www.talidesign.eu\/et\/pood\/toode\/chromophobia-korvarongad-sculpture-3\/#primaryimage"},"thumbnailUrl":"https:\/\/www.talidesign.eu\/wp\/wp-content\/uploads\/2022\/06\/Sculpture-3-1-scaled.jpg","datePublished":"2022-06-01T11:54:59+00:00","dateModified":"2023-06-09T12:16:24+00:00","description":"Avasta ainulaadsed ja j\u00f5ulised \"Sculpture 3\" k\u00f5rvar\u00f5ngad Chromophobia ehtesarjast. Looja Triinu Tiisel on Eesti arhitekt ja disainer.","breadcrumb":{"@id":"https:\/\/www.talidesign.eu\/et\/pood\/toode\/chromophobia-korvarongad-sculpture-3\/#breadcrumb"},"inLanguage":"et","potentialAction":[{"@type":"ReadAction","target":["https:\/\/www.talidesign.eu\/et\/pood\/toode\/chromophobia-korvarongad-sculpture-3\/"]}]},{"@type":"ImageObject","inLanguage":"et","@id":"https:\/\/www.talidesign.eu\/et\/pood\/toode\/chromophobia-korvarongad-sculpture-3\/#primaryimage","url":"https:\/\/www.talidesign.eu\/wp\/wp-content\/uploads\/2022\/06\/Sculpture-3-1-scaled.jpg","contentUrl":"https:\/\/www.talidesign.eu\/wp\/wp-content\/uploads\/2022\/06\/Sculpture-3-1-scaled.jpg","width":2560,"height":2560},{"@type":"BreadcrumbList","@id":"https:\/\/www.talidesign.eu\/et\/pood\/toode\/chromophobia-korvarongad-sculpture-3\/#breadcrumb","itemListElement":[{"@type":"ListItem","position":1,"name":"Avaleht","item":"https:\/\/www.talidesign.eu\/et\/"},{"@type":"ListItem","position":2,"name":"Pood","item":"https:\/\/www.talidesign.eu\/et\/pood\/"},{"@type":"ListItem","position":3,"name":"Chromophobia k\u00f5rvar\u00f5ngad \u201cSculpture 3\u201d"}]},{"@type":"WebSite","@id":"https:\/\/www.talidesign.eu\/et\/#website","url":"https:\/\/www.talidesign.eu\/et\/","name":"TALI Concept Store","description":"Suurim Disainipood Eestis","potentialAction":[{"@type":"SearchAction","target":{"@type":"EntryPoint","urlTemplate":"https:\/\/www.talidesign.eu\/et\/?s={search_term_string}"},"query-input":{"@type":"PropertyValueSpecification","valueRequired":true,"valueName":"search_term_string"}}],"inLanguage":"et"}]}},"_links":{"self":[{"href":"https:\/\/www.talidesign.eu\/et\/wp-json\/wp\/v2\/product\/57224","targetHints":{"allow":["GET"]}}],"collection":[{"href":"https:\/\/www.talidesign.eu\/et\/wp-json\/wp\/v2\/product"}],"about":[{"href":"https:\/\/www.talidesign.eu\/et\/wp-json\/wp\/v2\/types\/product"}],"wp:featuredmedia":[{"embeddable":true,"href":"https:\/\/www.talidesign.eu\/et\/wp-json\/wp\/v2\/media\/57232"}],"wp:attachment":[{"href":"https:\/\/www.talidesign.eu\/et\/wp-json\/wp\/v2\/media?parent=57224"}],"wp:term":[{"taxonomy":"product_brand","embeddable":true,"href":"https:\/\/www.talidesign.eu\/et\/wp-json\/wp\/v2\/product_brand?post=57224"},{"taxonomy":"product_cat","embeddable":true,"href":"https:\/\/www.talidesign.eu\/et\/wp-json\/wp\/v2\/product_cat?post=57224"},{"taxonomy":"product_tag","embeddable":true,"href":"https:\/\/www.talidesign.eu\/et\/wp-json\/wp\/v2\/product_tag?post=57224"}],"curies":[{"name":"wp","href":"https:\/\/api.w.org\/{rel}","templated":true}]}}