{"id":57275,"date":"2022-06-03T10:59:13","date_gmt":"2022-06-03T07:59:13","guid":{"rendered":"https:\/\/www.talidesign.eu\/?post_type=product&#038;p=57275"},"modified":"2026-02-14T15:13:56","modified_gmt":"2026-02-14T13:13:56","slug":"chromophobia-sormus-chromophobia-hobe-925","status":"publish","type":"product","link":"https:\/\/www.talidesign.eu\/et\/pood\/toode\/chromophobia-sormus-chromophobia-hobe-925\/","title":{"rendered":"Chromophobia S\u00f5rmus \u201cChromophobia\u201d, h\u00f5be 925"},"content":{"rendered":"<p><strong>S\u00f5rmus \u201cChromophobia\u201d<\/strong><br \/>\nP\u00fcsikollektsioon<\/p>\n<p><em>Suurused<\/em><\/p>\n<p>S &#8211; \u00f8 15.5mm; pikkus 51,8mm<br \/>\nM &#8211; \u00f8 17.7mm; pikkus 55,6mm<br \/>\nL &#8211; \u00f8 19.0mm; pikkus 59,7mm<\/p>\n<p>\u2022 H\u00f5be 925<br \/>\n\u2022 Kaetud 14K kullaga v\u00f5i roodiumiga<br \/>\n\u2022 Laius 7mm<\/p>\n<p><a href=\"\/et\/tootekategooria\/brandid\/chromophobia-by-triinu-tiisel-et\/\">Chromophobia by Triinu Tiisel<\/a><\/p>\n<p>Loomult range ja j\u00f5uline ehtesari \u201cChromophobia\u201d on p\u00fc\u00fcdlus korrastatud struktuuri ning sellega kaasneva vabaduse poole.<br \/>\nEhteid iseloomustavad julged graafilised jooned ning arhitektuurne vorm, metallist detailid r\u00f5hutavad maskuliinsuse elegantsi.<br \/>\nChromophobia ehtesari koosneb p\u00fcsikollektsioonist ning alati uuenevatest autoriehetest, mis valmivad v\u00e4ga v\u00e4ikeses koguses.<br \/>\nTriinu Tiisel on Eesti arhitekt ja disainer, kes l\u00f5i oma ehtebr\u00e4ndi 2011. aastal.<\/p>\n<p><a href=\"\/et\/tootekategooria\/brandid\/chromophobia-by-triinu-tiisel-et\/\"><img loading=\"lazy\" decoding=\"async\" src=\"https:\/\/www.talidesign.eu\/wp\/wp-content\/uploads\/2021\/08\/Logo-584x400.jpg\" alt=\"\" width=\"584\" height=\"400\" class=\"alignnone size-medium wp-image-44532\" srcset=\"https:\/\/www.talidesign.eu\/wp\/wp-content\/uploads\/2021\/08\/Logo-584x400.jpg 584w, https:\/\/www.talidesign.eu\/wp\/wp-content\/uploads\/2021\/08\/Logo-1168x800.jpg 1168w, https:\/\/www.talidesign.eu\/wp\/wp-content\/uploads\/2021\/08\/Logo-768x526.jpg 768w, https:\/\/www.talidesign.eu\/wp\/wp-content\/uploads\/2021\/08\/Logo-1536x1052.jpg 1536w, https:\/\/www.talidesign.eu\/wp\/wp-content\/uploads\/2021\/08\/Logo-2048x1402.jpg 2048w, https:\/\/www.talidesign.eu\/wp\/wp-content\/uploads\/2021\/08\/Logo-500x342.jpg 500w, https:\/\/www.talidesign.eu\/wp\/wp-content\/uploads\/2021\/08\/Logo-510x349.jpg 510w\" sizes=\"auto, (max-width: 584px) 100vw, 584px\" \/><\/a><\/p>\n","protected":false},"excerpt":{"rendered":"<p><strong>S\u00f5rmus \u201cChromophobia\u201d<\/strong><br \/>\nP\u00fcsikollektsioon<\/p>\n<p><em>Suurused<\/em><\/p>\n<p>S &#8211; \u00f8 15.5mm; pikkus 51,8mm<br \/>\nM &#8211; \u00f8 17.7mm; pikkus 55,6mm<br \/>\nL &#8211; \u00f8 19.0mm; pikkus 59,7mm<\/p>\n<p>\u2022 H\u00f5be 925<br \/>\n\u2022 Kaetud 14K kullaga v\u00f5i roodiumiga<br \/>\n\u2022 Laius 7mm<\/p>\n<p><a href=\"\/et\/tootekategooria\/brandid\/chromophobia-by-triinu-tiisel-et\/\">Chromophobia by Triinu Tiisel<\/a><\/p>\n<p>Loomult range ja j\u00f5uline ehtesari \u201cChromophobia\u201d on p\u00fc\u00fcdlus korrastatud struktuuri ning sellega kaasneva vabaduse poole.<br \/>\nEhteid iseloomustavad julged graafilised jooned ning arhitektuurne vorm, metallist detailid r\u00f5hutavad maskuliinsuse elegantsi.<br \/>\nChromophobia ehtesari koosneb p\u00fcsikollektsioonist ning alati uuenevatest autoriehetest, mis valmivad v\u00e4ga v\u00e4ikeses koguses.<br \/>\nTriinu Tiisel on Eesti arhitekt ja disainer, kes l\u00f5i oma ehtebr\u00e4ndi 2011. aastal.<\/p>\n<p><a href=\"\/et\/tootekategooria\/brandid\/chromophobia-by-triinu-tiisel-et\/\"><img loading=\"lazy\" decoding=\"async\" src=\"https:\/\/www.talidesign.eu\/wp\/wp-content\/uploads\/2021\/08\/Logo-584x400.jpg\" alt=\"\" width=\"584\" height=\"400\" class=\"alignnone size-medium wp-image-44532\" srcset=\"https:\/\/www.talidesign.eu\/wp\/wp-content\/uploads\/2021\/08\/Logo-584x400.jpg 584w, https:\/\/www.talidesign.eu\/wp\/wp-content\/uploads\/2021\/08\/Logo-1168x800.jpg 1168w, https:\/\/www.talidesign.eu\/wp\/wp-content\/uploads\/2021\/08\/Logo-768x526.jpg 768w, https:\/\/www.talidesign.eu\/wp\/wp-content\/uploads\/2021\/08\/Logo-1536x1052.jpg 1536w, https:\/\/www.talidesign.eu\/wp\/wp-content\/uploads\/2021\/08\/Logo-2048x1402.jpg 2048w, https:\/\/www.talidesign.eu\/wp\/wp-content\/uploads\/2021\/08\/Logo-500x342.jpg 500w, https:\/\/www.talidesign.eu\/wp\/wp-content\/uploads\/2021\/08\/Logo-510x349.jpg 510w\" sizes=\"auto, (max-width: 584px) 100vw, 584px\" \/><\/a><\/p>\n","protected":false},"featured_media":57277,"template":"","meta":[],"product_brand":[],"product_cat":[1026,1176,1146,1168],"product_tag":[1824],"class_list":{"0":"post-57275","1":"product","2":"type-product","3":"status-publish","4":"has-post-thumbnail","6":"product_cat-brandid","7":"product_cat-chromophobia-by-triinu-tiisel-et","8":"product_cat-ehted","9":"product_cat-sormused","10":"product_tag-chromophobia-et","12":"first","13":"instock","14":"taxable","15":"shipping-taxable","16":"product-type-variable"},"yoast_head":"<!-- This site is optimized with the Yoast SEO plugin v27.3 - https:\/\/yoast.com\/product\/yoast-seo-wordpress\/ -->\n<title>Chromophobia S\u00f5rmus \u201cChromophobia\u201d, h\u00f5be 925 - TALI Concept Store<\/title>\n<meta name=\"description\" content=\"Avasta ainulaadne S\u00f5rmus \u201cChromophobia\u201d h\u00f5bedast 925. Julged jooned ja arhitektuurne vorm r\u00f5hutavad maskuliinsuse elegantsi. Tutvu l\u00e4hemalt!\" \/>\n<meta name=\"robots\" content=\"index, follow, max-snippet:-1, max-image-preview:large, max-video-preview:-1\" \/>\n<link rel=\"canonical\" href=\"https:\/\/www.talidesign.eu\/et\/pood\/toode\/chromophobia-sormus-chromophobia-hobe-925\/\" \/>\n<meta property=\"og:locale\" content=\"et_EE\" \/>\n<meta property=\"og:type\" content=\"article\" \/>\n<meta property=\"og:title\" content=\"Chromophobia S\u00f5rmus \u201cChromophobia\u201d, h\u00f5be 925 - TALI Concept Store\" \/>\n<meta property=\"og:description\" content=\"Avasta ainulaadne S\u00f5rmus \u201cChromophobia\u201d h\u00f5bedast 925. Julged jooned ja arhitektuurne vorm r\u00f5hutavad maskuliinsuse elegantsi. Tutvu l\u00e4hemalt!\" \/>\n<meta property=\"og:url\" content=\"https:\/\/www.talidesign.eu\/et\/pood\/toode\/chromophobia-sormus-chromophobia-hobe-925\/\" \/>\n<meta property=\"og:site_name\" content=\"TALI Concept Store\" \/>\n<meta property=\"article:publisher\" content=\"https:\/\/www.facebook.com\/TaliDisain\/\" \/>\n<meta property=\"article:modified_time\" content=\"2026-02-14T13:13:56+00:00\" \/>\n<meta property=\"og:image\" content=\"https:\/\/www.talidesign.eu\/wp\/wp-content\/uploads\/2022\/06\/Sormus_CHROMOPHOBIA_hobe_1.jpg\" \/>\n\t<meta property=\"og:image:width\" content=\"2554\" \/>\n\t<meta property=\"og:image:height\" content=\"2552\" \/>\n\t<meta property=\"og:image:type\" content=\"image\/jpeg\" \/>\n<meta name=\"twitter:card\" content=\"summary_large_image\" \/>\n<script type=\"application\/ld+json\" class=\"yoast-schema-graph\">{\"@context\":\"https:\\\/\\\/schema.org\",\"@graph\":[{\"@type\":\"WebPage\",\"@id\":\"https:\\\/\\\/www.talidesign.eu\\\/et\\\/pood\\\/toode\\\/chromophobia-sormus-chromophobia-hobe-925\\\/\",\"url\":\"https:\\\/\\\/www.talidesign.eu\\\/et\\\/pood\\\/toode\\\/chromophobia-sormus-chromophobia-hobe-925\\\/\",\"name\":\"Chromophobia S\u00f5rmus \u201cChromophobia\u201d, h\u00f5be 925 - TALI Concept Store\",\"isPartOf\":{\"@id\":\"https:\\\/\\\/www.talidesign.eu\\\/et\\\/#website\"},\"primaryImageOfPage\":{\"@id\":\"https:\\\/\\\/www.talidesign.eu\\\/et\\\/pood\\\/toode\\\/chromophobia-sormus-chromophobia-hobe-925\\\/#primaryimage\"},\"image\":{\"@id\":\"https:\\\/\\\/www.talidesign.eu\\\/et\\\/pood\\\/toode\\\/chromophobia-sormus-chromophobia-hobe-925\\\/#primaryimage\"},\"thumbnailUrl\":\"https:\\\/\\\/www.talidesign.eu\\\/wp\\\/wp-content\\\/uploads\\\/2022\\\/06\\\/Sormus_CHROMOPHOBIA_hobe_1.jpg\",\"datePublished\":\"2022-06-03T07:59:13+00:00\",\"dateModified\":\"2026-02-14T13:13:56+00:00\",\"description\":\"Avasta ainulaadne S\u00f5rmus \u201cChromophobia\u201d h\u00f5bedast 925. Julged jooned ja arhitektuurne vorm r\u00f5hutavad maskuliinsuse elegantsi. Tutvu l\u00e4hemalt!\",\"breadcrumb\":{\"@id\":\"https:\\\/\\\/www.talidesign.eu\\\/et\\\/pood\\\/toode\\\/chromophobia-sormus-chromophobia-hobe-925\\\/#breadcrumb\"},\"inLanguage\":\"et\",\"potentialAction\":[{\"@type\":\"ReadAction\",\"target\":[\"https:\\\/\\\/www.talidesign.eu\\\/et\\\/pood\\\/toode\\\/chromophobia-sormus-chromophobia-hobe-925\\\/\"]}]},{\"@type\":\"ImageObject\",\"inLanguage\":\"et\",\"@id\":\"https:\\\/\\\/www.talidesign.eu\\\/et\\\/pood\\\/toode\\\/chromophobia-sormus-chromophobia-hobe-925\\\/#primaryimage\",\"url\":\"https:\\\/\\\/www.talidesign.eu\\\/wp\\\/wp-content\\\/uploads\\\/2022\\\/06\\\/Sormus_CHROMOPHOBIA_hobe_1.jpg\",\"contentUrl\":\"https:\\\/\\\/www.talidesign.eu\\\/wp\\\/wp-content\\\/uploads\\\/2022\\\/06\\\/Sormus_CHROMOPHOBIA_hobe_1.jpg\",\"width\":2554,\"height\":2552},{\"@type\":\"BreadcrumbList\",\"@id\":\"https:\\\/\\\/www.talidesign.eu\\\/et\\\/pood\\\/toode\\\/chromophobia-sormus-chromophobia-hobe-925\\\/#breadcrumb\",\"itemListElement\":[{\"@type\":\"ListItem\",\"position\":1,\"name\":\"Avaleht\",\"item\":\"https:\\\/\\\/www.talidesign.eu\\\/et\\\/\"},{\"@type\":\"ListItem\",\"position\":2,\"name\":\"Pood\",\"item\":\"https:\\\/\\\/www.talidesign.eu\\\/et\\\/pood\\\/\"},{\"@type\":\"ListItem\",\"position\":3,\"name\":\"Chromophobia S\u00f5rmus \u201cChromophobia\u201d, h\u00f5be 925\"}]},{\"@type\":\"WebSite\",\"@id\":\"https:\\\/\\\/www.talidesign.eu\\\/et\\\/#website\",\"url\":\"https:\\\/\\\/www.talidesign.eu\\\/et\\\/\",\"name\":\"TALI Concept Store\",\"description\":\"Suurim Disainipood Eestis\",\"potentialAction\":[{\"@type\":\"SearchAction\",\"target\":{\"@type\":\"EntryPoint\",\"urlTemplate\":\"https:\\\/\\\/www.talidesign.eu\\\/et\\\/?s={search_term_string}\"},\"query-input\":{\"@type\":\"PropertyValueSpecification\",\"valueRequired\":true,\"valueName\":\"search_term_string\"}}],\"inLanguage\":\"et\"}]}<\/script>\n<!-- \/ Yoast SEO plugin. -->","yoast_head_json":{"title":"Chromophobia S\u00f5rmus \u201cChromophobia\u201d, h\u00f5be 925 - TALI Concept Store","description":"Avasta ainulaadne S\u00f5rmus \u201cChromophobia\u201d h\u00f5bedast 925. Julged jooned ja arhitektuurne vorm r\u00f5hutavad maskuliinsuse elegantsi. Tutvu l\u00e4hemalt!","robots":{"index":"index","follow":"follow","max-snippet":"max-snippet:-1","max-image-preview":"max-image-preview:large","max-video-preview":"max-video-preview:-1"},"canonical":"https:\/\/www.talidesign.eu\/et\/pood\/toode\/chromophobia-sormus-chromophobia-hobe-925\/","og_locale":"et_EE","og_type":"article","og_title":"Chromophobia S\u00f5rmus \u201cChromophobia\u201d, h\u00f5be 925 - TALI Concept Store","og_description":"Avasta ainulaadne S\u00f5rmus \u201cChromophobia\u201d h\u00f5bedast 925. Julged jooned ja arhitektuurne vorm r\u00f5hutavad maskuliinsuse elegantsi. Tutvu l\u00e4hemalt!","og_url":"https:\/\/www.talidesign.eu\/et\/pood\/toode\/chromophobia-sormus-chromophobia-hobe-925\/","og_site_name":"TALI Concept Store","article_publisher":"https:\/\/www.facebook.com\/TaliDisain\/","article_modified_time":"2026-02-14T13:13:56+00:00","og_image":[{"width":2554,"height":2552,"url":"https:\/\/www.talidesign.eu\/wp\/wp-content\/uploads\/2022\/06\/Sormus_CHROMOPHOBIA_hobe_1.jpg","type":"image\/jpeg"}],"twitter_card":"summary_large_image","schema":{"@context":"https:\/\/schema.org","@graph":[{"@type":"WebPage","@id":"https:\/\/www.talidesign.eu\/et\/pood\/toode\/chromophobia-sormus-chromophobia-hobe-925\/","url":"https:\/\/www.talidesign.eu\/et\/pood\/toode\/chromophobia-sormus-chromophobia-hobe-925\/","name":"Chromophobia S\u00f5rmus \u201cChromophobia\u201d, h\u00f5be 925 - TALI Concept Store","isPartOf":{"@id":"https:\/\/www.talidesign.eu\/et\/#website"},"primaryImageOfPage":{"@id":"https:\/\/www.talidesign.eu\/et\/pood\/toode\/chromophobia-sormus-chromophobia-hobe-925\/#primaryimage"},"image":{"@id":"https:\/\/www.talidesign.eu\/et\/pood\/toode\/chromophobia-sormus-chromophobia-hobe-925\/#primaryimage"},"thumbnailUrl":"https:\/\/www.talidesign.eu\/wp\/wp-content\/uploads\/2022\/06\/Sormus_CHROMOPHOBIA_hobe_1.jpg","datePublished":"2022-06-03T07:59:13+00:00","dateModified":"2026-02-14T13:13:56+00:00","description":"Avasta ainulaadne S\u00f5rmus \u201cChromophobia\u201d h\u00f5bedast 925. Julged jooned ja arhitektuurne vorm r\u00f5hutavad maskuliinsuse elegantsi. Tutvu l\u00e4hemalt!","breadcrumb":{"@id":"https:\/\/www.talidesign.eu\/et\/pood\/toode\/chromophobia-sormus-chromophobia-hobe-925\/#breadcrumb"},"inLanguage":"et","potentialAction":[{"@type":"ReadAction","target":["https:\/\/www.talidesign.eu\/et\/pood\/toode\/chromophobia-sormus-chromophobia-hobe-925\/"]}]},{"@type":"ImageObject","inLanguage":"et","@id":"https:\/\/www.talidesign.eu\/et\/pood\/toode\/chromophobia-sormus-chromophobia-hobe-925\/#primaryimage","url":"https:\/\/www.talidesign.eu\/wp\/wp-content\/uploads\/2022\/06\/Sormus_CHROMOPHOBIA_hobe_1.jpg","contentUrl":"https:\/\/www.talidesign.eu\/wp\/wp-content\/uploads\/2022\/06\/Sormus_CHROMOPHOBIA_hobe_1.jpg","width":2554,"height":2552},{"@type":"BreadcrumbList","@id":"https:\/\/www.talidesign.eu\/et\/pood\/toode\/chromophobia-sormus-chromophobia-hobe-925\/#breadcrumb","itemListElement":[{"@type":"ListItem","position":1,"name":"Avaleht","item":"https:\/\/www.talidesign.eu\/et\/"},{"@type":"ListItem","position":2,"name":"Pood","item":"https:\/\/www.talidesign.eu\/et\/pood\/"},{"@type":"ListItem","position":3,"name":"Chromophobia S\u00f5rmus \u201cChromophobia\u201d, h\u00f5be 925"}]},{"@type":"WebSite","@id":"https:\/\/www.talidesign.eu\/et\/#website","url":"https:\/\/www.talidesign.eu\/et\/","name":"TALI Concept Store","description":"Suurim Disainipood Eestis","potentialAction":[{"@type":"SearchAction","target":{"@type":"EntryPoint","urlTemplate":"https:\/\/www.talidesign.eu\/et\/?s={search_term_string}"},"query-input":{"@type":"PropertyValueSpecification","valueRequired":true,"valueName":"search_term_string"}}],"inLanguage":"et"}]}},"_links":{"self":[{"href":"https:\/\/www.talidesign.eu\/et\/wp-json\/wp\/v2\/product\/57275","targetHints":{"allow":["GET"]}}],"collection":[{"href":"https:\/\/www.talidesign.eu\/et\/wp-json\/wp\/v2\/product"}],"about":[{"href":"https:\/\/www.talidesign.eu\/et\/wp-json\/wp\/v2\/types\/product"}],"wp:featuredmedia":[{"embeddable":true,"href":"https:\/\/www.talidesign.eu\/et\/wp-json\/wp\/v2\/media\/57277"}],"wp:attachment":[{"href":"https:\/\/www.talidesign.eu\/et\/wp-json\/wp\/v2\/media?parent=57275"}],"wp:term":[{"taxonomy":"product_brand","embeddable":true,"href":"https:\/\/www.talidesign.eu\/et\/wp-json\/wp\/v2\/product_brand?post=57275"},{"taxonomy":"product_cat","embeddable":true,"href":"https:\/\/www.talidesign.eu\/et\/wp-json\/wp\/v2\/product_cat?post=57275"},{"taxonomy":"product_tag","embeddable":true,"href":"https:\/\/www.talidesign.eu\/et\/wp-json\/wp\/v2\/product_tag?post=57275"}],"curies":[{"name":"wp","href":"https:\/\/api.w.org\/{rel}","templated":true}]}}