{"id":57355,"date":"2022-06-12T18:44:58","date_gmt":"2022-06-12T15:44:58","guid":{"rendered":"https:\/\/www.talidesign.eu\/?post_type=product&#038;p=57355"},"modified":"2025-07-16T10:29:38","modified_gmt":"2025-07-16T07:29:38","slug":"zone-karma-hambaharja-tops-hall","status":"publish","type":"product","link":"https:\/\/www.talidesign.eu\/et\/pood\/toode\/zone-karma-hambaharja-tops-hall\/","title":{"rendered":"Zone Karma hambaharja tops Hall"},"content":{"rendered":"<p><strong>Karma hambaharja tops Hall<\/strong><\/p>\n<p>Zone Denmarki hambaharjatops Karma veenab lihtsate v\u00e4rvide ja selgete joontega. Harmoonilise disainiga sulandub hambaharjatops suurep\u00e4raselt erinevatesse vannitubadesse ning selle saab paigutada praktiliselt kraanikausile v\u00f5i vannitoakappi.<\/p>\n<p>\u2022 Hall<br \/>\n\u2022 Diameeter: 7.6 x 10 cm<br \/>\n\u2022 Stoneware\/Siidine pind<br \/>\n\u2022 <a href=\"\/et\/tootekategooria\/brandid\/zone-denmark-et\/\">Br\u00e4nd Zone Denmark<\/a><\/p>\n<p><a href=\"\/product-category\/designers\/zone-denmark\/\"><img loading=\"lazy\" decoding=\"async\" src=\"https:\/\/www.talidesign.eu\/wp\/wp-content\/uploads\/2021\/03\/logo-6.jpg\" alt=\"\" width=\"500\" height=\"100\" class=\"alignnone size-full wp-image-24694\" \/><\/a><\/p>\n","protected":false},"excerpt":{"rendered":"<p><strong>Karma hambaharja tops Hall<\/strong><\/p>\n<p>Zone Denmarki hambaharjatops Karma veenab lihtsate v\u00e4rvide ja selgete joontega. Harmoonilise disainiga sulandub hambaharjatops suurep\u00e4raselt erinevatesse vannitubadesse ning selle saab paigutada praktiliselt kraanikausile v\u00f5i vannitoakappi.<\/p>\n<p>\u2022 Hall<br \/>\n\u2022 Diameeter: 7.6 x 10 cm<br \/>\n\u2022 Stoneware\/Siidine pind<br \/>\n\u2022 <a href=\"\/et\/tootekategooria\/brandid\/zone-denmark-et\/\">Br\u00e4nd Zone Denmark<\/a><\/p>\n<p><a href=\"\/product-category\/designers\/zone-denmark\/\"><img loading=\"lazy\" decoding=\"async\" src=\"https:\/\/www.talidesign.eu\/wp\/wp-content\/uploads\/2021\/03\/logo-6.jpg\" alt=\"\" width=\"500\" height=\"100\" class=\"alignnone size-full wp-image-24694\" \/><\/a><\/p>\n","protected":false},"featured_media":57357,"template":"","meta":[],"product_brand":[],"product_cat":[1026,1031,1018,1100,1095],"product_tag":[1224],"class_list":{"0":"post-57355","1":"product","2":"type-product","3":"status-publish","4":"has-post-thumbnail","6":"product_cat-brandid","7":"product_cat-hoiustamine","8":"product_cat-kodu","9":"product_cat-vannituba","10":"product_cat-zone-denmark-et","11":"product_tag-zone-nova-one-black-et","13":"first","14":"instock","15":"taxable","16":"shipping-taxable","17":"purchasable","18":"product-type-simple"},"yoast_head":"<!-- This site is optimized with the Yoast SEO plugin v27.3 - https:\/\/yoast.com\/product\/yoast-seo-wordpress\/ -->\n<title>Zone Karma hambaharja tops Hall - TALI Concept Store<\/title>\n<meta name=\"description\" content=\"Zone Denmarki hambaharjatops Karma veenab lihtsate v\u00e4rvide ja selgete joontega. Harmoonilise disainiga sulandub hambaharjatops suurep\u00e4raselt erinevatesse vannitubadesse.\" \/>\n<meta name=\"robots\" content=\"index, follow, max-snippet:-1, max-image-preview:large, max-video-preview:-1\" \/>\n<link rel=\"canonical\" href=\"https:\/\/www.talidesign.eu\/et\/pood\/toode\/zone-karma-hambaharja-tops-hall\/\" \/>\n<meta property=\"og:locale\" content=\"et_EE\" \/>\n<meta property=\"og:type\" content=\"article\" \/>\n<meta property=\"og:title\" content=\"Zone Karma hambaharja tops Hall - TALI Concept Store\" \/>\n<meta property=\"og:description\" content=\"Zone Denmarki hambaharjatops Karma veenab lihtsate v\u00e4rvide ja selgete joontega. Harmoonilise disainiga sulandub hambaharjatops suurep\u00e4raselt erinevatesse vannitubadesse.\" \/>\n<meta property=\"og:url\" content=\"https:\/\/www.talidesign.eu\/et\/pood\/toode\/zone-karma-hambaharja-tops-hall\/\" \/>\n<meta property=\"og:site_name\" content=\"TALI Concept Store\" \/>\n<meta property=\"article:publisher\" content=\"https:\/\/www.facebook.com\/TaliDisain\/\" \/>\n<meta property=\"article:modified_time\" content=\"2025-07-16T07:29:38+00:00\" \/>\n<meta property=\"og:image\" content=\"https:\/\/www.talidesign.eu\/wp\/wp-content\/uploads\/2022\/06\/zone-karma-toothbrush-mug-grey.jpg\" \/>\n\t<meta property=\"og:image:width\" content=\"768\" \/>\n\t<meta property=\"og:image:height\" content=\"768\" \/>\n\t<meta property=\"og:image:type\" content=\"image\/jpeg\" \/>\n<meta name=\"twitter:card\" content=\"summary_large_image\" \/>\n<script type=\"application\/ld+json\" class=\"yoast-schema-graph\">{\"@context\":\"https:\\\/\\\/schema.org\",\"@graph\":[{\"@type\":\"WebPage\",\"@id\":\"https:\\\/\\\/www.talidesign.eu\\\/et\\\/pood\\\/toode\\\/zone-karma-hambaharja-tops-hall\\\/\",\"url\":\"https:\\\/\\\/www.talidesign.eu\\\/et\\\/pood\\\/toode\\\/zone-karma-hambaharja-tops-hall\\\/\",\"name\":\"Zone Karma hambaharja tops Hall - TALI Concept Store\",\"isPartOf\":{\"@id\":\"https:\\\/\\\/www.talidesign.eu\\\/et\\\/#website\"},\"primaryImageOfPage\":{\"@id\":\"https:\\\/\\\/www.talidesign.eu\\\/et\\\/pood\\\/toode\\\/zone-karma-hambaharja-tops-hall\\\/#primaryimage\"},\"image\":{\"@id\":\"https:\\\/\\\/www.talidesign.eu\\\/et\\\/pood\\\/toode\\\/zone-karma-hambaharja-tops-hall\\\/#primaryimage\"},\"thumbnailUrl\":\"https:\\\/\\\/www.talidesign.eu\\\/wp\\\/wp-content\\\/uploads\\\/2022\\\/06\\\/zone-karma-toothbrush-mug-grey.jpg\",\"datePublished\":\"2022-06-12T15:44:58+00:00\",\"dateModified\":\"2025-07-16T07:29:38+00:00\",\"description\":\"Zone Denmarki hambaharjatops Karma veenab lihtsate v\u00e4rvide ja selgete joontega. Harmoonilise disainiga sulandub hambaharjatops suurep\u00e4raselt erinevatesse vannitubadesse.\",\"breadcrumb\":{\"@id\":\"https:\\\/\\\/www.talidesign.eu\\\/et\\\/pood\\\/toode\\\/zone-karma-hambaharja-tops-hall\\\/#breadcrumb\"},\"inLanguage\":\"et\",\"potentialAction\":[{\"@type\":\"ReadAction\",\"target\":[\"https:\\\/\\\/www.talidesign.eu\\\/et\\\/pood\\\/toode\\\/zone-karma-hambaharja-tops-hall\\\/\"]}]},{\"@type\":\"ImageObject\",\"inLanguage\":\"et\",\"@id\":\"https:\\\/\\\/www.talidesign.eu\\\/et\\\/pood\\\/toode\\\/zone-karma-hambaharja-tops-hall\\\/#primaryimage\",\"url\":\"https:\\\/\\\/www.talidesign.eu\\\/wp\\\/wp-content\\\/uploads\\\/2022\\\/06\\\/zone-karma-toothbrush-mug-grey.jpg\",\"contentUrl\":\"https:\\\/\\\/www.talidesign.eu\\\/wp\\\/wp-content\\\/uploads\\\/2022\\\/06\\\/zone-karma-toothbrush-mug-grey.jpg\",\"width\":768,\"height\":768},{\"@type\":\"BreadcrumbList\",\"@id\":\"https:\\\/\\\/www.talidesign.eu\\\/et\\\/pood\\\/toode\\\/zone-karma-hambaharja-tops-hall\\\/#breadcrumb\",\"itemListElement\":[{\"@type\":\"ListItem\",\"position\":1,\"name\":\"Avaleht\",\"item\":\"https:\\\/\\\/www.talidesign.eu\\\/et\\\/\"},{\"@type\":\"ListItem\",\"position\":2,\"name\":\"Pood\",\"item\":\"https:\\\/\\\/www.talidesign.eu\\\/et\\\/pood\\\/\"},{\"@type\":\"ListItem\",\"position\":3,\"name\":\"Zone Karma hambaharja tops Hall\"}]},{\"@type\":\"WebSite\",\"@id\":\"https:\\\/\\\/www.talidesign.eu\\\/et\\\/#website\",\"url\":\"https:\\\/\\\/www.talidesign.eu\\\/et\\\/\",\"name\":\"TALI Concept Store\",\"description\":\"Suurim Disainipood Eestis\",\"potentialAction\":[{\"@type\":\"SearchAction\",\"target\":{\"@type\":\"EntryPoint\",\"urlTemplate\":\"https:\\\/\\\/www.talidesign.eu\\\/et\\\/?s={search_term_string}\"},\"query-input\":{\"@type\":\"PropertyValueSpecification\",\"valueRequired\":true,\"valueName\":\"search_term_string\"}}],\"inLanguage\":\"et\"}]}<\/script>\n<!-- \/ Yoast SEO plugin. -->","yoast_head_json":{"title":"Zone Karma hambaharja tops Hall - TALI Concept Store","description":"Zone Denmarki hambaharjatops Karma veenab lihtsate v\u00e4rvide ja selgete joontega. Harmoonilise disainiga sulandub hambaharjatops suurep\u00e4raselt erinevatesse vannitubadesse.","robots":{"index":"index","follow":"follow","max-snippet":"max-snippet:-1","max-image-preview":"max-image-preview:large","max-video-preview":"max-video-preview:-1"},"canonical":"https:\/\/www.talidesign.eu\/et\/pood\/toode\/zone-karma-hambaharja-tops-hall\/","og_locale":"et_EE","og_type":"article","og_title":"Zone Karma hambaharja tops Hall - TALI Concept Store","og_description":"Zone Denmarki hambaharjatops Karma veenab lihtsate v\u00e4rvide ja selgete joontega. Harmoonilise disainiga sulandub hambaharjatops suurep\u00e4raselt erinevatesse vannitubadesse.","og_url":"https:\/\/www.talidesign.eu\/et\/pood\/toode\/zone-karma-hambaharja-tops-hall\/","og_site_name":"TALI Concept Store","article_publisher":"https:\/\/www.facebook.com\/TaliDisain\/","article_modified_time":"2025-07-16T07:29:38+00:00","og_image":[{"width":768,"height":768,"url":"https:\/\/www.talidesign.eu\/wp\/wp-content\/uploads\/2022\/06\/zone-karma-toothbrush-mug-grey.jpg","type":"image\/jpeg"}],"twitter_card":"summary_large_image","schema":{"@context":"https:\/\/schema.org","@graph":[{"@type":"WebPage","@id":"https:\/\/www.talidesign.eu\/et\/pood\/toode\/zone-karma-hambaharja-tops-hall\/","url":"https:\/\/www.talidesign.eu\/et\/pood\/toode\/zone-karma-hambaharja-tops-hall\/","name":"Zone Karma hambaharja tops Hall - TALI Concept Store","isPartOf":{"@id":"https:\/\/www.talidesign.eu\/et\/#website"},"primaryImageOfPage":{"@id":"https:\/\/www.talidesign.eu\/et\/pood\/toode\/zone-karma-hambaharja-tops-hall\/#primaryimage"},"image":{"@id":"https:\/\/www.talidesign.eu\/et\/pood\/toode\/zone-karma-hambaharja-tops-hall\/#primaryimage"},"thumbnailUrl":"https:\/\/www.talidesign.eu\/wp\/wp-content\/uploads\/2022\/06\/zone-karma-toothbrush-mug-grey.jpg","datePublished":"2022-06-12T15:44:58+00:00","dateModified":"2025-07-16T07:29:38+00:00","description":"Zone Denmarki hambaharjatops Karma veenab lihtsate v\u00e4rvide ja selgete joontega. Harmoonilise disainiga sulandub hambaharjatops suurep\u00e4raselt erinevatesse vannitubadesse.","breadcrumb":{"@id":"https:\/\/www.talidesign.eu\/et\/pood\/toode\/zone-karma-hambaharja-tops-hall\/#breadcrumb"},"inLanguage":"et","potentialAction":[{"@type":"ReadAction","target":["https:\/\/www.talidesign.eu\/et\/pood\/toode\/zone-karma-hambaharja-tops-hall\/"]}]},{"@type":"ImageObject","inLanguage":"et","@id":"https:\/\/www.talidesign.eu\/et\/pood\/toode\/zone-karma-hambaharja-tops-hall\/#primaryimage","url":"https:\/\/www.talidesign.eu\/wp\/wp-content\/uploads\/2022\/06\/zone-karma-toothbrush-mug-grey.jpg","contentUrl":"https:\/\/www.talidesign.eu\/wp\/wp-content\/uploads\/2022\/06\/zone-karma-toothbrush-mug-grey.jpg","width":768,"height":768},{"@type":"BreadcrumbList","@id":"https:\/\/www.talidesign.eu\/et\/pood\/toode\/zone-karma-hambaharja-tops-hall\/#breadcrumb","itemListElement":[{"@type":"ListItem","position":1,"name":"Avaleht","item":"https:\/\/www.talidesign.eu\/et\/"},{"@type":"ListItem","position":2,"name":"Pood","item":"https:\/\/www.talidesign.eu\/et\/pood\/"},{"@type":"ListItem","position":3,"name":"Zone Karma hambaharja tops Hall"}]},{"@type":"WebSite","@id":"https:\/\/www.talidesign.eu\/et\/#website","url":"https:\/\/www.talidesign.eu\/et\/","name":"TALI Concept Store","description":"Suurim Disainipood Eestis","potentialAction":[{"@type":"SearchAction","target":{"@type":"EntryPoint","urlTemplate":"https:\/\/www.talidesign.eu\/et\/?s={search_term_string}"},"query-input":{"@type":"PropertyValueSpecification","valueRequired":true,"valueName":"search_term_string"}}],"inLanguage":"et"}]}},"_links":{"self":[{"href":"https:\/\/www.talidesign.eu\/et\/wp-json\/wp\/v2\/product\/57355","targetHints":{"allow":["GET"]}}],"collection":[{"href":"https:\/\/www.talidesign.eu\/et\/wp-json\/wp\/v2\/product"}],"about":[{"href":"https:\/\/www.talidesign.eu\/et\/wp-json\/wp\/v2\/types\/product"}],"wp:featuredmedia":[{"embeddable":true,"href":"https:\/\/www.talidesign.eu\/et\/wp-json\/wp\/v2\/media\/57357"}],"wp:attachment":[{"href":"https:\/\/www.talidesign.eu\/et\/wp-json\/wp\/v2\/media?parent=57355"}],"wp:term":[{"taxonomy":"product_brand","embeddable":true,"href":"https:\/\/www.talidesign.eu\/et\/wp-json\/wp\/v2\/product_brand?post=57355"},{"taxonomy":"product_cat","embeddable":true,"href":"https:\/\/www.talidesign.eu\/et\/wp-json\/wp\/v2\/product_cat?post=57355"},{"taxonomy":"product_tag","embeddable":true,"href":"https:\/\/www.talidesign.eu\/et\/wp-json\/wp\/v2\/product_tag?post=57355"}],"curies":[{"name":"wp","href":"https:\/\/api.w.org\/{rel}","templated":true}]}}