{"id":57469,"date":"2022-06-19T19:26:53","date_gmt":"2022-06-07T16:26:54","guid":{"rendered":"https:\/\/www.talidesign.eu\/?post_type=product&#038;p=57469"},"modified":"2025-01-24T16:48:32","modified_gmt":"2025-01-24T14:48:32","slug":"yamazaki-push-seebidosaator-valge","status":"publish","type":"product","link":"https:\/\/www.talidesign.eu\/et\/pood\/toode\/yamazaki-push-seebidosaator-valge\/","title":{"rendered":"Yamazaki Push seebidosaator Valge"},"content":{"rendered":"<p><strong>Push seebidosaator Valge<\/strong><\/p>\n<p>Lihtsalt asetage k\u00f6\u00f6gik\u00e4sn kaane peale ja suruge see alla, et vabastada n\u00f5udepesuvahend. V\u00e4ga mugav moodus n\u00f5ude pesemiseks.<\/p>\n<p>\u2022 250ml<br \/>\n\u2022 Materjal: Petg Resin\/Polypropylene\/Polyethylene\/Silicone<br \/>\n\u2022 L 5.5 x W 5.5 x H18.5 cm<br \/>\n\u2022 Kaal: 0.166kg<br \/>\n\u2022 <a href=\"\/et\/tootekategooria\/brandid\/yamazaki-home-et\/\">Br\u00e4nd Yamazaki Home<\/a><\/p>\n<p><a href=\"\/et\/tootekategooria\/brandid\/yamazaki-home-et\/\"><img loading=\"lazy\" decoding=\"async\" class=\"alignnone size-full wp-image-23562\" src=\"https:\/\/www.talidesign.eu\/wp\/wp-content\/uploads\/2021\/02\/yamazaki.jpg\" alt=\"\" width=\"500\" height=\"100\" \/><\/a><\/p>\n","protected":false},"excerpt":{"rendered":"<p><strong>Push seebidosaator Valge<\/strong><\/p>\n<p>Lihtsalt asetage k\u00f6\u00f6gik\u00e4sn kaane peale ja suruge see alla, et vabastada n\u00f5udepesuvahend. V\u00e4ga mugav moodus n\u00f5ude pesemiseks.<\/p>\n<p>\u2022 250ml<br \/>\n\u2022 Materjal: Petg Resin\/Polypropylene\/Polyethylene\/Silicone<br \/>\n\u2022 L 5.5 x W 5.5 x H18.5 cm<br \/>\n\u2022 Kaal: 0.166kg<br \/>\n\u2022 <a href=\"\/et\/tootekategooria\/brandid\/yamazaki-home-et\/\">Br\u00e4nd Yamazaki Home<\/a><\/p>\n<p><a href=\"\/et\/tootekategooria\/brandid\/yamazaki-home-et\/\"><img loading=\"lazy\" decoding=\"async\" class=\"alignnone size-full wp-image-23562\" src=\"https:\/\/www.talidesign.eu\/wp\/wp-content\/uploads\/2021\/02\/yamazaki.jpg\" alt=\"\" width=\"500\" height=\"100\" \/><\/a><\/p>\n","protected":false},"featured_media":57472,"template":"","meta":[],"product_brand":[],"product_cat":[1177,1026,1018,1030,1100,1094],"product_tag":[1274],"class_list":{"0":"post-57469","1":"product","2":"type-product","3":"status-publish","4":"has-post-thumbnail","6":"product_cat-allahindlus","7":"product_cat-brandid","8":"product_cat-kodu","9":"product_cat-kook","10":"product_cat-vannituba","11":"product_cat-yamazaki-home-et","12":"product_tag-yamazaki-et","14":"first","15":"outofstock","16":"sale","17":"taxable","18":"shipping-taxable","19":"purchasable","20":"product-type-simple"},"yoast_head":"<!-- This site is optimized with the Yoast SEO plugin v27.4 - https:\/\/yoast.com\/product\/yoast-seo-wordpress\/ -->\n<title>Yamazaki Push seebidosaator Valge - TALI Concept Store<\/title>\n<meta name=\"description\" content=\"Avasta Yamazaki Push seebidosaator Valge - mugav ja stiilne viis n\u00f5ude pesemiseks. Br\u00e4nd Yamazaki Home. KODU, Vannituba, K\u00f6\u00f6k, BR\u00c4NDID.\" \/>\n<meta name=\"robots\" content=\"index, follow, max-snippet:-1, max-image-preview:large, max-video-preview:-1\" \/>\n<link rel=\"canonical\" href=\"https:\/\/www.talidesign.eu\/et\/pood\/toode\/yamazaki-push-seebidosaator-valge\/\" \/>\n<meta property=\"og:locale\" content=\"et_EE\" \/>\n<meta property=\"og:type\" content=\"article\" \/>\n<meta property=\"og:title\" content=\"Yamazaki Push seebidosaator Valge - TALI Concept Store\" \/>\n<meta property=\"og:description\" content=\"Avasta Yamazaki Push seebidosaator Valge - mugav ja stiilne viis n\u00f5ude pesemiseks. Br\u00e4nd Yamazaki Home. KODU, Vannituba, K\u00f6\u00f6k, BR\u00c4NDID.\" \/>\n<meta property=\"og:url\" content=\"https:\/\/www.talidesign.eu\/et\/pood\/toode\/yamazaki-push-seebidosaator-valge\/\" \/>\n<meta property=\"og:site_name\" content=\"TALI Concept Store\" \/>\n<meta property=\"article:publisher\" content=\"https:\/\/www.facebook.com\/TaliDisain\/\" \/>\n<meta property=\"article:modified_time\" content=\"2025-01-24T14:48:32+00:00\" \/>\n<meta property=\"og:image\" content=\"https:\/\/www.talidesign.eu\/wp\/wp-content\/uploads\/2022\/06\/2_5213TOWERPUSHSOAPDISPENSERWH_12_720x2.jpg\" \/>\n\t<meta property=\"og:image:width\" content=\"768\" \/>\n\t<meta property=\"og:image:height\" content=\"768\" \/>\n\t<meta property=\"og:image:type\" content=\"image\/jpeg\" \/>\n<meta name=\"twitter:card\" content=\"summary_large_image\" \/>\n<script type=\"application\/ld+json\" class=\"yoast-schema-graph\">{\"@context\":\"https:\\\/\\\/schema.org\",\"@graph\":[{\"@type\":\"WebPage\",\"@id\":\"https:\\\/\\\/www.talidesign.eu\\\/et\\\/pood\\\/toode\\\/yamazaki-push-seebidosaator-valge\\\/\",\"url\":\"https:\\\/\\\/www.talidesign.eu\\\/et\\\/pood\\\/toode\\\/yamazaki-push-seebidosaator-valge\\\/\",\"name\":\"Yamazaki Push seebidosaator Valge - TALI Concept Store\",\"isPartOf\":{\"@id\":\"https:\\\/\\\/www.talidesign.eu\\\/et\\\/#website\"},\"primaryImageOfPage\":{\"@id\":\"https:\\\/\\\/www.talidesign.eu\\\/et\\\/pood\\\/toode\\\/yamazaki-push-seebidosaator-valge\\\/#primaryimage\"},\"image\":{\"@id\":\"https:\\\/\\\/www.talidesign.eu\\\/et\\\/pood\\\/toode\\\/yamazaki-push-seebidosaator-valge\\\/#primaryimage\"},\"thumbnailUrl\":\"https:\\\/\\\/www.talidesign.eu\\\/wp\\\/wp-content\\\/uploads\\\/2022\\\/06\\\/2_5213TOWERPUSHSOAPDISPENSERWH_12_720x2.jpg\",\"datePublished\":\"2022-06-07T16:26:54+00:00\",\"dateModified\":\"2025-01-24T14:48:32+00:00\",\"description\":\"Avasta Yamazaki Push seebidosaator Valge - mugav ja stiilne viis n\u00f5ude pesemiseks. Br\u00e4nd Yamazaki Home. KODU, Vannituba, K\u00f6\u00f6k, BR\u00c4NDID.\",\"breadcrumb\":{\"@id\":\"https:\\\/\\\/www.talidesign.eu\\\/et\\\/pood\\\/toode\\\/yamazaki-push-seebidosaator-valge\\\/#breadcrumb\"},\"inLanguage\":\"et\",\"potentialAction\":[{\"@type\":\"ReadAction\",\"target\":[\"https:\\\/\\\/www.talidesign.eu\\\/et\\\/pood\\\/toode\\\/yamazaki-push-seebidosaator-valge\\\/\"]}]},{\"@type\":\"ImageObject\",\"inLanguage\":\"et\",\"@id\":\"https:\\\/\\\/www.talidesign.eu\\\/et\\\/pood\\\/toode\\\/yamazaki-push-seebidosaator-valge\\\/#primaryimage\",\"url\":\"https:\\\/\\\/www.talidesign.eu\\\/wp\\\/wp-content\\\/uploads\\\/2022\\\/06\\\/2_5213TOWERPUSHSOAPDISPENSERWH_12_720x2.jpg\",\"contentUrl\":\"https:\\\/\\\/www.talidesign.eu\\\/wp\\\/wp-content\\\/uploads\\\/2022\\\/06\\\/2_5213TOWERPUSHSOAPDISPENSERWH_12_720x2.jpg\",\"width\":768,\"height\":768},{\"@type\":\"BreadcrumbList\",\"@id\":\"https:\\\/\\\/www.talidesign.eu\\\/et\\\/pood\\\/toode\\\/yamazaki-push-seebidosaator-valge\\\/#breadcrumb\",\"itemListElement\":[{\"@type\":\"ListItem\",\"position\":1,\"name\":\"Avaleht\",\"item\":\"https:\\\/\\\/www.talidesign.eu\\\/et\\\/\"},{\"@type\":\"ListItem\",\"position\":2,\"name\":\"Pood\",\"item\":\"https:\\\/\\\/www.talidesign.eu\\\/et\\\/pood\\\/\"},{\"@type\":\"ListItem\",\"position\":3,\"name\":\"Yamazaki Push seebidosaator Valge\"}]},{\"@type\":\"WebSite\",\"@id\":\"https:\\\/\\\/www.talidesign.eu\\\/et\\\/#website\",\"url\":\"https:\\\/\\\/www.talidesign.eu\\\/et\\\/\",\"name\":\"TALI Concept Store\",\"description\":\"Suurim Disainipood Eestis\",\"potentialAction\":[{\"@type\":\"SearchAction\",\"target\":{\"@type\":\"EntryPoint\",\"urlTemplate\":\"https:\\\/\\\/www.talidesign.eu\\\/et\\\/?s={search_term_string}\"},\"query-input\":{\"@type\":\"PropertyValueSpecification\",\"valueRequired\":true,\"valueName\":\"search_term_string\"}}],\"inLanguage\":\"et\"}]}<\/script>\n<!-- \/ Yoast SEO plugin. -->","yoast_head_json":{"title":"Yamazaki Push seebidosaator Valge - TALI Concept Store","description":"Avasta Yamazaki Push seebidosaator Valge - mugav ja stiilne viis n\u00f5ude pesemiseks. Br\u00e4nd Yamazaki Home. KODU, Vannituba, K\u00f6\u00f6k, BR\u00c4NDID.","robots":{"index":"index","follow":"follow","max-snippet":"max-snippet:-1","max-image-preview":"max-image-preview:large","max-video-preview":"max-video-preview:-1"},"canonical":"https:\/\/www.talidesign.eu\/et\/pood\/toode\/yamazaki-push-seebidosaator-valge\/","og_locale":"et_EE","og_type":"article","og_title":"Yamazaki Push seebidosaator Valge - TALI Concept Store","og_description":"Avasta Yamazaki Push seebidosaator Valge - mugav ja stiilne viis n\u00f5ude pesemiseks. Br\u00e4nd Yamazaki Home. KODU, Vannituba, K\u00f6\u00f6k, BR\u00c4NDID.","og_url":"https:\/\/www.talidesign.eu\/et\/pood\/toode\/yamazaki-push-seebidosaator-valge\/","og_site_name":"TALI Concept Store","article_publisher":"https:\/\/www.facebook.com\/TaliDisain\/","article_modified_time":"2025-01-24T14:48:32+00:00","og_image":[{"width":768,"height":768,"url":"https:\/\/www.talidesign.eu\/wp\/wp-content\/uploads\/2022\/06\/2_5213TOWERPUSHSOAPDISPENSERWH_12_720x2.jpg","type":"image\/jpeg"}],"twitter_card":"summary_large_image","schema":{"@context":"https:\/\/schema.org","@graph":[{"@type":"WebPage","@id":"https:\/\/www.talidesign.eu\/et\/pood\/toode\/yamazaki-push-seebidosaator-valge\/","url":"https:\/\/www.talidesign.eu\/et\/pood\/toode\/yamazaki-push-seebidosaator-valge\/","name":"Yamazaki Push seebidosaator Valge - TALI Concept Store","isPartOf":{"@id":"https:\/\/www.talidesign.eu\/et\/#website"},"primaryImageOfPage":{"@id":"https:\/\/www.talidesign.eu\/et\/pood\/toode\/yamazaki-push-seebidosaator-valge\/#primaryimage"},"image":{"@id":"https:\/\/www.talidesign.eu\/et\/pood\/toode\/yamazaki-push-seebidosaator-valge\/#primaryimage"},"thumbnailUrl":"https:\/\/www.talidesign.eu\/wp\/wp-content\/uploads\/2022\/06\/2_5213TOWERPUSHSOAPDISPENSERWH_12_720x2.jpg","datePublished":"2022-06-07T16:26:54+00:00","dateModified":"2025-01-24T14:48:32+00:00","description":"Avasta Yamazaki Push seebidosaator Valge - mugav ja stiilne viis n\u00f5ude pesemiseks. Br\u00e4nd Yamazaki Home. KODU, Vannituba, K\u00f6\u00f6k, BR\u00c4NDID.","breadcrumb":{"@id":"https:\/\/www.talidesign.eu\/et\/pood\/toode\/yamazaki-push-seebidosaator-valge\/#breadcrumb"},"inLanguage":"et","potentialAction":[{"@type":"ReadAction","target":["https:\/\/www.talidesign.eu\/et\/pood\/toode\/yamazaki-push-seebidosaator-valge\/"]}]},{"@type":"ImageObject","inLanguage":"et","@id":"https:\/\/www.talidesign.eu\/et\/pood\/toode\/yamazaki-push-seebidosaator-valge\/#primaryimage","url":"https:\/\/www.talidesign.eu\/wp\/wp-content\/uploads\/2022\/06\/2_5213TOWERPUSHSOAPDISPENSERWH_12_720x2.jpg","contentUrl":"https:\/\/www.talidesign.eu\/wp\/wp-content\/uploads\/2022\/06\/2_5213TOWERPUSHSOAPDISPENSERWH_12_720x2.jpg","width":768,"height":768},{"@type":"BreadcrumbList","@id":"https:\/\/www.talidesign.eu\/et\/pood\/toode\/yamazaki-push-seebidosaator-valge\/#breadcrumb","itemListElement":[{"@type":"ListItem","position":1,"name":"Avaleht","item":"https:\/\/www.talidesign.eu\/et\/"},{"@type":"ListItem","position":2,"name":"Pood","item":"https:\/\/www.talidesign.eu\/et\/pood\/"},{"@type":"ListItem","position":3,"name":"Yamazaki Push seebidosaator Valge"}]},{"@type":"WebSite","@id":"https:\/\/www.talidesign.eu\/et\/#website","url":"https:\/\/www.talidesign.eu\/et\/","name":"TALI Concept Store","description":"Suurim Disainipood Eestis","potentialAction":[{"@type":"SearchAction","target":{"@type":"EntryPoint","urlTemplate":"https:\/\/www.talidesign.eu\/et\/?s={search_term_string}"},"query-input":{"@type":"PropertyValueSpecification","valueRequired":true,"valueName":"search_term_string"}}],"inLanguage":"et"}]}},"_links":{"self":[{"href":"https:\/\/www.talidesign.eu\/et\/wp-json\/wp\/v2\/product\/57469","targetHints":{"allow":["GET"]}}],"collection":[{"href":"https:\/\/www.talidesign.eu\/et\/wp-json\/wp\/v2\/product"}],"about":[{"href":"https:\/\/www.talidesign.eu\/et\/wp-json\/wp\/v2\/types\/product"}],"wp:featuredmedia":[{"embeddable":true,"href":"https:\/\/www.talidesign.eu\/et\/wp-json\/wp\/v2\/media\/57472"}],"wp:attachment":[{"href":"https:\/\/www.talidesign.eu\/et\/wp-json\/wp\/v2\/media?parent=57469"}],"wp:term":[{"taxonomy":"product_brand","embeddable":true,"href":"https:\/\/www.talidesign.eu\/et\/wp-json\/wp\/v2\/product_brand?post=57469"},{"taxonomy":"product_cat","embeddable":true,"href":"https:\/\/www.talidesign.eu\/et\/wp-json\/wp\/v2\/product_cat?post=57469"},{"taxonomy":"product_tag","embeddable":true,"href":"https:\/\/www.talidesign.eu\/et\/wp-json\/wp\/v2\/product_tag?post=57469"}],"curies":[{"name":"wp","href":"https:\/\/api.w.org\/{rel}","templated":true}]}}