{"id":58211,"date":"2022-06-29T20:44:45","date_gmt":"2022-06-29T17:44:45","guid":{"rendered":"https:\/\/www.talidesign.eu\/?post_type=product&#038;p=58211"},"modified":"2023-08-24T14:24:01","modified_gmt":"2023-08-24T11:24:01","slug":"hubsch-acorn-nagi-natural","status":"publish","type":"product","link":"https:\/\/www.talidesign.eu\/et\/pood\/toode\/hubsch-acorn-nagi-natural\/","title":{"rendered":"H\u00fcbsch Acorn Nagi Natural"},"content":{"rendered":"<p><strong>Acorn Nagi Natural<\/strong><\/p>\n<p>Nagi on valmistatud tammest ja omab FSC sertifikaati. Nagi veenab oma minimalistliku ja ajatu disainiga. See sobib igasse tuppa.<\/p>\n<p>\u2022 Materjal : Tamm<br \/>\n\u2022 M\u00f5\u00f5dud : 4x4cm<br \/>\n\u2022 Kaasas kruvid.<br \/>\n\u2022 <a href=\"\/et\/tootekategooria\/brandid\/hubsch-et\/\">Br\u00e4nd H\u00fcbsch<\/a><\/p>\n<p><strong>Br\u00e4ndist<\/strong><\/p>\n<p>Unistades ehitada midagi ainulaadset ja kirest hea disaini vastu, asutasid H\u00fcbschi 2010. aastal Flemming Hussak, Jannie Kr\u00fcger ja Daniel Henriksen. Sellest ajast alates on H\u00fcbsch kasvanud ja t\u00e4nap\u00e4eval peetakse seda \u00fcheks Skandinaavia juhtivaks sisustusbr\u00e4ndiks.<\/p>\n<p>H\u00fcbschis hoolime homsest, t\u00e4nasest.<\/p>\n<p>M\u00f5istame, et k\u00f5ik, mida disainiettev\u00f5ttena teeme, m\u00f5jutab keskkonda.<\/p>\n<p>Seet\u00f5ttu p\u00fc\u00fcame H\u00fcbschis pidevalt leida uusi ja paremaid viise oma toodete kujundamiseks ja arendamiseks, keskendudes pidevalt heakskiidetud ja j\u00e4tkusuutlikele materjalidele, esitades endale ja oma partneritele k\u00f5rgeid n\u00f5udmisi \u00f5iglaste ja tervislike t\u00f6\u00f6tingimuste osas ning toetades meie kohalikke kogukondi.<\/p>\n<p>Teame, et me ei p\u00e4\u00e4sta maailma, vaid p\u00fc\u00fcame v\u00e4hendada oma \u00f6koloogilist jalaj\u00e4lge ja olla oma tegemiste \u00fcle uhked.<\/p>\n<p>Me kutsume seda H\u00fcbschi hoolduseks, sest me teeme seda. Me hoolime homsest, t\u00e4nasest.<\/p>\n<p><a href=\"\/et\/tootekategooria\/brandid\/hubsch-et\/\"><img loading=\"lazy\" decoding=\"async\" src=\"https:\/\/www.talidesign.eu\/wp\/wp-content\/uploads\/2022\/06\/logo.jpg\" alt=\"\" width=\"500\" height=\"100\" class=\"alignnone size-full wp-image-58194\" \/><\/a><\/p>\n","protected":false},"excerpt":{"rendered":"<p><strong>Acorn Nagi Natural<\/strong><\/p>\n<p>Nagi on valmistatud tammest ja omab FSC sertifikaati. Nagi veenab oma minimalistliku ja ajatu disainiga. See sobib igasse tuppa.<\/p>\n<p>\u2022 Materjal : Tamm<br \/>\n\u2022 M\u00f5\u00f5dud : 4x4cm<br \/>\n\u2022 Kaasas kruvid.<br \/>\n\u2022 <a href=\"\/et\/tootekategooria\/brandid\/hubsch-et\/\">Br\u00e4nd H\u00fcbsch<\/a><\/p>\n<p><strong>Br\u00e4ndist<\/strong><\/p>\n<p>Unistades ehitada midagi ainulaadset ja kirest hea disaini vastu, asutasid H\u00fcbschi 2010. aastal Flemming Hussak, Jannie Kr\u00fcger ja Daniel Henriksen. Sellest ajast alates on H\u00fcbsch kasvanud ja t\u00e4nap\u00e4eval peetakse seda \u00fcheks Skandinaavia juhtivaks sisustusbr\u00e4ndiks.<\/p>\n<p>H\u00fcbschis hoolime homsest, t\u00e4nasest.<\/p>\n<p>M\u00f5istame, et k\u00f5ik, mida disainiettev\u00f5ttena teeme, m\u00f5jutab keskkonda.<\/p>\n<p>Seet\u00f5ttu p\u00fc\u00fcame H\u00fcbschis pidevalt leida uusi ja paremaid viise oma toodete kujundamiseks ja arendamiseks, keskendudes pidevalt heakskiidetud ja j\u00e4tkusuutlikele materjalidele, esitades endale ja oma partneritele k\u00f5rgeid n\u00f5udmisi \u00f5iglaste ja tervislike t\u00f6\u00f6tingimuste osas ning toetades meie kohalikke kogukondi.<\/p>\n<p>Teame, et me ei p\u00e4\u00e4sta maailma, vaid p\u00fc\u00fcame v\u00e4hendada oma \u00f6koloogilist jalaj\u00e4lge ja olla oma tegemiste \u00fcle uhked.<\/p>\n<p>Me kutsume seda H\u00fcbschi hoolduseks, sest me teeme seda. Me hoolime homsest, t\u00e4nasest.<\/p>\n<p><a href=\"\/et\/tootekategooria\/brandid\/hubsch-et\/\"><img loading=\"lazy\" decoding=\"async\" src=\"https:\/\/www.talidesign.eu\/wp\/wp-content\/uploads\/2022\/06\/logo.jpg\" alt=\"\" width=\"500\" height=\"100\" class=\"alignnone size-full wp-image-58194\" \/><\/a><\/p>\n","protected":false},"featured_media":58219,"template":"","meta":[],"product_brand":[],"product_cat":[16],"product_tag":[],"class_list":{"0":"post-58211","1":"product","2":"type-product","3":"status-publish","4":"has-post-thumbnail","6":"product_cat-uncategorized","8":"first","9":"outofstock","10":"sale","11":"taxable","12":"shipping-taxable","13":"purchasable","14":"product-type-simple"},"yoast_head":"<!-- This site is optimized with the Yoast SEO plugin v27.4 - https:\/\/yoast.com\/product\/yoast-seo-wordpress\/ -->\n<title>H\u00fcbsch Acorn Nagi Natural - TALI Concept Store<\/title>\n<meta name=\"description\" content=\"Avasta H\u00fcbsch Acorn Nagi Natural - minimalistlik ja ajatu disainiga tammest nagi, mis sobib igasse tuppa. Br\u00e4nd H\u00fcbsch - Skandinaavia juhtiv sisustusbr\u00e4nd.\" \/>\n<meta name=\"robots\" content=\"index, follow, max-snippet:-1, max-image-preview:large, max-video-preview:-1\" \/>\n<link rel=\"canonical\" href=\"https:\/\/www.talidesign.eu\/et\/pood\/toode\/hubsch-acorn-nagi-natural\/\" \/>\n<meta property=\"og:locale\" content=\"et_EE\" \/>\n<meta property=\"og:type\" content=\"article\" \/>\n<meta property=\"og:title\" content=\"H\u00fcbsch Acorn Nagi Natural - TALI Concept Store\" \/>\n<meta property=\"og:description\" content=\"Avasta H\u00fcbsch Acorn Nagi Natural - minimalistlik ja ajatu disainiga tammest nagi, mis sobib igasse tuppa. Br\u00e4nd H\u00fcbsch - Skandinaavia juhtiv sisustusbr\u00e4nd.\" \/>\n<meta property=\"og:url\" content=\"https:\/\/www.talidesign.eu\/et\/pood\/toode\/hubsch-acorn-nagi-natural\/\" \/>\n<meta property=\"og:site_name\" content=\"TALI Concept Store\" \/>\n<meta property=\"article:publisher\" content=\"https:\/\/www.facebook.com\/TaliDisain\/\" \/>\n<meta property=\"article:modified_time\" content=\"2023-08-24T11:24:01+00:00\" \/>\n<meta property=\"og:image\" content=\"https:\/\/www.talidesign.eu\/wp\/wp-content\/uploads\/2022\/06\/hubsch-acorn-knob-natural.jpg\" \/>\n\t<meta property=\"og:image:width\" content=\"800\" \/>\n\t<meta property=\"og:image:height\" content=\"800\" \/>\n\t<meta property=\"og:image:type\" content=\"image\/jpeg\" \/>\n<meta name=\"twitter:card\" content=\"summary_large_image\" \/>\n<meta name=\"twitter:label1\" content=\"Est. reading time\" \/>\n\t<meta name=\"twitter:data1\" content=\"1 minute\" \/>\n<script type=\"application\/ld+json\" class=\"yoast-schema-graph\">{\"@context\":\"https:\\\/\\\/schema.org\",\"@graph\":[{\"@type\":\"WebPage\",\"@id\":\"https:\\\/\\\/www.talidesign.eu\\\/et\\\/pood\\\/toode\\\/hubsch-acorn-nagi-natural\\\/\",\"url\":\"https:\\\/\\\/www.talidesign.eu\\\/et\\\/pood\\\/toode\\\/hubsch-acorn-nagi-natural\\\/\",\"name\":\"H\u00fcbsch Acorn Nagi Natural - TALI Concept Store\",\"isPartOf\":{\"@id\":\"https:\\\/\\\/www.talidesign.eu\\\/et\\\/#website\"},\"primaryImageOfPage\":{\"@id\":\"https:\\\/\\\/www.talidesign.eu\\\/et\\\/pood\\\/toode\\\/hubsch-acorn-nagi-natural\\\/#primaryimage\"},\"image\":{\"@id\":\"https:\\\/\\\/www.talidesign.eu\\\/et\\\/pood\\\/toode\\\/hubsch-acorn-nagi-natural\\\/#primaryimage\"},\"thumbnailUrl\":\"https:\\\/\\\/www.talidesign.eu\\\/wp\\\/wp-content\\\/uploads\\\/2022\\\/06\\\/hubsch-acorn-knob-natural.jpg\",\"datePublished\":\"2022-06-29T17:44:45+00:00\",\"dateModified\":\"2023-08-24T11:24:01+00:00\",\"description\":\"Avasta H\u00fcbsch Acorn Nagi Natural - minimalistlik ja ajatu disainiga tammest nagi, mis sobib igasse tuppa. Br\u00e4nd H\u00fcbsch - Skandinaavia juhtiv sisustusbr\u00e4nd.\",\"breadcrumb\":{\"@id\":\"https:\\\/\\\/www.talidesign.eu\\\/et\\\/pood\\\/toode\\\/hubsch-acorn-nagi-natural\\\/#breadcrumb\"},\"inLanguage\":\"et\",\"potentialAction\":[{\"@type\":\"ReadAction\",\"target\":[\"https:\\\/\\\/www.talidesign.eu\\\/et\\\/pood\\\/toode\\\/hubsch-acorn-nagi-natural\\\/\"]}]},{\"@type\":\"ImageObject\",\"inLanguage\":\"et\",\"@id\":\"https:\\\/\\\/www.talidesign.eu\\\/et\\\/pood\\\/toode\\\/hubsch-acorn-nagi-natural\\\/#primaryimage\",\"url\":\"https:\\\/\\\/www.talidesign.eu\\\/wp\\\/wp-content\\\/uploads\\\/2022\\\/06\\\/hubsch-acorn-knob-natural.jpg\",\"contentUrl\":\"https:\\\/\\\/www.talidesign.eu\\\/wp\\\/wp-content\\\/uploads\\\/2022\\\/06\\\/hubsch-acorn-knob-natural.jpg\",\"width\":800,\"height\":800},{\"@type\":\"BreadcrumbList\",\"@id\":\"https:\\\/\\\/www.talidesign.eu\\\/et\\\/pood\\\/toode\\\/hubsch-acorn-nagi-natural\\\/#breadcrumb\",\"itemListElement\":[{\"@type\":\"ListItem\",\"position\":1,\"name\":\"Avaleht\",\"item\":\"https:\\\/\\\/www.talidesign.eu\\\/et\\\/\"},{\"@type\":\"ListItem\",\"position\":2,\"name\":\"Pood\",\"item\":\"https:\\\/\\\/www.talidesign.eu\\\/et\\\/pood\\\/\"},{\"@type\":\"ListItem\",\"position\":3,\"name\":\"H\u00fcbsch Acorn Nagi Natural\"}]},{\"@type\":\"WebSite\",\"@id\":\"https:\\\/\\\/www.talidesign.eu\\\/et\\\/#website\",\"url\":\"https:\\\/\\\/www.talidesign.eu\\\/et\\\/\",\"name\":\"TALI Concept Store\",\"description\":\"Suurim Disainipood Eestis\",\"potentialAction\":[{\"@type\":\"SearchAction\",\"target\":{\"@type\":\"EntryPoint\",\"urlTemplate\":\"https:\\\/\\\/www.talidesign.eu\\\/et\\\/?s={search_term_string}\"},\"query-input\":{\"@type\":\"PropertyValueSpecification\",\"valueRequired\":true,\"valueName\":\"search_term_string\"}}],\"inLanguage\":\"et\"}]}<\/script>\n<!-- \/ Yoast SEO plugin. -->","yoast_head_json":{"title":"H\u00fcbsch Acorn Nagi Natural - TALI Concept Store","description":"Avasta H\u00fcbsch Acorn Nagi Natural - minimalistlik ja ajatu disainiga tammest nagi, mis sobib igasse tuppa. Br\u00e4nd H\u00fcbsch - Skandinaavia juhtiv sisustusbr\u00e4nd.","robots":{"index":"index","follow":"follow","max-snippet":"max-snippet:-1","max-image-preview":"max-image-preview:large","max-video-preview":"max-video-preview:-1"},"canonical":"https:\/\/www.talidesign.eu\/et\/pood\/toode\/hubsch-acorn-nagi-natural\/","og_locale":"et_EE","og_type":"article","og_title":"H\u00fcbsch Acorn Nagi Natural - TALI Concept Store","og_description":"Avasta H\u00fcbsch Acorn Nagi Natural - minimalistlik ja ajatu disainiga tammest nagi, mis sobib igasse tuppa. Br\u00e4nd H\u00fcbsch - Skandinaavia juhtiv sisustusbr\u00e4nd.","og_url":"https:\/\/www.talidesign.eu\/et\/pood\/toode\/hubsch-acorn-nagi-natural\/","og_site_name":"TALI Concept Store","article_publisher":"https:\/\/www.facebook.com\/TaliDisain\/","article_modified_time":"2023-08-24T11:24:01+00:00","og_image":[{"width":800,"height":800,"url":"https:\/\/www.talidesign.eu\/wp\/wp-content\/uploads\/2022\/06\/hubsch-acorn-knob-natural.jpg","type":"image\/jpeg"}],"twitter_card":"summary_large_image","twitter_misc":{"Est. reading time":"1 minute"},"schema":{"@context":"https:\/\/schema.org","@graph":[{"@type":"WebPage","@id":"https:\/\/www.talidesign.eu\/et\/pood\/toode\/hubsch-acorn-nagi-natural\/","url":"https:\/\/www.talidesign.eu\/et\/pood\/toode\/hubsch-acorn-nagi-natural\/","name":"H\u00fcbsch Acorn Nagi Natural - TALI Concept Store","isPartOf":{"@id":"https:\/\/www.talidesign.eu\/et\/#website"},"primaryImageOfPage":{"@id":"https:\/\/www.talidesign.eu\/et\/pood\/toode\/hubsch-acorn-nagi-natural\/#primaryimage"},"image":{"@id":"https:\/\/www.talidesign.eu\/et\/pood\/toode\/hubsch-acorn-nagi-natural\/#primaryimage"},"thumbnailUrl":"https:\/\/www.talidesign.eu\/wp\/wp-content\/uploads\/2022\/06\/hubsch-acorn-knob-natural.jpg","datePublished":"2022-06-29T17:44:45+00:00","dateModified":"2023-08-24T11:24:01+00:00","description":"Avasta H\u00fcbsch Acorn Nagi Natural - minimalistlik ja ajatu disainiga tammest nagi, mis sobib igasse tuppa. Br\u00e4nd H\u00fcbsch - Skandinaavia juhtiv sisustusbr\u00e4nd.","breadcrumb":{"@id":"https:\/\/www.talidesign.eu\/et\/pood\/toode\/hubsch-acorn-nagi-natural\/#breadcrumb"},"inLanguage":"et","potentialAction":[{"@type":"ReadAction","target":["https:\/\/www.talidesign.eu\/et\/pood\/toode\/hubsch-acorn-nagi-natural\/"]}]},{"@type":"ImageObject","inLanguage":"et","@id":"https:\/\/www.talidesign.eu\/et\/pood\/toode\/hubsch-acorn-nagi-natural\/#primaryimage","url":"https:\/\/www.talidesign.eu\/wp\/wp-content\/uploads\/2022\/06\/hubsch-acorn-knob-natural.jpg","contentUrl":"https:\/\/www.talidesign.eu\/wp\/wp-content\/uploads\/2022\/06\/hubsch-acorn-knob-natural.jpg","width":800,"height":800},{"@type":"BreadcrumbList","@id":"https:\/\/www.talidesign.eu\/et\/pood\/toode\/hubsch-acorn-nagi-natural\/#breadcrumb","itemListElement":[{"@type":"ListItem","position":1,"name":"Avaleht","item":"https:\/\/www.talidesign.eu\/et\/"},{"@type":"ListItem","position":2,"name":"Pood","item":"https:\/\/www.talidesign.eu\/et\/pood\/"},{"@type":"ListItem","position":3,"name":"H\u00fcbsch Acorn Nagi Natural"}]},{"@type":"WebSite","@id":"https:\/\/www.talidesign.eu\/et\/#website","url":"https:\/\/www.talidesign.eu\/et\/","name":"TALI Concept Store","description":"Suurim Disainipood Eestis","potentialAction":[{"@type":"SearchAction","target":{"@type":"EntryPoint","urlTemplate":"https:\/\/www.talidesign.eu\/et\/?s={search_term_string}"},"query-input":{"@type":"PropertyValueSpecification","valueRequired":true,"valueName":"search_term_string"}}],"inLanguage":"et"}]}},"_links":{"self":[{"href":"https:\/\/www.talidesign.eu\/et\/wp-json\/wp\/v2\/product\/58211","targetHints":{"allow":["GET"]}}],"collection":[{"href":"https:\/\/www.talidesign.eu\/et\/wp-json\/wp\/v2\/product"}],"about":[{"href":"https:\/\/www.talidesign.eu\/et\/wp-json\/wp\/v2\/types\/product"}],"wp:featuredmedia":[{"embeddable":true,"href":"https:\/\/www.talidesign.eu\/et\/wp-json\/wp\/v2\/media\/58219"}],"wp:attachment":[{"href":"https:\/\/www.talidesign.eu\/et\/wp-json\/wp\/v2\/media?parent=58211"}],"wp:term":[{"taxonomy":"product_brand","embeddable":true,"href":"https:\/\/www.talidesign.eu\/et\/wp-json\/wp\/v2\/product_brand?post=58211"},{"taxonomy":"product_cat","embeddable":true,"href":"https:\/\/www.talidesign.eu\/et\/wp-json\/wp\/v2\/product_cat?post=58211"},{"taxonomy":"product_tag","embeddable":true,"href":"https:\/\/www.talidesign.eu\/et\/wp-json\/wp\/v2\/product_tag?post=58211"}],"curies":[{"name":"wp","href":"https:\/\/api.w.org\/{rel}","templated":true}]}}