{"id":58699,"date":"2022-07-04T23:29:36","date_gmt":"2022-07-04T20:29:36","guid":{"rendered":"https:\/\/www.talidesign.eu\/?post_type=product&#038;p=58699"},"modified":"2024-04-25T16:59:15","modified_gmt":"2024-04-25T13:59:15","slug":"rains-seljakott-wood","status":"publish","type":"product","link":"https:\/\/www.talidesign.eu\/et\/pood\/toode\/rains-seljakott-wood\/","title":{"rendered":"Rains Seljakott Wood"},"content":{"rendered":"<p><strong>Seljakott Wood<\/strong><\/p>\n<p>Rains Backpack on trendikas seljakott, mis \u00fchendab endas moekuse ning funktsionaalsuse. Kott on valmistatud Rains signatuur veekindlast vastupidavast materjalist. Seljakott on universaalne ja sobib nii mehele kui naisele. Tegemist on Rains k\u00f5ige populaarsema mudeliga.<\/p>\n<p>Koti sees on suurem \u201cruum\u201d kuhu saab kinnitada laptop arvuti. Kott sulgeb ning avaneb koti peal oleva karabiinkinnitusega. <\/p>\n<p>Reguleeritavad sangad tagavad mugavuse ja tagaosas \u201cpeidetud\u201d salajane telefoni tasku mis hoiab telefoni kuivana.<\/p>\n<p>\u2022 <a href=\"\/et\/tootekategooria\/brandid\/rains-et\/\">Br\u00e4nd Rains<\/a><br \/>\n\u2022 M\u00f5\u00f5dud: K48 x L30 x S12 cm<br \/>\n\u2022 Maht: 13 L<br \/>\n\u2022 Materjal: 100% pol\u00fcuretaankattega pol\u00fcester<br \/>\n\u2022 Veepidavus: 8000 mm<\/p>\n<div style=\"width: 300px;\" class=\"wp-video\"><video class=\"wp-video-shortcode\" id=\"video-58699-1\" width=\"300\" height=\"360\" loop autoplay preload=\"metadata\" controls=\"controls\"><source type=\"video\/mp4\" src=\"https:\/\/www.talidesign.eu\/wp\/wp-content\/uploads\/2020\/10\/c4a96428506346f293290225a2b6c141.HD-1080p-2.5Mbps.mp4?_=1\" \/><a href=\"https:\/\/www.talidesign.eu\/wp\/wp-content\/uploads\/2020\/10\/c4a96428506346f293290225a2b6c141.HD-1080p-2.5Mbps.mp4\">https:\/\/www.talidesign.eu\/wp\/wp-content\/uploads\/2020\/10\/c4a96428506346f293290225a2b6c141.HD-1080p-2.5Mbps.mp4<\/a><\/video><\/div>\n<p>&nbsp;<br \/>\n<strong>Rains<\/strong> on k\u00f5rgekvaliteetne Taani moebr\u00e4nd, mis on keskendunud oma toodangus just p\u00f5hjamaisele k\u00fclmale ja vihmasele kliimale. K\u00f5ik tooted on valmistatud 100% vegan, veekindlast ja kauakestvast materjalist. Rains vihmajoped, talvejoped ja seljakotid on \u00fcldjuhul unisex ja sobivad kandmiseks nii meestele kui naistele. Rainsi esteetikas on p\u00fcsivaks alatooniks skandinaavialik lihtsus ja minimalism.<br \/>\n<a href=\"\/et\/tootekategooria\/brandid\/rains-et\/\"><img loading=\"lazy\" decoding=\"async\" src=\"https:\/\/www.talidesign.eu\/wp\/wp-content\/uploads\/2021\/02\/logo-3.jpg\" alt=\"\" width=\"500\" height=\"100\" class=\"alignnone size-full wp-image-24515\" \/><\/a><\/p>\n","protected":false},"excerpt":{"rendered":"<p><strong>Seljakott Wood<\/strong><\/p>\n<p>Rains Backpack on trendikas seljakott, mis \u00fchendab endas moekuse ning funktsionaalsuse. Kott on valmistatud Rains signatuur veekindlast vastupidavast materjalist. Seljakott on universaalne ja sobib nii mehele kui naisele. Tegemist on Rains k\u00f5ige populaarsema mudeliga.<\/p>\n<p>Koti sees on suurem \u201cruum\u201d kuhu saab kinnitada laptop arvuti. Kott sulgeb ning avaneb koti peal oleva karabiinkinnitusega. <\/p>\n<p>Reguleeritavad sangad tagavad mugavuse ja tagaosas \u201cpeidetud\u201d salajane telefoni tasku mis hoiab telefoni kuivana.<\/p>\n<p>\u2022 <a href=\"\/et\/tootekategooria\/brandid\/rains-et\/\">Br\u00e4nd Rains<\/a><br \/>\n\u2022 M\u00f5\u00f5dud: K48 x L30 x S12 cm<br \/>\n\u2022 Maht: 13 L<br \/>\n\u2022 Materjal: 100% pol\u00fcuretaankattega pol\u00fcester<br \/>\n\u2022 Veepidavus: 8000 mm<\/p>\n<div style=\"width: 300px;\" class=\"wp-video\"><video class=\"wp-video-shortcode\" id=\"video-58699-2\" width=\"300\" height=\"360\" loop autoplay preload=\"metadata\" controls=\"controls\"><source type=\"video\/mp4\" src=\"https:\/\/www.talidesign.eu\/wp\/wp-content\/uploads\/2020\/10\/c4a96428506346f293290225a2b6c141.HD-1080p-2.5Mbps.mp4?_=2\" \/><a href=\"https:\/\/www.talidesign.eu\/wp\/wp-content\/uploads\/2020\/10\/c4a96428506346f293290225a2b6c141.HD-1080p-2.5Mbps.mp4\">https:\/\/www.talidesign.eu\/wp\/wp-content\/uploads\/2020\/10\/c4a96428506346f293290225a2b6c141.HD-1080p-2.5Mbps.mp4<\/a><\/video><\/div>\n<p>&nbsp;<br \/>\n<strong>Rains<\/strong> on k\u00f5rgekvaliteetne Taani moebr\u00e4nd, mis on keskendunud oma toodangus just p\u00f5hjamaisele k\u00fclmale ja vihmasele kliimale. K\u00f5ik tooted on valmistatud 100% vegan, veekindlast ja kauakestvast materjalist. Rains vihmajoped, talvejoped ja seljakotid on \u00fcldjuhul unisex ja sobivad kandmiseks nii meestele kui naistele. Rainsi esteetikas on p\u00fcsivaks alatooniks skandinaavialik lihtsus ja minimalism.<br \/>\n<a href=\"\/et\/tootekategooria\/brandid\/rains-et\/\"><img loading=\"lazy\" decoding=\"async\" src=\"https:\/\/www.talidesign.eu\/wp\/wp-content\/uploads\/2021\/02\/logo-3.jpg\" alt=\"\" width=\"500\" height=\"100\" class=\"alignnone size-full wp-image-24515\" \/><\/a><\/p>\n","protected":false},"featured_media":58701,"template":"","meta":[],"product_brand":[],"product_cat":[1177,1131,1113,1075],"product_tag":[1446],"class_list":{"0":"post-58699","1":"product","2":"type-product","3":"status-publish","4":"has-post-thumbnail","6":"product_cat-allahindlus","7":"product_cat-naiste-kotid","8":"product_cat-kotid","9":"product_cat-rains-et","10":"product_tag-rains-et","12":"first","13":"outofstock","14":"sale","15":"taxable","16":"shipping-taxable","17":"purchasable","18":"product-type-simple"},"yoast_head":"<!-- This site is optimized with the Yoast SEO plugin v27.3 - https:\/\/yoast.com\/product\/yoast-seo-wordpress\/ -->\n<title>Rains Seljakott Wood - TALI Concept Store<\/title>\n<meta name=\"description\" content=\"Rains Seljakott Wood - trendikas ja funktsionaalne seljakott, mis sobib nii meestele kui naistele. Valmistatud veekindlast materjalist. Tutvu l\u00e4hemalt!\" \/>\n<meta name=\"robots\" content=\"index, follow, max-snippet:-1, max-image-preview:large, max-video-preview:-1\" \/>\n<link rel=\"canonical\" href=\"https:\/\/www.talidesign.eu\/et\/pood\/toode\/rains-seljakott-wood\/\" \/>\n<meta property=\"og:locale\" content=\"et_EE\" \/>\n<meta property=\"og:type\" content=\"article\" \/>\n<meta property=\"og:title\" content=\"Rains Seljakott Wood - TALI Concept Store\" \/>\n<meta property=\"og:description\" content=\"Rains Seljakott Wood - trendikas ja funktsionaalne seljakott, mis sobib nii meestele kui naistele. Valmistatud veekindlast materjalist. Tutvu l\u00e4hemalt!\" \/>\n<meta property=\"og:url\" content=\"https:\/\/www.talidesign.eu\/et\/pood\/toode\/rains-seljakott-wood\/\" \/>\n<meta property=\"og:site_name\" content=\"TALI Concept Store\" \/>\n<meta property=\"article:publisher\" content=\"https:\/\/www.facebook.com\/TaliDisain\/\" \/>\n<meta property=\"article:modified_time\" content=\"2024-04-25T13:59:15+00:00\" \/>\n<meta property=\"og:image\" content=\"https:\/\/www.talidesign.eu\/wp\/wp-content\/uploads\/2022\/07\/rains-backpack-wood.jpg\" \/>\n\t<meta property=\"og:image:width\" content=\"768\" \/>\n\t<meta property=\"og:image:height\" content=\"768\" \/>\n\t<meta property=\"og:image:type\" content=\"image\/jpeg\" \/>\n<meta name=\"twitter:card\" content=\"summary_large_image\" \/>\n<meta name=\"twitter:label1\" content=\"Est. reading time\" \/>\n\t<meta name=\"twitter:data1\" content=\"1 minute\" \/>\n<script type=\"application\/ld+json\" class=\"yoast-schema-graph\">{\"@context\":\"https:\\\/\\\/schema.org\",\"@graph\":[{\"@type\":\"WebPage\",\"@id\":\"https:\\\/\\\/www.talidesign.eu\\\/et\\\/pood\\\/toode\\\/rains-seljakott-wood\\\/\",\"url\":\"https:\\\/\\\/www.talidesign.eu\\\/et\\\/pood\\\/toode\\\/rains-seljakott-wood\\\/\",\"name\":\"Rains Seljakott Wood - TALI Concept Store\",\"isPartOf\":{\"@id\":\"https:\\\/\\\/www.talidesign.eu\\\/et\\\/#website\"},\"primaryImageOfPage\":{\"@id\":\"https:\\\/\\\/www.talidesign.eu\\\/et\\\/pood\\\/toode\\\/rains-seljakott-wood\\\/#primaryimage\"},\"image\":{\"@id\":\"https:\\\/\\\/www.talidesign.eu\\\/et\\\/pood\\\/toode\\\/rains-seljakott-wood\\\/#primaryimage\"},\"thumbnailUrl\":\"https:\\\/\\\/www.talidesign.eu\\\/wp\\\/wp-content\\\/uploads\\\/2022\\\/07\\\/rains-backpack-wood.jpg\",\"datePublished\":\"2022-07-04T20:29:36+00:00\",\"dateModified\":\"2024-04-25T13:59:15+00:00\",\"description\":\"Rains Seljakott Wood - trendikas ja funktsionaalne seljakott, mis sobib nii meestele kui naistele. Valmistatud veekindlast materjalist. Tutvu l\u00e4hemalt!\",\"breadcrumb\":{\"@id\":\"https:\\\/\\\/www.talidesign.eu\\\/et\\\/pood\\\/toode\\\/rains-seljakott-wood\\\/#breadcrumb\"},\"inLanguage\":\"et\",\"potentialAction\":[{\"@type\":\"ReadAction\",\"target\":[\"https:\\\/\\\/www.talidesign.eu\\\/et\\\/pood\\\/toode\\\/rains-seljakott-wood\\\/\"]}]},{\"@type\":\"ImageObject\",\"inLanguage\":\"et\",\"@id\":\"https:\\\/\\\/www.talidesign.eu\\\/et\\\/pood\\\/toode\\\/rains-seljakott-wood\\\/#primaryimage\",\"url\":\"https:\\\/\\\/www.talidesign.eu\\\/wp\\\/wp-content\\\/uploads\\\/2022\\\/07\\\/rains-backpack-wood.jpg\",\"contentUrl\":\"https:\\\/\\\/www.talidesign.eu\\\/wp\\\/wp-content\\\/uploads\\\/2022\\\/07\\\/rains-backpack-wood.jpg\",\"width\":768,\"height\":768},{\"@type\":\"BreadcrumbList\",\"@id\":\"https:\\\/\\\/www.talidesign.eu\\\/et\\\/pood\\\/toode\\\/rains-seljakott-wood\\\/#breadcrumb\",\"itemListElement\":[{\"@type\":\"ListItem\",\"position\":1,\"name\":\"Avaleht\",\"item\":\"https:\\\/\\\/www.talidesign.eu\\\/et\\\/\"},{\"@type\":\"ListItem\",\"position\":2,\"name\":\"Pood\",\"item\":\"https:\\\/\\\/www.talidesign.eu\\\/et\\\/pood\\\/\"},{\"@type\":\"ListItem\",\"position\":3,\"name\":\"Rains Seljakott Wood\"}]},{\"@type\":\"WebSite\",\"@id\":\"https:\\\/\\\/www.talidesign.eu\\\/et\\\/#website\",\"url\":\"https:\\\/\\\/www.talidesign.eu\\\/et\\\/\",\"name\":\"TALI Concept Store\",\"description\":\"Suurim Disainipood Eestis\",\"potentialAction\":[{\"@type\":\"SearchAction\",\"target\":{\"@type\":\"EntryPoint\",\"urlTemplate\":\"https:\\\/\\\/www.talidesign.eu\\\/et\\\/?s={search_term_string}\"},\"query-input\":{\"@type\":\"PropertyValueSpecification\",\"valueRequired\":true,\"valueName\":\"search_term_string\"}}],\"inLanguage\":\"et\"}]}<\/script>\n<!-- \/ Yoast SEO plugin. -->","yoast_head_json":{"title":"Rains Seljakott Wood - TALI Concept Store","description":"Rains Seljakott Wood - trendikas ja funktsionaalne seljakott, mis sobib nii meestele kui naistele. Valmistatud veekindlast materjalist. Tutvu l\u00e4hemalt!","robots":{"index":"index","follow":"follow","max-snippet":"max-snippet:-1","max-image-preview":"max-image-preview:large","max-video-preview":"max-video-preview:-1"},"canonical":"https:\/\/www.talidesign.eu\/et\/pood\/toode\/rains-seljakott-wood\/","og_locale":"et_EE","og_type":"article","og_title":"Rains Seljakott Wood - TALI Concept Store","og_description":"Rains Seljakott Wood - trendikas ja funktsionaalne seljakott, mis sobib nii meestele kui naistele. Valmistatud veekindlast materjalist. Tutvu l\u00e4hemalt!","og_url":"https:\/\/www.talidesign.eu\/et\/pood\/toode\/rains-seljakott-wood\/","og_site_name":"TALI Concept Store","article_publisher":"https:\/\/www.facebook.com\/TaliDisain\/","article_modified_time":"2024-04-25T13:59:15+00:00","og_image":[{"width":768,"height":768,"url":"https:\/\/www.talidesign.eu\/wp\/wp-content\/uploads\/2022\/07\/rains-backpack-wood.jpg","type":"image\/jpeg"}],"twitter_card":"summary_large_image","twitter_misc":{"Est. reading time":"1 minute"},"schema":{"@context":"https:\/\/schema.org","@graph":[{"@type":"WebPage","@id":"https:\/\/www.talidesign.eu\/et\/pood\/toode\/rains-seljakott-wood\/","url":"https:\/\/www.talidesign.eu\/et\/pood\/toode\/rains-seljakott-wood\/","name":"Rains Seljakott Wood - TALI Concept Store","isPartOf":{"@id":"https:\/\/www.talidesign.eu\/et\/#website"},"primaryImageOfPage":{"@id":"https:\/\/www.talidesign.eu\/et\/pood\/toode\/rains-seljakott-wood\/#primaryimage"},"image":{"@id":"https:\/\/www.talidesign.eu\/et\/pood\/toode\/rains-seljakott-wood\/#primaryimage"},"thumbnailUrl":"https:\/\/www.talidesign.eu\/wp\/wp-content\/uploads\/2022\/07\/rains-backpack-wood.jpg","datePublished":"2022-07-04T20:29:36+00:00","dateModified":"2024-04-25T13:59:15+00:00","description":"Rains Seljakott Wood - trendikas ja funktsionaalne seljakott, mis sobib nii meestele kui naistele. Valmistatud veekindlast materjalist. Tutvu l\u00e4hemalt!","breadcrumb":{"@id":"https:\/\/www.talidesign.eu\/et\/pood\/toode\/rains-seljakott-wood\/#breadcrumb"},"inLanguage":"et","potentialAction":[{"@type":"ReadAction","target":["https:\/\/www.talidesign.eu\/et\/pood\/toode\/rains-seljakott-wood\/"]}]},{"@type":"ImageObject","inLanguage":"et","@id":"https:\/\/www.talidesign.eu\/et\/pood\/toode\/rains-seljakott-wood\/#primaryimage","url":"https:\/\/www.talidesign.eu\/wp\/wp-content\/uploads\/2022\/07\/rains-backpack-wood.jpg","contentUrl":"https:\/\/www.talidesign.eu\/wp\/wp-content\/uploads\/2022\/07\/rains-backpack-wood.jpg","width":768,"height":768},{"@type":"BreadcrumbList","@id":"https:\/\/www.talidesign.eu\/et\/pood\/toode\/rains-seljakott-wood\/#breadcrumb","itemListElement":[{"@type":"ListItem","position":1,"name":"Avaleht","item":"https:\/\/www.talidesign.eu\/et\/"},{"@type":"ListItem","position":2,"name":"Pood","item":"https:\/\/www.talidesign.eu\/et\/pood\/"},{"@type":"ListItem","position":3,"name":"Rains Seljakott Wood"}]},{"@type":"WebSite","@id":"https:\/\/www.talidesign.eu\/et\/#website","url":"https:\/\/www.talidesign.eu\/et\/","name":"TALI Concept Store","description":"Suurim Disainipood Eestis","potentialAction":[{"@type":"SearchAction","target":{"@type":"EntryPoint","urlTemplate":"https:\/\/www.talidesign.eu\/et\/?s={search_term_string}"},"query-input":{"@type":"PropertyValueSpecification","valueRequired":true,"valueName":"search_term_string"}}],"inLanguage":"et"}]}},"_links":{"self":[{"href":"https:\/\/www.talidesign.eu\/et\/wp-json\/wp\/v2\/product\/58699","targetHints":{"allow":["GET"]}}],"collection":[{"href":"https:\/\/www.talidesign.eu\/et\/wp-json\/wp\/v2\/product"}],"about":[{"href":"https:\/\/www.talidesign.eu\/et\/wp-json\/wp\/v2\/types\/product"}],"wp:featuredmedia":[{"embeddable":true,"href":"https:\/\/www.talidesign.eu\/et\/wp-json\/wp\/v2\/media\/58701"}],"wp:attachment":[{"href":"https:\/\/www.talidesign.eu\/et\/wp-json\/wp\/v2\/media?parent=58699"}],"wp:term":[{"taxonomy":"product_brand","embeddable":true,"href":"https:\/\/www.talidesign.eu\/et\/wp-json\/wp\/v2\/product_brand?post=58699"},{"taxonomy":"product_cat","embeddable":true,"href":"https:\/\/www.talidesign.eu\/et\/wp-json\/wp\/v2\/product_cat?post=58699"},{"taxonomy":"product_tag","embeddable":true,"href":"https:\/\/www.talidesign.eu\/et\/wp-json\/wp\/v2\/product_tag?post=58699"}],"curies":[{"name":"wp","href":"https:\/\/api.w.org\/{rel}","templated":true}]}}