{"id":58725,"date":"2022-07-04T23:45:52","date_gmt":"2022-07-04T20:45:52","guid":{"rendered":"https:\/\/www.talidesign.eu\/?post_type=product&#038;p=58725"},"modified":"2023-02-16T13:13:02","modified_gmt":"2023-02-16T11:13:02","slug":"rains-reisikott-wood","status":"publish","type":"product","link":"https:\/\/www.talidesign.eu\/et\/pood\/toode\/rains-reisikott-wood\/","title":{"rendered":"Rains Reisikott Wood"},"content":{"rendered":"<p><strong>Reisikott Wood<\/strong><\/p>\n<p>Rains Weekend Bag on br\u00e4ndi t\u00f5lgendus klassikalisest reisikotist. Tegemist on Rains signatuur kotiga, millel on \u00fcks suur sahtel, tugevdatud kanderihmad, eemaldatav \u00f5larihm ja reguleeritavad rihmad k\u00fclgedel. Kott on valmistatud veekindlast mati viimistlusega materjalist ning kahepoolselt veekindla lukuga. Rains on arvamusel, et n\u00f5uetekohane riietus ei pea tulema ilusa disaini arvelt.<\/p>\n<p>Rains Weekend Bag \u2013 meeste ja naiste trenni- ja reisikott<\/p>\n<p>\u2022 <a href=\"\/et\/tootekategooria\/brandid\/rains-et\/\">Br\u00e4nd Rains<\/a><br \/>\n\u2022 Kotil on \u00fcks suur sahtel<br \/>\n\u2022 M\u00f5\u00f5dud: k\u00f5rgus 27 cm x pikkus 52 cm x laius 26 cm<br \/>\n\u2022 Mahutavus: 37 liitrit<br \/>\n\u2022 Materjal: 100% pol\u00fcuretaankattega pol\u00fcester<br \/>\n\u2022 Materjali r\u00f5hutaluvus: 8000 mm<br \/>\n\u2022 Veekindel lukk<br \/>\n\u2022 Reguleeritav \u00f5larihm<\/p>\n<p><strong>Rains<\/strong> on k\u00f5rgekvaliteetne Taani moebr\u00e4nd, mis on keskendunud oma toodangus just p\u00f5hjamaisele k\u00fclmale ja vihmasele kliimale. K\u00f5ik tooted on valmistatud 100% vegan, veekindlast ja kauakestvast materjalist. Rains vihmajoped, talvejoped ja seljakotid on \u00fcldjuhul unisex ja sobivad kandmiseks nii meestele kui naistele. Rainsi esteetikas on p\u00fcsivaks alatooniks skandinaavialik lihtsus ja minimalism.<br \/>\n<a href=\"\/et\/tootekategooria\/brandid\/rains-et\/\"><img loading=\"lazy\" decoding=\"async\" src=\"https:\/\/www.talidesign.eu\/wp\/wp-content\/uploads\/2021\/02\/logo-3.jpg\" alt=\"\" width=\"500\" height=\"100\" class=\"alignnone size-full wp-image-24515\" \/><\/a><\/p>\n","protected":false},"excerpt":{"rendered":"<p><strong>Reisikott Wood<\/strong><\/p>\n<p>Rains Weekend Bag on br\u00e4ndi t\u00f5lgendus klassikalisest reisikotist. Tegemist on Rains signatuur kotiga, millel on \u00fcks suur sahtel, tugevdatud kanderihmad, eemaldatav \u00f5larihm ja reguleeritavad rihmad k\u00fclgedel. Kott on valmistatud veekindlast mati viimistlusega materjalist ning kahepoolselt veekindla lukuga. Rains on arvamusel, et n\u00f5uetekohane riietus ei pea tulema ilusa disaini arvelt.<\/p>\n<p>Rains Weekend Bag \u2013 meeste ja naiste trenni- ja reisikott<\/p>\n<p>\u2022 <a href=\"\/et\/tootekategooria\/brandid\/rains-et\/\">Br\u00e4nd Rains<\/a><br \/>\n\u2022 Kotil on \u00fcks suur sahtel<br \/>\n\u2022 M\u00f5\u00f5dud: k\u00f5rgus 27 cm x pikkus 52 cm x laius 26 cm<br \/>\n\u2022 Mahutavus: 37 liitrit<br \/>\n\u2022 Materjal: 100% pol\u00fcuretaankattega pol\u00fcester<br \/>\n\u2022 Materjali r\u00f5hutaluvus: 8000 mm<br \/>\n\u2022 Veekindel lukk<br \/>\n\u2022 Reguleeritav \u00f5larihm<\/p>\n<p><strong>Rains<\/strong> on k\u00f5rgekvaliteetne Taani moebr\u00e4nd, mis on keskendunud oma toodangus just p\u00f5hjamaisele k\u00fclmale ja vihmasele kliimale. K\u00f5ik tooted on valmistatud 100% vegan, veekindlast ja kauakestvast materjalist. Rains vihmajoped, talvejoped ja seljakotid on \u00fcldjuhul unisex ja sobivad kandmiseks nii meestele kui naistele. Rainsi esteetikas on p\u00fcsivaks alatooniks skandinaavialik lihtsus ja minimalism.<br \/>\n<a href=\"\/et\/tootekategooria\/brandid\/rains-et\/\"><img loading=\"lazy\" decoding=\"async\" src=\"https:\/\/www.talidesign.eu\/wp\/wp-content\/uploads\/2021\/02\/logo-3.jpg\" alt=\"\" width=\"500\" height=\"100\" class=\"alignnone size-full wp-image-24515\" \/><\/a><\/p>\n","protected":false},"featured_media":58727,"template":"","meta":[],"product_brand":[],"product_cat":[1026,1113,1131,1075],"product_tag":[1446],"class_list":{"0":"post-58725","1":"product","2":"type-product","3":"status-publish","4":"has-post-thumbnail","6":"product_cat-brandid","7":"product_cat-kotid","8":"product_cat-naiste-kotid","9":"product_cat-rains-et","10":"product_tag-rains-et","12":"first","13":"outofstock","14":"taxable","15":"shipping-taxable","16":"purchasable","17":"product-type-simple"},"yoast_head":"<!-- This site is optimized with the Yoast SEO plugin v27.3 - https:\/\/yoast.com\/product\/yoast-seo-wordpress\/ -->\n<title>Rains Reisikott Wood - TALI Concept Store<\/title>\n<meta name=\"description\" content=\"Rains Reisikott Wood - veekindel ja vastupidav reisikott, mis on valmistatud kvaliteetsest materjalist. Sobib ideaalselt meestele ja naistele. Tutvu l\u00e4hemalt!\" \/>\n<meta name=\"robots\" content=\"index, follow, max-snippet:-1, max-image-preview:large, max-video-preview:-1\" \/>\n<link rel=\"canonical\" href=\"https:\/\/www.talidesign.eu\/et\/pood\/toode\/rains-reisikott-wood\/\" \/>\n<meta property=\"og:locale\" content=\"et_EE\" \/>\n<meta property=\"og:type\" content=\"article\" \/>\n<meta property=\"og:title\" content=\"Rains Reisikott Wood - TALI Concept Store\" \/>\n<meta property=\"og:description\" content=\"Rains Reisikott Wood - veekindel ja vastupidav reisikott, mis on valmistatud kvaliteetsest materjalist. Sobib ideaalselt meestele ja naistele. Tutvu l\u00e4hemalt!\" \/>\n<meta property=\"og:url\" content=\"https:\/\/www.talidesign.eu\/et\/pood\/toode\/rains-reisikott-wood\/\" \/>\n<meta property=\"og:site_name\" content=\"TALI Concept Store\" \/>\n<meta property=\"article:publisher\" content=\"https:\/\/www.facebook.com\/TaliDisain\/\" \/>\n<meta property=\"article:modified_time\" content=\"2023-02-16T11:13:02+00:00\" \/>\n<meta property=\"og:image\" content=\"https:\/\/www.talidesign.eu\/wp\/wp-content\/uploads\/2022\/07\/rains-weekend-bag-wood.jpg\" \/>\n\t<meta property=\"og:image:width\" content=\"768\" \/>\n\t<meta property=\"og:image:height\" content=\"768\" \/>\n\t<meta property=\"og:image:type\" content=\"image\/jpeg\" \/>\n<meta name=\"twitter:card\" content=\"summary_large_image\" \/>\n<meta name=\"twitter:label1\" content=\"Est. reading time\" \/>\n\t<meta name=\"twitter:data1\" content=\"1 minute\" \/>\n<script type=\"application\/ld+json\" class=\"yoast-schema-graph\">{\"@context\":\"https:\\\/\\\/schema.org\",\"@graph\":[{\"@type\":\"WebPage\",\"@id\":\"https:\\\/\\\/www.talidesign.eu\\\/et\\\/pood\\\/toode\\\/rains-reisikott-wood\\\/\",\"url\":\"https:\\\/\\\/www.talidesign.eu\\\/et\\\/pood\\\/toode\\\/rains-reisikott-wood\\\/\",\"name\":\"Rains Reisikott Wood - TALI Concept Store\",\"isPartOf\":{\"@id\":\"https:\\\/\\\/www.talidesign.eu\\\/et\\\/#website\"},\"primaryImageOfPage\":{\"@id\":\"https:\\\/\\\/www.talidesign.eu\\\/et\\\/pood\\\/toode\\\/rains-reisikott-wood\\\/#primaryimage\"},\"image\":{\"@id\":\"https:\\\/\\\/www.talidesign.eu\\\/et\\\/pood\\\/toode\\\/rains-reisikott-wood\\\/#primaryimage\"},\"thumbnailUrl\":\"https:\\\/\\\/www.talidesign.eu\\\/wp\\\/wp-content\\\/uploads\\\/2022\\\/07\\\/rains-weekend-bag-wood.jpg\",\"datePublished\":\"2022-07-04T20:45:52+00:00\",\"dateModified\":\"2023-02-16T11:13:02+00:00\",\"description\":\"Rains Reisikott Wood - veekindel ja vastupidav reisikott, mis on valmistatud kvaliteetsest materjalist. Sobib ideaalselt meestele ja naistele. Tutvu l\u00e4hemalt!\",\"breadcrumb\":{\"@id\":\"https:\\\/\\\/www.talidesign.eu\\\/et\\\/pood\\\/toode\\\/rains-reisikott-wood\\\/#breadcrumb\"},\"inLanguage\":\"et\",\"potentialAction\":[{\"@type\":\"ReadAction\",\"target\":[\"https:\\\/\\\/www.talidesign.eu\\\/et\\\/pood\\\/toode\\\/rains-reisikott-wood\\\/\"]}]},{\"@type\":\"ImageObject\",\"inLanguage\":\"et\",\"@id\":\"https:\\\/\\\/www.talidesign.eu\\\/et\\\/pood\\\/toode\\\/rains-reisikott-wood\\\/#primaryimage\",\"url\":\"https:\\\/\\\/www.talidesign.eu\\\/wp\\\/wp-content\\\/uploads\\\/2022\\\/07\\\/rains-weekend-bag-wood.jpg\",\"contentUrl\":\"https:\\\/\\\/www.talidesign.eu\\\/wp\\\/wp-content\\\/uploads\\\/2022\\\/07\\\/rains-weekend-bag-wood.jpg\",\"width\":768,\"height\":768},{\"@type\":\"BreadcrumbList\",\"@id\":\"https:\\\/\\\/www.talidesign.eu\\\/et\\\/pood\\\/toode\\\/rains-reisikott-wood\\\/#breadcrumb\",\"itemListElement\":[{\"@type\":\"ListItem\",\"position\":1,\"name\":\"Avaleht\",\"item\":\"https:\\\/\\\/www.talidesign.eu\\\/et\\\/\"},{\"@type\":\"ListItem\",\"position\":2,\"name\":\"Pood\",\"item\":\"https:\\\/\\\/www.talidesign.eu\\\/et\\\/pood\\\/\"},{\"@type\":\"ListItem\",\"position\":3,\"name\":\"Rains Reisikott Wood\"}]},{\"@type\":\"WebSite\",\"@id\":\"https:\\\/\\\/www.talidesign.eu\\\/et\\\/#website\",\"url\":\"https:\\\/\\\/www.talidesign.eu\\\/et\\\/\",\"name\":\"TALI Concept Store\",\"description\":\"Suurim Disainipood Eestis\",\"potentialAction\":[{\"@type\":\"SearchAction\",\"target\":{\"@type\":\"EntryPoint\",\"urlTemplate\":\"https:\\\/\\\/www.talidesign.eu\\\/et\\\/?s={search_term_string}\"},\"query-input\":{\"@type\":\"PropertyValueSpecification\",\"valueRequired\":true,\"valueName\":\"search_term_string\"}}],\"inLanguage\":\"et\"}]}<\/script>\n<!-- \/ Yoast SEO plugin. -->","yoast_head_json":{"title":"Rains Reisikott Wood - TALI Concept Store","description":"Rains Reisikott Wood - veekindel ja vastupidav reisikott, mis on valmistatud kvaliteetsest materjalist. Sobib ideaalselt meestele ja naistele. Tutvu l\u00e4hemalt!","robots":{"index":"index","follow":"follow","max-snippet":"max-snippet:-1","max-image-preview":"max-image-preview:large","max-video-preview":"max-video-preview:-1"},"canonical":"https:\/\/www.talidesign.eu\/et\/pood\/toode\/rains-reisikott-wood\/","og_locale":"et_EE","og_type":"article","og_title":"Rains Reisikott Wood - TALI Concept Store","og_description":"Rains Reisikott Wood - veekindel ja vastupidav reisikott, mis on valmistatud kvaliteetsest materjalist. Sobib ideaalselt meestele ja naistele. Tutvu l\u00e4hemalt!","og_url":"https:\/\/www.talidesign.eu\/et\/pood\/toode\/rains-reisikott-wood\/","og_site_name":"TALI Concept Store","article_publisher":"https:\/\/www.facebook.com\/TaliDisain\/","article_modified_time":"2023-02-16T11:13:02+00:00","og_image":[{"width":768,"height":768,"url":"https:\/\/www.talidesign.eu\/wp\/wp-content\/uploads\/2022\/07\/rains-weekend-bag-wood.jpg","type":"image\/jpeg"}],"twitter_card":"summary_large_image","twitter_misc":{"Est. reading time":"1 minute"},"schema":{"@context":"https:\/\/schema.org","@graph":[{"@type":"WebPage","@id":"https:\/\/www.talidesign.eu\/et\/pood\/toode\/rains-reisikott-wood\/","url":"https:\/\/www.talidesign.eu\/et\/pood\/toode\/rains-reisikott-wood\/","name":"Rains Reisikott Wood - TALI Concept Store","isPartOf":{"@id":"https:\/\/www.talidesign.eu\/et\/#website"},"primaryImageOfPage":{"@id":"https:\/\/www.talidesign.eu\/et\/pood\/toode\/rains-reisikott-wood\/#primaryimage"},"image":{"@id":"https:\/\/www.talidesign.eu\/et\/pood\/toode\/rains-reisikott-wood\/#primaryimage"},"thumbnailUrl":"https:\/\/www.talidesign.eu\/wp\/wp-content\/uploads\/2022\/07\/rains-weekend-bag-wood.jpg","datePublished":"2022-07-04T20:45:52+00:00","dateModified":"2023-02-16T11:13:02+00:00","description":"Rains Reisikott Wood - veekindel ja vastupidav reisikott, mis on valmistatud kvaliteetsest materjalist. Sobib ideaalselt meestele ja naistele. Tutvu l\u00e4hemalt!","breadcrumb":{"@id":"https:\/\/www.talidesign.eu\/et\/pood\/toode\/rains-reisikott-wood\/#breadcrumb"},"inLanguage":"et","potentialAction":[{"@type":"ReadAction","target":["https:\/\/www.talidesign.eu\/et\/pood\/toode\/rains-reisikott-wood\/"]}]},{"@type":"ImageObject","inLanguage":"et","@id":"https:\/\/www.talidesign.eu\/et\/pood\/toode\/rains-reisikott-wood\/#primaryimage","url":"https:\/\/www.talidesign.eu\/wp\/wp-content\/uploads\/2022\/07\/rains-weekend-bag-wood.jpg","contentUrl":"https:\/\/www.talidesign.eu\/wp\/wp-content\/uploads\/2022\/07\/rains-weekend-bag-wood.jpg","width":768,"height":768},{"@type":"BreadcrumbList","@id":"https:\/\/www.talidesign.eu\/et\/pood\/toode\/rains-reisikott-wood\/#breadcrumb","itemListElement":[{"@type":"ListItem","position":1,"name":"Avaleht","item":"https:\/\/www.talidesign.eu\/et\/"},{"@type":"ListItem","position":2,"name":"Pood","item":"https:\/\/www.talidesign.eu\/et\/pood\/"},{"@type":"ListItem","position":3,"name":"Rains Reisikott Wood"}]},{"@type":"WebSite","@id":"https:\/\/www.talidesign.eu\/et\/#website","url":"https:\/\/www.talidesign.eu\/et\/","name":"TALI Concept Store","description":"Suurim Disainipood Eestis","potentialAction":[{"@type":"SearchAction","target":{"@type":"EntryPoint","urlTemplate":"https:\/\/www.talidesign.eu\/et\/?s={search_term_string}"},"query-input":{"@type":"PropertyValueSpecification","valueRequired":true,"valueName":"search_term_string"}}],"inLanguage":"et"}]}},"_links":{"self":[{"href":"https:\/\/www.talidesign.eu\/et\/wp-json\/wp\/v2\/product\/58725","targetHints":{"allow":["GET"]}}],"collection":[{"href":"https:\/\/www.talidesign.eu\/et\/wp-json\/wp\/v2\/product"}],"about":[{"href":"https:\/\/www.talidesign.eu\/et\/wp-json\/wp\/v2\/types\/product"}],"wp:featuredmedia":[{"embeddable":true,"href":"https:\/\/www.talidesign.eu\/et\/wp-json\/wp\/v2\/media\/58727"}],"wp:attachment":[{"href":"https:\/\/www.talidesign.eu\/et\/wp-json\/wp\/v2\/media?parent=58725"}],"wp:term":[{"taxonomy":"product_brand","embeddable":true,"href":"https:\/\/www.talidesign.eu\/et\/wp-json\/wp\/v2\/product_brand?post=58725"},{"taxonomy":"product_cat","embeddable":true,"href":"https:\/\/www.talidesign.eu\/et\/wp-json\/wp\/v2\/product_cat?post=58725"},{"taxonomy":"product_tag","embeddable":true,"href":"https:\/\/www.talidesign.eu\/et\/wp-json\/wp\/v2\/product_tag?post=58725"}],"curies":[{"name":"wp","href":"https:\/\/api.w.org\/{rel}","templated":true}]}}