{"id":59285,"date":"2022-07-18T11:44:32","date_gmt":"2022-07-18T08:44:32","guid":{"rendered":"https:\/\/www.talidesign.eu\/?post_type=product&#038;p=59285"},"modified":"2022-08-24T14:49:21","modified_gmt":"2022-08-24T11:49:21","slug":"rains-box-kott-micro-digital-lime","status":"publish","type":"product","link":"https:\/\/www.talidesign.eu\/et\/pood\/toode\/rains-box-kott-micro-digital-lime\/","title":{"rendered":"Rains Box Kott Micro Digital Lime"},"content":{"rendered":"<p><strong>Rains Box Kott Micro Digital Lime<\/strong><\/p>\n<p>Rains Box Bag Micro on v\u00e4iksem versioon Box Bag\u2019ist. See multifunktsionaalne kott on disainitud kandmiseks mitmel erineval viisil. Vali oma lemmik versioon, kas \u00f5lakott, crossbody kott v\u00f5i v\u00e4ike k\u00e4ekott. V\u00e4ike kott on valmistatud veekindlast PU materjalist.<\/p>\n<p>\u2022 <a href=\"\/et\/tootekategooria\/brandid\/rains-et\/\">Br\u00e4nd Rains<\/a><br \/>\n\u2022 Materjal: 100% pol\u00fcuretaankattega pol\u00fcester<br \/>\n\u2022 Vooder: 100% pol\u00fcester<br \/>\n\u2022 Veepidavus: 8000mm<br \/>\n\u2022 M\u00f5\u00f5dud: K11 x L16 x S7,5 cm<br \/>\n\u2022 Maht: 1 L<br \/>\n\u2022 Kaetud t\u00f5mblukk<br \/>\n\u2022 \u00dcks p\u00f5hisahtel<br \/>\n\u2022 Eemaldatav reguleeritav \u00f5larihm<br \/>\n\u2022 Kandesang<\/p>\n<p><strong>Rains<\/strong> on k\u00f5rgekvaliteetne Taani moebr\u00e4nd, mis on keskendunud oma toodangus just p\u00f5hjamaisele k\u00fclmale ja vihmasele kliimale. K\u00f5ik tooted on valmistatud 100% vegan, veekindlast ja kauakestvast materjalist. Rains vihmajoped, talvejoped ja seljakotid on \u00fcldjuhul unisex ja sobivad kandmiseks nii meestele kui naistele. Rainsi esteetikas on p\u00fcsivaks alatooniks skandinaavialik lihtsus ja minimalism.<br \/>\n<a href=\"\/et\/tootekategooria\/brandid\/rains-et\/\"><img loading=\"lazy\" decoding=\"async\" src=\"https:\/\/www.talidesign.eu\/wp\/wp-content\/uploads\/2021\/02\/logo-3.jpg\" alt=\"\" width=\"500\" height=\"100\" class=\"alignnone size-full wp-image-24515\" \/><\/a><\/p>\n","protected":false},"excerpt":{"rendered":"<p><strong>Rains Box Kott Micro Digital Lime<\/strong><\/p>\n<p>Rains Box Bag Micro on v\u00e4iksem versioon Box Bag\u2019ist. See multifunktsionaalne kott on disainitud kandmiseks mitmel erineval viisil. Vali oma lemmik versioon, kas \u00f5lakott, crossbody kott v\u00f5i v\u00e4ike k\u00e4ekott. V\u00e4ike kott on valmistatud veekindlast PU materjalist.<\/p>\n<p>\u2022 <a href=\"\/et\/tootekategooria\/brandid\/rains-et\/\">Br\u00e4nd Rains<\/a><br \/>\n\u2022 Materjal: 100% pol\u00fcuretaankattega pol\u00fcester<br \/>\n\u2022 Vooder: 100% pol\u00fcester<br \/>\n\u2022 Veepidavus: 8000mm<br \/>\n\u2022 M\u00f5\u00f5dud: K11 x L16 x S7,5 cm<br \/>\n\u2022 Maht: 1 L<br \/>\n\u2022 Kaetud t\u00f5mblukk<br \/>\n\u2022 \u00dcks p\u00f5hisahtel<br \/>\n\u2022 Eemaldatav reguleeritav \u00f5larihm<br \/>\n\u2022 Kandesang<\/p>\n<p><strong>Rains<\/strong> on k\u00f5rgekvaliteetne Taani moebr\u00e4nd, mis on keskendunud oma toodangus just p\u00f5hjamaisele k\u00fclmale ja vihmasele kliimale. K\u00f5ik tooted on valmistatud 100% vegan, veekindlast ja kauakestvast materjalist. Rains vihmajoped, talvejoped ja seljakotid on \u00fcldjuhul unisex ja sobivad kandmiseks nii meestele kui naistele. Rainsi esteetikas on p\u00fcsivaks alatooniks skandinaavialik lihtsus ja minimalism.<br \/>\n<a href=\"\/et\/tootekategooria\/brandid\/rains-et\/\"><img loading=\"lazy\" decoding=\"async\" src=\"https:\/\/www.talidesign.eu\/wp\/wp-content\/uploads\/2021\/02\/logo-3.jpg\" alt=\"\" width=\"500\" height=\"100\" class=\"alignnone size-full wp-image-24515\" \/><\/a><\/p>\n","protected":false},"featured_media":59287,"template":"","meta":[],"product_brand":[],"product_cat":[1026,1113,1131,1075],"product_tag":[1446],"class_list":{"0":"post-59285","1":"product","2":"type-product","3":"status-publish","4":"has-post-thumbnail","6":"product_cat-brandid","7":"product_cat-kotid","8":"product_cat-naiste-kotid","9":"product_cat-rains-et","10":"product_tag-rains-et","12":"first","13":"outofstock","14":"taxable","15":"shipping-taxable","16":"purchasable","17":"product-type-simple"},"yoast_head":"<!-- This site is optimized with the Yoast SEO plugin v27.3 - https:\/\/yoast.com\/product\/yoast-seo-wordpress\/ -->\n<title>Rains Box Kott Micro Digital Lime - TALI Concept Store<\/title>\n<meta name=\"description\" content=\"Avasta Rains Box Kott Micro Digital Lime - multifunktsionaalne kott, mis on disainitud erinevateks kandmisviisideks. Veekindel materjal ja minimalistlik disain.\" \/>\n<meta name=\"robots\" content=\"index, follow, max-snippet:-1, max-image-preview:large, max-video-preview:-1\" \/>\n<link rel=\"canonical\" href=\"https:\/\/www.talidesign.eu\/et\/pood\/toode\/rains-box-kott-micro-digital-lime\/\" \/>\n<meta property=\"og:locale\" content=\"et_EE\" \/>\n<meta property=\"og:type\" content=\"article\" \/>\n<meta property=\"og:title\" content=\"Rains Box Kott Micro Digital Lime - TALI Concept Store\" \/>\n<meta property=\"og:description\" content=\"Avasta Rains Box Kott Micro Digital Lime - multifunktsionaalne kott, mis on disainitud erinevateks kandmisviisideks. Veekindel materjal ja minimalistlik disain.\" \/>\n<meta property=\"og:url\" content=\"https:\/\/www.talidesign.eu\/et\/pood\/toode\/rains-box-kott-micro-digital-lime\/\" \/>\n<meta property=\"og:site_name\" content=\"TALI Concept Store\" \/>\n<meta property=\"article:publisher\" content=\"https:\/\/www.facebook.com\/TaliDisain\/\" \/>\n<meta property=\"article:modified_time\" content=\"2022-08-24T11:49:21+00:00\" \/>\n<meta property=\"og:image\" content=\"https:\/\/www.talidesign.eu\/wp\/wp-content\/uploads\/2022\/07\/rains-box-bag-micro-digital-lime.jpg\" \/>\n\t<meta property=\"og:image:width\" content=\"768\" \/>\n\t<meta property=\"og:image:height\" content=\"768\" \/>\n\t<meta property=\"og:image:type\" content=\"image\/jpeg\" \/>\n<meta name=\"twitter:card\" content=\"summary_large_image\" \/>\n<meta name=\"twitter:label1\" content=\"Est. reading time\" \/>\n\t<meta name=\"twitter:data1\" content=\"1 minute\" \/>\n<script type=\"application\/ld+json\" class=\"yoast-schema-graph\">{\"@context\":\"https:\\\/\\\/schema.org\",\"@graph\":[{\"@type\":\"WebPage\",\"@id\":\"https:\\\/\\\/www.talidesign.eu\\\/et\\\/pood\\\/toode\\\/rains-box-kott-micro-digital-lime\\\/\",\"url\":\"https:\\\/\\\/www.talidesign.eu\\\/et\\\/pood\\\/toode\\\/rains-box-kott-micro-digital-lime\\\/\",\"name\":\"Rains Box Kott Micro Digital Lime - TALI Concept Store\",\"isPartOf\":{\"@id\":\"https:\\\/\\\/www.talidesign.eu\\\/et\\\/#website\"},\"primaryImageOfPage\":{\"@id\":\"https:\\\/\\\/www.talidesign.eu\\\/et\\\/pood\\\/toode\\\/rains-box-kott-micro-digital-lime\\\/#primaryimage\"},\"image\":{\"@id\":\"https:\\\/\\\/www.talidesign.eu\\\/et\\\/pood\\\/toode\\\/rains-box-kott-micro-digital-lime\\\/#primaryimage\"},\"thumbnailUrl\":\"https:\\\/\\\/www.talidesign.eu\\\/wp\\\/wp-content\\\/uploads\\\/2022\\\/07\\\/rains-box-bag-micro-digital-lime.jpg\",\"datePublished\":\"2022-07-18T08:44:32+00:00\",\"dateModified\":\"2022-08-24T11:49:21+00:00\",\"description\":\"Avasta Rains Box Kott Micro Digital Lime - multifunktsionaalne kott, mis on disainitud erinevateks kandmisviisideks. Veekindel materjal ja minimalistlik disain.\",\"breadcrumb\":{\"@id\":\"https:\\\/\\\/www.talidesign.eu\\\/et\\\/pood\\\/toode\\\/rains-box-kott-micro-digital-lime\\\/#breadcrumb\"},\"inLanguage\":\"et\",\"potentialAction\":[{\"@type\":\"ReadAction\",\"target\":[\"https:\\\/\\\/www.talidesign.eu\\\/et\\\/pood\\\/toode\\\/rains-box-kott-micro-digital-lime\\\/\"]}]},{\"@type\":\"ImageObject\",\"inLanguage\":\"et\",\"@id\":\"https:\\\/\\\/www.talidesign.eu\\\/et\\\/pood\\\/toode\\\/rains-box-kott-micro-digital-lime\\\/#primaryimage\",\"url\":\"https:\\\/\\\/www.talidesign.eu\\\/wp\\\/wp-content\\\/uploads\\\/2022\\\/07\\\/rains-box-bag-micro-digital-lime.jpg\",\"contentUrl\":\"https:\\\/\\\/www.talidesign.eu\\\/wp\\\/wp-content\\\/uploads\\\/2022\\\/07\\\/rains-box-bag-micro-digital-lime.jpg\",\"width\":768,\"height\":768},{\"@type\":\"BreadcrumbList\",\"@id\":\"https:\\\/\\\/www.talidesign.eu\\\/et\\\/pood\\\/toode\\\/rains-box-kott-micro-digital-lime\\\/#breadcrumb\",\"itemListElement\":[{\"@type\":\"ListItem\",\"position\":1,\"name\":\"Avaleht\",\"item\":\"https:\\\/\\\/www.talidesign.eu\\\/et\\\/\"},{\"@type\":\"ListItem\",\"position\":2,\"name\":\"Pood\",\"item\":\"https:\\\/\\\/www.talidesign.eu\\\/et\\\/pood\\\/\"},{\"@type\":\"ListItem\",\"position\":3,\"name\":\"Rains Box Kott Micro Digital Lime\"}]},{\"@type\":\"WebSite\",\"@id\":\"https:\\\/\\\/www.talidesign.eu\\\/et\\\/#website\",\"url\":\"https:\\\/\\\/www.talidesign.eu\\\/et\\\/\",\"name\":\"TALI Concept Store\",\"description\":\"Suurim Disainipood Eestis\",\"potentialAction\":[{\"@type\":\"SearchAction\",\"target\":{\"@type\":\"EntryPoint\",\"urlTemplate\":\"https:\\\/\\\/www.talidesign.eu\\\/et\\\/?s={search_term_string}\"},\"query-input\":{\"@type\":\"PropertyValueSpecification\",\"valueRequired\":true,\"valueName\":\"search_term_string\"}}],\"inLanguage\":\"et\"}]}<\/script>\n<!-- \/ Yoast SEO plugin. -->","yoast_head_json":{"title":"Rains Box Kott Micro Digital Lime - TALI Concept Store","description":"Avasta Rains Box Kott Micro Digital Lime - multifunktsionaalne kott, mis on disainitud erinevateks kandmisviisideks. Veekindel materjal ja minimalistlik disain.","robots":{"index":"index","follow":"follow","max-snippet":"max-snippet:-1","max-image-preview":"max-image-preview:large","max-video-preview":"max-video-preview:-1"},"canonical":"https:\/\/www.talidesign.eu\/et\/pood\/toode\/rains-box-kott-micro-digital-lime\/","og_locale":"et_EE","og_type":"article","og_title":"Rains Box Kott Micro Digital Lime - TALI Concept Store","og_description":"Avasta Rains Box Kott Micro Digital Lime - multifunktsionaalne kott, mis on disainitud erinevateks kandmisviisideks. Veekindel materjal ja minimalistlik disain.","og_url":"https:\/\/www.talidesign.eu\/et\/pood\/toode\/rains-box-kott-micro-digital-lime\/","og_site_name":"TALI Concept Store","article_publisher":"https:\/\/www.facebook.com\/TaliDisain\/","article_modified_time":"2022-08-24T11:49:21+00:00","og_image":[{"width":768,"height":768,"url":"https:\/\/www.talidesign.eu\/wp\/wp-content\/uploads\/2022\/07\/rains-box-bag-micro-digital-lime.jpg","type":"image\/jpeg"}],"twitter_card":"summary_large_image","twitter_misc":{"Est. reading time":"1 minute"},"schema":{"@context":"https:\/\/schema.org","@graph":[{"@type":"WebPage","@id":"https:\/\/www.talidesign.eu\/et\/pood\/toode\/rains-box-kott-micro-digital-lime\/","url":"https:\/\/www.talidesign.eu\/et\/pood\/toode\/rains-box-kott-micro-digital-lime\/","name":"Rains Box Kott Micro Digital Lime - TALI Concept Store","isPartOf":{"@id":"https:\/\/www.talidesign.eu\/et\/#website"},"primaryImageOfPage":{"@id":"https:\/\/www.talidesign.eu\/et\/pood\/toode\/rains-box-kott-micro-digital-lime\/#primaryimage"},"image":{"@id":"https:\/\/www.talidesign.eu\/et\/pood\/toode\/rains-box-kott-micro-digital-lime\/#primaryimage"},"thumbnailUrl":"https:\/\/www.talidesign.eu\/wp\/wp-content\/uploads\/2022\/07\/rains-box-bag-micro-digital-lime.jpg","datePublished":"2022-07-18T08:44:32+00:00","dateModified":"2022-08-24T11:49:21+00:00","description":"Avasta Rains Box Kott Micro Digital Lime - multifunktsionaalne kott, mis on disainitud erinevateks kandmisviisideks. Veekindel materjal ja minimalistlik disain.","breadcrumb":{"@id":"https:\/\/www.talidesign.eu\/et\/pood\/toode\/rains-box-kott-micro-digital-lime\/#breadcrumb"},"inLanguage":"et","potentialAction":[{"@type":"ReadAction","target":["https:\/\/www.talidesign.eu\/et\/pood\/toode\/rains-box-kott-micro-digital-lime\/"]}]},{"@type":"ImageObject","inLanguage":"et","@id":"https:\/\/www.talidesign.eu\/et\/pood\/toode\/rains-box-kott-micro-digital-lime\/#primaryimage","url":"https:\/\/www.talidesign.eu\/wp\/wp-content\/uploads\/2022\/07\/rains-box-bag-micro-digital-lime.jpg","contentUrl":"https:\/\/www.talidesign.eu\/wp\/wp-content\/uploads\/2022\/07\/rains-box-bag-micro-digital-lime.jpg","width":768,"height":768},{"@type":"BreadcrumbList","@id":"https:\/\/www.talidesign.eu\/et\/pood\/toode\/rains-box-kott-micro-digital-lime\/#breadcrumb","itemListElement":[{"@type":"ListItem","position":1,"name":"Avaleht","item":"https:\/\/www.talidesign.eu\/et\/"},{"@type":"ListItem","position":2,"name":"Pood","item":"https:\/\/www.talidesign.eu\/et\/pood\/"},{"@type":"ListItem","position":3,"name":"Rains Box Kott Micro Digital Lime"}]},{"@type":"WebSite","@id":"https:\/\/www.talidesign.eu\/et\/#website","url":"https:\/\/www.talidesign.eu\/et\/","name":"TALI Concept Store","description":"Suurim Disainipood Eestis","potentialAction":[{"@type":"SearchAction","target":{"@type":"EntryPoint","urlTemplate":"https:\/\/www.talidesign.eu\/et\/?s={search_term_string}"},"query-input":{"@type":"PropertyValueSpecification","valueRequired":true,"valueName":"search_term_string"}}],"inLanguage":"et"}]}},"_links":{"self":[{"href":"https:\/\/www.talidesign.eu\/et\/wp-json\/wp\/v2\/product\/59285","targetHints":{"allow":["GET"]}}],"collection":[{"href":"https:\/\/www.talidesign.eu\/et\/wp-json\/wp\/v2\/product"}],"about":[{"href":"https:\/\/www.talidesign.eu\/et\/wp-json\/wp\/v2\/types\/product"}],"wp:featuredmedia":[{"embeddable":true,"href":"https:\/\/www.talidesign.eu\/et\/wp-json\/wp\/v2\/media\/59287"}],"wp:attachment":[{"href":"https:\/\/www.talidesign.eu\/et\/wp-json\/wp\/v2\/media?parent=59285"}],"wp:term":[{"taxonomy":"product_brand","embeddable":true,"href":"https:\/\/www.talidesign.eu\/et\/wp-json\/wp\/v2\/product_brand?post=59285"},{"taxonomy":"product_cat","embeddable":true,"href":"https:\/\/www.talidesign.eu\/et\/wp-json\/wp\/v2\/product_cat?post=59285"},{"taxonomy":"product_tag","embeddable":true,"href":"https:\/\/www.talidesign.eu\/et\/wp-json\/wp\/v2\/product_tag?post=59285"}],"curies":[{"name":"wp","href":"https:\/\/api.w.org\/{rel}","templated":true}]}}