{"id":59577,"date":"2022-07-27T17:26:32","date_gmt":"2022-07-27T14:26:32","guid":{"rendered":"https:\/\/www.talidesign.eu\/?post_type=product&#038;p=59577"},"modified":"2025-07-11T18:14:15","modified_gmt":"2025-07-11T15:14:15","slug":"izipizi-l-sun-paikeseprillid-tortoise","status":"publish","type":"product","link":"https:\/\/www.talidesign.eu\/et\/pood\/toode\/izipizi-l-sun-paikeseprillid-tortoise\/","title":{"rendered":"Izipizi #L SUN \u2013 P\u00e4ikeseprillid Tortoise"},"content":{"rendered":"<p><strong>#L SUN \u2013 P\u00e4ikeseprillid Tortoise<\/strong><\/p>\n<p>Kollektsiooni <strong>#SUN<\/strong> kuuluvad originaalse ja moodsa disaini, painduvate sangade ja kummist tekstuuriga prillid on kvaliteetsed, stiilsed ja mugavad.<\/p>\n<p>\u2022 <a href=\"\/et\/tootekategooria\/brandid\/izipizi-et\/\">Br\u00e4nd IZIPIZI<\/a><br \/>\n\u2022 Optimaalne 100% kaitse UV-kiirguse eest<br \/>\n\u2022 3. kategooria p\u00e4ikeseprillid<br \/>\n\u2022 Painduvad sangad<\/p>\n<p>Mudel vastab <strong>Euroopa standarditele<\/strong> (NF EN 14139) ja p\u00e4ikeseprillide rahvusvahelistele standarditele (ISO 12312-1).<\/p>\n<p>UV-kiirgus kahjustab silmarakke. Aja jooksul uuenevad rakud \u00fcha v\u00e4hem. SUN-prillid pakuvad kohandatud kaitset. Sellel on 100% UV-kaitsega 3. kategooria l\u00e4\u00e4tsed, mis kaitsevad pimestamise eest ja filtreerivad ultraviolettkiirgust (UV) 100%.<\/p>\n<p>Painduvad sangad \u2012 painduvad ja mugavad vedruhingedega sangad sobituvad iga n\u00e4okuju ja suurusega.<\/p>\n<p><strong>Meie missioon<\/strong><\/p>\n<p>IZIPIZI eesm\u00e4rk on taskukohased hinnad ja suurep\u00e4rane kvaliteet. Kvaliteet on olnud meie tootmisprotsessi keskmes esimesest p\u00e4evast saadik, alates materjalivalikust kuni partnerite valimiseni, kellega oleme n\u00fc\u00fcdseks \u00fcle kaheksa aasta koost\u00f6\u00f6d teinud. <\/p>\n<p>Seega on meie prillid toodetud v\u00e4ga rangete n\u00f5uete j\u00e4rgi, et tagada nende ohutus ja vastupidavus.<\/p>\n<p><a href=\"https:\/\/www.talidesign.eu\/wp\/wp-content\/uploads\/2021\/03\/izi.jpg\"><img loading=\"lazy\" decoding=\"async\" src=\"https:\/\/www.talidesign.eu\/wp\/wp-content\/uploads\/2021\/03\/izi.jpg\" alt=\"\" width=\"773\" height=\"417\" class=\"alignnone size-full wp-image-22988\" srcset=\"https:\/\/www.talidesign.eu\/wp\/wp-content\/uploads\/2021\/03\/izi.jpg 773w, https:\/\/www.talidesign.eu\/wp\/wp-content\/uploads\/2021\/03\/izi-741x400.jpg 741w, https:\/\/www.talidesign.eu\/wp\/wp-content\/uploads\/2021\/03\/izi-768x414.jpg 768w, https:\/\/www.talidesign.eu\/wp\/wp-content\/uploads\/2021\/03\/izi-500x270.jpg 500w, https:\/\/www.talidesign.eu\/wp\/wp-content\/uploads\/2021\/03\/izi-510x275.jpg 510w\" sizes=\"auto, (max-width: 773px) 100vw, 773px\" \/><\/a><\/p>\n","protected":false},"excerpt":{"rendered":"<p><strong>#L SUN \u2013 P\u00e4ikeseprillid Tortoise<\/strong><\/p>\n<p>Kollektsiooni <strong>#SUN<\/strong> kuuluvad originaalse ja moodsa disaini, painduvate sangade ja kummist tekstuuriga prillid on kvaliteetsed, stiilsed ja mugavad.<\/p>\n<p>\u2022 <a href=\"\/et\/tootekategooria\/brandid\/izipizi-et\/\">Br\u00e4nd IZIPIZI<\/a><br \/>\n\u2022 Optimaalne 100% kaitse UV-kiirguse eest<br \/>\n\u2022 3. kategooria p\u00e4ikeseprillid<br \/>\n\u2022 Painduvad sangad<\/p>\n<p>Mudel vastab <strong>Euroopa standarditele<\/strong> (NF EN 14139) ja p\u00e4ikeseprillide rahvusvahelistele standarditele (ISO 12312-1).<\/p>\n<p>UV-kiirgus kahjustab silmarakke. Aja jooksul uuenevad rakud \u00fcha v\u00e4hem. SUN-prillid pakuvad kohandatud kaitset. Sellel on 100% UV-kaitsega 3. kategooria l\u00e4\u00e4tsed, mis kaitsevad pimestamise eest ja filtreerivad ultraviolettkiirgust (UV) 100%.<\/p>\n<p>Painduvad sangad \u2012 painduvad ja mugavad vedruhingedega sangad sobituvad iga n\u00e4okuju ja suurusega.<\/p>\n<p><strong>Meie missioon<\/strong><\/p>\n<p>IZIPIZI eesm\u00e4rk on taskukohased hinnad ja suurep\u00e4rane kvaliteet. Kvaliteet on olnud meie tootmisprotsessi keskmes esimesest p\u00e4evast saadik, alates materjalivalikust kuni partnerite valimiseni, kellega oleme n\u00fc\u00fcdseks \u00fcle kaheksa aasta koost\u00f6\u00f6d teinud. <\/p>\n<p>Seega on meie prillid toodetud v\u00e4ga rangete n\u00f5uete j\u00e4rgi, et tagada nende ohutus ja vastupidavus.<\/p>\n<p><a href=\"https:\/\/www.talidesign.eu\/wp\/wp-content\/uploads\/2021\/03\/izi.jpg\"><img loading=\"lazy\" decoding=\"async\" src=\"https:\/\/www.talidesign.eu\/wp\/wp-content\/uploads\/2021\/03\/izi.jpg\" alt=\"\" width=\"773\" height=\"417\" class=\"alignnone size-full wp-image-22988\" srcset=\"https:\/\/www.talidesign.eu\/wp\/wp-content\/uploads\/2021\/03\/izi.jpg 773w, https:\/\/www.talidesign.eu\/wp\/wp-content\/uploads\/2021\/03\/izi-741x400.jpg 741w, https:\/\/www.talidesign.eu\/wp\/wp-content\/uploads\/2021\/03\/izi-768x414.jpg 768w, https:\/\/www.talidesign.eu\/wp\/wp-content\/uploads\/2021\/03\/izi-500x270.jpg 500w, https:\/\/www.talidesign.eu\/wp\/wp-content\/uploads\/2021\/03\/izi-510x275.jpg 510w\" sizes=\"auto, (max-width: 773px) 100vw, 773px\" \/><\/a><\/p>\n","protected":false},"featured_media":59587,"template":"","meta":[],"product_brand":[],"product_cat":[1026,1052,1173,1128],"product_tag":[1352],"class_list":{"0":"post-59577","1":"product","2":"type-product","3":"status-publish","4":"has-post-thumbnail","6":"product_cat-brandid","7":"product_cat-izipizi-et","8":"product_cat-paikeseprillid","9":"product_cat-meeste-paikeseprillid","10":"product_tag-izipizi-et","12":"first","13":"outofstock","14":"featured","15":"taxable","16":"shipping-taxable","17":"purchasable","18":"product-type-simple"},"yoast_head":"<!-- This site is optimized with the Yoast SEO plugin v27.3 - https:\/\/yoast.com\/product\/yoast-seo-wordpress\/ -->\n<title>Izipizi #L SUN \u2013 P\u00e4ikeseprillid Tortoise - TALI Concept Store<\/title>\n<meta name=\"description\" content=\"Avasta Izipizi #L SUN p\u00e4ikeseprillid Tortoise - kvaliteetsed, stiilsed ja mugavad prillid, mis pakuvad 100% UV-kaitset. Tutvu l\u00e4hemalt!\" \/>\n<meta name=\"robots\" content=\"index, follow, max-snippet:-1, max-image-preview:large, max-video-preview:-1\" \/>\n<link rel=\"canonical\" href=\"https:\/\/www.talidesign.eu\/et\/pood\/toode\/izipizi-l-sun-paikeseprillid-tortoise\/\" \/>\n<meta property=\"og:locale\" content=\"et_EE\" \/>\n<meta property=\"og:type\" content=\"article\" \/>\n<meta property=\"og:title\" content=\"Izipizi #L SUN \u2013 P\u00e4ikeseprillid Tortoise - TALI Concept Store\" \/>\n<meta property=\"og:description\" content=\"Avasta Izipizi #L SUN p\u00e4ikeseprillid Tortoise - kvaliteetsed, stiilsed ja mugavad prillid, mis pakuvad 100% UV-kaitset. Tutvu l\u00e4hemalt!\" \/>\n<meta property=\"og:url\" content=\"https:\/\/www.talidesign.eu\/et\/pood\/toode\/izipizi-l-sun-paikeseprillid-tortoise\/\" \/>\n<meta property=\"og:site_name\" content=\"TALI Concept Store\" \/>\n<meta property=\"article:publisher\" content=\"https:\/\/www.facebook.com\/TaliDisain\/\" \/>\n<meta property=\"article:modified_time\" content=\"2025-07-11T15:14:15+00:00\" \/>\n<meta property=\"og:image\" content=\"https:\/\/www.talidesign.eu\/wp\/wp-content\/uploads\/2022\/07\/izipizi-l-sun-sunglasses-tortoise.jpg\" \/>\n\t<meta property=\"og:image:width\" content=\"800\" \/>\n\t<meta property=\"og:image:height\" content=\"800\" \/>\n\t<meta property=\"og:image:type\" content=\"image\/jpeg\" \/>\n<meta name=\"twitter:card\" content=\"summary_large_image\" \/>\n<meta name=\"twitter:label1\" content=\"Est. reading time\" \/>\n\t<meta name=\"twitter:data1\" content=\"1 minute\" \/>\n<script type=\"application\/ld+json\" class=\"yoast-schema-graph\">{\"@context\":\"https:\\\/\\\/schema.org\",\"@graph\":[{\"@type\":\"WebPage\",\"@id\":\"https:\\\/\\\/www.talidesign.eu\\\/et\\\/pood\\\/toode\\\/izipizi-l-sun-paikeseprillid-tortoise\\\/\",\"url\":\"https:\\\/\\\/www.talidesign.eu\\\/et\\\/pood\\\/toode\\\/izipizi-l-sun-paikeseprillid-tortoise\\\/\",\"name\":\"Izipizi #L SUN \u2013 P\u00e4ikeseprillid Tortoise - TALI Concept Store\",\"isPartOf\":{\"@id\":\"https:\\\/\\\/www.talidesign.eu\\\/et\\\/#website\"},\"primaryImageOfPage\":{\"@id\":\"https:\\\/\\\/www.talidesign.eu\\\/et\\\/pood\\\/toode\\\/izipizi-l-sun-paikeseprillid-tortoise\\\/#primaryimage\"},\"image\":{\"@id\":\"https:\\\/\\\/www.talidesign.eu\\\/et\\\/pood\\\/toode\\\/izipizi-l-sun-paikeseprillid-tortoise\\\/#primaryimage\"},\"thumbnailUrl\":\"https:\\\/\\\/www.talidesign.eu\\\/wp\\\/wp-content\\\/uploads\\\/2022\\\/07\\\/izipizi-l-sun-sunglasses-tortoise.jpg\",\"datePublished\":\"2022-07-27T14:26:32+00:00\",\"dateModified\":\"2025-07-11T15:14:15+00:00\",\"description\":\"Avasta Izipizi #L SUN p\u00e4ikeseprillid Tortoise - kvaliteetsed, stiilsed ja mugavad prillid, mis pakuvad 100% UV-kaitset. Tutvu l\u00e4hemalt!\",\"breadcrumb\":{\"@id\":\"https:\\\/\\\/www.talidesign.eu\\\/et\\\/pood\\\/toode\\\/izipizi-l-sun-paikeseprillid-tortoise\\\/#breadcrumb\"},\"inLanguage\":\"et\",\"potentialAction\":[{\"@type\":\"ReadAction\",\"target\":[\"https:\\\/\\\/www.talidesign.eu\\\/et\\\/pood\\\/toode\\\/izipizi-l-sun-paikeseprillid-tortoise\\\/\"]}]},{\"@type\":\"ImageObject\",\"inLanguage\":\"et\",\"@id\":\"https:\\\/\\\/www.talidesign.eu\\\/et\\\/pood\\\/toode\\\/izipizi-l-sun-paikeseprillid-tortoise\\\/#primaryimage\",\"url\":\"https:\\\/\\\/www.talidesign.eu\\\/wp\\\/wp-content\\\/uploads\\\/2022\\\/07\\\/izipizi-l-sun-sunglasses-tortoise.jpg\",\"contentUrl\":\"https:\\\/\\\/www.talidesign.eu\\\/wp\\\/wp-content\\\/uploads\\\/2022\\\/07\\\/izipizi-l-sun-sunglasses-tortoise.jpg\",\"width\":800,\"height\":800},{\"@type\":\"BreadcrumbList\",\"@id\":\"https:\\\/\\\/www.talidesign.eu\\\/et\\\/pood\\\/toode\\\/izipizi-l-sun-paikeseprillid-tortoise\\\/#breadcrumb\",\"itemListElement\":[{\"@type\":\"ListItem\",\"position\":1,\"name\":\"Avaleht\",\"item\":\"https:\\\/\\\/www.talidesign.eu\\\/et\\\/\"},{\"@type\":\"ListItem\",\"position\":2,\"name\":\"Pood\",\"item\":\"https:\\\/\\\/www.talidesign.eu\\\/et\\\/pood\\\/\"},{\"@type\":\"ListItem\",\"position\":3,\"name\":\"Izipizi #L SUN \u2013 P\u00e4ikeseprillid Tortoise\"}]},{\"@type\":\"WebSite\",\"@id\":\"https:\\\/\\\/www.talidesign.eu\\\/et\\\/#website\",\"url\":\"https:\\\/\\\/www.talidesign.eu\\\/et\\\/\",\"name\":\"TALI Concept Store\",\"description\":\"Suurim Disainipood Eestis\",\"potentialAction\":[{\"@type\":\"SearchAction\",\"target\":{\"@type\":\"EntryPoint\",\"urlTemplate\":\"https:\\\/\\\/www.talidesign.eu\\\/et\\\/?s={search_term_string}\"},\"query-input\":{\"@type\":\"PropertyValueSpecification\",\"valueRequired\":true,\"valueName\":\"search_term_string\"}}],\"inLanguage\":\"et\"}]}<\/script>\n<!-- \/ Yoast SEO plugin. -->","yoast_head_json":{"title":"Izipizi #L SUN \u2013 P\u00e4ikeseprillid Tortoise - TALI Concept Store","description":"Avasta Izipizi #L SUN p\u00e4ikeseprillid Tortoise - kvaliteetsed, stiilsed ja mugavad prillid, mis pakuvad 100% UV-kaitset. Tutvu l\u00e4hemalt!","robots":{"index":"index","follow":"follow","max-snippet":"max-snippet:-1","max-image-preview":"max-image-preview:large","max-video-preview":"max-video-preview:-1"},"canonical":"https:\/\/www.talidesign.eu\/et\/pood\/toode\/izipizi-l-sun-paikeseprillid-tortoise\/","og_locale":"et_EE","og_type":"article","og_title":"Izipizi #L SUN \u2013 P\u00e4ikeseprillid Tortoise - TALI Concept Store","og_description":"Avasta Izipizi #L SUN p\u00e4ikeseprillid Tortoise - kvaliteetsed, stiilsed ja mugavad prillid, mis pakuvad 100% UV-kaitset. Tutvu l\u00e4hemalt!","og_url":"https:\/\/www.talidesign.eu\/et\/pood\/toode\/izipizi-l-sun-paikeseprillid-tortoise\/","og_site_name":"TALI Concept Store","article_publisher":"https:\/\/www.facebook.com\/TaliDisain\/","article_modified_time":"2025-07-11T15:14:15+00:00","og_image":[{"width":800,"height":800,"url":"https:\/\/www.talidesign.eu\/wp\/wp-content\/uploads\/2022\/07\/izipizi-l-sun-sunglasses-tortoise.jpg","type":"image\/jpeg"}],"twitter_card":"summary_large_image","twitter_misc":{"Est. reading time":"1 minute"},"schema":{"@context":"https:\/\/schema.org","@graph":[{"@type":"WebPage","@id":"https:\/\/www.talidesign.eu\/et\/pood\/toode\/izipizi-l-sun-paikeseprillid-tortoise\/","url":"https:\/\/www.talidesign.eu\/et\/pood\/toode\/izipizi-l-sun-paikeseprillid-tortoise\/","name":"Izipizi #L SUN \u2013 P\u00e4ikeseprillid Tortoise - TALI Concept Store","isPartOf":{"@id":"https:\/\/www.talidesign.eu\/et\/#website"},"primaryImageOfPage":{"@id":"https:\/\/www.talidesign.eu\/et\/pood\/toode\/izipizi-l-sun-paikeseprillid-tortoise\/#primaryimage"},"image":{"@id":"https:\/\/www.talidesign.eu\/et\/pood\/toode\/izipizi-l-sun-paikeseprillid-tortoise\/#primaryimage"},"thumbnailUrl":"https:\/\/www.talidesign.eu\/wp\/wp-content\/uploads\/2022\/07\/izipizi-l-sun-sunglasses-tortoise.jpg","datePublished":"2022-07-27T14:26:32+00:00","dateModified":"2025-07-11T15:14:15+00:00","description":"Avasta Izipizi #L SUN p\u00e4ikeseprillid Tortoise - kvaliteetsed, stiilsed ja mugavad prillid, mis pakuvad 100% UV-kaitset. Tutvu l\u00e4hemalt!","breadcrumb":{"@id":"https:\/\/www.talidesign.eu\/et\/pood\/toode\/izipizi-l-sun-paikeseprillid-tortoise\/#breadcrumb"},"inLanguage":"et","potentialAction":[{"@type":"ReadAction","target":["https:\/\/www.talidesign.eu\/et\/pood\/toode\/izipizi-l-sun-paikeseprillid-tortoise\/"]}]},{"@type":"ImageObject","inLanguage":"et","@id":"https:\/\/www.talidesign.eu\/et\/pood\/toode\/izipizi-l-sun-paikeseprillid-tortoise\/#primaryimage","url":"https:\/\/www.talidesign.eu\/wp\/wp-content\/uploads\/2022\/07\/izipizi-l-sun-sunglasses-tortoise.jpg","contentUrl":"https:\/\/www.talidesign.eu\/wp\/wp-content\/uploads\/2022\/07\/izipizi-l-sun-sunglasses-tortoise.jpg","width":800,"height":800},{"@type":"BreadcrumbList","@id":"https:\/\/www.talidesign.eu\/et\/pood\/toode\/izipizi-l-sun-paikeseprillid-tortoise\/#breadcrumb","itemListElement":[{"@type":"ListItem","position":1,"name":"Avaleht","item":"https:\/\/www.talidesign.eu\/et\/"},{"@type":"ListItem","position":2,"name":"Pood","item":"https:\/\/www.talidesign.eu\/et\/pood\/"},{"@type":"ListItem","position":3,"name":"Izipizi #L SUN \u2013 P\u00e4ikeseprillid Tortoise"}]},{"@type":"WebSite","@id":"https:\/\/www.talidesign.eu\/et\/#website","url":"https:\/\/www.talidesign.eu\/et\/","name":"TALI Concept Store","description":"Suurim Disainipood Eestis","potentialAction":[{"@type":"SearchAction","target":{"@type":"EntryPoint","urlTemplate":"https:\/\/www.talidesign.eu\/et\/?s={search_term_string}"},"query-input":{"@type":"PropertyValueSpecification","valueRequired":true,"valueName":"search_term_string"}}],"inLanguage":"et"}]}},"_links":{"self":[{"href":"https:\/\/www.talidesign.eu\/et\/wp-json\/wp\/v2\/product\/59577","targetHints":{"allow":["GET"]}}],"collection":[{"href":"https:\/\/www.talidesign.eu\/et\/wp-json\/wp\/v2\/product"}],"about":[{"href":"https:\/\/www.talidesign.eu\/et\/wp-json\/wp\/v2\/types\/product"}],"wp:featuredmedia":[{"embeddable":true,"href":"https:\/\/www.talidesign.eu\/et\/wp-json\/wp\/v2\/media\/59587"}],"wp:attachment":[{"href":"https:\/\/www.talidesign.eu\/et\/wp-json\/wp\/v2\/media?parent=59577"}],"wp:term":[{"taxonomy":"product_brand","embeddable":true,"href":"https:\/\/www.talidesign.eu\/et\/wp-json\/wp\/v2\/product_brand?post=59577"},{"taxonomy":"product_cat","embeddable":true,"href":"https:\/\/www.talidesign.eu\/et\/wp-json\/wp\/v2\/product_cat?post=59577"},{"taxonomy":"product_tag","embeddable":true,"href":"https:\/\/www.talidesign.eu\/et\/wp-json\/wp\/v2\/product_tag?post=59577"}],"curies":[{"name":"wp","href":"https:\/\/api.w.org\/{rel}","templated":true}]}}