{"id":59866,"date":"2022-08-08T21:44:08","date_gmt":"2022-08-08T18:44:08","guid":{"rendered":"https:\/\/www.talidesign.eu\/?post_type=product&#038;p=59866"},"modified":"2026-03-15T12:45:47","modified_gmt":"2026-03-15T10:45:47","slug":"24bottles-urban-joogipudel-passion-pink","status":"publish","type":"product","link":"https:\/\/www.talidesign.eu\/et\/pood\/toode\/24bottles-urban-joogipudel-passion-pink\/","title":{"rendered":"24Bottles Urban joogipudel Passion Pink"},"content":{"rendered":"<p><strong>Urban joogipudel Passion Pink<\/strong><\/p>\n<p>Eba\u00fchtlane kiviviimistlus on \u00e4\u00e4rmiselt vastupidav ja haaratav, lisades konsistentsi ja uskumatult t\u00e4pse kivilaadse tekstuuri.<\/p>\n<p>Urban Bottle on k\u00f5ige kergem roostevabast terasest veepudel!<\/p>\n<p>\u2022 <a href=\"\/et\/tootekategooria\/brandid\/24bottles-et\/\">Br\u00e4nd 24Bottles<\/a><br \/>\n\u2022 18\/8 roostevaba teras<br \/>\n\u2022 100% BPA vaba, ftalaatide vaba, toksiinivaba<br \/>\n\u2022 Ei tekita mingit k\u00f5rvalmaitset<br \/>\n\u2022 Lihtsalt avatav lekkekindel kaas<br \/>\n\u2022 Lai ava j\u00e4\u00e4ga t\u00e4itmiseks ja h\u00f5lpsaks puhastamiseks<br \/>\n\u2022 \u00dchekordne terassein<br \/>\n\u2022 Soovitatav k\u00e4sipesu<br \/>\n\u2022 500 ml<br \/>\n\u2022 Diameeter 6,5 cm<br \/>\n\u2022 K\u00f5rgus: 21 cm<br \/>\n\u2022 Kaal: 117 g<\/p>\n<p><strong>Br\u00e4ndist 24Bottles\u00ae<\/strong><\/p>\n<p>Itaalia br\u00e4ndi asutajate Giovanni Randazzo ja Matteo Melotti eesm\u00e4rk on v\u00e4hendada \u00fchekordse taara mahtu ning selle m\u00f5ju keskkonnale. Pakkudes kvaliteetset toodet ning esteetilist disaini, p\u00fc\u00fcavad disainerid suunata inimesi tervislikuma elustiili ning puhtama keskkonna poole.<\/p>\n<p><a href=https:\/\/www.talidesign.eu\/wp\/wp-content\/uploads\/2020\/04\/24bottle.jpg><img class=\"alignnone size-full wp-image-9609\" src=https:\/\/www.talidesign.eu\/wp\/wp-content\/uploads\/2020\/04\/24bottle.jpg alt=\"\" width=\"826\" height=\"537\" \/><\/a><br \/>\n<em>Giovanni Randazzo and Matteo Melotti founders of 24Bottles\u00ae<\/em><\/p>\n","protected":false},"excerpt":{"rendered":"<p><strong>Urban joogipudel Passion Pink<\/strong><\/p>\n<p>Eba\u00fchtlane kiviviimistlus on \u00e4\u00e4rmiselt vastupidav ja haaratav, lisades konsistentsi ja uskumatult t\u00e4pse kivilaadse tekstuuri.<\/p>\n<p>Urban Bottle on k\u00f5ige kergem roostevabast terasest veepudel!<\/p>\n<p>\u2022 <a href=\"\/et\/tootekategooria\/brandid\/24bottles-et\/\">Br\u00e4nd 24Bottles<\/a><br \/>\n\u2022 18\/8 roostevaba teras<br \/>\n\u2022 100% BPA vaba, ftalaatide vaba, toksiinivaba<br \/>\n\u2022 Ei tekita mingit k\u00f5rvalmaitset<br \/>\n\u2022 Lihtsalt avatav lekkekindel kaas<br \/>\n\u2022 Lai ava j\u00e4\u00e4ga t\u00e4itmiseks ja h\u00f5lpsaks puhastamiseks<br \/>\n\u2022 \u00dchekordne terassein<br \/>\n\u2022 Soovitatav k\u00e4sipesu<br \/>\n\u2022 500 ml<br \/>\n\u2022 Diameeter 6,5 cm<br \/>\n\u2022 K\u00f5rgus: 21 cm<br \/>\n\u2022 Kaal: 117 g<\/p>\n<p><strong>Br\u00e4ndist 24Bottles\u00ae<\/strong><\/p>\n<p>Itaalia br\u00e4ndi asutajate Giovanni Randazzo ja Matteo Melotti eesm\u00e4rk on v\u00e4hendada \u00fchekordse taara mahtu ning selle m\u00f5ju keskkonnale. Pakkudes kvaliteetset toodet ning esteetilist disaini, p\u00fc\u00fcavad disainerid suunata inimesi tervislikuma elustiili ning puhtama keskkonna poole.<\/p>\n<p><a href=https:\/\/www.talidesign.eu\/wp\/wp-content\/uploads\/2020\/04\/24bottle.jpg><img class=\"alignnone size-full wp-image-9609\" src=https:\/\/www.talidesign.eu\/wp\/wp-content\/uploads\/2020\/04\/24bottle.jpg alt=\"\" width=\"826\" height=\"537\" \/><\/a><br \/>\n<em>Giovanni Randazzo and Matteo Melotti founders of 24Bottles\u00ae<\/em><\/p>\n","protected":false},"featured_media":59868,"template":"","meta":[],"product_brand":[],"product_cat":[1029,1099,1026,1018,1132,1114],"product_tag":[1480],"class_list":{"0":"post-59866","1":"product","2":"type-product","3":"status-publish","4":"has-post-thumbnail","6":"product_cat-24bottles-et","7":"product_cat-aksessuaarid","8":"product_cat-brandid","9":"product_cat-kodu","10":"product_cat-naiste-pudelid","11":"product_cat-pudelid","12":"product_tag-24bottles-et","14":"first","15":"instock","16":"taxable","17":"shipping-taxable","18":"purchasable","19":"product-type-simple"},"yoast_head":"<!-- This site is optimized with the Yoast SEO plugin v27.3 - https:\/\/yoast.com\/product\/yoast-seo-wordpress\/ -->\n<title>24Bottles - Urban Bottle Ice White<\/title>\n<meta name=\"description\" content=\"Avasta 24Bottles Urban joogipudel Passion Pink - vastupidav ja kerge roostevabast terasest veepudel. V\u00e4henda taara hulka ja tee keskkonnas\u00f5bralikum valik.\" \/>\n<meta name=\"robots\" content=\"index, follow, max-snippet:-1, max-image-preview:large, max-video-preview:-1\" \/>\n<link rel=\"canonical\" href=\"https:\/\/www.talidesign.eu\/et\/pood\/toode\/24bottles-urban-joogipudel-passion-pink\/\" \/>\n<meta property=\"og:locale\" content=\"et_EE\" \/>\n<meta property=\"og:type\" content=\"article\" \/>\n<meta property=\"og:title\" content=\"24Bottles - Urban Bottle Ice White\" \/>\n<meta property=\"og:description\" content=\"Avasta 24Bottles Urban joogipudel Passion Pink - vastupidav ja kerge roostevabast terasest veepudel. V\u00e4henda taara hulka ja tee keskkonnas\u00f5bralikum valik.\" \/>\n<meta property=\"og:url\" content=\"https:\/\/www.talidesign.eu\/et\/pood\/toode\/24bottles-urban-joogipudel-passion-pink\/\" \/>\n<meta property=\"og:site_name\" content=\"TALI Concept Store\" \/>\n<meta property=\"article:publisher\" content=\"https:\/\/www.facebook.com\/TaliDisain\/\" \/>\n<meta property=\"article:modified_time\" content=\"2026-03-15T10:45:47+00:00\" \/>\n<meta property=\"og:image\" content=\"https:\/\/www.talidesign.eu\/wp\/wp-content\/uploads\/2022\/08\/676_01_518a86ca-9f4a-4861-a230-9e96b39281cc.jpg\" \/>\n\t<meta property=\"og:image:width\" content=\"768\" \/>\n\t<meta property=\"og:image:height\" content=\"768\" \/>\n\t<meta property=\"og:image:type\" content=\"image\/jpeg\" \/>\n<meta name=\"twitter:card\" content=\"summary_large_image\" \/>\n<meta name=\"twitter:label1\" content=\"Est. reading time\" \/>\n\t<meta name=\"twitter:data1\" content=\"1 minute\" \/>\n<script type=\"application\/ld+json\" class=\"yoast-schema-graph\">{\"@context\":\"https:\\\/\\\/schema.org\",\"@graph\":[{\"@type\":\"WebPage\",\"@id\":\"https:\\\/\\\/www.talidesign.eu\\\/et\\\/pood\\\/toode\\\/24bottles-urban-joogipudel-passion-pink\\\/\",\"url\":\"https:\\\/\\\/www.talidesign.eu\\\/et\\\/pood\\\/toode\\\/24bottles-urban-joogipudel-passion-pink\\\/\",\"name\":\"24Bottles - Urban Bottle Ice White\",\"isPartOf\":{\"@id\":\"https:\\\/\\\/www.talidesign.eu\\\/et\\\/#website\"},\"primaryImageOfPage\":{\"@id\":\"https:\\\/\\\/www.talidesign.eu\\\/et\\\/pood\\\/toode\\\/24bottles-urban-joogipudel-passion-pink\\\/#primaryimage\"},\"image\":{\"@id\":\"https:\\\/\\\/www.talidesign.eu\\\/et\\\/pood\\\/toode\\\/24bottles-urban-joogipudel-passion-pink\\\/#primaryimage\"},\"thumbnailUrl\":\"https:\\\/\\\/www.talidesign.eu\\\/wp\\\/wp-content\\\/uploads\\\/2022\\\/08\\\/676_01_518a86ca-9f4a-4861-a230-9e96b39281cc.jpg\",\"datePublished\":\"2022-08-08T18:44:08+00:00\",\"dateModified\":\"2026-03-15T10:45:47+00:00\",\"description\":\"Avasta 24Bottles Urban joogipudel Passion Pink - vastupidav ja kerge roostevabast terasest veepudel. V\u00e4henda taara hulka ja tee keskkonnas\u00f5bralikum valik.\",\"breadcrumb\":{\"@id\":\"https:\\\/\\\/www.talidesign.eu\\\/et\\\/pood\\\/toode\\\/24bottles-urban-joogipudel-passion-pink\\\/#breadcrumb\"},\"inLanguage\":\"et\",\"potentialAction\":[{\"@type\":\"ReadAction\",\"target\":[\"https:\\\/\\\/www.talidesign.eu\\\/et\\\/pood\\\/toode\\\/24bottles-urban-joogipudel-passion-pink\\\/\"]}]},{\"@type\":\"ImageObject\",\"inLanguage\":\"et\",\"@id\":\"https:\\\/\\\/www.talidesign.eu\\\/et\\\/pood\\\/toode\\\/24bottles-urban-joogipudel-passion-pink\\\/#primaryimage\",\"url\":\"https:\\\/\\\/www.talidesign.eu\\\/wp\\\/wp-content\\\/uploads\\\/2022\\\/08\\\/676_01_518a86ca-9f4a-4861-a230-9e96b39281cc.jpg\",\"contentUrl\":\"https:\\\/\\\/www.talidesign.eu\\\/wp\\\/wp-content\\\/uploads\\\/2022\\\/08\\\/676_01_518a86ca-9f4a-4861-a230-9e96b39281cc.jpg\",\"width\":768,\"height\":768},{\"@type\":\"BreadcrumbList\",\"@id\":\"https:\\\/\\\/www.talidesign.eu\\\/et\\\/pood\\\/toode\\\/24bottles-urban-joogipudel-passion-pink\\\/#breadcrumb\",\"itemListElement\":[{\"@type\":\"ListItem\",\"position\":1,\"name\":\"Avaleht\",\"item\":\"https:\\\/\\\/www.talidesign.eu\\\/et\\\/\"},{\"@type\":\"ListItem\",\"position\":2,\"name\":\"Pood\",\"item\":\"https:\\\/\\\/www.talidesign.eu\\\/et\\\/pood\\\/\"},{\"@type\":\"ListItem\",\"position\":3,\"name\":\"24Bottles Urban joogipudel Passion Pink\"}]},{\"@type\":\"WebSite\",\"@id\":\"https:\\\/\\\/www.talidesign.eu\\\/et\\\/#website\",\"url\":\"https:\\\/\\\/www.talidesign.eu\\\/et\\\/\",\"name\":\"TALI Concept Store\",\"description\":\"Suurim Disainipood Eestis\",\"potentialAction\":[{\"@type\":\"SearchAction\",\"target\":{\"@type\":\"EntryPoint\",\"urlTemplate\":\"https:\\\/\\\/www.talidesign.eu\\\/et\\\/?s={search_term_string}\"},\"query-input\":{\"@type\":\"PropertyValueSpecification\",\"valueRequired\":true,\"valueName\":\"search_term_string\"}}],\"inLanguage\":\"et\"}]}<\/script>\n<!-- \/ Yoast SEO plugin. -->","yoast_head_json":{"title":"24Bottles - Urban Bottle Ice White","description":"Avasta 24Bottles Urban joogipudel Passion Pink - vastupidav ja kerge roostevabast terasest veepudel. V\u00e4henda taara hulka ja tee keskkonnas\u00f5bralikum valik.","robots":{"index":"index","follow":"follow","max-snippet":"max-snippet:-1","max-image-preview":"max-image-preview:large","max-video-preview":"max-video-preview:-1"},"canonical":"https:\/\/www.talidesign.eu\/et\/pood\/toode\/24bottles-urban-joogipudel-passion-pink\/","og_locale":"et_EE","og_type":"article","og_title":"24Bottles - Urban Bottle Ice White","og_description":"Avasta 24Bottles Urban joogipudel Passion Pink - vastupidav ja kerge roostevabast terasest veepudel. V\u00e4henda taara hulka ja tee keskkonnas\u00f5bralikum valik.","og_url":"https:\/\/www.talidesign.eu\/et\/pood\/toode\/24bottles-urban-joogipudel-passion-pink\/","og_site_name":"TALI Concept Store","article_publisher":"https:\/\/www.facebook.com\/TaliDisain\/","article_modified_time":"2026-03-15T10:45:47+00:00","og_image":[{"width":768,"height":768,"url":"https:\/\/www.talidesign.eu\/wp\/wp-content\/uploads\/2022\/08\/676_01_518a86ca-9f4a-4861-a230-9e96b39281cc.jpg","type":"image\/jpeg"}],"twitter_card":"summary_large_image","twitter_misc":{"Est. reading time":"1 minute"},"schema":{"@context":"https:\/\/schema.org","@graph":[{"@type":"WebPage","@id":"https:\/\/www.talidesign.eu\/et\/pood\/toode\/24bottles-urban-joogipudel-passion-pink\/","url":"https:\/\/www.talidesign.eu\/et\/pood\/toode\/24bottles-urban-joogipudel-passion-pink\/","name":"24Bottles - Urban Bottle Ice White","isPartOf":{"@id":"https:\/\/www.talidesign.eu\/et\/#website"},"primaryImageOfPage":{"@id":"https:\/\/www.talidesign.eu\/et\/pood\/toode\/24bottles-urban-joogipudel-passion-pink\/#primaryimage"},"image":{"@id":"https:\/\/www.talidesign.eu\/et\/pood\/toode\/24bottles-urban-joogipudel-passion-pink\/#primaryimage"},"thumbnailUrl":"https:\/\/www.talidesign.eu\/wp\/wp-content\/uploads\/2022\/08\/676_01_518a86ca-9f4a-4861-a230-9e96b39281cc.jpg","datePublished":"2022-08-08T18:44:08+00:00","dateModified":"2026-03-15T10:45:47+00:00","description":"Avasta 24Bottles Urban joogipudel Passion Pink - vastupidav ja kerge roostevabast terasest veepudel. V\u00e4henda taara hulka ja tee keskkonnas\u00f5bralikum valik.","breadcrumb":{"@id":"https:\/\/www.talidesign.eu\/et\/pood\/toode\/24bottles-urban-joogipudel-passion-pink\/#breadcrumb"},"inLanguage":"et","potentialAction":[{"@type":"ReadAction","target":["https:\/\/www.talidesign.eu\/et\/pood\/toode\/24bottles-urban-joogipudel-passion-pink\/"]}]},{"@type":"ImageObject","inLanguage":"et","@id":"https:\/\/www.talidesign.eu\/et\/pood\/toode\/24bottles-urban-joogipudel-passion-pink\/#primaryimage","url":"https:\/\/www.talidesign.eu\/wp\/wp-content\/uploads\/2022\/08\/676_01_518a86ca-9f4a-4861-a230-9e96b39281cc.jpg","contentUrl":"https:\/\/www.talidesign.eu\/wp\/wp-content\/uploads\/2022\/08\/676_01_518a86ca-9f4a-4861-a230-9e96b39281cc.jpg","width":768,"height":768},{"@type":"BreadcrumbList","@id":"https:\/\/www.talidesign.eu\/et\/pood\/toode\/24bottles-urban-joogipudel-passion-pink\/#breadcrumb","itemListElement":[{"@type":"ListItem","position":1,"name":"Avaleht","item":"https:\/\/www.talidesign.eu\/et\/"},{"@type":"ListItem","position":2,"name":"Pood","item":"https:\/\/www.talidesign.eu\/et\/pood\/"},{"@type":"ListItem","position":3,"name":"24Bottles Urban joogipudel Passion Pink"}]},{"@type":"WebSite","@id":"https:\/\/www.talidesign.eu\/et\/#website","url":"https:\/\/www.talidesign.eu\/et\/","name":"TALI Concept Store","description":"Suurim Disainipood Eestis","potentialAction":[{"@type":"SearchAction","target":{"@type":"EntryPoint","urlTemplate":"https:\/\/www.talidesign.eu\/et\/?s={search_term_string}"},"query-input":{"@type":"PropertyValueSpecification","valueRequired":true,"valueName":"search_term_string"}}],"inLanguage":"et"}]}},"_links":{"self":[{"href":"https:\/\/www.talidesign.eu\/et\/wp-json\/wp\/v2\/product\/59866","targetHints":{"allow":["GET"]}}],"collection":[{"href":"https:\/\/www.talidesign.eu\/et\/wp-json\/wp\/v2\/product"}],"about":[{"href":"https:\/\/www.talidesign.eu\/et\/wp-json\/wp\/v2\/types\/product"}],"wp:featuredmedia":[{"embeddable":true,"href":"https:\/\/www.talidesign.eu\/et\/wp-json\/wp\/v2\/media\/59868"}],"wp:attachment":[{"href":"https:\/\/www.talidesign.eu\/et\/wp-json\/wp\/v2\/media?parent=59866"}],"wp:term":[{"taxonomy":"product_brand","embeddable":true,"href":"https:\/\/www.talidesign.eu\/et\/wp-json\/wp\/v2\/product_brand?post=59866"},{"taxonomy":"product_cat","embeddable":true,"href":"https:\/\/www.talidesign.eu\/et\/wp-json\/wp\/v2\/product_cat?post=59866"},{"taxonomy":"product_tag","embeddable":true,"href":"https:\/\/www.talidesign.eu\/et\/wp-json\/wp\/v2\/product_tag?post=59866"}],"curies":[{"name":"wp","href":"https:\/\/api.w.org\/{rel}","templated":true}]}}