{"id":60665,"date":"2022-08-31T11:28:56","date_gmt":"2022-08-31T08:28:56","guid":{"rendered":"https:\/\/www.talidesign.eu\/?post_type=product&#038;p=60665"},"modified":"2026-03-17T22:13:58","modified_gmt":"2026-03-17T20:13:58","slug":"kirju-mini-baguette-korvarongad-roosa-kuld","status":"publish","type":"product","link":"https:\/\/www.talidesign.eu\/et\/pood\/toode\/kirju-mini-baguette-korvarongad-roosa-kuld\/","title":{"rendered":"Kirju Mini Baguette k\u00f5rvar\u00f5ngad Roosa Kuld"},"content":{"rendered":"<p><strong>Mini Baguette k\u00f5rvar\u00f5ngad Roosa Kuld<\/strong><\/p>\n<p>\u2022 <a href=\"\/et\/tootekategooria\/brandid\/kirju-co-et\/\">Br\u00e4nd KIRJU.CO<\/a><br \/>\n\u2022 H\u00f5be 925 postiga k\u00f5rvar\u00f5ngad<br \/>\n\u2022 L\u00e4bipaistev Zirconia<br \/>\n\u2022 Kaetud roodiumiga v\u00f5i kullatud<br \/>\n\u2022 Suurus: 5 x 2mm<br \/>\n\u2022 Kinkekarbis<\/p>\n<p><strong>Hooldus<\/strong><\/p>\n<p>Parim vahend ehete puhastamiseks kodus on soe vesi. Puhastage ehted \u00f5rnatoimelise n\u00f5udepesuvahendi ja sooja vee lahuses. Loputage hoolikalt ja kuivatage pehme lapiga.<\/p>\n<p>Parima tulemuse saavutamiseks poleerige h\u00f5beehteid spetsiaalse ehete poleerimise lapiga.<\/p>\n<p><strong>Br\u00e4ndist<\/strong><\/p>\n<p>Eesti arhitekti poolt loodud br\u00e4nd KIRJU.CO on tuntud oma graafilise joone ning minimalistliku vormi t\u00f5ttu, sealjuures pidades v\u00e4ga oluliseks ka loomingu m\u00e4ngulisust. Juba 10 aastat tegutsenud br\u00e4nd on l\u00e4bi pidevalt uuenevate kollektsioonide s\u00e4ilitanud oma algsed loomamotiivid, millest on kujunenud KIRJU.CO firmam\u00e4rk. Lisaks kesksetele geomeetrilistele vormidele esinevad stiliseeritud taime- ja loomamotiivid paralleelselt paljudes kollektsioonides.<\/p>\n<p>KIRJU.CO tunnustab iga p\u00e4eva\u2026 iga hetke, v\u00e4\u00e4rtustab elu kergust ja imetleb selle kulgu. Streetwear br\u00e4ndina on k\u00f5ik meie tooted loodud kestma ning m\u00f5eldud igap\u00e4evaseks kandmiseks.<\/p>\n<p><a href=\"\/et\/tootekategooria\/brandid\/kirju-co-et\/\"><img loading=\"lazy\" decoding=\"async\" src=\"https:\/\/www.talidesign.eu\/wp\/wp-content\/uploads\/2021\/03\/logo-1.jpg\" alt=\"\" width=\"500\" height=\"100\" class=\"alignnone size-full wp-image-24054\" \/><\/a><\/p>\n","protected":false},"excerpt":{"rendered":"<p><strong>Mini Baguette k\u00f5rvar\u00f5ngad Roosa Kuld<\/strong><\/p>\n<p>\u2022 <a href=\"\/et\/tootekategooria\/brandid\/kirju-co-et\/\">Br\u00e4nd KIRJU.CO<\/a><br \/>\n\u2022 H\u00f5be 925 postiga k\u00f5rvar\u00f5ngad<br \/>\n\u2022 L\u00e4bipaistev Zirconia<br \/>\n\u2022 Kaetud roodiumiga v\u00f5i kullatud<br \/>\n\u2022 Suurus: 5 x 2mm<br \/>\n\u2022 Kinkekarbis<\/p>\n<p><strong>Hooldus<\/strong><\/p>\n<p>Parim vahend ehete puhastamiseks kodus on soe vesi. Puhastage ehted \u00f5rnatoimelise n\u00f5udepesuvahendi ja sooja vee lahuses. Loputage hoolikalt ja kuivatage pehme lapiga.<\/p>\n<p>Parima tulemuse saavutamiseks poleerige h\u00f5beehteid spetsiaalse ehete poleerimise lapiga.<\/p>\n<p><strong>Br\u00e4ndist<\/strong><\/p>\n<p>Eesti arhitekti poolt loodud br\u00e4nd KIRJU.CO on tuntud oma graafilise joone ning minimalistliku vormi t\u00f5ttu, sealjuures pidades v\u00e4ga oluliseks ka loomingu m\u00e4ngulisust. Juba 10 aastat tegutsenud br\u00e4nd on l\u00e4bi pidevalt uuenevate kollektsioonide s\u00e4ilitanud oma algsed loomamotiivid, millest on kujunenud KIRJU.CO firmam\u00e4rk. Lisaks kesksetele geomeetrilistele vormidele esinevad stiliseeritud taime- ja loomamotiivid paralleelselt paljudes kollektsioonides.<\/p>\n<p>KIRJU.CO tunnustab iga p\u00e4eva\u2026 iga hetke, v\u00e4\u00e4rtustab elu kergust ja imetleb selle kulgu. Streetwear br\u00e4ndina on k\u00f5ik meie tooted loodud kestma ning m\u00f5eldud igap\u00e4evaseks kandmiseks.<\/p>\n<p><a href=\"\/et\/tootekategooria\/brandid\/kirju-co-et\/\"><img loading=\"lazy\" decoding=\"async\" src=\"https:\/\/www.talidesign.eu\/wp\/wp-content\/uploads\/2021\/03\/logo-1.jpg\" alt=\"\" width=\"500\" height=\"100\" class=\"alignnone size-full wp-image-24054\" \/><\/a><\/p>\n","protected":false},"featured_media":60652,"template":"","meta":[],"product_brand":[],"product_cat":[1155,1054],"product_tag":[1254],"class_list":{"0":"post-60665","1":"product","2":"type-product","3":"status-publish","4":"has-post-thumbnail","6":"product_cat-hobekorvarongad","7":"product_cat-kirju-co-et","8":"product_tag-kirju-jewellery-et","10":"first","11":"instock","12":"featured","13":"taxable","14":"shipping-taxable","15":"purchasable","16":"product-type-simple"},"yoast_head":"<!-- This site is optimized with the Yoast SEO plugin v27.3 - https:\/\/yoast.com\/product\/yoast-seo-wordpress\/ -->\n<title>Kirju Mini Baguette k\u00f5rvar\u00f5ngad Roosa Kuld - TALI Concept Store<\/title>\n<meta name=\"description\" content=\"Avasta KIRJU.CO Roosa Kuld Mini Baguette k\u00f5rvar\u00f5ngad. Elegantne disain, kvaliteetne h\u00f5be ja kaunis Zirconia. Tutvu l\u00e4hemalt!\" \/>\n<meta name=\"robots\" content=\"index, follow, max-snippet:-1, max-image-preview:large, max-video-preview:-1\" \/>\n<link rel=\"canonical\" href=\"https:\/\/www.talidesign.eu\/et\/pood\/toode\/kirju-mini-baguette-korvarongad-roosa-kuld\/\" \/>\n<meta property=\"og:locale\" content=\"et_EE\" \/>\n<meta property=\"og:type\" content=\"article\" \/>\n<meta property=\"og:title\" content=\"Kirju Mini Baguette k\u00f5rvar\u00f5ngad Roosa Kuld - TALI Concept Store\" \/>\n<meta property=\"og:description\" content=\"Avasta KIRJU.CO Roosa Kuld Mini Baguette k\u00f5rvar\u00f5ngad. Elegantne disain, kvaliteetne h\u00f5be ja kaunis Zirconia. Tutvu l\u00e4hemalt!\" \/>\n<meta property=\"og:url\" content=\"https:\/\/www.talidesign.eu\/et\/pood\/toode\/kirju-mini-baguette-korvarongad-roosa-kuld\/\" \/>\n<meta property=\"og:site_name\" content=\"TALI Concept Store\" \/>\n<meta property=\"article:publisher\" content=\"https:\/\/www.facebook.com\/TaliDisain\/\" \/>\n<meta property=\"article:modified_time\" content=\"2026-03-17T20:13:58+00:00\" \/>\n<meta property=\"og:image\" content=\"https:\/\/www.talidesign.eu\/wp\/wp-content\/uploads\/2022\/08\/MINI_Baguette_Rose.jpg\" \/>\n\t<meta property=\"og:image:width\" content=\"2000\" \/>\n\t<meta property=\"og:image:height\" content=\"2000\" \/>\n\t<meta property=\"og:image:type\" content=\"image\/jpeg\" \/>\n<meta name=\"twitter:card\" content=\"summary_large_image\" \/>\n<meta name=\"twitter:label1\" content=\"Est. reading time\" \/>\n\t<meta name=\"twitter:data1\" content=\"1 minute\" \/>\n<script type=\"application\/ld+json\" class=\"yoast-schema-graph\">{\"@context\":\"https:\\\/\\\/schema.org\",\"@graph\":[{\"@type\":\"WebPage\",\"@id\":\"https:\\\/\\\/www.talidesign.eu\\\/et\\\/pood\\\/toode\\\/kirju-mini-baguette-korvarongad-roosa-kuld\\\/\",\"url\":\"https:\\\/\\\/www.talidesign.eu\\\/et\\\/pood\\\/toode\\\/kirju-mini-baguette-korvarongad-roosa-kuld\\\/\",\"name\":\"Kirju Mini Baguette k\u00f5rvar\u00f5ngad Roosa Kuld - TALI Concept Store\",\"isPartOf\":{\"@id\":\"https:\\\/\\\/www.talidesign.eu\\\/et\\\/#website\"},\"primaryImageOfPage\":{\"@id\":\"https:\\\/\\\/www.talidesign.eu\\\/et\\\/pood\\\/toode\\\/kirju-mini-baguette-korvarongad-roosa-kuld\\\/#primaryimage\"},\"image\":{\"@id\":\"https:\\\/\\\/www.talidesign.eu\\\/et\\\/pood\\\/toode\\\/kirju-mini-baguette-korvarongad-roosa-kuld\\\/#primaryimage\"},\"thumbnailUrl\":\"https:\\\/\\\/www.talidesign.eu\\\/wp\\\/wp-content\\\/uploads\\\/2022\\\/08\\\/MINI_Baguette_Rose.jpg\",\"datePublished\":\"2022-08-31T08:28:56+00:00\",\"dateModified\":\"2026-03-17T20:13:58+00:00\",\"description\":\"Avasta KIRJU.CO Roosa Kuld Mini Baguette k\u00f5rvar\u00f5ngad. Elegantne disain, kvaliteetne h\u00f5be ja kaunis Zirconia. Tutvu l\u00e4hemalt!\",\"breadcrumb\":{\"@id\":\"https:\\\/\\\/www.talidesign.eu\\\/et\\\/pood\\\/toode\\\/kirju-mini-baguette-korvarongad-roosa-kuld\\\/#breadcrumb\"},\"inLanguage\":\"et\",\"potentialAction\":[{\"@type\":\"ReadAction\",\"target\":[\"https:\\\/\\\/www.talidesign.eu\\\/et\\\/pood\\\/toode\\\/kirju-mini-baguette-korvarongad-roosa-kuld\\\/\"]}]},{\"@type\":\"ImageObject\",\"inLanguage\":\"et\",\"@id\":\"https:\\\/\\\/www.talidesign.eu\\\/et\\\/pood\\\/toode\\\/kirju-mini-baguette-korvarongad-roosa-kuld\\\/#primaryimage\",\"url\":\"https:\\\/\\\/www.talidesign.eu\\\/wp\\\/wp-content\\\/uploads\\\/2022\\\/08\\\/MINI_Baguette_Rose.jpg\",\"contentUrl\":\"https:\\\/\\\/www.talidesign.eu\\\/wp\\\/wp-content\\\/uploads\\\/2022\\\/08\\\/MINI_Baguette_Rose.jpg\",\"width\":2000,\"height\":2000},{\"@type\":\"BreadcrumbList\",\"@id\":\"https:\\\/\\\/www.talidesign.eu\\\/et\\\/pood\\\/toode\\\/kirju-mini-baguette-korvarongad-roosa-kuld\\\/#breadcrumb\",\"itemListElement\":[{\"@type\":\"ListItem\",\"position\":1,\"name\":\"Avaleht\",\"item\":\"https:\\\/\\\/www.talidesign.eu\\\/et\\\/\"},{\"@type\":\"ListItem\",\"position\":2,\"name\":\"Pood\",\"item\":\"https:\\\/\\\/www.talidesign.eu\\\/et\\\/pood\\\/\"},{\"@type\":\"ListItem\",\"position\":3,\"name\":\"Kirju Mini Baguette k\u00f5rvar\u00f5ngad Roosa Kuld\"}]},{\"@type\":\"WebSite\",\"@id\":\"https:\\\/\\\/www.talidesign.eu\\\/et\\\/#website\",\"url\":\"https:\\\/\\\/www.talidesign.eu\\\/et\\\/\",\"name\":\"TALI Concept Store\",\"description\":\"Suurim Disainipood Eestis\",\"potentialAction\":[{\"@type\":\"SearchAction\",\"target\":{\"@type\":\"EntryPoint\",\"urlTemplate\":\"https:\\\/\\\/www.talidesign.eu\\\/et\\\/?s={search_term_string}\"},\"query-input\":{\"@type\":\"PropertyValueSpecification\",\"valueRequired\":true,\"valueName\":\"search_term_string\"}}],\"inLanguage\":\"et\"}]}<\/script>\n<!-- \/ Yoast SEO plugin. -->","yoast_head_json":{"title":"Kirju Mini Baguette k\u00f5rvar\u00f5ngad Roosa Kuld - TALI Concept Store","description":"Avasta KIRJU.CO Roosa Kuld Mini Baguette k\u00f5rvar\u00f5ngad. Elegantne disain, kvaliteetne h\u00f5be ja kaunis Zirconia. Tutvu l\u00e4hemalt!","robots":{"index":"index","follow":"follow","max-snippet":"max-snippet:-1","max-image-preview":"max-image-preview:large","max-video-preview":"max-video-preview:-1"},"canonical":"https:\/\/www.talidesign.eu\/et\/pood\/toode\/kirju-mini-baguette-korvarongad-roosa-kuld\/","og_locale":"et_EE","og_type":"article","og_title":"Kirju Mini Baguette k\u00f5rvar\u00f5ngad Roosa Kuld - TALI Concept Store","og_description":"Avasta KIRJU.CO Roosa Kuld Mini Baguette k\u00f5rvar\u00f5ngad. Elegantne disain, kvaliteetne h\u00f5be ja kaunis Zirconia. Tutvu l\u00e4hemalt!","og_url":"https:\/\/www.talidesign.eu\/et\/pood\/toode\/kirju-mini-baguette-korvarongad-roosa-kuld\/","og_site_name":"TALI Concept Store","article_publisher":"https:\/\/www.facebook.com\/TaliDisain\/","article_modified_time":"2026-03-17T20:13:58+00:00","og_image":[{"width":2000,"height":2000,"url":"https:\/\/www.talidesign.eu\/wp\/wp-content\/uploads\/2022\/08\/MINI_Baguette_Rose.jpg","type":"image\/jpeg"}],"twitter_card":"summary_large_image","twitter_misc":{"Est. reading time":"1 minute"},"schema":{"@context":"https:\/\/schema.org","@graph":[{"@type":"WebPage","@id":"https:\/\/www.talidesign.eu\/et\/pood\/toode\/kirju-mini-baguette-korvarongad-roosa-kuld\/","url":"https:\/\/www.talidesign.eu\/et\/pood\/toode\/kirju-mini-baguette-korvarongad-roosa-kuld\/","name":"Kirju Mini Baguette k\u00f5rvar\u00f5ngad Roosa Kuld - TALI Concept Store","isPartOf":{"@id":"https:\/\/www.talidesign.eu\/et\/#website"},"primaryImageOfPage":{"@id":"https:\/\/www.talidesign.eu\/et\/pood\/toode\/kirju-mini-baguette-korvarongad-roosa-kuld\/#primaryimage"},"image":{"@id":"https:\/\/www.talidesign.eu\/et\/pood\/toode\/kirju-mini-baguette-korvarongad-roosa-kuld\/#primaryimage"},"thumbnailUrl":"https:\/\/www.talidesign.eu\/wp\/wp-content\/uploads\/2022\/08\/MINI_Baguette_Rose.jpg","datePublished":"2022-08-31T08:28:56+00:00","dateModified":"2026-03-17T20:13:58+00:00","description":"Avasta KIRJU.CO Roosa Kuld Mini Baguette k\u00f5rvar\u00f5ngad. Elegantne disain, kvaliteetne h\u00f5be ja kaunis Zirconia. Tutvu l\u00e4hemalt!","breadcrumb":{"@id":"https:\/\/www.talidesign.eu\/et\/pood\/toode\/kirju-mini-baguette-korvarongad-roosa-kuld\/#breadcrumb"},"inLanguage":"et","potentialAction":[{"@type":"ReadAction","target":["https:\/\/www.talidesign.eu\/et\/pood\/toode\/kirju-mini-baguette-korvarongad-roosa-kuld\/"]}]},{"@type":"ImageObject","inLanguage":"et","@id":"https:\/\/www.talidesign.eu\/et\/pood\/toode\/kirju-mini-baguette-korvarongad-roosa-kuld\/#primaryimage","url":"https:\/\/www.talidesign.eu\/wp\/wp-content\/uploads\/2022\/08\/MINI_Baguette_Rose.jpg","contentUrl":"https:\/\/www.talidesign.eu\/wp\/wp-content\/uploads\/2022\/08\/MINI_Baguette_Rose.jpg","width":2000,"height":2000},{"@type":"BreadcrumbList","@id":"https:\/\/www.talidesign.eu\/et\/pood\/toode\/kirju-mini-baguette-korvarongad-roosa-kuld\/#breadcrumb","itemListElement":[{"@type":"ListItem","position":1,"name":"Avaleht","item":"https:\/\/www.talidesign.eu\/et\/"},{"@type":"ListItem","position":2,"name":"Pood","item":"https:\/\/www.talidesign.eu\/et\/pood\/"},{"@type":"ListItem","position":3,"name":"Kirju Mini Baguette k\u00f5rvar\u00f5ngad Roosa Kuld"}]},{"@type":"WebSite","@id":"https:\/\/www.talidesign.eu\/et\/#website","url":"https:\/\/www.talidesign.eu\/et\/","name":"TALI Concept Store","description":"Suurim Disainipood Eestis","potentialAction":[{"@type":"SearchAction","target":{"@type":"EntryPoint","urlTemplate":"https:\/\/www.talidesign.eu\/et\/?s={search_term_string}"},"query-input":{"@type":"PropertyValueSpecification","valueRequired":true,"valueName":"search_term_string"}}],"inLanguage":"et"}]}},"_links":{"self":[{"href":"https:\/\/www.talidesign.eu\/et\/wp-json\/wp\/v2\/product\/60665","targetHints":{"allow":["GET"]}}],"collection":[{"href":"https:\/\/www.talidesign.eu\/et\/wp-json\/wp\/v2\/product"}],"about":[{"href":"https:\/\/www.talidesign.eu\/et\/wp-json\/wp\/v2\/types\/product"}],"wp:featuredmedia":[{"embeddable":true,"href":"https:\/\/www.talidesign.eu\/et\/wp-json\/wp\/v2\/media\/60652"}],"wp:attachment":[{"href":"https:\/\/www.talidesign.eu\/et\/wp-json\/wp\/v2\/media?parent=60665"}],"wp:term":[{"taxonomy":"product_brand","embeddable":true,"href":"https:\/\/www.talidesign.eu\/et\/wp-json\/wp\/v2\/product_brand?post=60665"},{"taxonomy":"product_cat","embeddable":true,"href":"https:\/\/www.talidesign.eu\/et\/wp-json\/wp\/v2\/product_cat?post=60665"},{"taxonomy":"product_tag","embeddable":true,"href":"https:\/\/www.talidesign.eu\/et\/wp-json\/wp\/v2\/product_tag?post=60665"}],"curies":[{"name":"wp","href":"https:\/\/api.w.org\/{rel}","templated":true}]}}