{"id":60761,"date":"2022-09-02T15:09:03","date_gmt":"2022-09-02T12:09:03","guid":{"rendered":"https:\/\/www.talidesign.eu\/?post_type=product&#038;p=60761"},"modified":"2026-03-17T15:43:22","modified_gmt":"2026-03-17T13:43:22","slug":"beslag-base-210-3-konksuga-nagi-matt-must-3m","status":"publish","type":"product","link":"https:\/\/www.talidesign.eu\/et\/pood\/toode\/beslag-base-210-3-konksuga-nagi-matt-must-3m\/","title":{"rendered":"Beslag Base 210 3 konksuga nagi Matt Must 3M"},"content":{"rendered":"<p><strong>Base 210 3 konksuga nagi Matt Must 3M<\/strong><\/p>\n<p>K\u00f5igil sarja Base &#038; Solid toodetel on isekleepuv tagak\u00fclg. Seega on neid lihtne paigaldada ilma auku puurimata. Valmistatud roostevabast terasest. <\/p>\n<p>Kinnitatakse p\u00fcsivatele siledatele pindadele, nagu keraamilised plaadid, lakitud v\u00f5i spoonitud plaadid jne. Toodet ei ole soovitatav paigaldada ebatasasele\/karedale pinnale, kus teip ei kinnitu t\u00e4ielikult, ega pindadele, mis v\u00f5ivad nihkuda (nt m\u00e4rgruumi tapeet). \u00c4sja plaaditud seinte korral tuleb pind p\u00f5hjalikult puhastada, et sellel ei oleks vuugij\u00e4\u00e4ke.<\/p>\n<p>K\u00fcsimuste korral pidage n\u00f5u spetsialistiga.<\/p>\n<p><strong>Paigaldusjuhised<\/strong><\/p>\n<p>\u2022 Puhastage aluspind p\u00f5hjalikult ja laske sel kuivada. (Puhastusvahendid ei tohi sisaldada \u00f5li.)<br \/>\n\u2022 Eemaldage kaitsekile.<br \/>\n\u2022 Paigaldage toode seinale, vajutades seda 10 sekundit vastu aluspinda.<br \/>\n\u2022 Parimate tulemuste saamiseks laske liimil 24 tundi kuivada.<\/p>\n<p>Toote puhastamiseks kasutage puhast niisket lappi.<\/p>\n<p>\u2022 Matt Must<br \/>\n\u2022 S\u00fcgavus: 33 mm, pikkus: 180 mm, laius: 45 mm<br \/>\n\u2022 Isekleepuv tagak\u00fclg 3M<br \/>\n\u2022 <a href=\"\/et\/tootekategooria\/brandid\/beslag-design-et\/\">Br\u00e4nd Beslag Design<\/a><\/p>\n<p><strong>Br\u00e4ndist<\/strong><\/p>\n<p>Beslag Design tegeleb sisekujunduse ja sisustusdetailidega. Nende \u00e4riidee on lihtne \u2013 t\u00f6\u00f6tada v\u00e4lja ja turustada uuenduslikke ja n\u00f5utud m\u00f6\u00f6bli- ja sisustustarvikuid. Ettev\u00f5te on 1972. aastast saadik pidevalt kasvanud ning praegu on sisustustoodete ja -tarvikute valdkonnas oma ala liider. <\/p>\n<p>Detailid, mis kaunistavad interj\u00f6\u00f6ri ja t\u00e4iendavad tervikpilti.<\/p>\n<p><a href=\"\/et\/tootekategooria\/brandid\/beslag-design-et\/\"><img loading=\"lazy\" decoding=\"async\" src=\"https:\/\/www.talidesign.eu\/wp\/wp-content\/uploads\/2021\/09\/logo.jpg\" alt=\"\" width=\"500\" height=\"100\" class=\"alignnone size-full wp-image-35595\" \/><\/a><\/p>\n","protected":false},"excerpt":{"rendered":"<p><strong>Base 210 3 konksuga nagi Matt Must 3M<\/strong><\/p>\n<p>K\u00f5igil sarja Base &#038; Solid toodetel on isekleepuv tagak\u00fclg. Seega on neid lihtne paigaldada ilma auku puurimata. Valmistatud roostevabast terasest. <\/p>\n<p>Kinnitatakse p\u00fcsivatele siledatele pindadele, nagu keraamilised plaadid, lakitud v\u00f5i spoonitud plaadid jne. Toodet ei ole soovitatav paigaldada ebatasasele\/karedale pinnale, kus teip ei kinnitu t\u00e4ielikult, ega pindadele, mis v\u00f5ivad nihkuda (nt m\u00e4rgruumi tapeet). \u00c4sja plaaditud seinte korral tuleb pind p\u00f5hjalikult puhastada, et sellel ei oleks vuugij\u00e4\u00e4ke.<\/p>\n<p>K\u00fcsimuste korral pidage n\u00f5u spetsialistiga.<\/p>\n<p><strong>Paigaldusjuhised<\/strong><\/p>\n<p>\u2022 Puhastage aluspind p\u00f5hjalikult ja laske sel kuivada. (Puhastusvahendid ei tohi sisaldada \u00f5li.)<br \/>\n\u2022 Eemaldage kaitsekile.<br \/>\n\u2022 Paigaldage toode seinale, vajutades seda 10 sekundit vastu aluspinda.<br \/>\n\u2022 Parimate tulemuste saamiseks laske liimil 24 tundi kuivada.<\/p>\n<p>Toote puhastamiseks kasutage puhast niisket lappi.<\/p>\n<p>\u2022 Matt Must<br \/>\n\u2022 S\u00fcgavus: 33 mm, pikkus: 180 mm, laius: 45 mm<br \/>\n\u2022 Isekleepuv tagak\u00fclg 3M<br \/>\n\u2022 <a href=\"\/et\/tootekategooria\/brandid\/beslag-design-et\/\">Br\u00e4nd Beslag Design<\/a><\/p>\n<p><strong>Br\u00e4ndist<\/strong><\/p>\n<p>Beslag Design tegeleb sisekujunduse ja sisustusdetailidega. Nende \u00e4riidee on lihtne \u2013 t\u00f6\u00f6tada v\u00e4lja ja turustada uuenduslikke ja n\u00f5utud m\u00f6\u00f6bli- ja sisustustarvikuid. Ettev\u00f5te on 1972. aastast saadik pidevalt kasvanud ning praegu on sisustustoodete ja -tarvikute valdkonnas oma ala liider. <\/p>\n<p>Detailid, mis kaunistavad interj\u00f6\u00f6ri ja t\u00e4iendavad tervikpilti.<\/p>\n<p><a href=\"\/et\/tootekategooria\/brandid\/beslag-design-et\/\"><img loading=\"lazy\" decoding=\"async\" src=\"https:\/\/www.talidesign.eu\/wp\/wp-content\/uploads\/2021\/09\/logo.jpg\" alt=\"\" width=\"500\" height=\"100\" class=\"alignnone size-full wp-image-35595\" \/><\/a><\/p>\n","protected":false},"featured_media":60763,"template":"","meta":[],"product_brand":[],"product_cat":[2876,1038,1026,1031,1018,1106,1100],"product_tag":[1290],"class_list":{"0":"post-60761","1":"product","2":"type-product","3":"status-publish","4":"has-post-thumbnail","6":"product_cat-3m-kleebisega-tooted","7":"product_cat-beslag-design-et","8":"product_cat-brandid","9":"product_cat-hoiustamine","10":"product_cat-kodu","11":"product_cat-konksud-nagid","12":"product_cat-vannituba","13":"product_tag-beslag-et","15":"first","16":"instock","17":"taxable","18":"shipping-taxable","19":"purchasable","20":"product-type-simple"},"yoast_head":"<!-- This site is optimized with the Yoast SEO plugin v27.3 - https:\/\/yoast.com\/product\/yoast-seo-wordpress\/ -->\n<title>Beslag Base 210 3 konksuga nagi Matt Must 3M - TALI Concept Store<\/title>\n<meta name=\"robots\" content=\"index, follow, max-snippet:-1, max-image-preview:large, max-video-preview:-1\" \/>\n<link rel=\"canonical\" href=\"https:\/\/www.talidesign.eu\/et\/pood\/toode\/beslag-base-210-3-konksuga-nagi-matt-must-3m\/\" \/>\n<meta property=\"og:locale\" content=\"et_EE\" \/>\n<meta property=\"og:type\" content=\"article\" \/>\n<meta property=\"og:title\" content=\"Beslag Base 210 3 konksuga nagi Matt Must 3M - TALI Concept Store\" \/>\n<meta property=\"og:description\" content=\"Base 210 3 konksuga nagi Matt Must 3M  K\u00f5igil sarja Base &amp; Solid toodetel on isekleepuv tagak\u00fclg. Seega on neid lihtne paigaldada ilma auku puurimata. Valmistatud roostevabast terasest.   Kinnitatakse p\u00fcsivatele siledatele pindadele, nagu keraamilised plaadid, lakitud v\u00f5i spoonitud plaadid jne. Toodet ei ole soovitatav paigaldada ebatasasele\/karedale pinnale, kus teip ei kinnitu t\u00e4ielikult, ega pindadele, mis v\u00f5ivad nihkuda (nt m\u00e4rgruumi tapeet). \u00c4sja plaaditud seinte korral tuleb pind p\u00f5hjalikult puhastada, et sellel ei oleks vuugij\u00e4\u00e4ke.  K\u00fcsimuste korral pidage n\u00f5u spetsialistiga.  Paigaldusjuhised  \u2022 Puhastage aluspind p\u00f5hjalikult ja laske sel kuivada. (Puhastusvahendid ei tohi sisaldada \u00f5li.) \u2022 Eemaldage kaitsekile. \u2022 Paigaldage toode seinale, vajutades seda 10 sekundit vastu aluspinda. \u2022 Parimate tulemuste saamiseks laske liimil 24 tundi kuivada.  Toote puhastamiseks kasutage puhast niisket lappi.  \u2022 Matt Must \u2022 S\u00fcgavus: 33 mm, pikkus: 180 mm, laius: 45 mm  \u2022 Isekleepuv tagak\u00fclg 3M \u2022 Br\u00e4nd Beslag Design  Br\u00e4ndist  Beslag Design tegeleb sisekujunduse ja sisustusdetailidega. Nende \u00e4riidee on lihtne \u2013 t\u00f6\u00f6tada v\u00e4lja ja turustada uuenduslikke ja n\u00f5utud m\u00f6\u00f6bli- ja sisustustarvikuid. Ettev\u00f5te on 1972. aastast saadik pidevalt kasvanud ning praegu on sisustustoodete ja -tarvikute valdkonnas oma ala liider.   Detailid, mis kaunistavad interj\u00f6\u00f6ri ja t\u00e4iendavad tervikpilti.\" \/>\n<meta property=\"og:url\" content=\"https:\/\/www.talidesign.eu\/et\/pood\/toode\/beslag-base-210-3-konksuga-nagi-matt-must-3m\/\" \/>\n<meta property=\"og:site_name\" content=\"TALI Concept Store\" \/>\n<meta property=\"article:publisher\" content=\"https:\/\/www.facebook.com\/TaliDisain\/\" \/>\n<meta property=\"article:modified_time\" content=\"2026-03-17T13:43:22+00:00\" \/>\n<meta property=\"og:image\" content=\"https:\/\/www.talidesign.eu\/wp\/wp-content\/uploads\/2022\/09\/61420-21.jpg\" \/>\n\t<meta property=\"og:image:width\" content=\"768\" \/>\n\t<meta property=\"og:image:height\" content=\"768\" \/>\n\t<meta property=\"og:image:type\" content=\"image\/jpeg\" \/>\n<meta name=\"twitter:card\" content=\"summary_large_image\" \/>\n<meta name=\"twitter:label1\" content=\"Est. reading time\" \/>\n\t<meta name=\"twitter:data1\" content=\"2 minutes\" \/>\n<script type=\"application\/ld+json\" class=\"yoast-schema-graph\">{\"@context\":\"https:\\\/\\\/schema.org\",\"@graph\":[{\"@type\":\"WebPage\",\"@id\":\"https:\\\/\\\/www.talidesign.eu\\\/et\\\/pood\\\/toode\\\/beslag-base-210-3-konksuga-nagi-matt-must-3m\\\/\",\"url\":\"https:\\\/\\\/www.talidesign.eu\\\/et\\\/pood\\\/toode\\\/beslag-base-210-3-konksuga-nagi-matt-must-3m\\\/\",\"name\":\"Beslag Base 210 3 konksuga nagi Matt Must 3M - TALI Concept Store\",\"isPartOf\":{\"@id\":\"https:\\\/\\\/www.talidesign.eu\\\/et\\\/#website\"},\"primaryImageOfPage\":{\"@id\":\"https:\\\/\\\/www.talidesign.eu\\\/et\\\/pood\\\/toode\\\/beslag-base-210-3-konksuga-nagi-matt-must-3m\\\/#primaryimage\"},\"image\":{\"@id\":\"https:\\\/\\\/www.talidesign.eu\\\/et\\\/pood\\\/toode\\\/beslag-base-210-3-konksuga-nagi-matt-must-3m\\\/#primaryimage\"},\"thumbnailUrl\":\"https:\\\/\\\/www.talidesign.eu\\\/wp\\\/wp-content\\\/uploads\\\/2022\\\/09\\\/61420-21.jpg\",\"datePublished\":\"2022-09-02T12:09:03+00:00\",\"dateModified\":\"2026-03-17T13:43:22+00:00\",\"breadcrumb\":{\"@id\":\"https:\\\/\\\/www.talidesign.eu\\\/et\\\/pood\\\/toode\\\/beslag-base-210-3-konksuga-nagi-matt-must-3m\\\/#breadcrumb\"},\"inLanguage\":\"et\",\"potentialAction\":[{\"@type\":\"ReadAction\",\"target\":[\"https:\\\/\\\/www.talidesign.eu\\\/et\\\/pood\\\/toode\\\/beslag-base-210-3-konksuga-nagi-matt-must-3m\\\/\"]}]},{\"@type\":\"ImageObject\",\"inLanguage\":\"et\",\"@id\":\"https:\\\/\\\/www.talidesign.eu\\\/et\\\/pood\\\/toode\\\/beslag-base-210-3-konksuga-nagi-matt-must-3m\\\/#primaryimage\",\"url\":\"https:\\\/\\\/www.talidesign.eu\\\/wp\\\/wp-content\\\/uploads\\\/2022\\\/09\\\/61420-21.jpg\",\"contentUrl\":\"https:\\\/\\\/www.talidesign.eu\\\/wp\\\/wp-content\\\/uploads\\\/2022\\\/09\\\/61420-21.jpg\",\"width\":768,\"height\":768},{\"@type\":\"BreadcrumbList\",\"@id\":\"https:\\\/\\\/www.talidesign.eu\\\/et\\\/pood\\\/toode\\\/beslag-base-210-3-konksuga-nagi-matt-must-3m\\\/#breadcrumb\",\"itemListElement\":[{\"@type\":\"ListItem\",\"position\":1,\"name\":\"Avaleht\",\"item\":\"https:\\\/\\\/www.talidesign.eu\\\/et\\\/\"},{\"@type\":\"ListItem\",\"position\":2,\"name\":\"Pood\",\"item\":\"https:\\\/\\\/www.talidesign.eu\\\/et\\\/pood\\\/\"},{\"@type\":\"ListItem\",\"position\":3,\"name\":\"Beslag Base 210 3 konksuga nagi Matt Must 3M\"}]},{\"@type\":\"WebSite\",\"@id\":\"https:\\\/\\\/www.talidesign.eu\\\/et\\\/#website\",\"url\":\"https:\\\/\\\/www.talidesign.eu\\\/et\\\/\",\"name\":\"TALI Concept Store\",\"description\":\"Suurim Disainipood Eestis\",\"potentialAction\":[{\"@type\":\"SearchAction\",\"target\":{\"@type\":\"EntryPoint\",\"urlTemplate\":\"https:\\\/\\\/www.talidesign.eu\\\/et\\\/?s={search_term_string}\"},\"query-input\":{\"@type\":\"PropertyValueSpecification\",\"valueRequired\":true,\"valueName\":\"search_term_string\"}}],\"inLanguage\":\"et\"}]}<\/script>\n<!-- \/ Yoast SEO plugin. -->","yoast_head_json":{"title":"Beslag Base 210 3 konksuga nagi Matt Must 3M - TALI Concept Store","robots":{"index":"index","follow":"follow","max-snippet":"max-snippet:-1","max-image-preview":"max-image-preview:large","max-video-preview":"max-video-preview:-1"},"canonical":"https:\/\/www.talidesign.eu\/et\/pood\/toode\/beslag-base-210-3-konksuga-nagi-matt-must-3m\/","og_locale":"et_EE","og_type":"article","og_title":"Beslag Base 210 3 konksuga nagi Matt Must 3M - TALI Concept Store","og_description":"Base 210 3 konksuga nagi Matt Must 3M  K\u00f5igil sarja Base & Solid toodetel on isekleepuv tagak\u00fclg. Seega on neid lihtne paigaldada ilma auku puurimata. Valmistatud roostevabast terasest.   Kinnitatakse p\u00fcsivatele siledatele pindadele, nagu keraamilised plaadid, lakitud v\u00f5i spoonitud plaadid jne. Toodet ei ole soovitatav paigaldada ebatasasele\/karedale pinnale, kus teip ei kinnitu t\u00e4ielikult, ega pindadele, mis v\u00f5ivad nihkuda (nt m\u00e4rgruumi tapeet). \u00c4sja plaaditud seinte korral tuleb pind p\u00f5hjalikult puhastada, et sellel ei oleks vuugij\u00e4\u00e4ke.  K\u00fcsimuste korral pidage n\u00f5u spetsialistiga.  Paigaldusjuhised  \u2022 Puhastage aluspind p\u00f5hjalikult ja laske sel kuivada. (Puhastusvahendid ei tohi sisaldada \u00f5li.) \u2022 Eemaldage kaitsekile. \u2022 Paigaldage toode seinale, vajutades seda 10 sekundit vastu aluspinda. \u2022 Parimate tulemuste saamiseks laske liimil 24 tundi kuivada.  Toote puhastamiseks kasutage puhast niisket lappi.  \u2022 Matt Must \u2022 S\u00fcgavus: 33 mm, pikkus: 180 mm, laius: 45 mm  \u2022 Isekleepuv tagak\u00fclg 3M \u2022 Br\u00e4nd Beslag Design  Br\u00e4ndist  Beslag Design tegeleb sisekujunduse ja sisustusdetailidega. Nende \u00e4riidee on lihtne \u2013 t\u00f6\u00f6tada v\u00e4lja ja turustada uuenduslikke ja n\u00f5utud m\u00f6\u00f6bli- ja sisustustarvikuid. Ettev\u00f5te on 1972. aastast saadik pidevalt kasvanud ning praegu on sisustustoodete ja -tarvikute valdkonnas oma ala liider.   Detailid, mis kaunistavad interj\u00f6\u00f6ri ja t\u00e4iendavad tervikpilti.","og_url":"https:\/\/www.talidesign.eu\/et\/pood\/toode\/beslag-base-210-3-konksuga-nagi-matt-must-3m\/","og_site_name":"TALI Concept Store","article_publisher":"https:\/\/www.facebook.com\/TaliDisain\/","article_modified_time":"2026-03-17T13:43:22+00:00","og_image":[{"width":768,"height":768,"url":"https:\/\/www.talidesign.eu\/wp\/wp-content\/uploads\/2022\/09\/61420-21.jpg","type":"image\/jpeg"}],"twitter_card":"summary_large_image","twitter_misc":{"Est. reading time":"2 minutes"},"schema":{"@context":"https:\/\/schema.org","@graph":[{"@type":"WebPage","@id":"https:\/\/www.talidesign.eu\/et\/pood\/toode\/beslag-base-210-3-konksuga-nagi-matt-must-3m\/","url":"https:\/\/www.talidesign.eu\/et\/pood\/toode\/beslag-base-210-3-konksuga-nagi-matt-must-3m\/","name":"Beslag Base 210 3 konksuga nagi Matt Must 3M - TALI Concept Store","isPartOf":{"@id":"https:\/\/www.talidesign.eu\/et\/#website"},"primaryImageOfPage":{"@id":"https:\/\/www.talidesign.eu\/et\/pood\/toode\/beslag-base-210-3-konksuga-nagi-matt-must-3m\/#primaryimage"},"image":{"@id":"https:\/\/www.talidesign.eu\/et\/pood\/toode\/beslag-base-210-3-konksuga-nagi-matt-must-3m\/#primaryimage"},"thumbnailUrl":"https:\/\/www.talidesign.eu\/wp\/wp-content\/uploads\/2022\/09\/61420-21.jpg","datePublished":"2022-09-02T12:09:03+00:00","dateModified":"2026-03-17T13:43:22+00:00","breadcrumb":{"@id":"https:\/\/www.talidesign.eu\/et\/pood\/toode\/beslag-base-210-3-konksuga-nagi-matt-must-3m\/#breadcrumb"},"inLanguage":"et","potentialAction":[{"@type":"ReadAction","target":["https:\/\/www.talidesign.eu\/et\/pood\/toode\/beslag-base-210-3-konksuga-nagi-matt-must-3m\/"]}]},{"@type":"ImageObject","inLanguage":"et","@id":"https:\/\/www.talidesign.eu\/et\/pood\/toode\/beslag-base-210-3-konksuga-nagi-matt-must-3m\/#primaryimage","url":"https:\/\/www.talidesign.eu\/wp\/wp-content\/uploads\/2022\/09\/61420-21.jpg","contentUrl":"https:\/\/www.talidesign.eu\/wp\/wp-content\/uploads\/2022\/09\/61420-21.jpg","width":768,"height":768},{"@type":"BreadcrumbList","@id":"https:\/\/www.talidesign.eu\/et\/pood\/toode\/beslag-base-210-3-konksuga-nagi-matt-must-3m\/#breadcrumb","itemListElement":[{"@type":"ListItem","position":1,"name":"Avaleht","item":"https:\/\/www.talidesign.eu\/et\/"},{"@type":"ListItem","position":2,"name":"Pood","item":"https:\/\/www.talidesign.eu\/et\/pood\/"},{"@type":"ListItem","position":3,"name":"Beslag Base 210 3 konksuga nagi Matt Must 3M"}]},{"@type":"WebSite","@id":"https:\/\/www.talidesign.eu\/et\/#website","url":"https:\/\/www.talidesign.eu\/et\/","name":"TALI Concept Store","description":"Suurim Disainipood Eestis","potentialAction":[{"@type":"SearchAction","target":{"@type":"EntryPoint","urlTemplate":"https:\/\/www.talidesign.eu\/et\/?s={search_term_string}"},"query-input":{"@type":"PropertyValueSpecification","valueRequired":true,"valueName":"search_term_string"}}],"inLanguage":"et"}]}},"_links":{"self":[{"href":"https:\/\/www.talidesign.eu\/et\/wp-json\/wp\/v2\/product\/60761","targetHints":{"allow":["GET"]}}],"collection":[{"href":"https:\/\/www.talidesign.eu\/et\/wp-json\/wp\/v2\/product"}],"about":[{"href":"https:\/\/www.talidesign.eu\/et\/wp-json\/wp\/v2\/types\/product"}],"wp:featuredmedia":[{"embeddable":true,"href":"https:\/\/www.talidesign.eu\/et\/wp-json\/wp\/v2\/media\/60763"}],"wp:attachment":[{"href":"https:\/\/www.talidesign.eu\/et\/wp-json\/wp\/v2\/media?parent=60761"}],"wp:term":[{"taxonomy":"product_brand","embeddable":true,"href":"https:\/\/www.talidesign.eu\/et\/wp-json\/wp\/v2\/product_brand?post=60761"},{"taxonomy":"product_cat","embeddable":true,"href":"https:\/\/www.talidesign.eu\/et\/wp-json\/wp\/v2\/product_cat?post=60761"},{"taxonomy":"product_tag","embeddable":true,"href":"https:\/\/www.talidesign.eu\/et\/wp-json\/wp\/v2\/product_tag?post=60761"}],"curies":[{"name":"wp","href":"https:\/\/api.w.org\/{rel}","templated":true}]}}